{"id":20364,"date":"2025-08-25T17:38:07","date_gmt":"2025-08-25T14:38:07","guid":{"rendered":"https:\/\/skaitytaknyga.lt\/?post_type=product&#038;p=20364"},"modified":"2025-09-06T11:47:48","modified_gmt":"2025-09-06T08:47:48","slug":"eilerascio-skaitymas","status":"publish","type":"product","link":"https:\/\/skaitytaknyga.lt\/en\/produktas\/eilerascio-skaitymas\/","title":{"rendered":"Eil\u0117ra\u0161\u010dio skaitymas"},"content":{"rendered":"<p>Mokytojams ir vyresni\u0173j\u0173 klasi\u0173 mokiniams skiriamoje knygoje nepateikiama vienos grie\u017etos eil\u0117ra\u0161\u010dio skaitymo metodikos ar b\u016bdo. Kiekvienas skyrius pristato vis kit\u0105 aspekt\u0105. Bet juo nesiriboja \u2013 eil\u0117ra\u0161tis bandomas perskaityti ir tuo pagrindiniu aspektu, ir papildomas kitais, kad i\u0161ry\u0161k\u0117t\u0173 visa k\u016brinio s\u0105ranga, gro\u017eis ir prasm\u0117. Eil\u0117ra\u0161\u010dio nagrin\u0117jimo procesui pasirenkamas skaitymo terminas, kuris i\u0161rei\u0161kia kiekvieno m\u016bs\u0173 santyk\u012f su tekstu ir to teksto supratimo lyg\u012f: kaip a\u0161 sugebu perskaityti tekst\u0105, k\u0105 jame randu.<\/p>\n","protected":false},"excerpt":{"rendered":"<p>Mokytojams ir vyresni\u0173j\u0173 klasi\u0173 mokiniams skiriamoje knygoje nepateikiama vienos grie\u017etos eil\u0117ra\u0161\u010dio skaitymo metodikos ar b\u016bdo. Kiekvienas skyrius pristato vis kit\u0105 aspekt\u0105. Bet juo nesiriboja \u2013 eil\u0117ra\u0161tis bandomas perskaityti ir tuo pagrindiniu aspektu, ir papildomas kitais, kad i\u0161ry\u0161k\u0117t\u0173 visa k\u016brinio s\u0105ranga, gro\u017eis ir prasm\u0117. Eil\u0117ra\u0161\u010dio nagrin\u0117jimo procesui pasirenkamas skaitymo terminas, kuris i\u0161rei\u0161kia kiekvieno m\u016bs\u0173 santyk\u012f su tekstu ir to teksto supratimo lyg\u012f: kaip a\u0161 sugebu perskaityti tekst\u0105, k\u0105 jame randu.<\/p>\n","protected":false},"featured_media":20372,"comment_status":"open","ping_status":"closed","template":"","meta":{"_acf_changed":false,"site-sidebar-layout":"default","site-content-layout":"","ast-site-content-layout":"default","site-content-style":"default","site-sidebar-style":"default","ast-global-header-display":"","ast-banner-title-visibility":"","ast-main-header-display":"","ast-hfb-above-header-display":"","ast-hfb-below-header-display":"","ast-hfb-mobile-header-display":"","site-post-title":"","ast-breadcrumbs-content":"","ast-featured-img":"","footer-sml-layout":"","ast-disable-related-posts":"","theme-transparent-header-meta":"","adv-header-id-meta":"","stick-header-meta":"","header-above-stick-meta":"","header-main-stick-meta":"","header-below-stick-meta":"","astra-migrate-meta-layouts":"default","ast-page-background-enabled":"default","ast-page-background-meta":{"desktop":{"background-color":"","background-image":"","background-repeat":"repeat","background-position":"center center","background-size":"auto","background-attachment":"scroll","background-type":"","background-media":"","overlay-type":"","overlay-color":"","overlay-opacity":"","overlay-gradient":""},"tablet":{"background-color":"","background-image":"","background-repeat":"repeat","background-position":"center center","background-size":"auto","background-attachment":"scroll","background-type":"","background-media":"","overlay-type":"","overlay-color":"","overlay-opacity":"","overlay-gradient":""},"mobile":{"background-color":"","background-image":"","background-repeat":"repeat","background-position":"center center","background-size":"auto","background-attachment":"scroll","background-type":"","background-media":"","overlay-type":"","overlay-color":"","overlay-opacity":"","overlay-gradient":""}},"ast-content-background-meta":{"desktop":{"background-color":"var(--ast-global-color-4)","background-image":"","background-repeat":"repeat","background-position":"center center","background-size":"auto","background-attachment":"scroll","background-type":"","background-media":"","overlay-type":"","overlay-color":"","overlay-opacity":"","overlay-gradient":""},"tablet":{"background-color":"var(--ast-global-color-4)","background-image":"","background-repeat":"repeat","background-position":"center center","background-size":"auto","background-attachment":"scroll","background-type":"","background-media":"","overlay-type":"","overlay-color":"","overlay-opacity":"","overlay-gradient":""},"mobile":{"background-color":"var(--ast-global-color-4)","background-image":"","background-repeat":"repeat","background-position":"center center","background-size":"auto","background-attachment":"scroll","background-type":"","background-media":"","overlay-type":"","overlay-color":"","overlay-opacity":"","overlay-gradient":""}}},"product_brand":[],"product_cat":[15],"product_tag":[4121,1492,2350,5812,7863],"class_list":{"0":"post-20364","1":"product","2":"type-product","3":"status-publish","4":"has-post-thumbnail","6":"product_cat-uncategorized","7":"product_tag-analize","8":"product_tag-literatura","9":"product_tag-mokymas","10":"product_tag-pedagogika","11":"product_tag-rita-tutlyte-eilerasciai","12":"desktop-align-left","13":"tablet-align-left","14":"mobile-align-left","16":"first","17":"instock","18":"shipping-taxable","19":"purchasable","20":"product-type-simple"},"acf":[],"yoast_head":"<!-- This site is optimized with the Yoast SEO plugin v27.0 - https:\/\/yoast.com\/product\/yoast-seo-wordpress\/ -->\n<title>Eil\u0117ra\u0161\u010dio skaitymas<\/title>\n<meta name=\"description\" content=\"Mokytojams ir vyresni\u0173j\u0173 klasi\u0173 mokiniams skiriamoje knygoje nepateikiama vienos grie\u017etos eil\u0117ra\u0161\u010dio skaitymo metodikos ar b\u016bdo. Kiekvienas skyrius\" \/>\n<meta name=\"robots\" content=\"index, follow, max-snippet:-1, max-image-preview:large, max-video-preview:-1\" \/>\n<link rel=\"canonical\" href=\"https:\/\/skaitytaknyga.lt\/en\/produktas\/eilerascio-skaitymas\/\" \/>\n<meta property=\"og:locale\" content=\"en_GB\" \/>\n<meta property=\"og:locale:alternate\" content=\"lt_LT\" \/>\n<meta property=\"og:type\" content=\"article\" \/>\n<meta property=\"og:title\" content=\"Eil\u0117ra\u0161\u010dio skaitymas\" \/>\n<meta property=\"og:description\" content=\"Mokytojams ir vyresni\u0173j\u0173 klasi\u0173 mokiniams skiriamoje knygoje nepateikiama vienos grie\u017etos eil\u0117ra\u0161\u010dio skaitymo metodikos ar b\u016bdo. Kiekvienas skyrius\" \/>\n<meta property=\"og:url\" content=\"https:\/\/skaitytaknyga.lt\/en\/produktas\/eilerascio-skaitymas\/\" \/>\n<meta property=\"og:site_name\" content=\"Skaitytaknyga\" \/>\n<meta property=\"article:publisher\" content=\"https:\/\/www.facebook.com\/skaitytaknyga\/\" \/>\n<meta property=\"article:modified_time\" content=\"2025-09-06T08:47:48+00:00\" \/>\n<meta property=\"og:image\" content=\"https:\/\/skaitytaknyga.lt\/wp-content\/uploads\/2025\/08\/Eilerascio-skaitymas-1.webp\" \/>\n\t<meta property=\"og:image:width\" content=\"345\" \/>\n\t<meta property=\"og:image:height\" content=\"470\" \/>\n\t<meta property=\"og:image:type\" content=\"image\/webp\" \/>\n<meta name=\"twitter:card\" content=\"summary_large_image\" \/>\n<script type=\"application\/ld+json\" class=\"yoast-schema-graph\">{\"@context\":\"https:\/\/schema.org\",\"@graph\":[{\"@type\":\"WebPage\",\"@id\":\"https:\/\/skaitytaknyga.lt\/produktas\/eilerascio-skaitymas\/\",\"url\":\"https:\/\/skaitytaknyga.lt\/produktas\/eilerascio-skaitymas\/\",\"name\":\"Eil\u0117ra\u0161\u010dio skaitymas\",\"isPartOf\":{\"@id\":\"https:\/\/skaitytaknyga.lt\/#website\"},\"primaryImageOfPage\":{\"@id\":\"https:\/\/skaitytaknyga.lt\/produktas\/eilerascio-skaitymas\/#primaryimage\"},\"image\":{\"@id\":\"https:\/\/skaitytaknyga.lt\/produktas\/eilerascio-skaitymas\/#primaryimage\"},\"thumbnailUrl\":\"https:\/\/skaitytaknyga.lt\/wp-content\/uploads\/2025\/08\/Eilerascio-skaitymas-1.webp\",\"datePublished\":\"2025-08-25T14:38:07+00:00\",\"dateModified\":\"2025-09-06T08:47:48+00:00\",\"description\":\"Mokytojams ir vyresni\u0173j\u0173 klasi\u0173 mokiniams skiriamoje knygoje nepateikiama vienos grie\u017etos eil\u0117ra\u0161\u010dio skaitymo metodikos ar b\u016bdo. Kiekvienas skyrius\",\"breadcrumb\":{\"@id\":\"https:\/\/skaitytaknyga.lt\/produktas\/eilerascio-skaitymas\/#breadcrumb\"},\"inLanguage\":\"en-GB\",\"potentialAction\":[{\"@type\":\"ReadAction\",\"target\":[\"https:\/\/skaitytaknyga.lt\/produktas\/eilerascio-skaitymas\/\"]}]},{\"@type\":\"ImageObject\",\"inLanguage\":\"en-GB\",\"@id\":\"https:\/\/skaitytaknyga.lt\/produktas\/eilerascio-skaitymas\/#primaryimage\",\"url\":\"https:\/\/skaitytaknyga.lt\/wp-content\/uploads\/2025\/08\/Eilerascio-skaitymas-1.webp\",\"contentUrl\":\"https:\/\/skaitytaknyga.lt\/wp-content\/uploads\/2025\/08\/Eilerascio-skaitymas-1.webp\",\"width\":345,\"height\":470,\"caption\":\"Eil\u0117ra\u0161\u010dio skaitymas\"},{\"@type\":\"BreadcrumbList\",\"@id\":\"https:\/\/skaitytaknyga.lt\/produktas\/eilerascio-skaitymas\/#breadcrumb\",\"itemListElement\":[{\"@type\":\"ListItem\",\"position\":1,\"name\":\"Home\",\"item\":\"https:\/\/skaitytaknyga.lt\/\"},{\"@type\":\"ListItem\",\"position\":2,\"name\":\"Parduotuv\u0117\",\"item\":\"https:\/\/skaitytaknyga.lt\/knygu-parduotuve\/\"},{\"@type\":\"ListItem\",\"position\":3,\"name\":\"Eil\u0117ra\u0161\u010dio skaitymas\"}]},{\"@type\":\"WebSite\",\"@id\":\"https:\/\/skaitytaknyga.lt\/#website\",\"url\":\"https:\/\/skaitytaknyga.lt\/\",\"name\":\"skaitytaknyga.lt\",\"description\":\"Skaitytaknyga.lt \u2013 tai ma\u017eas \u0161eimos verslas, kuris prasid\u0117jo nuo meil\u0117s knygoms ir siekio i\u0161gelb\u0117ti knygas nuo likimo prie konteinerio. Kas vienam nereikalingas daiktas \u2013 kitam lobis, o mes esame tarpininkai, kurie padeda abiems tapti laimingesniems ???? \u017dinome kaip nelengva i\u0161gyventi ma\u017eiems verslams, tad nuo \u0161iol, \u010dia rasite ir kit\u0173, ma\u017e\u0173 \u0161eim\u0173 versl\u0173, rank\u0173 darbo, dovan\u0173 sau ir artimiesiems.\",\"publisher\":{\"@id\":\"https:\/\/skaitytaknyga.lt\/#organization\"},\"potentialAction\":[{\"@type\":\"SearchAction\",\"target\":{\"@type\":\"EntryPoint\",\"urlTemplate\":\"https:\/\/skaitytaknyga.lt\/?s={search_term_string}\"},\"query-input\":{\"@type\":\"PropertyValueSpecification\",\"valueRequired\":true,\"valueName\":\"search_term_string\"}}],\"inLanguage\":\"en-GB\"},{\"@type\":\"Organization\",\"@id\":\"https:\/\/skaitytaknyga.lt\/#organization\",\"name\":\"skaitytaknyga.lt\",\"url\":\"https:\/\/skaitytaknyga.lt\/\",\"logo\":{\"@type\":\"ImageObject\",\"inLanguage\":\"en-GB\",\"@id\":\"https:\/\/skaitytaknyga.lt\/#\/schema\/logo\/image\/\",\"url\":\"https:\/\/skaitytaknyga.lt\/wp-content\/uploads\/2024\/05\/cropped-cropped-cropped-02_00843_jt3bggkj1j3HLc7SyY6rEUpg.jpeg\",\"contentUrl\":\"https:\/\/skaitytaknyga.lt\/wp-content\/uploads\/2024\/05\/cropped-cropped-cropped-02_00843_jt3bggkj1j3HLc7SyY6rEUpg.jpeg\",\"width\":1600,\"height\":1600,\"caption\":\"skaitytaknyga.lt\"},\"image\":{\"@id\":\"https:\/\/skaitytaknyga.lt\/#\/schema\/logo\/image\/\"},\"sameAs\":[\"https:\/\/www.facebook.com\/skaitytaknyga\/\"]}]}<\/script>\n<!-- \/ Yoast SEO plugin. -->","yoast_head_json":{"title":"Eil\u0117ra\u0161\u010dio skaitymas","description":"Mokytojams ir vyresni\u0173j\u0173 klasi\u0173 mokiniams skiriamoje knygoje nepateikiama vienos grie\u017etos eil\u0117ra\u0161\u010dio skaitymo metodikos ar b\u016bdo. Kiekvienas skyrius","robots":{"index":"index","follow":"follow","max-snippet":"max-snippet:-1","max-image-preview":"max-image-preview:large","max-video-preview":"max-video-preview:-1"},"canonical":"https:\/\/skaitytaknyga.lt\/en\/produktas\/eilerascio-skaitymas\/","og_locale":"en_GB","og_type":"article","og_title":"[:lt]Eil\u0117ra\u0161\u010dio skaitymas[:] - Skaitytaknyga","og_description":"Mokytojams ir vyresni\u0173j\u0173 klasi\u0173 mokiniams skiriamoje knygoje nepateikiama vienos grie\u017etos eil\u0117ra\u0161\u010dio skaitymo metodikos ar b\u016bdo. Kiekvienas skyrius","og_url":"https:\/\/skaitytaknyga.lt\/en\/produktas\/eilerascio-skaitymas\/","og_site_name":"Skaitytaknyga","article_publisher":"https:\/\/www.facebook.com\/skaitytaknyga\/","article_modified_time":"2025-09-06T08:47:48+00:00","og_image":[{"width":345,"height":470,"url":"https:\/\/skaitytaknyga.lt\/wp-content\/uploads\/2025\/08\/Eilerascio-skaitymas-1.webp","type":"image\/webp"}],"twitter_card":"summary_large_image","schema":{"@context":"https:\/\/schema.org","@graph":[{"@type":"WebPage","@id":"https:\/\/skaitytaknyga.lt\/produktas\/eilerascio-skaitymas\/","url":"https:\/\/skaitytaknyga.lt\/produktas\/eilerascio-skaitymas\/","name":"Eil\u0117ra\u0161\u010dio skaitymas","isPartOf":{"@id":"https:\/\/skaitytaknyga.lt\/#website"},"primaryImageOfPage":{"@id":"https:\/\/skaitytaknyga.lt\/produktas\/eilerascio-skaitymas\/#primaryimage"},"image":{"@id":"https:\/\/skaitytaknyga.lt\/produktas\/eilerascio-skaitymas\/#primaryimage"},"thumbnailUrl":"https:\/\/skaitytaknyga.lt\/wp-content\/uploads\/2025\/08\/Eilerascio-skaitymas-1.webp","datePublished":"2025-08-25T14:38:07+00:00","dateModified":"2025-09-06T08:47:48+00:00","description":"Mokytojams ir vyresni\u0173j\u0173 klasi\u0173 mokiniams skiriamoje knygoje nepateikiama vienos grie\u017etos eil\u0117ra\u0161\u010dio skaitymo metodikos ar b\u016bdo. Kiekvienas skyrius","breadcrumb":{"@id":"https:\/\/skaitytaknyga.lt\/produktas\/eilerascio-skaitymas\/#breadcrumb"},"inLanguage":"en-GB","potentialAction":[{"@type":"ReadAction","target":["https:\/\/skaitytaknyga.lt\/produktas\/eilerascio-skaitymas\/"]}]},{"@type":"ImageObject","inLanguage":"en-GB","@id":"https:\/\/skaitytaknyga.lt\/produktas\/eilerascio-skaitymas\/#primaryimage","url":"https:\/\/skaitytaknyga.lt\/wp-content\/uploads\/2025\/08\/Eilerascio-skaitymas-1.webp","contentUrl":"https:\/\/skaitytaknyga.lt\/wp-content\/uploads\/2025\/08\/Eilerascio-skaitymas-1.webp","width":345,"height":470,"caption":"Eil\u0117ra\u0161\u010dio skaitymas"},{"@type":"BreadcrumbList","@id":"https:\/\/skaitytaknyga.lt\/produktas\/eilerascio-skaitymas\/#breadcrumb","itemListElement":[{"@type":"ListItem","position":1,"name":"Home","item":"https:\/\/skaitytaknyga.lt\/"},{"@type":"ListItem","position":2,"name":"Parduotuv\u0117","item":"https:\/\/skaitytaknyga.lt\/knygu-parduotuve\/"},{"@type":"ListItem","position":3,"name":"Eil\u0117ra\u0161\u010dio skaitymas"}]},{"@type":"WebSite","@id":"https:\/\/skaitytaknyga.lt\/#website","url":"https:\/\/skaitytaknyga.lt\/","name":"skaitytaknyga.lt","description":"Skaitytaknyga.lt \u2013 tai ma\u017eas \u0161eimos verslas, kuris prasid\u0117jo nuo meil\u0117s knygoms ir siekio i\u0161gelb\u0117ti knygas nuo likimo prie konteinerio. Kas vienam nereikalingas daiktas \u2013 kitam lobis, o mes esame tarpininkai, kurie padeda abiems tapti laimingesniems ???? \u017dinome kaip nelengva i\u0161gyventi ma\u017eiems verslams, tad nuo \u0161iol, \u010dia rasite ir kit\u0173, ma\u017e\u0173 \u0161eim\u0173 versl\u0173, rank\u0173 darbo, dovan\u0173 sau ir artimiesiems.","publisher":{"@id":"https:\/\/skaitytaknyga.lt\/#organization"},"potentialAction":[{"@type":"SearchAction","target":{"@type":"EntryPoint","urlTemplate":"https:\/\/skaitytaknyga.lt\/?s={search_term_string}"},"query-input":{"@type":"PropertyValueSpecification","valueRequired":true,"valueName":"search_term_string"}}],"inLanguage":"en-GB"},{"@type":"Organization","@id":"https:\/\/skaitytaknyga.lt\/#organization","name":"skaitytaknyga.lt","url":"https:\/\/skaitytaknyga.lt\/","logo":{"@type":"ImageObject","inLanguage":"en-GB","@id":"https:\/\/skaitytaknyga.lt\/#\/schema\/logo\/image\/","url":"https:\/\/skaitytaknyga.lt\/wp-content\/uploads\/2024\/05\/cropped-cropped-cropped-02_00843_jt3bggkj1j3HLc7SyY6rEUpg.jpeg","contentUrl":"https:\/\/skaitytaknyga.lt\/wp-content\/uploads\/2024\/05\/cropped-cropped-cropped-02_00843_jt3bggkj1j3HLc7SyY6rEUpg.jpeg","width":1600,"height":1600,"caption":"skaitytaknyga.lt"},"image":{"@id":"https:\/\/skaitytaknyga.lt\/#\/schema\/logo\/image\/"},"sameAs":["https:\/\/www.facebook.com\/skaitytaknyga\/"]}]}},"_links":{"self":[{"href":"https:\/\/skaitytaknyga.lt\/en\/wp-json\/wp\/v2\/product\/20364","targetHints":{"allow":["GET"]}}],"collection":[{"href":"https:\/\/skaitytaknyga.lt\/en\/wp-json\/wp\/v2\/product"}],"about":[{"href":"https:\/\/skaitytaknyga.lt\/en\/wp-json\/wp\/v2\/types\/product"}],"replies":[{"embeddable":true,"href":"https:\/\/skaitytaknyga.lt\/en\/wp-json\/wp\/v2\/comments?post=20364"}],"wp:featuredmedia":[{"embeddable":true,"href":"https:\/\/skaitytaknyga.lt\/en\/wp-json\/wp\/v2\/media\/20372"}],"wp:attachment":[{"href":"https:\/\/skaitytaknyga.lt\/en\/wp-json\/wp\/v2\/media?parent=20364"}],"wp:term":[{"taxonomy":"product_brand","embeddable":true,"href":"https:\/\/skaitytaknyga.lt\/en\/wp-json\/wp\/v2\/product_brand?post=20364"},{"taxonomy":"product_cat","embeddable":true,"href":"https:\/\/skaitytaknyga.lt\/en\/wp-json\/wp\/v2\/product_cat?post=20364"},{"taxonomy":"product_tag","embeddable":true,"href":"https:\/\/skaitytaknyga.lt\/en\/wp-json\/wp\/v2\/product_tag?post=20364"}],"curies":[{"name":"wp","href":"https:\/\/api.w.org\/{rel}","templated":true}]}}