{"id":20363,"date":"2025-08-25T17:38:07","date_gmt":"2025-08-25T14:38:07","guid":{"rendered":"https:\/\/skaitytaknyga.lt\/?post_type=product&#038;p=20363"},"modified":"2026-03-18T12:03:57","modified_gmt":"2026-03-18T10:03:57","slug":"filosofija","status":"publish","type":"product","link":"https:\/\/skaitytaknyga.lt\/en\/produktas\/filosofija\/","title":{"rendered":"Filosofija"},"content":{"rendered":"<p>\u201eKod\u0117l yra ka\u017ekas, o ne niekas?\u201c (M.Heideggeris)<\/p>\n<p>Kas yra b\u016btis? Kod\u0117l ji yra? Tai pamatiniai filosofijos klausimai, kurie domino \u017emones nuo seniausi\u0173j\u0173 laik\u0173 iki \u0161i\u0173 dien\u0173. B\u016bties problem\u0105 band\u0117 spr\u0119sti daugelis filosof\u0173 (Aristotelis, Platonas, Nikolajus Bendarejevas, levas \u0160estovas, Karlas Jasperas, Frydrichas Ny\u010d\u0117, Art\u016bras \u0160openhaueris, Raimondas Huserlis, Polis Sartras, Alberas Kamiu ir kt.), ta\u010diau kiekvienas j\u0105 ai\u0161kino skirtingai. Keldami klausim\u0105 apie b\u016bt\u012f atsiduriame nesibaigian\u010diame neai\u0161kume. Nes vien i\u0161k\u0117l\u0119 klausim\u0105, jau susiduriame su logine klaida \u2013 kas yra b\u016btis? Kaip b\u016btis gali b\u016bti, nes kas yra, yra b\u016btyb\u0117, o b\u016btis, tai n\u0117ra b\u016btyb\u0117, tai tik \u012fgalina b\u016btyb\u0119 b\u016bti. B\u016btyb\u0117 n\u0117ra savo pa\u010dios buvimo pagrindas, jos buvimo pagrindas slypi b\u016btyje. Atitinkamai, negalima ir formuluoti atsakymo \u201eb\u016btis YRA tai ir tai&#8230;\u201c.<\/p>\n","protected":false},"excerpt":{"rendered":"<p>\u201eKod\u0117l yra ka\u017ekas, o ne niekas?\u201c (M.Heideggeris) Kas yra b\u016btis? Kod\u0117l ji yra? Tai pamatiniai filosofijos klausimai, kurie domino \u017emones nuo seniausi\u0173j\u0173 laik\u0173 iki \u0161i\u0173 dien\u0173. B\u016bties problem\u0105 band\u0117 spr\u0119sti daugelis filosof\u0173 (Aristotelis, Platonas, Nikolajus Bendarejevas, levas \u0160estovas, Karlas Jasperas, Frydrichas Ny\u010d\u0117, Art\u016bras \u0160openhaueris, Raimondas Huserlis, Polis Sartras, Alberas Kamiu ir kt.), ta\u010diau kiekvienas j\u0105 ai\u0161kino skirtingai. Keldami klausim\u0105 apie b\u016bt\u012f atsiduriame nesibaigian\u010diame neai\u0161kume. Nes vien i\u0161k\u0117l\u0119 klausim\u0105, jau susiduriame su logine klaida \u2013 kas yra b\u016btis? Kaip b\u016btis gali b\u016bti, nes kas yra, yra b\u016btyb\u0117, o b\u016btis, tai n\u0117ra b\u016btyb\u0117, tai tik \u012fgalina b\u016btyb\u0119 b\u016bti. B\u016btyb\u0117 n\u0117ra savo pa\u010dios buvimo pagrindas, jos buvimo pagrindas slypi b\u016btyje. Atitinkamai, negalima ir formuluoti atsakymo \u201eb\u016btis YRA tai ir tai&#8230;\u201c.<\/p>\n","protected":false},"featured_media":20371,"comment_status":"open","ping_status":"closed","template":"","meta":{"_acf_changed":false,"site-sidebar-layout":"default","site-content-layout":"","ast-site-content-layout":"default","site-content-style":"default","site-sidebar-style":"default","ast-global-header-display":"","ast-banner-title-visibility":"","ast-main-header-display":"","ast-hfb-above-header-display":"","ast-hfb-below-header-display":"","ast-hfb-mobile-header-display":"","site-post-title":"","ast-breadcrumbs-content":"","ast-featured-img":"","footer-sml-layout":"","ast-disable-related-posts":"","theme-transparent-header-meta":"","adv-header-id-meta":"","stick-header-meta":"","header-above-stick-meta":"","header-main-stick-meta":"","header-below-stick-meta":"","astra-migrate-meta-layouts":"default","ast-page-background-enabled":"default","ast-page-background-meta":{"desktop":{"background-color":"","background-image":"","background-repeat":"repeat","background-position":"center center","background-size":"auto","background-attachment":"scroll","background-type":"","background-media":"","overlay-type":"","overlay-color":"","overlay-opacity":"","overlay-gradient":""},"tablet":{"background-color":"","background-image":"","background-repeat":"repeat","background-position":"center center","background-size":"auto","background-attachment":"scroll","background-type":"","background-media":"","overlay-type":"","overlay-color":"","overlay-opacity":"","overlay-gradient":""},"mobile":{"background-color":"","background-image":"","background-repeat":"repeat","background-position":"center center","background-size":"auto","background-attachment":"scroll","background-type":"","background-media":"","overlay-type":"","overlay-color":"","overlay-opacity":"","overlay-gradient":""}},"ast-content-background-meta":{"desktop":{"background-color":"var(--ast-global-color-4)","background-image":"","background-repeat":"repeat","background-position":"center center","background-size":"auto","background-attachment":"scroll","background-type":"","background-media":"","overlay-type":"","overlay-color":"","overlay-opacity":"","overlay-gradient":""},"tablet":{"background-color":"var(--ast-global-color-4)","background-image":"","background-repeat":"repeat","background-position":"center center","background-size":"auto","background-attachment":"scroll","background-type":"","background-media":"","overlay-type":"","overlay-color":"","overlay-opacity":"","overlay-gradient":""},"mobile":{"background-color":"var(--ast-global-color-4)","background-image":"","background-repeat":"repeat","background-position":"center center","background-size":"auto","background-attachment":"scroll","background-type":"","background-media":"","overlay-type":"","overlay-color":"","overlay-opacity":"","overlay-gradient":""}}},"product_brand":[],"product_cat":[9737],"product_tag":[4612,3948,7860,7861,7862,5105],"class_list":{"0":"post-20363","1":"product","2":"type-product","3":"status-publish","4":"has-post-thumbnail","6":"product_cat-filosofija","7":"product_tag-butis","8":"product_tag-egzistencija","9":"product_tag-jurgenas-trinksas","10":"product_tag-marija-furst-filosofija","11":"product_tag-mintis","12":"product_tag-teorija","13":"desktop-align-left","14":"tablet-align-left","15":"mobile-align-left","17":"first","18":"instock","19":"shipping-taxable","20":"purchasable","21":"product-type-simple"},"acf":[],"yoast_head":"<!-- This site is optimized with the Yoast SEO plugin v27.0 - https:\/\/yoast.com\/product\/yoast-seo-wordpress\/ -->\n<title>Filosofija<\/title>\n<meta name=\"description\" content=\"\u201eKod\u0117l yra ka\u017ekas, o ne niekas?\u201c (M.Heideggeris) Kas yra b\u016btis? Kod\u0117l ji yra? Tai pamatiniai filosofijos klausimai, kurie domino \u017emones nuo seniausi\u0173j\u0173\" \/>\n<meta name=\"robots\" content=\"index, follow, max-snippet:-1, max-image-preview:large, max-video-preview:-1\" \/>\n<link rel=\"canonical\" href=\"https:\/\/skaitytaknyga.lt\/en\/produktas\/filosofija\/\" \/>\n<meta property=\"og:locale\" content=\"en_GB\" \/>\n<meta property=\"og:locale:alternate\" content=\"lt_LT\" \/>\n<meta property=\"og:type\" content=\"article\" \/>\n<meta property=\"og:title\" content=\"Filosofija\" \/>\n<meta property=\"og:description\" content=\"\u201eKod\u0117l yra ka\u017ekas, o ne niekas?\u201c (M.Heideggeris) Kas yra b\u016btis? Kod\u0117l ji yra? Tai pamatiniai filosofijos klausimai, kurie domino \u017emones nuo seniausi\u0173j\u0173\" \/>\n<meta property=\"og:url\" content=\"https:\/\/skaitytaknyga.lt\/en\/produktas\/filosofija\/\" \/>\n<meta property=\"og:site_name\" content=\"Skaitytaknyga\" \/>\n<meta property=\"article:publisher\" content=\"https:\/\/www.facebook.com\/skaitytaknyga\/\" \/>\n<meta property=\"article:modified_time\" content=\"2026-03-18T10:03:57+00:00\" \/>\n<meta property=\"og:image\" content=\"https:\/\/skaitytaknyga.lt\/wp-content\/uploads\/2025\/08\/Filosofija-1.webp\" \/>\n\t<meta property=\"og:image:width\" content=\"418\" \/>\n\t<meta property=\"og:image:height\" content=\"600\" \/>\n\t<meta property=\"og:image:type\" content=\"image\/webp\" \/>\n<meta name=\"twitter:card\" content=\"summary_large_image\" \/>\n<meta name=\"twitter:label1\" content=\"Estimated reading time\" \/>\n\t<meta name=\"twitter:data1\" content=\"1 minute\" \/>\n<script type=\"application\/ld+json\" class=\"yoast-schema-graph\">{\"@context\":\"https:\/\/schema.org\",\"@graph\":[{\"@type\":\"WebPage\",\"@id\":\"https:\/\/skaitytaknyga.lt\/produktas\/filosofija\/\",\"url\":\"https:\/\/skaitytaknyga.lt\/produktas\/filosofija\/\",\"name\":\"Filosofija\",\"isPartOf\":{\"@id\":\"https:\/\/skaitytaknyga.lt\/#website\"},\"primaryImageOfPage\":{\"@id\":\"https:\/\/skaitytaknyga.lt\/produktas\/filosofija\/#primaryimage\"},\"image\":{\"@id\":\"https:\/\/skaitytaknyga.lt\/produktas\/filosofija\/#primaryimage\"},\"thumbnailUrl\":\"https:\/\/skaitytaknyga.lt\/wp-content\/uploads\/2025\/08\/Filosofija-1.webp\",\"datePublished\":\"2025-08-25T14:38:07+00:00\",\"dateModified\":\"2026-03-18T10:03:57+00:00\",\"description\":\"\u201eKod\u0117l yra ka\u017ekas, o ne niekas?\u201c (M.Heideggeris) Kas yra b\u016btis? Kod\u0117l ji yra? Tai pamatiniai filosofijos klausimai, kurie domino \u017emones nuo seniausi\u0173j\u0173\",\"breadcrumb\":{\"@id\":\"https:\/\/skaitytaknyga.lt\/produktas\/filosofija\/#breadcrumb\"},\"inLanguage\":\"en-GB\",\"potentialAction\":[{\"@type\":\"ReadAction\",\"target\":[\"https:\/\/skaitytaknyga.lt\/produktas\/filosofija\/\"]}]},{\"@type\":\"ImageObject\",\"inLanguage\":\"en-GB\",\"@id\":\"https:\/\/skaitytaknyga.lt\/produktas\/filosofija\/#primaryimage\",\"url\":\"https:\/\/skaitytaknyga.lt\/wp-content\/uploads\/2025\/08\/Filosofija-1.webp\",\"contentUrl\":\"https:\/\/skaitytaknyga.lt\/wp-content\/uploads\/2025\/08\/Filosofija-1.webp\",\"width\":418,\"height\":600,\"caption\":\"Filosofija\"},{\"@type\":\"BreadcrumbList\",\"@id\":\"https:\/\/skaitytaknyga.lt\/produktas\/filosofija\/#breadcrumb\",\"itemListElement\":[{\"@type\":\"ListItem\",\"position\":1,\"name\":\"Home\",\"item\":\"https:\/\/skaitytaknyga.lt\/\"},{\"@type\":\"ListItem\",\"position\":2,\"name\":\"Parduotuv\u0117\",\"item\":\"https:\/\/skaitytaknyga.lt\/knygu-parduotuve\/\"},{\"@type\":\"ListItem\",\"position\":3,\"name\":\"Filosofija\"}]},{\"@type\":\"WebSite\",\"@id\":\"https:\/\/skaitytaknyga.lt\/#website\",\"url\":\"https:\/\/skaitytaknyga.lt\/\",\"name\":\"skaitytaknyga.lt\",\"description\":\"Skaitytaknyga.lt \u2013 tai ma\u017eas \u0161eimos verslas, kuris prasid\u0117jo nuo meil\u0117s knygoms ir siekio i\u0161gelb\u0117ti knygas nuo likimo prie konteinerio. Kas vienam nereikalingas daiktas \u2013 kitam lobis, o mes esame tarpininkai, kurie padeda abiems tapti laimingesniems ???? \u017dinome kaip nelengva i\u0161gyventi ma\u017eiems verslams, tad nuo \u0161iol, \u010dia rasite ir kit\u0173, ma\u017e\u0173 \u0161eim\u0173 versl\u0173, rank\u0173 darbo, dovan\u0173 sau ir artimiesiems.\",\"publisher\":{\"@id\":\"https:\/\/skaitytaknyga.lt\/#organization\"},\"potentialAction\":[{\"@type\":\"SearchAction\",\"target\":{\"@type\":\"EntryPoint\",\"urlTemplate\":\"https:\/\/skaitytaknyga.lt\/?s={search_term_string}\"},\"query-input\":{\"@type\":\"PropertyValueSpecification\",\"valueRequired\":true,\"valueName\":\"search_term_string\"}}],\"inLanguage\":\"en-GB\"},{\"@type\":\"Organization\",\"@id\":\"https:\/\/skaitytaknyga.lt\/#organization\",\"name\":\"skaitytaknyga.lt\",\"url\":\"https:\/\/skaitytaknyga.lt\/\",\"logo\":{\"@type\":\"ImageObject\",\"inLanguage\":\"en-GB\",\"@id\":\"https:\/\/skaitytaknyga.lt\/#\/schema\/logo\/image\/\",\"url\":\"https:\/\/skaitytaknyga.lt\/wp-content\/uploads\/2024\/05\/cropped-cropped-cropped-02_00843_jt3bggkj1j3HLc7SyY6rEUpg.jpeg\",\"contentUrl\":\"https:\/\/skaitytaknyga.lt\/wp-content\/uploads\/2024\/05\/cropped-cropped-cropped-02_00843_jt3bggkj1j3HLc7SyY6rEUpg.jpeg\",\"width\":1600,\"height\":1600,\"caption\":\"skaitytaknyga.lt\"},\"image\":{\"@id\":\"https:\/\/skaitytaknyga.lt\/#\/schema\/logo\/image\/\"},\"sameAs\":[\"https:\/\/www.facebook.com\/skaitytaknyga\/\"]}]}<\/script>\n<!-- \/ Yoast SEO plugin. -->","yoast_head_json":{"title":"Filosofija","description":"\u201eKod\u0117l yra ka\u017ekas, o ne niekas?\u201c (M.Heideggeris) Kas yra b\u016btis? Kod\u0117l ji yra? Tai pamatiniai filosofijos klausimai, kurie domino \u017emones nuo seniausi\u0173j\u0173","robots":{"index":"index","follow":"follow","max-snippet":"max-snippet:-1","max-image-preview":"max-image-preview:large","max-video-preview":"max-video-preview:-1"},"canonical":"https:\/\/skaitytaknyga.lt\/en\/produktas\/filosofija\/","og_locale":"en_GB","og_type":"article","og_title":"[:lt]Filosofija[:] - Skaitytaknyga","og_description":"\u201eKod\u0117l yra ka\u017ekas, o ne niekas?\u201c (M.Heideggeris) Kas yra b\u016btis? Kod\u0117l ji yra? Tai pamatiniai filosofijos klausimai, kurie domino \u017emones nuo seniausi\u0173j\u0173","og_url":"https:\/\/skaitytaknyga.lt\/en\/produktas\/filosofija\/","og_site_name":"Skaitytaknyga","article_publisher":"https:\/\/www.facebook.com\/skaitytaknyga\/","article_modified_time":"2026-03-18T10:03:57+00:00","og_image":[{"width":418,"height":600,"url":"https:\/\/skaitytaknyga.lt\/wp-content\/uploads\/2025\/08\/Filosofija-1.webp","type":"image\/webp"}],"twitter_card":"summary_large_image","twitter_misc":{"Estimated reading time":"1 minute"},"schema":{"@context":"https:\/\/schema.org","@graph":[{"@type":"WebPage","@id":"https:\/\/skaitytaknyga.lt\/produktas\/filosofija\/","url":"https:\/\/skaitytaknyga.lt\/produktas\/filosofija\/","name":"Filosofija","isPartOf":{"@id":"https:\/\/skaitytaknyga.lt\/#website"},"primaryImageOfPage":{"@id":"https:\/\/skaitytaknyga.lt\/produktas\/filosofija\/#primaryimage"},"image":{"@id":"https:\/\/skaitytaknyga.lt\/produktas\/filosofija\/#primaryimage"},"thumbnailUrl":"https:\/\/skaitytaknyga.lt\/wp-content\/uploads\/2025\/08\/Filosofija-1.webp","datePublished":"2025-08-25T14:38:07+00:00","dateModified":"2026-03-18T10:03:57+00:00","description":"\u201eKod\u0117l yra ka\u017ekas, o ne niekas?\u201c (M.Heideggeris) Kas yra b\u016btis? Kod\u0117l ji yra? Tai pamatiniai filosofijos klausimai, kurie domino \u017emones nuo seniausi\u0173j\u0173","breadcrumb":{"@id":"https:\/\/skaitytaknyga.lt\/produktas\/filosofija\/#breadcrumb"},"inLanguage":"en-GB","potentialAction":[{"@type":"ReadAction","target":["https:\/\/skaitytaknyga.lt\/produktas\/filosofija\/"]}]},{"@type":"ImageObject","inLanguage":"en-GB","@id":"https:\/\/skaitytaknyga.lt\/produktas\/filosofija\/#primaryimage","url":"https:\/\/skaitytaknyga.lt\/wp-content\/uploads\/2025\/08\/Filosofija-1.webp","contentUrl":"https:\/\/skaitytaknyga.lt\/wp-content\/uploads\/2025\/08\/Filosofija-1.webp","width":418,"height":600,"caption":"Filosofija"},{"@type":"BreadcrumbList","@id":"https:\/\/skaitytaknyga.lt\/produktas\/filosofija\/#breadcrumb","itemListElement":[{"@type":"ListItem","position":1,"name":"Home","item":"https:\/\/skaitytaknyga.lt\/"},{"@type":"ListItem","position":2,"name":"Parduotuv\u0117","item":"https:\/\/skaitytaknyga.lt\/knygu-parduotuve\/"},{"@type":"ListItem","position":3,"name":"Filosofija"}]},{"@type":"WebSite","@id":"https:\/\/skaitytaknyga.lt\/#website","url":"https:\/\/skaitytaknyga.lt\/","name":"skaitytaknyga.lt","description":"Skaitytaknyga.lt \u2013 tai ma\u017eas \u0161eimos verslas, kuris prasid\u0117jo nuo meil\u0117s knygoms ir siekio i\u0161gelb\u0117ti knygas nuo likimo prie konteinerio. Kas vienam nereikalingas daiktas \u2013 kitam lobis, o mes esame tarpininkai, kurie padeda abiems tapti laimingesniems ???? \u017dinome kaip nelengva i\u0161gyventi ma\u017eiems verslams, tad nuo \u0161iol, \u010dia rasite ir kit\u0173, ma\u017e\u0173 \u0161eim\u0173 versl\u0173, rank\u0173 darbo, dovan\u0173 sau ir artimiesiems.","publisher":{"@id":"https:\/\/skaitytaknyga.lt\/#organization"},"potentialAction":[{"@type":"SearchAction","target":{"@type":"EntryPoint","urlTemplate":"https:\/\/skaitytaknyga.lt\/?s={search_term_string}"},"query-input":{"@type":"PropertyValueSpecification","valueRequired":true,"valueName":"search_term_string"}}],"inLanguage":"en-GB"},{"@type":"Organization","@id":"https:\/\/skaitytaknyga.lt\/#organization","name":"skaitytaknyga.lt","url":"https:\/\/skaitytaknyga.lt\/","logo":{"@type":"ImageObject","inLanguage":"en-GB","@id":"https:\/\/skaitytaknyga.lt\/#\/schema\/logo\/image\/","url":"https:\/\/skaitytaknyga.lt\/wp-content\/uploads\/2024\/05\/cropped-cropped-cropped-02_00843_jt3bggkj1j3HLc7SyY6rEUpg.jpeg","contentUrl":"https:\/\/skaitytaknyga.lt\/wp-content\/uploads\/2024\/05\/cropped-cropped-cropped-02_00843_jt3bggkj1j3HLc7SyY6rEUpg.jpeg","width":1600,"height":1600,"caption":"skaitytaknyga.lt"},"image":{"@id":"https:\/\/skaitytaknyga.lt\/#\/schema\/logo\/image\/"},"sameAs":["https:\/\/www.facebook.com\/skaitytaknyga\/"]}]}},"_links":{"self":[{"href":"https:\/\/skaitytaknyga.lt\/en\/wp-json\/wp\/v2\/product\/20363","targetHints":{"allow":["GET"]}}],"collection":[{"href":"https:\/\/skaitytaknyga.lt\/en\/wp-json\/wp\/v2\/product"}],"about":[{"href":"https:\/\/skaitytaknyga.lt\/en\/wp-json\/wp\/v2\/types\/product"}],"replies":[{"embeddable":true,"href":"https:\/\/skaitytaknyga.lt\/en\/wp-json\/wp\/v2\/comments?post=20363"}],"wp:featuredmedia":[{"embeddable":true,"href":"https:\/\/skaitytaknyga.lt\/en\/wp-json\/wp\/v2\/media\/20371"}],"wp:attachment":[{"href":"https:\/\/skaitytaknyga.lt\/en\/wp-json\/wp\/v2\/media?parent=20363"}],"wp:term":[{"taxonomy":"product_brand","embeddable":true,"href":"https:\/\/skaitytaknyga.lt\/en\/wp-json\/wp\/v2\/product_brand?post=20363"},{"taxonomy":"product_cat","embeddable":true,"href":"https:\/\/skaitytaknyga.lt\/en\/wp-json\/wp\/v2\/product_cat?post=20363"},{"taxonomy":"product_tag","embeddable":true,"href":"https:\/\/skaitytaknyga.lt\/en\/wp-json\/wp\/v2\/product_tag?post=20363"}],"curies":[{"name":"wp","href":"https:\/\/api.w.org\/{rel}","templated":true}]}}