{"id":20362,"date":"2025-08-25T17:38:07","date_gmt":"2025-08-25T14:38:07","guid":{"rendered":"https:\/\/skaitytaknyga.lt\/?post_type=product&#038;p=20362"},"modified":"2026-03-05T13:33:53","modified_gmt":"2026-03-05T11:33:53","slug":"jokiu-orchideju-mis-blendis","status":"publish","type":"product","link":"https:\/\/skaitytaknyga.lt\/en\/produktas\/jokiu-orchideju-mis-blendis\/","title":{"rendered":"Joki\u0173 orchid\u0117j\u0173 mis Blendi\u0161"},"content":{"rendered":"<p>\u201eJoki\u0173 orchid\u0117j\u0173 mis Blendi\u0161&#8221; \u2013 intriguojantis pasakojimas apie tai, kaip du netik\u0161os nusikalt\u0117liai d\u0117l i\u0161pirkos pagrobia nekalt\u0105 turting\u0105 \u012fp\u0117din\u0119. Ji atitenka dar didesniam suk\u010diui, tokiam Slimui Grisomui. Jo ketinimai anaiptol n\u0117ra garbingi, ta\u010diau pama\u010diusi, kokie degeneratai yra kiti Grisom\u0173 gaujos nariai, mis Blendi\u0161 pajunta silpnyb\u0119 bosui&#8230;<\/p>\n<p>Knygos \u201eJoki\u0173 orchid\u0117j\u0173 mis Blendi\u0161&#8221; parduota vir\u0161 pus\u0117s milijono kopij\u0173, j\u0105 perskait\u0117 daugiau kaip septyni milijonai \u017emoni\u0173.<\/p>\n<p>\u201eKa\u017ein ar buvo gro\u017ein\u0117je literat\u016broje gyviau pavaizduotas gangsteri\u0173 \u017eiaurumas. Pagrobtosios mis Blendi\u0161 kan\u010dios ir likimas u\u017egniau\u017eia kvap\u0105.&#8221;<br \/>\nLiverpool Post<\/p>\n","protected":false},"excerpt":{"rendered":"<p>\u201eJoki\u0173 orchid\u0117j\u0173 mis Blendi\u0161&#8221; \u2013 intriguojantis pasakojimas apie tai, kaip du netik\u0161os nusikalt\u0117liai d\u0117l i\u0161pirkos pagrobia nekalt\u0105 turting\u0105 \u012fp\u0117din\u0119. Ji atitenka dar didesniam suk\u010diui, tokiam Slimui Grisomui. Jo ketinimai anaiptol n\u0117ra garbingi, ta\u010diau pama\u010diusi, kokie degeneratai yra kiti Grisom\u0173 gaujos nariai, mis Blendi\u0161 pajunta silpnyb\u0119 bosui&#8230; Knygos \u201eJoki\u0173 orchid\u0117j\u0173 mis Blendi\u0161&#8221; parduota vir\u0161 pus\u0117s milijono kopij\u0173, j\u0105 perskait\u0117 daugiau kaip septyni milijonai \u017emoni\u0173. \u201eKa\u017ein ar buvo gro\u017ein\u0117je literat\u016broje gyviau pavaizduotas gangsteri\u0173 \u017eiaurumas. Pagrobtosios mis Blendi\u0161 kan\u010dios ir likimas u\u017egniau\u017eia kvap\u0105.&#8221; Liverpool Post<\/p>\n","protected":false},"featured_media":20367,"comment_status":"open","ping_status":"closed","template":"","meta":{"_acf_changed":false,"site-sidebar-layout":"default","site-content-layout":"","ast-site-content-layout":"default","site-content-style":"default","site-sidebar-style":"default","ast-global-header-display":"","ast-banner-title-visibility":"","ast-main-header-display":"","ast-hfb-above-header-display":"","ast-hfb-below-header-display":"","ast-hfb-mobile-header-display":"","site-post-title":"","ast-breadcrumbs-content":"","ast-featured-img":"","footer-sml-layout":"","ast-disable-related-posts":"","theme-transparent-header-meta":"","adv-header-id-meta":"","stick-header-meta":"","header-above-stick-meta":"","header-main-stick-meta":"","header-below-stick-meta":"","astra-migrate-meta-layouts":"default","ast-page-background-enabled":"default","ast-page-background-meta":{"desktop":{"background-color":"","background-image":"","background-repeat":"repeat","background-position":"center center","background-size":"auto","background-attachment":"scroll","background-type":"","background-media":"","overlay-type":"","overlay-color":"","overlay-opacity":"","overlay-gradient":""},"tablet":{"background-color":"","background-image":"","background-repeat":"repeat","background-position":"center center","background-size":"auto","background-attachment":"scroll","background-type":"","background-media":"","overlay-type":"","overlay-color":"","overlay-opacity":"","overlay-gradient":""},"mobile":{"background-color":"","background-image":"","background-repeat":"repeat","background-position":"center center","background-size":"auto","background-attachment":"scroll","background-type":"","background-media":"","overlay-type":"","overlay-color":"","overlay-opacity":"","overlay-gradient":""}},"ast-content-background-meta":{"desktop":{"background-color":"var(--ast-global-color-4)","background-image":"","background-repeat":"repeat","background-position":"center center","background-size":"auto","background-attachment":"scroll","background-type":"","background-media":"","overlay-type":"","overlay-color":"","overlay-opacity":"","overlay-gradient":""},"tablet":{"background-color":"var(--ast-global-color-4)","background-image":"","background-repeat":"repeat","background-position":"center center","background-size":"auto","background-attachment":"scroll","background-type":"","background-media":"","overlay-type":"","overlay-color":"","overlay-opacity":"","overlay-gradient":""},"mobile":{"background-color":"var(--ast-global-color-4)","background-image":"","background-repeat":"repeat","background-position":"center center","background-size":"auto","background-attachment":"scroll","background-type":"","background-media":"","overlay-type":"","overlay-color":"","overlay-opacity":"","overlay-gradient":""}}},"product_brand":[],"product_cat":[9581],"product_tag":[7858,3217,7859,1451,1664],"class_list":{"0":"post-20362","1":"product","2":"type-product","3":"status-publish","4":"has-post-thumbnail","6":"product_cat-kriminaliniai-romanai","7":"product_tag-dzeimsas-h-ceizas-detektyvas","8":"product_tag-intriga","9":"product_tag-ipedine","10":"product_tag-nuotykiai","11":"product_tag-nusikaltimai","12":"desktop-align-left","13":"tablet-align-left","14":"mobile-align-left","16":"first","17":"instock","18":"shipping-taxable","19":"purchasable","20":"product-type-simple"},"acf":[],"yoast_head":"<!-- This site is optimized with the Yoast SEO plugin v27.0 - https:\/\/yoast.com\/product\/yoast-seo-wordpress\/ -->\n<title>Joki\u0173 orchid\u0117j\u0173 mis Blendi\u0161<\/title>\n<meta name=\"description\" content=\"\u201eJoki\u0173 orchid\u0117j\u0173 mis Blendi\u0161&quot; \u2013 intriguojantis pasakojimas apie tai, kaip du netik\u0161os nusikalt\u0117liai d\u0117l i\u0161pirkos pagrobia nekalt\u0105 turting\u0105 \u012fp\u0117din\u0119. Ji\" \/>\n<meta name=\"robots\" content=\"index, follow, max-snippet:-1, max-image-preview:large, max-video-preview:-1\" \/>\n<link rel=\"canonical\" href=\"https:\/\/skaitytaknyga.lt\/en\/produktas\/jokiu-orchideju-mis-blendis\/\" \/>\n<meta property=\"og:locale\" content=\"en_GB\" \/>\n<meta property=\"og:locale:alternate\" content=\"lt_LT\" \/>\n<meta property=\"og:type\" content=\"article\" \/>\n<meta property=\"og:title\" content=\"Joki\u0173 orchid\u0117j\u0173 mis Blendi\u0161\" \/>\n<meta property=\"og:description\" content=\"\u201eJoki\u0173 orchid\u0117j\u0173 mis Blendi\u0161&quot; \u2013 intriguojantis pasakojimas apie tai, kaip du netik\u0161os nusikalt\u0117liai d\u0117l i\u0161pirkos pagrobia nekalt\u0105 turting\u0105 \u012fp\u0117din\u0119. Ji\" \/>\n<meta property=\"og:url\" content=\"https:\/\/skaitytaknyga.lt\/en\/produktas\/jokiu-orchideju-mis-blendis\/\" \/>\n<meta property=\"og:site_name\" content=\"Skaitytaknyga\" \/>\n<meta property=\"article:publisher\" content=\"https:\/\/www.facebook.com\/skaitytaknyga\/\" \/>\n<meta property=\"article:modified_time\" content=\"2026-03-05T11:33:53+00:00\" \/>\n<meta property=\"og:image\" content=\"https:\/\/skaitytaknyga.lt\/wp-content\/uploads\/2025\/08\/Jokiu-orchideju-mis-Blendis-1.webp\" \/>\n\t<meta property=\"og:image:width\" content=\"436\" \/>\n\t<meta property=\"og:image:height\" content=\"801\" \/>\n\t<meta property=\"og:image:type\" content=\"image\/webp\" \/>\n<meta name=\"twitter:card\" content=\"summary_large_image\" \/>\n<meta name=\"twitter:label1\" content=\"Estimated reading time\" \/>\n\t<meta name=\"twitter:data1\" content=\"1 minute\" \/>\n<script type=\"application\/ld+json\" class=\"yoast-schema-graph\">{\"@context\":\"https:\/\/schema.org\",\"@graph\":[{\"@type\":\"WebPage\",\"@id\":\"https:\/\/skaitytaknyga.lt\/produktas\/jokiu-orchideju-mis-blendis\/\",\"url\":\"https:\/\/skaitytaknyga.lt\/produktas\/jokiu-orchideju-mis-blendis\/\",\"name\":\"Joki\u0173 orchid\u0117j\u0173 mis Blendi\u0161\",\"isPartOf\":{\"@id\":\"https:\/\/skaitytaknyga.lt\/#website\"},\"primaryImageOfPage\":{\"@id\":\"https:\/\/skaitytaknyga.lt\/produktas\/jokiu-orchideju-mis-blendis\/#primaryimage\"},\"image\":{\"@id\":\"https:\/\/skaitytaknyga.lt\/produktas\/jokiu-orchideju-mis-blendis\/#primaryimage\"},\"thumbnailUrl\":\"https:\/\/skaitytaknyga.lt\/wp-content\/uploads\/2025\/08\/Jokiu-orchideju-mis-Blendis-1.webp\",\"datePublished\":\"2025-08-25T14:38:07+00:00\",\"dateModified\":\"2026-03-05T11:33:53+00:00\",\"description\":\"\u201eJoki\u0173 orchid\u0117j\u0173 mis Blendi\u0161\\\" \u2013 intriguojantis pasakojimas apie tai, kaip du netik\u0161os nusikalt\u0117liai d\u0117l i\u0161pirkos pagrobia nekalt\u0105 turting\u0105 \u012fp\u0117din\u0119. Ji\",\"breadcrumb\":{\"@id\":\"https:\/\/skaitytaknyga.lt\/produktas\/jokiu-orchideju-mis-blendis\/#breadcrumb\"},\"inLanguage\":\"en-GB\",\"potentialAction\":[{\"@type\":\"ReadAction\",\"target\":[\"https:\/\/skaitytaknyga.lt\/produktas\/jokiu-orchideju-mis-blendis\/\"]}]},{\"@type\":\"ImageObject\",\"inLanguage\":\"en-GB\",\"@id\":\"https:\/\/skaitytaknyga.lt\/produktas\/jokiu-orchideju-mis-blendis\/#primaryimage\",\"url\":\"https:\/\/skaitytaknyga.lt\/wp-content\/uploads\/2025\/08\/Jokiu-orchideju-mis-Blendis-1.webp\",\"contentUrl\":\"https:\/\/skaitytaknyga.lt\/wp-content\/uploads\/2025\/08\/Jokiu-orchideju-mis-Blendis-1.webp\",\"width\":436,\"height\":801},{\"@type\":\"BreadcrumbList\",\"@id\":\"https:\/\/skaitytaknyga.lt\/produktas\/jokiu-orchideju-mis-blendis\/#breadcrumb\",\"itemListElement\":[{\"@type\":\"ListItem\",\"position\":1,\"name\":\"Home\",\"item\":\"https:\/\/skaitytaknyga.lt\/\"},{\"@type\":\"ListItem\",\"position\":2,\"name\":\"Parduotuv\u0117\",\"item\":\"https:\/\/skaitytaknyga.lt\/knygu-parduotuve\/\"},{\"@type\":\"ListItem\",\"position\":3,\"name\":\"Joki\u0173 orchid\u0117j\u0173 mis Blendi\u0161\"}]},{\"@type\":\"WebSite\",\"@id\":\"https:\/\/skaitytaknyga.lt\/#website\",\"url\":\"https:\/\/skaitytaknyga.lt\/\",\"name\":\"skaitytaknyga.lt\",\"description\":\"Skaitytaknyga.lt \u2013 tai ma\u017eas \u0161eimos verslas, kuris prasid\u0117jo nuo meil\u0117s knygoms ir siekio i\u0161gelb\u0117ti knygas nuo likimo prie konteinerio. Kas vienam nereikalingas daiktas \u2013 kitam lobis, o mes esame tarpininkai, kurie padeda abiems tapti laimingesniems ???? \u017dinome kaip nelengva i\u0161gyventi ma\u017eiems verslams, tad nuo \u0161iol, \u010dia rasite ir kit\u0173, ma\u017e\u0173 \u0161eim\u0173 versl\u0173, rank\u0173 darbo, dovan\u0173 sau ir artimiesiems.\",\"publisher\":{\"@id\":\"https:\/\/skaitytaknyga.lt\/#organization\"},\"potentialAction\":[{\"@type\":\"SearchAction\",\"target\":{\"@type\":\"EntryPoint\",\"urlTemplate\":\"https:\/\/skaitytaknyga.lt\/?s={search_term_string}\"},\"query-input\":{\"@type\":\"PropertyValueSpecification\",\"valueRequired\":true,\"valueName\":\"search_term_string\"}}],\"inLanguage\":\"en-GB\"},{\"@type\":\"Organization\",\"@id\":\"https:\/\/skaitytaknyga.lt\/#organization\",\"name\":\"skaitytaknyga.lt\",\"url\":\"https:\/\/skaitytaknyga.lt\/\",\"logo\":{\"@type\":\"ImageObject\",\"inLanguage\":\"en-GB\",\"@id\":\"https:\/\/skaitytaknyga.lt\/#\/schema\/logo\/image\/\",\"url\":\"https:\/\/skaitytaknyga.lt\/wp-content\/uploads\/2024\/05\/cropped-cropped-cropped-02_00843_jt3bggkj1j3HLc7SyY6rEUpg.jpeg\",\"contentUrl\":\"https:\/\/skaitytaknyga.lt\/wp-content\/uploads\/2024\/05\/cropped-cropped-cropped-02_00843_jt3bggkj1j3HLc7SyY6rEUpg.jpeg\",\"width\":1600,\"height\":1600,\"caption\":\"skaitytaknyga.lt\"},\"image\":{\"@id\":\"https:\/\/skaitytaknyga.lt\/#\/schema\/logo\/image\/\"},\"sameAs\":[\"https:\/\/www.facebook.com\/skaitytaknyga\/\"]}]}<\/script>\n<!-- \/ Yoast SEO plugin. -->","yoast_head_json":{"title":"Joki\u0173 orchid\u0117j\u0173 mis Blendi\u0161","description":"\u201eJoki\u0173 orchid\u0117j\u0173 mis Blendi\u0161\" \u2013 intriguojantis pasakojimas apie tai, kaip du netik\u0161os nusikalt\u0117liai d\u0117l i\u0161pirkos pagrobia nekalt\u0105 turting\u0105 \u012fp\u0117din\u0119. Ji","robots":{"index":"index","follow":"follow","max-snippet":"max-snippet:-1","max-image-preview":"max-image-preview:large","max-video-preview":"max-video-preview:-1"},"canonical":"https:\/\/skaitytaknyga.lt\/en\/produktas\/jokiu-orchideju-mis-blendis\/","og_locale":"en_GB","og_type":"article","og_title":"[:lt]Joki\u0173 orchid\u0117j\u0173 mis Blendi\u0161[:] - Skaitytaknyga","og_description":"\u201eJoki\u0173 orchid\u0117j\u0173 mis Blendi\u0161\" \u2013 intriguojantis pasakojimas apie tai, kaip du netik\u0161os nusikalt\u0117liai d\u0117l i\u0161pirkos pagrobia nekalt\u0105 turting\u0105 \u012fp\u0117din\u0119. Ji","og_url":"https:\/\/skaitytaknyga.lt\/en\/produktas\/jokiu-orchideju-mis-blendis\/","og_site_name":"Skaitytaknyga","article_publisher":"https:\/\/www.facebook.com\/skaitytaknyga\/","article_modified_time":"2026-03-05T11:33:53+00:00","og_image":[{"width":436,"height":801,"url":"https:\/\/skaitytaknyga.lt\/wp-content\/uploads\/2025\/08\/Jokiu-orchideju-mis-Blendis-1.webp","type":"image\/webp"}],"twitter_card":"summary_large_image","twitter_misc":{"Estimated reading time":"1 minute"},"schema":{"@context":"https:\/\/schema.org","@graph":[{"@type":"WebPage","@id":"https:\/\/skaitytaknyga.lt\/produktas\/jokiu-orchideju-mis-blendis\/","url":"https:\/\/skaitytaknyga.lt\/produktas\/jokiu-orchideju-mis-blendis\/","name":"Joki\u0173 orchid\u0117j\u0173 mis Blendi\u0161","isPartOf":{"@id":"https:\/\/skaitytaknyga.lt\/#website"},"primaryImageOfPage":{"@id":"https:\/\/skaitytaknyga.lt\/produktas\/jokiu-orchideju-mis-blendis\/#primaryimage"},"image":{"@id":"https:\/\/skaitytaknyga.lt\/produktas\/jokiu-orchideju-mis-blendis\/#primaryimage"},"thumbnailUrl":"https:\/\/skaitytaknyga.lt\/wp-content\/uploads\/2025\/08\/Jokiu-orchideju-mis-Blendis-1.webp","datePublished":"2025-08-25T14:38:07+00:00","dateModified":"2026-03-05T11:33:53+00:00","description":"\u201eJoki\u0173 orchid\u0117j\u0173 mis Blendi\u0161\" \u2013 intriguojantis pasakojimas apie tai, kaip du netik\u0161os nusikalt\u0117liai d\u0117l i\u0161pirkos pagrobia nekalt\u0105 turting\u0105 \u012fp\u0117din\u0119. Ji","breadcrumb":{"@id":"https:\/\/skaitytaknyga.lt\/produktas\/jokiu-orchideju-mis-blendis\/#breadcrumb"},"inLanguage":"en-GB","potentialAction":[{"@type":"ReadAction","target":["https:\/\/skaitytaknyga.lt\/produktas\/jokiu-orchideju-mis-blendis\/"]}]},{"@type":"ImageObject","inLanguage":"en-GB","@id":"https:\/\/skaitytaknyga.lt\/produktas\/jokiu-orchideju-mis-blendis\/#primaryimage","url":"https:\/\/skaitytaknyga.lt\/wp-content\/uploads\/2025\/08\/Jokiu-orchideju-mis-Blendis-1.webp","contentUrl":"https:\/\/skaitytaknyga.lt\/wp-content\/uploads\/2025\/08\/Jokiu-orchideju-mis-Blendis-1.webp","width":436,"height":801},{"@type":"BreadcrumbList","@id":"https:\/\/skaitytaknyga.lt\/produktas\/jokiu-orchideju-mis-blendis\/#breadcrumb","itemListElement":[{"@type":"ListItem","position":1,"name":"Home","item":"https:\/\/skaitytaknyga.lt\/"},{"@type":"ListItem","position":2,"name":"Parduotuv\u0117","item":"https:\/\/skaitytaknyga.lt\/knygu-parduotuve\/"},{"@type":"ListItem","position":3,"name":"Joki\u0173 orchid\u0117j\u0173 mis Blendi\u0161"}]},{"@type":"WebSite","@id":"https:\/\/skaitytaknyga.lt\/#website","url":"https:\/\/skaitytaknyga.lt\/","name":"skaitytaknyga.lt","description":"Skaitytaknyga.lt \u2013 tai ma\u017eas \u0161eimos verslas, kuris prasid\u0117jo nuo meil\u0117s knygoms ir siekio i\u0161gelb\u0117ti knygas nuo likimo prie konteinerio. Kas vienam nereikalingas daiktas \u2013 kitam lobis, o mes esame tarpininkai, kurie padeda abiems tapti laimingesniems ???? \u017dinome kaip nelengva i\u0161gyventi ma\u017eiems verslams, tad nuo \u0161iol, \u010dia rasite ir kit\u0173, ma\u017e\u0173 \u0161eim\u0173 versl\u0173, rank\u0173 darbo, dovan\u0173 sau ir artimiesiems.","publisher":{"@id":"https:\/\/skaitytaknyga.lt\/#organization"},"potentialAction":[{"@type":"SearchAction","target":{"@type":"EntryPoint","urlTemplate":"https:\/\/skaitytaknyga.lt\/?s={search_term_string}"},"query-input":{"@type":"PropertyValueSpecification","valueRequired":true,"valueName":"search_term_string"}}],"inLanguage":"en-GB"},{"@type":"Organization","@id":"https:\/\/skaitytaknyga.lt\/#organization","name":"skaitytaknyga.lt","url":"https:\/\/skaitytaknyga.lt\/","logo":{"@type":"ImageObject","inLanguage":"en-GB","@id":"https:\/\/skaitytaknyga.lt\/#\/schema\/logo\/image\/","url":"https:\/\/skaitytaknyga.lt\/wp-content\/uploads\/2024\/05\/cropped-cropped-cropped-02_00843_jt3bggkj1j3HLc7SyY6rEUpg.jpeg","contentUrl":"https:\/\/skaitytaknyga.lt\/wp-content\/uploads\/2024\/05\/cropped-cropped-cropped-02_00843_jt3bggkj1j3HLc7SyY6rEUpg.jpeg","width":1600,"height":1600,"caption":"skaitytaknyga.lt"},"image":{"@id":"https:\/\/skaitytaknyga.lt\/#\/schema\/logo\/image\/"},"sameAs":["https:\/\/www.facebook.com\/skaitytaknyga\/"]}]}},"_links":{"self":[{"href":"https:\/\/skaitytaknyga.lt\/en\/wp-json\/wp\/v2\/product\/20362","targetHints":{"allow":["GET"]}}],"collection":[{"href":"https:\/\/skaitytaknyga.lt\/en\/wp-json\/wp\/v2\/product"}],"about":[{"href":"https:\/\/skaitytaknyga.lt\/en\/wp-json\/wp\/v2\/types\/product"}],"replies":[{"embeddable":true,"href":"https:\/\/skaitytaknyga.lt\/en\/wp-json\/wp\/v2\/comments?post=20362"}],"wp:featuredmedia":[{"embeddable":true,"href":"https:\/\/skaitytaknyga.lt\/en\/wp-json\/wp\/v2\/media\/20367"}],"wp:attachment":[{"href":"https:\/\/skaitytaknyga.lt\/en\/wp-json\/wp\/v2\/media?parent=20362"}],"wp:term":[{"taxonomy":"product_brand","embeddable":true,"href":"https:\/\/skaitytaknyga.lt\/en\/wp-json\/wp\/v2\/product_brand?post=20362"},{"taxonomy":"product_cat","embeddable":true,"href":"https:\/\/skaitytaknyga.lt\/en\/wp-json\/wp\/v2\/product_cat?post=20362"},{"taxonomy":"product_tag","embeddable":true,"href":"https:\/\/skaitytaknyga.lt\/en\/wp-json\/wp\/v2\/product_tag?post=20362"}],"curies":[{"name":"wp","href":"https:\/\/api.w.org\/{rel}","templated":true}]}}