{"id":20361,"date":"2025-08-25T17:38:07","date_gmt":"2025-08-25T14:38:07","guid":{"rendered":"https:\/\/skaitytaknyga.lt\/?post_type=product&#038;p=20361"},"modified":"2025-09-06T11:51:30","modified_gmt":"2025-09-06T08:51:30","slug":"lolos-v-stein-apzavejimas","status":"publish","type":"product","link":"https:\/\/skaitytaknyga.lt\/en\/produktas\/lolos-v-stein-apzavejimas\/","title":{"rendered":"Lolos V. Stein ap\u017eav\u0117jimas"},"content":{"rendered":"<p>\u0160ioje istorijoje Lola V. Stein jauna, gra\u017ei moteris, s\u0117kmingai i\u0161tek\u0117jusi, trij\u0173 mergai\u010di\u0173 motina, turinti patog\u0173, apr\u016bpint\u0105 viduriniosios klas\u0117s gyvenim\u0105, po de\u0161imties met\u0173 pertraukos su \u0161eima sugr\u012f\u017eta gyventi j savo gimt\u0105j\u012f miest\u0105, kur jos su\u017ead\u0117tinis paliko j\u0105 d\u0117l daug vyresn\u0117s moters. Lola u\u017evaldo nenumaldomas ir negailestingas tro\u0161kimas v\u0117l i\u0161gyventi seniai \u012fvykusi\u0105 tragedij\u0105. Ji susiranda seniai pamir\u0161t\u0105 vaikyst\u0117s draug\u0119 Tatjan\u0105 Kari, lemtingojo \u012fvykio liudinink\u0119, kurios meilu\u017eis \u017dakas Holdas pamilsta Lol\u0105. Lola nori matyti \u017dak\u0105 ir Tatjan\u0105 j\u0173 slapt\u0173 pasimatym\u0173 metu. V\u0117liau ji \u017eengia dar vien\u0105 \u017eingsn\u012f ir kartu su \u017daku Holdu sugr\u012f\u017eta\u012f kazino \u0161oki\u0173 sal\u0119, kurioje prie\u0161 de\u0161imtmet\u012f mat\u0117, kaip jos mylim\u0105j\u012f Maikl\u0105 Ri\u010dardson\u0105 u\u017evald\u0117 meil\u0117 fatali\u0161k\u0105jai Anai Mari Stretter&#8230;<\/p>\n","protected":false},"excerpt":{"rendered":"<p>\u0160ioje istorijoje Lola V. Stein jauna, gra\u017ei moteris, s\u0117kmingai i\u0161tek\u0117jusi, trij\u0173 mergai\u010di\u0173 motina, turinti patog\u0173, apr\u016bpint\u0105 viduriniosios klas\u0117s gyvenim\u0105, po de\u0161imties met\u0173 pertraukos su \u0161eima sugr\u012f\u017eta gyventi j savo gimt\u0105j\u012f miest\u0105, kur jos su\u017ead\u0117tinis paliko j\u0105 d\u0117l daug vyresn\u0117s moters. Lola u\u017evaldo nenumaldomas ir negailestingas tro\u0161kimas v\u0117l i\u0161gyventi seniai \u012fvykusi\u0105 tragedij\u0105. Ji susiranda seniai pamir\u0161t\u0105 vaikyst\u0117s draug\u0119 Tatjan\u0105 Kari, lemtingojo \u012fvykio liudinink\u0119, kurios meilu\u017eis \u017dakas Holdas pamilsta Lol\u0105. Lola nori matyti \u017dak\u0105 ir Tatjan\u0105 j\u0173 slapt\u0173 pasimatym\u0173 metu. V\u0117liau ji \u017eengia dar vien\u0105 \u017eingsn\u012f ir kartu su \u017daku Holdu sugr\u012f\u017eta\u012f kazino \u0161oki\u0173 sal\u0119, kurioje prie\u0161 de\u0161imtmet\u012f mat\u0117, kaip jos mylim\u0105j\u012f Maikl\u0105 Ri\u010dardson\u0105 u\u017evald\u0117 meil\u0117 fatali\u0161k\u0105jai Anai Mari Stretter&#8230;<\/p>\n","protected":false},"featured_media":20366,"comment_status":"open","ping_status":"closed","template":"","meta":{"_acf_changed":false,"site-sidebar-layout":"default","site-content-layout":"","ast-site-content-layout":"default","site-content-style":"default","site-sidebar-style":"default","ast-global-header-display":"","ast-banner-title-visibility":"","ast-main-header-display":"","ast-hfb-above-header-display":"","ast-hfb-below-header-display":"","ast-hfb-mobile-header-display":"","site-post-title":"","ast-breadcrumbs-content":"","ast-featured-img":"","footer-sml-layout":"","ast-disable-related-posts":"","theme-transparent-header-meta":"","adv-header-id-meta":"","stick-header-meta":"","header-above-stick-meta":"","header-main-stick-meta":"","header-below-stick-meta":"","astra-migrate-meta-layouts":"default","ast-page-background-enabled":"default","ast-page-background-meta":{"desktop":{"background-color":"","background-image":"","background-repeat":"repeat","background-position":"center center","background-size":"auto","background-attachment":"scroll","background-type":"","background-media":"","overlay-type":"","overlay-color":"","overlay-opacity":"","overlay-gradient":""},"tablet":{"background-color":"","background-image":"","background-repeat":"repeat","background-position":"center center","background-size":"auto","background-attachment":"scroll","background-type":"","background-media":"","overlay-type":"","overlay-color":"","overlay-opacity":"","overlay-gradient":""},"mobile":{"background-color":"","background-image":"","background-repeat":"repeat","background-position":"center center","background-size":"auto","background-attachment":"scroll","background-type":"","background-media":"","overlay-type":"","overlay-color":"","overlay-opacity":"","overlay-gradient":""}},"ast-content-background-meta":{"desktop":{"background-color":"var(--ast-global-color-4)","background-image":"","background-repeat":"repeat","background-position":"center center","background-size":"auto","background-attachment":"scroll","background-type":"","background-media":"","overlay-type":"","overlay-color":"","overlay-opacity":"","overlay-gradient":""},"tablet":{"background-color":"var(--ast-global-color-4)","background-image":"","background-repeat":"repeat","background-position":"center center","background-size":"auto","background-attachment":"scroll","background-type":"","background-media":"","overlay-type":"","overlay-color":"","overlay-opacity":"","overlay-gradient":""},"mobile":{"background-color":"var(--ast-global-color-4)","background-image":"","background-repeat":"repeat","background-position":"center center","background-size":"auto","background-attachment":"scroll","background-type":"","background-media":"","overlay-type":"","overlay-color":"","overlay-opacity":"","overlay-gradient":""}}},"product_brand":[],"product_cat":[31],"product_tag":[7988,1796,2582,1417,3202],"class_list":{"0":"post-20361","1":"product","2":"type-product","3":"status-publish","4":"has-post-thumbnail","6":"product_cat-grozine-literatura","7":"product_tag-marguerite-duras-romanas","8":"product_tag-meile","9":"product_tag-moterys","10":"product_tag-santykiai","11":"product_tag-tragedija","12":"desktop-align-left","13":"tablet-align-left","14":"mobile-align-left","16":"first","17":"instock","18":"shipping-taxable","19":"purchasable","20":"product-type-simple"},"acf":[],"yoast_head":"<!-- This site is optimized with the Yoast SEO plugin v27.0 - https:\/\/yoast.com\/product\/yoast-seo-wordpress\/ -->\n<title>Lolos V. Stein ap\u017eav\u0117jimas<\/title>\n<meta name=\"description\" content=\"\u0160ioje istorijoje Lola V. Stein jauna, gra\u017ei moteris, s\u0117kmingai i\u0161tek\u0117jusi, trij\u0173 mergai\u010di\u0173 motina, turinti patog\u0173, apr\u016bpint\u0105 viduriniosios klas\u0117s\" \/>\n<meta name=\"robots\" content=\"index, follow, max-snippet:-1, max-image-preview:large, max-video-preview:-1\" \/>\n<link rel=\"canonical\" href=\"https:\/\/skaitytaknyga.lt\/en\/produktas\/lolos-v-stein-apzavejimas\/\" \/>\n<meta property=\"og:locale\" content=\"en_GB\" \/>\n<meta property=\"og:locale:alternate\" content=\"lt_LT\" \/>\n<meta property=\"og:type\" content=\"article\" \/>\n<meta property=\"og:title\" content=\"Lolos V. Stein ap\u017eav\u0117jimas\" \/>\n<meta property=\"og:description\" content=\"\u0160ioje istorijoje Lola V. Stein jauna, gra\u017ei moteris, s\u0117kmingai i\u0161tek\u0117jusi, trij\u0173 mergai\u010di\u0173 motina, turinti patog\u0173, apr\u016bpint\u0105 viduriniosios klas\u0117s\" \/>\n<meta property=\"og:url\" content=\"https:\/\/skaitytaknyga.lt\/en\/produktas\/lolos-v-stein-apzavejimas\/\" \/>\n<meta property=\"og:site_name\" content=\"Skaitytaknyga\" \/>\n<meta property=\"article:publisher\" content=\"https:\/\/www.facebook.com\/skaitytaknyga\/\" \/>\n<meta property=\"article:modified_time\" content=\"2025-09-06T08:51:30+00:00\" \/>\n<meta property=\"og:image\" content=\"https:\/\/skaitytaknyga.lt\/wp-content\/uploads\/2025\/08\/Lolos-V.-Stein-apzavejimas-1.webp\" \/>\n\t<meta property=\"og:image:width\" content=\"563\" \/>\n\t<meta property=\"og:image:height\" content=\"801\" \/>\n\t<meta property=\"og:image:type\" content=\"image\/webp\" \/>\n<meta name=\"twitter:card\" content=\"summary_large_image\" \/>\n<meta name=\"twitter:label1\" content=\"Estimated reading time\" \/>\n\t<meta name=\"twitter:data1\" content=\"1 minute\" \/>\n<script type=\"application\/ld+json\" class=\"yoast-schema-graph\">{\"@context\":\"https:\/\/schema.org\",\"@graph\":[{\"@type\":\"WebPage\",\"@id\":\"https:\/\/skaitytaknyga.lt\/produktas\/lolos-v-stein-apzavejimas\/\",\"url\":\"https:\/\/skaitytaknyga.lt\/produktas\/lolos-v-stein-apzavejimas\/\",\"name\":\"Lolos V. Stein ap\u017eav\u0117jimas\",\"isPartOf\":{\"@id\":\"https:\/\/skaitytaknyga.lt\/#website\"},\"primaryImageOfPage\":{\"@id\":\"https:\/\/skaitytaknyga.lt\/produktas\/lolos-v-stein-apzavejimas\/#primaryimage\"},\"image\":{\"@id\":\"https:\/\/skaitytaknyga.lt\/produktas\/lolos-v-stein-apzavejimas\/#primaryimage\"},\"thumbnailUrl\":\"https:\/\/skaitytaknyga.lt\/wp-content\/uploads\/2025\/08\/Lolos-V.-Stein-apzavejimas-1.webp\",\"datePublished\":\"2025-08-25T14:38:07+00:00\",\"dateModified\":\"2025-09-06T08:51:30+00:00\",\"description\":\"\u0160ioje istorijoje Lola V. Stein jauna, gra\u017ei moteris, s\u0117kmingai i\u0161tek\u0117jusi, trij\u0173 mergai\u010di\u0173 motina, turinti patog\u0173, apr\u016bpint\u0105 viduriniosios klas\u0117s\",\"breadcrumb\":{\"@id\":\"https:\/\/skaitytaknyga.lt\/produktas\/lolos-v-stein-apzavejimas\/#breadcrumb\"},\"inLanguage\":\"en-GB\",\"potentialAction\":[{\"@type\":\"ReadAction\",\"target\":[\"https:\/\/skaitytaknyga.lt\/produktas\/lolos-v-stein-apzavejimas\/\"]}]},{\"@type\":\"ImageObject\",\"inLanguage\":\"en-GB\",\"@id\":\"https:\/\/skaitytaknyga.lt\/produktas\/lolos-v-stein-apzavejimas\/#primaryimage\",\"url\":\"https:\/\/skaitytaknyga.lt\/wp-content\/uploads\/2025\/08\/Lolos-V.-Stein-apzavejimas-1.webp\",\"contentUrl\":\"https:\/\/skaitytaknyga.lt\/wp-content\/uploads\/2025\/08\/Lolos-V.-Stein-apzavejimas-1.webp\",\"width\":563,\"height\":801,\"caption\":\"Lolos V. Stein ap\u017eav\u0117jimas\"},{\"@type\":\"BreadcrumbList\",\"@id\":\"https:\/\/skaitytaknyga.lt\/produktas\/lolos-v-stein-apzavejimas\/#breadcrumb\",\"itemListElement\":[{\"@type\":\"ListItem\",\"position\":1,\"name\":\"Home\",\"item\":\"https:\/\/skaitytaknyga.lt\/\"},{\"@type\":\"ListItem\",\"position\":2,\"name\":\"Parduotuv\u0117\",\"item\":\"https:\/\/skaitytaknyga.lt\/knygu-parduotuve\/\"},{\"@type\":\"ListItem\",\"position\":3,\"name\":\"Lolos V. Stein ap\u017eav\u0117jimas\"}]},{\"@type\":\"WebSite\",\"@id\":\"https:\/\/skaitytaknyga.lt\/#website\",\"url\":\"https:\/\/skaitytaknyga.lt\/\",\"name\":\"skaitytaknyga.lt\",\"description\":\"Skaitytaknyga.lt \u2013 tai ma\u017eas \u0161eimos verslas, kuris prasid\u0117jo nuo meil\u0117s knygoms ir siekio i\u0161gelb\u0117ti knygas nuo likimo prie konteinerio. Kas vienam nereikalingas daiktas \u2013 kitam lobis, o mes esame tarpininkai, kurie padeda abiems tapti laimingesniems ???? \u017dinome kaip nelengva i\u0161gyventi ma\u017eiems verslams, tad nuo \u0161iol, \u010dia rasite ir kit\u0173, ma\u017e\u0173 \u0161eim\u0173 versl\u0173, rank\u0173 darbo, dovan\u0173 sau ir artimiesiems.\",\"publisher\":{\"@id\":\"https:\/\/skaitytaknyga.lt\/#organization\"},\"potentialAction\":[{\"@type\":\"SearchAction\",\"target\":{\"@type\":\"EntryPoint\",\"urlTemplate\":\"https:\/\/skaitytaknyga.lt\/?s={search_term_string}\"},\"query-input\":{\"@type\":\"PropertyValueSpecification\",\"valueRequired\":true,\"valueName\":\"search_term_string\"}}],\"inLanguage\":\"en-GB\"},{\"@type\":\"Organization\",\"@id\":\"https:\/\/skaitytaknyga.lt\/#organization\",\"name\":\"skaitytaknyga.lt\",\"url\":\"https:\/\/skaitytaknyga.lt\/\",\"logo\":{\"@type\":\"ImageObject\",\"inLanguage\":\"en-GB\",\"@id\":\"https:\/\/skaitytaknyga.lt\/#\/schema\/logo\/image\/\",\"url\":\"https:\/\/skaitytaknyga.lt\/wp-content\/uploads\/2024\/05\/cropped-cropped-cropped-02_00843_jt3bggkj1j3HLc7SyY6rEUpg.jpeg\",\"contentUrl\":\"https:\/\/skaitytaknyga.lt\/wp-content\/uploads\/2024\/05\/cropped-cropped-cropped-02_00843_jt3bggkj1j3HLc7SyY6rEUpg.jpeg\",\"width\":1600,\"height\":1600,\"caption\":\"skaitytaknyga.lt\"},\"image\":{\"@id\":\"https:\/\/skaitytaknyga.lt\/#\/schema\/logo\/image\/\"},\"sameAs\":[\"https:\/\/www.facebook.com\/skaitytaknyga\/\"]}]}<\/script>\n<!-- \/ Yoast SEO plugin. -->","yoast_head_json":{"title":"Lolos V. Stein ap\u017eav\u0117jimas","description":"\u0160ioje istorijoje Lola V. Stein jauna, gra\u017ei moteris, s\u0117kmingai i\u0161tek\u0117jusi, trij\u0173 mergai\u010di\u0173 motina, turinti patog\u0173, apr\u016bpint\u0105 viduriniosios klas\u0117s","robots":{"index":"index","follow":"follow","max-snippet":"max-snippet:-1","max-image-preview":"max-image-preview:large","max-video-preview":"max-video-preview:-1"},"canonical":"https:\/\/skaitytaknyga.lt\/en\/produktas\/lolos-v-stein-apzavejimas\/","og_locale":"en_GB","og_type":"article","og_title":"[:lt]Lolos V. Stein ap\u017eav\u0117jimas[:] - Skaitytaknyga","og_description":"\u0160ioje istorijoje Lola V. Stein jauna, gra\u017ei moteris, s\u0117kmingai i\u0161tek\u0117jusi, trij\u0173 mergai\u010di\u0173 motina, turinti patog\u0173, apr\u016bpint\u0105 viduriniosios klas\u0117s","og_url":"https:\/\/skaitytaknyga.lt\/en\/produktas\/lolos-v-stein-apzavejimas\/","og_site_name":"Skaitytaknyga","article_publisher":"https:\/\/www.facebook.com\/skaitytaknyga\/","article_modified_time":"2025-09-06T08:51:30+00:00","og_image":[{"width":563,"height":801,"url":"https:\/\/skaitytaknyga.lt\/wp-content\/uploads\/2025\/08\/Lolos-V.-Stein-apzavejimas-1.webp","type":"image\/webp"}],"twitter_card":"summary_large_image","twitter_misc":{"Estimated reading time":"1 minute"},"schema":{"@context":"https:\/\/schema.org","@graph":[{"@type":"WebPage","@id":"https:\/\/skaitytaknyga.lt\/produktas\/lolos-v-stein-apzavejimas\/","url":"https:\/\/skaitytaknyga.lt\/produktas\/lolos-v-stein-apzavejimas\/","name":"Lolos V. Stein ap\u017eav\u0117jimas","isPartOf":{"@id":"https:\/\/skaitytaknyga.lt\/#website"},"primaryImageOfPage":{"@id":"https:\/\/skaitytaknyga.lt\/produktas\/lolos-v-stein-apzavejimas\/#primaryimage"},"image":{"@id":"https:\/\/skaitytaknyga.lt\/produktas\/lolos-v-stein-apzavejimas\/#primaryimage"},"thumbnailUrl":"https:\/\/skaitytaknyga.lt\/wp-content\/uploads\/2025\/08\/Lolos-V.-Stein-apzavejimas-1.webp","datePublished":"2025-08-25T14:38:07+00:00","dateModified":"2025-09-06T08:51:30+00:00","description":"\u0160ioje istorijoje Lola V. Stein jauna, gra\u017ei moteris, s\u0117kmingai i\u0161tek\u0117jusi, trij\u0173 mergai\u010di\u0173 motina, turinti patog\u0173, apr\u016bpint\u0105 viduriniosios klas\u0117s","breadcrumb":{"@id":"https:\/\/skaitytaknyga.lt\/produktas\/lolos-v-stein-apzavejimas\/#breadcrumb"},"inLanguage":"en-GB","potentialAction":[{"@type":"ReadAction","target":["https:\/\/skaitytaknyga.lt\/produktas\/lolos-v-stein-apzavejimas\/"]}]},{"@type":"ImageObject","inLanguage":"en-GB","@id":"https:\/\/skaitytaknyga.lt\/produktas\/lolos-v-stein-apzavejimas\/#primaryimage","url":"https:\/\/skaitytaknyga.lt\/wp-content\/uploads\/2025\/08\/Lolos-V.-Stein-apzavejimas-1.webp","contentUrl":"https:\/\/skaitytaknyga.lt\/wp-content\/uploads\/2025\/08\/Lolos-V.-Stein-apzavejimas-1.webp","width":563,"height":801,"caption":"Lolos V. Stein ap\u017eav\u0117jimas"},{"@type":"BreadcrumbList","@id":"https:\/\/skaitytaknyga.lt\/produktas\/lolos-v-stein-apzavejimas\/#breadcrumb","itemListElement":[{"@type":"ListItem","position":1,"name":"Home","item":"https:\/\/skaitytaknyga.lt\/"},{"@type":"ListItem","position":2,"name":"Parduotuv\u0117","item":"https:\/\/skaitytaknyga.lt\/knygu-parduotuve\/"},{"@type":"ListItem","position":3,"name":"Lolos V. Stein ap\u017eav\u0117jimas"}]},{"@type":"WebSite","@id":"https:\/\/skaitytaknyga.lt\/#website","url":"https:\/\/skaitytaknyga.lt\/","name":"skaitytaknyga.lt","description":"Skaitytaknyga.lt \u2013 tai ma\u017eas \u0161eimos verslas, kuris prasid\u0117jo nuo meil\u0117s knygoms ir siekio i\u0161gelb\u0117ti knygas nuo likimo prie konteinerio. Kas vienam nereikalingas daiktas \u2013 kitam lobis, o mes esame tarpininkai, kurie padeda abiems tapti laimingesniems ???? \u017dinome kaip nelengva i\u0161gyventi ma\u017eiems verslams, tad nuo \u0161iol, \u010dia rasite ir kit\u0173, ma\u017e\u0173 \u0161eim\u0173 versl\u0173, rank\u0173 darbo, dovan\u0173 sau ir artimiesiems.","publisher":{"@id":"https:\/\/skaitytaknyga.lt\/#organization"},"potentialAction":[{"@type":"SearchAction","target":{"@type":"EntryPoint","urlTemplate":"https:\/\/skaitytaknyga.lt\/?s={search_term_string}"},"query-input":{"@type":"PropertyValueSpecification","valueRequired":true,"valueName":"search_term_string"}}],"inLanguage":"en-GB"},{"@type":"Organization","@id":"https:\/\/skaitytaknyga.lt\/#organization","name":"skaitytaknyga.lt","url":"https:\/\/skaitytaknyga.lt\/","logo":{"@type":"ImageObject","inLanguage":"en-GB","@id":"https:\/\/skaitytaknyga.lt\/#\/schema\/logo\/image\/","url":"https:\/\/skaitytaknyga.lt\/wp-content\/uploads\/2024\/05\/cropped-cropped-cropped-02_00843_jt3bggkj1j3HLc7SyY6rEUpg.jpeg","contentUrl":"https:\/\/skaitytaknyga.lt\/wp-content\/uploads\/2024\/05\/cropped-cropped-cropped-02_00843_jt3bggkj1j3HLc7SyY6rEUpg.jpeg","width":1600,"height":1600,"caption":"skaitytaknyga.lt"},"image":{"@id":"https:\/\/skaitytaknyga.lt\/#\/schema\/logo\/image\/"},"sameAs":["https:\/\/www.facebook.com\/skaitytaknyga\/"]}]}},"_links":{"self":[{"href":"https:\/\/skaitytaknyga.lt\/en\/wp-json\/wp\/v2\/product\/20361","targetHints":{"allow":["GET"]}}],"collection":[{"href":"https:\/\/skaitytaknyga.lt\/en\/wp-json\/wp\/v2\/product"}],"about":[{"href":"https:\/\/skaitytaknyga.lt\/en\/wp-json\/wp\/v2\/types\/product"}],"replies":[{"embeddable":true,"href":"https:\/\/skaitytaknyga.lt\/en\/wp-json\/wp\/v2\/comments?post=20361"}],"wp:featuredmedia":[{"embeddable":true,"href":"https:\/\/skaitytaknyga.lt\/en\/wp-json\/wp\/v2\/media\/20366"}],"wp:attachment":[{"href":"https:\/\/skaitytaknyga.lt\/en\/wp-json\/wp\/v2\/media?parent=20361"}],"wp:term":[{"taxonomy":"product_brand","embeddable":true,"href":"https:\/\/skaitytaknyga.lt\/en\/wp-json\/wp\/v2\/product_brand?post=20361"},{"taxonomy":"product_cat","embeddable":true,"href":"https:\/\/skaitytaknyga.lt\/en\/wp-json\/wp\/v2\/product_cat?post=20361"},{"taxonomy":"product_tag","embeddable":true,"href":"https:\/\/skaitytaknyga.lt\/en\/wp-json\/wp\/v2\/product_tag?post=20361"}],"curies":[{"name":"wp","href":"https:\/\/api.w.org\/{rel}","templated":true}]}}