{"id":20352,"date":"2025-08-25T17:29:17","date_gmt":"2025-08-25T14:29:17","guid":{"rendered":"https:\/\/skaitytaknyga.lt\/?post_type=product&#038;p=20352"},"modified":"2026-03-17T11:47:05","modified_gmt":"2026-03-17T09:47:05","slug":"teises-filosofijos-istorija","status":"publish","type":"product","link":"https:\/\/skaitytaknyga.lt\/en\/produktas\/teises-filosofijos-istorija\/","title":{"rendered":"Teis\u0117s filosofijos istorija"},"content":{"rendered":"<p>P. Leonas (1864-1938) \u2013 Lietuvos visuomen\u0117s veik\u0117jas, teisininkas, sociologas, pozityvistin\u0117s teis\u0117s krypties atstovas. Jo \u201eTeis\u0117s filosofijos istorij\u0105\u201c sudaro Kauno universitete 1927-1928 m. skaitytos paskaitos. \u0160iame veikale d\u0117stoma teis\u0117s filosofijos istorija nuo seniausi\u0173 laik\u0173 iki nauj\u0173j\u0173 am\u017ei\u0173, ji skirstoma \u012f keturis laikotarpius: Ryt\u0173, klasikin\u0117s senov\u0117s, viduram\u017ei\u0173 ir nauj\u0173j\u0173 laik\u0173. Pla\u010diai analizuojamas \u0160. L. Monteskj\u0117 traktatas \u201eApie \u012fstatym\u0173 dvasi\u0105\u201c, aptariama \u017d. \u017d. Ruso visuomen\u0117s sutarties teorija, supa\u017eindinama su I. Kanto teisin\u0117mis pa\u017ei\u016bromis.<\/p>\n","protected":false},"excerpt":{"rendered":"<p>P. Leonas (1864-1938) \u2013 Lietuvos visuomen\u0117s veik\u0117jas, teisininkas, sociologas, pozityvistin\u0117s teis\u0117s krypties atstovas. Jo \u201eTeis\u0117s filosofijos istorij\u0105\u201c sudaro Kauno universitete 1927-1928 m. skaitytos paskaitos. \u0160iame veikale d\u0117stoma teis\u0117s filosofijos istorija nuo seniausi\u0173 laik\u0173 iki nauj\u0173j\u0173 am\u017ei\u0173, ji skirstoma \u012f keturis laikotarpius: Ryt\u0173, klasikin\u0117s senov\u0117s, viduram\u017ei\u0173 ir nauj\u0173j\u0173 laik\u0173. Pla\u010diai analizuojamas \u0160. L. Monteskj\u0117 traktatas \u201eApie \u012fstatym\u0173 dvasi\u0105\u201c, aptariama \u017d. \u017d. Ruso visuomen\u0117s sutarties teorija, supa\u017eindinama su I. Kanto teisin\u0117mis pa\u017ei\u016bromis.<\/p>\n","protected":false},"featured_media":20357,"comment_status":"open","ping_status":"closed","template":"","meta":{"_acf_changed":false,"site-sidebar-layout":"default","site-content-layout":"","ast-site-content-layout":"default","site-content-style":"default","site-sidebar-style":"default","ast-global-header-display":"","ast-banner-title-visibility":"","ast-main-header-display":"","ast-hfb-above-header-display":"","ast-hfb-below-header-display":"","ast-hfb-mobile-header-display":"","site-post-title":"","ast-breadcrumbs-content":"","ast-featured-img":"","footer-sml-layout":"","ast-disable-related-posts":"","theme-transparent-header-meta":"","adv-header-id-meta":"","stick-header-meta":"","header-above-stick-meta":"","header-main-stick-meta":"","header-below-stick-meta":"","astra-migrate-meta-layouts":"default","ast-page-background-enabled":"default","ast-page-background-meta":{"desktop":{"background-color":"","background-image":"","background-repeat":"repeat","background-position":"center center","background-size":"auto","background-attachment":"scroll","background-type":"","background-media":"","overlay-type":"","overlay-color":"","overlay-opacity":"","overlay-gradient":""},"tablet":{"background-color":"","background-image":"","background-repeat":"repeat","background-position":"center center","background-size":"auto","background-attachment":"scroll","background-type":"","background-media":"","overlay-type":"","overlay-color":"","overlay-opacity":"","overlay-gradient":""},"mobile":{"background-color":"","background-image":"","background-repeat":"repeat","background-position":"center center","background-size":"auto","background-attachment":"scroll","background-type":"","background-media":"","overlay-type":"","overlay-color":"","overlay-opacity":"","overlay-gradient":""}},"ast-content-background-meta":{"desktop":{"background-color":"var(--ast-global-color-4)","background-image":"","background-repeat":"repeat","background-position":"center center","background-size":"auto","background-attachment":"scroll","background-type":"","background-media":"","overlay-type":"","overlay-color":"","overlay-opacity":"","overlay-gradient":""},"tablet":{"background-color":"var(--ast-global-color-4)","background-image":"","background-repeat":"repeat","background-position":"center center","background-size":"auto","background-attachment":"scroll","background-type":"","background-media":"","overlay-type":"","overlay-color":"","overlay-opacity":"","overlay-gradient":""},"mobile":{"background-color":"var(--ast-global-color-4)","background-image":"","background-repeat":"repeat","background-position":"center center","background-size":"auto","background-attachment":"scroll","background-type":"","background-media":"","overlay-type":"","overlay-color":"","overlay-opacity":"","overlay-gradient":""}}},"product_brand":[],"product_cat":[436],"product_tag":[1467,2224,7984,3035,6373],"class_list":{"0":"post-20352","1":"product","2":"type-product","3":"status-publish","4":"has-post-thumbnail","6":"product_cat-teise","7":"product_tag-filosofija","8":"product_tag-istorija","9":"product_tag-p-leonas-teise","10":"product_tag-sociologija","11":"product_tag-studijos","12":"desktop-align-left","13":"tablet-align-left","14":"mobile-align-left","16":"first","17":"instock","18":"shipping-taxable","19":"purchasable","20":"product-type-simple"},"acf":[],"yoast_head":"<!-- This site is optimized with the Yoast SEO plugin v27.0 - https:\/\/yoast.com\/product\/yoast-seo-wordpress\/ -->\n<title>Teis\u0117s filosofijos istorija<\/title>\n<meta name=\"description\" content=\"P. Leonas (1864-1938) \u2013 Lietuvos visuomen\u0117s veik\u0117jas, teisininkas, sociologas, pozityvistin\u0117s teis\u0117s krypties atstovas. Jo \u201eTeis\u0117s filosofijos istorij\u0105\u201c\" \/>\n<meta name=\"robots\" content=\"index, follow, max-snippet:-1, max-image-preview:large, max-video-preview:-1\" \/>\n<link rel=\"canonical\" href=\"https:\/\/skaitytaknyga.lt\/en\/produktas\/teises-filosofijos-istorija\/\" \/>\n<meta property=\"og:locale\" content=\"en_GB\" \/>\n<meta property=\"og:locale:alternate\" content=\"lt_LT\" \/>\n<meta property=\"og:type\" content=\"article\" \/>\n<meta property=\"og:title\" content=\"Teis\u0117s filosofijos istorija\" \/>\n<meta property=\"og:description\" content=\"P. Leonas (1864-1938) \u2013 Lietuvos visuomen\u0117s veik\u0117jas, teisininkas, sociologas, pozityvistin\u0117s teis\u0117s krypties atstovas. Jo \u201eTeis\u0117s filosofijos istorij\u0105\u201c\" \/>\n<meta property=\"og:url\" content=\"https:\/\/skaitytaknyga.lt\/en\/produktas\/teises-filosofijos-istorija\/\" \/>\n<meta property=\"og:site_name\" content=\"Skaitytaknyga\" \/>\n<meta property=\"article:publisher\" content=\"https:\/\/www.facebook.com\/skaitytaknyga\/\" \/>\n<meta property=\"article:modified_time\" content=\"2026-03-17T09:47:05+00:00\" \/>\n<meta property=\"og:image\" content=\"https:\/\/skaitytaknyga.lt\/wp-content\/uploads\/2025\/08\/Teises-filosofijos-istorija-1.webp\" \/>\n\t<meta property=\"og:image:width\" content=\"510\" \/>\n\t<meta property=\"og:image:height\" content=\"800\" \/>\n\t<meta property=\"og:image:type\" content=\"image\/webp\" \/>\n<meta name=\"twitter:card\" content=\"summary_large_image\" \/>\n<script type=\"application\/ld+json\" class=\"yoast-schema-graph\">{\"@context\":\"https:\/\/schema.org\",\"@graph\":[{\"@type\":\"WebPage\",\"@id\":\"https:\/\/skaitytaknyga.lt\/produktas\/teises-filosofijos-istorija\/\",\"url\":\"https:\/\/skaitytaknyga.lt\/produktas\/teises-filosofijos-istorija\/\",\"name\":\"Teis\u0117s filosofijos istorija\",\"isPartOf\":{\"@id\":\"https:\/\/skaitytaknyga.lt\/#website\"},\"primaryImageOfPage\":{\"@id\":\"https:\/\/skaitytaknyga.lt\/produktas\/teises-filosofijos-istorija\/#primaryimage\"},\"image\":{\"@id\":\"https:\/\/skaitytaknyga.lt\/produktas\/teises-filosofijos-istorija\/#primaryimage\"},\"thumbnailUrl\":\"https:\/\/skaitytaknyga.lt\/wp-content\/uploads\/2025\/08\/Teises-filosofijos-istorija-1.webp\",\"datePublished\":\"2025-08-25T14:29:17+00:00\",\"dateModified\":\"2026-03-17T09:47:05+00:00\",\"description\":\"P. Leonas (1864-1938) \u2013 Lietuvos visuomen\u0117s veik\u0117jas, teisininkas, sociologas, pozityvistin\u0117s teis\u0117s krypties atstovas. Jo \u201eTeis\u0117s filosofijos istorij\u0105\u201c\",\"breadcrumb\":{\"@id\":\"https:\/\/skaitytaknyga.lt\/produktas\/teises-filosofijos-istorija\/#breadcrumb\"},\"inLanguage\":\"en-GB\",\"potentialAction\":[{\"@type\":\"ReadAction\",\"target\":[\"https:\/\/skaitytaknyga.lt\/produktas\/teises-filosofijos-istorija\/\"]}]},{\"@type\":\"ImageObject\",\"inLanguage\":\"en-GB\",\"@id\":\"https:\/\/skaitytaknyga.lt\/produktas\/teises-filosofijos-istorija\/#primaryimage\",\"url\":\"https:\/\/skaitytaknyga.lt\/wp-content\/uploads\/2025\/08\/Teises-filosofijos-istorija-1.webp\",\"contentUrl\":\"https:\/\/skaitytaknyga.lt\/wp-content\/uploads\/2025\/08\/Teises-filosofijos-istorija-1.webp\",\"width\":510,\"height\":800,\"caption\":\"Teis\u0117s filosofijos istorija\"},{\"@type\":\"BreadcrumbList\",\"@id\":\"https:\/\/skaitytaknyga.lt\/produktas\/teises-filosofijos-istorija\/#breadcrumb\",\"itemListElement\":[{\"@type\":\"ListItem\",\"position\":1,\"name\":\"Home\",\"item\":\"https:\/\/skaitytaknyga.lt\/\"},{\"@type\":\"ListItem\",\"position\":2,\"name\":\"Parduotuv\u0117\",\"item\":\"https:\/\/skaitytaknyga.lt\/knygu-parduotuve\/\"},{\"@type\":\"ListItem\",\"position\":3,\"name\":\"Teis\u0117s filosofijos istorija\"}]},{\"@type\":\"WebSite\",\"@id\":\"https:\/\/skaitytaknyga.lt\/#website\",\"url\":\"https:\/\/skaitytaknyga.lt\/\",\"name\":\"skaitytaknyga.lt\",\"description\":\"Skaitytaknyga.lt \u2013 tai ma\u017eas \u0161eimos verslas, kuris prasid\u0117jo nuo meil\u0117s knygoms ir siekio i\u0161gelb\u0117ti knygas nuo likimo prie konteinerio. Kas vienam nereikalingas daiktas \u2013 kitam lobis, o mes esame tarpininkai, kurie padeda abiems tapti laimingesniems ???? \u017dinome kaip nelengva i\u0161gyventi ma\u017eiems verslams, tad nuo \u0161iol, \u010dia rasite ir kit\u0173, ma\u017e\u0173 \u0161eim\u0173 versl\u0173, rank\u0173 darbo, dovan\u0173 sau ir artimiesiems.\",\"publisher\":{\"@id\":\"https:\/\/skaitytaknyga.lt\/#organization\"},\"potentialAction\":[{\"@type\":\"SearchAction\",\"target\":{\"@type\":\"EntryPoint\",\"urlTemplate\":\"https:\/\/skaitytaknyga.lt\/?s={search_term_string}\"},\"query-input\":{\"@type\":\"PropertyValueSpecification\",\"valueRequired\":true,\"valueName\":\"search_term_string\"}}],\"inLanguage\":\"en-GB\"},{\"@type\":\"Organization\",\"@id\":\"https:\/\/skaitytaknyga.lt\/#organization\",\"name\":\"skaitytaknyga.lt\",\"url\":\"https:\/\/skaitytaknyga.lt\/\",\"logo\":{\"@type\":\"ImageObject\",\"inLanguage\":\"en-GB\",\"@id\":\"https:\/\/skaitytaknyga.lt\/#\/schema\/logo\/image\/\",\"url\":\"https:\/\/skaitytaknyga.lt\/wp-content\/uploads\/2024\/05\/cropped-cropped-cropped-02_00843_jt3bggkj1j3HLc7SyY6rEUpg.jpeg\",\"contentUrl\":\"https:\/\/skaitytaknyga.lt\/wp-content\/uploads\/2024\/05\/cropped-cropped-cropped-02_00843_jt3bggkj1j3HLc7SyY6rEUpg.jpeg\",\"width\":1600,\"height\":1600,\"caption\":\"skaitytaknyga.lt\"},\"image\":{\"@id\":\"https:\/\/skaitytaknyga.lt\/#\/schema\/logo\/image\/\"},\"sameAs\":[\"https:\/\/www.facebook.com\/skaitytaknyga\/\"]}]}<\/script>\n<!-- \/ Yoast SEO plugin. -->","yoast_head_json":{"title":"Teis\u0117s filosofijos istorija","description":"P. Leonas (1864-1938) \u2013 Lietuvos visuomen\u0117s veik\u0117jas, teisininkas, sociologas, pozityvistin\u0117s teis\u0117s krypties atstovas. Jo \u201eTeis\u0117s filosofijos istorij\u0105\u201c","robots":{"index":"index","follow":"follow","max-snippet":"max-snippet:-1","max-image-preview":"max-image-preview:large","max-video-preview":"max-video-preview:-1"},"canonical":"https:\/\/skaitytaknyga.lt\/en\/produktas\/teises-filosofijos-istorija\/","og_locale":"en_GB","og_type":"article","og_title":"[:lt]Teis\u0117s filosofijos istorija[:] - Skaitytaknyga","og_description":"P. Leonas (1864-1938) \u2013 Lietuvos visuomen\u0117s veik\u0117jas, teisininkas, sociologas, pozityvistin\u0117s teis\u0117s krypties atstovas. Jo \u201eTeis\u0117s filosofijos istorij\u0105\u201c","og_url":"https:\/\/skaitytaknyga.lt\/en\/produktas\/teises-filosofijos-istorija\/","og_site_name":"Skaitytaknyga","article_publisher":"https:\/\/www.facebook.com\/skaitytaknyga\/","article_modified_time":"2026-03-17T09:47:05+00:00","og_image":[{"width":510,"height":800,"url":"https:\/\/skaitytaknyga.lt\/wp-content\/uploads\/2025\/08\/Teises-filosofijos-istorija-1.webp","type":"image\/webp"}],"twitter_card":"summary_large_image","schema":{"@context":"https:\/\/schema.org","@graph":[{"@type":"WebPage","@id":"https:\/\/skaitytaknyga.lt\/produktas\/teises-filosofijos-istorija\/","url":"https:\/\/skaitytaknyga.lt\/produktas\/teises-filosofijos-istorija\/","name":"Teis\u0117s filosofijos istorija","isPartOf":{"@id":"https:\/\/skaitytaknyga.lt\/#website"},"primaryImageOfPage":{"@id":"https:\/\/skaitytaknyga.lt\/produktas\/teises-filosofijos-istorija\/#primaryimage"},"image":{"@id":"https:\/\/skaitytaknyga.lt\/produktas\/teises-filosofijos-istorija\/#primaryimage"},"thumbnailUrl":"https:\/\/skaitytaknyga.lt\/wp-content\/uploads\/2025\/08\/Teises-filosofijos-istorija-1.webp","datePublished":"2025-08-25T14:29:17+00:00","dateModified":"2026-03-17T09:47:05+00:00","description":"P. Leonas (1864-1938) \u2013 Lietuvos visuomen\u0117s veik\u0117jas, teisininkas, sociologas, pozityvistin\u0117s teis\u0117s krypties atstovas. Jo \u201eTeis\u0117s filosofijos istorij\u0105\u201c","breadcrumb":{"@id":"https:\/\/skaitytaknyga.lt\/produktas\/teises-filosofijos-istorija\/#breadcrumb"},"inLanguage":"en-GB","potentialAction":[{"@type":"ReadAction","target":["https:\/\/skaitytaknyga.lt\/produktas\/teises-filosofijos-istorija\/"]}]},{"@type":"ImageObject","inLanguage":"en-GB","@id":"https:\/\/skaitytaknyga.lt\/produktas\/teises-filosofijos-istorija\/#primaryimage","url":"https:\/\/skaitytaknyga.lt\/wp-content\/uploads\/2025\/08\/Teises-filosofijos-istorija-1.webp","contentUrl":"https:\/\/skaitytaknyga.lt\/wp-content\/uploads\/2025\/08\/Teises-filosofijos-istorija-1.webp","width":510,"height":800,"caption":"Teis\u0117s filosofijos istorija"},{"@type":"BreadcrumbList","@id":"https:\/\/skaitytaknyga.lt\/produktas\/teises-filosofijos-istorija\/#breadcrumb","itemListElement":[{"@type":"ListItem","position":1,"name":"Home","item":"https:\/\/skaitytaknyga.lt\/"},{"@type":"ListItem","position":2,"name":"Parduotuv\u0117","item":"https:\/\/skaitytaknyga.lt\/knygu-parduotuve\/"},{"@type":"ListItem","position":3,"name":"Teis\u0117s filosofijos istorija"}]},{"@type":"WebSite","@id":"https:\/\/skaitytaknyga.lt\/#website","url":"https:\/\/skaitytaknyga.lt\/","name":"skaitytaknyga.lt","description":"Skaitytaknyga.lt \u2013 tai ma\u017eas \u0161eimos verslas, kuris prasid\u0117jo nuo meil\u0117s knygoms ir siekio i\u0161gelb\u0117ti knygas nuo likimo prie konteinerio. Kas vienam nereikalingas daiktas \u2013 kitam lobis, o mes esame tarpininkai, kurie padeda abiems tapti laimingesniems ???? \u017dinome kaip nelengva i\u0161gyventi ma\u017eiems verslams, tad nuo \u0161iol, \u010dia rasite ir kit\u0173, ma\u017e\u0173 \u0161eim\u0173 versl\u0173, rank\u0173 darbo, dovan\u0173 sau ir artimiesiems.","publisher":{"@id":"https:\/\/skaitytaknyga.lt\/#organization"},"potentialAction":[{"@type":"SearchAction","target":{"@type":"EntryPoint","urlTemplate":"https:\/\/skaitytaknyga.lt\/?s={search_term_string}"},"query-input":{"@type":"PropertyValueSpecification","valueRequired":true,"valueName":"search_term_string"}}],"inLanguage":"en-GB"},{"@type":"Organization","@id":"https:\/\/skaitytaknyga.lt\/#organization","name":"skaitytaknyga.lt","url":"https:\/\/skaitytaknyga.lt\/","logo":{"@type":"ImageObject","inLanguage":"en-GB","@id":"https:\/\/skaitytaknyga.lt\/#\/schema\/logo\/image\/","url":"https:\/\/skaitytaknyga.lt\/wp-content\/uploads\/2024\/05\/cropped-cropped-cropped-02_00843_jt3bggkj1j3HLc7SyY6rEUpg.jpeg","contentUrl":"https:\/\/skaitytaknyga.lt\/wp-content\/uploads\/2024\/05\/cropped-cropped-cropped-02_00843_jt3bggkj1j3HLc7SyY6rEUpg.jpeg","width":1600,"height":1600,"caption":"skaitytaknyga.lt"},"image":{"@id":"https:\/\/skaitytaknyga.lt\/#\/schema\/logo\/image\/"},"sameAs":["https:\/\/www.facebook.com\/skaitytaknyga\/"]}]}},"_links":{"self":[{"href":"https:\/\/skaitytaknyga.lt\/en\/wp-json\/wp\/v2\/product\/20352","targetHints":{"allow":["GET"]}}],"collection":[{"href":"https:\/\/skaitytaknyga.lt\/en\/wp-json\/wp\/v2\/product"}],"about":[{"href":"https:\/\/skaitytaknyga.lt\/en\/wp-json\/wp\/v2\/types\/product"}],"replies":[{"embeddable":true,"href":"https:\/\/skaitytaknyga.lt\/en\/wp-json\/wp\/v2\/comments?post=20352"}],"wp:featuredmedia":[{"embeddable":true,"href":"https:\/\/skaitytaknyga.lt\/en\/wp-json\/wp\/v2\/media\/20357"}],"wp:attachment":[{"href":"https:\/\/skaitytaknyga.lt\/en\/wp-json\/wp\/v2\/media?parent=20352"}],"wp:term":[{"taxonomy":"product_brand","embeddable":true,"href":"https:\/\/skaitytaknyga.lt\/en\/wp-json\/wp\/v2\/product_brand?post=20352"},{"taxonomy":"product_cat","embeddable":true,"href":"https:\/\/skaitytaknyga.lt\/en\/wp-json\/wp\/v2\/product_cat?post=20352"},{"taxonomy":"product_tag","embeddable":true,"href":"https:\/\/skaitytaknyga.lt\/en\/wp-json\/wp\/v2\/product_tag?post=20352"}],"curies":[{"name":"wp","href":"https:\/\/api.w.org\/{rel}","templated":true}]}}