{"id":20343,"date":"2025-08-25T17:07:06","date_gmt":"2025-08-25T14:07:06","guid":{"rendered":"https:\/\/skaitytaknyga.lt\/?post_type=product&#038;p=20343"},"modified":"2025-09-06T11:51:22","modified_gmt":"2025-09-06T08:51:22","slug":"po-astuoniolikos-metu-atsisveikinimas-su-jabaniskemis-yra-pabraukymu","status":"publish","type":"product","link":"https:\/\/skaitytaknyga.lt\/en\/produktas\/po-astuoniolikos-metu-atsisveikinimas-su-jabaniskemis-yra-pabraukymu\/","title":{"rendered":"Po a\u0161tuoniolikos met\u0173: atsisveikinimas su Jabani\u0161k\u0117mis (yra pabraukym\u0173)"},"content":{"rendered":"<p>Esu para\u0161\u0119s ir i\u0161leid\u0119s daug poezijos knyg\u0173. Dabar beveik gal\u0117\u010diau pasakyti, kad naujai knygai, kaip romanui, noveli\u0173 ar eil\u0117ra\u0161\u010di\u0173 rinkiniui, reikia tam tikro krustel\u0117jimo ar krestel\u0117jimo. To, kas vyksta, atsitinka, i\u0161tinka. Knygos negali b\u016bti be permain\u0173 autoriaus viduje. \u0160i knyga pasira\u0161\u0117 vien\u0105 pavasar\u012f, kai a\u0161tuoniolika met\u0173 i\u0161gyven\u0119 viename Vilniaus rajone tur\u0117jome i\u0161sikelti \u012f kit\u0105. Sykiu tai sutapo su keliomis mano paties kelion\u0117mis \u012f sve\u010dias \u0161alis. \u0116m\u0117 ir pasira\u0161\u0117! Aplenkdama daugel\u012f mano paties darb\u0173 bei sumanym\u0173. Teisyb\u0117s vardan: \u012f j\u0105 tur\u0117jau \u012ftraukti ir keliolika ankst\u0117liau sukurt\u0173 opus\u0173, kad atsirast\u0173 \u201eantras planas\u201c, \u012fsijungt\u0173 \u201ekitas kv\u0117pavimas\u201c. Nor\u0117\u010diau, kad \u017emon\u0117s skaityt\u0173 j\u0105 kaip vieno pavasario knyg\u0105. Sigitas Geda<\/p>\n","protected":false},"excerpt":{"rendered":"<p>Esu para\u0161\u0119s ir i\u0161leid\u0119s daug poezijos knyg\u0173. Dabar beveik gal\u0117\u010diau pasakyti, kad naujai knygai, kaip romanui, noveli\u0173 ar eil\u0117ra\u0161\u010di\u0173 rinkiniui, reikia tam tikro krustel\u0117jimo ar krestel\u0117jimo. To, kas vyksta, atsitinka, i\u0161tinka. Knygos negali b\u016bti be permain\u0173 autoriaus viduje. \u0160i knyga pasira\u0161\u0117 vien\u0105 pavasar\u012f, kai a\u0161tuoniolika met\u0173 i\u0161gyven\u0119 viename Vilniaus rajone tur\u0117jome i\u0161sikelti \u012f kit\u0105. Sykiu tai sutapo su keliomis mano paties kelion\u0117mis \u012f sve\u010dias \u0161alis. \u0116m\u0117 ir pasira\u0161\u0117! Aplenkdama daugel\u012f mano paties darb\u0173 bei sumanym\u0173. Teisyb\u0117s vardan: \u012f j\u0105 tur\u0117jau \u012ftraukti ir keliolika ankst\u0117liau sukurt\u0173 opus\u0173, kad atsirast\u0173 \u201eantras planas\u201c, \u012fsijungt\u0173 \u201ekitas kv\u0117pavimas\u201c. Nor\u0117\u010diau, kad \u017emon\u0117s skaityt\u0173 j\u0105 kaip vieno pavasario knyg\u0105. Sigitas Geda<\/p>\n","protected":false},"featured_media":20348,"comment_status":"open","ping_status":"closed","template":"","meta":{"_acf_changed":false,"site-sidebar-layout":"default","site-content-layout":"","ast-site-content-layout":"default","site-content-style":"default","site-sidebar-style":"default","ast-global-header-display":"","ast-banner-title-visibility":"","ast-main-header-display":"","ast-hfb-above-header-display":"","ast-hfb-below-header-display":"","ast-hfb-mobile-header-display":"","site-post-title":"","ast-breadcrumbs-content":"","ast-featured-img":"","footer-sml-layout":"","ast-disable-related-posts":"","theme-transparent-header-meta":"","adv-header-id-meta":"","stick-header-meta":"","header-above-stick-meta":"","header-main-stick-meta":"","header-below-stick-meta":"","astra-migrate-meta-layouts":"default","ast-page-background-enabled":"default","ast-page-background-meta":{"desktop":{"background-color":"","background-image":"","background-repeat":"repeat","background-position":"center center","background-size":"auto","background-attachment":"scroll","background-type":"","background-media":"","overlay-type":"","overlay-color":"","overlay-opacity":"","overlay-gradient":""},"tablet":{"background-color":"","background-image":"","background-repeat":"repeat","background-position":"center center","background-size":"auto","background-attachment":"scroll","background-type":"","background-media":"","overlay-type":"","overlay-color":"","overlay-opacity":"","overlay-gradient":""},"mobile":{"background-color":"","background-image":"","background-repeat":"repeat","background-position":"center center","background-size":"auto","background-attachment":"scroll","background-type":"","background-media":"","overlay-type":"","overlay-color":"","overlay-opacity":"","overlay-gradient":""}},"ast-content-background-meta":{"desktop":{"background-color":"var(--ast-global-color-4)","background-image":"","background-repeat":"repeat","background-position":"center center","background-size":"auto","background-attachment":"scroll","background-type":"","background-media":"","overlay-type":"","overlay-color":"","overlay-opacity":"","overlay-gradient":""},"tablet":{"background-color":"var(--ast-global-color-4)","background-image":"","background-repeat":"repeat","background-position":"center center","background-size":"auto","background-attachment":"scroll","background-type":"","background-media":"","overlay-type":"","overlay-color":"","overlay-opacity":"","overlay-gradient":""},"mobile":{"background-color":"var(--ast-global-color-4)","background-image":"","background-repeat":"repeat","background-position":"center center","background-size":"auto","background-attachment":"scroll","background-type":"","background-media":"","overlay-type":"","overlay-color":"","overlay-opacity":"","overlay-gradient":""}}},"product_brand":[],"product_cat":[1085],"product_tag":[1349,2971,7976,7975,2601],"class_list":{"0":"post-20343","1":"product","2":"type-product","3":"status-publish","4":"has-post-thumbnail","6":"product_cat-poezija","7":"product_tag-atsiminimai","8":"product_tag-gyvenimas","9":"product_tag-refleksija","10":"product_tag-sigitas-geda-poezija","11":"product_tag-vilnius","12":"desktop-align-left","13":"tablet-align-left","14":"mobile-align-left","16":"first","17":"instock","18":"shipping-taxable","19":"purchasable","20":"product-type-simple"},"acf":[],"yoast_head":"<!-- This site is optimized with the Yoast SEO plugin v27.0 - https:\/\/yoast.com\/product\/yoast-seo-wordpress\/ -->\n<title>Po a\u0161tuoniolikos met\u0173: atsisveikinimas su Jabani\u0161k\u0117mis (yra pabraukym\u0173)<\/title>\n<meta name=\"description\" content=\"Esu para\u0161\u0119s ir i\u0161leid\u0119s daug poezijos knyg\u0173. Dabar beveik gal\u0117\u010diau pasakyti, kad naujai knygai, kaip romanui, noveli\u0173 ar eil\u0117ra\u0161\u010di\u0173 rinkiniui, reikia tam\" \/>\n<meta name=\"robots\" content=\"index, follow, max-snippet:-1, max-image-preview:large, max-video-preview:-1\" \/>\n<link rel=\"canonical\" href=\"https:\/\/skaitytaknyga.lt\/en\/produktas\/po-astuoniolikos-metu-atsisveikinimas-su-jabaniskemis-yra-pabraukymu\/\" \/>\n<meta property=\"og:locale\" content=\"en_GB\" \/>\n<meta property=\"og:locale:alternate\" content=\"lt_LT\" \/>\n<meta property=\"og:type\" content=\"article\" \/>\n<meta property=\"og:title\" content=\"Po a\u0161tuoniolikos met\u0173: atsisveikinimas su Jabani\u0161k\u0117mis (yra pabraukym\u0173)\" \/>\n<meta property=\"og:description\" content=\"Esu para\u0161\u0119s ir i\u0161leid\u0119s daug poezijos knyg\u0173. Dabar beveik gal\u0117\u010diau pasakyti, kad naujai knygai, kaip romanui, noveli\u0173 ar eil\u0117ra\u0161\u010di\u0173 rinkiniui, reikia tam\" \/>\n<meta property=\"og:url\" content=\"https:\/\/skaitytaknyga.lt\/en\/produktas\/po-astuoniolikos-metu-atsisveikinimas-su-jabaniskemis-yra-pabraukymu\/\" \/>\n<meta property=\"og:site_name\" content=\"Skaitytaknyga\" \/>\n<meta property=\"article:publisher\" content=\"https:\/\/www.facebook.com\/skaitytaknyga\/\" \/>\n<meta property=\"article:modified_time\" content=\"2025-09-06T08:51:22+00:00\" \/>\n<meta property=\"og:image\" content=\"https:\/\/skaitytaknyga.lt\/wp-content\/uploads\/2025\/08\/Po-astuoniolikos-metu-atsisveikinimas-su-Jabaniskemis-1.webp\" \/>\n\t<meta property=\"og:image:width\" content=\"186\" \/>\n\t<meta property=\"og:image:height\" content=\"336\" \/>\n\t<meta property=\"og:image:type\" content=\"image\/webp\" \/>\n<meta name=\"twitter:card\" content=\"summary_large_image\" \/>\n<meta name=\"twitter:label1\" content=\"Estimated reading time\" \/>\n\t<meta name=\"twitter:data1\" content=\"1 minute\" \/>\n<script type=\"application\/ld+json\" class=\"yoast-schema-graph\">{\"@context\":\"https:\/\/schema.org\",\"@graph\":[{\"@type\":\"WebPage\",\"@id\":\"https:\/\/skaitytaknyga.lt\/produktas\/po-astuoniolikos-metu-atsisveikinimas-su-jabaniskemis-yra-pabraukymu\/\",\"url\":\"https:\/\/skaitytaknyga.lt\/produktas\/po-astuoniolikos-metu-atsisveikinimas-su-jabaniskemis-yra-pabraukymu\/\",\"name\":\"Po a\u0161tuoniolikos met\u0173: atsisveikinimas su Jabani\u0161k\u0117mis (yra pabraukym\u0173)\",\"isPartOf\":{\"@id\":\"https:\/\/skaitytaknyga.lt\/#website\"},\"primaryImageOfPage\":{\"@id\":\"https:\/\/skaitytaknyga.lt\/produktas\/po-astuoniolikos-metu-atsisveikinimas-su-jabaniskemis-yra-pabraukymu\/#primaryimage\"},\"image\":{\"@id\":\"https:\/\/skaitytaknyga.lt\/produktas\/po-astuoniolikos-metu-atsisveikinimas-su-jabaniskemis-yra-pabraukymu\/#primaryimage\"},\"thumbnailUrl\":\"https:\/\/skaitytaknyga.lt\/wp-content\/uploads\/2025\/08\/Po-astuoniolikos-metu-atsisveikinimas-su-Jabaniskemis-1.webp\",\"datePublished\":\"2025-08-25T14:07:06+00:00\",\"dateModified\":\"2025-09-06T08:51:22+00:00\",\"description\":\"Esu para\u0161\u0119s ir i\u0161leid\u0119s daug poezijos knyg\u0173. Dabar beveik gal\u0117\u010diau pasakyti, kad naujai knygai, kaip romanui, noveli\u0173 ar eil\u0117ra\u0161\u010di\u0173 rinkiniui, reikia tam\",\"breadcrumb\":{\"@id\":\"https:\/\/skaitytaknyga.lt\/produktas\/po-astuoniolikos-metu-atsisveikinimas-su-jabaniskemis-yra-pabraukymu\/#breadcrumb\"},\"inLanguage\":\"en-GB\",\"potentialAction\":[{\"@type\":\"ReadAction\",\"target\":[\"https:\/\/skaitytaknyga.lt\/produktas\/po-astuoniolikos-metu-atsisveikinimas-su-jabaniskemis-yra-pabraukymu\/\"]}]},{\"@type\":\"ImageObject\",\"inLanguage\":\"en-GB\",\"@id\":\"https:\/\/skaitytaknyga.lt\/produktas\/po-astuoniolikos-metu-atsisveikinimas-su-jabaniskemis-yra-pabraukymu\/#primaryimage\",\"url\":\"https:\/\/skaitytaknyga.lt\/wp-content\/uploads\/2025\/08\/Po-astuoniolikos-metu-atsisveikinimas-su-Jabaniskemis-1.webp\",\"contentUrl\":\"https:\/\/skaitytaknyga.lt\/wp-content\/uploads\/2025\/08\/Po-astuoniolikos-metu-atsisveikinimas-su-Jabaniskemis-1.webp\",\"width\":186,\"height\":336,\"caption\":\"Po a\u0161tuoniolikos met\u0173: atsisveikinimas su Jabani\u0161k\u0117mis\"},{\"@type\":\"BreadcrumbList\",\"@id\":\"https:\/\/skaitytaknyga.lt\/produktas\/po-astuoniolikos-metu-atsisveikinimas-su-jabaniskemis-yra-pabraukymu\/#breadcrumb\",\"itemListElement\":[{\"@type\":\"ListItem\",\"position\":1,\"name\":\"Home\",\"item\":\"https:\/\/skaitytaknyga.lt\/\"},{\"@type\":\"ListItem\",\"position\":2,\"name\":\"Parduotuv\u0117\",\"item\":\"https:\/\/skaitytaknyga.lt\/knygu-parduotuve\/\"},{\"@type\":\"ListItem\",\"position\":3,\"name\":\"Po a\u0161tuoniolikos met\u0173: atsisveikinimas su Jabani\u0161k\u0117mis (yra pabraukym\u0173)\"}]},{\"@type\":\"WebSite\",\"@id\":\"https:\/\/skaitytaknyga.lt\/#website\",\"url\":\"https:\/\/skaitytaknyga.lt\/\",\"name\":\"skaitytaknyga.lt\",\"description\":\"Skaitytaknyga.lt \u2013 tai ma\u017eas \u0161eimos verslas, kuris prasid\u0117jo nuo meil\u0117s knygoms ir siekio i\u0161gelb\u0117ti knygas nuo likimo prie konteinerio. Kas vienam nereikalingas daiktas \u2013 kitam lobis, o mes esame tarpininkai, kurie padeda abiems tapti laimingesniems ???? \u017dinome kaip nelengva i\u0161gyventi ma\u017eiems verslams, tad nuo \u0161iol, \u010dia rasite ir kit\u0173, ma\u017e\u0173 \u0161eim\u0173 versl\u0173, rank\u0173 darbo, dovan\u0173 sau ir artimiesiems.\",\"publisher\":{\"@id\":\"https:\/\/skaitytaknyga.lt\/#organization\"},\"potentialAction\":[{\"@type\":\"SearchAction\",\"target\":{\"@type\":\"EntryPoint\",\"urlTemplate\":\"https:\/\/skaitytaknyga.lt\/?s={search_term_string}\"},\"query-input\":{\"@type\":\"PropertyValueSpecification\",\"valueRequired\":true,\"valueName\":\"search_term_string\"}}],\"inLanguage\":\"en-GB\"},{\"@type\":\"Organization\",\"@id\":\"https:\/\/skaitytaknyga.lt\/#organization\",\"name\":\"skaitytaknyga.lt\",\"url\":\"https:\/\/skaitytaknyga.lt\/\",\"logo\":{\"@type\":\"ImageObject\",\"inLanguage\":\"en-GB\",\"@id\":\"https:\/\/skaitytaknyga.lt\/#\/schema\/logo\/image\/\",\"url\":\"https:\/\/skaitytaknyga.lt\/wp-content\/uploads\/2024\/05\/cropped-cropped-cropped-02_00843_jt3bggkj1j3HLc7SyY6rEUpg.jpeg\",\"contentUrl\":\"https:\/\/skaitytaknyga.lt\/wp-content\/uploads\/2024\/05\/cropped-cropped-cropped-02_00843_jt3bggkj1j3HLc7SyY6rEUpg.jpeg\",\"width\":1600,\"height\":1600,\"caption\":\"skaitytaknyga.lt\"},\"image\":{\"@id\":\"https:\/\/skaitytaknyga.lt\/#\/schema\/logo\/image\/\"},\"sameAs\":[\"https:\/\/www.facebook.com\/skaitytaknyga\/\"]}]}<\/script>\n<!-- \/ Yoast SEO plugin. -->","yoast_head_json":{"title":"Po a\u0161tuoniolikos met\u0173: atsisveikinimas su Jabani\u0161k\u0117mis (yra pabraukym\u0173)","description":"Esu para\u0161\u0119s ir i\u0161leid\u0119s daug poezijos knyg\u0173. Dabar beveik gal\u0117\u010diau pasakyti, kad naujai knygai, kaip romanui, noveli\u0173 ar eil\u0117ra\u0161\u010di\u0173 rinkiniui, reikia tam","robots":{"index":"index","follow":"follow","max-snippet":"max-snippet:-1","max-image-preview":"max-image-preview:large","max-video-preview":"max-video-preview:-1"},"canonical":"https:\/\/skaitytaknyga.lt\/en\/produktas\/po-astuoniolikos-metu-atsisveikinimas-su-jabaniskemis-yra-pabraukymu\/","og_locale":"en_GB","og_type":"article","og_title":"[:lt]Po a\u0161tuoniolikos met\u0173: atsisveikinimas su Jabani\u0161k\u0117mis (yra pabraukym\u0173)[:] - Skaitytaknyga","og_description":"Esu para\u0161\u0119s ir i\u0161leid\u0119s daug poezijos knyg\u0173. Dabar beveik gal\u0117\u010diau pasakyti, kad naujai knygai, kaip romanui, noveli\u0173 ar eil\u0117ra\u0161\u010di\u0173 rinkiniui, reikia tam","og_url":"https:\/\/skaitytaknyga.lt\/en\/produktas\/po-astuoniolikos-metu-atsisveikinimas-su-jabaniskemis-yra-pabraukymu\/","og_site_name":"Skaitytaknyga","article_publisher":"https:\/\/www.facebook.com\/skaitytaknyga\/","article_modified_time":"2025-09-06T08:51:22+00:00","og_image":[{"width":186,"height":336,"url":"https:\/\/skaitytaknyga.lt\/wp-content\/uploads\/2025\/08\/Po-astuoniolikos-metu-atsisveikinimas-su-Jabaniskemis-1.webp","type":"image\/webp"}],"twitter_card":"summary_large_image","twitter_misc":{"Estimated reading time":"1 minute"},"schema":{"@context":"https:\/\/schema.org","@graph":[{"@type":"WebPage","@id":"https:\/\/skaitytaknyga.lt\/produktas\/po-astuoniolikos-metu-atsisveikinimas-su-jabaniskemis-yra-pabraukymu\/","url":"https:\/\/skaitytaknyga.lt\/produktas\/po-astuoniolikos-metu-atsisveikinimas-su-jabaniskemis-yra-pabraukymu\/","name":"Po a\u0161tuoniolikos met\u0173: atsisveikinimas su Jabani\u0161k\u0117mis (yra pabraukym\u0173)","isPartOf":{"@id":"https:\/\/skaitytaknyga.lt\/#website"},"primaryImageOfPage":{"@id":"https:\/\/skaitytaknyga.lt\/produktas\/po-astuoniolikos-metu-atsisveikinimas-su-jabaniskemis-yra-pabraukymu\/#primaryimage"},"image":{"@id":"https:\/\/skaitytaknyga.lt\/produktas\/po-astuoniolikos-metu-atsisveikinimas-su-jabaniskemis-yra-pabraukymu\/#primaryimage"},"thumbnailUrl":"https:\/\/skaitytaknyga.lt\/wp-content\/uploads\/2025\/08\/Po-astuoniolikos-metu-atsisveikinimas-su-Jabaniskemis-1.webp","datePublished":"2025-08-25T14:07:06+00:00","dateModified":"2025-09-06T08:51:22+00:00","description":"Esu para\u0161\u0119s ir i\u0161leid\u0119s daug poezijos knyg\u0173. Dabar beveik gal\u0117\u010diau pasakyti, kad naujai knygai, kaip romanui, noveli\u0173 ar eil\u0117ra\u0161\u010di\u0173 rinkiniui, reikia tam","breadcrumb":{"@id":"https:\/\/skaitytaknyga.lt\/produktas\/po-astuoniolikos-metu-atsisveikinimas-su-jabaniskemis-yra-pabraukymu\/#breadcrumb"},"inLanguage":"en-GB","potentialAction":[{"@type":"ReadAction","target":["https:\/\/skaitytaknyga.lt\/produktas\/po-astuoniolikos-metu-atsisveikinimas-su-jabaniskemis-yra-pabraukymu\/"]}]},{"@type":"ImageObject","inLanguage":"en-GB","@id":"https:\/\/skaitytaknyga.lt\/produktas\/po-astuoniolikos-metu-atsisveikinimas-su-jabaniskemis-yra-pabraukymu\/#primaryimage","url":"https:\/\/skaitytaknyga.lt\/wp-content\/uploads\/2025\/08\/Po-astuoniolikos-metu-atsisveikinimas-su-Jabaniskemis-1.webp","contentUrl":"https:\/\/skaitytaknyga.lt\/wp-content\/uploads\/2025\/08\/Po-astuoniolikos-metu-atsisveikinimas-su-Jabaniskemis-1.webp","width":186,"height":336,"caption":"Po a\u0161tuoniolikos met\u0173: atsisveikinimas su Jabani\u0161k\u0117mis"},{"@type":"BreadcrumbList","@id":"https:\/\/skaitytaknyga.lt\/produktas\/po-astuoniolikos-metu-atsisveikinimas-su-jabaniskemis-yra-pabraukymu\/#breadcrumb","itemListElement":[{"@type":"ListItem","position":1,"name":"Home","item":"https:\/\/skaitytaknyga.lt\/"},{"@type":"ListItem","position":2,"name":"Parduotuv\u0117","item":"https:\/\/skaitytaknyga.lt\/knygu-parduotuve\/"},{"@type":"ListItem","position":3,"name":"Po a\u0161tuoniolikos met\u0173: atsisveikinimas su Jabani\u0161k\u0117mis (yra pabraukym\u0173)"}]},{"@type":"WebSite","@id":"https:\/\/skaitytaknyga.lt\/#website","url":"https:\/\/skaitytaknyga.lt\/","name":"skaitytaknyga.lt","description":"Skaitytaknyga.lt \u2013 tai ma\u017eas \u0161eimos verslas, kuris prasid\u0117jo nuo meil\u0117s knygoms ir siekio i\u0161gelb\u0117ti knygas nuo likimo prie konteinerio. Kas vienam nereikalingas daiktas \u2013 kitam lobis, o mes esame tarpininkai, kurie padeda abiems tapti laimingesniems ???? \u017dinome kaip nelengva i\u0161gyventi ma\u017eiems verslams, tad nuo \u0161iol, \u010dia rasite ir kit\u0173, ma\u017e\u0173 \u0161eim\u0173 versl\u0173, rank\u0173 darbo, dovan\u0173 sau ir artimiesiems.","publisher":{"@id":"https:\/\/skaitytaknyga.lt\/#organization"},"potentialAction":[{"@type":"SearchAction","target":{"@type":"EntryPoint","urlTemplate":"https:\/\/skaitytaknyga.lt\/?s={search_term_string}"},"query-input":{"@type":"PropertyValueSpecification","valueRequired":true,"valueName":"search_term_string"}}],"inLanguage":"en-GB"},{"@type":"Organization","@id":"https:\/\/skaitytaknyga.lt\/#organization","name":"skaitytaknyga.lt","url":"https:\/\/skaitytaknyga.lt\/","logo":{"@type":"ImageObject","inLanguage":"en-GB","@id":"https:\/\/skaitytaknyga.lt\/#\/schema\/logo\/image\/","url":"https:\/\/skaitytaknyga.lt\/wp-content\/uploads\/2024\/05\/cropped-cropped-cropped-02_00843_jt3bggkj1j3HLc7SyY6rEUpg.jpeg","contentUrl":"https:\/\/skaitytaknyga.lt\/wp-content\/uploads\/2024\/05\/cropped-cropped-cropped-02_00843_jt3bggkj1j3HLc7SyY6rEUpg.jpeg","width":1600,"height":1600,"caption":"skaitytaknyga.lt"},"image":{"@id":"https:\/\/skaitytaknyga.lt\/#\/schema\/logo\/image\/"},"sameAs":["https:\/\/www.facebook.com\/skaitytaknyga\/"]}]}},"_links":{"self":[{"href":"https:\/\/skaitytaknyga.lt\/en\/wp-json\/wp\/v2\/product\/20343","targetHints":{"allow":["GET"]}}],"collection":[{"href":"https:\/\/skaitytaknyga.lt\/en\/wp-json\/wp\/v2\/product"}],"about":[{"href":"https:\/\/skaitytaknyga.lt\/en\/wp-json\/wp\/v2\/types\/product"}],"replies":[{"embeddable":true,"href":"https:\/\/skaitytaknyga.lt\/en\/wp-json\/wp\/v2\/comments?post=20343"}],"wp:featuredmedia":[{"embeddable":true,"href":"https:\/\/skaitytaknyga.lt\/en\/wp-json\/wp\/v2\/media\/20348"}],"wp:attachment":[{"href":"https:\/\/skaitytaknyga.lt\/en\/wp-json\/wp\/v2\/media?parent=20343"}],"wp:term":[{"taxonomy":"product_brand","embeddable":true,"href":"https:\/\/skaitytaknyga.lt\/en\/wp-json\/wp\/v2\/product_brand?post=20343"},{"taxonomy":"product_cat","embeddable":true,"href":"https:\/\/skaitytaknyga.lt\/en\/wp-json\/wp\/v2\/product_cat?post=20343"},{"taxonomy":"product_tag","embeddable":true,"href":"https:\/\/skaitytaknyga.lt\/en\/wp-json\/wp\/v2\/product_tag?post=20343"}],"curies":[{"name":"wp","href":"https:\/\/api.w.org\/{rel}","templated":true}]}}