{"id":20332,"date":"2025-08-25T16:53:40","date_gmt":"2025-08-25T13:53:40","guid":{"rendered":"https:\/\/skaitytaknyga.lt\/?post_type=product&#038;p=20332"},"modified":"2026-03-18T14:59:44","modified_gmt":"2026-03-18T12:59:44","slug":"sauliskumas-tautiskumas-ir-lietuvos-nepriklausomybe","status":"publish","type":"product","link":"https:\/\/skaitytaknyga.lt\/en\/produktas\/sauliskumas-tautiskumas-ir-lietuvos-nepriklausomybe\/","title":{"rendered":"\u0160auli\u0161kumas, tauti\u0161kumas ir Lietuvos nepriklausomyb\u0117"},"content":{"rendered":"<p>\u0160auli\u0161kumas, tauti\u0161kumas ir Lietuvos nepriklausomyb\u0117 : [mokslin\u0117 konferencija, skirta Lietuvos \u0161auli\u0173 s\u0105jungos \u012fk\u016br\u0117jo ir ideologo, visuomen\u0117s veik\u0117jo Vlado Putvinskio-P\u016btvio gimimo 120-osioms metin\u0117ms pamin\u0117ti, 1993, Vilnius] \/ Lietuvos \u0161auli\u0173 s\u0105jungos Centro valdyba ; sudarytojas Algimantas Liekis<\/p>\n","protected":false},"excerpt":{"rendered":"<p>\u0160auli\u0161kumas, tauti\u0161kumas ir Lietuvos nepriklausomyb\u0117 : [mokslin\u0117 konferencija, skirta Lietuvos \u0161auli\u0173 s\u0105jungos \u012fk\u016br\u0117jo ir ideologo, visuomen\u0117s veik\u0117jo Vlado Putvinskio-P\u016btvio gimimo 120-osioms metin\u0117ms pamin\u0117ti, 1993, Vilnius] \/ Lietuvos \u0161auli\u0173 s\u0105jungos Centro valdyba ; sudarytojas Algimantas Liekis<\/p>\n","protected":false},"featured_media":20337,"comment_status":"open","ping_status":"closed","template":"","meta":{"_acf_changed":false,"site-sidebar-layout":"default","site-content-layout":"","ast-site-content-layout":"default","site-content-style":"default","site-sidebar-style":"default","ast-global-header-display":"","ast-banner-title-visibility":"","ast-main-header-display":"","ast-hfb-above-header-display":"","ast-hfb-below-header-display":"","ast-hfb-mobile-header-display":"","site-post-title":"","ast-breadcrumbs-content":"","ast-featured-img":"","footer-sml-layout":"","ast-disable-related-posts":"","theme-transparent-header-meta":"","adv-header-id-meta":"","stick-header-meta":"","header-above-stick-meta":"","header-main-stick-meta":"","header-below-stick-meta":"","astra-migrate-meta-layouts":"default","ast-page-background-enabled":"default","ast-page-background-meta":{"desktop":{"background-color":"","background-image":"","background-repeat":"repeat","background-position":"center center","background-size":"auto","background-attachment":"scroll","background-type":"","background-media":"","overlay-type":"","overlay-color":"","overlay-opacity":"","overlay-gradient":""},"tablet":{"background-color":"","background-image":"","background-repeat":"repeat","background-position":"center center","background-size":"auto","background-attachment":"scroll","background-type":"","background-media":"","overlay-type":"","overlay-color":"","overlay-opacity":"","overlay-gradient":""},"mobile":{"background-color":"","background-image":"","background-repeat":"repeat","background-position":"center center","background-size":"auto","background-attachment":"scroll","background-type":"","background-media":"","overlay-type":"","overlay-color":"","overlay-opacity":"","overlay-gradient":""}},"ast-content-background-meta":{"desktop":{"background-color":"var(--ast-global-color-4)","background-image":"","background-repeat":"repeat","background-position":"center center","background-size":"auto","background-attachment":"scroll","background-type":"","background-media":"","overlay-type":"","overlay-color":"","overlay-opacity":"","overlay-gradient":""},"tablet":{"background-color":"var(--ast-global-color-4)","background-image":"","background-repeat":"repeat","background-position":"center center","background-size":"auto","background-attachment":"scroll","background-type":"","background-media":"","overlay-type":"","overlay-color":"","overlay-opacity":"","overlay-gradient":""},"mobile":{"background-color":"var(--ast-global-color-4)","background-image":"","background-repeat":"repeat","background-position":"center center","background-size":"auto","background-attachment":"scroll","background-type":"","background-media":"","overlay-type":"","overlay-color":"","overlay-opacity":"","overlay-gradient":""}}},"product_brand":[],"product_cat":[9862,174],"product_tag":[7963,2224,3052,6373],"class_list":{"0":"post-20332","1":"product","2":"type-product","3":"status-publish","4":"has-post-thumbnail","6":"product_cat-lietuvos-istorija","7":"product_cat-istorija-ir-politologija","8":"product_tag-europ","9":"product_tag-istorija","10":"product_tag-menas","11":"product_tag-studijos","12":"desktop-align-left","13":"tablet-align-left","14":"mobile-align-left","16":"first","17":"instock","18":"shipping-taxable","19":"purchasable","20":"product-type-simple"},"acf":[],"yoast_head":"<!-- This site is optimized with the Yoast SEO plugin v27.0 - https:\/\/yoast.com\/product\/yoast-seo-wordpress\/ -->\n<title>\u0160auli\u0161kumas, tauti\u0161kumas ir Lietuvos nepriklausomyb\u0117<\/title>\n<meta name=\"description\" content=\"\u0160auli\u0161kumas, tauti\u0161kumas ir Lietuvos nepriklausomyb\u0117 : \/ Lietuvos \u0161auli\u0173 s\u0105jungos Centro valdyba ; sudarytojas Algimantas Liekis\" \/>\n<meta name=\"robots\" content=\"index, follow, max-snippet:-1, max-image-preview:large, max-video-preview:-1\" \/>\n<link rel=\"canonical\" href=\"https:\/\/skaitytaknyga.lt\/en\/produktas\/sauliskumas-tautiskumas-ir-lietuvos-nepriklausomybe\/\" \/>\n<meta property=\"og:locale\" content=\"en_GB\" \/>\n<meta property=\"og:locale:alternate\" content=\"lt_LT\" \/>\n<meta property=\"og:type\" content=\"article\" \/>\n<meta property=\"og:title\" content=\"\u0160auli\u0161kumas, tauti\u0161kumas ir Lietuvos nepriklausomyb\u0117\" \/>\n<meta property=\"og:description\" content=\"\u0160auli\u0161kumas, tauti\u0161kumas ir Lietuvos nepriklausomyb\u0117 : \/ Lietuvos \u0161auli\u0173 s\u0105jungos Centro valdyba ; sudarytojas Algimantas Liekis\" \/>\n<meta property=\"og:url\" content=\"https:\/\/skaitytaknyga.lt\/en\/produktas\/sauliskumas-tautiskumas-ir-lietuvos-nepriklausomybe\/\" \/>\n<meta property=\"og:site_name\" content=\"Skaitytaknyga\" \/>\n<meta property=\"article:publisher\" content=\"https:\/\/www.facebook.com\/skaitytaknyga\/\" \/>\n<meta property=\"article:modified_time\" content=\"2026-03-18T12:59:44+00:00\" \/>\n<meta property=\"og:image\" content=\"https:\/\/skaitytaknyga.lt\/wp-content\/uploads\/2025\/08\/Sauliskumas-tautiskumas-ir-Lietuvos-nepriklausomybe-e1756130168205.webp\" \/>\n\t<meta property=\"og:image:width\" content=\"297\" \/>\n\t<meta property=\"og:image:height\" content=\"468\" \/>\n\t<meta property=\"og:image:type\" content=\"image\/webp\" \/>\n<meta name=\"twitter:card\" content=\"summary_large_image\" \/>\n<script type=\"application\/ld+json\" class=\"yoast-schema-graph\">{\"@context\":\"https:\/\/schema.org\",\"@graph\":[{\"@type\":\"WebPage\",\"@id\":\"https:\/\/skaitytaknyga.lt\/produktas\/sauliskumas-tautiskumas-ir-lietuvos-nepriklausomybe\/\",\"url\":\"https:\/\/skaitytaknyga.lt\/produktas\/sauliskumas-tautiskumas-ir-lietuvos-nepriklausomybe\/\",\"name\":\"\u0160auli\u0161kumas, tauti\u0161kumas ir Lietuvos nepriklausomyb\u0117\",\"isPartOf\":{\"@id\":\"https:\/\/skaitytaknyga.lt\/#website\"},\"primaryImageOfPage\":{\"@id\":\"https:\/\/skaitytaknyga.lt\/produktas\/sauliskumas-tautiskumas-ir-lietuvos-nepriklausomybe\/#primaryimage\"},\"image\":{\"@id\":\"https:\/\/skaitytaknyga.lt\/produktas\/sauliskumas-tautiskumas-ir-lietuvos-nepriklausomybe\/#primaryimage\"},\"thumbnailUrl\":\"https:\/\/skaitytaknyga.lt\/wp-content\/uploads\/2025\/08\/Sauliskumas-tautiskumas-ir-Lietuvos-nepriklausomybe-e1756130168205.webp\",\"datePublished\":\"2025-08-25T13:53:40+00:00\",\"dateModified\":\"2026-03-18T12:59:44+00:00\",\"description\":\"\u0160auli\u0161kumas, tauti\u0161kumas ir Lietuvos nepriklausomyb\u0117 : \/ Lietuvos \u0161auli\u0173 s\u0105jungos Centro valdyba ; sudarytojas Algimantas Liekis\",\"breadcrumb\":{\"@id\":\"https:\/\/skaitytaknyga.lt\/produktas\/sauliskumas-tautiskumas-ir-lietuvos-nepriklausomybe\/#breadcrumb\"},\"inLanguage\":\"en-GB\",\"potentialAction\":[{\"@type\":\"ReadAction\",\"target\":[\"https:\/\/skaitytaknyga.lt\/produktas\/sauliskumas-tautiskumas-ir-lietuvos-nepriklausomybe\/\"]}]},{\"@type\":\"ImageObject\",\"inLanguage\":\"en-GB\",\"@id\":\"https:\/\/skaitytaknyga.lt\/produktas\/sauliskumas-tautiskumas-ir-lietuvos-nepriklausomybe\/#primaryimage\",\"url\":\"https:\/\/skaitytaknyga.lt\/wp-content\/uploads\/2025\/08\/Sauliskumas-tautiskumas-ir-Lietuvos-nepriklausomybe-e1756130168205.webp\",\"contentUrl\":\"https:\/\/skaitytaknyga.lt\/wp-content\/uploads\/2025\/08\/Sauliskumas-tautiskumas-ir-Lietuvos-nepriklausomybe-e1756130168205.webp\",\"width\":297,\"height\":468},{\"@type\":\"BreadcrumbList\",\"@id\":\"https:\/\/skaitytaknyga.lt\/produktas\/sauliskumas-tautiskumas-ir-lietuvos-nepriklausomybe\/#breadcrumb\",\"itemListElement\":[{\"@type\":\"ListItem\",\"position\":1,\"name\":\"Home\",\"item\":\"https:\/\/skaitytaknyga.lt\/\"},{\"@type\":\"ListItem\",\"position\":2,\"name\":\"Parduotuv\u0117\",\"item\":\"https:\/\/skaitytaknyga.lt\/knygu-parduotuve\/\"},{\"@type\":\"ListItem\",\"position\":3,\"name\":\"\u0160auli\u0161kumas, tauti\u0161kumas ir Lietuvos nepriklausomyb\u0117\"}]},{\"@type\":\"WebSite\",\"@id\":\"https:\/\/skaitytaknyga.lt\/#website\",\"url\":\"https:\/\/skaitytaknyga.lt\/\",\"name\":\"skaitytaknyga.lt\",\"description\":\"Skaitytaknyga.lt \u2013 tai ma\u017eas \u0161eimos verslas, kuris prasid\u0117jo nuo meil\u0117s knygoms ir siekio i\u0161gelb\u0117ti knygas nuo likimo prie konteinerio. Kas vienam nereikalingas daiktas \u2013 kitam lobis, o mes esame tarpininkai, kurie padeda abiems tapti laimingesniems ???? \u017dinome kaip nelengva i\u0161gyventi ma\u017eiems verslams, tad nuo \u0161iol, \u010dia rasite ir kit\u0173, ma\u017e\u0173 \u0161eim\u0173 versl\u0173, rank\u0173 darbo, dovan\u0173 sau ir artimiesiems.\",\"publisher\":{\"@id\":\"https:\/\/skaitytaknyga.lt\/#organization\"},\"potentialAction\":[{\"@type\":\"SearchAction\",\"target\":{\"@type\":\"EntryPoint\",\"urlTemplate\":\"https:\/\/skaitytaknyga.lt\/?s={search_term_string}\"},\"query-input\":{\"@type\":\"PropertyValueSpecification\",\"valueRequired\":true,\"valueName\":\"search_term_string\"}}],\"inLanguage\":\"en-GB\"},{\"@type\":\"Organization\",\"@id\":\"https:\/\/skaitytaknyga.lt\/#organization\",\"name\":\"skaitytaknyga.lt\",\"url\":\"https:\/\/skaitytaknyga.lt\/\",\"logo\":{\"@type\":\"ImageObject\",\"inLanguage\":\"en-GB\",\"@id\":\"https:\/\/skaitytaknyga.lt\/#\/schema\/logo\/image\/\",\"url\":\"https:\/\/skaitytaknyga.lt\/wp-content\/uploads\/2024\/05\/cropped-cropped-cropped-02_00843_jt3bggkj1j3HLc7SyY6rEUpg.jpeg\",\"contentUrl\":\"https:\/\/skaitytaknyga.lt\/wp-content\/uploads\/2024\/05\/cropped-cropped-cropped-02_00843_jt3bggkj1j3HLc7SyY6rEUpg.jpeg\",\"width\":1600,\"height\":1600,\"caption\":\"skaitytaknyga.lt\"},\"image\":{\"@id\":\"https:\/\/skaitytaknyga.lt\/#\/schema\/logo\/image\/\"},\"sameAs\":[\"https:\/\/www.facebook.com\/skaitytaknyga\/\"]}]}<\/script>\n<!-- \/ Yoast SEO plugin. -->","yoast_head_json":{"title":"\u0160auli\u0161kumas, tauti\u0161kumas ir Lietuvos nepriklausomyb\u0117","description":"\u0160auli\u0161kumas, tauti\u0161kumas ir Lietuvos nepriklausomyb\u0117 : \/ Lietuvos \u0161auli\u0173 s\u0105jungos Centro valdyba ; sudarytojas Algimantas Liekis","robots":{"index":"index","follow":"follow","max-snippet":"max-snippet:-1","max-image-preview":"max-image-preview:large","max-video-preview":"max-video-preview:-1"},"canonical":"https:\/\/skaitytaknyga.lt\/en\/produktas\/sauliskumas-tautiskumas-ir-lietuvos-nepriklausomybe\/","og_locale":"en_GB","og_type":"article","og_title":"[:lt]\u0160auli\u0161kumas, tauti\u0161kumas ir Lietuvos nepriklausomyb\u0117[:] - Skaitytaknyga","og_description":"\u0160auli\u0161kumas, tauti\u0161kumas ir Lietuvos nepriklausomyb\u0117 : \/ Lietuvos \u0161auli\u0173 s\u0105jungos Centro valdyba ; sudarytojas Algimantas Liekis","og_url":"https:\/\/skaitytaknyga.lt\/en\/produktas\/sauliskumas-tautiskumas-ir-lietuvos-nepriklausomybe\/","og_site_name":"Skaitytaknyga","article_publisher":"https:\/\/www.facebook.com\/skaitytaknyga\/","article_modified_time":"2026-03-18T12:59:44+00:00","og_image":[{"width":297,"height":468,"url":"https:\/\/skaitytaknyga.lt\/wp-content\/uploads\/2025\/08\/Sauliskumas-tautiskumas-ir-Lietuvos-nepriklausomybe-e1756130168205.webp","type":"image\/webp"}],"twitter_card":"summary_large_image","schema":{"@context":"https:\/\/schema.org","@graph":[{"@type":"WebPage","@id":"https:\/\/skaitytaknyga.lt\/produktas\/sauliskumas-tautiskumas-ir-lietuvos-nepriklausomybe\/","url":"https:\/\/skaitytaknyga.lt\/produktas\/sauliskumas-tautiskumas-ir-lietuvos-nepriklausomybe\/","name":"\u0160auli\u0161kumas, tauti\u0161kumas ir Lietuvos nepriklausomyb\u0117","isPartOf":{"@id":"https:\/\/skaitytaknyga.lt\/#website"},"primaryImageOfPage":{"@id":"https:\/\/skaitytaknyga.lt\/produktas\/sauliskumas-tautiskumas-ir-lietuvos-nepriklausomybe\/#primaryimage"},"image":{"@id":"https:\/\/skaitytaknyga.lt\/produktas\/sauliskumas-tautiskumas-ir-lietuvos-nepriklausomybe\/#primaryimage"},"thumbnailUrl":"https:\/\/skaitytaknyga.lt\/wp-content\/uploads\/2025\/08\/Sauliskumas-tautiskumas-ir-Lietuvos-nepriklausomybe-e1756130168205.webp","datePublished":"2025-08-25T13:53:40+00:00","dateModified":"2026-03-18T12:59:44+00:00","description":"\u0160auli\u0161kumas, tauti\u0161kumas ir Lietuvos nepriklausomyb\u0117 : \/ Lietuvos \u0161auli\u0173 s\u0105jungos Centro valdyba ; sudarytojas Algimantas Liekis","breadcrumb":{"@id":"https:\/\/skaitytaknyga.lt\/produktas\/sauliskumas-tautiskumas-ir-lietuvos-nepriklausomybe\/#breadcrumb"},"inLanguage":"en-GB","potentialAction":[{"@type":"ReadAction","target":["https:\/\/skaitytaknyga.lt\/produktas\/sauliskumas-tautiskumas-ir-lietuvos-nepriklausomybe\/"]}]},{"@type":"ImageObject","inLanguage":"en-GB","@id":"https:\/\/skaitytaknyga.lt\/produktas\/sauliskumas-tautiskumas-ir-lietuvos-nepriklausomybe\/#primaryimage","url":"https:\/\/skaitytaknyga.lt\/wp-content\/uploads\/2025\/08\/Sauliskumas-tautiskumas-ir-Lietuvos-nepriklausomybe-e1756130168205.webp","contentUrl":"https:\/\/skaitytaknyga.lt\/wp-content\/uploads\/2025\/08\/Sauliskumas-tautiskumas-ir-Lietuvos-nepriklausomybe-e1756130168205.webp","width":297,"height":468},{"@type":"BreadcrumbList","@id":"https:\/\/skaitytaknyga.lt\/produktas\/sauliskumas-tautiskumas-ir-lietuvos-nepriklausomybe\/#breadcrumb","itemListElement":[{"@type":"ListItem","position":1,"name":"Home","item":"https:\/\/skaitytaknyga.lt\/"},{"@type":"ListItem","position":2,"name":"Parduotuv\u0117","item":"https:\/\/skaitytaknyga.lt\/knygu-parduotuve\/"},{"@type":"ListItem","position":3,"name":"\u0160auli\u0161kumas, tauti\u0161kumas ir Lietuvos nepriklausomyb\u0117"}]},{"@type":"WebSite","@id":"https:\/\/skaitytaknyga.lt\/#website","url":"https:\/\/skaitytaknyga.lt\/","name":"skaitytaknyga.lt","description":"Skaitytaknyga.lt \u2013 tai ma\u017eas \u0161eimos verslas, kuris prasid\u0117jo nuo meil\u0117s knygoms ir siekio i\u0161gelb\u0117ti knygas nuo likimo prie konteinerio. Kas vienam nereikalingas daiktas \u2013 kitam lobis, o mes esame tarpininkai, kurie padeda abiems tapti laimingesniems ???? \u017dinome kaip nelengva i\u0161gyventi ma\u017eiems verslams, tad nuo \u0161iol, \u010dia rasite ir kit\u0173, ma\u017e\u0173 \u0161eim\u0173 versl\u0173, rank\u0173 darbo, dovan\u0173 sau ir artimiesiems.","publisher":{"@id":"https:\/\/skaitytaknyga.lt\/#organization"},"potentialAction":[{"@type":"SearchAction","target":{"@type":"EntryPoint","urlTemplate":"https:\/\/skaitytaknyga.lt\/?s={search_term_string}"},"query-input":{"@type":"PropertyValueSpecification","valueRequired":true,"valueName":"search_term_string"}}],"inLanguage":"en-GB"},{"@type":"Organization","@id":"https:\/\/skaitytaknyga.lt\/#organization","name":"skaitytaknyga.lt","url":"https:\/\/skaitytaknyga.lt\/","logo":{"@type":"ImageObject","inLanguage":"en-GB","@id":"https:\/\/skaitytaknyga.lt\/#\/schema\/logo\/image\/","url":"https:\/\/skaitytaknyga.lt\/wp-content\/uploads\/2024\/05\/cropped-cropped-cropped-02_00843_jt3bggkj1j3HLc7SyY6rEUpg.jpeg","contentUrl":"https:\/\/skaitytaknyga.lt\/wp-content\/uploads\/2024\/05\/cropped-cropped-cropped-02_00843_jt3bggkj1j3HLc7SyY6rEUpg.jpeg","width":1600,"height":1600,"caption":"skaitytaknyga.lt"},"image":{"@id":"https:\/\/skaitytaknyga.lt\/#\/schema\/logo\/image\/"},"sameAs":["https:\/\/www.facebook.com\/skaitytaknyga\/"]}]}},"_links":{"self":[{"href":"https:\/\/skaitytaknyga.lt\/en\/wp-json\/wp\/v2\/product\/20332","targetHints":{"allow":["GET"]}}],"collection":[{"href":"https:\/\/skaitytaknyga.lt\/en\/wp-json\/wp\/v2\/product"}],"about":[{"href":"https:\/\/skaitytaknyga.lt\/en\/wp-json\/wp\/v2\/types\/product"}],"replies":[{"embeddable":true,"href":"https:\/\/skaitytaknyga.lt\/en\/wp-json\/wp\/v2\/comments?post=20332"}],"wp:featuredmedia":[{"embeddable":true,"href":"https:\/\/skaitytaknyga.lt\/en\/wp-json\/wp\/v2\/media\/20337"}],"wp:attachment":[{"href":"https:\/\/skaitytaknyga.lt\/en\/wp-json\/wp\/v2\/media?parent=20332"}],"wp:term":[{"taxonomy":"product_brand","embeddable":true,"href":"https:\/\/skaitytaknyga.lt\/en\/wp-json\/wp\/v2\/product_brand?post=20332"},{"taxonomy":"product_cat","embeddable":true,"href":"https:\/\/skaitytaknyga.lt\/en\/wp-json\/wp\/v2\/product_cat?post=20332"},{"taxonomy":"product_tag","embeddable":true,"href":"https:\/\/skaitytaknyga.lt\/en\/wp-json\/wp\/v2\/product_tag?post=20332"}],"curies":[{"name":"wp","href":"https:\/\/api.w.org\/{rel}","templated":true}]}}