{"id":20324,"date":"2025-08-25T12:03:49","date_gmt":"2025-08-25T09:03:49","guid":{"rendered":"https:\/\/skaitytaknyga.lt\/?post_type=product&#038;p=20324"},"modified":"2025-09-06T11:51:10","modified_gmt":"2025-09-06T08:51:10","slug":"stiklo-namai","status":"publish","type":"product","link":"https:\/\/skaitytaknyga.lt\/en\/produktas\/stiklo-namai\/","title":{"rendered":"Stiklo namai"},"content":{"rendered":"<p>Tiesa gali sugriauti visk\u0105&#8230;<\/p>\n<p>\u0160alia atokaus dvaro tykiame mi\u0161ke randama naujagim\u0117.<br \/>\nHarington\u0173 \u0161eima j\u0105 priglaud\u017eia, ir dvejon\u0117s netrukus virsta d\u017eiaugsmu. Neseniai i\u0161gyven\u0119 siaubing\u0105 tragedij\u0105 naujieji glob\u0117jai patiria, kad gra\u017eus k\u016bdik\u0117lis \u012fkvepia jiems vilties, nu\u0161vie\u010dia tamsius ir dulk\u0117tus nuo\u0161alaus namo u\u017ekaborius. Bijodami atkreipti policijos d\u0117mes\u012f, Haringtonai slepia ma\u017eyl\u0119 ir m\u0117gaujasi palaiminga vasara, kai negalioja nei \u012fprastos padorumo normos, nei \u012fstatymai.<\/p>\n<p>Bet po keli\u0173 dien\u0173 gretimame mi\u0161ke bus aptiktas k\u016bnas, ir svajon\u0117s apie tobul\u0105 \u0161eim\u0105 sudu\u0161 lyg stiklas.<br \/>\nPo daugyb\u0117s met\u0173, siekiant atskleisti ties\u0105, reik\u0117s rinkti j\u0105 \u0161uk\u0117 po \u0161uk\u0117s&#8230;<\/p>\n<p>\u201eStiklo namai&#8221; \u2013 tai jaudinanti knyga apie \u0161eimos paslaptis ir prierai\u0161um\u0105, parodanti, kad galime atrasti save net tada, kai jau\u010diam\u0117s negr\u012f\u017etamai paklyd\u0119.<\/p>\n","protected":false},"excerpt":{"rendered":"<p>Tiesa gali sugriauti visk\u0105&#8230; \u0160alia atokaus dvaro tykiame mi\u0161ke randama naujagim\u0117. Harington\u0173 \u0161eima j\u0105 priglaud\u017eia, ir dvejon\u0117s netrukus virsta d\u017eiaugsmu. Neseniai i\u0161gyven\u0119 siaubing\u0105 tragedij\u0105 naujieji glob\u0117jai patiria, kad gra\u017eus k\u016bdik\u0117lis \u012fkvepia jiems vilties, nu\u0161vie\u010dia tamsius ir dulk\u0117tus nuo\u0161alaus namo u\u017ekaborius. Bijodami atkreipti policijos d\u0117mes\u012f, Haringtonai slepia ma\u017eyl\u0119 ir m\u0117gaujasi palaiminga vasara, kai negalioja nei \u012fprastos padorumo normos, nei \u012fstatymai. Bet po keli\u0173 dien\u0173 gretimame mi\u0161ke bus aptiktas k\u016bnas, ir svajon\u0117s apie tobul\u0105 \u0161eim\u0105 sudu\u0161 lyg stiklas. Po daugyb\u0117s met\u0173, siekiant atskleisti ties\u0105, reik\u0117s rinkti j\u0105 \u0161uk\u0117 po \u0161uk\u0117s&#8230; \u201eStiklo namai&#8221; \u2013 tai jaudinanti knyga apie \u0161eimos paslaptis ir prierai\u0161um\u0105, parodanti, kad galime atrasti save net tada, kai jau\u010diam\u0117s negr\u012f\u017etamai paklyd\u0119.<\/p>\n","protected":false},"featured_media":20329,"comment_status":"open","ping_status":"closed","template":"","meta":{"_acf_changed":false,"site-sidebar-layout":"default","site-content-layout":"","ast-site-content-layout":"default","site-content-style":"default","site-sidebar-style":"default","ast-global-header-display":"","ast-banner-title-visibility":"","ast-main-header-display":"","ast-hfb-above-header-display":"","ast-hfb-below-header-display":"","ast-hfb-mobile-header-display":"","site-post-title":"","ast-breadcrumbs-content":"","ast-featured-img":"","footer-sml-layout":"","ast-disable-related-posts":"","theme-transparent-header-meta":"","adv-header-id-meta":"","stick-header-meta":"","header-above-stick-meta":"","header-main-stick-meta":"","header-below-stick-meta":"","astra-migrate-meta-layouts":"default","ast-page-background-enabled":"default","ast-page-background-meta":{"desktop":{"background-color":"","background-image":"","background-repeat":"repeat","background-position":"center center","background-size":"auto","background-attachment":"scroll","background-type":"","background-media":"","overlay-type":"","overlay-color":"","overlay-opacity":"","overlay-gradient":""},"tablet":{"background-color":"","background-image":"","background-repeat":"repeat","background-position":"center center","background-size":"auto","background-attachment":"scroll","background-type":"","background-media":"","overlay-type":"","overlay-color":"","overlay-opacity":"","overlay-gradient":""},"mobile":{"background-color":"","background-image":"","background-repeat":"repeat","background-position":"center center","background-size":"auto","background-attachment":"scroll","background-type":"","background-media":"","overlay-type":"","overlay-color":"","overlay-opacity":"","overlay-gradient":""}},"ast-content-background-meta":{"desktop":{"background-color":"var(--ast-global-color-4)","background-image":"","background-repeat":"repeat","background-position":"center center","background-size":"auto","background-attachment":"scroll","background-type":"","background-media":"","overlay-type":"","overlay-color":"","overlay-opacity":"","overlay-gradient":""},"tablet":{"background-color":"var(--ast-global-color-4)","background-image":"","background-repeat":"repeat","background-position":"center center","background-size":"auto","background-attachment":"scroll","background-type":"","background-media":"","overlay-type":"","overlay-color":"","overlay-opacity":"","overlay-gradient":""},"mobile":{"background-color":"var(--ast-global-color-4)","background-image":"","background-repeat":"repeat","background-position":"center center","background-size":"auto","background-attachment":"scroll","background-type":"","background-media":"","overlay-type":"","overlay-color":"","overlay-opacity":"","overlay-gradient":""}}},"product_brand":[],"product_cat":[31],"product_tag":[2224,2625,3150,4477],"class_list":{"0":"post-20324","1":"product","2":"type-product","3":"status-publish","4":"has-post-thumbnail","6":"product_cat-grozine-literatura","7":"product_tag-istorija","8":"product_tag-lietuva","9":"product_tag-sportas","10":"product_tag-technika","11":"desktop-align-left","12":"tablet-align-left","13":"mobile-align-left","15":"first","16":"instock","17":"shipping-taxable","18":"purchasable","19":"product-type-simple"},"acf":[],"yoast_head":"<!-- This site is optimized with the Yoast SEO plugin v27.0 - https:\/\/yoast.com\/product\/yoast-seo-wordpress\/ -->\n<title>Stiklo namai<\/title>\n<meta name=\"description\" content=\"Tiesa gali sugriauti visk\u0105... \u0160alia atokaus dvaro tykiame mi\u0161ke randama naujagim\u0117. Harington\u0173 \u0161eima j\u0105 priglaud\u017eia, ir dvejon\u0117s netrukus virsta d\u017eiaugsmu.\" \/>\n<meta name=\"robots\" content=\"index, follow, max-snippet:-1, max-image-preview:large, max-video-preview:-1\" \/>\n<link rel=\"canonical\" href=\"https:\/\/skaitytaknyga.lt\/en\/produktas\/stiklo-namai\/\" \/>\n<meta property=\"og:locale\" content=\"en_GB\" \/>\n<meta property=\"og:locale:alternate\" content=\"lt_LT\" \/>\n<meta property=\"og:type\" content=\"article\" \/>\n<meta property=\"og:title\" content=\"Stiklo namai\" \/>\n<meta property=\"og:description\" content=\"Tiesa gali sugriauti visk\u0105... \u0160alia atokaus dvaro tykiame mi\u0161ke randama naujagim\u0117. Harington\u0173 \u0161eima j\u0105 priglaud\u017eia, ir dvejon\u0117s netrukus virsta d\u017eiaugsmu.\" \/>\n<meta property=\"og:url\" content=\"https:\/\/skaitytaknyga.lt\/en\/produktas\/stiklo-namai\/\" \/>\n<meta property=\"og:site_name\" content=\"Skaitytaknyga\" \/>\n<meta property=\"article:publisher\" content=\"https:\/\/www.facebook.com\/skaitytaknyga\/\" \/>\n<meta property=\"article:modified_time\" content=\"2025-09-06T08:51:10+00:00\" \/>\n<meta property=\"og:image\" content=\"https:\/\/skaitytaknyga.lt\/wp-content\/uploads\/2025\/08\/Stiklo-namai-1.webp\" \/>\n\t<meta property=\"og:image:width\" content=\"498\" \/>\n\t<meta property=\"og:image:height\" content=\"748\" \/>\n\t<meta property=\"og:image:type\" content=\"image\/webp\" \/>\n<meta name=\"twitter:card\" content=\"summary_large_image\" \/>\n<meta name=\"twitter:label1\" content=\"Estimated reading time\" \/>\n\t<meta name=\"twitter:data1\" content=\"1 minute\" \/>\n<script type=\"application\/ld+json\" class=\"yoast-schema-graph\">{\"@context\":\"https:\/\/schema.org\",\"@graph\":[{\"@type\":\"WebPage\",\"@id\":\"https:\/\/skaitytaknyga.lt\/produktas\/stiklo-namai\/\",\"url\":\"https:\/\/skaitytaknyga.lt\/produktas\/stiklo-namai\/\",\"name\":\"Stiklo namai\",\"isPartOf\":{\"@id\":\"https:\/\/skaitytaknyga.lt\/#website\"},\"primaryImageOfPage\":{\"@id\":\"https:\/\/skaitytaknyga.lt\/produktas\/stiklo-namai\/#primaryimage\"},\"image\":{\"@id\":\"https:\/\/skaitytaknyga.lt\/produktas\/stiklo-namai\/#primaryimage\"},\"thumbnailUrl\":\"https:\/\/skaitytaknyga.lt\/wp-content\/uploads\/2025\/08\/Stiklo-namai-1.webp\",\"datePublished\":\"2025-08-25T09:03:49+00:00\",\"dateModified\":\"2025-09-06T08:51:10+00:00\",\"description\":\"Tiesa gali sugriauti visk\u0105... \u0160alia atokaus dvaro tykiame mi\u0161ke randama naujagim\u0117. Harington\u0173 \u0161eima j\u0105 priglaud\u017eia, ir dvejon\u0117s netrukus virsta d\u017eiaugsmu.\",\"breadcrumb\":{\"@id\":\"https:\/\/skaitytaknyga.lt\/produktas\/stiklo-namai\/#breadcrumb\"},\"inLanguage\":\"en-GB\",\"potentialAction\":[{\"@type\":\"ReadAction\",\"target\":[\"https:\/\/skaitytaknyga.lt\/produktas\/stiklo-namai\/\"]}]},{\"@type\":\"ImageObject\",\"inLanguage\":\"en-GB\",\"@id\":\"https:\/\/skaitytaknyga.lt\/produktas\/stiklo-namai\/#primaryimage\",\"url\":\"https:\/\/skaitytaknyga.lt\/wp-content\/uploads\/2025\/08\/Stiklo-namai-1.webp\",\"contentUrl\":\"https:\/\/skaitytaknyga.lt\/wp-content\/uploads\/2025\/08\/Stiklo-namai-1.webp\",\"width\":498,\"height\":748,\"caption\":\"Stiklo namai\"},{\"@type\":\"BreadcrumbList\",\"@id\":\"https:\/\/skaitytaknyga.lt\/produktas\/stiklo-namai\/#breadcrumb\",\"itemListElement\":[{\"@type\":\"ListItem\",\"position\":1,\"name\":\"Home\",\"item\":\"https:\/\/skaitytaknyga.lt\/\"},{\"@type\":\"ListItem\",\"position\":2,\"name\":\"Parduotuv\u0117\",\"item\":\"https:\/\/skaitytaknyga.lt\/knygu-parduotuve\/\"},{\"@type\":\"ListItem\",\"position\":3,\"name\":\"Stiklo namai\"}]},{\"@type\":\"WebSite\",\"@id\":\"https:\/\/skaitytaknyga.lt\/#website\",\"url\":\"https:\/\/skaitytaknyga.lt\/\",\"name\":\"skaitytaknyga.lt\",\"description\":\"Skaitytaknyga.lt \u2013 tai ma\u017eas \u0161eimos verslas, kuris prasid\u0117jo nuo meil\u0117s knygoms ir siekio i\u0161gelb\u0117ti knygas nuo likimo prie konteinerio. Kas vienam nereikalingas daiktas \u2013 kitam lobis, o mes esame tarpininkai, kurie padeda abiems tapti laimingesniems ???? \u017dinome kaip nelengva i\u0161gyventi ma\u017eiems verslams, tad nuo \u0161iol, \u010dia rasite ir kit\u0173, ma\u017e\u0173 \u0161eim\u0173 versl\u0173, rank\u0173 darbo, dovan\u0173 sau ir artimiesiems.\",\"publisher\":{\"@id\":\"https:\/\/skaitytaknyga.lt\/#organization\"},\"potentialAction\":[{\"@type\":\"SearchAction\",\"target\":{\"@type\":\"EntryPoint\",\"urlTemplate\":\"https:\/\/skaitytaknyga.lt\/?s={search_term_string}\"},\"query-input\":{\"@type\":\"PropertyValueSpecification\",\"valueRequired\":true,\"valueName\":\"search_term_string\"}}],\"inLanguage\":\"en-GB\"},{\"@type\":\"Organization\",\"@id\":\"https:\/\/skaitytaknyga.lt\/#organization\",\"name\":\"skaitytaknyga.lt\",\"url\":\"https:\/\/skaitytaknyga.lt\/\",\"logo\":{\"@type\":\"ImageObject\",\"inLanguage\":\"en-GB\",\"@id\":\"https:\/\/skaitytaknyga.lt\/#\/schema\/logo\/image\/\",\"url\":\"https:\/\/skaitytaknyga.lt\/wp-content\/uploads\/2024\/05\/cropped-cropped-cropped-02_00843_jt3bggkj1j3HLc7SyY6rEUpg.jpeg\",\"contentUrl\":\"https:\/\/skaitytaknyga.lt\/wp-content\/uploads\/2024\/05\/cropped-cropped-cropped-02_00843_jt3bggkj1j3HLc7SyY6rEUpg.jpeg\",\"width\":1600,\"height\":1600,\"caption\":\"skaitytaknyga.lt\"},\"image\":{\"@id\":\"https:\/\/skaitytaknyga.lt\/#\/schema\/logo\/image\/\"},\"sameAs\":[\"https:\/\/www.facebook.com\/skaitytaknyga\/\"]}]}<\/script>\n<!-- \/ Yoast SEO plugin. -->","yoast_head_json":{"title":"Stiklo namai","description":"Tiesa gali sugriauti visk\u0105... \u0160alia atokaus dvaro tykiame mi\u0161ke randama naujagim\u0117. Harington\u0173 \u0161eima j\u0105 priglaud\u017eia, ir dvejon\u0117s netrukus virsta d\u017eiaugsmu.","robots":{"index":"index","follow":"follow","max-snippet":"max-snippet:-1","max-image-preview":"max-image-preview:large","max-video-preview":"max-video-preview:-1"},"canonical":"https:\/\/skaitytaknyga.lt\/en\/produktas\/stiklo-namai\/","og_locale":"en_GB","og_type":"article","og_title":"[:lt]Stiklo namai[:] - Skaitytaknyga","og_description":"Tiesa gali sugriauti visk\u0105... \u0160alia atokaus dvaro tykiame mi\u0161ke randama naujagim\u0117. Harington\u0173 \u0161eima j\u0105 priglaud\u017eia, ir dvejon\u0117s netrukus virsta d\u017eiaugsmu.","og_url":"https:\/\/skaitytaknyga.lt\/en\/produktas\/stiklo-namai\/","og_site_name":"Skaitytaknyga","article_publisher":"https:\/\/www.facebook.com\/skaitytaknyga\/","article_modified_time":"2025-09-06T08:51:10+00:00","og_image":[{"width":498,"height":748,"url":"https:\/\/skaitytaknyga.lt\/wp-content\/uploads\/2025\/08\/Stiklo-namai-1.webp","type":"image\/webp"}],"twitter_card":"summary_large_image","twitter_misc":{"Estimated reading time":"1 minute"},"schema":{"@context":"https:\/\/schema.org","@graph":[{"@type":"WebPage","@id":"https:\/\/skaitytaknyga.lt\/produktas\/stiklo-namai\/","url":"https:\/\/skaitytaknyga.lt\/produktas\/stiklo-namai\/","name":"Stiklo namai","isPartOf":{"@id":"https:\/\/skaitytaknyga.lt\/#website"},"primaryImageOfPage":{"@id":"https:\/\/skaitytaknyga.lt\/produktas\/stiklo-namai\/#primaryimage"},"image":{"@id":"https:\/\/skaitytaknyga.lt\/produktas\/stiklo-namai\/#primaryimage"},"thumbnailUrl":"https:\/\/skaitytaknyga.lt\/wp-content\/uploads\/2025\/08\/Stiklo-namai-1.webp","datePublished":"2025-08-25T09:03:49+00:00","dateModified":"2025-09-06T08:51:10+00:00","description":"Tiesa gali sugriauti visk\u0105... \u0160alia atokaus dvaro tykiame mi\u0161ke randama naujagim\u0117. Harington\u0173 \u0161eima j\u0105 priglaud\u017eia, ir dvejon\u0117s netrukus virsta d\u017eiaugsmu.","breadcrumb":{"@id":"https:\/\/skaitytaknyga.lt\/produktas\/stiklo-namai\/#breadcrumb"},"inLanguage":"en-GB","potentialAction":[{"@type":"ReadAction","target":["https:\/\/skaitytaknyga.lt\/produktas\/stiklo-namai\/"]}]},{"@type":"ImageObject","inLanguage":"en-GB","@id":"https:\/\/skaitytaknyga.lt\/produktas\/stiklo-namai\/#primaryimage","url":"https:\/\/skaitytaknyga.lt\/wp-content\/uploads\/2025\/08\/Stiklo-namai-1.webp","contentUrl":"https:\/\/skaitytaknyga.lt\/wp-content\/uploads\/2025\/08\/Stiklo-namai-1.webp","width":498,"height":748,"caption":"Stiklo namai"},{"@type":"BreadcrumbList","@id":"https:\/\/skaitytaknyga.lt\/produktas\/stiklo-namai\/#breadcrumb","itemListElement":[{"@type":"ListItem","position":1,"name":"Home","item":"https:\/\/skaitytaknyga.lt\/"},{"@type":"ListItem","position":2,"name":"Parduotuv\u0117","item":"https:\/\/skaitytaknyga.lt\/knygu-parduotuve\/"},{"@type":"ListItem","position":3,"name":"Stiklo namai"}]},{"@type":"WebSite","@id":"https:\/\/skaitytaknyga.lt\/#website","url":"https:\/\/skaitytaknyga.lt\/","name":"skaitytaknyga.lt","description":"Skaitytaknyga.lt \u2013 tai ma\u017eas \u0161eimos verslas, kuris prasid\u0117jo nuo meil\u0117s knygoms ir siekio i\u0161gelb\u0117ti knygas nuo likimo prie konteinerio. Kas vienam nereikalingas daiktas \u2013 kitam lobis, o mes esame tarpininkai, kurie padeda abiems tapti laimingesniems ???? \u017dinome kaip nelengva i\u0161gyventi ma\u017eiems verslams, tad nuo \u0161iol, \u010dia rasite ir kit\u0173, ma\u017e\u0173 \u0161eim\u0173 versl\u0173, rank\u0173 darbo, dovan\u0173 sau ir artimiesiems.","publisher":{"@id":"https:\/\/skaitytaknyga.lt\/#organization"},"potentialAction":[{"@type":"SearchAction","target":{"@type":"EntryPoint","urlTemplate":"https:\/\/skaitytaknyga.lt\/?s={search_term_string}"},"query-input":{"@type":"PropertyValueSpecification","valueRequired":true,"valueName":"search_term_string"}}],"inLanguage":"en-GB"},{"@type":"Organization","@id":"https:\/\/skaitytaknyga.lt\/#organization","name":"skaitytaknyga.lt","url":"https:\/\/skaitytaknyga.lt\/","logo":{"@type":"ImageObject","inLanguage":"en-GB","@id":"https:\/\/skaitytaknyga.lt\/#\/schema\/logo\/image\/","url":"https:\/\/skaitytaknyga.lt\/wp-content\/uploads\/2024\/05\/cropped-cropped-cropped-02_00843_jt3bggkj1j3HLc7SyY6rEUpg.jpeg","contentUrl":"https:\/\/skaitytaknyga.lt\/wp-content\/uploads\/2024\/05\/cropped-cropped-cropped-02_00843_jt3bggkj1j3HLc7SyY6rEUpg.jpeg","width":1600,"height":1600,"caption":"skaitytaknyga.lt"},"image":{"@id":"https:\/\/skaitytaknyga.lt\/#\/schema\/logo\/image\/"},"sameAs":["https:\/\/www.facebook.com\/skaitytaknyga\/"]}]}},"_links":{"self":[{"href":"https:\/\/skaitytaknyga.lt\/en\/wp-json\/wp\/v2\/product\/20324","targetHints":{"allow":["GET"]}}],"collection":[{"href":"https:\/\/skaitytaknyga.lt\/en\/wp-json\/wp\/v2\/product"}],"about":[{"href":"https:\/\/skaitytaknyga.lt\/en\/wp-json\/wp\/v2\/types\/product"}],"replies":[{"embeddable":true,"href":"https:\/\/skaitytaknyga.lt\/en\/wp-json\/wp\/v2\/comments?post=20324"}],"wp:featuredmedia":[{"embeddable":true,"href":"https:\/\/skaitytaknyga.lt\/en\/wp-json\/wp\/v2\/media\/20329"}],"wp:attachment":[{"href":"https:\/\/skaitytaknyga.lt\/en\/wp-json\/wp\/v2\/media?parent=20324"}],"wp:term":[{"taxonomy":"product_brand","embeddable":true,"href":"https:\/\/skaitytaknyga.lt\/en\/wp-json\/wp\/v2\/product_brand?post=20324"},{"taxonomy":"product_cat","embeddable":true,"href":"https:\/\/skaitytaknyga.lt\/en\/wp-json\/wp\/v2\/product_cat?post=20324"},{"taxonomy":"product_tag","embeddable":true,"href":"https:\/\/skaitytaknyga.lt\/en\/wp-json\/wp\/v2\/product_tag?post=20324"}],"curies":[{"name":"wp","href":"https:\/\/api.w.org\/{rel}","templated":true}]}}