{"id":20322,"date":"2025-08-25T12:03:49","date_gmt":"2025-08-25T09:03:49","guid":{"rendered":"https:\/\/skaitytaknyga.lt\/?post_type=product&#038;p=20322"},"modified":"2025-09-06T11:55:10","modified_gmt":"2025-09-06T08:55:10","slug":"iliuziju-meistras","status":"publish","type":"product","link":"https:\/\/skaitytaknyga.lt\/en\/produktas\/iliuziju-meistras\/","title":{"rendered":"Iliuzij\u0173 meistras"},"content":{"rendered":"<p>\u017durnalistei Kjarai Parizi teko ne\u012fmanoma u\u017eduotis \u2013 surasti ra\u0161ytoj\u0105 Andr\u0117j\u0105 Korel\u012f ir gauti jo interviu. Apie paslapting\u0105j\u012f ra\u0161ytoj\u0105 sklando legendos, dar niekam n\u0117ra pavyk\u0119 jo prakalbinti ir net sutikti akis \u012f ak\u012f. Vienintelis \u012frodymas, kad autorius i\u0161 ties\u0173 egzistuoja, yra jo knygos, kurios siurrealiomis istorijomis u\u017evaldo skaitytojo s\u0105mon\u0119 ir i\u0161trina joje rib\u0105 tarp tikrov\u0117s ir iluzijos.<\/p>\n<p>Paslap\u010di\u0173 turi ir pati Kjara \u2013 gal tod\u0117l Korelis leid\u017eiasi surandamas ir netgi papra\u0161o jos pagalbos \u2013 surasti jam brang\u0173 \u017emog\u0173. Ta\u010diau tai nebus \u012fprasta \u017eurnalistin\u0117 paie\u0161ka&#8230; Kjarai teks leistis \u012f Korelio sukurt\u0105j\u012f pasaul\u012f, kuriame persipina praeitis ir dabartis, sapnas ir realyb\u0117, meil\u0117 ir praradimai.<\/p>\n<p>Tai \u2013 pirmoji Italijoje gyvenan\u010dios lietuv\u0117s Raimondos Skopait\u0117s knyga. Marijos Verdi slapyvard\u017eiu prisistatanti autor\u0117 sako, kad \u201eIliuzij\u0173 meistras&#8221; yra daugiasluoksn\u0117 knyga \u2013 lyg i\u0161 mago cilindro i\u0161nyra netik\u0117ti siu\u017eeto vingiai, keisti persona\u017eai ir dar keistesni j\u0173 nuotykiai. Ta\u010diau jei \u017evilgtel\u0117site tarp eilu\u010di\u0173 ir seksite simboli\u0173 kalb\u0105 \u2013 tai romanas apie meil\u0119 ir pamatines gyvenimo tiesas.<\/p>\n","protected":false},"excerpt":{"rendered":"<p>\u017durnalistei Kjarai Parizi teko ne\u012fmanoma u\u017eduotis \u2013 surasti ra\u0161ytoj\u0105 Andr\u0117j\u0105 Korel\u012f ir gauti jo interviu. Apie paslapting\u0105j\u012f ra\u0161ytoj\u0105 sklando legendos, dar niekam n\u0117ra pavyk\u0119 jo prakalbinti ir net sutikti akis \u012f ak\u012f. Vienintelis \u012frodymas, kad autorius i\u0161 ties\u0173 egzistuoja, yra jo knygos, kurios siurrealiomis istorijomis u\u017evaldo skaitytojo s\u0105mon\u0119 ir i\u0161trina joje rib\u0105 tarp tikrov\u0117s ir iluzijos. Paslap\u010di\u0173 turi ir pati Kjara \u2013 gal tod\u0117l Korelis leid\u017eiasi surandamas ir netgi papra\u0161o jos pagalbos \u2013 surasti jam brang\u0173 \u017emog\u0173. Ta\u010diau tai nebus \u012fprasta \u017eurnalistin\u0117 paie\u0161ka&#8230; Kjarai teks leistis \u012f Korelio sukurt\u0105j\u012f pasaul\u012f, kuriame persipina praeitis ir dabartis, sapnas ir realyb\u0117, meil\u0117 ir praradimai. Tai \u2013 pirmoji Italijoje gyvenan\u010dios lietuv\u0117s Raimondos Skopait\u0117s knyga. Marijos Verdi slapyvard\u017eiu prisistatanti autor\u0117 sako, kad \u201eIliuzij\u0173 meistras&#8221; yra daugiasluoksn\u0117 knyga \u2013 lyg i\u0161 mago cilindro i\u0161nyra netik\u0117ti siu\u017eeto vingiai, keisti persona\u017eai ir dar keistesni j\u0173 nuotykiai. Ta\u010diau jei \u017evilgtel\u0117site tarp eilu\u010di\u0173 ir seksite simboli\u0173 kalb\u0105 \u2013 tai romanas apie meil\u0119 ir pamatines gyvenimo tiesas.<\/p>\n","protected":false},"featured_media":20327,"comment_status":"open","ping_status":"closed","template":"","meta":{"_acf_changed":false,"site-sidebar-layout":"default","site-content-layout":"","ast-site-content-layout":"default","site-content-style":"default","site-sidebar-style":"default","ast-global-header-display":"","ast-banner-title-visibility":"","ast-main-header-display":"","ast-hfb-above-header-display":"","ast-hfb-below-header-display":"","ast-hfb-mobile-header-display":"","site-post-title":"","ast-breadcrumbs-content":"","ast-featured-img":"","footer-sml-layout":"","ast-disable-related-posts":"","theme-transparent-header-meta":"","adv-header-id-meta":"","stick-header-meta":"","header-above-stick-meta":"","header-main-stick-meta":"","header-below-stick-meta":"","astra-migrate-meta-layouts":"default","ast-page-background-enabled":"default","ast-page-background-meta":{"desktop":{"background-color":"","background-image":"","background-repeat":"repeat","background-position":"center center","background-size":"auto","background-attachment":"scroll","background-type":"","background-media":"","overlay-type":"","overlay-color":"","overlay-opacity":"","overlay-gradient":""},"tablet":{"background-color":"","background-image":"","background-repeat":"repeat","background-position":"center center","background-size":"auto","background-attachment":"scroll","background-type":"","background-media":"","overlay-type":"","overlay-color":"","overlay-opacity":"","overlay-gradient":""},"mobile":{"background-color":"","background-image":"","background-repeat":"repeat","background-position":"center center","background-size":"auto","background-attachment":"scroll","background-type":"","background-media":"","overlay-type":"","overlay-color":"","overlay-opacity":"","overlay-gradient":""}},"ast-content-background-meta":{"desktop":{"background-color":"var(--ast-global-color-4)","background-image":"","background-repeat":"repeat","background-position":"center center","background-size":"auto","background-attachment":"scroll","background-type":"","background-media":"","overlay-type":"","overlay-color":"","overlay-opacity":"","overlay-gradient":""},"tablet":{"background-color":"var(--ast-global-color-4)","background-image":"","background-repeat":"repeat","background-position":"center center","background-size":"auto","background-attachment":"scroll","background-type":"","background-media":"","overlay-type":"","overlay-color":"","overlay-opacity":"","overlay-gradient":""},"mobile":{"background-color":"var(--ast-global-color-4)","background-image":"","background-repeat":"repeat","background-position":"center center","background-size":"auto","background-attachment":"scroll","background-type":"","background-media":"","overlay-type":"","overlay-color":"","overlay-opacity":"","overlay-gradient":""}}},"product_brand":[],"product_cat":[31],"product_tag":[1504,1492,1796,1478,7957],"class_list":{"0":"post-20322","1":"product","2":"type-product","3":"status-publish","4":"has-post-thumbnail","6":"product_cat-grozine-literatura","7":"product_tag-fantastika","8":"product_tag-literatura","9":"product_tag-meile","10":"product_tag-paslaptys","11":"product_tag-raimonda-skopaite-marijos-verdi-iliuzijos","12":"desktop-align-left","13":"tablet-align-left","14":"mobile-align-left","16":"first","17":"instock","18":"shipping-taxable","19":"purchasable","20":"product-type-simple"},"acf":[],"yoast_head":"<!-- This site is optimized with the Yoast SEO plugin v27.0 - https:\/\/yoast.com\/product\/yoast-seo-wordpress\/ -->\n<title>Iliuzij\u0173 meistras<\/title>\n<meta name=\"description\" content=\"\u017durnalistei Kjarai Parizi teko ne\u012fmanoma u\u017eduotis \u2013 surasti ra\u0161ytoj\u0105 Andr\u0117j\u0105 Korel\u012f ir gauti jo interviu. Apie paslapting\u0105j\u012f ra\u0161ytoj\u0105 sklando legendos,\" \/>\n<meta name=\"robots\" content=\"index, follow, max-snippet:-1, max-image-preview:large, max-video-preview:-1\" \/>\n<link rel=\"canonical\" href=\"https:\/\/skaitytaknyga.lt\/en\/produktas\/iliuziju-meistras\/\" \/>\n<meta property=\"og:locale\" content=\"en_GB\" \/>\n<meta property=\"og:locale:alternate\" content=\"lt_LT\" \/>\n<meta property=\"og:type\" content=\"article\" \/>\n<meta property=\"og:title\" content=\"Iliuzij\u0173 meistras\" \/>\n<meta property=\"og:description\" content=\"\u017durnalistei Kjarai Parizi teko ne\u012fmanoma u\u017eduotis \u2013 surasti ra\u0161ytoj\u0105 Andr\u0117j\u0105 Korel\u012f ir gauti jo interviu. Apie paslapting\u0105j\u012f ra\u0161ytoj\u0105 sklando legendos,\" \/>\n<meta property=\"og:url\" content=\"https:\/\/skaitytaknyga.lt\/en\/produktas\/iliuziju-meistras\/\" \/>\n<meta property=\"og:site_name\" content=\"Skaitytaknyga\" \/>\n<meta property=\"article:publisher\" content=\"https:\/\/www.facebook.com\/skaitytaknyga\/\" \/>\n<meta property=\"article:modified_time\" content=\"2025-09-06T08:55:10+00:00\" \/>\n<meta property=\"og:image\" content=\"https:\/\/skaitytaknyga.lt\/wp-content\/uploads\/2025\/08\/iliuziju-meistras-1-e1756126378293.webp\" \/>\n\t<meta property=\"og:image:width\" content=\"312\" \/>\n\t<meta property=\"og:image:height\" content=\"477\" \/>\n\t<meta property=\"og:image:type\" content=\"image\/webp\" \/>\n<meta name=\"twitter:card\" content=\"summary_large_image\" \/>\n<meta name=\"twitter:label1\" content=\"Estimated reading time\" \/>\n\t<meta name=\"twitter:data1\" content=\"1 minute\" \/>\n<script type=\"application\/ld+json\" class=\"yoast-schema-graph\">{\"@context\":\"https:\/\/schema.org\",\"@graph\":[{\"@type\":\"WebPage\",\"@id\":\"https:\/\/skaitytaknyga.lt\/produktas\/iliuziju-meistras\/\",\"url\":\"https:\/\/skaitytaknyga.lt\/produktas\/iliuziju-meistras\/\",\"name\":\"Iliuzij\u0173 meistras\",\"isPartOf\":{\"@id\":\"https:\/\/skaitytaknyga.lt\/#website\"},\"primaryImageOfPage\":{\"@id\":\"https:\/\/skaitytaknyga.lt\/produktas\/iliuziju-meistras\/#primaryimage\"},\"image\":{\"@id\":\"https:\/\/skaitytaknyga.lt\/produktas\/iliuziju-meistras\/#primaryimage\"},\"thumbnailUrl\":\"https:\/\/skaitytaknyga.lt\/wp-content\/uploads\/2025\/08\/iliuziju-meistras-1-e1756126378293.webp\",\"datePublished\":\"2025-08-25T09:03:49+00:00\",\"dateModified\":\"2025-09-06T08:55:10+00:00\",\"description\":\"\u017durnalistei Kjarai Parizi teko ne\u012fmanoma u\u017eduotis \u2013 surasti ra\u0161ytoj\u0105 Andr\u0117j\u0105 Korel\u012f ir gauti jo interviu. Apie paslapting\u0105j\u012f ra\u0161ytoj\u0105 sklando legendos,\",\"breadcrumb\":{\"@id\":\"https:\/\/skaitytaknyga.lt\/produktas\/iliuziju-meistras\/#breadcrumb\"},\"inLanguage\":\"en-GB\",\"potentialAction\":[{\"@type\":\"ReadAction\",\"target\":[\"https:\/\/skaitytaknyga.lt\/produktas\/iliuziju-meistras\/\"]}]},{\"@type\":\"ImageObject\",\"inLanguage\":\"en-GB\",\"@id\":\"https:\/\/skaitytaknyga.lt\/produktas\/iliuziju-meistras\/#primaryimage\",\"url\":\"https:\/\/skaitytaknyga.lt\/wp-content\/uploads\/2025\/08\/iliuziju-meistras-1-e1756126378293.webp\",\"contentUrl\":\"https:\/\/skaitytaknyga.lt\/wp-content\/uploads\/2025\/08\/iliuziju-meistras-1-e1756126378293.webp\",\"width\":312,\"height\":477,\"caption\":\"iliuzij\u0173 meistras\"},{\"@type\":\"BreadcrumbList\",\"@id\":\"https:\/\/skaitytaknyga.lt\/produktas\/iliuziju-meistras\/#breadcrumb\",\"itemListElement\":[{\"@type\":\"ListItem\",\"position\":1,\"name\":\"Home\",\"item\":\"https:\/\/skaitytaknyga.lt\/\"},{\"@type\":\"ListItem\",\"position\":2,\"name\":\"Parduotuv\u0117\",\"item\":\"https:\/\/skaitytaknyga.lt\/knygu-parduotuve\/\"},{\"@type\":\"ListItem\",\"position\":3,\"name\":\"Iliuzij\u0173 meistras\"}]},{\"@type\":\"WebSite\",\"@id\":\"https:\/\/skaitytaknyga.lt\/#website\",\"url\":\"https:\/\/skaitytaknyga.lt\/\",\"name\":\"skaitytaknyga.lt\",\"description\":\"Skaitytaknyga.lt \u2013 tai ma\u017eas \u0161eimos verslas, kuris prasid\u0117jo nuo meil\u0117s knygoms ir siekio i\u0161gelb\u0117ti knygas nuo likimo prie konteinerio. Kas vienam nereikalingas daiktas \u2013 kitam lobis, o mes esame tarpininkai, kurie padeda abiems tapti laimingesniems ???? \u017dinome kaip nelengva i\u0161gyventi ma\u017eiems verslams, tad nuo \u0161iol, \u010dia rasite ir kit\u0173, ma\u017e\u0173 \u0161eim\u0173 versl\u0173, rank\u0173 darbo, dovan\u0173 sau ir artimiesiems.\",\"publisher\":{\"@id\":\"https:\/\/skaitytaknyga.lt\/#organization\"},\"potentialAction\":[{\"@type\":\"SearchAction\",\"target\":{\"@type\":\"EntryPoint\",\"urlTemplate\":\"https:\/\/skaitytaknyga.lt\/?s={search_term_string}\"},\"query-input\":{\"@type\":\"PropertyValueSpecification\",\"valueRequired\":true,\"valueName\":\"search_term_string\"}}],\"inLanguage\":\"en-GB\"},{\"@type\":\"Organization\",\"@id\":\"https:\/\/skaitytaknyga.lt\/#organization\",\"name\":\"skaitytaknyga.lt\",\"url\":\"https:\/\/skaitytaknyga.lt\/\",\"logo\":{\"@type\":\"ImageObject\",\"inLanguage\":\"en-GB\",\"@id\":\"https:\/\/skaitytaknyga.lt\/#\/schema\/logo\/image\/\",\"url\":\"https:\/\/skaitytaknyga.lt\/wp-content\/uploads\/2024\/05\/cropped-cropped-cropped-02_00843_jt3bggkj1j3HLc7SyY6rEUpg.jpeg\",\"contentUrl\":\"https:\/\/skaitytaknyga.lt\/wp-content\/uploads\/2024\/05\/cropped-cropped-cropped-02_00843_jt3bggkj1j3HLc7SyY6rEUpg.jpeg\",\"width\":1600,\"height\":1600,\"caption\":\"skaitytaknyga.lt\"},\"image\":{\"@id\":\"https:\/\/skaitytaknyga.lt\/#\/schema\/logo\/image\/\"},\"sameAs\":[\"https:\/\/www.facebook.com\/skaitytaknyga\/\"]}]}<\/script>\n<!-- \/ Yoast SEO plugin. -->","yoast_head_json":{"title":"Iliuzij\u0173 meistras","description":"\u017durnalistei Kjarai Parizi teko ne\u012fmanoma u\u017eduotis \u2013 surasti ra\u0161ytoj\u0105 Andr\u0117j\u0105 Korel\u012f ir gauti jo interviu. Apie paslapting\u0105j\u012f ra\u0161ytoj\u0105 sklando legendos,","robots":{"index":"index","follow":"follow","max-snippet":"max-snippet:-1","max-image-preview":"max-image-preview:large","max-video-preview":"max-video-preview:-1"},"canonical":"https:\/\/skaitytaknyga.lt\/en\/produktas\/iliuziju-meistras\/","og_locale":"en_GB","og_type":"article","og_title":"[:lt]Iliuzij\u0173 meistras[:] - Skaitytaknyga","og_description":"\u017durnalistei Kjarai Parizi teko ne\u012fmanoma u\u017eduotis \u2013 surasti ra\u0161ytoj\u0105 Andr\u0117j\u0105 Korel\u012f ir gauti jo interviu. Apie paslapting\u0105j\u012f ra\u0161ytoj\u0105 sklando legendos,","og_url":"https:\/\/skaitytaknyga.lt\/en\/produktas\/iliuziju-meistras\/","og_site_name":"Skaitytaknyga","article_publisher":"https:\/\/www.facebook.com\/skaitytaknyga\/","article_modified_time":"2025-09-06T08:55:10+00:00","og_image":[{"width":312,"height":477,"url":"https:\/\/skaitytaknyga.lt\/wp-content\/uploads\/2025\/08\/iliuziju-meistras-1-e1756126378293.webp","type":"image\/webp"}],"twitter_card":"summary_large_image","twitter_misc":{"Estimated reading time":"1 minute"},"schema":{"@context":"https:\/\/schema.org","@graph":[{"@type":"WebPage","@id":"https:\/\/skaitytaknyga.lt\/produktas\/iliuziju-meistras\/","url":"https:\/\/skaitytaknyga.lt\/produktas\/iliuziju-meistras\/","name":"Iliuzij\u0173 meistras","isPartOf":{"@id":"https:\/\/skaitytaknyga.lt\/#website"},"primaryImageOfPage":{"@id":"https:\/\/skaitytaknyga.lt\/produktas\/iliuziju-meistras\/#primaryimage"},"image":{"@id":"https:\/\/skaitytaknyga.lt\/produktas\/iliuziju-meistras\/#primaryimage"},"thumbnailUrl":"https:\/\/skaitytaknyga.lt\/wp-content\/uploads\/2025\/08\/iliuziju-meistras-1-e1756126378293.webp","datePublished":"2025-08-25T09:03:49+00:00","dateModified":"2025-09-06T08:55:10+00:00","description":"\u017durnalistei Kjarai Parizi teko ne\u012fmanoma u\u017eduotis \u2013 surasti ra\u0161ytoj\u0105 Andr\u0117j\u0105 Korel\u012f ir gauti jo interviu. Apie paslapting\u0105j\u012f ra\u0161ytoj\u0105 sklando legendos,","breadcrumb":{"@id":"https:\/\/skaitytaknyga.lt\/produktas\/iliuziju-meistras\/#breadcrumb"},"inLanguage":"en-GB","potentialAction":[{"@type":"ReadAction","target":["https:\/\/skaitytaknyga.lt\/produktas\/iliuziju-meistras\/"]}]},{"@type":"ImageObject","inLanguage":"en-GB","@id":"https:\/\/skaitytaknyga.lt\/produktas\/iliuziju-meistras\/#primaryimage","url":"https:\/\/skaitytaknyga.lt\/wp-content\/uploads\/2025\/08\/iliuziju-meistras-1-e1756126378293.webp","contentUrl":"https:\/\/skaitytaknyga.lt\/wp-content\/uploads\/2025\/08\/iliuziju-meistras-1-e1756126378293.webp","width":312,"height":477,"caption":"iliuzij\u0173 meistras"},{"@type":"BreadcrumbList","@id":"https:\/\/skaitytaknyga.lt\/produktas\/iliuziju-meistras\/#breadcrumb","itemListElement":[{"@type":"ListItem","position":1,"name":"Home","item":"https:\/\/skaitytaknyga.lt\/"},{"@type":"ListItem","position":2,"name":"Parduotuv\u0117","item":"https:\/\/skaitytaknyga.lt\/knygu-parduotuve\/"},{"@type":"ListItem","position":3,"name":"Iliuzij\u0173 meistras"}]},{"@type":"WebSite","@id":"https:\/\/skaitytaknyga.lt\/#website","url":"https:\/\/skaitytaknyga.lt\/","name":"skaitytaknyga.lt","description":"Skaitytaknyga.lt \u2013 tai ma\u017eas \u0161eimos verslas, kuris prasid\u0117jo nuo meil\u0117s knygoms ir siekio i\u0161gelb\u0117ti knygas nuo likimo prie konteinerio. Kas vienam nereikalingas daiktas \u2013 kitam lobis, o mes esame tarpininkai, kurie padeda abiems tapti laimingesniems ???? \u017dinome kaip nelengva i\u0161gyventi ma\u017eiems verslams, tad nuo \u0161iol, \u010dia rasite ir kit\u0173, ma\u017e\u0173 \u0161eim\u0173 versl\u0173, rank\u0173 darbo, dovan\u0173 sau ir artimiesiems.","publisher":{"@id":"https:\/\/skaitytaknyga.lt\/#organization"},"potentialAction":[{"@type":"SearchAction","target":{"@type":"EntryPoint","urlTemplate":"https:\/\/skaitytaknyga.lt\/?s={search_term_string}"},"query-input":{"@type":"PropertyValueSpecification","valueRequired":true,"valueName":"search_term_string"}}],"inLanguage":"en-GB"},{"@type":"Organization","@id":"https:\/\/skaitytaknyga.lt\/#organization","name":"skaitytaknyga.lt","url":"https:\/\/skaitytaknyga.lt\/","logo":{"@type":"ImageObject","inLanguage":"en-GB","@id":"https:\/\/skaitytaknyga.lt\/#\/schema\/logo\/image\/","url":"https:\/\/skaitytaknyga.lt\/wp-content\/uploads\/2024\/05\/cropped-cropped-cropped-02_00843_jt3bggkj1j3HLc7SyY6rEUpg.jpeg","contentUrl":"https:\/\/skaitytaknyga.lt\/wp-content\/uploads\/2024\/05\/cropped-cropped-cropped-02_00843_jt3bggkj1j3HLc7SyY6rEUpg.jpeg","width":1600,"height":1600,"caption":"skaitytaknyga.lt"},"image":{"@id":"https:\/\/skaitytaknyga.lt\/#\/schema\/logo\/image\/"},"sameAs":["https:\/\/www.facebook.com\/skaitytaknyga\/"]}]}},"_links":{"self":[{"href":"https:\/\/skaitytaknyga.lt\/en\/wp-json\/wp\/v2\/product\/20322","targetHints":{"allow":["GET"]}}],"collection":[{"href":"https:\/\/skaitytaknyga.lt\/en\/wp-json\/wp\/v2\/product"}],"about":[{"href":"https:\/\/skaitytaknyga.lt\/en\/wp-json\/wp\/v2\/types\/product"}],"replies":[{"embeddable":true,"href":"https:\/\/skaitytaknyga.lt\/en\/wp-json\/wp\/v2\/comments?post=20322"}],"wp:featuredmedia":[{"embeddable":true,"href":"https:\/\/skaitytaknyga.lt\/en\/wp-json\/wp\/v2\/media\/20327"}],"wp:attachment":[{"href":"https:\/\/skaitytaknyga.lt\/en\/wp-json\/wp\/v2\/media?parent=20322"}],"wp:term":[{"taxonomy":"product_brand","embeddable":true,"href":"https:\/\/skaitytaknyga.lt\/en\/wp-json\/wp\/v2\/product_brand?post=20322"},{"taxonomy":"product_cat","embeddable":true,"href":"https:\/\/skaitytaknyga.lt\/en\/wp-json\/wp\/v2\/product_cat?post=20322"},{"taxonomy":"product_tag","embeddable":true,"href":"https:\/\/skaitytaknyga.lt\/en\/wp-json\/wp\/v2\/product_tag?post=20322"}],"curies":[{"name":"wp","href":"https:\/\/api.w.org\/{rel}","templated":true}]}}