{"id":20315,"date":"2025-08-25T11:37:12","date_gmt":"2025-08-25T08:37:12","guid":{"rendered":"https:\/\/skaitytaknyga.lt\/?post_type=product&#038;p=20315"},"modified":"2026-03-18T20:03:23","modified_gmt":"2026-03-18T18:03:23","slug":"nuo-tasko-iki-sintezes-defektas-apatiniame-kampe","status":"publish","type":"product","link":"https:\/\/skaitytaknyga.lt\/en\/produktas\/nuo-tasko-iki-sintezes-defektas-apatiniame-kampe\/","title":{"rendered":"Nuo ta\u0161ko iki sintez\u0117s (defektas apatiniame kampe)"},"content":{"rendered":"<p>Knygoje aptariamos taikomosios dail\u0117s kompozicijos menin\u0117s priemon\u0117s, ai\u0161kinami architekt\u016bros ir dail\u0117s s\u0105veikos, stiliaus ir mad\u0173 klausimai bei simboliai.<\/p>\n<p>Skiriama auk\u0161t\u0173j\u0173 dail\u0117s mokykl\u0173 studentams, auk\u0161tesni\u0173j\u0173 dail\u0117s mokykl\u0173 moksleiviams, vidurini\u0173 mokykl\u0173 dail\u0117s mokytojams bei visiems, kas domisi gro\u017eio suvokimu.<\/p>\n","protected":false},"excerpt":{"rendered":"<p>Knygoje aptariamos taikomosios dail\u0117s kompozicijos menin\u0117s priemon\u0117s, ai\u0161kinami architekt\u016bros ir dail\u0117s s\u0105veikos, stiliaus ir mad\u0173 klausimai bei simboliai. Skiriama auk\u0161t\u0173j\u0173 dail\u0117s mokykl\u0173 studentams, auk\u0161tesni\u0173j\u0173 dail\u0117s mokykl\u0173 moksleiviams, vidurini\u0173 mokykl\u0173 dail\u0117s mokytojams bei visiems, kas domisi gro\u017eio suvokimu.<\/p>\n","protected":false},"featured_media":20320,"comment_status":"open","ping_status":"closed","template":"","meta":{"_acf_changed":false,"site-sidebar-layout":"default","site-content-layout":"","ast-site-content-layout":"default","site-content-style":"default","site-sidebar-style":"default","ast-global-header-display":"","ast-banner-title-visibility":"","ast-main-header-display":"","ast-hfb-above-header-display":"","ast-hfb-below-header-display":"","ast-hfb-mobile-header-display":"","site-post-title":"","ast-breadcrumbs-content":"","ast-featured-img":"","footer-sml-layout":"","ast-disable-related-posts":"","theme-transparent-header-meta":"","adv-header-id-meta":"","stick-header-meta":"","header-above-stick-meta":"","header-main-stick-meta":"","header-below-stick-meta":"","astra-migrate-meta-layouts":"default","ast-page-background-enabled":"default","ast-page-background-meta":{"desktop":{"background-color":"","background-image":"","background-repeat":"repeat","background-position":"center center","background-size":"auto","background-attachment":"scroll","background-type":"","background-media":"","overlay-type":"","overlay-color":"","overlay-opacity":"","overlay-gradient":""},"tablet":{"background-color":"","background-image":"","background-repeat":"repeat","background-position":"center center","background-size":"auto","background-attachment":"scroll","background-type":"","background-media":"","overlay-type":"","overlay-color":"","overlay-opacity":"","overlay-gradient":""},"mobile":{"background-color":"","background-image":"","background-repeat":"repeat","background-position":"center center","background-size":"auto","background-attachment":"scroll","background-type":"","background-media":"","overlay-type":"","overlay-color":"","overlay-opacity":"","overlay-gradient":""}},"ast-content-background-meta":{"desktop":{"background-color":"var(--ast-global-color-4)","background-image":"","background-repeat":"repeat","background-position":"center center","background-size":"auto","background-attachment":"scroll","background-type":"","background-media":"","overlay-type":"","overlay-color":"","overlay-opacity":"","overlay-gradient":""},"tablet":{"background-color":"var(--ast-global-color-4)","background-image":"","background-repeat":"repeat","background-position":"center center","background-size":"auto","background-attachment":"scroll","background-type":"","background-media":"","overlay-type":"","overlay-color":"","overlay-opacity":"","overlay-gradient":""},"mobile":{"background-color":"var(--ast-global-color-4)","background-image":"","background-repeat":"repeat","background-position":"center center","background-size":"auto","background-attachment":"scroll","background-type":"","background-media":"","overlay-type":"","overlay-color":"","overlay-opacity":"","overlay-gradient":""}}},"product_brand":[],"product_cat":[9871,57],"product_tag":[8028,8026,4150,8024,8027],"class_list":{"0":"post-20315","1":"product","2":"type-product","3":"status-publish","4":"has-post-thumbnail","6":"product_cat-tapyba-ir-daile","7":"product_cat-menas-ir-albumai","8":"product_tag-analitine-filosofija","9":"product_tag-ilosofija","10":"product_tag-kalba","11":"product_tag-logika","12":"product_tag-tikrove","13":"desktop-align-left","14":"tablet-align-left","15":"mobile-align-left","17":"first","18":"outofstock","19":"shipping-taxable","20":"purchasable","21":"product-type-simple"},"acf":[],"yoast_head":"<!-- This site is optimized with the Yoast SEO plugin v27.0 - https:\/\/yoast.com\/product\/yoast-seo-wordpress\/ -->\n<title>Nuo ta\u0161ko iki sintez\u0117s (defektas apatiniame kampe)<\/title>\n<meta name=\"description\" content=\"Knygoje aptariamos taikomosios dail\u0117s kompozicijos menin\u0117s priemon\u0117s, ai\u0161kinami architekt\u016bros ir dail\u0117s s\u0105veikos, stiliaus ir mad\u0173 klausimai bei\" \/>\n<meta name=\"robots\" content=\"index, follow, max-snippet:-1, max-image-preview:large, max-video-preview:-1\" \/>\n<link rel=\"canonical\" href=\"https:\/\/skaitytaknyga.lt\/en\/produktas\/nuo-tasko-iki-sintezes-defektas-apatiniame-kampe\/\" \/>\n<meta property=\"og:locale\" content=\"en_GB\" \/>\n<meta property=\"og:locale:alternate\" content=\"lt_LT\" \/>\n<meta property=\"og:type\" content=\"article\" \/>\n<meta property=\"og:title\" content=\"Nuo ta\u0161ko iki sintez\u0117s (defektas apatiniame kampe)\" \/>\n<meta property=\"og:description\" content=\"Knygoje aptariamos taikomosios dail\u0117s kompozicijos menin\u0117s priemon\u0117s, ai\u0161kinami architekt\u016bros ir dail\u0117s s\u0105veikos, stiliaus ir mad\u0173 klausimai bei\" \/>\n<meta property=\"og:url\" content=\"https:\/\/skaitytaknyga.lt\/en\/produktas\/nuo-tasko-iki-sintezes-defektas-apatiniame-kampe\/\" \/>\n<meta property=\"og:site_name\" content=\"Skaitytaknyga\" \/>\n<meta property=\"article:publisher\" content=\"https:\/\/www.facebook.com\/skaitytaknyga\/\" \/>\n<meta property=\"article:modified_time\" content=\"2026-03-18T18:03:23+00:00\" \/>\n<meta property=\"og:image\" content=\"https:\/\/skaitytaknyga.lt\/wp-content\/uploads\/2025\/08\/Nuo-tasko-iki-sintezes-1.webp\" \/>\n\t<meta property=\"og:image:width\" content=\"701\" \/>\n\t<meta property=\"og:image:height\" content=\"801\" \/>\n\t<meta property=\"og:image:type\" content=\"image\/webp\" \/>\n<meta name=\"twitter:card\" content=\"summary_large_image\" \/>\n<script type=\"application\/ld+json\" class=\"yoast-schema-graph\">{\"@context\":\"https:\/\/schema.org\",\"@graph\":[{\"@type\":\"WebPage\",\"@id\":\"https:\/\/skaitytaknyga.lt\/produktas\/nuo-tasko-iki-sintezes-defektas-apatiniame-kampe\/\",\"url\":\"https:\/\/skaitytaknyga.lt\/produktas\/nuo-tasko-iki-sintezes-defektas-apatiniame-kampe\/\",\"name\":\"Nuo ta\u0161ko iki sintez\u0117s (defektas apatiniame kampe)\",\"isPartOf\":{\"@id\":\"https:\/\/skaitytaknyga.lt\/#website\"},\"primaryImageOfPage\":{\"@id\":\"https:\/\/skaitytaknyga.lt\/produktas\/nuo-tasko-iki-sintezes-defektas-apatiniame-kampe\/#primaryimage\"},\"image\":{\"@id\":\"https:\/\/skaitytaknyga.lt\/produktas\/nuo-tasko-iki-sintezes-defektas-apatiniame-kampe\/#primaryimage\"},\"thumbnailUrl\":\"https:\/\/skaitytaknyga.lt\/wp-content\/uploads\/2025\/08\/Nuo-tasko-iki-sintezes-1.webp\",\"datePublished\":\"2025-08-25T08:37:12+00:00\",\"dateModified\":\"2026-03-18T18:03:23+00:00\",\"description\":\"Knygoje aptariamos taikomosios dail\u0117s kompozicijos menin\u0117s priemon\u0117s, ai\u0161kinami architekt\u016bros ir dail\u0117s s\u0105veikos, stiliaus ir mad\u0173 klausimai bei\",\"breadcrumb\":{\"@id\":\"https:\/\/skaitytaknyga.lt\/produktas\/nuo-tasko-iki-sintezes-defektas-apatiniame-kampe\/#breadcrumb\"},\"inLanguage\":\"en-GB\",\"potentialAction\":[{\"@type\":\"ReadAction\",\"target\":[\"https:\/\/skaitytaknyga.lt\/produktas\/nuo-tasko-iki-sintezes-defektas-apatiniame-kampe\/\"]}]},{\"@type\":\"ImageObject\",\"inLanguage\":\"en-GB\",\"@id\":\"https:\/\/skaitytaknyga.lt\/produktas\/nuo-tasko-iki-sintezes-defektas-apatiniame-kampe\/#primaryimage\",\"url\":\"https:\/\/skaitytaknyga.lt\/wp-content\/uploads\/2025\/08\/Nuo-tasko-iki-sintezes-1.webp\",\"contentUrl\":\"https:\/\/skaitytaknyga.lt\/wp-content\/uploads\/2025\/08\/Nuo-tasko-iki-sintezes-1.webp\",\"width\":701,\"height\":801,\"caption\":\"Nuo ta\u0161ko iki sintez\u0117s\"},{\"@type\":\"BreadcrumbList\",\"@id\":\"https:\/\/skaitytaknyga.lt\/produktas\/nuo-tasko-iki-sintezes-defektas-apatiniame-kampe\/#breadcrumb\",\"itemListElement\":[{\"@type\":\"ListItem\",\"position\":1,\"name\":\"Home\",\"item\":\"https:\/\/skaitytaknyga.lt\/\"},{\"@type\":\"ListItem\",\"position\":2,\"name\":\"Parduotuv\u0117\",\"item\":\"https:\/\/skaitytaknyga.lt\/knygu-parduotuve\/\"},{\"@type\":\"ListItem\",\"position\":3,\"name\":\"Nuo ta\u0161ko iki sintez\u0117s (defektas apatiniame kampe)\"}]},{\"@type\":\"WebSite\",\"@id\":\"https:\/\/skaitytaknyga.lt\/#website\",\"url\":\"https:\/\/skaitytaknyga.lt\/\",\"name\":\"skaitytaknyga.lt\",\"description\":\"Skaitytaknyga.lt \u2013 tai ma\u017eas \u0161eimos verslas, kuris prasid\u0117jo nuo meil\u0117s knygoms ir siekio i\u0161gelb\u0117ti knygas nuo likimo prie konteinerio. Kas vienam nereikalingas daiktas \u2013 kitam lobis, o mes esame tarpininkai, kurie padeda abiems tapti laimingesniems ???? \u017dinome kaip nelengva i\u0161gyventi ma\u017eiems verslams, tad nuo \u0161iol, \u010dia rasite ir kit\u0173, ma\u017e\u0173 \u0161eim\u0173 versl\u0173, rank\u0173 darbo, dovan\u0173 sau ir artimiesiems.\",\"publisher\":{\"@id\":\"https:\/\/skaitytaknyga.lt\/#organization\"},\"potentialAction\":[{\"@type\":\"SearchAction\",\"target\":{\"@type\":\"EntryPoint\",\"urlTemplate\":\"https:\/\/skaitytaknyga.lt\/?s={search_term_string}\"},\"query-input\":{\"@type\":\"PropertyValueSpecification\",\"valueRequired\":true,\"valueName\":\"search_term_string\"}}],\"inLanguage\":\"en-GB\"},{\"@type\":\"Organization\",\"@id\":\"https:\/\/skaitytaknyga.lt\/#organization\",\"name\":\"skaitytaknyga.lt\",\"url\":\"https:\/\/skaitytaknyga.lt\/\",\"logo\":{\"@type\":\"ImageObject\",\"inLanguage\":\"en-GB\",\"@id\":\"https:\/\/skaitytaknyga.lt\/#\/schema\/logo\/image\/\",\"url\":\"https:\/\/skaitytaknyga.lt\/wp-content\/uploads\/2024\/05\/cropped-cropped-cropped-02_00843_jt3bggkj1j3HLc7SyY6rEUpg.jpeg\",\"contentUrl\":\"https:\/\/skaitytaknyga.lt\/wp-content\/uploads\/2024\/05\/cropped-cropped-cropped-02_00843_jt3bggkj1j3HLc7SyY6rEUpg.jpeg\",\"width\":1600,\"height\":1600,\"caption\":\"skaitytaknyga.lt\"},\"image\":{\"@id\":\"https:\/\/skaitytaknyga.lt\/#\/schema\/logo\/image\/\"},\"sameAs\":[\"https:\/\/www.facebook.com\/skaitytaknyga\/\"]}]}<\/script>\n<!-- \/ Yoast SEO plugin. -->","yoast_head_json":{"title":"Nuo ta\u0161ko iki sintez\u0117s (defektas apatiniame kampe)","description":"Knygoje aptariamos taikomosios dail\u0117s kompozicijos menin\u0117s priemon\u0117s, ai\u0161kinami architekt\u016bros ir dail\u0117s s\u0105veikos, stiliaus ir mad\u0173 klausimai bei","robots":{"index":"index","follow":"follow","max-snippet":"max-snippet:-1","max-image-preview":"max-image-preview:large","max-video-preview":"max-video-preview:-1"},"canonical":"https:\/\/skaitytaknyga.lt\/en\/produktas\/nuo-tasko-iki-sintezes-defektas-apatiniame-kampe\/","og_locale":"en_GB","og_type":"article","og_title":"[:lt]Nuo ta\u0161ko iki sintez\u0117s (defektas apatiniame kampe)[:] - Skaitytaknyga","og_description":"Knygoje aptariamos taikomosios dail\u0117s kompozicijos menin\u0117s priemon\u0117s, ai\u0161kinami architekt\u016bros ir dail\u0117s s\u0105veikos, stiliaus ir mad\u0173 klausimai bei","og_url":"https:\/\/skaitytaknyga.lt\/en\/produktas\/nuo-tasko-iki-sintezes-defektas-apatiniame-kampe\/","og_site_name":"Skaitytaknyga","article_publisher":"https:\/\/www.facebook.com\/skaitytaknyga\/","article_modified_time":"2026-03-18T18:03:23+00:00","og_image":[{"width":701,"height":801,"url":"https:\/\/skaitytaknyga.lt\/wp-content\/uploads\/2025\/08\/Nuo-tasko-iki-sintezes-1.webp","type":"image\/webp"}],"twitter_card":"summary_large_image","schema":{"@context":"https:\/\/schema.org","@graph":[{"@type":"WebPage","@id":"https:\/\/skaitytaknyga.lt\/produktas\/nuo-tasko-iki-sintezes-defektas-apatiniame-kampe\/","url":"https:\/\/skaitytaknyga.lt\/produktas\/nuo-tasko-iki-sintezes-defektas-apatiniame-kampe\/","name":"Nuo ta\u0161ko iki sintez\u0117s (defektas apatiniame kampe)","isPartOf":{"@id":"https:\/\/skaitytaknyga.lt\/#website"},"primaryImageOfPage":{"@id":"https:\/\/skaitytaknyga.lt\/produktas\/nuo-tasko-iki-sintezes-defektas-apatiniame-kampe\/#primaryimage"},"image":{"@id":"https:\/\/skaitytaknyga.lt\/produktas\/nuo-tasko-iki-sintezes-defektas-apatiniame-kampe\/#primaryimage"},"thumbnailUrl":"https:\/\/skaitytaknyga.lt\/wp-content\/uploads\/2025\/08\/Nuo-tasko-iki-sintezes-1.webp","datePublished":"2025-08-25T08:37:12+00:00","dateModified":"2026-03-18T18:03:23+00:00","description":"Knygoje aptariamos taikomosios dail\u0117s kompozicijos menin\u0117s priemon\u0117s, ai\u0161kinami architekt\u016bros ir dail\u0117s s\u0105veikos, stiliaus ir mad\u0173 klausimai bei","breadcrumb":{"@id":"https:\/\/skaitytaknyga.lt\/produktas\/nuo-tasko-iki-sintezes-defektas-apatiniame-kampe\/#breadcrumb"},"inLanguage":"en-GB","potentialAction":[{"@type":"ReadAction","target":["https:\/\/skaitytaknyga.lt\/produktas\/nuo-tasko-iki-sintezes-defektas-apatiniame-kampe\/"]}]},{"@type":"ImageObject","inLanguage":"en-GB","@id":"https:\/\/skaitytaknyga.lt\/produktas\/nuo-tasko-iki-sintezes-defektas-apatiniame-kampe\/#primaryimage","url":"https:\/\/skaitytaknyga.lt\/wp-content\/uploads\/2025\/08\/Nuo-tasko-iki-sintezes-1.webp","contentUrl":"https:\/\/skaitytaknyga.lt\/wp-content\/uploads\/2025\/08\/Nuo-tasko-iki-sintezes-1.webp","width":701,"height":801,"caption":"Nuo ta\u0161ko iki sintez\u0117s"},{"@type":"BreadcrumbList","@id":"https:\/\/skaitytaknyga.lt\/produktas\/nuo-tasko-iki-sintezes-defektas-apatiniame-kampe\/#breadcrumb","itemListElement":[{"@type":"ListItem","position":1,"name":"Home","item":"https:\/\/skaitytaknyga.lt\/"},{"@type":"ListItem","position":2,"name":"Parduotuv\u0117","item":"https:\/\/skaitytaknyga.lt\/knygu-parduotuve\/"},{"@type":"ListItem","position":3,"name":"Nuo ta\u0161ko iki sintez\u0117s (defektas apatiniame kampe)"}]},{"@type":"WebSite","@id":"https:\/\/skaitytaknyga.lt\/#website","url":"https:\/\/skaitytaknyga.lt\/","name":"skaitytaknyga.lt","description":"Skaitytaknyga.lt \u2013 tai ma\u017eas \u0161eimos verslas, kuris prasid\u0117jo nuo meil\u0117s knygoms ir siekio i\u0161gelb\u0117ti knygas nuo likimo prie konteinerio. Kas vienam nereikalingas daiktas \u2013 kitam lobis, o mes esame tarpininkai, kurie padeda abiems tapti laimingesniems ???? \u017dinome kaip nelengva i\u0161gyventi ma\u017eiems verslams, tad nuo \u0161iol, \u010dia rasite ir kit\u0173, ma\u017e\u0173 \u0161eim\u0173 versl\u0173, rank\u0173 darbo, dovan\u0173 sau ir artimiesiems.","publisher":{"@id":"https:\/\/skaitytaknyga.lt\/#organization"},"potentialAction":[{"@type":"SearchAction","target":{"@type":"EntryPoint","urlTemplate":"https:\/\/skaitytaknyga.lt\/?s={search_term_string}"},"query-input":{"@type":"PropertyValueSpecification","valueRequired":true,"valueName":"search_term_string"}}],"inLanguage":"en-GB"},{"@type":"Organization","@id":"https:\/\/skaitytaknyga.lt\/#organization","name":"skaitytaknyga.lt","url":"https:\/\/skaitytaknyga.lt\/","logo":{"@type":"ImageObject","inLanguage":"en-GB","@id":"https:\/\/skaitytaknyga.lt\/#\/schema\/logo\/image\/","url":"https:\/\/skaitytaknyga.lt\/wp-content\/uploads\/2024\/05\/cropped-cropped-cropped-02_00843_jt3bggkj1j3HLc7SyY6rEUpg.jpeg","contentUrl":"https:\/\/skaitytaknyga.lt\/wp-content\/uploads\/2024\/05\/cropped-cropped-cropped-02_00843_jt3bggkj1j3HLc7SyY6rEUpg.jpeg","width":1600,"height":1600,"caption":"skaitytaknyga.lt"},"image":{"@id":"https:\/\/skaitytaknyga.lt\/#\/schema\/logo\/image\/"},"sameAs":["https:\/\/www.facebook.com\/skaitytaknyga\/"]}]}},"_links":{"self":[{"href":"https:\/\/skaitytaknyga.lt\/en\/wp-json\/wp\/v2\/product\/20315","targetHints":{"allow":["GET"]}}],"collection":[{"href":"https:\/\/skaitytaknyga.lt\/en\/wp-json\/wp\/v2\/product"}],"about":[{"href":"https:\/\/skaitytaknyga.lt\/en\/wp-json\/wp\/v2\/types\/product"}],"replies":[{"embeddable":true,"href":"https:\/\/skaitytaknyga.lt\/en\/wp-json\/wp\/v2\/comments?post=20315"}],"wp:featuredmedia":[{"embeddable":true,"href":"https:\/\/skaitytaknyga.lt\/en\/wp-json\/wp\/v2\/media\/20320"}],"wp:attachment":[{"href":"https:\/\/skaitytaknyga.lt\/en\/wp-json\/wp\/v2\/media?parent=20315"}],"wp:term":[{"taxonomy":"product_brand","embeddable":true,"href":"https:\/\/skaitytaknyga.lt\/en\/wp-json\/wp\/v2\/product_brand?post=20315"},{"taxonomy":"product_cat","embeddable":true,"href":"https:\/\/skaitytaknyga.lt\/en\/wp-json\/wp\/v2\/product_cat?post=20315"},{"taxonomy":"product_tag","embeddable":true,"href":"https:\/\/skaitytaknyga.lt\/en\/wp-json\/wp\/v2\/product_tag?post=20315"}],"curies":[{"name":"wp","href":"https:\/\/api.w.org\/{rel}","templated":true}]}}