{"id":20313,"date":"2025-08-25T11:37:11","date_gmt":"2025-08-25T08:37:11","guid":{"rendered":"https:\/\/skaitytaknyga.lt\/?post_type=product&#038;p=20313"},"modified":"2025-09-06T11:55:10","modified_gmt":"2025-09-06T08:55:10","slug":"%d1%84%d0%b8%d0%bb%d0%be%d1%81%d0%be%d1%84%d1%81%d0%ba%d0%b8%d0%b5-%d0%b8%d1%81%d1%81%d0%bb%d0%b5%d0%b4%d0%be%d0%b2%d0%b0%d0%bd%d0%b8%d1%8f","status":"publish","type":"product","link":"https:\/\/skaitytaknyga.lt\/en\/produktas\/%d1%84%d0%b8%d0%bb%d0%be%d1%81%d0%be%d1%84%d1%81%d0%ba%d0%b8%d0%b5-%d0%b8%d1%81%d1%81%d0%bb%d0%b5%d0%b4%d0%be%d0%b2%d0%b0%d0%bd%d0%b8%d1%8f\/","title":{"rendered":"\u0424\u0438\u043b\u043e\u0441\u043e\u0444\u0441\u043a\u0438\u0435 \u0438\u0441\u0441\u043b\u0435\u0434\u043e\u0432\u0430\u043d\u0438\u044f"},"content":{"rendered":"<p>V\u0117lyvasis Wittgensteino veikalas, kritikuojantis jo ankstesn\u012fj\u012f \u201eTraktat\u0105\u201c. Autorius \u010dia pristato \u201ekalbos \u017eaidim\u0173\u201c id\u0117j\u0105 ir nagrin\u0117ja, kaip \u017eod\u017ei\u0173 reik\u0161m\u0117s formuojasi kasdieniame vartojime. \u0160i knyga tapo kertiniu tekstu moderniojoje kalbos filosofijoje.<\/p>\n","protected":false},"excerpt":{"rendered":"<p>V\u0117lyvasis Wittgensteino veikalas, kritikuojantis jo ankstesn\u012fj\u012f \u201eTraktat\u0105\u201c. Autorius \u010dia pristato \u201ekalbos \u017eaidim\u0173\u201c id\u0117j\u0105 ir nagrin\u0117ja, kaip \u017eod\u017ei\u0173 reik\u0161m\u0117s formuojasi kasdieniame vartojime. \u0160i knyga tapo kertiniu tekstu moderniojoje kalbos filosofijoje.<\/p>\n","protected":false},"featured_media":20318,"comment_status":"open","ping_status":"closed","template":"","meta":{"_acf_changed":false,"site-sidebar-layout":"default","site-content-layout":"","ast-site-content-layout":"default","site-content-style":"default","site-sidebar-style":"default","ast-global-header-display":"","ast-banner-title-visibility":"","ast-main-header-display":"","ast-hfb-above-header-display":"","ast-hfb-below-header-display":"","ast-hfb-mobile-header-display":"","site-post-title":"","ast-breadcrumbs-content":"","ast-featured-img":"","footer-sml-layout":"","ast-disable-related-posts":"","theme-transparent-header-meta":"","adv-header-id-meta":"","stick-header-meta":"","header-above-stick-meta":"","header-main-stick-meta":"","header-below-stick-meta":"","astra-migrate-meta-layouts":"default","ast-page-background-enabled":"default","ast-page-background-meta":{"desktop":{"background-color":"","background-image":"","background-repeat":"repeat","background-position":"center center","background-size":"auto","background-attachment":"scroll","background-type":"","background-media":"","overlay-type":"","overlay-color":"","overlay-opacity":"","overlay-gradient":""},"tablet":{"background-color":"","background-image":"","background-repeat":"repeat","background-position":"center center","background-size":"auto","background-attachment":"scroll","background-type":"","background-media":"","overlay-type":"","overlay-color":"","overlay-opacity":"","overlay-gradient":""},"mobile":{"background-color":"","background-image":"","background-repeat":"repeat","background-position":"center center","background-size":"auto","background-attachment":"scroll","background-type":"","background-media":"","overlay-type":"","overlay-color":"","overlay-opacity":"","overlay-gradient":""}},"ast-content-background-meta":{"desktop":{"background-color":"var(--ast-global-color-4)","background-image":"","background-repeat":"repeat","background-position":"center center","background-size":"auto","background-attachment":"scroll","background-type":"","background-media":"","overlay-type":"","overlay-color":"","overlay-opacity":"","overlay-gradient":""},"tablet":{"background-color":"var(--ast-global-color-4)","background-image":"","background-repeat":"repeat","background-position":"center center","background-size":"auto","background-attachment":"scroll","background-type":"","background-media":"","overlay-type":"","overlay-color":"","overlay-opacity":"","overlay-gradient":""},"mobile":{"background-color":"var(--ast-global-color-4)","background-image":"","background-repeat":"repeat","background-position":"center center","background-size":"auto","background-attachment":"scroll","background-type":"","background-media":"","overlay-type":"","overlay-color":"","overlay-opacity":"","overlay-gradient":""}}},"product_brand":[],"product_cat":[15],"product_tag":[1467,4150,8025,8024,3670],"class_list":{"0":"post-20313","1":"product","2":"type-product","3":"status-publish","4":"has-post-thumbnail","6":"product_cat-uncategorized","7":"product_tag-filosofija","8":"product_tag-kalba","9":"product_tag-kalbos-zaidimai","10":"product_tag-logika","11":"product_tag-reiksme","12":"desktop-align-left","13":"tablet-align-left","14":"mobile-align-left","16":"first","17":"instock","18":"shipping-taxable","19":"purchasable","20":"product-type-simple"},"acf":[],"yoast_head":"<!-- This site is optimized with the Yoast SEO plugin v27.0 - https:\/\/yoast.com\/product\/yoast-seo-wordpress\/ -->\n<title>\u0424\u0438\u043b\u043e\u0441\u043e\u0444\u0441\u043a\u0438\u0435 \u0438\u0441\u0441\u043b\u0435\u0434\u043e\u0432\u0430\u043d\u0438\u044f<\/title>\n<meta name=\"description\" content=\"V\u0117lyvasis Wittgensteino veikalas, kritikuojantis jo ankstesn\u012fj\u012f \u201eTraktat\u0105\u201c. Autorius \u010dia pristato \u201ekalbos \u017eaidim\u0173\u201c id\u0117j\u0105 ir nagrin\u0117ja, kaip \u017eod\u017ei\u0173\" \/>\n<meta name=\"robots\" content=\"index, follow, max-snippet:-1, max-image-preview:large, max-video-preview:-1\" \/>\n<link rel=\"canonical\" href=\"https:\/\/skaitytaknyga.lt\/en\/produktas\/\u0444\u0438\u043b\u043e\u0441\u043e\u0444\u0441\u043a\u0438\u0435-\u0438\u0441\u0441\u043b\u0435\u0434\u043e\u0432\u0430\u043d\u0438\u044f\/\" \/>\n<meta property=\"og:locale\" content=\"en_GB\" \/>\n<meta property=\"og:locale:alternate\" content=\"lt_LT\" \/>\n<meta property=\"og:type\" content=\"article\" \/>\n<meta property=\"og:title\" content=\"\u0424\u0438\u043b\u043e\u0441\u043e\u0444\u0441\u043a\u0438\u0435 \u0438\u0441\u0441\u043b\u0435\u0434\u043e\u0432\u0430\u043d\u0438\u044f\" \/>\n<meta property=\"og:description\" content=\"V\u0117lyvasis Wittgensteino veikalas, kritikuojantis jo ankstesn\u012fj\u012f \u201eTraktat\u0105\u201c. Autorius \u010dia pristato \u201ekalbos \u017eaidim\u0173\u201c id\u0117j\u0105 ir nagrin\u0117ja, kaip \u017eod\u017ei\u0173\" \/>\n<meta property=\"og:url\" content=\"https:\/\/skaitytaknyga.lt\/en\/produktas\/\u0444\u0438\u043b\u043e\u0441\u043e\u0444\u0441\u043a\u0438\u0435-\u0438\u0441\u0441\u043b\u0435\u0434\u043e\u0432\u0430\u043d\u0438\u044f\/\" \/>\n<meta property=\"og:site_name\" content=\"Skaitytaknyga\" \/>\n<meta property=\"article:publisher\" content=\"https:\/\/www.facebook.com\/skaitytaknyga\/\" \/>\n<meta property=\"article:modified_time\" content=\"2025-09-06T08:55:10+00:00\" \/>\n<meta property=\"og:image\" content=\"https:\/\/skaitytaknyga.lt\/wp-content\/uploads\/2025\/08\/\u0424\u0438\u043b\u043e\u0441\u043e\u0444\u0441\u043a\u0438\u0435-\u0438\u0441\u0441\u043b\u0435\u0434\u043e\u0432\u0430\u043d\u0438\u044f.jpg\" \/>\n\t<meta property=\"og:image:width\" content=\"1160\" \/>\n\t<meta property=\"og:image:height\" content=\"1825\" \/>\n\t<meta property=\"og:image:type\" content=\"image\/jpeg\" \/>\n<meta name=\"twitter:card\" content=\"summary_large_image\" \/>\n<script type=\"application\/ld+json\" class=\"yoast-schema-graph\">{\"@context\":\"https:\/\/schema.org\",\"@graph\":[{\"@type\":\"WebPage\",\"@id\":\"https:\/\/skaitytaknyga.lt\/produktas\/%d1%84%d0%b8%d0%bb%d0%be%d1%81%d0%be%d1%84%d1%81%d0%ba%d0%b8%d0%b5-%d0%b8%d1%81%d1%81%d0%bb%d0%b5%d0%b4%d0%be%d0%b2%d0%b0%d0%bd%d0%b8%d1%8f\/\",\"url\":\"https:\/\/skaitytaknyga.lt\/produktas\/%d1%84%d0%b8%d0%bb%d0%be%d1%81%d0%be%d1%84%d1%81%d0%ba%d0%b8%d0%b5-%d0%b8%d1%81%d1%81%d0%bb%d0%b5%d0%b4%d0%be%d0%b2%d0%b0%d0%bd%d0%b8%d1%8f\/\",\"name\":\"\u0424\u0438\u043b\u043e\u0441\u043e\u0444\u0441\u043a\u0438\u0435 \u0438\u0441\u0441\u043b\u0435\u0434\u043e\u0432\u0430\u043d\u0438\u044f\",\"isPartOf\":{\"@id\":\"https:\/\/skaitytaknyga.lt\/#website\"},\"primaryImageOfPage\":{\"@id\":\"https:\/\/skaitytaknyga.lt\/produktas\/%d1%84%d0%b8%d0%bb%d0%be%d1%81%d0%be%d1%84%d1%81%d0%ba%d0%b8%d0%b5-%d0%b8%d1%81%d1%81%d0%bb%d0%b5%d0%b4%d0%be%d0%b2%d0%b0%d0%bd%d0%b8%d1%8f\/#primaryimage\"},\"image\":{\"@id\":\"https:\/\/skaitytaknyga.lt\/produktas\/%d1%84%d0%b8%d0%bb%d0%be%d1%81%d0%be%d1%84%d1%81%d0%ba%d0%b8%d0%b5-%d0%b8%d1%81%d1%81%d0%bb%d0%b5%d0%b4%d0%be%d0%b2%d0%b0%d0%bd%d0%b8%d1%8f\/#primaryimage\"},\"thumbnailUrl\":\"https:\/\/skaitytaknyga.lt\/wp-content\/uploads\/2025\/08\/\u0424\u0438\u043b\u043e\u0441\u043e\u0444\u0441\u043a\u0438\u0435-\u0438\u0441\u0441\u043b\u0435\u0434\u043e\u0432\u0430\u043d\u0438\u044f.jpg\",\"datePublished\":\"2025-08-25T08:37:11+00:00\",\"dateModified\":\"2025-09-06T08:55:10+00:00\",\"description\":\"V\u0117lyvasis Wittgensteino veikalas, kritikuojantis jo ankstesn\u012fj\u012f \u201eTraktat\u0105\u201c. Autorius \u010dia pristato \u201ekalbos \u017eaidim\u0173\u201c id\u0117j\u0105 ir nagrin\u0117ja, kaip \u017eod\u017ei\u0173\",\"breadcrumb\":{\"@id\":\"https:\/\/skaitytaknyga.lt\/produktas\/%d1%84%d0%b8%d0%bb%d0%be%d1%81%d0%be%d1%84%d1%81%d0%ba%d0%b8%d0%b5-%d0%b8%d1%81%d1%81%d0%bb%d0%b5%d0%b4%d0%be%d0%b2%d0%b0%d0%bd%d0%b8%d1%8f\/#breadcrumb\"},\"inLanguage\":\"en-GB\",\"potentialAction\":[{\"@type\":\"ReadAction\",\"target\":[\"https:\/\/skaitytaknyga.lt\/produktas\/%d1%84%d0%b8%d0%bb%d0%be%d1%81%d0%be%d1%84%d1%81%d0%ba%d0%b8%d0%b5-%d0%b8%d1%81%d1%81%d0%bb%d0%b5%d0%b4%d0%be%d0%b2%d0%b0%d0%bd%d0%b8%d1%8f\/\"]}]},{\"@type\":\"ImageObject\",\"inLanguage\":\"en-GB\",\"@id\":\"https:\/\/skaitytaknyga.lt\/produktas\/%d1%84%d0%b8%d0%bb%d0%be%d1%81%d0%be%d1%84%d1%81%d0%ba%d0%b8%d0%b5-%d0%b8%d1%81%d1%81%d0%bb%d0%b5%d0%b4%d0%be%d0%b2%d0%b0%d0%bd%d0%b8%d1%8f\/#primaryimage\",\"url\":\"https:\/\/skaitytaknyga.lt\/wp-content\/uploads\/2025\/08\/\u0424\u0438\u043b\u043e\u0441\u043e\u0444\u0441\u043a\u0438\u0435-\u0438\u0441\u0441\u043b\u0435\u0434\u043e\u0432\u0430\u043d\u0438\u044f.jpg\",\"contentUrl\":\"https:\/\/skaitytaknyga.lt\/wp-content\/uploads\/2025\/08\/\u0424\u0438\u043b\u043e\u0441\u043e\u0444\u0441\u043a\u0438\u0435-\u0438\u0441\u0441\u043b\u0435\u0434\u043e\u0432\u0430\u043d\u0438\u044f.jpg\",\"width\":1160,\"height\":1825,\"caption\":\"\u041b\u044e\u0434\u0432\u0438\u0433 \u0412\u0438\u0442\u0433\u0435\u043d\u0448\u0442\u0435\u0439\u043d \u0424\u0438\u043b\u043e\u0441\u043e\u0444\u0441\u043a\u0438\u0435 \u0438\u0441\u0441\u043b\u0435\u0434\u043e\u0432\u0430\u043d\u0438\u044f\"},{\"@type\":\"BreadcrumbList\",\"@id\":\"https:\/\/skaitytaknyga.lt\/produktas\/%d1%84%d0%b8%d0%bb%d0%be%d1%81%d0%be%d1%84%d1%81%d0%ba%d0%b8%d0%b5-%d0%b8%d1%81%d1%81%d0%bb%d0%b5%d0%b4%d0%be%d0%b2%d0%b0%d0%bd%d0%b8%d1%8f\/#breadcrumb\",\"itemListElement\":[{\"@type\":\"ListItem\",\"position\":1,\"name\":\"Home\",\"item\":\"https:\/\/skaitytaknyga.lt\/\"},{\"@type\":\"ListItem\",\"position\":2,\"name\":\"Parduotuv\u0117\",\"item\":\"https:\/\/skaitytaknyga.lt\/knygu-parduotuve\/\"},{\"@type\":\"ListItem\",\"position\":3,\"name\":\"\u0424\u0438\u043b\u043e\u0441\u043e\u0444\u0441\u043a\u0438\u0435 \u0438\u0441\u0441\u043b\u0435\u0434\u043e\u0432\u0430\u043d\u0438\u044f\"}]},{\"@type\":\"WebSite\",\"@id\":\"https:\/\/skaitytaknyga.lt\/#website\",\"url\":\"https:\/\/skaitytaknyga.lt\/\",\"name\":\"skaitytaknyga.lt\",\"description\":\"Skaitytaknyga.lt \u2013 tai ma\u017eas \u0161eimos verslas, kuris prasid\u0117jo nuo meil\u0117s knygoms ir siekio i\u0161gelb\u0117ti knygas nuo likimo prie konteinerio. Kas vienam nereikalingas daiktas \u2013 kitam lobis, o mes esame tarpininkai, kurie padeda abiems tapti laimingesniems ???? \u017dinome kaip nelengva i\u0161gyventi ma\u017eiems verslams, tad nuo \u0161iol, \u010dia rasite ir kit\u0173, ma\u017e\u0173 \u0161eim\u0173 versl\u0173, rank\u0173 darbo, dovan\u0173 sau ir artimiesiems.\",\"publisher\":{\"@id\":\"https:\/\/skaitytaknyga.lt\/#organization\"},\"potentialAction\":[{\"@type\":\"SearchAction\",\"target\":{\"@type\":\"EntryPoint\",\"urlTemplate\":\"https:\/\/skaitytaknyga.lt\/?s={search_term_string}\"},\"query-input\":{\"@type\":\"PropertyValueSpecification\",\"valueRequired\":true,\"valueName\":\"search_term_string\"}}],\"inLanguage\":\"en-GB\"},{\"@type\":\"Organization\",\"@id\":\"https:\/\/skaitytaknyga.lt\/#organization\",\"name\":\"skaitytaknyga.lt\",\"url\":\"https:\/\/skaitytaknyga.lt\/\",\"logo\":{\"@type\":\"ImageObject\",\"inLanguage\":\"en-GB\",\"@id\":\"https:\/\/skaitytaknyga.lt\/#\/schema\/logo\/image\/\",\"url\":\"https:\/\/skaitytaknyga.lt\/wp-content\/uploads\/2024\/05\/cropped-cropped-cropped-02_00843_jt3bggkj1j3HLc7SyY6rEUpg.jpeg\",\"contentUrl\":\"https:\/\/skaitytaknyga.lt\/wp-content\/uploads\/2024\/05\/cropped-cropped-cropped-02_00843_jt3bggkj1j3HLc7SyY6rEUpg.jpeg\",\"width\":1600,\"height\":1600,\"caption\":\"skaitytaknyga.lt\"},\"image\":{\"@id\":\"https:\/\/skaitytaknyga.lt\/#\/schema\/logo\/image\/\"},\"sameAs\":[\"https:\/\/www.facebook.com\/skaitytaknyga\/\"]}]}<\/script>\n<!-- \/ Yoast SEO plugin. -->","yoast_head_json":{"title":"\u0424\u0438\u043b\u043e\u0441\u043e\u0444\u0441\u043a\u0438\u0435 \u0438\u0441\u0441\u043b\u0435\u0434\u043e\u0432\u0430\u043d\u0438\u044f","description":"V\u0117lyvasis Wittgensteino veikalas, kritikuojantis jo ankstesn\u012fj\u012f \u201eTraktat\u0105\u201c. Autorius \u010dia pristato \u201ekalbos \u017eaidim\u0173\u201c id\u0117j\u0105 ir nagrin\u0117ja, kaip \u017eod\u017ei\u0173","robots":{"index":"index","follow":"follow","max-snippet":"max-snippet:-1","max-image-preview":"max-image-preview:large","max-video-preview":"max-video-preview:-1"},"canonical":"https:\/\/skaitytaknyga.lt\/en\/produktas\/\u0444\u0438\u043b\u043e\u0441\u043e\u0444\u0441\u043a\u0438\u0435-\u0438\u0441\u0441\u043b\u0435\u0434\u043e\u0432\u0430\u043d\u0438\u044f\/","og_locale":"en_GB","og_type":"article","og_title":"[:lt]\u0424\u0438\u043b\u043e\u0441\u043e\u0444\u0441\u043a\u0438\u0435 \u0438\u0441\u0441\u043b\u0435\u0434\u043e\u0432\u0430\u043d\u0438\u044f[:] - Skaitytaknyga","og_description":"V\u0117lyvasis Wittgensteino veikalas, kritikuojantis jo ankstesn\u012fj\u012f \u201eTraktat\u0105\u201c. Autorius \u010dia pristato \u201ekalbos \u017eaidim\u0173\u201c id\u0117j\u0105 ir nagrin\u0117ja, kaip \u017eod\u017ei\u0173","og_url":"https:\/\/skaitytaknyga.lt\/en\/produktas\/\u0444\u0438\u043b\u043e\u0441\u043e\u0444\u0441\u043a\u0438\u0435-\u0438\u0441\u0441\u043b\u0435\u0434\u043e\u0432\u0430\u043d\u0438\u044f\/","og_site_name":"Skaitytaknyga","article_publisher":"https:\/\/www.facebook.com\/skaitytaknyga\/","article_modified_time":"2025-09-06T08:55:10+00:00","og_image":[{"width":1160,"height":1825,"url":"https:\/\/skaitytaknyga.lt\/wp-content\/uploads\/2025\/08\/\u0424\u0438\u043b\u043e\u0441\u043e\u0444\u0441\u043a\u0438\u0435-\u0438\u0441\u0441\u043b\u0435\u0434\u043e\u0432\u0430\u043d\u0438\u044f.jpg","type":"image\/jpeg"}],"twitter_card":"summary_large_image","schema":{"@context":"https:\/\/schema.org","@graph":[{"@type":"WebPage","@id":"https:\/\/skaitytaknyga.lt\/produktas\/%d1%84%d0%b8%d0%bb%d0%be%d1%81%d0%be%d1%84%d1%81%d0%ba%d0%b8%d0%b5-%d0%b8%d1%81%d1%81%d0%bb%d0%b5%d0%b4%d0%be%d0%b2%d0%b0%d0%bd%d0%b8%d1%8f\/","url":"https:\/\/skaitytaknyga.lt\/produktas\/%d1%84%d0%b8%d0%bb%d0%be%d1%81%d0%be%d1%84%d1%81%d0%ba%d0%b8%d0%b5-%d0%b8%d1%81%d1%81%d0%bb%d0%b5%d0%b4%d0%be%d0%b2%d0%b0%d0%bd%d0%b8%d1%8f\/","name":"\u0424\u0438\u043b\u043e\u0441\u043e\u0444\u0441\u043a\u0438\u0435 \u0438\u0441\u0441\u043b\u0435\u0434\u043e\u0432\u0430\u043d\u0438\u044f","isPartOf":{"@id":"https:\/\/skaitytaknyga.lt\/#website"},"primaryImageOfPage":{"@id":"https:\/\/skaitytaknyga.lt\/produktas\/%d1%84%d0%b8%d0%bb%d0%be%d1%81%d0%be%d1%84%d1%81%d0%ba%d0%b8%d0%b5-%d0%b8%d1%81%d1%81%d0%bb%d0%b5%d0%b4%d0%be%d0%b2%d0%b0%d0%bd%d0%b8%d1%8f\/#primaryimage"},"image":{"@id":"https:\/\/skaitytaknyga.lt\/produktas\/%d1%84%d0%b8%d0%bb%d0%be%d1%81%d0%be%d1%84%d1%81%d0%ba%d0%b8%d0%b5-%d0%b8%d1%81%d1%81%d0%bb%d0%b5%d0%b4%d0%be%d0%b2%d0%b0%d0%bd%d0%b8%d1%8f\/#primaryimage"},"thumbnailUrl":"https:\/\/skaitytaknyga.lt\/wp-content\/uploads\/2025\/08\/\u0424\u0438\u043b\u043e\u0441\u043e\u0444\u0441\u043a\u0438\u0435-\u0438\u0441\u0441\u043b\u0435\u0434\u043e\u0432\u0430\u043d\u0438\u044f.jpg","datePublished":"2025-08-25T08:37:11+00:00","dateModified":"2025-09-06T08:55:10+00:00","description":"V\u0117lyvasis Wittgensteino veikalas, kritikuojantis jo ankstesn\u012fj\u012f \u201eTraktat\u0105\u201c. Autorius \u010dia pristato \u201ekalbos \u017eaidim\u0173\u201c id\u0117j\u0105 ir nagrin\u0117ja, kaip \u017eod\u017ei\u0173","breadcrumb":{"@id":"https:\/\/skaitytaknyga.lt\/produktas\/%d1%84%d0%b8%d0%bb%d0%be%d1%81%d0%be%d1%84%d1%81%d0%ba%d0%b8%d0%b5-%d0%b8%d1%81%d1%81%d0%bb%d0%b5%d0%b4%d0%be%d0%b2%d0%b0%d0%bd%d0%b8%d1%8f\/#breadcrumb"},"inLanguage":"en-GB","potentialAction":[{"@type":"ReadAction","target":["https:\/\/skaitytaknyga.lt\/produktas\/%d1%84%d0%b8%d0%bb%d0%be%d1%81%d0%be%d1%84%d1%81%d0%ba%d0%b8%d0%b5-%d0%b8%d1%81%d1%81%d0%bb%d0%b5%d0%b4%d0%be%d0%b2%d0%b0%d0%bd%d0%b8%d1%8f\/"]}]},{"@type":"ImageObject","inLanguage":"en-GB","@id":"https:\/\/skaitytaknyga.lt\/produktas\/%d1%84%d0%b8%d0%bb%d0%be%d1%81%d0%be%d1%84%d1%81%d0%ba%d0%b8%d0%b5-%d0%b8%d1%81%d1%81%d0%bb%d0%b5%d0%b4%d0%be%d0%b2%d0%b0%d0%bd%d0%b8%d1%8f\/#primaryimage","url":"https:\/\/skaitytaknyga.lt\/wp-content\/uploads\/2025\/08\/\u0424\u0438\u043b\u043e\u0441\u043e\u0444\u0441\u043a\u0438\u0435-\u0438\u0441\u0441\u043b\u0435\u0434\u043e\u0432\u0430\u043d\u0438\u044f.jpg","contentUrl":"https:\/\/skaitytaknyga.lt\/wp-content\/uploads\/2025\/08\/\u0424\u0438\u043b\u043e\u0441\u043e\u0444\u0441\u043a\u0438\u0435-\u0438\u0441\u0441\u043b\u0435\u0434\u043e\u0432\u0430\u043d\u0438\u044f.jpg","width":1160,"height":1825,"caption":"\u041b\u044e\u0434\u0432\u0438\u0433 \u0412\u0438\u0442\u0433\u0435\u043d\u0448\u0442\u0435\u0439\u043d \u0424\u0438\u043b\u043e\u0441\u043e\u0444\u0441\u043a\u0438\u0435 \u0438\u0441\u0441\u043b\u0435\u0434\u043e\u0432\u0430\u043d\u0438\u044f"},{"@type":"BreadcrumbList","@id":"https:\/\/skaitytaknyga.lt\/produktas\/%d1%84%d0%b8%d0%bb%d0%be%d1%81%d0%be%d1%84%d1%81%d0%ba%d0%b8%d0%b5-%d0%b8%d1%81%d1%81%d0%bb%d0%b5%d0%b4%d0%be%d0%b2%d0%b0%d0%bd%d0%b8%d1%8f\/#breadcrumb","itemListElement":[{"@type":"ListItem","position":1,"name":"Home","item":"https:\/\/skaitytaknyga.lt\/"},{"@type":"ListItem","position":2,"name":"Parduotuv\u0117","item":"https:\/\/skaitytaknyga.lt\/knygu-parduotuve\/"},{"@type":"ListItem","position":3,"name":"\u0424\u0438\u043b\u043e\u0441\u043e\u0444\u0441\u043a\u0438\u0435 \u0438\u0441\u0441\u043b\u0435\u0434\u043e\u0432\u0430\u043d\u0438\u044f"}]},{"@type":"WebSite","@id":"https:\/\/skaitytaknyga.lt\/#website","url":"https:\/\/skaitytaknyga.lt\/","name":"skaitytaknyga.lt","description":"Skaitytaknyga.lt \u2013 tai ma\u017eas \u0161eimos verslas, kuris prasid\u0117jo nuo meil\u0117s knygoms ir siekio i\u0161gelb\u0117ti knygas nuo likimo prie konteinerio. Kas vienam nereikalingas daiktas \u2013 kitam lobis, o mes esame tarpininkai, kurie padeda abiems tapti laimingesniems ???? \u017dinome kaip nelengva i\u0161gyventi ma\u017eiems verslams, tad nuo \u0161iol, \u010dia rasite ir kit\u0173, ma\u017e\u0173 \u0161eim\u0173 versl\u0173, rank\u0173 darbo, dovan\u0173 sau ir artimiesiems.","publisher":{"@id":"https:\/\/skaitytaknyga.lt\/#organization"},"potentialAction":[{"@type":"SearchAction","target":{"@type":"EntryPoint","urlTemplate":"https:\/\/skaitytaknyga.lt\/?s={search_term_string}"},"query-input":{"@type":"PropertyValueSpecification","valueRequired":true,"valueName":"search_term_string"}}],"inLanguage":"en-GB"},{"@type":"Organization","@id":"https:\/\/skaitytaknyga.lt\/#organization","name":"skaitytaknyga.lt","url":"https:\/\/skaitytaknyga.lt\/","logo":{"@type":"ImageObject","inLanguage":"en-GB","@id":"https:\/\/skaitytaknyga.lt\/#\/schema\/logo\/image\/","url":"https:\/\/skaitytaknyga.lt\/wp-content\/uploads\/2024\/05\/cropped-cropped-cropped-02_00843_jt3bggkj1j3HLc7SyY6rEUpg.jpeg","contentUrl":"https:\/\/skaitytaknyga.lt\/wp-content\/uploads\/2024\/05\/cropped-cropped-cropped-02_00843_jt3bggkj1j3HLc7SyY6rEUpg.jpeg","width":1600,"height":1600,"caption":"skaitytaknyga.lt"},"image":{"@id":"https:\/\/skaitytaknyga.lt\/#\/schema\/logo\/image\/"},"sameAs":["https:\/\/www.facebook.com\/skaitytaknyga\/"]}]}},"_links":{"self":[{"href":"https:\/\/skaitytaknyga.lt\/en\/wp-json\/wp\/v2\/product\/20313","targetHints":{"allow":["GET"]}}],"collection":[{"href":"https:\/\/skaitytaknyga.lt\/en\/wp-json\/wp\/v2\/product"}],"about":[{"href":"https:\/\/skaitytaknyga.lt\/en\/wp-json\/wp\/v2\/types\/product"}],"replies":[{"embeddable":true,"href":"https:\/\/skaitytaknyga.lt\/en\/wp-json\/wp\/v2\/comments?post=20313"}],"wp:featuredmedia":[{"embeddable":true,"href":"https:\/\/skaitytaknyga.lt\/en\/wp-json\/wp\/v2\/media\/20318"}],"wp:attachment":[{"href":"https:\/\/skaitytaknyga.lt\/en\/wp-json\/wp\/v2\/media?parent=20313"}],"wp:term":[{"taxonomy":"product_brand","embeddable":true,"href":"https:\/\/skaitytaknyga.lt\/en\/wp-json\/wp\/v2\/product_brand?post=20313"},{"taxonomy":"product_cat","embeddable":true,"href":"https:\/\/skaitytaknyga.lt\/en\/wp-json\/wp\/v2\/product_cat?post=20313"},{"taxonomy":"product_tag","embeddable":true,"href":"https:\/\/skaitytaknyga.lt\/en\/wp-json\/wp\/v2\/product_tag?post=20313"}],"curies":[{"name":"wp","href":"https:\/\/api.w.org\/{rel}","templated":true}]}}