{"id":20312,"date":"2025-08-25T11:37:11","date_gmt":"2025-08-25T08:37:11","guid":{"rendered":"https:\/\/skaitytaknyga.lt\/?post_type=product&#038;p=20312"},"modified":"2025-09-06T11:55:10","modified_gmt":"2025-09-06T08:55:10","slug":"%d0%b2%d0%b2%d0%b5%d0%b4%d0%b5%d0%bd%d0%b8%d0%b5-%d0%b2-%d0%bf%d1%81%d0%b8%d1%85%d0%be%d0%b0%d0%bd%d0%b0%d0%bb%d0%b8%d0%b7-%d0%bb%d0%b5%d0%ba%d1%86%d0%b8%d0%b8","status":"publish","type":"product","link":"https:\/\/skaitytaknyga.lt\/en\/produktas\/%d0%b2%d0%b2%d0%b5%d0%b4%d0%b5%d0%bd%d0%b8%d0%b5-%d0%b2-%d0%bf%d1%81%d0%b8%d1%85%d0%be%d0%b0%d0%bd%d0%b0%d0%bb%d0%b8%d0%b7-%d0%bb%d0%b5%d0%ba%d1%86%d0%b8%d0%b8\/","title":{"rendered":"\u0412\u0432\u0435\u0434\u0435\u043d\u0438\u0435 \u0432 \u043f\u0441\u0438\u0445\u043e\u0430\u043d\u0430\u043b\u0438\u0437. \u041b\u0435\u043a\u0446\u0438\u0438"},"content":{"rendered":"<p>\u0160iame veikale publikuotos Freudo paskaitos, kuriose jis prieinama forma supa\u017eindina su psichoanaliz\u0117s pagrindais. Aptariamos sapn\u0173, pas\u0105mon\u0117s, neurozi\u0173 bei seksualumo teorijos, kurios padar\u0117 did\u017eiul\u0119 \u012ftak\u0105 psichologijos ir kult\u016bros raidai.<\/p>\n","protected":false},"excerpt":{"rendered":"<p>\u0160iame veikale publikuotos Freudo paskaitos, kuriose jis prieinama forma supa\u017eindina su psichoanaliz\u0117s pagrindais. Aptariamos sapn\u0173, pas\u0105mon\u0117s, neurozi\u0173 bei seksualumo teorijos, kurios padar\u0117 did\u017eiul\u0119 \u012ftak\u0105 psichologijos ir kult\u016bros raidai.<\/p>\n","protected":false},"featured_media":20317,"comment_status":"open","ping_status":"closed","template":"","meta":{"_acf_changed":false,"site-sidebar-layout":"default","site-content-layout":"","ast-site-content-layout":"default","site-content-style":"default","site-sidebar-style":"default","ast-global-header-display":"","ast-banner-title-visibility":"","ast-main-header-display":"","ast-hfb-above-header-display":"","ast-hfb-below-header-display":"","ast-hfb-mobile-header-display":"","site-post-title":"","ast-breadcrumbs-content":"","ast-featured-img":"","footer-sml-layout":"","ast-disable-related-posts":"","theme-transparent-header-meta":"","adv-header-id-meta":"","stick-header-meta":"","header-above-stick-meta":"","header-main-stick-meta":"","header-below-stick-meta":"","astra-migrate-meta-layouts":"default","ast-page-background-enabled":"default","ast-page-background-meta":{"desktop":{"background-color":"","background-image":"","background-repeat":"repeat","background-position":"center center","background-size":"auto","background-attachment":"scroll","background-type":"","background-media":"","overlay-type":"","overlay-color":"","overlay-opacity":"","overlay-gradient":""},"tablet":{"background-color":"","background-image":"","background-repeat":"repeat","background-position":"center center","background-size":"auto","background-attachment":"scroll","background-type":"","background-media":"","overlay-type":"","overlay-color":"","overlay-opacity":"","overlay-gradient":""},"mobile":{"background-color":"","background-image":"","background-repeat":"repeat","background-position":"center center","background-size":"auto","background-attachment":"scroll","background-type":"","background-media":"","overlay-type":"","overlay-color":"","overlay-opacity":"","overlay-gradient":""}},"ast-content-background-meta":{"desktop":{"background-color":"var(--ast-global-color-4)","background-image":"","background-repeat":"repeat","background-position":"center center","background-size":"auto","background-attachment":"scroll","background-type":"","background-media":"","overlay-type":"","overlay-color":"","overlay-opacity":"","overlay-gradient":""},"tablet":{"background-color":"var(--ast-global-color-4)","background-image":"","background-repeat":"repeat","background-position":"center center","background-size":"auto","background-attachment":"scroll","background-type":"","background-media":"","overlay-type":"","overlay-color":"","overlay-opacity":"","overlay-gradient":""},"mobile":{"background-color":"var(--ast-global-color-4)","background-image":"","background-repeat":"repeat","background-position":"center center","background-size":"auto","background-attachment":"scroll","background-type":"","background-media":"","overlay-type":"","overlay-color":"","overlay-opacity":"","overlay-gradient":""}}},"product_brand":[],"product_cat":[15],"product_tag":[8023,2504,3937,3629,1927],"class_list":{"0":"post-20312","1":"product","2":"type-product","3":"status-publish","4":"has-post-thumbnail","6":"product_cat-uncategorized","7":"product_tag-neuroze","8":"product_tag-pasamone","9":"product_tag-psichoanalize","10":"product_tag-sapnai","11":"product_tag-seksualumas","12":"desktop-align-left","13":"tablet-align-left","14":"mobile-align-left","16":"first","17":"instock","18":"shipping-taxable","19":"purchasable","20":"product-type-simple"},"acf":[],"yoast_head":"<!-- This site is optimized with the Yoast SEO plugin v27.0 - https:\/\/yoast.com\/product\/yoast-seo-wordpress\/ -->\n<title>\u0412\u0432\u0435\u0434\u0435\u043d\u0438\u0435 \u0432 \u043f\u0441\u0438\u0445\u043e\u0430\u043d\u0430\u043b\u0438\u0437. \u041b\u0435\u043a\u0446\u0438\u0438<\/title>\n<meta name=\"description\" content=\"\u0160iame veikale publikuotos Freudo paskaitos, kuriose jis prieinama forma supa\u017eindina su psichoanaliz\u0117s pagrindais. Aptariamos sapn\u0173, pas\u0105mon\u0117s, neurozi\u0173\" \/>\n<meta name=\"robots\" content=\"index, follow, max-snippet:-1, max-image-preview:large, max-video-preview:-1\" \/>\n<link rel=\"canonical\" href=\"https:\/\/skaitytaknyga.lt\/en\/produktas\/\u0432\u0432\u0435\u0434\u0435\u043d\u0438\u0435-\u0432-\u043f\u0441\u0438\u0445\u043e\u0430\u043d\u0430\u043b\u0438\u0437-\u043b\u0435\u043a\u0446\u0438\u0438\/\" \/>\n<meta property=\"og:locale\" content=\"en_GB\" \/>\n<meta property=\"og:locale:alternate\" content=\"lt_LT\" \/>\n<meta property=\"og:type\" content=\"article\" \/>\n<meta property=\"og:title\" content=\"\u0412\u0432\u0435\u0434\u0435\u043d\u0438\u0435 \u0432 \u043f\u0441\u0438\u0445\u043e\u0430\u043d\u0430\u043b\u0438\u0437. \u041b\u0435\u043a\u0446\u0438\u0438\" \/>\n<meta property=\"og:description\" content=\"\u0160iame veikale publikuotos Freudo paskaitos, kuriose jis prieinama forma supa\u017eindina su psichoanaliz\u0117s pagrindais. Aptariamos sapn\u0173, pas\u0105mon\u0117s, neurozi\u0173\" \/>\n<meta property=\"og:url\" content=\"https:\/\/skaitytaknyga.lt\/en\/produktas\/\u0432\u0432\u0435\u0434\u0435\u043d\u0438\u0435-\u0432-\u043f\u0441\u0438\u0445\u043e\u0430\u043d\u0430\u043b\u0438\u0437-\u043b\u0435\u043a\u0446\u0438\u0438\/\" \/>\n<meta property=\"og:site_name\" content=\"Skaitytaknyga\" \/>\n<meta property=\"article:publisher\" content=\"https:\/\/www.facebook.com\/skaitytaknyga\/\" \/>\n<meta property=\"article:modified_time\" content=\"2025-09-06T08:55:10+00:00\" \/>\n<meta property=\"og:image\" content=\"https:\/\/skaitytaknyga.lt\/wp-content\/uploads\/2025\/08\/\u0412\u0432\u0435\u0434\u0435\u043d\u0438\u0435-\u0432-\u043f\u0441\u0438\u0445\u043e\u0430\u043d\u0430\u043b\u0438\u0437.-\u041b\u0435\u043a\u0446\u0438\u0438.jpg\" \/>\n\t<meta property=\"og:image:width\" content=\"200\" \/>\n\t<meta property=\"og:image:height\" content=\"270\" \/>\n\t<meta property=\"og:image:type\" content=\"image\/jpeg\" \/>\n<meta name=\"twitter:card\" content=\"summary_large_image\" \/>\n<script type=\"application\/ld+json\" class=\"yoast-schema-graph\">{\"@context\":\"https:\/\/schema.org\",\"@graph\":[{\"@type\":\"WebPage\",\"@id\":\"https:\/\/skaitytaknyga.lt\/produktas\/%d0%b2%d0%b2%d0%b5%d0%b4%d0%b5%d0%bd%d0%b8%d0%b5-%d0%b2-%d0%bf%d1%81%d0%b8%d1%85%d0%be%d0%b0%d0%bd%d0%b0%d0%bb%d0%b8%d0%b7-%d0%bb%d0%b5%d0%ba%d1%86%d0%b8%d0%b8\/\",\"url\":\"https:\/\/skaitytaknyga.lt\/produktas\/%d0%b2%d0%b2%d0%b5%d0%b4%d0%b5%d0%bd%d0%b8%d0%b5-%d0%b2-%d0%bf%d1%81%d0%b8%d1%85%d0%be%d0%b0%d0%bd%d0%b0%d0%bb%d0%b8%d0%b7-%d0%bb%d0%b5%d0%ba%d1%86%d0%b8%d0%b8\/\",\"name\":\"\u0412\u0432\u0435\u0434\u0435\u043d\u0438\u0435 \u0432 \u043f\u0441\u0438\u0445\u043e\u0430\u043d\u0430\u043b\u0438\u0437. \u041b\u0435\u043a\u0446\u0438\u0438\",\"isPartOf\":{\"@id\":\"https:\/\/skaitytaknyga.lt\/#website\"},\"primaryImageOfPage\":{\"@id\":\"https:\/\/skaitytaknyga.lt\/produktas\/%d0%b2%d0%b2%d0%b5%d0%b4%d0%b5%d0%bd%d0%b8%d0%b5-%d0%b2-%d0%bf%d1%81%d0%b8%d1%85%d0%be%d0%b0%d0%bd%d0%b0%d0%bb%d0%b8%d0%b7-%d0%bb%d0%b5%d0%ba%d1%86%d0%b8%d0%b8\/#primaryimage\"},\"image\":{\"@id\":\"https:\/\/skaitytaknyga.lt\/produktas\/%d0%b2%d0%b2%d0%b5%d0%b4%d0%b5%d0%bd%d0%b8%d0%b5-%d0%b2-%d0%bf%d1%81%d0%b8%d1%85%d0%be%d0%b0%d0%bd%d0%b0%d0%bb%d0%b8%d0%b7-%d0%bb%d0%b5%d0%ba%d1%86%d0%b8%d0%b8\/#primaryimage\"},\"thumbnailUrl\":\"https:\/\/skaitytaknyga.lt\/wp-content\/uploads\/2025\/08\/\u0412\u0432\u0435\u0434\u0435\u043d\u0438\u0435-\u0432-\u043f\u0441\u0438\u0445\u043e\u0430\u043d\u0430\u043b\u0438\u0437.-\u041b\u0435\u043a\u0446\u0438\u0438.jpg\",\"datePublished\":\"2025-08-25T08:37:11+00:00\",\"dateModified\":\"2025-09-06T08:55:10+00:00\",\"description\":\"\u0160iame veikale publikuotos Freudo paskaitos, kuriose jis prieinama forma supa\u017eindina su psichoanaliz\u0117s pagrindais. Aptariamos sapn\u0173, pas\u0105mon\u0117s, neurozi\u0173\",\"breadcrumb\":{\"@id\":\"https:\/\/skaitytaknyga.lt\/produktas\/%d0%b2%d0%b2%d0%b5%d0%b4%d0%b5%d0%bd%d0%b8%d0%b5-%d0%b2-%d0%bf%d1%81%d0%b8%d1%85%d0%be%d0%b0%d0%bd%d0%b0%d0%bb%d0%b8%d0%b7-%d0%bb%d0%b5%d0%ba%d1%86%d0%b8%d0%b8\/#breadcrumb\"},\"inLanguage\":\"en-GB\",\"potentialAction\":[{\"@type\":\"ReadAction\",\"target\":[\"https:\/\/skaitytaknyga.lt\/produktas\/%d0%b2%d0%b2%d0%b5%d0%b4%d0%b5%d0%bd%d0%b8%d0%b5-%d0%b2-%d0%bf%d1%81%d0%b8%d1%85%d0%be%d0%b0%d0%bd%d0%b0%d0%bb%d0%b8%d0%b7-%d0%bb%d0%b5%d0%ba%d1%86%d0%b8%d0%b8\/\"]}]},{\"@type\":\"ImageObject\",\"inLanguage\":\"en-GB\",\"@id\":\"https:\/\/skaitytaknyga.lt\/produktas\/%d0%b2%d0%b2%d0%b5%d0%b4%d0%b5%d0%bd%d0%b8%d0%b5-%d0%b2-%d0%bf%d1%81%d0%b8%d1%85%d0%be%d0%b0%d0%bd%d0%b0%d0%bb%d0%b8%d0%b7-%d0%bb%d0%b5%d0%ba%d1%86%d0%b8%d0%b8\/#primaryimage\",\"url\":\"https:\/\/skaitytaknyga.lt\/wp-content\/uploads\/2025\/08\/\u0412\u0432\u0435\u0434\u0435\u043d\u0438\u0435-\u0432-\u043f\u0441\u0438\u0445\u043e\u0430\u043d\u0430\u043b\u0438\u0437.-\u041b\u0435\u043a\u0446\u0438\u0438.jpg\",\"contentUrl\":\"https:\/\/skaitytaknyga.lt\/wp-content\/uploads\/2025\/08\/\u0412\u0432\u0435\u0434\u0435\u043d\u0438\u0435-\u0432-\u043f\u0441\u0438\u0445\u043e\u0430\u043d\u0430\u043b\u0438\u0437.-\u041b\u0435\u043a\u0446\u0438\u0438.jpg\",\"width\":200,\"height\":270,\"caption\":\"\u0417\u0438\u0433\u043c\u0443\u043d\u0434 \u0424\u0440\u0435\u0439\u0434 \u0412\u0432\u0435\u0434\u0435\u043d\u0438\u0435 \u0432 \u043f\u0441\u0438\u0445\u043e\u0430\u043d\u0430\u043b\u0438\u0437. \u041b\u0435\u043a\u0446\u0438\u0438\"},{\"@type\":\"BreadcrumbList\",\"@id\":\"https:\/\/skaitytaknyga.lt\/produktas\/%d0%b2%d0%b2%d0%b5%d0%b4%d0%b5%d0%bd%d0%b8%d0%b5-%d0%b2-%d0%bf%d1%81%d0%b8%d1%85%d0%be%d0%b0%d0%bd%d0%b0%d0%bb%d0%b8%d0%b7-%d0%bb%d0%b5%d0%ba%d1%86%d0%b8%d0%b8\/#breadcrumb\",\"itemListElement\":[{\"@type\":\"ListItem\",\"position\":1,\"name\":\"Home\",\"item\":\"https:\/\/skaitytaknyga.lt\/\"},{\"@type\":\"ListItem\",\"position\":2,\"name\":\"Parduotuv\u0117\",\"item\":\"https:\/\/skaitytaknyga.lt\/knygu-parduotuve\/\"},{\"@type\":\"ListItem\",\"position\":3,\"name\":\"\u0412\u0432\u0435\u0434\u0435\u043d\u0438\u0435 \u0432 \u043f\u0441\u0438\u0445\u043e\u0430\u043d\u0430\u043b\u0438\u0437. \u041b\u0435\u043a\u0446\u0438\u0438\"}]},{\"@type\":\"WebSite\",\"@id\":\"https:\/\/skaitytaknyga.lt\/#website\",\"url\":\"https:\/\/skaitytaknyga.lt\/\",\"name\":\"skaitytaknyga.lt\",\"description\":\"Skaitytaknyga.lt \u2013 tai ma\u017eas \u0161eimos verslas, kuris prasid\u0117jo nuo meil\u0117s knygoms ir siekio i\u0161gelb\u0117ti knygas nuo likimo prie konteinerio. Kas vienam nereikalingas daiktas \u2013 kitam lobis, o mes esame tarpininkai, kurie padeda abiems tapti laimingesniems ???? \u017dinome kaip nelengva i\u0161gyventi ma\u017eiems verslams, tad nuo \u0161iol, \u010dia rasite ir kit\u0173, ma\u017e\u0173 \u0161eim\u0173 versl\u0173, rank\u0173 darbo, dovan\u0173 sau ir artimiesiems.\",\"publisher\":{\"@id\":\"https:\/\/skaitytaknyga.lt\/#organization\"},\"potentialAction\":[{\"@type\":\"SearchAction\",\"target\":{\"@type\":\"EntryPoint\",\"urlTemplate\":\"https:\/\/skaitytaknyga.lt\/?s={search_term_string}\"},\"query-input\":{\"@type\":\"PropertyValueSpecification\",\"valueRequired\":true,\"valueName\":\"search_term_string\"}}],\"inLanguage\":\"en-GB\"},{\"@type\":\"Organization\",\"@id\":\"https:\/\/skaitytaknyga.lt\/#organization\",\"name\":\"skaitytaknyga.lt\",\"url\":\"https:\/\/skaitytaknyga.lt\/\",\"logo\":{\"@type\":\"ImageObject\",\"inLanguage\":\"en-GB\",\"@id\":\"https:\/\/skaitytaknyga.lt\/#\/schema\/logo\/image\/\",\"url\":\"https:\/\/skaitytaknyga.lt\/wp-content\/uploads\/2024\/05\/cropped-cropped-cropped-02_00843_jt3bggkj1j3HLc7SyY6rEUpg.jpeg\",\"contentUrl\":\"https:\/\/skaitytaknyga.lt\/wp-content\/uploads\/2024\/05\/cropped-cropped-cropped-02_00843_jt3bggkj1j3HLc7SyY6rEUpg.jpeg\",\"width\":1600,\"height\":1600,\"caption\":\"skaitytaknyga.lt\"},\"image\":{\"@id\":\"https:\/\/skaitytaknyga.lt\/#\/schema\/logo\/image\/\"},\"sameAs\":[\"https:\/\/www.facebook.com\/skaitytaknyga\/\"]}]}<\/script>\n<!-- \/ Yoast SEO plugin. -->","yoast_head_json":{"title":"\u0412\u0432\u0435\u0434\u0435\u043d\u0438\u0435 \u0432 \u043f\u0441\u0438\u0445\u043e\u0430\u043d\u0430\u043b\u0438\u0437. \u041b\u0435\u043a\u0446\u0438\u0438","description":"\u0160iame veikale publikuotos Freudo paskaitos, kuriose jis prieinama forma supa\u017eindina su psichoanaliz\u0117s pagrindais. Aptariamos sapn\u0173, pas\u0105mon\u0117s, neurozi\u0173","robots":{"index":"index","follow":"follow","max-snippet":"max-snippet:-1","max-image-preview":"max-image-preview:large","max-video-preview":"max-video-preview:-1"},"canonical":"https:\/\/skaitytaknyga.lt\/en\/produktas\/\u0432\u0432\u0435\u0434\u0435\u043d\u0438\u0435-\u0432-\u043f\u0441\u0438\u0445\u043e\u0430\u043d\u0430\u043b\u0438\u0437-\u043b\u0435\u043a\u0446\u0438\u0438\/","og_locale":"en_GB","og_type":"article","og_title":"[:lt]\u0412\u0432\u0435\u0434\u0435\u043d\u0438\u0435 \u0432 \u043f\u0441\u0438\u0445\u043e\u0430\u043d\u0430\u043b\u0438\u0437. \u041b\u0435\u043a\u0446\u0438\u0438[:] - Skaitytaknyga","og_description":"\u0160iame veikale publikuotos Freudo paskaitos, kuriose jis prieinama forma supa\u017eindina su psichoanaliz\u0117s pagrindais. Aptariamos sapn\u0173, pas\u0105mon\u0117s, neurozi\u0173","og_url":"https:\/\/skaitytaknyga.lt\/en\/produktas\/\u0432\u0432\u0435\u0434\u0435\u043d\u0438\u0435-\u0432-\u043f\u0441\u0438\u0445\u043e\u0430\u043d\u0430\u043b\u0438\u0437-\u043b\u0435\u043a\u0446\u0438\u0438\/","og_site_name":"Skaitytaknyga","article_publisher":"https:\/\/www.facebook.com\/skaitytaknyga\/","article_modified_time":"2025-09-06T08:55:10+00:00","og_image":[{"width":200,"height":270,"url":"https:\/\/skaitytaknyga.lt\/wp-content\/uploads\/2025\/08\/\u0412\u0432\u0435\u0434\u0435\u043d\u0438\u0435-\u0432-\u043f\u0441\u0438\u0445\u043e\u0430\u043d\u0430\u043b\u0438\u0437.-\u041b\u0435\u043a\u0446\u0438\u0438.jpg","type":"image\/jpeg"}],"twitter_card":"summary_large_image","schema":{"@context":"https:\/\/schema.org","@graph":[{"@type":"WebPage","@id":"https:\/\/skaitytaknyga.lt\/produktas\/%d0%b2%d0%b2%d0%b5%d0%b4%d0%b5%d0%bd%d0%b8%d0%b5-%d0%b2-%d0%bf%d1%81%d0%b8%d1%85%d0%be%d0%b0%d0%bd%d0%b0%d0%bb%d0%b8%d0%b7-%d0%bb%d0%b5%d0%ba%d1%86%d0%b8%d0%b8\/","url":"https:\/\/skaitytaknyga.lt\/produktas\/%d0%b2%d0%b2%d0%b5%d0%b4%d0%b5%d0%bd%d0%b8%d0%b5-%d0%b2-%d0%bf%d1%81%d0%b8%d1%85%d0%be%d0%b0%d0%bd%d0%b0%d0%bb%d0%b8%d0%b7-%d0%bb%d0%b5%d0%ba%d1%86%d0%b8%d0%b8\/","name":"\u0412\u0432\u0435\u0434\u0435\u043d\u0438\u0435 \u0432 \u043f\u0441\u0438\u0445\u043e\u0430\u043d\u0430\u043b\u0438\u0437. \u041b\u0435\u043a\u0446\u0438\u0438","isPartOf":{"@id":"https:\/\/skaitytaknyga.lt\/#website"},"primaryImageOfPage":{"@id":"https:\/\/skaitytaknyga.lt\/produktas\/%d0%b2%d0%b2%d0%b5%d0%b4%d0%b5%d0%bd%d0%b8%d0%b5-%d0%b2-%d0%bf%d1%81%d0%b8%d1%85%d0%be%d0%b0%d0%bd%d0%b0%d0%bb%d0%b8%d0%b7-%d0%bb%d0%b5%d0%ba%d1%86%d0%b8%d0%b8\/#primaryimage"},"image":{"@id":"https:\/\/skaitytaknyga.lt\/produktas\/%d0%b2%d0%b2%d0%b5%d0%b4%d0%b5%d0%bd%d0%b8%d0%b5-%d0%b2-%d0%bf%d1%81%d0%b8%d1%85%d0%be%d0%b0%d0%bd%d0%b0%d0%bb%d0%b8%d0%b7-%d0%bb%d0%b5%d0%ba%d1%86%d0%b8%d0%b8\/#primaryimage"},"thumbnailUrl":"https:\/\/skaitytaknyga.lt\/wp-content\/uploads\/2025\/08\/\u0412\u0432\u0435\u0434\u0435\u043d\u0438\u0435-\u0432-\u043f\u0441\u0438\u0445\u043e\u0430\u043d\u0430\u043b\u0438\u0437.-\u041b\u0435\u043a\u0446\u0438\u0438.jpg","datePublished":"2025-08-25T08:37:11+00:00","dateModified":"2025-09-06T08:55:10+00:00","description":"\u0160iame veikale publikuotos Freudo paskaitos, kuriose jis prieinama forma supa\u017eindina su psichoanaliz\u0117s pagrindais. Aptariamos sapn\u0173, pas\u0105mon\u0117s, neurozi\u0173","breadcrumb":{"@id":"https:\/\/skaitytaknyga.lt\/produktas\/%d0%b2%d0%b2%d0%b5%d0%b4%d0%b5%d0%bd%d0%b8%d0%b5-%d0%b2-%d0%bf%d1%81%d0%b8%d1%85%d0%be%d0%b0%d0%bd%d0%b0%d0%bb%d0%b8%d0%b7-%d0%bb%d0%b5%d0%ba%d1%86%d0%b8%d0%b8\/#breadcrumb"},"inLanguage":"en-GB","potentialAction":[{"@type":"ReadAction","target":["https:\/\/skaitytaknyga.lt\/produktas\/%d0%b2%d0%b2%d0%b5%d0%b4%d0%b5%d0%bd%d0%b8%d0%b5-%d0%b2-%d0%bf%d1%81%d0%b8%d1%85%d0%be%d0%b0%d0%bd%d0%b0%d0%bb%d0%b8%d0%b7-%d0%bb%d0%b5%d0%ba%d1%86%d0%b8%d0%b8\/"]}]},{"@type":"ImageObject","inLanguage":"en-GB","@id":"https:\/\/skaitytaknyga.lt\/produktas\/%d0%b2%d0%b2%d0%b5%d0%b4%d0%b5%d0%bd%d0%b8%d0%b5-%d0%b2-%d0%bf%d1%81%d0%b8%d1%85%d0%be%d0%b0%d0%bd%d0%b0%d0%bb%d0%b8%d0%b7-%d0%bb%d0%b5%d0%ba%d1%86%d0%b8%d0%b8\/#primaryimage","url":"https:\/\/skaitytaknyga.lt\/wp-content\/uploads\/2025\/08\/\u0412\u0432\u0435\u0434\u0435\u043d\u0438\u0435-\u0432-\u043f\u0441\u0438\u0445\u043e\u0430\u043d\u0430\u043b\u0438\u0437.-\u041b\u0435\u043a\u0446\u0438\u0438.jpg","contentUrl":"https:\/\/skaitytaknyga.lt\/wp-content\/uploads\/2025\/08\/\u0412\u0432\u0435\u0434\u0435\u043d\u0438\u0435-\u0432-\u043f\u0441\u0438\u0445\u043e\u0430\u043d\u0430\u043b\u0438\u0437.-\u041b\u0435\u043a\u0446\u0438\u0438.jpg","width":200,"height":270,"caption":"\u0417\u0438\u0433\u043c\u0443\u043d\u0434 \u0424\u0440\u0435\u0439\u0434 \u0412\u0432\u0435\u0434\u0435\u043d\u0438\u0435 \u0432 \u043f\u0441\u0438\u0445\u043e\u0430\u043d\u0430\u043b\u0438\u0437. \u041b\u0435\u043a\u0446\u0438\u0438"},{"@type":"BreadcrumbList","@id":"https:\/\/skaitytaknyga.lt\/produktas\/%d0%b2%d0%b2%d0%b5%d0%b4%d0%b5%d0%bd%d0%b8%d0%b5-%d0%b2-%d0%bf%d1%81%d0%b8%d1%85%d0%be%d0%b0%d0%bd%d0%b0%d0%bb%d0%b8%d0%b7-%d0%bb%d0%b5%d0%ba%d1%86%d0%b8%d0%b8\/#breadcrumb","itemListElement":[{"@type":"ListItem","position":1,"name":"Home","item":"https:\/\/skaitytaknyga.lt\/"},{"@type":"ListItem","position":2,"name":"Parduotuv\u0117","item":"https:\/\/skaitytaknyga.lt\/knygu-parduotuve\/"},{"@type":"ListItem","position":3,"name":"\u0412\u0432\u0435\u0434\u0435\u043d\u0438\u0435 \u0432 \u043f\u0441\u0438\u0445\u043e\u0430\u043d\u0430\u043b\u0438\u0437. \u041b\u0435\u043a\u0446\u0438\u0438"}]},{"@type":"WebSite","@id":"https:\/\/skaitytaknyga.lt\/#website","url":"https:\/\/skaitytaknyga.lt\/","name":"skaitytaknyga.lt","description":"Skaitytaknyga.lt \u2013 tai ma\u017eas \u0161eimos verslas, kuris prasid\u0117jo nuo meil\u0117s knygoms ir siekio i\u0161gelb\u0117ti knygas nuo likimo prie konteinerio. Kas vienam nereikalingas daiktas \u2013 kitam lobis, o mes esame tarpininkai, kurie padeda abiems tapti laimingesniems ???? \u017dinome kaip nelengva i\u0161gyventi ma\u017eiems verslams, tad nuo \u0161iol, \u010dia rasite ir kit\u0173, ma\u017e\u0173 \u0161eim\u0173 versl\u0173, rank\u0173 darbo, dovan\u0173 sau ir artimiesiems.","publisher":{"@id":"https:\/\/skaitytaknyga.lt\/#organization"},"potentialAction":[{"@type":"SearchAction","target":{"@type":"EntryPoint","urlTemplate":"https:\/\/skaitytaknyga.lt\/?s={search_term_string}"},"query-input":{"@type":"PropertyValueSpecification","valueRequired":true,"valueName":"search_term_string"}}],"inLanguage":"en-GB"},{"@type":"Organization","@id":"https:\/\/skaitytaknyga.lt\/#organization","name":"skaitytaknyga.lt","url":"https:\/\/skaitytaknyga.lt\/","logo":{"@type":"ImageObject","inLanguage":"en-GB","@id":"https:\/\/skaitytaknyga.lt\/#\/schema\/logo\/image\/","url":"https:\/\/skaitytaknyga.lt\/wp-content\/uploads\/2024\/05\/cropped-cropped-cropped-02_00843_jt3bggkj1j3HLc7SyY6rEUpg.jpeg","contentUrl":"https:\/\/skaitytaknyga.lt\/wp-content\/uploads\/2024\/05\/cropped-cropped-cropped-02_00843_jt3bggkj1j3HLc7SyY6rEUpg.jpeg","width":1600,"height":1600,"caption":"skaitytaknyga.lt"},"image":{"@id":"https:\/\/skaitytaknyga.lt\/#\/schema\/logo\/image\/"},"sameAs":["https:\/\/www.facebook.com\/skaitytaknyga\/"]}]}},"_links":{"self":[{"href":"https:\/\/skaitytaknyga.lt\/en\/wp-json\/wp\/v2\/product\/20312","targetHints":{"allow":["GET"]}}],"collection":[{"href":"https:\/\/skaitytaknyga.lt\/en\/wp-json\/wp\/v2\/product"}],"about":[{"href":"https:\/\/skaitytaknyga.lt\/en\/wp-json\/wp\/v2\/types\/product"}],"replies":[{"embeddable":true,"href":"https:\/\/skaitytaknyga.lt\/en\/wp-json\/wp\/v2\/comments?post=20312"}],"wp:featuredmedia":[{"embeddable":true,"href":"https:\/\/skaitytaknyga.lt\/en\/wp-json\/wp\/v2\/media\/20317"}],"wp:attachment":[{"href":"https:\/\/skaitytaknyga.lt\/en\/wp-json\/wp\/v2\/media?parent=20312"}],"wp:term":[{"taxonomy":"product_brand","embeddable":true,"href":"https:\/\/skaitytaknyga.lt\/en\/wp-json\/wp\/v2\/product_brand?post=20312"},{"taxonomy":"product_cat","embeddable":true,"href":"https:\/\/skaitytaknyga.lt\/en\/wp-json\/wp\/v2\/product_cat?post=20312"},{"taxonomy":"product_tag","embeddable":true,"href":"https:\/\/skaitytaknyga.lt\/en\/wp-json\/wp\/v2\/product_tag?post=20312"}],"curies":[{"name":"wp","href":"https:\/\/api.w.org\/{rel}","templated":true}]}}