{"id":20292,"date":"2025-08-13T13:30:37","date_gmt":"2025-08-13T10:30:37","guid":{"rendered":"https:\/\/skaitytaknyga.lt\/?post_type=product&#038;p=20292"},"modified":"2025-09-06T11:55:01","modified_gmt":"2025-09-06T08:55:01","slug":"gime-seseliuose","status":"publish","type":"product","link":"https:\/\/skaitytaknyga.lt\/en\/produktas\/gime-seseliuose\/","title":{"rendered":"Gim\u0119 \u0161e\u0161\u0117liuose"},"content":{"rendered":"<p>\u201eTalibai dingo i\u0161 Kabulo gatvi\u0173, bet ilgi j\u0173 \u017eiauraus valdymo \u0161e\u0161\u0117liai liko&#8230;&#8221;<\/p>\n<p>Per neilg\u0105 savo gyvenim\u0105 de\u0161imtme\u010diui Favadui teko patirti nema\u017eai i\u0161bandym\u0173: jo t\u0117vas ir brolis \u017euvo, sesuo buvo pagrobta, tad jiedviem su motina Marija beliko glaustis pas giminai\u010dius ir \u0161iaip taip m\u0117ginti durti gal\u0105 su galu.<\/p>\n<p>Ta\u010diau gyvenimo d\u017eiaugsmu tryk\u0161tan\u010diam berniukui ir jo motinai nusi\u0161ypso likimas. Marija gauna darb\u0105 pas charizmati\u0161k\u0105j\u0105 D\u017eord\u017e\u0119, ir juodu persikrausto \u012f did\u017eiulius europie\u010di\u0173 namus Kabule. Juose, be D\u017eord\u017e\u0117s, gyvena \u017eurnalistas D\u017eeimsas ir keistuol\u0117 M\u0117ja.<\/p>\n<p>Favadui nebereikia manytis pinig\u0173 gatv\u0117je, j\u012f \u012fdarbina neregio krautuv\u0117l\u0117je. Nepaisant mil\u017eini\u0161k\u0173 skirtum\u0173, tarp europie\u010di\u0173 ir musulmon\u0173 mezgasi vis artimesnis ry\u0161ys. \u012esiliepsnojusi meil\u0117 tarp gra\u017eiosios D\u017eord\u017e\u0117s ir \u012ftartinos reputacijos afgan\u0173 karo vado Had\u017eio, berniuko \u0161irdyje pas\u0117ja pavyd\u0105. Bet likimas Favadui ruo\u0161ia didel\u012f i\u0161bandym\u0105, nuo kurio negali apginti net galingasis Had\u017eis Chanas.<\/p>\n","protected":false},"excerpt":{"rendered":"<p>\u201eTalibai dingo i\u0161 Kabulo gatvi\u0173, bet ilgi j\u0173 \u017eiauraus valdymo \u0161e\u0161\u0117liai liko&#8230;&#8221; Per neilg\u0105 savo gyvenim\u0105 de\u0161imtme\u010diui Favadui teko patirti nema\u017eai i\u0161bandym\u0173: jo t\u0117vas ir brolis \u017euvo, sesuo buvo pagrobta, tad jiedviem su motina Marija beliko glaustis pas giminai\u010dius ir \u0161iaip taip m\u0117ginti durti gal\u0105 su galu. Ta\u010diau gyvenimo d\u017eiaugsmu tryk\u0161tan\u010diam berniukui ir jo motinai nusi\u0161ypso likimas. Marija gauna darb\u0105 pas charizmati\u0161k\u0105j\u0105 D\u017eord\u017e\u0119, ir juodu persikrausto \u012f did\u017eiulius europie\u010di\u0173 namus Kabule. Juose, be D\u017eord\u017e\u0117s, gyvena \u017eurnalistas D\u017eeimsas ir keistuol\u0117 M\u0117ja. Favadui nebereikia manytis pinig\u0173 gatv\u0117je, j\u012f \u012fdarbina neregio krautuv\u0117l\u0117je. Nepaisant mil\u017eini\u0161k\u0173 skirtum\u0173, tarp europie\u010di\u0173 ir musulmon\u0173 mezgasi vis artimesnis ry\u0161ys. \u012esiliepsnojusi meil\u0117 tarp gra\u017eiosios D\u017eord\u017e\u0117s ir \u012ftartinos reputacijos afgan\u0173 karo vado Had\u017eio, berniuko \u0161irdyje pas\u0117ja pavyd\u0105. Bet likimas Favadui ruo\u0161ia didel\u012f i\u0161bandym\u0105, nuo kurio negali apginti net galingasis Had\u017eis Chanas.<\/p>\n","protected":false},"featured_media":20298,"comment_status":"open","ping_status":"closed","template":"","meta":{"_acf_changed":false,"site-sidebar-layout":"default","site-content-layout":"","ast-site-content-layout":"default","site-content-style":"default","site-sidebar-style":"default","ast-global-header-display":"","ast-banner-title-visibility":"","ast-main-header-display":"","ast-hfb-above-header-display":"","ast-hfb-below-header-display":"","ast-hfb-mobile-header-display":"","site-post-title":"","ast-breadcrumbs-content":"","ast-featured-img":"","footer-sml-layout":"","ast-disable-related-posts":"","theme-transparent-header-meta":"","adv-header-id-meta":"","stick-header-meta":"","header-above-stick-meta":"","header-main-stick-meta":"","header-below-stick-meta":"","astra-migrate-meta-layouts":"default","ast-page-background-enabled":"default","ast-page-background-meta":{"desktop":{"background-color":"","background-image":"","background-repeat":"repeat","background-position":"center center","background-size":"auto","background-attachment":"scroll","background-type":"","background-media":"","overlay-type":"","overlay-color":"","overlay-opacity":"","overlay-gradient":""},"tablet":{"background-color":"","background-image":"","background-repeat":"repeat","background-position":"center center","background-size":"auto","background-attachment":"scroll","background-type":"","background-media":"","overlay-type":"","overlay-color":"","overlay-opacity":"","overlay-gradient":""},"mobile":{"background-color":"","background-image":"","background-repeat":"repeat","background-position":"center center","background-size":"auto","background-attachment":"scroll","background-type":"","background-media":"","overlay-type":"","overlay-color":"","overlay-opacity":"","overlay-gradient":""}},"ast-content-background-meta":{"desktop":{"background-color":"var(--ast-global-color-4)","background-image":"","background-repeat":"repeat","background-position":"center center","background-size":"auto","background-attachment":"scroll","background-type":"","background-media":"","overlay-type":"","overlay-color":"","overlay-opacity":"","overlay-gradient":""},"tablet":{"background-color":"var(--ast-global-color-4)","background-image":"","background-repeat":"repeat","background-position":"center center","background-size":"auto","background-attachment":"scroll","background-type":"","background-media":"","overlay-type":"","overlay-color":"","overlay-opacity":"","overlay-gradient":""},"mobile":{"background-color":"var(--ast-global-color-4)","background-image":"","background-repeat":"repeat","background-position":"center center","background-size":"auto","background-attachment":"scroll","background-type":"","background-media":"","overlay-type":"","overlay-color":"","overlay-opacity":"","overlay-gradient":""}}},"product_brand":[],"product_cat":[15],"product_tag":[8020,8022,1796,1646,8021],"class_list":{"0":"post-20292","1":"product","2":"type-product","3":"status-publish","4":"has-post-thumbnail","6":"product_cat-uncategorized","7":"product_tag-afganistanas","8":"product_tag-karo-isbandymai","9":"product_tag-meile","10":"product_tag-seima","11":"product_tag-seseliai","12":"desktop-align-left","13":"tablet-align-left","14":"mobile-align-left","16":"first","17":"instock","18":"shipping-taxable","19":"purchasable","20":"product-type-simple"},"acf":[],"yoast_head":"<!-- This site is optimized with the Yoast SEO plugin v27.0 - https:\/\/yoast.com\/product\/yoast-seo-wordpress\/ -->\n<title>Gim\u0119 \u0161e\u0161\u0117liuose<\/title>\n<meta name=\"description\" content=\"\u201eTalibai dingo i\u0161 Kabulo gatvi\u0173, bet ilgi j\u0173 \u017eiauraus valdymo \u0161e\u0161\u0117liai liko...&quot; Per neilg\u0105 savo gyvenim\u0105 de\u0161imtme\u010diui Favadui teko patirti nema\u017eai\" \/>\n<meta name=\"robots\" content=\"index, follow, max-snippet:-1, max-image-preview:large, max-video-preview:-1\" \/>\n<link rel=\"canonical\" href=\"https:\/\/skaitytaknyga.lt\/en\/produktas\/gime-seseliuose\/\" \/>\n<meta property=\"og:locale\" content=\"en_GB\" \/>\n<meta property=\"og:locale:alternate\" content=\"lt_LT\" \/>\n<meta property=\"og:type\" content=\"article\" \/>\n<meta property=\"og:title\" content=\"Gim\u0119 \u0161e\u0161\u0117liuose\" \/>\n<meta property=\"og:description\" content=\"\u201eTalibai dingo i\u0161 Kabulo gatvi\u0173, bet ilgi j\u0173 \u017eiauraus valdymo \u0161e\u0161\u0117liai liko...&quot; Per neilg\u0105 savo gyvenim\u0105 de\u0161imtme\u010diui Favadui teko patirti nema\u017eai\" \/>\n<meta property=\"og:url\" content=\"https:\/\/skaitytaknyga.lt\/en\/produktas\/gime-seseliuose\/\" \/>\n<meta property=\"og:site_name\" content=\"Skaitytaknyga\" \/>\n<meta property=\"article:publisher\" content=\"https:\/\/www.facebook.com\/skaitytaknyga\/\" \/>\n<meta property=\"article:modified_time\" content=\"2025-09-06T08:55:01+00:00\" \/>\n<meta property=\"og:image\" content=\"https:\/\/skaitytaknyga.lt\/wp-content\/uploads\/2025\/08\/gime-seseliuose-1.webp\" \/>\n\t<meta property=\"og:image:width\" content=\"278\" \/>\n\t<meta property=\"og:image:height\" content=\"449\" \/>\n\t<meta property=\"og:image:type\" content=\"image\/webp\" \/>\n<meta name=\"twitter:card\" content=\"summary_large_image\" \/>\n<meta name=\"twitter:label1\" content=\"Estimated reading time\" \/>\n\t<meta name=\"twitter:data1\" content=\"1 minute\" \/>\n<script type=\"application\/ld+json\" class=\"yoast-schema-graph\">{\"@context\":\"https:\/\/schema.org\",\"@graph\":[{\"@type\":\"WebPage\",\"@id\":\"https:\/\/skaitytaknyga.lt\/produktas\/gime-seseliuose\/\",\"url\":\"https:\/\/skaitytaknyga.lt\/produktas\/gime-seseliuose\/\",\"name\":\"Gim\u0119 \u0161e\u0161\u0117liuose\",\"isPartOf\":{\"@id\":\"https:\/\/skaitytaknyga.lt\/#website\"},\"primaryImageOfPage\":{\"@id\":\"https:\/\/skaitytaknyga.lt\/produktas\/gime-seseliuose\/#primaryimage\"},\"image\":{\"@id\":\"https:\/\/skaitytaknyga.lt\/produktas\/gime-seseliuose\/#primaryimage\"},\"thumbnailUrl\":\"https:\/\/skaitytaknyga.lt\/wp-content\/uploads\/2025\/08\/gime-seseliuose-1.webp\",\"datePublished\":\"2025-08-13T10:30:37+00:00\",\"dateModified\":\"2025-09-06T08:55:01+00:00\",\"description\":\"\u201eTalibai dingo i\u0161 Kabulo gatvi\u0173, bet ilgi j\u0173 \u017eiauraus valdymo \u0161e\u0161\u0117liai liko...\\\" Per neilg\u0105 savo gyvenim\u0105 de\u0161imtme\u010diui Favadui teko patirti nema\u017eai\",\"breadcrumb\":{\"@id\":\"https:\/\/skaitytaknyga.lt\/produktas\/gime-seseliuose\/#breadcrumb\"},\"inLanguage\":\"en-GB\",\"potentialAction\":[{\"@type\":\"ReadAction\",\"target\":[\"https:\/\/skaitytaknyga.lt\/produktas\/gime-seseliuose\/\"]}]},{\"@type\":\"ImageObject\",\"inLanguage\":\"en-GB\",\"@id\":\"https:\/\/skaitytaknyga.lt\/produktas\/gime-seseliuose\/#primaryimage\",\"url\":\"https:\/\/skaitytaknyga.lt\/wp-content\/uploads\/2025\/08\/gime-seseliuose-1.webp\",\"contentUrl\":\"https:\/\/skaitytaknyga.lt\/wp-content\/uploads\/2025\/08\/gime-seseliuose-1.webp\",\"width\":278,\"height\":449},{\"@type\":\"BreadcrumbList\",\"@id\":\"https:\/\/skaitytaknyga.lt\/produktas\/gime-seseliuose\/#breadcrumb\",\"itemListElement\":[{\"@type\":\"ListItem\",\"position\":1,\"name\":\"Home\",\"item\":\"https:\/\/skaitytaknyga.lt\/\"},{\"@type\":\"ListItem\",\"position\":2,\"name\":\"Parduotuv\u0117\",\"item\":\"https:\/\/skaitytaknyga.lt\/knygu-parduotuve\/\"},{\"@type\":\"ListItem\",\"position\":3,\"name\":\"Gim\u0119 \u0161e\u0161\u0117liuose\"}]},{\"@type\":\"WebSite\",\"@id\":\"https:\/\/skaitytaknyga.lt\/#website\",\"url\":\"https:\/\/skaitytaknyga.lt\/\",\"name\":\"skaitytaknyga.lt\",\"description\":\"Skaitytaknyga.lt \u2013 tai ma\u017eas \u0161eimos verslas, kuris prasid\u0117jo nuo meil\u0117s knygoms ir siekio i\u0161gelb\u0117ti knygas nuo likimo prie konteinerio. Kas vienam nereikalingas daiktas \u2013 kitam lobis, o mes esame tarpininkai, kurie padeda abiems tapti laimingesniems ???? \u017dinome kaip nelengva i\u0161gyventi ma\u017eiems verslams, tad nuo \u0161iol, \u010dia rasite ir kit\u0173, ma\u017e\u0173 \u0161eim\u0173 versl\u0173, rank\u0173 darbo, dovan\u0173 sau ir artimiesiems.\",\"publisher\":{\"@id\":\"https:\/\/skaitytaknyga.lt\/#organization\"},\"potentialAction\":[{\"@type\":\"SearchAction\",\"target\":{\"@type\":\"EntryPoint\",\"urlTemplate\":\"https:\/\/skaitytaknyga.lt\/?s={search_term_string}\"},\"query-input\":{\"@type\":\"PropertyValueSpecification\",\"valueRequired\":true,\"valueName\":\"search_term_string\"}}],\"inLanguage\":\"en-GB\"},{\"@type\":\"Organization\",\"@id\":\"https:\/\/skaitytaknyga.lt\/#organization\",\"name\":\"skaitytaknyga.lt\",\"url\":\"https:\/\/skaitytaknyga.lt\/\",\"logo\":{\"@type\":\"ImageObject\",\"inLanguage\":\"en-GB\",\"@id\":\"https:\/\/skaitytaknyga.lt\/#\/schema\/logo\/image\/\",\"url\":\"https:\/\/skaitytaknyga.lt\/wp-content\/uploads\/2024\/05\/cropped-cropped-cropped-02_00843_jt3bggkj1j3HLc7SyY6rEUpg.jpeg\",\"contentUrl\":\"https:\/\/skaitytaknyga.lt\/wp-content\/uploads\/2024\/05\/cropped-cropped-cropped-02_00843_jt3bggkj1j3HLc7SyY6rEUpg.jpeg\",\"width\":1600,\"height\":1600,\"caption\":\"skaitytaknyga.lt\"},\"image\":{\"@id\":\"https:\/\/skaitytaknyga.lt\/#\/schema\/logo\/image\/\"},\"sameAs\":[\"https:\/\/www.facebook.com\/skaitytaknyga\/\"]}]}<\/script>\n<!-- \/ Yoast SEO plugin. -->","yoast_head_json":{"title":"Gim\u0119 \u0161e\u0161\u0117liuose","description":"\u201eTalibai dingo i\u0161 Kabulo gatvi\u0173, bet ilgi j\u0173 \u017eiauraus valdymo \u0161e\u0161\u0117liai liko...\" Per neilg\u0105 savo gyvenim\u0105 de\u0161imtme\u010diui Favadui teko patirti nema\u017eai","robots":{"index":"index","follow":"follow","max-snippet":"max-snippet:-1","max-image-preview":"max-image-preview:large","max-video-preview":"max-video-preview:-1"},"canonical":"https:\/\/skaitytaknyga.lt\/en\/produktas\/gime-seseliuose\/","og_locale":"en_GB","og_type":"article","og_title":"[:lt]Gim\u0119 \u0161e\u0161\u0117liuose[:] - Skaitytaknyga","og_description":"\u201eTalibai dingo i\u0161 Kabulo gatvi\u0173, bet ilgi j\u0173 \u017eiauraus valdymo \u0161e\u0161\u0117liai liko...\" Per neilg\u0105 savo gyvenim\u0105 de\u0161imtme\u010diui Favadui teko patirti nema\u017eai","og_url":"https:\/\/skaitytaknyga.lt\/en\/produktas\/gime-seseliuose\/","og_site_name":"Skaitytaknyga","article_publisher":"https:\/\/www.facebook.com\/skaitytaknyga\/","article_modified_time":"2025-09-06T08:55:01+00:00","og_image":[{"width":278,"height":449,"url":"https:\/\/skaitytaknyga.lt\/wp-content\/uploads\/2025\/08\/gime-seseliuose-1.webp","type":"image\/webp"}],"twitter_card":"summary_large_image","twitter_misc":{"Estimated reading time":"1 minute"},"schema":{"@context":"https:\/\/schema.org","@graph":[{"@type":"WebPage","@id":"https:\/\/skaitytaknyga.lt\/produktas\/gime-seseliuose\/","url":"https:\/\/skaitytaknyga.lt\/produktas\/gime-seseliuose\/","name":"Gim\u0119 \u0161e\u0161\u0117liuose","isPartOf":{"@id":"https:\/\/skaitytaknyga.lt\/#website"},"primaryImageOfPage":{"@id":"https:\/\/skaitytaknyga.lt\/produktas\/gime-seseliuose\/#primaryimage"},"image":{"@id":"https:\/\/skaitytaknyga.lt\/produktas\/gime-seseliuose\/#primaryimage"},"thumbnailUrl":"https:\/\/skaitytaknyga.lt\/wp-content\/uploads\/2025\/08\/gime-seseliuose-1.webp","datePublished":"2025-08-13T10:30:37+00:00","dateModified":"2025-09-06T08:55:01+00:00","description":"\u201eTalibai dingo i\u0161 Kabulo gatvi\u0173, bet ilgi j\u0173 \u017eiauraus valdymo \u0161e\u0161\u0117liai liko...\" Per neilg\u0105 savo gyvenim\u0105 de\u0161imtme\u010diui Favadui teko patirti nema\u017eai","breadcrumb":{"@id":"https:\/\/skaitytaknyga.lt\/produktas\/gime-seseliuose\/#breadcrumb"},"inLanguage":"en-GB","potentialAction":[{"@type":"ReadAction","target":["https:\/\/skaitytaknyga.lt\/produktas\/gime-seseliuose\/"]}]},{"@type":"ImageObject","inLanguage":"en-GB","@id":"https:\/\/skaitytaknyga.lt\/produktas\/gime-seseliuose\/#primaryimage","url":"https:\/\/skaitytaknyga.lt\/wp-content\/uploads\/2025\/08\/gime-seseliuose-1.webp","contentUrl":"https:\/\/skaitytaknyga.lt\/wp-content\/uploads\/2025\/08\/gime-seseliuose-1.webp","width":278,"height":449},{"@type":"BreadcrumbList","@id":"https:\/\/skaitytaknyga.lt\/produktas\/gime-seseliuose\/#breadcrumb","itemListElement":[{"@type":"ListItem","position":1,"name":"Home","item":"https:\/\/skaitytaknyga.lt\/"},{"@type":"ListItem","position":2,"name":"Parduotuv\u0117","item":"https:\/\/skaitytaknyga.lt\/knygu-parduotuve\/"},{"@type":"ListItem","position":3,"name":"Gim\u0119 \u0161e\u0161\u0117liuose"}]},{"@type":"WebSite","@id":"https:\/\/skaitytaknyga.lt\/#website","url":"https:\/\/skaitytaknyga.lt\/","name":"skaitytaknyga.lt","description":"Skaitytaknyga.lt \u2013 tai ma\u017eas \u0161eimos verslas, kuris prasid\u0117jo nuo meil\u0117s knygoms ir siekio i\u0161gelb\u0117ti knygas nuo likimo prie konteinerio. Kas vienam nereikalingas daiktas \u2013 kitam lobis, o mes esame tarpininkai, kurie padeda abiems tapti laimingesniems ???? \u017dinome kaip nelengva i\u0161gyventi ma\u017eiems verslams, tad nuo \u0161iol, \u010dia rasite ir kit\u0173, ma\u017e\u0173 \u0161eim\u0173 versl\u0173, rank\u0173 darbo, dovan\u0173 sau ir artimiesiems.","publisher":{"@id":"https:\/\/skaitytaknyga.lt\/#organization"},"potentialAction":[{"@type":"SearchAction","target":{"@type":"EntryPoint","urlTemplate":"https:\/\/skaitytaknyga.lt\/?s={search_term_string}"},"query-input":{"@type":"PropertyValueSpecification","valueRequired":true,"valueName":"search_term_string"}}],"inLanguage":"en-GB"},{"@type":"Organization","@id":"https:\/\/skaitytaknyga.lt\/#organization","name":"skaitytaknyga.lt","url":"https:\/\/skaitytaknyga.lt\/","logo":{"@type":"ImageObject","inLanguage":"en-GB","@id":"https:\/\/skaitytaknyga.lt\/#\/schema\/logo\/image\/","url":"https:\/\/skaitytaknyga.lt\/wp-content\/uploads\/2024\/05\/cropped-cropped-cropped-02_00843_jt3bggkj1j3HLc7SyY6rEUpg.jpeg","contentUrl":"https:\/\/skaitytaknyga.lt\/wp-content\/uploads\/2024\/05\/cropped-cropped-cropped-02_00843_jt3bggkj1j3HLc7SyY6rEUpg.jpeg","width":1600,"height":1600,"caption":"skaitytaknyga.lt"},"image":{"@id":"https:\/\/skaitytaknyga.lt\/#\/schema\/logo\/image\/"},"sameAs":["https:\/\/www.facebook.com\/skaitytaknyga\/"]}]}},"_links":{"self":[{"href":"https:\/\/skaitytaknyga.lt\/en\/wp-json\/wp\/v2\/product\/20292","targetHints":{"allow":["GET"]}}],"collection":[{"href":"https:\/\/skaitytaknyga.lt\/en\/wp-json\/wp\/v2\/product"}],"about":[{"href":"https:\/\/skaitytaknyga.lt\/en\/wp-json\/wp\/v2\/types\/product"}],"replies":[{"embeddable":true,"href":"https:\/\/skaitytaknyga.lt\/en\/wp-json\/wp\/v2\/comments?post=20292"}],"wp:featuredmedia":[{"embeddable":true,"href":"https:\/\/skaitytaknyga.lt\/en\/wp-json\/wp\/v2\/media\/20298"}],"wp:attachment":[{"href":"https:\/\/skaitytaknyga.lt\/en\/wp-json\/wp\/v2\/media?parent=20292"}],"wp:term":[{"taxonomy":"product_brand","embeddable":true,"href":"https:\/\/skaitytaknyga.lt\/en\/wp-json\/wp\/v2\/product_brand?post=20292"},{"taxonomy":"product_cat","embeddable":true,"href":"https:\/\/skaitytaknyga.lt\/en\/wp-json\/wp\/v2\/product_cat?post=20292"},{"taxonomy":"product_tag","embeddable":true,"href":"https:\/\/skaitytaknyga.lt\/en\/wp-json\/wp\/v2\/product_tag?post=20292"}],"curies":[{"name":"wp","href":"https:\/\/api.w.org\/{rel}","templated":true}]}}