{"id":20290,"date":"2025-08-13T13:30:37","date_gmt":"2025-08-13T10:30:37","guid":{"rendered":"https:\/\/skaitytaknyga.lt\/?post_type=product&#038;p=20290"},"modified":"2025-09-27T18:59:36","modified_gmt":"2025-09-27T15:59:36","slug":"silales-krastas-vii-tomas-silales-valscius","status":"publish","type":"product","link":"https:\/\/skaitytaknyga.lt\/en\/produktas\/silales-krastas-vii-tomas-silales-valscius\/","title":{"rendered":"\u0160ilal\u0117s kra\u0161tas VII tomas: \u0160ilal\u0117s vals\u010dius"},"content":{"rendered":"<p>\u0160iame, 7-ajame \u201e\u0160ilal\u0117s kra\u0161to\u201c, tome pateikiama \u0160ilal\u0117s vals\u010diaus istorija nuo seniausi\u0173 laik\u0173 iki \u0161i\u0173 dien\u0173. Med\u017eiaga d\u0117stoma chronologine tvarka: pirmiausia aptariama \u0160ilal\u0117s apylinki\u0173 kra\u0161tov\u0117s sandara ir raida, ap\u017evelgiami archeologiniai tyrin\u0117jimai, pristatomi gamtos paminklai, pagarsinami \u012f\u017eym\u016bs to kra\u0161to \u017emon\u0117s, pateikiama \u0161vietimo ir kult\u016bros ap\u017evalga, supa\u017eindinama su \u0160ilal\u0117s kra\u0161to tarme, tautosaka. Knygos gale &#8211; i\u0161samus asmenvard\u017ei\u0173 ir vietovard\u017ei\u0173 s\u0105ra\u0161as.<\/p>\n","protected":false},"excerpt":{"rendered":"<p>\u0160iame, 7-ajame \u201e\u0160ilal\u0117s kra\u0161to\u201c, tome pateikiama \u0160ilal\u0117s vals\u010diaus istorija nuo seniausi\u0173 laik\u0173 iki \u0161i\u0173 dien\u0173. Med\u017eiaga d\u0117stoma chronologine tvarka: pirmiausia aptariama \u0160ilal\u0117s apylinki\u0173 kra\u0161tov\u0117s sandara ir raida, ap\u017evelgiami archeologiniai tyrin\u0117jimai, pristatomi gamtos paminklai, pagarsinami \u012f\u017eym\u016bs to kra\u0161to \u017emon\u0117s, pateikiama \u0161vietimo ir kult\u016bros ap\u017evalga, supa\u017eindinama su \u0160ilal\u0117s kra\u0161to tarme, tautosaka. Knygos gale &#8211; i\u0161samus asmenvard\u017ei\u0173 ir vietovard\u017ei\u0173 s\u0105ra\u0161as.<\/p>\n","protected":false},"featured_media":20295,"comment_status":"open","ping_status":"closed","template":"","meta":{"_acf_changed":false,"site-sidebar-layout":"default","site-content-layout":"","ast-site-content-layout":"default","site-content-style":"default","site-sidebar-style":"default","ast-global-header-display":"","ast-banner-title-visibility":"","ast-main-header-display":"","ast-hfb-above-header-display":"","ast-hfb-below-header-display":"","ast-hfb-mobile-header-display":"","site-post-title":"","ast-breadcrumbs-content":"","ast-featured-img":"","footer-sml-layout":"","ast-disable-related-posts":"","theme-transparent-header-meta":"","adv-header-id-meta":"","stick-header-meta":"","header-above-stick-meta":"","header-main-stick-meta":"","header-below-stick-meta":"","astra-migrate-meta-layouts":"default","ast-page-background-enabled":"default","ast-page-background-meta":{"desktop":{"background-color":"","background-image":"","background-repeat":"repeat","background-position":"center center","background-size":"auto","background-attachment":"scroll","background-type":"","background-media":"","overlay-type":"","overlay-color":"","overlay-opacity":"","overlay-gradient":""},"tablet":{"background-color":"","background-image":"","background-repeat":"repeat","background-position":"center center","background-size":"auto","background-attachment":"scroll","background-type":"","background-media":"","overlay-type":"","overlay-color":"","overlay-opacity":"","overlay-gradient":""},"mobile":{"background-color":"","background-image":"","background-repeat":"repeat","background-position":"center center","background-size":"auto","background-attachment":"scroll","background-type":"","background-media":"","overlay-type":"","overlay-color":"","overlay-opacity":"","overlay-gradient":""}},"ast-content-background-meta":{"desktop":{"background-color":"var(--ast-global-color-4)","background-image":"","background-repeat":"repeat","background-position":"center center","background-size":"auto","background-attachment":"scroll","background-type":"","background-media":"","overlay-type":"","overlay-color":"","overlay-opacity":"","overlay-gradient":""},"tablet":{"background-color":"var(--ast-global-color-4)","background-image":"","background-repeat":"repeat","background-position":"center center","background-size":"auto","background-attachment":"scroll","background-type":"","background-media":"","overlay-type":"","overlay-color":"","overlay-opacity":"","overlay-gradient":""},"mobile":{"background-color":"var(--ast-global-color-4)","background-image":"","background-repeat":"repeat","background-position":"center center","background-size":"auto","background-attachment":"scroll","background-type":"","background-media":"","overlay-type":"","overlay-color":"","overlay-opacity":"","overlay-gradient":""}}},"product_brand":[],"product_cat":[174,15],"product_tag":[2384,8018,2376,8017,8016],"class_list":{"0":"post-20290","1":"product","2":"type-product","3":"status-publish","4":"has-post-thumbnail","6":"product_cat-istorija-ir-politologija","7":"product_cat-uncategorized","8":"product_tag-archeologija","9":"product_tag-krastas","10":"product_tag-kultura","11":"product_tag-silale","12":"product_tag-silales-krastas-vii-tomas-istorija","13":"desktop-align-left","14":"tablet-align-left","15":"mobile-align-left","17":"first","18":"instock","19":"shipping-taxable","20":"purchasable","21":"product-type-simple"},"acf":[],"yoast_head":"<!-- This site is optimized with the Yoast SEO plugin v27.0 - https:\/\/yoast.com\/product\/yoast-seo-wordpress\/ -->\n<title>\u0160ilal\u0117s kra\u0161tas VII tomas: \u0160ilal\u0117s vals\u010dius<\/title>\n<meta name=\"description\" content=\"\u0160iame, 7-ajame \u201e\u0160ilal\u0117s kra\u0161to\u201c, tome pateikiama \u0160ilal\u0117s vals\u010diaus istorija nuo seniausi\u0173 laik\u0173 iki \u0161i\u0173 dien\u0173. Med\u017eiaga d\u0117stoma chronologine tvarka:\" \/>\n<meta name=\"robots\" content=\"index, follow, max-snippet:-1, max-image-preview:large, max-video-preview:-1\" \/>\n<link rel=\"canonical\" href=\"https:\/\/skaitytaknyga.lt\/en\/produktas\/silales-krastas-vii-tomas-silales-valscius\/\" \/>\n<meta property=\"og:locale\" content=\"en_GB\" \/>\n<meta property=\"og:locale:alternate\" content=\"lt_LT\" \/>\n<meta property=\"og:type\" content=\"article\" \/>\n<meta property=\"og:title\" content=\"\u0160ilal\u0117s kra\u0161tas VII tomas: \u0160ilal\u0117s vals\u010dius\" \/>\n<meta property=\"og:description\" content=\"\u0160iame, 7-ajame \u201e\u0160ilal\u0117s kra\u0161to\u201c, tome pateikiama \u0160ilal\u0117s vals\u010diaus istorija nuo seniausi\u0173 laik\u0173 iki \u0161i\u0173 dien\u0173. Med\u017eiaga d\u0117stoma chronologine tvarka:\" \/>\n<meta property=\"og:url\" content=\"https:\/\/skaitytaknyga.lt\/en\/produktas\/silales-krastas-vii-tomas-silales-valscius\/\" \/>\n<meta property=\"og:site_name\" content=\"Skaitytaknyga\" \/>\n<meta property=\"article:publisher\" content=\"https:\/\/www.facebook.com\/skaitytaknyga\/\" \/>\n<meta property=\"article:modified_time\" content=\"2025-09-27T15:59:36+00:00\" \/>\n<meta property=\"og:image\" content=\"https:\/\/skaitytaknyga.lt\/wp-content\/uploads\/2025\/08\/Silales-krastas-VII-tomas-Silales-valscius-1-e1755081345967.webp\" \/>\n\t<meta property=\"og:image:width\" content=\"320\" \/>\n\t<meta property=\"og:image:height\" content=\"490\" \/>\n\t<meta property=\"og:image:type\" content=\"image\/webp\" \/>\n<meta name=\"twitter:card\" content=\"summary_large_image\" \/>\n<script type=\"application\/ld+json\" class=\"yoast-schema-graph\">{\"@context\":\"https:\/\/schema.org\",\"@graph\":[{\"@type\":\"WebPage\",\"@id\":\"https:\/\/skaitytaknyga.lt\/produktas\/silales-krastas-vii-tomas-silales-valscius\/\",\"url\":\"https:\/\/skaitytaknyga.lt\/produktas\/silales-krastas-vii-tomas-silales-valscius\/\",\"name\":\"\u0160ilal\u0117s kra\u0161tas VII tomas: \u0160ilal\u0117s vals\u010dius\",\"isPartOf\":{\"@id\":\"https:\/\/skaitytaknyga.lt\/#website\"},\"primaryImageOfPage\":{\"@id\":\"https:\/\/skaitytaknyga.lt\/produktas\/silales-krastas-vii-tomas-silales-valscius\/#primaryimage\"},\"image\":{\"@id\":\"https:\/\/skaitytaknyga.lt\/produktas\/silales-krastas-vii-tomas-silales-valscius\/#primaryimage\"},\"thumbnailUrl\":\"https:\/\/skaitytaknyga.lt\/wp-content\/uploads\/2025\/08\/Silales-krastas-VII-tomas-Silales-valscius-1-e1755081345967.webp\",\"datePublished\":\"2025-08-13T10:30:37+00:00\",\"dateModified\":\"2025-09-27T15:59:36+00:00\",\"description\":\"\u0160iame, 7-ajame \u201e\u0160ilal\u0117s kra\u0161to\u201c, tome pateikiama \u0160ilal\u0117s vals\u010diaus istorija nuo seniausi\u0173 laik\u0173 iki \u0161i\u0173 dien\u0173. Med\u017eiaga d\u0117stoma chronologine tvarka:\",\"breadcrumb\":{\"@id\":\"https:\/\/skaitytaknyga.lt\/produktas\/silales-krastas-vii-tomas-silales-valscius\/#breadcrumb\"},\"inLanguage\":\"en-GB\",\"potentialAction\":[{\"@type\":\"ReadAction\",\"target\":[\"https:\/\/skaitytaknyga.lt\/produktas\/silales-krastas-vii-tomas-silales-valscius\/\"]}]},{\"@type\":\"ImageObject\",\"inLanguage\":\"en-GB\",\"@id\":\"https:\/\/skaitytaknyga.lt\/produktas\/silales-krastas-vii-tomas-silales-valscius\/#primaryimage\",\"url\":\"https:\/\/skaitytaknyga.lt\/wp-content\/uploads\/2025\/08\/Silales-krastas-VII-tomas-Silales-valscius-1-e1755081345967.webp\",\"contentUrl\":\"https:\/\/skaitytaknyga.lt\/wp-content\/uploads\/2025\/08\/Silales-krastas-VII-tomas-Silales-valscius-1-e1755081345967.webp\",\"width\":320,\"height\":490},{\"@type\":\"BreadcrumbList\",\"@id\":\"https:\/\/skaitytaknyga.lt\/produktas\/silales-krastas-vii-tomas-silales-valscius\/#breadcrumb\",\"itemListElement\":[{\"@type\":\"ListItem\",\"position\":1,\"name\":\"Home\",\"item\":\"https:\/\/skaitytaknyga.lt\/\"},{\"@type\":\"ListItem\",\"position\":2,\"name\":\"Parduotuv\u0117\",\"item\":\"https:\/\/skaitytaknyga.lt\/knygu-parduotuve\/\"},{\"@type\":\"ListItem\",\"position\":3,\"name\":\"\u0160ilal\u0117s kra\u0161tas VII tomas: \u0160ilal\u0117s vals\u010dius\"}]},{\"@type\":\"WebSite\",\"@id\":\"https:\/\/skaitytaknyga.lt\/#website\",\"url\":\"https:\/\/skaitytaknyga.lt\/\",\"name\":\"skaitytaknyga.lt\",\"description\":\"Skaitytaknyga.lt \u2013 tai ma\u017eas \u0161eimos verslas, kuris prasid\u0117jo nuo meil\u0117s knygoms ir siekio i\u0161gelb\u0117ti knygas nuo likimo prie konteinerio. Kas vienam nereikalingas daiktas \u2013 kitam lobis, o mes esame tarpininkai, kurie padeda abiems tapti laimingesniems ???? \u017dinome kaip nelengva i\u0161gyventi ma\u017eiems verslams, tad nuo \u0161iol, \u010dia rasite ir kit\u0173, ma\u017e\u0173 \u0161eim\u0173 versl\u0173, rank\u0173 darbo, dovan\u0173 sau ir artimiesiems.\",\"publisher\":{\"@id\":\"https:\/\/skaitytaknyga.lt\/#organization\"},\"potentialAction\":[{\"@type\":\"SearchAction\",\"target\":{\"@type\":\"EntryPoint\",\"urlTemplate\":\"https:\/\/skaitytaknyga.lt\/?s={search_term_string}\"},\"query-input\":{\"@type\":\"PropertyValueSpecification\",\"valueRequired\":true,\"valueName\":\"search_term_string\"}}],\"inLanguage\":\"en-GB\"},{\"@type\":\"Organization\",\"@id\":\"https:\/\/skaitytaknyga.lt\/#organization\",\"name\":\"skaitytaknyga.lt\",\"url\":\"https:\/\/skaitytaknyga.lt\/\",\"logo\":{\"@type\":\"ImageObject\",\"inLanguage\":\"en-GB\",\"@id\":\"https:\/\/skaitytaknyga.lt\/#\/schema\/logo\/image\/\",\"url\":\"https:\/\/skaitytaknyga.lt\/wp-content\/uploads\/2024\/05\/cropped-cropped-cropped-02_00843_jt3bggkj1j3HLc7SyY6rEUpg.jpeg\",\"contentUrl\":\"https:\/\/skaitytaknyga.lt\/wp-content\/uploads\/2024\/05\/cropped-cropped-cropped-02_00843_jt3bggkj1j3HLc7SyY6rEUpg.jpeg\",\"width\":1600,\"height\":1600,\"caption\":\"skaitytaknyga.lt\"},\"image\":{\"@id\":\"https:\/\/skaitytaknyga.lt\/#\/schema\/logo\/image\/\"},\"sameAs\":[\"https:\/\/www.facebook.com\/skaitytaknyga\/\"]}]}<\/script>\n<!-- \/ Yoast SEO plugin. -->","yoast_head_json":{"title":"\u0160ilal\u0117s kra\u0161tas VII tomas: \u0160ilal\u0117s vals\u010dius","description":"\u0160iame, 7-ajame \u201e\u0160ilal\u0117s kra\u0161to\u201c, tome pateikiama \u0160ilal\u0117s vals\u010diaus istorija nuo seniausi\u0173 laik\u0173 iki \u0161i\u0173 dien\u0173. Med\u017eiaga d\u0117stoma chronologine tvarka:","robots":{"index":"index","follow":"follow","max-snippet":"max-snippet:-1","max-image-preview":"max-image-preview:large","max-video-preview":"max-video-preview:-1"},"canonical":"https:\/\/skaitytaknyga.lt\/en\/produktas\/silales-krastas-vii-tomas-silales-valscius\/","og_locale":"en_GB","og_type":"article","og_title":"[:lt]\u0160ilal\u0117s kra\u0161tas VII tomas: \u0160ilal\u0117s vals\u010dius[:] - Skaitytaknyga","og_description":"\u0160iame, 7-ajame \u201e\u0160ilal\u0117s kra\u0161to\u201c, tome pateikiama \u0160ilal\u0117s vals\u010diaus istorija nuo seniausi\u0173 laik\u0173 iki \u0161i\u0173 dien\u0173. Med\u017eiaga d\u0117stoma chronologine tvarka:","og_url":"https:\/\/skaitytaknyga.lt\/en\/produktas\/silales-krastas-vii-tomas-silales-valscius\/","og_site_name":"Skaitytaknyga","article_publisher":"https:\/\/www.facebook.com\/skaitytaknyga\/","article_modified_time":"2025-09-27T15:59:36+00:00","og_image":[{"width":320,"height":490,"url":"https:\/\/skaitytaknyga.lt\/wp-content\/uploads\/2025\/08\/Silales-krastas-VII-tomas-Silales-valscius-1-e1755081345967.webp","type":"image\/webp"}],"twitter_card":"summary_large_image","schema":{"@context":"https:\/\/schema.org","@graph":[{"@type":"WebPage","@id":"https:\/\/skaitytaknyga.lt\/produktas\/silales-krastas-vii-tomas-silales-valscius\/","url":"https:\/\/skaitytaknyga.lt\/produktas\/silales-krastas-vii-tomas-silales-valscius\/","name":"\u0160ilal\u0117s kra\u0161tas VII tomas: \u0160ilal\u0117s vals\u010dius","isPartOf":{"@id":"https:\/\/skaitytaknyga.lt\/#website"},"primaryImageOfPage":{"@id":"https:\/\/skaitytaknyga.lt\/produktas\/silales-krastas-vii-tomas-silales-valscius\/#primaryimage"},"image":{"@id":"https:\/\/skaitytaknyga.lt\/produktas\/silales-krastas-vii-tomas-silales-valscius\/#primaryimage"},"thumbnailUrl":"https:\/\/skaitytaknyga.lt\/wp-content\/uploads\/2025\/08\/Silales-krastas-VII-tomas-Silales-valscius-1-e1755081345967.webp","datePublished":"2025-08-13T10:30:37+00:00","dateModified":"2025-09-27T15:59:36+00:00","description":"\u0160iame, 7-ajame \u201e\u0160ilal\u0117s kra\u0161to\u201c, tome pateikiama \u0160ilal\u0117s vals\u010diaus istorija nuo seniausi\u0173 laik\u0173 iki \u0161i\u0173 dien\u0173. Med\u017eiaga d\u0117stoma chronologine tvarka:","breadcrumb":{"@id":"https:\/\/skaitytaknyga.lt\/produktas\/silales-krastas-vii-tomas-silales-valscius\/#breadcrumb"},"inLanguage":"en-GB","potentialAction":[{"@type":"ReadAction","target":["https:\/\/skaitytaknyga.lt\/produktas\/silales-krastas-vii-tomas-silales-valscius\/"]}]},{"@type":"ImageObject","inLanguage":"en-GB","@id":"https:\/\/skaitytaknyga.lt\/produktas\/silales-krastas-vii-tomas-silales-valscius\/#primaryimage","url":"https:\/\/skaitytaknyga.lt\/wp-content\/uploads\/2025\/08\/Silales-krastas-VII-tomas-Silales-valscius-1-e1755081345967.webp","contentUrl":"https:\/\/skaitytaknyga.lt\/wp-content\/uploads\/2025\/08\/Silales-krastas-VII-tomas-Silales-valscius-1-e1755081345967.webp","width":320,"height":490},{"@type":"BreadcrumbList","@id":"https:\/\/skaitytaknyga.lt\/produktas\/silales-krastas-vii-tomas-silales-valscius\/#breadcrumb","itemListElement":[{"@type":"ListItem","position":1,"name":"Home","item":"https:\/\/skaitytaknyga.lt\/"},{"@type":"ListItem","position":2,"name":"Parduotuv\u0117","item":"https:\/\/skaitytaknyga.lt\/knygu-parduotuve\/"},{"@type":"ListItem","position":3,"name":"\u0160ilal\u0117s kra\u0161tas VII tomas: \u0160ilal\u0117s vals\u010dius"}]},{"@type":"WebSite","@id":"https:\/\/skaitytaknyga.lt\/#website","url":"https:\/\/skaitytaknyga.lt\/","name":"skaitytaknyga.lt","description":"Skaitytaknyga.lt \u2013 tai ma\u017eas \u0161eimos verslas, kuris prasid\u0117jo nuo meil\u0117s knygoms ir siekio i\u0161gelb\u0117ti knygas nuo likimo prie konteinerio. Kas vienam nereikalingas daiktas \u2013 kitam lobis, o mes esame tarpininkai, kurie padeda abiems tapti laimingesniems ???? \u017dinome kaip nelengva i\u0161gyventi ma\u017eiems verslams, tad nuo \u0161iol, \u010dia rasite ir kit\u0173, ma\u017e\u0173 \u0161eim\u0173 versl\u0173, rank\u0173 darbo, dovan\u0173 sau ir artimiesiems.","publisher":{"@id":"https:\/\/skaitytaknyga.lt\/#organization"},"potentialAction":[{"@type":"SearchAction","target":{"@type":"EntryPoint","urlTemplate":"https:\/\/skaitytaknyga.lt\/?s={search_term_string}"},"query-input":{"@type":"PropertyValueSpecification","valueRequired":true,"valueName":"search_term_string"}}],"inLanguage":"en-GB"},{"@type":"Organization","@id":"https:\/\/skaitytaknyga.lt\/#organization","name":"skaitytaknyga.lt","url":"https:\/\/skaitytaknyga.lt\/","logo":{"@type":"ImageObject","inLanguage":"en-GB","@id":"https:\/\/skaitytaknyga.lt\/#\/schema\/logo\/image\/","url":"https:\/\/skaitytaknyga.lt\/wp-content\/uploads\/2024\/05\/cropped-cropped-cropped-02_00843_jt3bggkj1j3HLc7SyY6rEUpg.jpeg","contentUrl":"https:\/\/skaitytaknyga.lt\/wp-content\/uploads\/2024\/05\/cropped-cropped-cropped-02_00843_jt3bggkj1j3HLc7SyY6rEUpg.jpeg","width":1600,"height":1600,"caption":"skaitytaknyga.lt"},"image":{"@id":"https:\/\/skaitytaknyga.lt\/#\/schema\/logo\/image\/"},"sameAs":["https:\/\/www.facebook.com\/skaitytaknyga\/"]}]}},"_links":{"self":[{"href":"https:\/\/skaitytaknyga.lt\/en\/wp-json\/wp\/v2\/product\/20290","targetHints":{"allow":["GET"]}}],"collection":[{"href":"https:\/\/skaitytaknyga.lt\/en\/wp-json\/wp\/v2\/product"}],"about":[{"href":"https:\/\/skaitytaknyga.lt\/en\/wp-json\/wp\/v2\/types\/product"}],"replies":[{"embeddable":true,"href":"https:\/\/skaitytaknyga.lt\/en\/wp-json\/wp\/v2\/comments?post=20290"}],"wp:featuredmedia":[{"embeddable":true,"href":"https:\/\/skaitytaknyga.lt\/en\/wp-json\/wp\/v2\/media\/20295"}],"wp:attachment":[{"href":"https:\/\/skaitytaknyga.lt\/en\/wp-json\/wp\/v2\/media?parent=20290"}],"wp:term":[{"taxonomy":"product_brand","embeddable":true,"href":"https:\/\/skaitytaknyga.lt\/en\/wp-json\/wp\/v2\/product_brand?post=20290"},{"taxonomy":"product_cat","embeddable":true,"href":"https:\/\/skaitytaknyga.lt\/en\/wp-json\/wp\/v2\/product_cat?post=20290"},{"taxonomy":"product_tag","embeddable":true,"href":"https:\/\/skaitytaknyga.lt\/en\/wp-json\/wp\/v2\/product_tag?post=20290"}],"curies":[{"name":"wp","href":"https:\/\/api.w.org\/{rel}","templated":true}]}}