{"id":20280,"date":"2025-08-07T13:13:08","date_gmt":"2025-08-07T10:13:08","guid":{"rendered":"https:\/\/skaitytaknyga.lt\/?post_type=product&#038;p=20280"},"modified":"2025-09-06T11:55:01","modified_gmt":"2025-09-06T08:55:01","slug":"a-tolstojus-auksinis-raktelis-arba-buratino-nuotykiai-kopija","status":"publish","type":"product","link":"https:\/\/skaitytaknyga.lt\/en\/produktas\/a-tolstojus-auksinis-raktelis-arba-buratino-nuotykiai-kopija\/","title":{"rendered":"A. Tolstojus \u201eAuksinis raktelis, arba Buratino nuotykiai\u201c"},"content":{"rendered":"<p>Labai populiari ir vaik\u0173 m\u0117giama pasaka apie nenuoram\u0105 medin\u012f \u017emogut\u012f.<\/p>\n<p>Tarabaro karalyst\u0117je gyveno \u017emon\u0117s, gyv\u016bnai ir&#8230; l\u0117l\u0117s. Buratinas, Pjeras, Arlekinas, Malvina ir pudelis Artemonas patyr\u0117 daugyb\u0119 nuotyki\u0173, kol \u012fmin\u0117 t\u0117t\u0117s Karlo dureli\u0173 paslapt\u012f. Kaip jiems sek\u0117si ir kuo visa \u0161i istorija baig\u0117si piktajam Karabasu iBarabasui, su\u017einosite perskait\u0119 knygel\u0119.<\/p>\n","protected":false},"excerpt":{"rendered":"<p>Labai populiari ir vaik\u0173 m\u0117giama pasaka apie nenuoram\u0105 medin\u012f \u017emogut\u012f.<\/p>\n<p>Tarabaro karalyst\u0117je gyveno \u017emon\u0117s, gyv\u016bnai ir&#8230; l\u0117l\u0117s. Buratinas, Pjeras, Arlekinas, Malvina ir pudelis Artemonas patyr\u0117 daugyb\u0119 nuotyki\u0173, kol \u012fmin\u0117 t\u0117t\u0117s Karlo dureli\u0173 paslapt\u012f. Kaip jiems sek\u0117si ir kuo visa \u0161i istorija baig\u0117si piktajam Karabasu iBarabasui, su\u017einosite perskait\u0119 knygel\u0119.<\/p>\n","protected":false},"featured_media":20281,"comment_status":"closed","ping_status":"closed","template":"","meta":{"_acf_changed":false,"site-sidebar-layout":"default","site-content-layout":"","ast-site-content-layout":"default","site-content-style":"default","site-sidebar-style":"default","ast-global-header-display":"","ast-banner-title-visibility":"","ast-main-header-display":"","ast-hfb-above-header-display":"","ast-hfb-below-header-display":"","ast-hfb-mobile-header-display":"","site-post-title":"","ast-breadcrumbs-content":"","ast-featured-img":"","footer-sml-layout":"","ast-disable-related-posts":"","theme-transparent-header-meta":"default","adv-header-id-meta":"","stick-header-meta":"","header-above-stick-meta":"","header-main-stick-meta":"","header-below-stick-meta":"","astra-migrate-meta-layouts":"set","ast-page-background-enabled":"default","ast-page-background-meta":{"desktop":{"background-color":"","background-image":"","background-repeat":"repeat","background-position":"center center","background-size":"auto","background-attachment":"scroll","background-type":"","background-media":"","overlay-type":"","overlay-color":"","overlay-opacity":"","overlay-gradient":""},"tablet":{"background-color":"","background-image":"","background-repeat":"repeat","background-position":"center center","background-size":"auto","background-attachment":"scroll","background-type":"","background-media":"","overlay-type":"","overlay-color":"","overlay-opacity":"","overlay-gradient":""},"mobile":{"background-color":"","background-image":"","background-repeat":"repeat","background-position":"center center","background-size":"auto","background-attachment":"scroll","background-type":"","background-media":"","overlay-type":"","overlay-color":"","overlay-opacity":"","overlay-gradient":""}},"ast-content-background-meta":{"desktop":{"background-color":"var(--ast-global-color-4)","background-image":"","background-repeat":"repeat","background-position":"center center","background-size":"auto","background-attachment":"scroll","background-type":"","background-media":"","overlay-type":"","overlay-color":"","overlay-opacity":"","overlay-gradient":""},"tablet":{"background-color":"var(--ast-global-color-4)","background-image":"","background-repeat":"repeat","background-position":"center center","background-size":"auto","background-attachment":"scroll","background-type":"","background-media":"","overlay-type":"","overlay-color":"","overlay-opacity":"","overlay-gradient":""},"mobile":{"background-color":"var(--ast-global-color-4)","background-image":"","background-repeat":"repeat","background-position":"center center","background-size":"auto","background-attachment":"scroll","background-type":"","background-media":"","overlay-type":"","overlay-color":"","overlay-opacity":"","overlay-gradient":""}}},"product_brand":[],"product_cat":[35],"product_tag":[8008,5143,8007,1451,1785],"class_list":{"0":"post-20280","1":"product","2":"type-product","3":"status-publish","4":"has-post-thumbnail","6":"product_cat-vaikams-ir-paaugliams","7":"product_tag-buratinas","8":"product_tag-fantazija","9":"product_tag-juozas-vasiliauskas-a-tolstojus-pasaka","10":"product_tag-nuotykiai","11":"product_tag-vaikams","12":"pa_leidimo-metai-766","13":"desktop-align-left","14":"tablet-align-left","15":"mobile-align-left","17":"first","18":"instock","19":"shipping-taxable","20":"purchasable","21":"product-type-simple"},"acf":[],"yoast_head":"<!-- This site is optimized with the Yoast SEO plugin v27.0 - https:\/\/yoast.com\/product\/yoast-seo-wordpress\/ -->\n<title>A. Tolstojus \u201eAuksinis raktelis, arba Buratino nuotykiai\u201c<\/title>\n<meta name=\"description\" content=\"Labai populiari ir vaik\u0173 m\u0117giama pasaka apie nenuoram\u0105 medin\u012f \u017emogut\u012f.  Tarabaro karalyst\u0117je gyveno \u017emon\u0117s, gyv\u016bnai ir... l\u0117l\u0117s. Buratinas, Pjeras, Arlekinas, Malvina ir pudelis Artemonas patyr\u0117 daugyb\u0119 nuotyki\u0173, kol \u012fmin\u0117 t\u0117t\u0117s Karlo dureli\u0173 paslapt\u012f. Kaip jiems sek\u0117si ir kuo visa \u0161i istorija baig\u0117si piktajam Karabasu iBarabasui, su\u017einosite perskait\u0119 knygel\u0119.\" \/>\n<meta name=\"robots\" content=\"index, follow, max-snippet:-1, max-image-preview:large, max-video-preview:-1\" \/>\n<link rel=\"canonical\" href=\"https:\/\/skaitytaknyga.lt\/en\/produktas\/a-tolstojus-auksinis-raktelis-arba-buratino-nuotykiai-kopija\/\" \/>\n<meta property=\"og:locale\" content=\"en_GB\" \/>\n<meta property=\"og:locale:alternate\" content=\"lt_LT\" \/>\n<meta property=\"og:type\" content=\"article\" \/>\n<meta property=\"og:title\" content=\"A. Tolstojus \u201eAuksinis raktelis, arba Buratino nuotykiai\u201c\" \/>\n<meta property=\"og:description\" content=\"Labai populiari ir vaik\u0173 m\u0117giama pasaka apie nenuoram\u0105 medin\u012f \u017emogut\u012f.  Tarabaro karalyst\u0117je gyveno \u017emon\u0117s, gyv\u016bnai ir... l\u0117l\u0117s. Buratinas, Pjeras, Arlekinas, Malvina ir pudelis Artemonas patyr\u0117 daugyb\u0119 nuotyki\u0173, kol \u012fmin\u0117 t\u0117t\u0117s Karlo dureli\u0173 paslapt\u012f. Kaip jiems sek\u0117si ir kuo visa \u0161i istorija baig\u0117si piktajam Karabasu iBarabasui, su\u017einosite perskait\u0119 knygel\u0119.\" \/>\n<meta property=\"og:url\" content=\"https:\/\/skaitytaknyga.lt\/en\/produktas\/a-tolstojus-auksinis-raktelis-arba-buratino-nuotykiai-kopija\/\" \/>\n<meta property=\"og:site_name\" content=\"Skaitytaknyga\" \/>\n<meta property=\"article:publisher\" content=\"https:\/\/www.facebook.com\/skaitytaknyga\/\" \/>\n<meta property=\"article:modified_time\" content=\"2025-09-06T08:55:01+00:00\" \/>\n<meta property=\"og:image\" content=\"https:\/\/skaitytaknyga.lt\/wp-content\/uploads\/2025\/08\/Auksinis-raktelis-arba-Buratino-nuotykiai.webp\" \/>\n\t<meta property=\"og:image:width\" content=\"443\" \/>\n\t<meta property=\"og:image:height\" content=\"590\" \/>\n\t<meta property=\"og:image:type\" content=\"image\/webp\" \/>\n<meta name=\"twitter:card\" content=\"summary_large_image\" \/>\n<meta name=\"twitter:label1\" content=\"Estimated reading time\" \/>\n\t<meta name=\"twitter:data1\" content=\"1 minute\" \/>\n<script type=\"application\/ld+json\" class=\"yoast-schema-graph\">{\"@context\":\"https:\/\/schema.org\",\"@graph\":[{\"@type\":\"WebPage\",\"@id\":\"https:\/\/skaitytaknyga.lt\/produktas\/a-tolstojus-auksinis-raktelis-arba-buratino-nuotykiai-kopija\/\",\"url\":\"https:\/\/skaitytaknyga.lt\/produktas\/a-tolstojus-auksinis-raktelis-arba-buratino-nuotykiai-kopija\/\",\"name\":\"A. Tolstojus \u201eAuksinis raktelis, arba Buratino nuotykiai\u201c\",\"isPartOf\":{\"@id\":\"https:\/\/skaitytaknyga.lt\/#website\"},\"primaryImageOfPage\":{\"@id\":\"https:\/\/skaitytaknyga.lt\/produktas\/a-tolstojus-auksinis-raktelis-arba-buratino-nuotykiai-kopija\/#primaryimage\"},\"image\":{\"@id\":\"https:\/\/skaitytaknyga.lt\/produktas\/a-tolstojus-auksinis-raktelis-arba-buratino-nuotykiai-kopija\/#primaryimage\"},\"thumbnailUrl\":\"https:\/\/skaitytaknyga.lt\/wp-content\/uploads\/2025\/08\/Auksinis-raktelis-arba-Buratino-nuotykiai.webp\",\"datePublished\":\"2025-08-07T10:13:08+00:00\",\"dateModified\":\"2025-09-06T08:55:01+00:00\",\"description\":\"Labai populiari ir vaik\u0173 m\u0117giama pasaka apie nenuoram\u0105 medin\u012f \u017emogut\u012f. Tarabaro karalyst\u0117je gyveno \u017emon\u0117s, gyv\u016bnai ir... l\u0117l\u0117s. Buratinas, Pjeras, Arlekinas, Malvina ir pudelis Artemonas patyr\u0117 daugyb\u0119 nuotyki\u0173, kol \u012fmin\u0117 t\u0117t\u0117s Karlo dureli\u0173 paslapt\u012f. Kaip jiems sek\u0117si ir kuo visa \u0161i istorija baig\u0117si piktajam Karabasu iBarabasui, su\u017einosite perskait\u0119 knygel\u0119.\",\"breadcrumb\":{\"@id\":\"https:\/\/skaitytaknyga.lt\/produktas\/a-tolstojus-auksinis-raktelis-arba-buratino-nuotykiai-kopija\/#breadcrumb\"},\"inLanguage\":\"en-GB\",\"potentialAction\":[{\"@type\":\"ReadAction\",\"target\":[\"https:\/\/skaitytaknyga.lt\/produktas\/a-tolstojus-auksinis-raktelis-arba-buratino-nuotykiai-kopija\/\"]}]},{\"@type\":\"ImageObject\",\"inLanguage\":\"en-GB\",\"@id\":\"https:\/\/skaitytaknyga.lt\/produktas\/a-tolstojus-auksinis-raktelis-arba-buratino-nuotykiai-kopija\/#primaryimage\",\"url\":\"https:\/\/skaitytaknyga.lt\/wp-content\/uploads\/2025\/08\/Auksinis-raktelis-arba-Buratino-nuotykiai.webp\",\"contentUrl\":\"https:\/\/skaitytaknyga.lt\/wp-content\/uploads\/2025\/08\/Auksinis-raktelis-arba-Buratino-nuotykiai.webp\",\"width\":443,\"height\":590,\"caption\":\"Auksinis raktelis arba Buratino nuotykiai\"},{\"@type\":\"BreadcrumbList\",\"@id\":\"https:\/\/skaitytaknyga.lt\/produktas\/a-tolstojus-auksinis-raktelis-arba-buratino-nuotykiai-kopija\/#breadcrumb\",\"itemListElement\":[{\"@type\":\"ListItem\",\"position\":1,\"name\":\"Home\",\"item\":\"https:\/\/skaitytaknyga.lt\/\"},{\"@type\":\"ListItem\",\"position\":2,\"name\":\"Parduotuv\u0117\",\"item\":\"https:\/\/skaitytaknyga.lt\/knygu-parduotuve\/\"},{\"@type\":\"ListItem\",\"position\":3,\"name\":\"A. Tolstojus \u201eAuksinis raktelis, arba Buratino nuotykiai\u201c\"}]},{\"@type\":\"WebSite\",\"@id\":\"https:\/\/skaitytaknyga.lt\/#website\",\"url\":\"https:\/\/skaitytaknyga.lt\/\",\"name\":\"skaitytaknyga.lt\",\"description\":\"Skaitytaknyga.lt \u2013 tai ma\u017eas \u0161eimos verslas, kuris prasid\u0117jo nuo meil\u0117s knygoms ir siekio i\u0161gelb\u0117ti knygas nuo likimo prie konteinerio. Kas vienam nereikalingas daiktas \u2013 kitam lobis, o mes esame tarpininkai, kurie padeda abiems tapti laimingesniems ???? \u017dinome kaip nelengva i\u0161gyventi ma\u017eiems verslams, tad nuo \u0161iol, \u010dia rasite ir kit\u0173, ma\u017e\u0173 \u0161eim\u0173 versl\u0173, rank\u0173 darbo, dovan\u0173 sau ir artimiesiems.\",\"publisher\":{\"@id\":\"https:\/\/skaitytaknyga.lt\/#organization\"},\"potentialAction\":[{\"@type\":\"SearchAction\",\"target\":{\"@type\":\"EntryPoint\",\"urlTemplate\":\"https:\/\/skaitytaknyga.lt\/?s={search_term_string}\"},\"query-input\":{\"@type\":\"PropertyValueSpecification\",\"valueRequired\":true,\"valueName\":\"search_term_string\"}}],\"inLanguage\":\"en-GB\"},{\"@type\":\"Organization\",\"@id\":\"https:\/\/skaitytaknyga.lt\/#organization\",\"name\":\"skaitytaknyga.lt\",\"url\":\"https:\/\/skaitytaknyga.lt\/\",\"logo\":{\"@type\":\"ImageObject\",\"inLanguage\":\"en-GB\",\"@id\":\"https:\/\/skaitytaknyga.lt\/#\/schema\/logo\/image\/\",\"url\":\"https:\/\/skaitytaknyga.lt\/wp-content\/uploads\/2024\/05\/cropped-cropped-cropped-02_00843_jt3bggkj1j3HLc7SyY6rEUpg.jpeg\",\"contentUrl\":\"https:\/\/skaitytaknyga.lt\/wp-content\/uploads\/2024\/05\/cropped-cropped-cropped-02_00843_jt3bggkj1j3HLc7SyY6rEUpg.jpeg\",\"width\":1600,\"height\":1600,\"caption\":\"skaitytaknyga.lt\"},\"image\":{\"@id\":\"https:\/\/skaitytaknyga.lt\/#\/schema\/logo\/image\/\"},\"sameAs\":[\"https:\/\/www.facebook.com\/skaitytaknyga\/\"]}]}<\/script>\n<!-- \/ Yoast SEO plugin. -->","yoast_head_json":{"title":"A. Tolstojus \u201eAuksinis raktelis, arba Buratino nuotykiai\u201c","description":"Labai populiari ir vaik\u0173 m\u0117giama pasaka apie nenuoram\u0105 medin\u012f \u017emogut\u012f.  Tarabaro karalyst\u0117je gyveno \u017emon\u0117s, gyv\u016bnai ir... l\u0117l\u0117s. Buratinas, Pjeras, Arlekinas, Malvina ir pudelis Artemonas patyr\u0117 daugyb\u0119 nuotyki\u0173, kol \u012fmin\u0117 t\u0117t\u0117s Karlo dureli\u0173 paslapt\u012f. Kaip jiems sek\u0117si ir kuo visa \u0161i istorija baig\u0117si piktajam Karabasu iBarabasui, su\u017einosite perskait\u0119 knygel\u0119.","robots":{"index":"index","follow":"follow","max-snippet":"max-snippet:-1","max-image-preview":"max-image-preview:large","max-video-preview":"max-video-preview:-1"},"canonical":"https:\/\/skaitytaknyga.lt\/en\/produktas\/a-tolstojus-auksinis-raktelis-arba-buratino-nuotykiai-kopija\/","og_locale":"en_GB","og_type":"article","og_title":"[:lt]A. Tolstojus \u201eAuksinis raktelis, arba Buratino nuotykiai\u201c[:] - Skaitytaknyga","og_description":"Labai populiari ir vaik\u0173 m\u0117giama pasaka apie nenuoram\u0105 medin\u012f \u017emogut\u012f.  Tarabaro karalyst\u0117je gyveno \u017emon\u0117s, gyv\u016bnai ir... l\u0117l\u0117s. Buratinas, Pjeras, Arlekinas, Malvina ir pudelis Artemonas patyr\u0117 daugyb\u0119 nuotyki\u0173, kol \u012fmin\u0117 t\u0117t\u0117s Karlo dureli\u0173 paslapt\u012f. Kaip jiems sek\u0117si ir kuo visa \u0161i istorija baig\u0117si piktajam Karabasu iBarabasui, su\u017einosite perskait\u0119 knygel\u0119.","og_url":"https:\/\/skaitytaknyga.lt\/en\/produktas\/a-tolstojus-auksinis-raktelis-arba-buratino-nuotykiai-kopija\/","og_site_name":"Skaitytaknyga","article_publisher":"https:\/\/www.facebook.com\/skaitytaknyga\/","article_modified_time":"2025-09-06T08:55:01+00:00","og_image":[{"width":443,"height":590,"url":"https:\/\/skaitytaknyga.lt\/wp-content\/uploads\/2025\/08\/Auksinis-raktelis-arba-Buratino-nuotykiai.webp","type":"image\/webp"}],"twitter_card":"summary_large_image","twitter_misc":{"Estimated reading time":"1 minute"},"schema":{"@context":"https:\/\/schema.org","@graph":[{"@type":"WebPage","@id":"https:\/\/skaitytaknyga.lt\/produktas\/a-tolstojus-auksinis-raktelis-arba-buratino-nuotykiai-kopija\/","url":"https:\/\/skaitytaknyga.lt\/produktas\/a-tolstojus-auksinis-raktelis-arba-buratino-nuotykiai-kopija\/","name":"A. Tolstojus \u201eAuksinis raktelis, arba Buratino nuotykiai\u201c","isPartOf":{"@id":"https:\/\/skaitytaknyga.lt\/#website"},"primaryImageOfPage":{"@id":"https:\/\/skaitytaknyga.lt\/produktas\/a-tolstojus-auksinis-raktelis-arba-buratino-nuotykiai-kopija\/#primaryimage"},"image":{"@id":"https:\/\/skaitytaknyga.lt\/produktas\/a-tolstojus-auksinis-raktelis-arba-buratino-nuotykiai-kopija\/#primaryimage"},"thumbnailUrl":"https:\/\/skaitytaknyga.lt\/wp-content\/uploads\/2025\/08\/Auksinis-raktelis-arba-Buratino-nuotykiai.webp","datePublished":"2025-08-07T10:13:08+00:00","dateModified":"2025-09-06T08:55:01+00:00","description":"Labai populiari ir vaik\u0173 m\u0117giama pasaka apie nenuoram\u0105 medin\u012f \u017emogut\u012f. Tarabaro karalyst\u0117je gyveno \u017emon\u0117s, gyv\u016bnai ir... l\u0117l\u0117s. Buratinas, Pjeras, Arlekinas, Malvina ir pudelis Artemonas patyr\u0117 daugyb\u0119 nuotyki\u0173, kol \u012fmin\u0117 t\u0117t\u0117s Karlo dureli\u0173 paslapt\u012f. Kaip jiems sek\u0117si ir kuo visa \u0161i istorija baig\u0117si piktajam Karabasu iBarabasui, su\u017einosite perskait\u0119 knygel\u0119.","breadcrumb":{"@id":"https:\/\/skaitytaknyga.lt\/produktas\/a-tolstojus-auksinis-raktelis-arba-buratino-nuotykiai-kopija\/#breadcrumb"},"inLanguage":"en-GB","potentialAction":[{"@type":"ReadAction","target":["https:\/\/skaitytaknyga.lt\/produktas\/a-tolstojus-auksinis-raktelis-arba-buratino-nuotykiai-kopija\/"]}]},{"@type":"ImageObject","inLanguage":"en-GB","@id":"https:\/\/skaitytaknyga.lt\/produktas\/a-tolstojus-auksinis-raktelis-arba-buratino-nuotykiai-kopija\/#primaryimage","url":"https:\/\/skaitytaknyga.lt\/wp-content\/uploads\/2025\/08\/Auksinis-raktelis-arba-Buratino-nuotykiai.webp","contentUrl":"https:\/\/skaitytaknyga.lt\/wp-content\/uploads\/2025\/08\/Auksinis-raktelis-arba-Buratino-nuotykiai.webp","width":443,"height":590,"caption":"Auksinis raktelis arba Buratino nuotykiai"},{"@type":"BreadcrumbList","@id":"https:\/\/skaitytaknyga.lt\/produktas\/a-tolstojus-auksinis-raktelis-arba-buratino-nuotykiai-kopija\/#breadcrumb","itemListElement":[{"@type":"ListItem","position":1,"name":"Home","item":"https:\/\/skaitytaknyga.lt\/"},{"@type":"ListItem","position":2,"name":"Parduotuv\u0117","item":"https:\/\/skaitytaknyga.lt\/knygu-parduotuve\/"},{"@type":"ListItem","position":3,"name":"A. Tolstojus \u201eAuksinis raktelis, arba Buratino nuotykiai\u201c"}]},{"@type":"WebSite","@id":"https:\/\/skaitytaknyga.lt\/#website","url":"https:\/\/skaitytaknyga.lt\/","name":"skaitytaknyga.lt","description":"Skaitytaknyga.lt \u2013 tai ma\u017eas \u0161eimos verslas, kuris prasid\u0117jo nuo meil\u0117s knygoms ir siekio i\u0161gelb\u0117ti knygas nuo likimo prie konteinerio. Kas vienam nereikalingas daiktas \u2013 kitam lobis, o mes esame tarpininkai, kurie padeda abiems tapti laimingesniems ???? \u017dinome kaip nelengva i\u0161gyventi ma\u017eiems verslams, tad nuo \u0161iol, \u010dia rasite ir kit\u0173, ma\u017e\u0173 \u0161eim\u0173 versl\u0173, rank\u0173 darbo, dovan\u0173 sau ir artimiesiems.","publisher":{"@id":"https:\/\/skaitytaknyga.lt\/#organization"},"potentialAction":[{"@type":"SearchAction","target":{"@type":"EntryPoint","urlTemplate":"https:\/\/skaitytaknyga.lt\/?s={search_term_string}"},"query-input":{"@type":"PropertyValueSpecification","valueRequired":true,"valueName":"search_term_string"}}],"inLanguage":"en-GB"},{"@type":"Organization","@id":"https:\/\/skaitytaknyga.lt\/#organization","name":"skaitytaknyga.lt","url":"https:\/\/skaitytaknyga.lt\/","logo":{"@type":"ImageObject","inLanguage":"en-GB","@id":"https:\/\/skaitytaknyga.lt\/#\/schema\/logo\/image\/","url":"https:\/\/skaitytaknyga.lt\/wp-content\/uploads\/2024\/05\/cropped-cropped-cropped-02_00843_jt3bggkj1j3HLc7SyY6rEUpg.jpeg","contentUrl":"https:\/\/skaitytaknyga.lt\/wp-content\/uploads\/2024\/05\/cropped-cropped-cropped-02_00843_jt3bggkj1j3HLc7SyY6rEUpg.jpeg","width":1600,"height":1600,"caption":"skaitytaknyga.lt"},"image":{"@id":"https:\/\/skaitytaknyga.lt\/#\/schema\/logo\/image\/"},"sameAs":["https:\/\/www.facebook.com\/skaitytaknyga\/"]}]}},"_links":{"self":[{"href":"https:\/\/skaitytaknyga.lt\/en\/wp-json\/wp\/v2\/product\/20280","targetHints":{"allow":["GET"]}}],"collection":[{"href":"https:\/\/skaitytaknyga.lt\/en\/wp-json\/wp\/v2\/product"}],"about":[{"href":"https:\/\/skaitytaknyga.lt\/en\/wp-json\/wp\/v2\/types\/product"}],"replies":[{"embeddable":true,"href":"https:\/\/skaitytaknyga.lt\/en\/wp-json\/wp\/v2\/comments?post=20280"}],"wp:featuredmedia":[{"embeddable":true,"href":"https:\/\/skaitytaknyga.lt\/en\/wp-json\/wp\/v2\/media\/20281"}],"wp:attachment":[{"href":"https:\/\/skaitytaknyga.lt\/en\/wp-json\/wp\/v2\/media?parent=20280"}],"wp:term":[{"taxonomy":"product_brand","embeddable":true,"href":"https:\/\/skaitytaknyga.lt\/en\/wp-json\/wp\/v2\/product_brand?post=20280"},{"taxonomy":"product_cat","embeddable":true,"href":"https:\/\/skaitytaknyga.lt\/en\/wp-json\/wp\/v2\/product_cat?post=20280"},{"taxonomy":"product_tag","embeddable":true,"href":"https:\/\/skaitytaknyga.lt\/en\/wp-json\/wp\/v2\/product_tag?post=20280"}],"curies":[{"name":"wp","href":"https:\/\/api.w.org\/{rel}","templated":true}]}}