{"id":20276,"date":"2025-08-07T13:07:38","date_gmt":"2025-08-07T10:07:38","guid":{"rendered":"https:\/\/skaitytaknyga.lt\/?post_type=product&#038;p=20276"},"modified":"2025-09-09T18:24:56","modified_gmt":"2025-09-09T15:24:56","slug":"kaip-sekasi-trumpas-lietuviu-kalbos-kursas-pazengusiems","status":"publish","type":"product","link":"https:\/\/skaitytaknyga.lt\/en\/produktas\/kaip-sekasi-trumpas-lietuviu-kalbos-kursas-pazengusiems\/","title":{"rendered":"Kaip sekasi? Trumpas lietuvi\u0173 kalbos kursas pa\u017eengusiems"},"content":{"rendered":"<p>\u0160i knygel\u0117 \u2013 tai trumpas (50 val.) lietuvi\u0173 kalbos kursas, pamok\u0173 rinkinys. Joje pateikiama skaitymo tekst\u0173 su u\u017eduotimis, kalbos vartojimo ir kalb\u0117jimo pratim\u0173 bei komunikacini\u0173 u\u017eduo\u010di\u0173. Mokomoji knygel\u0117 skiriama suaugusiems A2+ lygio mokiniams, dirbantiems su mokytoju.<\/p>\n","protected":false},"excerpt":{"rendered":"<p>\u0160i knygel\u0117 \u2013 tai trumpas (50 val.) lietuvi\u0173 kalbos kursas, pamok\u0173 rinkinys. Joje pateikiama skaitymo tekst\u0173 su u\u017eduotimis, kalbos vartojimo ir kalb\u0117jimo pratim\u0173 bei komunikacini\u0173 u\u017eduo\u010di\u0173. Mokomoji knygel\u0117 skiriama suaugusiems A2+ lygio mokiniams, dirbantiems su mokytoju.<\/p>\n","protected":false},"featured_media":20284,"comment_status":"open","ping_status":"closed","template":"","meta":{"_acf_changed":false,"site-sidebar-layout":"default","site-content-layout":"","ast-site-content-layout":"default","site-content-style":"default","site-sidebar-style":"default","ast-global-header-display":"","ast-banner-title-visibility":"","ast-main-header-display":"","ast-hfb-above-header-display":"","ast-hfb-below-header-display":"","ast-hfb-mobile-header-display":"","site-post-title":"","ast-breadcrumbs-content":"","ast-featured-img":"","footer-sml-layout":"","ast-disable-related-posts":"","theme-transparent-header-meta":"","adv-header-id-meta":"","stick-header-meta":"","header-above-stick-meta":"","header-main-stick-meta":"","header-below-stick-meta":"","astra-migrate-meta-layouts":"default","ast-page-background-enabled":"default","ast-page-background-meta":{"desktop":{"background-color":"","background-image":"","background-repeat":"repeat","background-position":"center center","background-size":"auto","background-attachment":"scroll","background-type":"","background-media":"","overlay-type":"","overlay-color":"","overlay-opacity":"","overlay-gradient":""},"tablet":{"background-color":"","background-image":"","background-repeat":"repeat","background-position":"center center","background-size":"auto","background-attachment":"scroll","background-type":"","background-media":"","overlay-type":"","overlay-color":"","overlay-opacity":"","overlay-gradient":""},"mobile":{"background-color":"","background-image":"","background-repeat":"repeat","background-position":"center center","background-size":"auto","background-attachment":"scroll","background-type":"","background-media":"","overlay-type":"","overlay-color":"","overlay-opacity":"","overlay-gradient":""}},"ast-content-background-meta":{"desktop":{"background-color":"var(--ast-global-color-4)","background-image":"","background-repeat":"repeat","background-position":"center center","background-size":"auto","background-attachment":"scroll","background-type":"","background-media":"","overlay-type":"","overlay-color":"","overlay-opacity":"","overlay-gradient":""},"tablet":{"background-color":"var(--ast-global-color-4)","background-image":"","background-repeat":"repeat","background-position":"center center","background-size":"auto","background-attachment":"scroll","background-type":"","background-media":"","overlay-type":"","overlay-color":"","overlay-opacity":"","overlay-gradient":""},"mobile":{"background-color":"var(--ast-global-color-4)","background-image":"","background-repeat":"repeat","background-position":"center center","background-size":"auto","background-attachment":"scroll","background-type":"","background-media":"","overlay-type":"","overlay-color":"","overlay-opacity":"","overlay-gradient":""}}},"product_brand":[],"product_cat":[15],"product_tag":[8004,8005,3339,8006],"class_list":{"0":"post-20276","1":"product","2":"type-product","3":"status-publish","4":"has-post-thumbnail","6":"product_cat-uncategorized","7":"product_tag-joana-pribusauskaite-lietuviu-kalba","8":"product_tag-kursas","9":"product_tag-pamokos","10":"product_tag-suaugusiesiems","11":"desktop-align-left","12":"tablet-align-left","13":"mobile-align-left","15":"first","16":"outofstock","17":"shipping-taxable","18":"purchasable","19":"product-type-simple"},"acf":[],"yoast_head":"<!-- This site is optimized with the Yoast SEO plugin v27.0 - https:\/\/yoast.com\/product\/yoast-seo-wordpress\/ -->\n<title>Kaip sekasi? Trumpas lietuvi\u0173 kalbos kursas pa\u017eengusiems<\/title>\n<meta name=\"description\" content=\"\u0160i knygel\u0117 \u2013 tai trumpas (50 val.) lietuvi\u0173 kalbos kursas, pamok\u0173 rinkinys. Joje pateikiama skaitymo tekst\u0173 su u\u017eduotimis, kalbos vartojimo ir kalb\u0117jimo\" \/>\n<meta name=\"robots\" content=\"index, follow, max-snippet:-1, max-image-preview:large, max-video-preview:-1\" \/>\n<link rel=\"canonical\" href=\"https:\/\/skaitytaknyga.lt\/en\/produktas\/kaip-sekasi-trumpas-lietuviu-kalbos-kursas-pazengusiems\/\" \/>\n<meta property=\"og:locale\" content=\"en_GB\" \/>\n<meta property=\"og:locale:alternate\" content=\"lt_LT\" \/>\n<meta property=\"og:type\" content=\"article\" \/>\n<meta property=\"og:title\" content=\"Kaip sekasi? Trumpas lietuvi\u0173 kalbos kursas pa\u017eengusiems\" \/>\n<meta property=\"og:description\" content=\"\u0160i knygel\u0117 \u2013 tai trumpas (50 val.) lietuvi\u0173 kalbos kursas, pamok\u0173 rinkinys. Joje pateikiama skaitymo tekst\u0173 su u\u017eduotimis, kalbos vartojimo ir kalb\u0117jimo\" \/>\n<meta property=\"og:url\" content=\"https:\/\/skaitytaknyga.lt\/en\/produktas\/kaip-sekasi-trumpas-lietuviu-kalbos-kursas-pazengusiems\/\" \/>\n<meta property=\"og:site_name\" content=\"Skaitytaknyga\" \/>\n<meta property=\"article:publisher\" content=\"https:\/\/www.facebook.com\/skaitytaknyga\/\" \/>\n<meta property=\"article:modified_time\" content=\"2025-09-09T15:24:56+00:00\" \/>\n<meta property=\"og:image\" content=\"https:\/\/skaitytaknyga.lt\/wp-content\/uploads\/2025\/08\/Kaip-sekasi-Trumpas-lietuviu-kalbos-kursas-pazengusiems.jpg\" \/>\n\t<meta property=\"og:image:width\" content=\"625\" \/>\n\t<meta property=\"og:image:height\" content=\"900\" \/>\n\t<meta property=\"og:image:type\" content=\"image\/jpeg\" \/>\n<meta name=\"twitter:card\" content=\"summary_large_image\" \/>\n<script type=\"application\/ld+json\" class=\"yoast-schema-graph\">{\"@context\":\"https:\/\/schema.org\",\"@graph\":[{\"@type\":\"WebPage\",\"@id\":\"https:\/\/skaitytaknyga.lt\/produktas\/kaip-sekasi-trumpas-lietuviu-kalbos-kursas-pazengusiems\/\",\"url\":\"https:\/\/skaitytaknyga.lt\/produktas\/kaip-sekasi-trumpas-lietuviu-kalbos-kursas-pazengusiems\/\",\"name\":\"Kaip sekasi? Trumpas lietuvi\u0173 kalbos kursas pa\u017eengusiems\",\"isPartOf\":{\"@id\":\"https:\/\/skaitytaknyga.lt\/#website\"},\"primaryImageOfPage\":{\"@id\":\"https:\/\/skaitytaknyga.lt\/produktas\/kaip-sekasi-trumpas-lietuviu-kalbos-kursas-pazengusiems\/#primaryimage\"},\"image\":{\"@id\":\"https:\/\/skaitytaknyga.lt\/produktas\/kaip-sekasi-trumpas-lietuviu-kalbos-kursas-pazengusiems\/#primaryimage\"},\"thumbnailUrl\":\"https:\/\/skaitytaknyga.lt\/wp-content\/uploads\/2025\/08\/Kaip-sekasi-Trumpas-lietuviu-kalbos-kursas-pazengusiems.jpg\",\"datePublished\":\"2025-08-07T10:07:38+00:00\",\"dateModified\":\"2025-09-09T15:24:56+00:00\",\"description\":\"\u0160i knygel\u0117 \u2013 tai trumpas (50 val.) lietuvi\u0173 kalbos kursas, pamok\u0173 rinkinys. Joje pateikiama skaitymo tekst\u0173 su u\u017eduotimis, kalbos vartojimo ir kalb\u0117jimo\",\"breadcrumb\":{\"@id\":\"https:\/\/skaitytaknyga.lt\/produktas\/kaip-sekasi-trumpas-lietuviu-kalbos-kursas-pazengusiems\/#breadcrumb\"},\"inLanguage\":\"en-GB\",\"potentialAction\":[{\"@type\":\"ReadAction\",\"target\":[\"https:\/\/skaitytaknyga.lt\/produktas\/kaip-sekasi-trumpas-lietuviu-kalbos-kursas-pazengusiems\/\"]}]},{\"@type\":\"ImageObject\",\"inLanguage\":\"en-GB\",\"@id\":\"https:\/\/skaitytaknyga.lt\/produktas\/kaip-sekasi-trumpas-lietuviu-kalbos-kursas-pazengusiems\/#primaryimage\",\"url\":\"https:\/\/skaitytaknyga.lt\/wp-content\/uploads\/2025\/08\/Kaip-sekasi-Trumpas-lietuviu-kalbos-kursas-pazengusiems.jpg\",\"contentUrl\":\"https:\/\/skaitytaknyga.lt\/wp-content\/uploads\/2025\/08\/Kaip-sekasi-Trumpas-lietuviu-kalbos-kursas-pazengusiems.jpg\",\"width\":625,\"height\":900,\"caption\":\"Kaip sekasi? Trumpas lietuvi\u0173 kalbos kursas pa\u017eengusiems\"},{\"@type\":\"BreadcrumbList\",\"@id\":\"https:\/\/skaitytaknyga.lt\/produktas\/kaip-sekasi-trumpas-lietuviu-kalbos-kursas-pazengusiems\/#breadcrumb\",\"itemListElement\":[{\"@type\":\"ListItem\",\"position\":1,\"name\":\"Home\",\"item\":\"https:\/\/skaitytaknyga.lt\/\"},{\"@type\":\"ListItem\",\"position\":2,\"name\":\"Parduotuv\u0117\",\"item\":\"https:\/\/skaitytaknyga.lt\/knygu-parduotuve\/\"},{\"@type\":\"ListItem\",\"position\":3,\"name\":\"Kaip sekasi? Trumpas lietuvi\u0173 kalbos kursas pa\u017eengusiems\"}]},{\"@type\":\"WebSite\",\"@id\":\"https:\/\/skaitytaknyga.lt\/#website\",\"url\":\"https:\/\/skaitytaknyga.lt\/\",\"name\":\"skaitytaknyga.lt\",\"description\":\"Skaitytaknyga.lt \u2013 tai ma\u017eas \u0161eimos verslas, kuris prasid\u0117jo nuo meil\u0117s knygoms ir siekio i\u0161gelb\u0117ti knygas nuo likimo prie konteinerio. Kas vienam nereikalingas daiktas \u2013 kitam lobis, o mes esame tarpininkai, kurie padeda abiems tapti laimingesniems ???? \u017dinome kaip nelengva i\u0161gyventi ma\u017eiems verslams, tad nuo \u0161iol, \u010dia rasite ir kit\u0173, ma\u017e\u0173 \u0161eim\u0173 versl\u0173, rank\u0173 darbo, dovan\u0173 sau ir artimiesiems.\",\"publisher\":{\"@id\":\"https:\/\/skaitytaknyga.lt\/#organization\"},\"potentialAction\":[{\"@type\":\"SearchAction\",\"target\":{\"@type\":\"EntryPoint\",\"urlTemplate\":\"https:\/\/skaitytaknyga.lt\/?s={search_term_string}\"},\"query-input\":{\"@type\":\"PropertyValueSpecification\",\"valueRequired\":true,\"valueName\":\"search_term_string\"}}],\"inLanguage\":\"en-GB\"},{\"@type\":\"Organization\",\"@id\":\"https:\/\/skaitytaknyga.lt\/#organization\",\"name\":\"skaitytaknyga.lt\",\"url\":\"https:\/\/skaitytaknyga.lt\/\",\"logo\":{\"@type\":\"ImageObject\",\"inLanguage\":\"en-GB\",\"@id\":\"https:\/\/skaitytaknyga.lt\/#\/schema\/logo\/image\/\",\"url\":\"https:\/\/skaitytaknyga.lt\/wp-content\/uploads\/2024\/05\/cropped-cropped-cropped-02_00843_jt3bggkj1j3HLc7SyY6rEUpg.jpeg\",\"contentUrl\":\"https:\/\/skaitytaknyga.lt\/wp-content\/uploads\/2024\/05\/cropped-cropped-cropped-02_00843_jt3bggkj1j3HLc7SyY6rEUpg.jpeg\",\"width\":1600,\"height\":1600,\"caption\":\"skaitytaknyga.lt\"},\"image\":{\"@id\":\"https:\/\/skaitytaknyga.lt\/#\/schema\/logo\/image\/\"},\"sameAs\":[\"https:\/\/www.facebook.com\/skaitytaknyga\/\"]}]}<\/script>\n<!-- \/ Yoast SEO plugin. -->","yoast_head_json":{"title":"Kaip sekasi? Trumpas lietuvi\u0173 kalbos kursas pa\u017eengusiems","description":"\u0160i knygel\u0117 \u2013 tai trumpas (50 val.) lietuvi\u0173 kalbos kursas, pamok\u0173 rinkinys. Joje pateikiama skaitymo tekst\u0173 su u\u017eduotimis, kalbos vartojimo ir kalb\u0117jimo","robots":{"index":"index","follow":"follow","max-snippet":"max-snippet:-1","max-image-preview":"max-image-preview:large","max-video-preview":"max-video-preview:-1"},"canonical":"https:\/\/skaitytaknyga.lt\/en\/produktas\/kaip-sekasi-trumpas-lietuviu-kalbos-kursas-pazengusiems\/","og_locale":"en_GB","og_type":"article","og_title":"[:lt]Kaip sekasi? Trumpas lietuvi\u0173 kalbos kursas pa\u017eengusiems[:] - Skaitytaknyga","og_description":"\u0160i knygel\u0117 \u2013 tai trumpas (50 val.) lietuvi\u0173 kalbos kursas, pamok\u0173 rinkinys. Joje pateikiama skaitymo tekst\u0173 su u\u017eduotimis, kalbos vartojimo ir kalb\u0117jimo","og_url":"https:\/\/skaitytaknyga.lt\/en\/produktas\/kaip-sekasi-trumpas-lietuviu-kalbos-kursas-pazengusiems\/","og_site_name":"Skaitytaknyga","article_publisher":"https:\/\/www.facebook.com\/skaitytaknyga\/","article_modified_time":"2025-09-09T15:24:56+00:00","og_image":[{"width":625,"height":900,"url":"https:\/\/skaitytaknyga.lt\/wp-content\/uploads\/2025\/08\/Kaip-sekasi-Trumpas-lietuviu-kalbos-kursas-pazengusiems.jpg","type":"image\/jpeg"}],"twitter_card":"summary_large_image","schema":{"@context":"https:\/\/schema.org","@graph":[{"@type":"WebPage","@id":"https:\/\/skaitytaknyga.lt\/produktas\/kaip-sekasi-trumpas-lietuviu-kalbos-kursas-pazengusiems\/","url":"https:\/\/skaitytaknyga.lt\/produktas\/kaip-sekasi-trumpas-lietuviu-kalbos-kursas-pazengusiems\/","name":"Kaip sekasi? Trumpas lietuvi\u0173 kalbos kursas pa\u017eengusiems","isPartOf":{"@id":"https:\/\/skaitytaknyga.lt\/#website"},"primaryImageOfPage":{"@id":"https:\/\/skaitytaknyga.lt\/produktas\/kaip-sekasi-trumpas-lietuviu-kalbos-kursas-pazengusiems\/#primaryimage"},"image":{"@id":"https:\/\/skaitytaknyga.lt\/produktas\/kaip-sekasi-trumpas-lietuviu-kalbos-kursas-pazengusiems\/#primaryimage"},"thumbnailUrl":"https:\/\/skaitytaknyga.lt\/wp-content\/uploads\/2025\/08\/Kaip-sekasi-Trumpas-lietuviu-kalbos-kursas-pazengusiems.jpg","datePublished":"2025-08-07T10:07:38+00:00","dateModified":"2025-09-09T15:24:56+00:00","description":"\u0160i knygel\u0117 \u2013 tai trumpas (50 val.) lietuvi\u0173 kalbos kursas, pamok\u0173 rinkinys. Joje pateikiama skaitymo tekst\u0173 su u\u017eduotimis, kalbos vartojimo ir kalb\u0117jimo","breadcrumb":{"@id":"https:\/\/skaitytaknyga.lt\/produktas\/kaip-sekasi-trumpas-lietuviu-kalbos-kursas-pazengusiems\/#breadcrumb"},"inLanguage":"en-GB","potentialAction":[{"@type":"ReadAction","target":["https:\/\/skaitytaknyga.lt\/produktas\/kaip-sekasi-trumpas-lietuviu-kalbos-kursas-pazengusiems\/"]}]},{"@type":"ImageObject","inLanguage":"en-GB","@id":"https:\/\/skaitytaknyga.lt\/produktas\/kaip-sekasi-trumpas-lietuviu-kalbos-kursas-pazengusiems\/#primaryimage","url":"https:\/\/skaitytaknyga.lt\/wp-content\/uploads\/2025\/08\/Kaip-sekasi-Trumpas-lietuviu-kalbos-kursas-pazengusiems.jpg","contentUrl":"https:\/\/skaitytaknyga.lt\/wp-content\/uploads\/2025\/08\/Kaip-sekasi-Trumpas-lietuviu-kalbos-kursas-pazengusiems.jpg","width":625,"height":900,"caption":"Kaip sekasi? Trumpas lietuvi\u0173 kalbos kursas pa\u017eengusiems"},{"@type":"BreadcrumbList","@id":"https:\/\/skaitytaknyga.lt\/produktas\/kaip-sekasi-trumpas-lietuviu-kalbos-kursas-pazengusiems\/#breadcrumb","itemListElement":[{"@type":"ListItem","position":1,"name":"Home","item":"https:\/\/skaitytaknyga.lt\/"},{"@type":"ListItem","position":2,"name":"Parduotuv\u0117","item":"https:\/\/skaitytaknyga.lt\/knygu-parduotuve\/"},{"@type":"ListItem","position":3,"name":"Kaip sekasi? Trumpas lietuvi\u0173 kalbos kursas pa\u017eengusiems"}]},{"@type":"WebSite","@id":"https:\/\/skaitytaknyga.lt\/#website","url":"https:\/\/skaitytaknyga.lt\/","name":"skaitytaknyga.lt","description":"Skaitytaknyga.lt \u2013 tai ma\u017eas \u0161eimos verslas, kuris prasid\u0117jo nuo meil\u0117s knygoms ir siekio i\u0161gelb\u0117ti knygas nuo likimo prie konteinerio. Kas vienam nereikalingas daiktas \u2013 kitam lobis, o mes esame tarpininkai, kurie padeda abiems tapti laimingesniems ???? \u017dinome kaip nelengva i\u0161gyventi ma\u017eiems verslams, tad nuo \u0161iol, \u010dia rasite ir kit\u0173, ma\u017e\u0173 \u0161eim\u0173 versl\u0173, rank\u0173 darbo, dovan\u0173 sau ir artimiesiems.","publisher":{"@id":"https:\/\/skaitytaknyga.lt\/#organization"},"potentialAction":[{"@type":"SearchAction","target":{"@type":"EntryPoint","urlTemplate":"https:\/\/skaitytaknyga.lt\/?s={search_term_string}"},"query-input":{"@type":"PropertyValueSpecification","valueRequired":true,"valueName":"search_term_string"}}],"inLanguage":"en-GB"},{"@type":"Organization","@id":"https:\/\/skaitytaknyga.lt\/#organization","name":"skaitytaknyga.lt","url":"https:\/\/skaitytaknyga.lt\/","logo":{"@type":"ImageObject","inLanguage":"en-GB","@id":"https:\/\/skaitytaknyga.lt\/#\/schema\/logo\/image\/","url":"https:\/\/skaitytaknyga.lt\/wp-content\/uploads\/2024\/05\/cropped-cropped-cropped-02_00843_jt3bggkj1j3HLc7SyY6rEUpg.jpeg","contentUrl":"https:\/\/skaitytaknyga.lt\/wp-content\/uploads\/2024\/05\/cropped-cropped-cropped-02_00843_jt3bggkj1j3HLc7SyY6rEUpg.jpeg","width":1600,"height":1600,"caption":"skaitytaknyga.lt"},"image":{"@id":"https:\/\/skaitytaknyga.lt\/#\/schema\/logo\/image\/"},"sameAs":["https:\/\/www.facebook.com\/skaitytaknyga\/"]}]}},"_links":{"self":[{"href":"https:\/\/skaitytaknyga.lt\/en\/wp-json\/wp\/v2\/product\/20276","targetHints":{"allow":["GET"]}}],"collection":[{"href":"https:\/\/skaitytaknyga.lt\/en\/wp-json\/wp\/v2\/product"}],"about":[{"href":"https:\/\/skaitytaknyga.lt\/en\/wp-json\/wp\/v2\/types\/product"}],"replies":[{"embeddable":true,"href":"https:\/\/skaitytaknyga.lt\/en\/wp-json\/wp\/v2\/comments?post=20276"}],"wp:featuredmedia":[{"embeddable":true,"href":"https:\/\/skaitytaknyga.lt\/en\/wp-json\/wp\/v2\/media\/20284"}],"wp:attachment":[{"href":"https:\/\/skaitytaknyga.lt\/en\/wp-json\/wp\/v2\/media?parent=20276"}],"wp:term":[{"taxonomy":"product_brand","embeddable":true,"href":"https:\/\/skaitytaknyga.lt\/en\/wp-json\/wp\/v2\/product_brand?post=20276"},{"taxonomy":"product_cat","embeddable":true,"href":"https:\/\/skaitytaknyga.lt\/en\/wp-json\/wp\/v2\/product_cat?post=20276"},{"taxonomy":"product_tag","embeddable":true,"href":"https:\/\/skaitytaknyga.lt\/en\/wp-json\/wp\/v2\/product_tag?post=20276"}],"curies":[{"name":"wp","href":"https:\/\/api.w.org\/{rel}","templated":true}]}}