{"id":20275,"date":"2025-08-07T13:07:38","date_gmt":"2025-08-07T10:07:38","guid":{"rendered":"https:\/\/skaitytaknyga.lt\/?post_type=product&#038;p=20275"},"modified":"2025-09-06T11:54:50","modified_gmt":"2025-09-06T08:54:50","slug":"sveiki-kaulai-raumenys-ir-sanariai","status":"publish","type":"product","link":"https:\/\/skaitytaknyga.lt\/en\/produktas\/sveiki-kaulai-raumenys-ir-sanariai\/","title":{"rendered":"Sveiki kaulai, raumenys ir s\u0105nariai"},"content":{"rendered":"<p>Kaip i\u0161likti veikliems ir lankstiems vis\u0105 gyvenim\u0105<\/p>\n<p>Tai i\u0161samus vadovas norintiems gyventi sveikai ir d\u017eiaugtis gyvenimu. I\u0161moksite daug paprast\u0173 prakti\u0161k\u0173 pratim\u0173 ir sveikos mitybos princip\u0173 kiekvienai dienai, o taip pat su\u017einosite kaip spr\u0119sti rimtas sveikatos problemas.<\/p>\n<p>Su\u017einosite:<\/p>\n<p>kaip palengvinti kasdienius skausmus;<br \/>\nkaip r\u016bpintis nugara, klubais ir keliais;<br \/>\nkaip i\u0161saugoti sveikus vaik\u0173 raumenis ir kaulus;<br \/>\nkaip apsisaugoti nuo osteoporoz\u0117s;<br \/>\nkaip suma\u017einti artrito simptomus;<br \/>\nkaip maitintis;<br \/>\nkaip atrodyti ir jaustis geriau.<\/p>\n","protected":false},"excerpt":{"rendered":"<p>Kaip i\u0161likti veikliems ir lankstiems vis\u0105 gyvenim\u0105 Tai i\u0161samus vadovas norintiems gyventi sveikai ir d\u017eiaugtis gyvenimu. I\u0161moksite daug paprast\u0173 prakti\u0161k\u0173 pratim\u0173 ir sveikos mitybos princip\u0173 kiekvienai dienai, o taip pat su\u017einosite kaip spr\u0119sti rimtas sveikatos problemas. Su\u017einosite: kaip palengvinti kasdienius skausmus; kaip r\u016bpintis nugara, klubais ir keliais; kaip i\u0161saugoti sveikus vaik\u0173 raumenis ir kaulus; kaip apsisaugoti nuo osteoporoz\u0117s; kaip suma\u017einti artrito simptomus; kaip maitintis; kaip atrodyti ir jaustis geriau.<\/p>\n","protected":false},"featured_media":20283,"comment_status":"open","ping_status":"closed","template":"","meta":{"_acf_changed":false,"site-sidebar-layout":"default","site-content-layout":"","ast-site-content-layout":"default","site-content-style":"default","site-sidebar-style":"default","ast-global-header-display":"","ast-banner-title-visibility":"","ast-main-header-display":"","ast-hfb-above-header-display":"","ast-hfb-below-header-display":"","ast-hfb-mobile-header-display":"","site-post-title":"","ast-breadcrumbs-content":"","ast-featured-img":"","footer-sml-layout":"","ast-disable-related-posts":"","theme-transparent-header-meta":"","adv-header-id-meta":"","stick-header-meta":"","header-above-stick-meta":"","header-main-stick-meta":"","header-below-stick-meta":"","astra-migrate-meta-layouts":"default","ast-page-background-enabled":"default","ast-page-background-meta":{"desktop":{"background-color":"","background-image":"","background-repeat":"repeat","background-position":"center center","background-size":"auto","background-attachment":"scroll","background-type":"","background-media":"","overlay-type":"","overlay-color":"","overlay-opacity":"","overlay-gradient":""},"tablet":{"background-color":"","background-image":"","background-repeat":"repeat","background-position":"center center","background-size":"auto","background-attachment":"scroll","background-type":"","background-media":"","overlay-type":"","overlay-color":"","overlay-opacity":"","overlay-gradient":""},"mobile":{"background-color":"","background-image":"","background-repeat":"repeat","background-position":"center center","background-size":"auto","background-attachment":"scroll","background-type":"","background-media":"","overlay-type":"","overlay-color":"","overlay-opacity":"","overlay-gradient":""}},"ast-content-background-meta":{"desktop":{"background-color":"var(--ast-global-color-4)","background-image":"","background-repeat":"repeat","background-position":"center center","background-size":"auto","background-attachment":"scroll","background-type":"","background-media":"","overlay-type":"","overlay-color":"","overlay-opacity":"","overlay-gradient":""},"tablet":{"background-color":"var(--ast-global-color-4)","background-image":"","background-repeat":"repeat","background-position":"center center","background-size":"auto","background-attachment":"scroll","background-type":"","background-media":"","overlay-type":"","overlay-color":"","overlay-opacity":"","overlay-gradient":""},"mobile":{"background-color":"var(--ast-global-color-4)","background-image":"","background-repeat":"repeat","background-position":"center center","background-size":"auto","background-attachment":"scroll","background-type":"","background-media":"","overlay-type":"","overlay-color":"","overlay-opacity":"","overlay-gradient":""}}},"product_brand":[],"product_cat":[15],"product_tag":[8002,3910,8000,8001,8003,7999],"class_list":{"0":"post-20275","1":"product","2":"type-product","3":"status-publish","4":"has-post-thumbnail","6":"product_cat-uncategorized","7":"product_tag-kaulai","8":"product_tag-pratimai","9":"product_tag-raumenys-ir-sanariai-sveikata","10":"product_tag-raumenys","11":"product_tag-sanariai","12":"product_tag-sveiki-kaulai","13":"desktop-align-left","14":"tablet-align-left","15":"mobile-align-left","17":"first","18":"instock","19":"shipping-taxable","20":"purchasable","21":"product-type-simple"},"acf":[],"yoast_head":"<!-- This site is optimized with the Yoast SEO plugin v27.0 - https:\/\/yoast.com\/product\/yoast-seo-wordpress\/ -->\n<title>Sveiki kaulai, raumenys ir s\u0105nariai<\/title>\n<meta name=\"description\" content=\"Kaip i\u0161likti veikliems ir lankstiems vis\u0105 gyvenim\u0105 Tai i\u0161samus vadovas norintiems gyventi sveikai ir d\u017eiaugtis gyvenimu. I\u0161moksite daug paprast\u0173 prakti\u0161k\u0173\" \/>\n<meta name=\"robots\" content=\"index, follow, max-snippet:-1, max-image-preview:large, max-video-preview:-1\" \/>\n<link rel=\"canonical\" href=\"https:\/\/skaitytaknyga.lt\/en\/produktas\/sveiki-kaulai-raumenys-ir-sanariai\/\" \/>\n<meta property=\"og:locale\" content=\"en_GB\" \/>\n<meta property=\"og:locale:alternate\" content=\"lt_LT\" \/>\n<meta property=\"og:type\" content=\"article\" \/>\n<meta property=\"og:title\" content=\"Sveiki kaulai, raumenys ir s\u0105nariai\" \/>\n<meta property=\"og:description\" content=\"Kaip i\u0161likti veikliems ir lankstiems vis\u0105 gyvenim\u0105 Tai i\u0161samus vadovas norintiems gyventi sveikai ir d\u017eiaugtis gyvenimu. I\u0161moksite daug paprast\u0173 prakti\u0161k\u0173\" \/>\n<meta property=\"og:url\" content=\"https:\/\/skaitytaknyga.lt\/en\/produktas\/sveiki-kaulai-raumenys-ir-sanariai\/\" \/>\n<meta property=\"og:site_name\" content=\"Skaitytaknyga\" \/>\n<meta property=\"article:publisher\" content=\"https:\/\/www.facebook.com\/skaitytaknyga\/\" \/>\n<meta property=\"article:modified_time\" content=\"2025-09-06T08:54:50+00:00\" \/>\n<meta property=\"og:image\" content=\"https:\/\/skaitytaknyga.lt\/wp-content\/uploads\/2025\/08\/Sveiki-kaulai-raumenys-ir-sanariai-1.webp\" \/>\n\t<meta property=\"og:image:width\" content=\"934\" \/>\n\t<meta property=\"og:image:height\" content=\"801\" \/>\n\t<meta property=\"og:image:type\" content=\"image\/webp\" \/>\n<meta name=\"twitter:card\" content=\"summary_large_image\" \/>\n<script type=\"application\/ld+json\" class=\"yoast-schema-graph\">{\"@context\":\"https:\/\/schema.org\",\"@graph\":[{\"@type\":\"WebPage\",\"@id\":\"https:\/\/skaitytaknyga.lt\/produktas\/sveiki-kaulai-raumenys-ir-sanariai\/\",\"url\":\"https:\/\/skaitytaknyga.lt\/produktas\/sveiki-kaulai-raumenys-ir-sanariai\/\",\"name\":\"Sveiki kaulai, raumenys ir s\u0105nariai\",\"isPartOf\":{\"@id\":\"https:\/\/skaitytaknyga.lt\/#website\"},\"primaryImageOfPage\":{\"@id\":\"https:\/\/skaitytaknyga.lt\/produktas\/sveiki-kaulai-raumenys-ir-sanariai\/#primaryimage\"},\"image\":{\"@id\":\"https:\/\/skaitytaknyga.lt\/produktas\/sveiki-kaulai-raumenys-ir-sanariai\/#primaryimage\"},\"thumbnailUrl\":\"https:\/\/skaitytaknyga.lt\/wp-content\/uploads\/2025\/08\/Sveiki-kaulai-raumenys-ir-sanariai-1.webp\",\"datePublished\":\"2025-08-07T10:07:38+00:00\",\"dateModified\":\"2025-09-06T08:54:50+00:00\",\"description\":\"Kaip i\u0161likti veikliems ir lankstiems vis\u0105 gyvenim\u0105 Tai i\u0161samus vadovas norintiems gyventi sveikai ir d\u017eiaugtis gyvenimu. I\u0161moksite daug paprast\u0173 prakti\u0161k\u0173\",\"breadcrumb\":{\"@id\":\"https:\/\/skaitytaknyga.lt\/produktas\/sveiki-kaulai-raumenys-ir-sanariai\/#breadcrumb\"},\"inLanguage\":\"en-GB\",\"potentialAction\":[{\"@type\":\"ReadAction\",\"target\":[\"https:\/\/skaitytaknyga.lt\/produktas\/sveiki-kaulai-raumenys-ir-sanariai\/\"]}]},{\"@type\":\"ImageObject\",\"inLanguage\":\"en-GB\",\"@id\":\"https:\/\/skaitytaknyga.lt\/produktas\/sveiki-kaulai-raumenys-ir-sanariai\/#primaryimage\",\"url\":\"https:\/\/skaitytaknyga.lt\/wp-content\/uploads\/2025\/08\/Sveiki-kaulai-raumenys-ir-sanariai-1.webp\",\"contentUrl\":\"https:\/\/skaitytaknyga.lt\/wp-content\/uploads\/2025\/08\/Sveiki-kaulai-raumenys-ir-sanariai-1.webp\",\"width\":934,\"height\":801,\"caption\":\"Sveiki kaulai, raumenys ir s\u0105nariai\"},{\"@type\":\"BreadcrumbList\",\"@id\":\"https:\/\/skaitytaknyga.lt\/produktas\/sveiki-kaulai-raumenys-ir-sanariai\/#breadcrumb\",\"itemListElement\":[{\"@type\":\"ListItem\",\"position\":1,\"name\":\"Home\",\"item\":\"https:\/\/skaitytaknyga.lt\/\"},{\"@type\":\"ListItem\",\"position\":2,\"name\":\"Parduotuv\u0117\",\"item\":\"https:\/\/skaitytaknyga.lt\/knygu-parduotuve\/\"},{\"@type\":\"ListItem\",\"position\":3,\"name\":\"Sveiki kaulai, raumenys ir s\u0105nariai\"}]},{\"@type\":\"WebSite\",\"@id\":\"https:\/\/skaitytaknyga.lt\/#website\",\"url\":\"https:\/\/skaitytaknyga.lt\/\",\"name\":\"skaitytaknyga.lt\",\"description\":\"Skaitytaknyga.lt \u2013 tai ma\u017eas \u0161eimos verslas, kuris prasid\u0117jo nuo meil\u0117s knygoms ir siekio i\u0161gelb\u0117ti knygas nuo likimo prie konteinerio. Kas vienam nereikalingas daiktas \u2013 kitam lobis, o mes esame tarpininkai, kurie padeda abiems tapti laimingesniems ???? \u017dinome kaip nelengva i\u0161gyventi ma\u017eiems verslams, tad nuo \u0161iol, \u010dia rasite ir kit\u0173, ma\u017e\u0173 \u0161eim\u0173 versl\u0173, rank\u0173 darbo, dovan\u0173 sau ir artimiesiems.\",\"publisher\":{\"@id\":\"https:\/\/skaitytaknyga.lt\/#organization\"},\"potentialAction\":[{\"@type\":\"SearchAction\",\"target\":{\"@type\":\"EntryPoint\",\"urlTemplate\":\"https:\/\/skaitytaknyga.lt\/?s={search_term_string}\"},\"query-input\":{\"@type\":\"PropertyValueSpecification\",\"valueRequired\":true,\"valueName\":\"search_term_string\"}}],\"inLanguage\":\"en-GB\"},{\"@type\":\"Organization\",\"@id\":\"https:\/\/skaitytaknyga.lt\/#organization\",\"name\":\"skaitytaknyga.lt\",\"url\":\"https:\/\/skaitytaknyga.lt\/\",\"logo\":{\"@type\":\"ImageObject\",\"inLanguage\":\"en-GB\",\"@id\":\"https:\/\/skaitytaknyga.lt\/#\/schema\/logo\/image\/\",\"url\":\"https:\/\/skaitytaknyga.lt\/wp-content\/uploads\/2024\/05\/cropped-cropped-cropped-02_00843_jt3bggkj1j3HLc7SyY6rEUpg.jpeg\",\"contentUrl\":\"https:\/\/skaitytaknyga.lt\/wp-content\/uploads\/2024\/05\/cropped-cropped-cropped-02_00843_jt3bggkj1j3HLc7SyY6rEUpg.jpeg\",\"width\":1600,\"height\":1600,\"caption\":\"skaitytaknyga.lt\"},\"image\":{\"@id\":\"https:\/\/skaitytaknyga.lt\/#\/schema\/logo\/image\/\"},\"sameAs\":[\"https:\/\/www.facebook.com\/skaitytaknyga\/\"]}]}<\/script>\n<!-- \/ Yoast SEO plugin. -->","yoast_head_json":{"title":"Sveiki kaulai, raumenys ir s\u0105nariai","description":"Kaip i\u0161likti veikliems ir lankstiems vis\u0105 gyvenim\u0105 Tai i\u0161samus vadovas norintiems gyventi sveikai ir d\u017eiaugtis gyvenimu. I\u0161moksite daug paprast\u0173 prakti\u0161k\u0173","robots":{"index":"index","follow":"follow","max-snippet":"max-snippet:-1","max-image-preview":"max-image-preview:large","max-video-preview":"max-video-preview:-1"},"canonical":"https:\/\/skaitytaknyga.lt\/en\/produktas\/sveiki-kaulai-raumenys-ir-sanariai\/","og_locale":"en_GB","og_type":"article","og_title":"[:lt]Sveiki kaulai, raumenys ir s\u0105nariai[:] - Skaitytaknyga","og_description":"Kaip i\u0161likti veikliems ir lankstiems vis\u0105 gyvenim\u0105 Tai i\u0161samus vadovas norintiems gyventi sveikai ir d\u017eiaugtis gyvenimu. I\u0161moksite daug paprast\u0173 prakti\u0161k\u0173","og_url":"https:\/\/skaitytaknyga.lt\/en\/produktas\/sveiki-kaulai-raumenys-ir-sanariai\/","og_site_name":"Skaitytaknyga","article_publisher":"https:\/\/www.facebook.com\/skaitytaknyga\/","article_modified_time":"2025-09-06T08:54:50+00:00","og_image":[{"width":934,"height":801,"url":"https:\/\/skaitytaknyga.lt\/wp-content\/uploads\/2025\/08\/Sveiki-kaulai-raumenys-ir-sanariai-1.webp","type":"image\/webp"}],"twitter_card":"summary_large_image","schema":{"@context":"https:\/\/schema.org","@graph":[{"@type":"WebPage","@id":"https:\/\/skaitytaknyga.lt\/produktas\/sveiki-kaulai-raumenys-ir-sanariai\/","url":"https:\/\/skaitytaknyga.lt\/produktas\/sveiki-kaulai-raumenys-ir-sanariai\/","name":"Sveiki kaulai, raumenys ir s\u0105nariai","isPartOf":{"@id":"https:\/\/skaitytaknyga.lt\/#website"},"primaryImageOfPage":{"@id":"https:\/\/skaitytaknyga.lt\/produktas\/sveiki-kaulai-raumenys-ir-sanariai\/#primaryimage"},"image":{"@id":"https:\/\/skaitytaknyga.lt\/produktas\/sveiki-kaulai-raumenys-ir-sanariai\/#primaryimage"},"thumbnailUrl":"https:\/\/skaitytaknyga.lt\/wp-content\/uploads\/2025\/08\/Sveiki-kaulai-raumenys-ir-sanariai-1.webp","datePublished":"2025-08-07T10:07:38+00:00","dateModified":"2025-09-06T08:54:50+00:00","description":"Kaip i\u0161likti veikliems ir lankstiems vis\u0105 gyvenim\u0105 Tai i\u0161samus vadovas norintiems gyventi sveikai ir d\u017eiaugtis gyvenimu. I\u0161moksite daug paprast\u0173 prakti\u0161k\u0173","breadcrumb":{"@id":"https:\/\/skaitytaknyga.lt\/produktas\/sveiki-kaulai-raumenys-ir-sanariai\/#breadcrumb"},"inLanguage":"en-GB","potentialAction":[{"@type":"ReadAction","target":["https:\/\/skaitytaknyga.lt\/produktas\/sveiki-kaulai-raumenys-ir-sanariai\/"]}]},{"@type":"ImageObject","inLanguage":"en-GB","@id":"https:\/\/skaitytaknyga.lt\/produktas\/sveiki-kaulai-raumenys-ir-sanariai\/#primaryimage","url":"https:\/\/skaitytaknyga.lt\/wp-content\/uploads\/2025\/08\/Sveiki-kaulai-raumenys-ir-sanariai-1.webp","contentUrl":"https:\/\/skaitytaknyga.lt\/wp-content\/uploads\/2025\/08\/Sveiki-kaulai-raumenys-ir-sanariai-1.webp","width":934,"height":801,"caption":"Sveiki kaulai, raumenys ir s\u0105nariai"},{"@type":"BreadcrumbList","@id":"https:\/\/skaitytaknyga.lt\/produktas\/sveiki-kaulai-raumenys-ir-sanariai\/#breadcrumb","itemListElement":[{"@type":"ListItem","position":1,"name":"Home","item":"https:\/\/skaitytaknyga.lt\/"},{"@type":"ListItem","position":2,"name":"Parduotuv\u0117","item":"https:\/\/skaitytaknyga.lt\/knygu-parduotuve\/"},{"@type":"ListItem","position":3,"name":"Sveiki kaulai, raumenys ir s\u0105nariai"}]},{"@type":"WebSite","@id":"https:\/\/skaitytaknyga.lt\/#website","url":"https:\/\/skaitytaknyga.lt\/","name":"skaitytaknyga.lt","description":"Skaitytaknyga.lt \u2013 tai ma\u017eas \u0161eimos verslas, kuris prasid\u0117jo nuo meil\u0117s knygoms ir siekio i\u0161gelb\u0117ti knygas nuo likimo prie konteinerio. Kas vienam nereikalingas daiktas \u2013 kitam lobis, o mes esame tarpininkai, kurie padeda abiems tapti laimingesniems ???? \u017dinome kaip nelengva i\u0161gyventi ma\u017eiems verslams, tad nuo \u0161iol, \u010dia rasite ir kit\u0173, ma\u017e\u0173 \u0161eim\u0173 versl\u0173, rank\u0173 darbo, dovan\u0173 sau ir artimiesiems.","publisher":{"@id":"https:\/\/skaitytaknyga.lt\/#organization"},"potentialAction":[{"@type":"SearchAction","target":{"@type":"EntryPoint","urlTemplate":"https:\/\/skaitytaknyga.lt\/?s={search_term_string}"},"query-input":{"@type":"PropertyValueSpecification","valueRequired":true,"valueName":"search_term_string"}}],"inLanguage":"en-GB"},{"@type":"Organization","@id":"https:\/\/skaitytaknyga.lt\/#organization","name":"skaitytaknyga.lt","url":"https:\/\/skaitytaknyga.lt\/","logo":{"@type":"ImageObject","inLanguage":"en-GB","@id":"https:\/\/skaitytaknyga.lt\/#\/schema\/logo\/image\/","url":"https:\/\/skaitytaknyga.lt\/wp-content\/uploads\/2024\/05\/cropped-cropped-cropped-02_00843_jt3bggkj1j3HLc7SyY6rEUpg.jpeg","contentUrl":"https:\/\/skaitytaknyga.lt\/wp-content\/uploads\/2024\/05\/cropped-cropped-cropped-02_00843_jt3bggkj1j3HLc7SyY6rEUpg.jpeg","width":1600,"height":1600,"caption":"skaitytaknyga.lt"},"image":{"@id":"https:\/\/skaitytaknyga.lt\/#\/schema\/logo\/image\/"},"sameAs":["https:\/\/www.facebook.com\/skaitytaknyga\/"]}]}},"_links":{"self":[{"href":"https:\/\/skaitytaknyga.lt\/en\/wp-json\/wp\/v2\/product\/20275","targetHints":{"allow":["GET"]}}],"collection":[{"href":"https:\/\/skaitytaknyga.lt\/en\/wp-json\/wp\/v2\/product"}],"about":[{"href":"https:\/\/skaitytaknyga.lt\/en\/wp-json\/wp\/v2\/types\/product"}],"replies":[{"embeddable":true,"href":"https:\/\/skaitytaknyga.lt\/en\/wp-json\/wp\/v2\/comments?post=20275"}],"wp:featuredmedia":[{"embeddable":true,"href":"https:\/\/skaitytaknyga.lt\/en\/wp-json\/wp\/v2\/media\/20283"}],"wp:attachment":[{"href":"https:\/\/skaitytaknyga.lt\/en\/wp-json\/wp\/v2\/media?parent=20275"}],"wp:term":[{"taxonomy":"product_brand","embeddable":true,"href":"https:\/\/skaitytaknyga.lt\/en\/wp-json\/wp\/v2\/product_brand?post=20275"},{"taxonomy":"product_cat","embeddable":true,"href":"https:\/\/skaitytaknyga.lt\/en\/wp-json\/wp\/v2\/product_cat?post=20275"},{"taxonomy":"product_tag","embeddable":true,"href":"https:\/\/skaitytaknyga.lt\/en\/wp-json\/wp\/v2\/product_tag?post=20275"}],"curies":[{"name":"wp","href":"https:\/\/api.w.org\/{rel}","templated":true}]}}