{"id":20272,"date":"2025-08-07T13:07:37","date_gmt":"2025-08-07T10:07:37","guid":{"rendered":"https:\/\/skaitytaknyga.lt\/?post_type=product&#038;p=20272"},"modified":"2025-09-06T11:54:50","modified_gmt":"2025-09-06T08:54:50","slug":"dievo-neturtelis","status":"publish","type":"product","link":"https:\/\/skaitytaknyga.lt\/en\/produktas\/dievo-neturtelis\/","title":{"rendered":"Dievo neturt\u0117lis"},"content":{"rendered":"<p>Nikos Kazantzakis (1885-1957) &#8211; vienas k\u016brybingiausi\u0173 XX a. graik\u0173 autori\u0173 &#8211; praturtino graik\u0173 literat\u016br\u0105 savo es\u0117 ir poezijos rinktin\u0117mis, romanais, pjes\u0117mis, kelioni\u0173 apybrai\u017eomis ir daugeliu svarbi\u0173 klasikos vertim\u0173. Lietuvi\u0173 skaitytojams \u0161is autorius pa\u017e\u012fstamas i\u0161 knyg\u0173 \u201eV\u0117l Krist\u0173 kala ant kry\u017eiaus\u201c (1964), \u201ePaskutinis gundymas\u201c (1997), \u201eAsketika: Salvatores Dei\u201c (2001), \u201eKapitonas Michalis\u201c (2002).<\/p>\n<p>Romanas \u201eDievo neturt\u0117lis\u201c &#8211; tai pasakojimas apie \u0160v. Pranci\u0161kaus Asy\u017eie\u010dio gyvenim\u0105, brol\u012f Leon\u0105 ir mylim\u0105j\u0105 Klar\u0105. K\u016brinys kupinas kelion\u0117s nuotyki\u0173, \u017emogi\u0161k\u0173 i\u0161gyvenim\u0173 ir asketi\u0161kos buities apra\u0161ym\u0173, kurie, atrodo, nieko bendra neturi su \u0161ventumu ir mistika. Ta\u010diau kuo giliau grimzti \u012f praeit\u012f, tuo stipresnis meditacijos poj\u016btis. Visa &#8211; ir \u017emogaus kan\u010dia, ir \u0161ventumas &#8211; link\u0119 kartotis ir atsinaujinti. Tai g\u0105sdina ir guod\u017eia.<\/p>\n","protected":false},"excerpt":{"rendered":"<p>Nikos Kazantzakis (1885-1957) &#8211; vienas k\u016brybingiausi\u0173 XX a. graik\u0173 autori\u0173 &#8211; praturtino graik\u0173 literat\u016br\u0105 savo es\u0117 ir poezijos rinktin\u0117mis, romanais, pjes\u0117mis, kelioni\u0173 apybrai\u017eomis ir daugeliu svarbi\u0173 klasikos vertim\u0173. Lietuvi\u0173 skaitytojams \u0161is autorius pa\u017e\u012fstamas i\u0161 knyg\u0173 \u201eV\u0117l Krist\u0173 kala ant kry\u017eiaus\u201c (1964), \u201ePaskutinis gundymas\u201c (1997), \u201eAsketika: Salvatores Dei\u201c (2001), \u201eKapitonas Michalis\u201c (2002). Romanas \u201eDievo neturt\u0117lis\u201c &#8211; tai pasakojimas apie \u0160v. Pranci\u0161kaus Asy\u017eie\u010dio gyvenim\u0105, brol\u012f Leon\u0105 ir mylim\u0105j\u0105 Klar\u0105. K\u016brinys kupinas kelion\u0117s nuotyki\u0173, \u017emogi\u0161k\u0173 i\u0161gyvenim\u0173 ir asketi\u0161kos buities apra\u0161ym\u0173, kurie, atrodo, nieko bendra neturi su \u0161ventumu ir mistika. Ta\u010diau kuo giliau grimzti \u012f praeit\u012f, tuo stipresnis meditacijos poj\u016btis. Visa &#8211; ir \u017emogaus kan\u010dia, ir \u0161ventumas &#8211; link\u0119 kartotis ir atsinaujinti. Tai g\u0105sdina ir guod\u017eia.<\/p>\n","protected":false},"featured_media":20277,"comment_status":"open","ping_status":"closed","template":"","meta":{"_acf_changed":false,"site-sidebar-layout":"default","site-content-layout":"","ast-site-content-layout":"default","site-content-style":"default","site-sidebar-style":"default","ast-global-header-display":"","ast-banner-title-visibility":"","ast-main-header-display":"","ast-hfb-above-header-display":"","ast-hfb-below-header-display":"","ast-hfb-mobile-header-display":"","site-post-title":"","ast-breadcrumbs-content":"","ast-featured-img":"","footer-sml-layout":"","ast-disable-related-posts":"","theme-transparent-header-meta":"","adv-header-id-meta":"","stick-header-meta":"","header-above-stick-meta":"","header-main-stick-meta":"","header-below-stick-meta":"","astra-migrate-meta-layouts":"default","ast-page-background-enabled":"default","ast-page-background-meta":{"desktop":{"background-color":"","background-image":"","background-repeat":"repeat","background-position":"center center","background-size":"auto","background-attachment":"scroll","background-type":"","background-media":"","overlay-type":"","overlay-color":"","overlay-opacity":"","overlay-gradient":""},"tablet":{"background-color":"","background-image":"","background-repeat":"repeat","background-position":"center center","background-size":"auto","background-attachment":"scroll","background-type":"","background-media":"","overlay-type":"","overlay-color":"","overlay-opacity":"","overlay-gradient":""},"mobile":{"background-color":"","background-image":"","background-repeat":"repeat","background-position":"center center","background-size":"auto","background-attachment":"scroll","background-type":"","background-media":"","overlay-type":"","overlay-color":"","overlay-opacity":"","overlay-gradient":""}},"ast-content-background-meta":{"desktop":{"background-color":"var(--ast-global-color-4)","background-image":"","background-repeat":"repeat","background-position":"center center","background-size":"auto","background-attachment":"scroll","background-type":"","background-media":"","overlay-type":"","overlay-color":"","overlay-opacity":"","overlay-gradient":""},"tablet":{"background-color":"var(--ast-global-color-4)","background-image":"","background-repeat":"repeat","background-position":"center center","background-size":"auto","background-attachment":"scroll","background-type":"","background-media":"","overlay-type":"","overlay-color":"","overlay-opacity":"","overlay-gradient":""},"mobile":{"background-color":"var(--ast-global-color-4)","background-image":"","background-repeat":"repeat","background-position":"center center","background-size":"auto","background-attachment":"scroll","background-type":"","background-media":"","overlay-type":"","overlay-color":"","overlay-opacity":"","overlay-gradient":""}}},"product_brand":[],"product_cat":[15],"product_tag":[6829,1445,7994,7995,7996],"class_list":{"0":"post-20272","1":"product","2":"type-product","3":"status-publish","4":"has-post-thumbnail","6":"product_cat-uncategorized","7":"product_tag-asketizmas","8":"product_tag-keliones","9":"product_tag-nikos-kazantzakis-religija","10":"product_tag-sv-pranciskus","11":"product_tag-zmogaus-isgyvenimai","12":"desktop-align-left","13":"tablet-align-left","14":"mobile-align-left","16":"first","17":"outofstock","18":"shipping-taxable","19":"purchasable","20":"product-type-simple"},"acf":[],"yoast_head":"<!-- This site is optimized with the Yoast SEO plugin v27.0 - https:\/\/yoast.com\/product\/yoast-seo-wordpress\/ -->\n<title>Dievo neturt\u0117lis<\/title>\n<meta name=\"description\" content=\"Nikos Kazantzakis (1885-1957) - vienas k\u016brybingiausi\u0173 XX a. graik\u0173 autori\u0173 - praturtino graik\u0173 literat\u016br\u0105 savo es\u0117 ir poezijos rinktin\u0117mis, romanais,\" \/>\n<meta name=\"robots\" content=\"index, follow, max-snippet:-1, max-image-preview:large, max-video-preview:-1\" \/>\n<link rel=\"canonical\" href=\"https:\/\/skaitytaknyga.lt\/en\/produktas\/dievo-neturtelis\/\" \/>\n<meta property=\"og:locale\" content=\"en_GB\" \/>\n<meta property=\"og:locale:alternate\" content=\"lt_LT\" \/>\n<meta property=\"og:type\" content=\"article\" \/>\n<meta property=\"og:title\" content=\"Dievo neturt\u0117lis\" \/>\n<meta property=\"og:description\" content=\"Nikos Kazantzakis (1885-1957) - vienas k\u016brybingiausi\u0173 XX a. graik\u0173 autori\u0173 - praturtino graik\u0173 literat\u016br\u0105 savo es\u0117 ir poezijos rinktin\u0117mis, romanais,\" \/>\n<meta property=\"og:url\" content=\"https:\/\/skaitytaknyga.lt\/en\/produktas\/dievo-neturtelis\/\" \/>\n<meta property=\"og:site_name\" content=\"Skaitytaknyga\" \/>\n<meta property=\"article:publisher\" content=\"https:\/\/www.facebook.com\/skaitytaknyga\/\" \/>\n<meta property=\"article:modified_time\" content=\"2025-09-06T08:54:50+00:00\" \/>\n<meta property=\"og:image\" content=\"https:\/\/skaitytaknyga.lt\/wp-content\/uploads\/2025\/08\/Dievo-neturtelis-1.webp\" \/>\n\t<meta property=\"og:image:width\" content=\"518\" \/>\n\t<meta property=\"og:image:height\" content=\"801\" \/>\n\t<meta property=\"og:image:type\" content=\"image\/webp\" \/>\n<meta name=\"twitter:card\" content=\"summary_large_image\" \/>\n<meta name=\"twitter:label1\" content=\"Estimated reading time\" \/>\n\t<meta name=\"twitter:data1\" content=\"1 minute\" \/>\n<script type=\"application\/ld+json\" class=\"yoast-schema-graph\">{\"@context\":\"https:\/\/schema.org\",\"@graph\":[{\"@type\":\"WebPage\",\"@id\":\"https:\/\/skaitytaknyga.lt\/produktas\/dievo-neturtelis\/\",\"url\":\"https:\/\/skaitytaknyga.lt\/produktas\/dievo-neturtelis\/\",\"name\":\"Dievo neturt\u0117lis\",\"isPartOf\":{\"@id\":\"https:\/\/skaitytaknyga.lt\/#website\"},\"primaryImageOfPage\":{\"@id\":\"https:\/\/skaitytaknyga.lt\/produktas\/dievo-neturtelis\/#primaryimage\"},\"image\":{\"@id\":\"https:\/\/skaitytaknyga.lt\/produktas\/dievo-neturtelis\/#primaryimage\"},\"thumbnailUrl\":\"https:\/\/skaitytaknyga.lt\/wp-content\/uploads\/2025\/08\/Dievo-neturtelis-1.webp\",\"datePublished\":\"2025-08-07T10:07:37+00:00\",\"dateModified\":\"2025-09-06T08:54:50+00:00\",\"description\":\"Nikos Kazantzakis (1885-1957) - vienas k\u016brybingiausi\u0173 XX a. graik\u0173 autori\u0173 - praturtino graik\u0173 literat\u016br\u0105 savo es\u0117 ir poezijos rinktin\u0117mis, romanais,\",\"breadcrumb\":{\"@id\":\"https:\/\/skaitytaknyga.lt\/produktas\/dievo-neturtelis\/#breadcrumb\"},\"inLanguage\":\"en-GB\",\"potentialAction\":[{\"@type\":\"ReadAction\",\"target\":[\"https:\/\/skaitytaknyga.lt\/produktas\/dievo-neturtelis\/\"]}]},{\"@type\":\"ImageObject\",\"inLanguage\":\"en-GB\",\"@id\":\"https:\/\/skaitytaknyga.lt\/produktas\/dievo-neturtelis\/#primaryimage\",\"url\":\"https:\/\/skaitytaknyga.lt\/wp-content\/uploads\/2025\/08\/Dievo-neturtelis-1.webp\",\"contentUrl\":\"https:\/\/skaitytaknyga.lt\/wp-content\/uploads\/2025\/08\/Dievo-neturtelis-1.webp\",\"width\":518,\"height\":801,\"caption\":\"Dievo neturt\u0117lis\"},{\"@type\":\"BreadcrumbList\",\"@id\":\"https:\/\/skaitytaknyga.lt\/produktas\/dievo-neturtelis\/#breadcrumb\",\"itemListElement\":[{\"@type\":\"ListItem\",\"position\":1,\"name\":\"Home\",\"item\":\"https:\/\/skaitytaknyga.lt\/\"},{\"@type\":\"ListItem\",\"position\":2,\"name\":\"Parduotuv\u0117\",\"item\":\"https:\/\/skaitytaknyga.lt\/knygu-parduotuve\/\"},{\"@type\":\"ListItem\",\"position\":3,\"name\":\"Dievo neturt\u0117lis\"}]},{\"@type\":\"WebSite\",\"@id\":\"https:\/\/skaitytaknyga.lt\/#website\",\"url\":\"https:\/\/skaitytaknyga.lt\/\",\"name\":\"skaitytaknyga.lt\",\"description\":\"Skaitytaknyga.lt \u2013 tai ma\u017eas \u0161eimos verslas, kuris prasid\u0117jo nuo meil\u0117s knygoms ir siekio i\u0161gelb\u0117ti knygas nuo likimo prie konteinerio. Kas vienam nereikalingas daiktas \u2013 kitam lobis, o mes esame tarpininkai, kurie padeda abiems tapti laimingesniems ???? \u017dinome kaip nelengva i\u0161gyventi ma\u017eiems verslams, tad nuo \u0161iol, \u010dia rasite ir kit\u0173, ma\u017e\u0173 \u0161eim\u0173 versl\u0173, rank\u0173 darbo, dovan\u0173 sau ir artimiesiems.\",\"publisher\":{\"@id\":\"https:\/\/skaitytaknyga.lt\/#organization\"},\"potentialAction\":[{\"@type\":\"SearchAction\",\"target\":{\"@type\":\"EntryPoint\",\"urlTemplate\":\"https:\/\/skaitytaknyga.lt\/?s={search_term_string}\"},\"query-input\":{\"@type\":\"PropertyValueSpecification\",\"valueRequired\":true,\"valueName\":\"search_term_string\"}}],\"inLanguage\":\"en-GB\"},{\"@type\":\"Organization\",\"@id\":\"https:\/\/skaitytaknyga.lt\/#organization\",\"name\":\"skaitytaknyga.lt\",\"url\":\"https:\/\/skaitytaknyga.lt\/\",\"logo\":{\"@type\":\"ImageObject\",\"inLanguage\":\"en-GB\",\"@id\":\"https:\/\/skaitytaknyga.lt\/#\/schema\/logo\/image\/\",\"url\":\"https:\/\/skaitytaknyga.lt\/wp-content\/uploads\/2024\/05\/cropped-cropped-cropped-02_00843_jt3bggkj1j3HLc7SyY6rEUpg.jpeg\",\"contentUrl\":\"https:\/\/skaitytaknyga.lt\/wp-content\/uploads\/2024\/05\/cropped-cropped-cropped-02_00843_jt3bggkj1j3HLc7SyY6rEUpg.jpeg\",\"width\":1600,\"height\":1600,\"caption\":\"skaitytaknyga.lt\"},\"image\":{\"@id\":\"https:\/\/skaitytaknyga.lt\/#\/schema\/logo\/image\/\"},\"sameAs\":[\"https:\/\/www.facebook.com\/skaitytaknyga\/\"]}]}<\/script>\n<!-- \/ Yoast SEO plugin. -->","yoast_head_json":{"title":"Dievo neturt\u0117lis","description":"Nikos Kazantzakis (1885-1957) - vienas k\u016brybingiausi\u0173 XX a. graik\u0173 autori\u0173 - praturtino graik\u0173 literat\u016br\u0105 savo es\u0117 ir poezijos rinktin\u0117mis, romanais,","robots":{"index":"index","follow":"follow","max-snippet":"max-snippet:-1","max-image-preview":"max-image-preview:large","max-video-preview":"max-video-preview:-1"},"canonical":"https:\/\/skaitytaknyga.lt\/en\/produktas\/dievo-neturtelis\/","og_locale":"en_GB","og_type":"article","og_title":"[:lt]Dievo neturt\u0117lis[:] - Skaitytaknyga","og_description":"Nikos Kazantzakis (1885-1957) - vienas k\u016brybingiausi\u0173 XX a. graik\u0173 autori\u0173 - praturtino graik\u0173 literat\u016br\u0105 savo es\u0117 ir poezijos rinktin\u0117mis, romanais,","og_url":"https:\/\/skaitytaknyga.lt\/en\/produktas\/dievo-neturtelis\/","og_site_name":"Skaitytaknyga","article_publisher":"https:\/\/www.facebook.com\/skaitytaknyga\/","article_modified_time":"2025-09-06T08:54:50+00:00","og_image":[{"width":518,"height":801,"url":"https:\/\/skaitytaknyga.lt\/wp-content\/uploads\/2025\/08\/Dievo-neturtelis-1.webp","type":"image\/webp"}],"twitter_card":"summary_large_image","twitter_misc":{"Estimated reading time":"1 minute"},"schema":{"@context":"https:\/\/schema.org","@graph":[{"@type":"WebPage","@id":"https:\/\/skaitytaknyga.lt\/produktas\/dievo-neturtelis\/","url":"https:\/\/skaitytaknyga.lt\/produktas\/dievo-neturtelis\/","name":"Dievo neturt\u0117lis","isPartOf":{"@id":"https:\/\/skaitytaknyga.lt\/#website"},"primaryImageOfPage":{"@id":"https:\/\/skaitytaknyga.lt\/produktas\/dievo-neturtelis\/#primaryimage"},"image":{"@id":"https:\/\/skaitytaknyga.lt\/produktas\/dievo-neturtelis\/#primaryimage"},"thumbnailUrl":"https:\/\/skaitytaknyga.lt\/wp-content\/uploads\/2025\/08\/Dievo-neturtelis-1.webp","datePublished":"2025-08-07T10:07:37+00:00","dateModified":"2025-09-06T08:54:50+00:00","description":"Nikos Kazantzakis (1885-1957) - vienas k\u016brybingiausi\u0173 XX a. graik\u0173 autori\u0173 - praturtino graik\u0173 literat\u016br\u0105 savo es\u0117 ir poezijos rinktin\u0117mis, romanais,","breadcrumb":{"@id":"https:\/\/skaitytaknyga.lt\/produktas\/dievo-neturtelis\/#breadcrumb"},"inLanguage":"en-GB","potentialAction":[{"@type":"ReadAction","target":["https:\/\/skaitytaknyga.lt\/produktas\/dievo-neturtelis\/"]}]},{"@type":"ImageObject","inLanguage":"en-GB","@id":"https:\/\/skaitytaknyga.lt\/produktas\/dievo-neturtelis\/#primaryimage","url":"https:\/\/skaitytaknyga.lt\/wp-content\/uploads\/2025\/08\/Dievo-neturtelis-1.webp","contentUrl":"https:\/\/skaitytaknyga.lt\/wp-content\/uploads\/2025\/08\/Dievo-neturtelis-1.webp","width":518,"height":801,"caption":"Dievo neturt\u0117lis"},{"@type":"BreadcrumbList","@id":"https:\/\/skaitytaknyga.lt\/produktas\/dievo-neturtelis\/#breadcrumb","itemListElement":[{"@type":"ListItem","position":1,"name":"Home","item":"https:\/\/skaitytaknyga.lt\/"},{"@type":"ListItem","position":2,"name":"Parduotuv\u0117","item":"https:\/\/skaitytaknyga.lt\/knygu-parduotuve\/"},{"@type":"ListItem","position":3,"name":"Dievo neturt\u0117lis"}]},{"@type":"WebSite","@id":"https:\/\/skaitytaknyga.lt\/#website","url":"https:\/\/skaitytaknyga.lt\/","name":"skaitytaknyga.lt","description":"Skaitytaknyga.lt \u2013 tai ma\u017eas \u0161eimos verslas, kuris prasid\u0117jo nuo meil\u0117s knygoms ir siekio i\u0161gelb\u0117ti knygas nuo likimo prie konteinerio. Kas vienam nereikalingas daiktas \u2013 kitam lobis, o mes esame tarpininkai, kurie padeda abiems tapti laimingesniems ???? \u017dinome kaip nelengva i\u0161gyventi ma\u017eiems verslams, tad nuo \u0161iol, \u010dia rasite ir kit\u0173, ma\u017e\u0173 \u0161eim\u0173 versl\u0173, rank\u0173 darbo, dovan\u0173 sau ir artimiesiems.","publisher":{"@id":"https:\/\/skaitytaknyga.lt\/#organization"},"potentialAction":[{"@type":"SearchAction","target":{"@type":"EntryPoint","urlTemplate":"https:\/\/skaitytaknyga.lt\/?s={search_term_string}"},"query-input":{"@type":"PropertyValueSpecification","valueRequired":true,"valueName":"search_term_string"}}],"inLanguage":"en-GB"},{"@type":"Organization","@id":"https:\/\/skaitytaknyga.lt\/#organization","name":"skaitytaknyga.lt","url":"https:\/\/skaitytaknyga.lt\/","logo":{"@type":"ImageObject","inLanguage":"en-GB","@id":"https:\/\/skaitytaknyga.lt\/#\/schema\/logo\/image\/","url":"https:\/\/skaitytaknyga.lt\/wp-content\/uploads\/2024\/05\/cropped-cropped-cropped-02_00843_jt3bggkj1j3HLc7SyY6rEUpg.jpeg","contentUrl":"https:\/\/skaitytaknyga.lt\/wp-content\/uploads\/2024\/05\/cropped-cropped-cropped-02_00843_jt3bggkj1j3HLc7SyY6rEUpg.jpeg","width":1600,"height":1600,"caption":"skaitytaknyga.lt"},"image":{"@id":"https:\/\/skaitytaknyga.lt\/#\/schema\/logo\/image\/"},"sameAs":["https:\/\/www.facebook.com\/skaitytaknyga\/"]}]}},"_links":{"self":[{"href":"https:\/\/skaitytaknyga.lt\/en\/wp-json\/wp\/v2\/product\/20272","targetHints":{"allow":["GET"]}}],"collection":[{"href":"https:\/\/skaitytaknyga.lt\/en\/wp-json\/wp\/v2\/product"}],"about":[{"href":"https:\/\/skaitytaknyga.lt\/en\/wp-json\/wp\/v2\/types\/product"}],"replies":[{"embeddable":true,"href":"https:\/\/skaitytaknyga.lt\/en\/wp-json\/wp\/v2\/comments?post=20272"}],"wp:featuredmedia":[{"embeddable":true,"href":"https:\/\/skaitytaknyga.lt\/en\/wp-json\/wp\/v2\/media\/20277"}],"wp:attachment":[{"href":"https:\/\/skaitytaknyga.lt\/en\/wp-json\/wp\/v2\/media?parent=20272"}],"wp:term":[{"taxonomy":"product_brand","embeddable":true,"href":"https:\/\/skaitytaknyga.lt\/en\/wp-json\/wp\/v2\/product_brand?post=20272"},{"taxonomy":"product_cat","embeddable":true,"href":"https:\/\/skaitytaknyga.lt\/en\/wp-json\/wp\/v2\/product_cat?post=20272"},{"taxonomy":"product_tag","embeddable":true,"href":"https:\/\/skaitytaknyga.lt\/en\/wp-json\/wp\/v2\/product_tag?post=20272"}],"curies":[{"name":"wp","href":"https:\/\/api.w.org\/{rel}","templated":true}]}}