{"id":20267,"date":"2025-08-07T12:56:26","date_gmt":"2025-08-07T09:56:26","guid":{"rendered":"https:\/\/skaitytaknyga.lt\/?post_type=product&#038;p=20267"},"modified":"2025-09-06T11:54:50","modified_gmt":"2025-09-06T08:54:50","slug":"mamos-namu-virtuve","status":"publish","type":"product","link":"https:\/\/skaitytaknyga.lt\/en\/produktas\/mamos-namu-virtuve\/","title":{"rendered":"Mamos nam\u0173 virtuv\u0117"},"content":{"rendered":"<p>Mamos nam\u0173 virtuv\u0117 turb\u016bt yra ta vieta, kuri kelia pa\u010dius \u0161il\u010diausius, mieliausius prisiminimus kiekvienam i\u0161 m\u016bs\u0173. Joje vyksta patys did\u017eiausi stebuklai, gaminami patys skaniausi valgiai!<\/p>\n<p>\u012e \u0161i\u0105 knyg\u0105 sud\u0117jome 150 skaitytoj\u0173 atsi\u0173st\u0173 m\u0117gstamiausi\u0173 \u0161eimos valgi\u0173 recept\u0173: duonos, u\u017ekand\u017ei\u0173, salot\u0173, sriub\u0173, kar\u0161t\u0173j\u0173 patiekal\u0173, saldumyn\u0173, g\u0117rim\u0173.<\/p>\n<p>Vieni receptai paveld\u0117ti, keliav\u0119 i\u0161 kartos \u012f kart\u0105, gyvi ne vien\u0105 \u0161imtmet\u012f. Kiti \u2013 \u0161iuolaiki\u0161ki, sugalvoti pa\u010di\u0173 skaitytoj\u0173 ie\u0161kant sveikesni\u0173 produkt\u0173 ar ilgai tobulinti. Treti \u2013 parsive\u017eti i\u0161 kelioni\u0173 ar atkeliav\u0119 i\u0161 kit\u0173 \u0161ali\u0173 kartu su sutuoktiniais! Receptai suplauk\u0117 i\u0161 \u012fvairi\u0173 Lietuvos kampeli\u0173, juos siunt\u0117 ir m\u016bs\u0173 tautie\u010diai, gyvenantys Airijoje, Vokietijoje, Ispanijoje.<\/p>\n<p>Taigi praverkime mam\u0173 virtuvi\u0173 duris ir pasidairykime, k\u0105 jos gamina, \u2013 galb\u016bt nuo \u0161iandien j\u016bs\u0173 m\u0117gstam\u0173 valgi\u0173 s\u0105ra\u0161as pasipildys ne vienu nuostabiu patiekalu!<\/p>\n","protected":false},"excerpt":{"rendered":"<p>Mamos nam\u0173 virtuv\u0117 turb\u016bt yra ta vieta, kuri kelia pa\u010dius \u0161il\u010diausius, mieliausius prisiminimus kiekvienam i\u0161 m\u016bs\u0173. Joje vyksta patys did\u017eiausi stebuklai, gaminami patys skaniausi valgiai! \u012e \u0161i\u0105 knyg\u0105 sud\u0117jome 150 skaitytoj\u0173 atsi\u0173st\u0173 m\u0117gstamiausi\u0173 \u0161eimos valgi\u0173 recept\u0173: duonos, u\u017ekand\u017ei\u0173, salot\u0173, sriub\u0173, kar\u0161t\u0173j\u0173 patiekal\u0173, saldumyn\u0173, g\u0117rim\u0173. Vieni receptai paveld\u0117ti, keliav\u0119 i\u0161 kartos \u012f kart\u0105, gyvi ne vien\u0105 \u0161imtmet\u012f. Kiti \u2013 \u0161iuolaiki\u0161ki, sugalvoti pa\u010di\u0173 skaitytoj\u0173 ie\u0161kant sveikesni\u0173 produkt\u0173 ar ilgai tobulinti. Treti \u2013 parsive\u017eti i\u0161 kelioni\u0173 ar atkeliav\u0119 i\u0161 kit\u0173 \u0161ali\u0173 kartu su sutuoktiniais! Receptai suplauk\u0117 i\u0161 \u012fvairi\u0173 Lietuvos kampeli\u0173, juos siunt\u0117 ir m\u016bs\u0173 tautie\u010diai, gyvenantys Airijoje, Vokietijoje, Ispanijoje. Taigi praverkime mam\u0173 virtuvi\u0173 duris ir pasidairykime, k\u0105 jos gamina, \u2013 galb\u016bt nuo \u0161iandien j\u016bs\u0173 m\u0117gstam\u0173 valgi\u0173 s\u0105ra\u0161as pasipildys ne vienu nuostabiu patiekalu!<\/p>\n","protected":false},"featured_media":20278,"comment_status":"open","ping_status":"closed","template":"","meta":{"_acf_changed":false,"site-sidebar-layout":"default","site-content-layout":"","ast-site-content-layout":"default","site-content-style":"default","site-sidebar-style":"default","ast-global-header-display":"","ast-banner-title-visibility":"","ast-main-header-display":"","ast-hfb-above-header-display":"","ast-hfb-below-header-display":"","ast-hfb-mobile-header-display":"","site-post-title":"","ast-breadcrumbs-content":"","ast-featured-img":"","footer-sml-layout":"","ast-disable-related-posts":"","theme-transparent-header-meta":"","adv-header-id-meta":"","stick-header-meta":"","header-above-stick-meta":"","header-main-stick-meta":"","header-below-stick-meta":"","astra-migrate-meta-layouts":"default","ast-page-background-enabled":"default","ast-page-background-meta":{"desktop":{"background-color":"","background-image":"","background-repeat":"repeat","background-position":"center center","background-size":"auto","background-attachment":"scroll","background-type":"","background-media":"","overlay-type":"","overlay-color":"","overlay-opacity":"","overlay-gradient":""},"tablet":{"background-color":"","background-image":"","background-repeat":"repeat","background-position":"center center","background-size":"auto","background-attachment":"scroll","background-type":"","background-media":"","overlay-type":"","overlay-color":"","overlay-opacity":"","overlay-gradient":""},"mobile":{"background-color":"","background-image":"","background-repeat":"repeat","background-position":"center center","background-size":"auto","background-attachment":"scroll","background-type":"","background-media":"","overlay-type":"","overlay-color":"","overlay-opacity":"","overlay-gradient":""}},"ast-content-background-meta":{"desktop":{"background-color":"var(--ast-global-color-4)","background-image":"","background-repeat":"repeat","background-position":"center center","background-size":"auto","background-attachment":"scroll","background-type":"","background-media":"","overlay-type":"","overlay-color":"","overlay-opacity":"","overlay-gradient":""},"tablet":{"background-color":"var(--ast-global-color-4)","background-image":"","background-repeat":"repeat","background-position":"center center","background-size":"auto","background-attachment":"scroll","background-type":"","background-media":"","overlay-type":"","overlay-color":"","overlay-opacity":"","overlay-gradient":""},"mobile":{"background-color":"var(--ast-global-color-4)","background-image":"","background-repeat":"repeat","background-position":"center center","background-size":"auto","background-attachment":"scroll","background-type":"","background-media":"","overlay-type":"","overlay-color":"","overlay-opacity":"","overlay-gradient":""}}},"product_brand":[],"product_cat":[15],"product_tag":[7993,1881,3297,1883,2807],"class_list":{"0":"post-20267","1":"product","2":"type-product","3":"status-publish","4":"has-post-thumbnail","6":"product_cat-uncategorized","7":"product_tag-mamos-namu-virtuve-seima","8":"product_tag-kulinarija","9":"product_tag-patirtis","10":"product_tag-receptai","11":"product_tag-tradicijos","12":"desktop-align-left","13":"tablet-align-left","14":"mobile-align-left","16":"first","17":"instock","18":"shipping-taxable","19":"purchasable","20":"product-type-simple"},"acf":[],"yoast_head":"<!-- This site is optimized with the Yoast SEO plugin v27.0 - https:\/\/yoast.com\/product\/yoast-seo-wordpress\/ -->\n<title>Mamos nam\u0173 virtuv\u0117<\/title>\n<meta name=\"description\" content=\"Mamos nam\u0173 virtuv\u0117 turb\u016bt yra ta vieta, kuri kelia pa\u010dius \u0161il\u010diausius, mieliausius prisiminimus kiekvienam i\u0161 m\u016bs\u0173. Joje vyksta patys did\u017eiausi stebuklai,\" \/>\n<meta name=\"robots\" content=\"index, follow, max-snippet:-1, max-image-preview:large, max-video-preview:-1\" \/>\n<link rel=\"canonical\" href=\"https:\/\/skaitytaknyga.lt\/en\/produktas\/mamos-namu-virtuve\/\" \/>\n<meta property=\"og:locale\" content=\"en_GB\" \/>\n<meta property=\"og:locale:alternate\" content=\"lt_LT\" \/>\n<meta property=\"og:type\" content=\"article\" \/>\n<meta property=\"og:title\" content=\"Mamos nam\u0173 virtuv\u0117\" \/>\n<meta property=\"og:description\" content=\"Mamos nam\u0173 virtuv\u0117 turb\u016bt yra ta vieta, kuri kelia pa\u010dius \u0161il\u010diausius, mieliausius prisiminimus kiekvienam i\u0161 m\u016bs\u0173. Joje vyksta patys did\u017eiausi stebuklai,\" \/>\n<meta property=\"og:url\" content=\"https:\/\/skaitytaknyga.lt\/en\/produktas\/mamos-namu-virtuve\/\" \/>\n<meta property=\"og:site_name\" content=\"Skaitytaknyga\" \/>\n<meta property=\"article:publisher\" content=\"https:\/\/www.facebook.com\/skaitytaknyga\/\" \/>\n<meta property=\"article:modified_time\" content=\"2025-09-06T08:54:50+00:00\" \/>\n<meta property=\"og:image\" content=\"https:\/\/skaitytaknyga.lt\/wp-content\/uploads\/2025\/08\/Mamos-namu-virtuve-1.webp\" \/>\n\t<meta property=\"og:image:width\" content=\"494\" \/>\n\t<meta property=\"og:image:height\" content=\"698\" \/>\n\t<meta property=\"og:image:type\" content=\"image\/webp\" \/>\n<meta name=\"twitter:card\" content=\"summary_large_image\" \/>\n<meta name=\"twitter:label1\" content=\"Estimated reading time\" \/>\n\t<meta name=\"twitter:data1\" content=\"1 minute\" \/>\n<script type=\"application\/ld+json\" class=\"yoast-schema-graph\">{\"@context\":\"https:\/\/schema.org\",\"@graph\":[{\"@type\":\"WebPage\",\"@id\":\"https:\/\/skaitytaknyga.lt\/produktas\/mamos-namu-virtuve\/\",\"url\":\"https:\/\/skaitytaknyga.lt\/produktas\/mamos-namu-virtuve\/\",\"name\":\"Mamos nam\u0173 virtuv\u0117\",\"isPartOf\":{\"@id\":\"https:\/\/skaitytaknyga.lt\/#website\"},\"primaryImageOfPage\":{\"@id\":\"https:\/\/skaitytaknyga.lt\/produktas\/mamos-namu-virtuve\/#primaryimage\"},\"image\":{\"@id\":\"https:\/\/skaitytaknyga.lt\/produktas\/mamos-namu-virtuve\/#primaryimage\"},\"thumbnailUrl\":\"https:\/\/skaitytaknyga.lt\/wp-content\/uploads\/2025\/08\/Mamos-namu-virtuve-1.webp\",\"datePublished\":\"2025-08-07T09:56:26+00:00\",\"dateModified\":\"2025-09-06T08:54:50+00:00\",\"description\":\"Mamos nam\u0173 virtuv\u0117 turb\u016bt yra ta vieta, kuri kelia pa\u010dius \u0161il\u010diausius, mieliausius prisiminimus kiekvienam i\u0161 m\u016bs\u0173. Joje vyksta patys did\u017eiausi stebuklai,\",\"breadcrumb\":{\"@id\":\"https:\/\/skaitytaknyga.lt\/produktas\/mamos-namu-virtuve\/#breadcrumb\"},\"inLanguage\":\"en-GB\",\"potentialAction\":[{\"@type\":\"ReadAction\",\"target\":[\"https:\/\/skaitytaknyga.lt\/produktas\/mamos-namu-virtuve\/\"]}]},{\"@type\":\"ImageObject\",\"inLanguage\":\"en-GB\",\"@id\":\"https:\/\/skaitytaknyga.lt\/produktas\/mamos-namu-virtuve\/#primaryimage\",\"url\":\"https:\/\/skaitytaknyga.lt\/wp-content\/uploads\/2025\/08\/Mamos-namu-virtuve-1.webp\",\"contentUrl\":\"https:\/\/skaitytaknyga.lt\/wp-content\/uploads\/2025\/08\/Mamos-namu-virtuve-1.webp\",\"width\":494,\"height\":698},{\"@type\":\"BreadcrumbList\",\"@id\":\"https:\/\/skaitytaknyga.lt\/produktas\/mamos-namu-virtuve\/#breadcrumb\",\"itemListElement\":[{\"@type\":\"ListItem\",\"position\":1,\"name\":\"Home\",\"item\":\"https:\/\/skaitytaknyga.lt\/\"},{\"@type\":\"ListItem\",\"position\":2,\"name\":\"Parduotuv\u0117\",\"item\":\"https:\/\/skaitytaknyga.lt\/knygu-parduotuve\/\"},{\"@type\":\"ListItem\",\"position\":3,\"name\":\"Mamos nam\u0173 virtuv\u0117\"}]},{\"@type\":\"WebSite\",\"@id\":\"https:\/\/skaitytaknyga.lt\/#website\",\"url\":\"https:\/\/skaitytaknyga.lt\/\",\"name\":\"skaitytaknyga.lt\",\"description\":\"Skaitytaknyga.lt \u2013 tai ma\u017eas \u0161eimos verslas, kuris prasid\u0117jo nuo meil\u0117s knygoms ir siekio i\u0161gelb\u0117ti knygas nuo likimo prie konteinerio. Kas vienam nereikalingas daiktas \u2013 kitam lobis, o mes esame tarpininkai, kurie padeda abiems tapti laimingesniems ???? \u017dinome kaip nelengva i\u0161gyventi ma\u017eiems verslams, tad nuo \u0161iol, \u010dia rasite ir kit\u0173, ma\u017e\u0173 \u0161eim\u0173 versl\u0173, rank\u0173 darbo, dovan\u0173 sau ir artimiesiems.\",\"publisher\":{\"@id\":\"https:\/\/skaitytaknyga.lt\/#organization\"},\"potentialAction\":[{\"@type\":\"SearchAction\",\"target\":{\"@type\":\"EntryPoint\",\"urlTemplate\":\"https:\/\/skaitytaknyga.lt\/?s={search_term_string}\"},\"query-input\":{\"@type\":\"PropertyValueSpecification\",\"valueRequired\":true,\"valueName\":\"search_term_string\"}}],\"inLanguage\":\"en-GB\"},{\"@type\":\"Organization\",\"@id\":\"https:\/\/skaitytaknyga.lt\/#organization\",\"name\":\"skaitytaknyga.lt\",\"url\":\"https:\/\/skaitytaknyga.lt\/\",\"logo\":{\"@type\":\"ImageObject\",\"inLanguage\":\"en-GB\",\"@id\":\"https:\/\/skaitytaknyga.lt\/#\/schema\/logo\/image\/\",\"url\":\"https:\/\/skaitytaknyga.lt\/wp-content\/uploads\/2024\/05\/cropped-cropped-cropped-02_00843_jt3bggkj1j3HLc7SyY6rEUpg.jpeg\",\"contentUrl\":\"https:\/\/skaitytaknyga.lt\/wp-content\/uploads\/2024\/05\/cropped-cropped-cropped-02_00843_jt3bggkj1j3HLc7SyY6rEUpg.jpeg\",\"width\":1600,\"height\":1600,\"caption\":\"skaitytaknyga.lt\"},\"image\":{\"@id\":\"https:\/\/skaitytaknyga.lt\/#\/schema\/logo\/image\/\"},\"sameAs\":[\"https:\/\/www.facebook.com\/skaitytaknyga\/\"]}]}<\/script>\n<!-- \/ Yoast SEO plugin. -->","yoast_head_json":{"title":"Mamos nam\u0173 virtuv\u0117","description":"Mamos nam\u0173 virtuv\u0117 turb\u016bt yra ta vieta, kuri kelia pa\u010dius \u0161il\u010diausius, mieliausius prisiminimus kiekvienam i\u0161 m\u016bs\u0173. Joje vyksta patys did\u017eiausi stebuklai,","robots":{"index":"index","follow":"follow","max-snippet":"max-snippet:-1","max-image-preview":"max-image-preview:large","max-video-preview":"max-video-preview:-1"},"canonical":"https:\/\/skaitytaknyga.lt\/en\/produktas\/mamos-namu-virtuve\/","og_locale":"en_GB","og_type":"article","og_title":"[:lt]Mamos nam\u0173 virtuv\u0117[:] - Skaitytaknyga","og_description":"Mamos nam\u0173 virtuv\u0117 turb\u016bt yra ta vieta, kuri kelia pa\u010dius \u0161il\u010diausius, mieliausius prisiminimus kiekvienam i\u0161 m\u016bs\u0173. Joje vyksta patys did\u017eiausi stebuklai,","og_url":"https:\/\/skaitytaknyga.lt\/en\/produktas\/mamos-namu-virtuve\/","og_site_name":"Skaitytaknyga","article_publisher":"https:\/\/www.facebook.com\/skaitytaknyga\/","article_modified_time":"2025-09-06T08:54:50+00:00","og_image":[{"width":494,"height":698,"url":"https:\/\/skaitytaknyga.lt\/wp-content\/uploads\/2025\/08\/Mamos-namu-virtuve-1.webp","type":"image\/webp"}],"twitter_card":"summary_large_image","twitter_misc":{"Estimated reading time":"1 minute"},"schema":{"@context":"https:\/\/schema.org","@graph":[{"@type":"WebPage","@id":"https:\/\/skaitytaknyga.lt\/produktas\/mamos-namu-virtuve\/","url":"https:\/\/skaitytaknyga.lt\/produktas\/mamos-namu-virtuve\/","name":"Mamos nam\u0173 virtuv\u0117","isPartOf":{"@id":"https:\/\/skaitytaknyga.lt\/#website"},"primaryImageOfPage":{"@id":"https:\/\/skaitytaknyga.lt\/produktas\/mamos-namu-virtuve\/#primaryimage"},"image":{"@id":"https:\/\/skaitytaknyga.lt\/produktas\/mamos-namu-virtuve\/#primaryimage"},"thumbnailUrl":"https:\/\/skaitytaknyga.lt\/wp-content\/uploads\/2025\/08\/Mamos-namu-virtuve-1.webp","datePublished":"2025-08-07T09:56:26+00:00","dateModified":"2025-09-06T08:54:50+00:00","description":"Mamos nam\u0173 virtuv\u0117 turb\u016bt yra ta vieta, kuri kelia pa\u010dius \u0161il\u010diausius, mieliausius prisiminimus kiekvienam i\u0161 m\u016bs\u0173. Joje vyksta patys did\u017eiausi stebuklai,","breadcrumb":{"@id":"https:\/\/skaitytaknyga.lt\/produktas\/mamos-namu-virtuve\/#breadcrumb"},"inLanguage":"en-GB","potentialAction":[{"@type":"ReadAction","target":["https:\/\/skaitytaknyga.lt\/produktas\/mamos-namu-virtuve\/"]}]},{"@type":"ImageObject","inLanguage":"en-GB","@id":"https:\/\/skaitytaknyga.lt\/produktas\/mamos-namu-virtuve\/#primaryimage","url":"https:\/\/skaitytaknyga.lt\/wp-content\/uploads\/2025\/08\/Mamos-namu-virtuve-1.webp","contentUrl":"https:\/\/skaitytaknyga.lt\/wp-content\/uploads\/2025\/08\/Mamos-namu-virtuve-1.webp","width":494,"height":698},{"@type":"BreadcrumbList","@id":"https:\/\/skaitytaknyga.lt\/produktas\/mamos-namu-virtuve\/#breadcrumb","itemListElement":[{"@type":"ListItem","position":1,"name":"Home","item":"https:\/\/skaitytaknyga.lt\/"},{"@type":"ListItem","position":2,"name":"Parduotuv\u0117","item":"https:\/\/skaitytaknyga.lt\/knygu-parduotuve\/"},{"@type":"ListItem","position":3,"name":"Mamos nam\u0173 virtuv\u0117"}]},{"@type":"WebSite","@id":"https:\/\/skaitytaknyga.lt\/#website","url":"https:\/\/skaitytaknyga.lt\/","name":"skaitytaknyga.lt","description":"Skaitytaknyga.lt \u2013 tai ma\u017eas \u0161eimos verslas, kuris prasid\u0117jo nuo meil\u0117s knygoms ir siekio i\u0161gelb\u0117ti knygas nuo likimo prie konteinerio. Kas vienam nereikalingas daiktas \u2013 kitam lobis, o mes esame tarpininkai, kurie padeda abiems tapti laimingesniems ???? \u017dinome kaip nelengva i\u0161gyventi ma\u017eiems verslams, tad nuo \u0161iol, \u010dia rasite ir kit\u0173, ma\u017e\u0173 \u0161eim\u0173 versl\u0173, rank\u0173 darbo, dovan\u0173 sau ir artimiesiems.","publisher":{"@id":"https:\/\/skaitytaknyga.lt\/#organization"},"potentialAction":[{"@type":"SearchAction","target":{"@type":"EntryPoint","urlTemplate":"https:\/\/skaitytaknyga.lt\/?s={search_term_string}"},"query-input":{"@type":"PropertyValueSpecification","valueRequired":true,"valueName":"search_term_string"}}],"inLanguage":"en-GB"},{"@type":"Organization","@id":"https:\/\/skaitytaknyga.lt\/#organization","name":"skaitytaknyga.lt","url":"https:\/\/skaitytaknyga.lt\/","logo":{"@type":"ImageObject","inLanguage":"en-GB","@id":"https:\/\/skaitytaknyga.lt\/#\/schema\/logo\/image\/","url":"https:\/\/skaitytaknyga.lt\/wp-content\/uploads\/2024\/05\/cropped-cropped-cropped-02_00843_jt3bggkj1j3HLc7SyY6rEUpg.jpeg","contentUrl":"https:\/\/skaitytaknyga.lt\/wp-content\/uploads\/2024\/05\/cropped-cropped-cropped-02_00843_jt3bggkj1j3HLc7SyY6rEUpg.jpeg","width":1600,"height":1600,"caption":"skaitytaknyga.lt"},"image":{"@id":"https:\/\/skaitytaknyga.lt\/#\/schema\/logo\/image\/"},"sameAs":["https:\/\/www.facebook.com\/skaitytaknyga\/"]}]}},"_links":{"self":[{"href":"https:\/\/skaitytaknyga.lt\/en\/wp-json\/wp\/v2\/product\/20267","targetHints":{"allow":["GET"]}}],"collection":[{"href":"https:\/\/skaitytaknyga.lt\/en\/wp-json\/wp\/v2\/product"}],"about":[{"href":"https:\/\/skaitytaknyga.lt\/en\/wp-json\/wp\/v2\/types\/product"}],"replies":[{"embeddable":true,"href":"https:\/\/skaitytaknyga.lt\/en\/wp-json\/wp\/v2\/comments?post=20267"}],"wp:featuredmedia":[{"embeddable":true,"href":"https:\/\/skaitytaknyga.lt\/en\/wp-json\/wp\/v2\/media\/20278"}],"wp:attachment":[{"href":"https:\/\/skaitytaknyga.lt\/en\/wp-json\/wp\/v2\/media?parent=20267"}],"wp:term":[{"taxonomy":"product_brand","embeddable":true,"href":"https:\/\/skaitytaknyga.lt\/en\/wp-json\/wp\/v2\/product_brand?post=20267"},{"taxonomy":"product_cat","embeddable":true,"href":"https:\/\/skaitytaknyga.lt\/en\/wp-json\/wp\/v2\/product_cat?post=20267"},{"taxonomy":"product_tag","embeddable":true,"href":"https:\/\/skaitytaknyga.lt\/en\/wp-json\/wp\/v2\/product_tag?post=20267"}],"curies":[{"name":"wp","href":"https:\/\/api.w.org\/{rel}","templated":true}]}}