{"id":20266,"date":"2025-08-07T12:56:26","date_gmt":"2025-08-07T09:56:26","guid":{"rendered":"https:\/\/skaitytaknyga.lt\/?post_type=product&#038;p=20266"},"modified":"2025-12-18T17:44:28","modified_gmt":"2025-12-18T15:44:28","slug":"lietuviu-kulinarijos-paveldas","status":"publish","type":"product","link":"https:\/\/skaitytaknyga.lt\/en\/produktas\/lietuviu-kulinarijos-paveldas\/","title":{"rendered":"Lietuvi\u0173 kulinarijos paveldas"},"content":{"rendered":"<p>Knyga \u201eLietuvi\u0173 kulinarijos paveldas\u201c i\u0161samiai ir patraukliai pristato tradicin\u0119 lietuvi\u0161k\u0105 virtuv\u0119, suformuot\u0105 skirting\u0173 region\u0173 mitybos ypatum\u0173. Pateikiamos atskir\u0173 Lietuvos region\u0173 tradicini\u0173 valgi\u0173 gaminimo technologijos, maisto ruo\u0161imo tradicijos, saviti patiekal\u0173 gaminimo receptai.<\/p>\n<p>\u0160iandien pastebimas ypa\u010d didelis susidom\u0117jimas autenti\u0161ku tradiciniu maistu bei jo gamybos technologijomis. \u0160i knyga ne tik prisideda prie lietuvi\u0161kos virtuv\u0117s tradicij\u0173 gaivinimo, bet ir pristato lietuvi\u0173 kulinarijos paveld\u0105 kaip integrali\u0105 Lietuvos kult\u016bros dal\u012f.<\/p>\n<p>Ji skirta visiems, besidomintiems lietuvi\u0173 kulinarijos paveldu, mitybos kult\u016bros raida, kaimynini\u0173 \u0161ali\u0173 kulinarine \u012ftaka, vai\u0161i\u0173 papro\u010diais, tradicin\u0117mis \u0161ventini\u0173, apeigini\u0173 ir kasdieni\u0173 valgi\u0173 gamybos technologijomis, receptais, regioniniais skirtumais.<\/p>\n","protected":false},"excerpt":{"rendered":"<p>Knyga \u201eLietuvi\u0173 kulinarijos paveldas\u201c i\u0161samiai ir patraukliai pristato tradicin\u0119 lietuvi\u0161k\u0105 virtuv\u0119, suformuot\u0105 skirting\u0173 region\u0173 mitybos ypatum\u0173. Pateikiamos atskir\u0173 Lietuvos region\u0173 tradicini\u0173 valgi\u0173 gaminimo technologijos, maisto ruo\u0161imo tradicijos, saviti patiekal\u0173 gaminimo receptai. \u0160iandien pastebimas ypa\u010d didelis susidom\u0117jimas autenti\u0161ku tradiciniu maistu bei jo gamybos technologijomis. \u0160i knyga ne tik prisideda prie lietuvi\u0161kos virtuv\u0117s tradicij\u0173 gaivinimo, bet ir pristato lietuvi\u0173 kulinarijos paveld\u0105 kaip integrali\u0105 Lietuvos kult\u016bros dal\u012f. Ji skirta visiems, besidomintiems lietuvi\u0173 kulinarijos paveldu, mitybos kult\u016bros raida, kaimynini\u0173 \u0161ali\u0173 kulinarine \u012ftaka, vai\u0161i\u0173 papro\u010diais, tradicin\u0117mis \u0161ventini\u0173, apeigini\u0173 ir kasdieni\u0173 valgi\u0173 gamybos technologijomis, receptais, regioniniais skirtumais.<\/p>\n","protected":false},"featured_media":20271,"comment_status":"open","ping_status":"closed","template":"","meta":{"_acf_changed":false,"site-sidebar-layout":"default","site-content-layout":"","ast-site-content-layout":"default","site-content-style":"default","site-sidebar-style":"default","ast-global-header-display":"","ast-banner-title-visibility":"","ast-main-header-display":"","ast-hfb-above-header-display":"","ast-hfb-below-header-display":"","ast-hfb-mobile-header-display":"","site-post-title":"","ast-breadcrumbs-content":"","ast-featured-img":"","footer-sml-layout":"","ast-disable-related-posts":"","theme-transparent-header-meta":"","adv-header-id-meta":"","stick-header-meta":"","header-above-stick-meta":"","header-main-stick-meta":"","header-below-stick-meta":"","astra-migrate-meta-layouts":"default","ast-page-background-enabled":"default","ast-page-background-meta":{"desktop":{"background-color":"","background-image":"","background-repeat":"repeat","background-position":"center center","background-size":"auto","background-attachment":"scroll","background-type":"","background-media":"","overlay-type":"","overlay-color":"","overlay-opacity":"","overlay-gradient":""},"tablet":{"background-color":"","background-image":"","background-repeat":"repeat","background-position":"center center","background-size":"auto","background-attachment":"scroll","background-type":"","background-media":"","overlay-type":"","overlay-color":"","overlay-opacity":"","overlay-gradient":""},"mobile":{"background-color":"","background-image":"","background-repeat":"repeat","background-position":"center center","background-size":"auto","background-attachment":"scroll","background-type":"","background-media":"","overlay-type":"","overlay-color":"","overlay-opacity":"","overlay-gradient":""}},"ast-content-background-meta":{"desktop":{"background-color":"var(--ast-global-color-4)","background-image":"","background-repeat":"repeat","background-position":"center center","background-size":"auto","background-attachment":"scroll","background-type":"","background-media":"","overlay-type":"","overlay-color":"","overlay-opacity":"","overlay-gradient":""},"tablet":{"background-color":"var(--ast-global-color-4)","background-image":"","background-repeat":"repeat","background-position":"center center","background-size":"auto","background-attachment":"scroll","background-type":"","background-media":"","overlay-type":"","overlay-color":"","overlay-opacity":"","overlay-gradient":""},"mobile":{"background-color":"var(--ast-global-color-4)","background-image":"","background-repeat":"repeat","background-position":"center center","background-size":"auto","background-attachment":"scroll","background-type":"","background-media":"","overlay-type":"","overlay-color":"","overlay-opacity":"","overlay-gradient":""}}},"product_brand":[],"product_cat":[15],"product_tag":[7992,3368,3781,7882,2807],"class_list":{"0":"post-20266","1":"product","2":"type-product","3":"status-publish","4":"has-post-thumbnail","6":"product_cat-uncategorized","7":"product_tag-birute-imbrasiene-lietuviu-kulinarija","8":"product_tag-maistas","9":"product_tag-paveldas","10":"product_tag-regionai","11":"product_tag-tradicijos","12":"desktop-align-left","13":"tablet-align-left","14":"mobile-align-left","16":"first","17":"outofstock","18":"shipping-taxable","19":"purchasable","20":"product-type-simple"},"acf":[],"yoast_head":"<!-- This site is optimized with the Yoast SEO plugin v27.0 - https:\/\/yoast.com\/product\/yoast-seo-wordpress\/ -->\n<title>Lietuvi\u0173 kulinarijos paveldas<\/title>\n<meta name=\"description\" content=\"Knyga \u201eLietuvi\u0173 kulinarijos paveldas\u201c i\u0161samiai ir patraukliai pristato tradicin\u0119 lietuvi\u0161k\u0105 virtuv\u0119, suformuot\u0105 skirting\u0173 region\u0173 mitybos ypatum\u0173.\" \/>\n<meta name=\"robots\" content=\"index, follow, max-snippet:-1, max-image-preview:large, max-video-preview:-1\" \/>\n<link rel=\"canonical\" href=\"https:\/\/skaitytaknyga.lt\/en\/produktas\/lietuviu-kulinarijos-paveldas\/\" \/>\n<meta property=\"og:locale\" content=\"en_GB\" \/>\n<meta property=\"og:locale:alternate\" content=\"lt_LT\" \/>\n<meta property=\"og:type\" content=\"article\" \/>\n<meta property=\"og:title\" content=\"Lietuvi\u0173 kulinarijos paveldas\" \/>\n<meta property=\"og:description\" content=\"Knyga \u201eLietuvi\u0173 kulinarijos paveldas\u201c i\u0161samiai ir patraukliai pristato tradicin\u0119 lietuvi\u0161k\u0105 virtuv\u0119, suformuot\u0105 skirting\u0173 region\u0173 mitybos ypatum\u0173.\" \/>\n<meta property=\"og:url\" content=\"https:\/\/skaitytaknyga.lt\/en\/produktas\/lietuviu-kulinarijos-paveldas\/\" \/>\n<meta property=\"og:site_name\" content=\"Skaitytaknyga\" \/>\n<meta property=\"article:publisher\" content=\"https:\/\/www.facebook.com\/skaitytaknyga\/\" \/>\n<meta property=\"article:modified_time\" content=\"2025-12-18T15:44:28+00:00\" \/>\n<meta property=\"og:image\" content=\"https:\/\/skaitytaknyga.lt\/wp-content\/uploads\/2025\/08\/Lietuviu-kulinarijos-paveldas-1.webp\" \/>\n\t<meta property=\"og:image:width\" content=\"574\" \/>\n\t<meta property=\"og:image:height\" content=\"801\" \/>\n\t<meta property=\"og:image:type\" content=\"image\/webp\" \/>\n<meta name=\"twitter:card\" content=\"summary_large_image\" \/>\n<meta name=\"twitter:label1\" content=\"Estimated reading time\" \/>\n\t<meta name=\"twitter:data1\" content=\"1 minute\" \/>\n<script type=\"application\/ld+json\" class=\"yoast-schema-graph\">{\"@context\":\"https:\/\/schema.org\",\"@graph\":[{\"@type\":\"WebPage\",\"@id\":\"https:\/\/skaitytaknyga.lt\/produktas\/lietuviu-kulinarijos-paveldas\/\",\"url\":\"https:\/\/skaitytaknyga.lt\/produktas\/lietuviu-kulinarijos-paveldas\/\",\"name\":\"Lietuvi\u0173 kulinarijos paveldas\",\"isPartOf\":{\"@id\":\"https:\/\/skaitytaknyga.lt\/#website\"},\"primaryImageOfPage\":{\"@id\":\"https:\/\/skaitytaknyga.lt\/produktas\/lietuviu-kulinarijos-paveldas\/#primaryimage\"},\"image\":{\"@id\":\"https:\/\/skaitytaknyga.lt\/produktas\/lietuviu-kulinarijos-paveldas\/#primaryimage\"},\"thumbnailUrl\":\"https:\/\/skaitytaknyga.lt\/wp-content\/uploads\/2025\/08\/Lietuviu-kulinarijos-paveldas-1.webp\",\"datePublished\":\"2025-08-07T09:56:26+00:00\",\"dateModified\":\"2025-12-18T15:44:28+00:00\",\"description\":\"Knyga \u201eLietuvi\u0173 kulinarijos paveldas\u201c i\u0161samiai ir patraukliai pristato tradicin\u0119 lietuvi\u0161k\u0105 virtuv\u0119, suformuot\u0105 skirting\u0173 region\u0173 mitybos ypatum\u0173.\",\"breadcrumb\":{\"@id\":\"https:\/\/skaitytaknyga.lt\/produktas\/lietuviu-kulinarijos-paveldas\/#breadcrumb\"},\"inLanguage\":\"en-GB\",\"potentialAction\":[{\"@type\":\"ReadAction\",\"target\":[\"https:\/\/skaitytaknyga.lt\/produktas\/lietuviu-kulinarijos-paveldas\/\"]}]},{\"@type\":\"ImageObject\",\"inLanguage\":\"en-GB\",\"@id\":\"https:\/\/skaitytaknyga.lt\/produktas\/lietuviu-kulinarijos-paveldas\/#primaryimage\",\"url\":\"https:\/\/skaitytaknyga.lt\/wp-content\/uploads\/2025\/08\/Lietuviu-kulinarijos-paveldas-1.webp\",\"contentUrl\":\"https:\/\/skaitytaknyga.lt\/wp-content\/uploads\/2025\/08\/Lietuviu-kulinarijos-paveldas-1.webp\",\"width\":574,\"height\":801,\"caption\":\"Lietuvi\u0173 kulinarijos paveldas\"},{\"@type\":\"BreadcrumbList\",\"@id\":\"https:\/\/skaitytaknyga.lt\/produktas\/lietuviu-kulinarijos-paveldas\/#breadcrumb\",\"itemListElement\":[{\"@type\":\"ListItem\",\"position\":1,\"name\":\"Home\",\"item\":\"https:\/\/skaitytaknyga.lt\/\"},{\"@type\":\"ListItem\",\"position\":2,\"name\":\"Parduotuv\u0117\",\"item\":\"https:\/\/skaitytaknyga.lt\/knygu-parduotuve\/\"},{\"@type\":\"ListItem\",\"position\":3,\"name\":\"Lietuvi\u0173 kulinarijos paveldas\"}]},{\"@type\":\"WebSite\",\"@id\":\"https:\/\/skaitytaknyga.lt\/#website\",\"url\":\"https:\/\/skaitytaknyga.lt\/\",\"name\":\"skaitytaknyga.lt\",\"description\":\"Skaitytaknyga.lt \u2013 tai ma\u017eas \u0161eimos verslas, kuris prasid\u0117jo nuo meil\u0117s knygoms ir siekio i\u0161gelb\u0117ti knygas nuo likimo prie konteinerio. Kas vienam nereikalingas daiktas \u2013 kitam lobis, o mes esame tarpininkai, kurie padeda abiems tapti laimingesniems ???? \u017dinome kaip nelengva i\u0161gyventi ma\u017eiems verslams, tad nuo \u0161iol, \u010dia rasite ir kit\u0173, ma\u017e\u0173 \u0161eim\u0173 versl\u0173, rank\u0173 darbo, dovan\u0173 sau ir artimiesiems.\",\"publisher\":{\"@id\":\"https:\/\/skaitytaknyga.lt\/#organization\"},\"potentialAction\":[{\"@type\":\"SearchAction\",\"target\":{\"@type\":\"EntryPoint\",\"urlTemplate\":\"https:\/\/skaitytaknyga.lt\/?s={search_term_string}\"},\"query-input\":{\"@type\":\"PropertyValueSpecification\",\"valueRequired\":true,\"valueName\":\"search_term_string\"}}],\"inLanguage\":\"en-GB\"},{\"@type\":\"Organization\",\"@id\":\"https:\/\/skaitytaknyga.lt\/#organization\",\"name\":\"skaitytaknyga.lt\",\"url\":\"https:\/\/skaitytaknyga.lt\/\",\"logo\":{\"@type\":\"ImageObject\",\"inLanguage\":\"en-GB\",\"@id\":\"https:\/\/skaitytaknyga.lt\/#\/schema\/logo\/image\/\",\"url\":\"https:\/\/skaitytaknyga.lt\/wp-content\/uploads\/2024\/05\/cropped-cropped-cropped-02_00843_jt3bggkj1j3HLc7SyY6rEUpg.jpeg\",\"contentUrl\":\"https:\/\/skaitytaknyga.lt\/wp-content\/uploads\/2024\/05\/cropped-cropped-cropped-02_00843_jt3bggkj1j3HLc7SyY6rEUpg.jpeg\",\"width\":1600,\"height\":1600,\"caption\":\"skaitytaknyga.lt\"},\"image\":{\"@id\":\"https:\/\/skaitytaknyga.lt\/#\/schema\/logo\/image\/\"},\"sameAs\":[\"https:\/\/www.facebook.com\/skaitytaknyga\/\"]}]}<\/script>\n<!-- \/ Yoast SEO plugin. -->","yoast_head_json":{"title":"Lietuvi\u0173 kulinarijos paveldas","description":"Knyga \u201eLietuvi\u0173 kulinarijos paveldas\u201c i\u0161samiai ir patraukliai pristato tradicin\u0119 lietuvi\u0161k\u0105 virtuv\u0119, suformuot\u0105 skirting\u0173 region\u0173 mitybos ypatum\u0173.","robots":{"index":"index","follow":"follow","max-snippet":"max-snippet:-1","max-image-preview":"max-image-preview:large","max-video-preview":"max-video-preview:-1"},"canonical":"https:\/\/skaitytaknyga.lt\/en\/produktas\/lietuviu-kulinarijos-paveldas\/","og_locale":"en_GB","og_type":"article","og_title":"[:lt]Lietuvi\u0173 kulinarijos paveldas[:] - Skaitytaknyga","og_description":"Knyga \u201eLietuvi\u0173 kulinarijos paveldas\u201c i\u0161samiai ir patraukliai pristato tradicin\u0119 lietuvi\u0161k\u0105 virtuv\u0119, suformuot\u0105 skirting\u0173 region\u0173 mitybos ypatum\u0173.","og_url":"https:\/\/skaitytaknyga.lt\/en\/produktas\/lietuviu-kulinarijos-paveldas\/","og_site_name":"Skaitytaknyga","article_publisher":"https:\/\/www.facebook.com\/skaitytaknyga\/","article_modified_time":"2025-12-18T15:44:28+00:00","og_image":[{"width":574,"height":801,"url":"https:\/\/skaitytaknyga.lt\/wp-content\/uploads\/2025\/08\/Lietuviu-kulinarijos-paveldas-1.webp","type":"image\/webp"}],"twitter_card":"summary_large_image","twitter_misc":{"Estimated reading time":"1 minute"},"schema":{"@context":"https:\/\/schema.org","@graph":[{"@type":"WebPage","@id":"https:\/\/skaitytaknyga.lt\/produktas\/lietuviu-kulinarijos-paveldas\/","url":"https:\/\/skaitytaknyga.lt\/produktas\/lietuviu-kulinarijos-paveldas\/","name":"Lietuvi\u0173 kulinarijos paveldas","isPartOf":{"@id":"https:\/\/skaitytaknyga.lt\/#website"},"primaryImageOfPage":{"@id":"https:\/\/skaitytaknyga.lt\/produktas\/lietuviu-kulinarijos-paveldas\/#primaryimage"},"image":{"@id":"https:\/\/skaitytaknyga.lt\/produktas\/lietuviu-kulinarijos-paveldas\/#primaryimage"},"thumbnailUrl":"https:\/\/skaitytaknyga.lt\/wp-content\/uploads\/2025\/08\/Lietuviu-kulinarijos-paveldas-1.webp","datePublished":"2025-08-07T09:56:26+00:00","dateModified":"2025-12-18T15:44:28+00:00","description":"Knyga \u201eLietuvi\u0173 kulinarijos paveldas\u201c i\u0161samiai ir patraukliai pristato tradicin\u0119 lietuvi\u0161k\u0105 virtuv\u0119, suformuot\u0105 skirting\u0173 region\u0173 mitybos ypatum\u0173.","breadcrumb":{"@id":"https:\/\/skaitytaknyga.lt\/produktas\/lietuviu-kulinarijos-paveldas\/#breadcrumb"},"inLanguage":"en-GB","potentialAction":[{"@type":"ReadAction","target":["https:\/\/skaitytaknyga.lt\/produktas\/lietuviu-kulinarijos-paveldas\/"]}]},{"@type":"ImageObject","inLanguage":"en-GB","@id":"https:\/\/skaitytaknyga.lt\/produktas\/lietuviu-kulinarijos-paveldas\/#primaryimage","url":"https:\/\/skaitytaknyga.lt\/wp-content\/uploads\/2025\/08\/Lietuviu-kulinarijos-paveldas-1.webp","contentUrl":"https:\/\/skaitytaknyga.lt\/wp-content\/uploads\/2025\/08\/Lietuviu-kulinarijos-paveldas-1.webp","width":574,"height":801,"caption":"Lietuvi\u0173 kulinarijos paveldas"},{"@type":"BreadcrumbList","@id":"https:\/\/skaitytaknyga.lt\/produktas\/lietuviu-kulinarijos-paveldas\/#breadcrumb","itemListElement":[{"@type":"ListItem","position":1,"name":"Home","item":"https:\/\/skaitytaknyga.lt\/"},{"@type":"ListItem","position":2,"name":"Parduotuv\u0117","item":"https:\/\/skaitytaknyga.lt\/knygu-parduotuve\/"},{"@type":"ListItem","position":3,"name":"Lietuvi\u0173 kulinarijos paveldas"}]},{"@type":"WebSite","@id":"https:\/\/skaitytaknyga.lt\/#website","url":"https:\/\/skaitytaknyga.lt\/","name":"skaitytaknyga.lt","description":"Skaitytaknyga.lt \u2013 tai ma\u017eas \u0161eimos verslas, kuris prasid\u0117jo nuo meil\u0117s knygoms ir siekio i\u0161gelb\u0117ti knygas nuo likimo prie konteinerio. Kas vienam nereikalingas daiktas \u2013 kitam lobis, o mes esame tarpininkai, kurie padeda abiems tapti laimingesniems ???? \u017dinome kaip nelengva i\u0161gyventi ma\u017eiems verslams, tad nuo \u0161iol, \u010dia rasite ir kit\u0173, ma\u017e\u0173 \u0161eim\u0173 versl\u0173, rank\u0173 darbo, dovan\u0173 sau ir artimiesiems.","publisher":{"@id":"https:\/\/skaitytaknyga.lt\/#organization"},"potentialAction":[{"@type":"SearchAction","target":{"@type":"EntryPoint","urlTemplate":"https:\/\/skaitytaknyga.lt\/?s={search_term_string}"},"query-input":{"@type":"PropertyValueSpecification","valueRequired":true,"valueName":"search_term_string"}}],"inLanguage":"en-GB"},{"@type":"Organization","@id":"https:\/\/skaitytaknyga.lt\/#organization","name":"skaitytaknyga.lt","url":"https:\/\/skaitytaknyga.lt\/","logo":{"@type":"ImageObject","inLanguage":"en-GB","@id":"https:\/\/skaitytaknyga.lt\/#\/schema\/logo\/image\/","url":"https:\/\/skaitytaknyga.lt\/wp-content\/uploads\/2024\/05\/cropped-cropped-cropped-02_00843_jt3bggkj1j3HLc7SyY6rEUpg.jpeg","contentUrl":"https:\/\/skaitytaknyga.lt\/wp-content\/uploads\/2024\/05\/cropped-cropped-cropped-02_00843_jt3bggkj1j3HLc7SyY6rEUpg.jpeg","width":1600,"height":1600,"caption":"skaitytaknyga.lt"},"image":{"@id":"https:\/\/skaitytaknyga.lt\/#\/schema\/logo\/image\/"},"sameAs":["https:\/\/www.facebook.com\/skaitytaknyga\/"]}]}},"_links":{"self":[{"href":"https:\/\/skaitytaknyga.lt\/en\/wp-json\/wp\/v2\/product\/20266","targetHints":{"allow":["GET"]}}],"collection":[{"href":"https:\/\/skaitytaknyga.lt\/en\/wp-json\/wp\/v2\/product"}],"about":[{"href":"https:\/\/skaitytaknyga.lt\/en\/wp-json\/wp\/v2\/types\/product"}],"replies":[{"embeddable":true,"href":"https:\/\/skaitytaknyga.lt\/en\/wp-json\/wp\/v2\/comments?post=20266"}],"wp:featuredmedia":[{"embeddable":true,"href":"https:\/\/skaitytaknyga.lt\/en\/wp-json\/wp\/v2\/media\/20271"}],"wp:attachment":[{"href":"https:\/\/skaitytaknyga.lt\/en\/wp-json\/wp\/v2\/media?parent=20266"}],"wp:term":[{"taxonomy":"product_brand","embeddable":true,"href":"https:\/\/skaitytaknyga.lt\/en\/wp-json\/wp\/v2\/product_brand?post=20266"},{"taxonomy":"product_cat","embeddable":true,"href":"https:\/\/skaitytaknyga.lt\/en\/wp-json\/wp\/v2\/product_cat?post=20266"},{"taxonomy":"product_tag","embeddable":true,"href":"https:\/\/skaitytaknyga.lt\/en\/wp-json\/wp\/v2\/product_tag?post=20266"}],"curies":[{"name":"wp","href":"https:\/\/api.w.org\/{rel}","templated":true}]}}