{"id":20264,"date":"2025-08-07T12:56:25","date_gmt":"2025-08-07T09:56:25","guid":{"rendered":"https:\/\/skaitytaknyga.lt\/?post_type=product&#038;p=20264"},"modified":"2025-09-27T18:49:00","modified_gmt":"2025-09-27T15:49:00","slug":"dzeine-eir-2","status":"publish","type":"product","link":"https:\/\/skaitytaknyga.lt\/en\/produktas\/dzeine-eir-2\/","title":{"rendered":"D\u017eein\u0117 Eir"},"content":{"rendered":"<p>\u201eD\u017eein\u0117 Eir\u201c \u2013 autobiografi\u0161kiausia \u0160arlot\u0117s Bront\u0117s knyga. Tai ir viena gra\u017eiausi\u0173 meil\u0117s istorij\u0173 angl\u0173 literat\u016broje. Ta\u010diau jos negalima pavadinti banalia meil\u0117s istorija su laiminga pabaiga&#8230;<\/p>\n<p>Vis\u0173 niekinama ir \u017eeminama na\u0161lait\u0117 D\u017eein\u0117 auga giminai\u010di\u0173 namuose, o v\u0117liau \u2013 prastos reputacijos na\u0161lai\u010di\u0173 prieglaudoje. Paaugusi pradeda dirbti egocentri\u0161ko misterio Ro\u010desterio dukrel\u0117s aukle. Nei\u0161vaizdi, ta\u010diau inteligenti\u0161ka moteris su\u017eavi Ro\u010dester\u012f. \u012esiplieskia meil\u0117. Bet ar Ro\u010desterio pe\u010dius slegianti paslaptis nesunaikins j\u0173dviej\u0173 jausmo?<\/p>\n<p>D\u017eein\u0117s Eir istorija, para\u0161yta 1847 m., \u012fdomi ir \u0161iandien: prie\u0161 kelerius metus romanas buvo \u012ftrauktas \u012f populiariausi\u0173 vis\u0173 laik\u0173 Did\u017eiosios Britanijos knyg\u0173 dvide\u0161imtuk\u0105. Romanas daug kart\u0173 ekranizuotas.<\/p>\n","protected":false},"excerpt":{"rendered":"<p>\u201eD\u017eein\u0117 Eir\u201c \u2013 autobiografi\u0161kiausia \u0160arlot\u0117s Bront\u0117s knyga. Tai ir viena gra\u017eiausi\u0173 meil\u0117s istorij\u0173 angl\u0173 literat\u016broje. Ta\u010diau jos negalima pavadinti banalia meil\u0117s istorija su laiminga pabaiga&#8230; Vis\u0173 niekinama ir \u017eeminama na\u0161lait\u0117 D\u017eein\u0117 auga giminai\u010di\u0173 namuose, o v\u0117liau \u2013 prastos reputacijos na\u0161lai\u010di\u0173 prieglaudoje. Paaugusi pradeda dirbti egocentri\u0161ko misterio Ro\u010desterio dukrel\u0117s aukle. Nei\u0161vaizdi, ta\u010diau inteligenti\u0161ka moteris su\u017eavi Ro\u010dester\u012f. \u012esiplieskia meil\u0117. Bet ar Ro\u010desterio pe\u010dius slegianti paslaptis nesunaikins j\u0173dviej\u0173 jausmo? D\u017eein\u0117s Eir istorija, para\u0161yta 1847 m., \u012fdomi ir \u0161iandien: prie\u0161 kelerius metus romanas buvo \u012ftrauktas \u012f populiariausi\u0173 vis\u0173 laik\u0173 Did\u017eiosios Britanijos knyg\u0173 dvide\u0161imtuk\u0105. Romanas daug kart\u0173 ekranizuotas.<\/p>\n","protected":false},"featured_media":20269,"comment_status":"open","ping_status":"closed","template":"","meta":{"_acf_changed":false,"site-sidebar-layout":"default","site-content-layout":"","ast-site-content-layout":"default","site-content-style":"default","site-sidebar-style":"default","ast-global-header-display":"","ast-banner-title-visibility":"","ast-main-header-display":"","ast-hfb-above-header-display":"","ast-hfb-below-header-display":"","ast-hfb-mobile-header-display":"","site-post-title":"","ast-breadcrumbs-content":"","ast-featured-img":"","footer-sml-layout":"","ast-disable-related-posts":"","theme-transparent-header-meta":"","adv-header-id-meta":"","stick-header-meta":"","header-above-stick-meta":"","header-main-stick-meta":"","header-below-stick-meta":"","astra-migrate-meta-layouts":"default","ast-page-background-enabled":"default","ast-page-background-meta":{"desktop":{"background-color":"","background-image":"","background-repeat":"repeat","background-position":"center center","background-size":"auto","background-attachment":"scroll","background-type":"","background-media":"","overlay-type":"","overlay-color":"","overlay-opacity":"","overlay-gradient":""},"tablet":{"background-color":"","background-image":"","background-repeat":"repeat","background-position":"center center","background-size":"auto","background-attachment":"scroll","background-type":"","background-media":"","overlay-type":"","overlay-color":"","overlay-opacity":"","overlay-gradient":""},"mobile":{"background-color":"","background-image":"","background-repeat":"repeat","background-position":"center center","background-size":"auto","background-attachment":"scroll","background-type":"","background-media":"","overlay-type":"","overlay-color":"","overlay-opacity":"","overlay-gradient":""}},"ast-content-background-meta":{"desktop":{"background-color":"var(--ast-global-color-4)","background-image":"","background-repeat":"repeat","background-position":"center center","background-size":"auto","background-attachment":"scroll","background-type":"","background-media":"","overlay-type":"","overlay-color":"","overlay-opacity":"","overlay-gradient":""},"tablet":{"background-color":"var(--ast-global-color-4)","background-image":"","background-repeat":"repeat","background-position":"center center","background-size":"auto","background-attachment":"scroll","background-type":"","background-media":"","overlay-type":"","overlay-color":"","overlay-opacity":"","overlay-gradient":""},"mobile":{"background-color":"var(--ast-global-color-4)","background-image":"","background-repeat":"repeat","background-position":"center center","background-size":"auto","background-attachment":"scroll","background-type":"","background-media":"","overlay-type":"","overlay-color":"","overlay-opacity":"","overlay-gradient":""}}},"product_brand":[],"product_cat":[31,15],"product_tag":[4519,5497,7989,1451,3161],"class_list":{"0":"post-20264","1":"product","2":"type-product","3":"status-publish","4":"has-post-thumbnail","6":"product_cat-grozine-literatura","7":"product_cat-uncategorized","8":"product_tag-dvaras","9":"product_tag-jaunuoliai","10":"product_tag-linda-newbery-paslaptis","11":"product_tag-nuotykiai","12":"product_tag-provincija","13":"desktop-align-left","14":"tablet-align-left","15":"mobile-align-left","17":"first","18":"instock","19":"shipping-taxable","20":"purchasable","21":"product-type-simple"},"acf":[],"yoast_head":"<!-- This site is optimized with the Yoast SEO plugin v27.0 - https:\/\/yoast.com\/product\/yoast-seo-wordpress\/ -->\n<title>D\u017eein\u0117 Eir<\/title>\n<meta name=\"description\" content=\"\u201eD\u017eein\u0117 Eir\u201c \u2013 autobiografi\u0161kiausia \u0160arlot\u0117s Bront\u0117s knyga. Tai ir viena gra\u017eiausi\u0173 meil\u0117s istorij\u0173 angl\u0173 literat\u016broje. Ta\u010diau jos negalima pavadinti\" \/>\n<meta name=\"robots\" content=\"index, follow, max-snippet:-1, max-image-preview:large, max-video-preview:-1\" \/>\n<link rel=\"canonical\" href=\"https:\/\/skaitytaknyga.lt\/en\/produktas\/dzeine-eir-2\/\" \/>\n<meta property=\"og:locale\" content=\"en_GB\" \/>\n<meta property=\"og:locale:alternate\" content=\"lt_LT\" \/>\n<meta property=\"og:type\" content=\"article\" \/>\n<meta property=\"og:title\" content=\"D\u017eein\u0117 Eir\" \/>\n<meta property=\"og:description\" content=\"\u201eD\u017eein\u0117 Eir\u201c \u2013 autobiografi\u0161kiausia \u0160arlot\u0117s Bront\u0117s knyga. Tai ir viena gra\u017eiausi\u0173 meil\u0117s istorij\u0173 angl\u0173 literat\u016broje. Ta\u010diau jos negalima pavadinti\" \/>\n<meta property=\"og:url\" content=\"https:\/\/skaitytaknyga.lt\/en\/produktas\/dzeine-eir-2\/\" \/>\n<meta property=\"og:site_name\" content=\"Skaitytaknyga\" \/>\n<meta property=\"article:publisher\" content=\"https:\/\/www.facebook.com\/skaitytaknyga\/\" \/>\n<meta property=\"article:modified_time\" content=\"2025-09-27T15:49:00+00:00\" \/>\n<meta property=\"og:image\" content=\"https:\/\/skaitytaknyga.lt\/wp-content\/uploads\/2025\/08\/Dzeine-Eir-1.webp\" \/>\n\t<meta property=\"og:image:width\" content=\"310\" \/>\n\t<meta property=\"og:image:height\" content=\"500\" \/>\n\t<meta property=\"og:image:type\" content=\"image\/webp\" \/>\n<meta name=\"twitter:card\" content=\"summary_large_image\" \/>\n<meta name=\"twitter:label1\" content=\"Estimated reading time\" \/>\n\t<meta name=\"twitter:data1\" content=\"1 minute\" \/>\n<script type=\"application\/ld+json\" class=\"yoast-schema-graph\">{\"@context\":\"https:\/\/schema.org\",\"@graph\":[{\"@type\":\"WebPage\",\"@id\":\"https:\/\/skaitytaknyga.lt\/produktas\/dzeine-eir-2\/\",\"url\":\"https:\/\/skaitytaknyga.lt\/produktas\/dzeine-eir-2\/\",\"name\":\"D\u017eein\u0117 Eir\",\"isPartOf\":{\"@id\":\"https:\/\/skaitytaknyga.lt\/#website\"},\"primaryImageOfPage\":{\"@id\":\"https:\/\/skaitytaknyga.lt\/produktas\/dzeine-eir-2\/#primaryimage\"},\"image\":{\"@id\":\"https:\/\/skaitytaknyga.lt\/produktas\/dzeine-eir-2\/#primaryimage\"},\"thumbnailUrl\":\"https:\/\/skaitytaknyga.lt\/wp-content\/uploads\/2025\/08\/Dzeine-Eir-1.webp\",\"datePublished\":\"2025-08-07T09:56:25+00:00\",\"dateModified\":\"2025-09-27T15:49:00+00:00\",\"description\":\"\u201eD\u017eein\u0117 Eir\u201c \u2013 autobiografi\u0161kiausia \u0160arlot\u0117s Bront\u0117s knyga. Tai ir viena gra\u017eiausi\u0173 meil\u0117s istorij\u0173 angl\u0173 literat\u016broje. Ta\u010diau jos negalima pavadinti\",\"breadcrumb\":{\"@id\":\"https:\/\/skaitytaknyga.lt\/produktas\/dzeine-eir-2\/#breadcrumb\"},\"inLanguage\":\"en-GB\",\"potentialAction\":[{\"@type\":\"ReadAction\",\"target\":[\"https:\/\/skaitytaknyga.lt\/produktas\/dzeine-eir-2\/\"]}]},{\"@type\":\"ImageObject\",\"inLanguage\":\"en-GB\",\"@id\":\"https:\/\/skaitytaknyga.lt\/produktas\/dzeine-eir-2\/#primaryimage\",\"url\":\"https:\/\/skaitytaknyga.lt\/wp-content\/uploads\/2025\/08\/Dzeine-Eir-1.webp\",\"contentUrl\":\"https:\/\/skaitytaknyga.lt\/wp-content\/uploads\/2025\/08\/Dzeine-Eir-1.webp\",\"width\":310,\"height\":500},{\"@type\":\"BreadcrumbList\",\"@id\":\"https:\/\/skaitytaknyga.lt\/produktas\/dzeine-eir-2\/#breadcrumb\",\"itemListElement\":[{\"@type\":\"ListItem\",\"position\":1,\"name\":\"Home\",\"item\":\"https:\/\/skaitytaknyga.lt\/\"},{\"@type\":\"ListItem\",\"position\":2,\"name\":\"Parduotuv\u0117\",\"item\":\"https:\/\/skaitytaknyga.lt\/knygu-parduotuve\/\"},{\"@type\":\"ListItem\",\"position\":3,\"name\":\"D\u017eein\u0117 Eir\"}]},{\"@type\":\"WebSite\",\"@id\":\"https:\/\/skaitytaknyga.lt\/#website\",\"url\":\"https:\/\/skaitytaknyga.lt\/\",\"name\":\"skaitytaknyga.lt\",\"description\":\"Skaitytaknyga.lt \u2013 tai ma\u017eas \u0161eimos verslas, kuris prasid\u0117jo nuo meil\u0117s knygoms ir siekio i\u0161gelb\u0117ti knygas nuo likimo prie konteinerio. Kas vienam nereikalingas daiktas \u2013 kitam lobis, o mes esame tarpininkai, kurie padeda abiems tapti laimingesniems ???? \u017dinome kaip nelengva i\u0161gyventi ma\u017eiems verslams, tad nuo \u0161iol, \u010dia rasite ir kit\u0173, ma\u017e\u0173 \u0161eim\u0173 versl\u0173, rank\u0173 darbo, dovan\u0173 sau ir artimiesiems.\",\"publisher\":{\"@id\":\"https:\/\/skaitytaknyga.lt\/#organization\"},\"potentialAction\":[{\"@type\":\"SearchAction\",\"target\":{\"@type\":\"EntryPoint\",\"urlTemplate\":\"https:\/\/skaitytaknyga.lt\/?s={search_term_string}\"},\"query-input\":{\"@type\":\"PropertyValueSpecification\",\"valueRequired\":true,\"valueName\":\"search_term_string\"}}],\"inLanguage\":\"en-GB\"},{\"@type\":\"Organization\",\"@id\":\"https:\/\/skaitytaknyga.lt\/#organization\",\"name\":\"skaitytaknyga.lt\",\"url\":\"https:\/\/skaitytaknyga.lt\/\",\"logo\":{\"@type\":\"ImageObject\",\"inLanguage\":\"en-GB\",\"@id\":\"https:\/\/skaitytaknyga.lt\/#\/schema\/logo\/image\/\",\"url\":\"https:\/\/skaitytaknyga.lt\/wp-content\/uploads\/2024\/05\/cropped-cropped-cropped-02_00843_jt3bggkj1j3HLc7SyY6rEUpg.jpeg\",\"contentUrl\":\"https:\/\/skaitytaknyga.lt\/wp-content\/uploads\/2024\/05\/cropped-cropped-cropped-02_00843_jt3bggkj1j3HLc7SyY6rEUpg.jpeg\",\"width\":1600,\"height\":1600,\"caption\":\"skaitytaknyga.lt\"},\"image\":{\"@id\":\"https:\/\/skaitytaknyga.lt\/#\/schema\/logo\/image\/\"},\"sameAs\":[\"https:\/\/www.facebook.com\/skaitytaknyga\/\"]}]}<\/script>\n<!-- \/ Yoast SEO plugin. -->","yoast_head_json":{"title":"D\u017eein\u0117 Eir","description":"\u201eD\u017eein\u0117 Eir\u201c \u2013 autobiografi\u0161kiausia \u0160arlot\u0117s Bront\u0117s knyga. Tai ir viena gra\u017eiausi\u0173 meil\u0117s istorij\u0173 angl\u0173 literat\u016broje. Ta\u010diau jos negalima pavadinti","robots":{"index":"index","follow":"follow","max-snippet":"max-snippet:-1","max-image-preview":"max-image-preview:large","max-video-preview":"max-video-preview:-1"},"canonical":"https:\/\/skaitytaknyga.lt\/en\/produktas\/dzeine-eir-2\/","og_locale":"en_GB","og_type":"article","og_title":"[:lt]D\u017eein\u0117 Eir[:] - Skaitytaknyga","og_description":"\u201eD\u017eein\u0117 Eir\u201c \u2013 autobiografi\u0161kiausia \u0160arlot\u0117s Bront\u0117s knyga. Tai ir viena gra\u017eiausi\u0173 meil\u0117s istorij\u0173 angl\u0173 literat\u016broje. Ta\u010diau jos negalima pavadinti","og_url":"https:\/\/skaitytaknyga.lt\/en\/produktas\/dzeine-eir-2\/","og_site_name":"Skaitytaknyga","article_publisher":"https:\/\/www.facebook.com\/skaitytaknyga\/","article_modified_time":"2025-09-27T15:49:00+00:00","og_image":[{"width":310,"height":500,"url":"https:\/\/skaitytaknyga.lt\/wp-content\/uploads\/2025\/08\/Dzeine-Eir-1.webp","type":"image\/webp"}],"twitter_card":"summary_large_image","twitter_misc":{"Estimated reading time":"1 minute"},"schema":{"@context":"https:\/\/schema.org","@graph":[{"@type":"WebPage","@id":"https:\/\/skaitytaknyga.lt\/produktas\/dzeine-eir-2\/","url":"https:\/\/skaitytaknyga.lt\/produktas\/dzeine-eir-2\/","name":"D\u017eein\u0117 Eir","isPartOf":{"@id":"https:\/\/skaitytaknyga.lt\/#website"},"primaryImageOfPage":{"@id":"https:\/\/skaitytaknyga.lt\/produktas\/dzeine-eir-2\/#primaryimage"},"image":{"@id":"https:\/\/skaitytaknyga.lt\/produktas\/dzeine-eir-2\/#primaryimage"},"thumbnailUrl":"https:\/\/skaitytaknyga.lt\/wp-content\/uploads\/2025\/08\/Dzeine-Eir-1.webp","datePublished":"2025-08-07T09:56:25+00:00","dateModified":"2025-09-27T15:49:00+00:00","description":"\u201eD\u017eein\u0117 Eir\u201c \u2013 autobiografi\u0161kiausia \u0160arlot\u0117s Bront\u0117s knyga. Tai ir viena gra\u017eiausi\u0173 meil\u0117s istorij\u0173 angl\u0173 literat\u016broje. Ta\u010diau jos negalima pavadinti","breadcrumb":{"@id":"https:\/\/skaitytaknyga.lt\/produktas\/dzeine-eir-2\/#breadcrumb"},"inLanguage":"en-GB","potentialAction":[{"@type":"ReadAction","target":["https:\/\/skaitytaknyga.lt\/produktas\/dzeine-eir-2\/"]}]},{"@type":"ImageObject","inLanguage":"en-GB","@id":"https:\/\/skaitytaknyga.lt\/produktas\/dzeine-eir-2\/#primaryimage","url":"https:\/\/skaitytaknyga.lt\/wp-content\/uploads\/2025\/08\/Dzeine-Eir-1.webp","contentUrl":"https:\/\/skaitytaknyga.lt\/wp-content\/uploads\/2025\/08\/Dzeine-Eir-1.webp","width":310,"height":500},{"@type":"BreadcrumbList","@id":"https:\/\/skaitytaknyga.lt\/produktas\/dzeine-eir-2\/#breadcrumb","itemListElement":[{"@type":"ListItem","position":1,"name":"Home","item":"https:\/\/skaitytaknyga.lt\/"},{"@type":"ListItem","position":2,"name":"Parduotuv\u0117","item":"https:\/\/skaitytaknyga.lt\/knygu-parduotuve\/"},{"@type":"ListItem","position":3,"name":"D\u017eein\u0117 Eir"}]},{"@type":"WebSite","@id":"https:\/\/skaitytaknyga.lt\/#website","url":"https:\/\/skaitytaknyga.lt\/","name":"skaitytaknyga.lt","description":"Skaitytaknyga.lt \u2013 tai ma\u017eas \u0161eimos verslas, kuris prasid\u0117jo nuo meil\u0117s knygoms ir siekio i\u0161gelb\u0117ti knygas nuo likimo prie konteinerio. Kas vienam nereikalingas daiktas \u2013 kitam lobis, o mes esame tarpininkai, kurie padeda abiems tapti laimingesniems ???? \u017dinome kaip nelengva i\u0161gyventi ma\u017eiems verslams, tad nuo \u0161iol, \u010dia rasite ir kit\u0173, ma\u017e\u0173 \u0161eim\u0173 versl\u0173, rank\u0173 darbo, dovan\u0173 sau ir artimiesiems.","publisher":{"@id":"https:\/\/skaitytaknyga.lt\/#organization"},"potentialAction":[{"@type":"SearchAction","target":{"@type":"EntryPoint","urlTemplate":"https:\/\/skaitytaknyga.lt\/?s={search_term_string}"},"query-input":{"@type":"PropertyValueSpecification","valueRequired":true,"valueName":"search_term_string"}}],"inLanguage":"en-GB"},{"@type":"Organization","@id":"https:\/\/skaitytaknyga.lt\/#organization","name":"skaitytaknyga.lt","url":"https:\/\/skaitytaknyga.lt\/","logo":{"@type":"ImageObject","inLanguage":"en-GB","@id":"https:\/\/skaitytaknyga.lt\/#\/schema\/logo\/image\/","url":"https:\/\/skaitytaknyga.lt\/wp-content\/uploads\/2024\/05\/cropped-cropped-cropped-02_00843_jt3bggkj1j3HLc7SyY6rEUpg.jpeg","contentUrl":"https:\/\/skaitytaknyga.lt\/wp-content\/uploads\/2024\/05\/cropped-cropped-cropped-02_00843_jt3bggkj1j3HLc7SyY6rEUpg.jpeg","width":1600,"height":1600,"caption":"skaitytaknyga.lt"},"image":{"@id":"https:\/\/skaitytaknyga.lt\/#\/schema\/logo\/image\/"},"sameAs":["https:\/\/www.facebook.com\/skaitytaknyga\/"]}]}},"_links":{"self":[{"href":"https:\/\/skaitytaknyga.lt\/en\/wp-json\/wp\/v2\/product\/20264","targetHints":{"allow":["GET"]}}],"collection":[{"href":"https:\/\/skaitytaknyga.lt\/en\/wp-json\/wp\/v2\/product"}],"about":[{"href":"https:\/\/skaitytaknyga.lt\/en\/wp-json\/wp\/v2\/types\/product"}],"replies":[{"embeddable":true,"href":"https:\/\/skaitytaknyga.lt\/en\/wp-json\/wp\/v2\/comments?post=20264"}],"wp:featuredmedia":[{"embeddable":true,"href":"https:\/\/skaitytaknyga.lt\/en\/wp-json\/wp\/v2\/media\/20269"}],"wp:attachment":[{"href":"https:\/\/skaitytaknyga.lt\/en\/wp-json\/wp\/v2\/media?parent=20264"}],"wp:term":[{"taxonomy":"product_brand","embeddable":true,"href":"https:\/\/skaitytaknyga.lt\/en\/wp-json\/wp\/v2\/product_brand?post=20264"},{"taxonomy":"product_cat","embeddable":true,"href":"https:\/\/skaitytaknyga.lt\/en\/wp-json\/wp\/v2\/product_cat?post=20264"},{"taxonomy":"product_tag","embeddable":true,"href":"https:\/\/skaitytaknyga.lt\/en\/wp-json\/wp\/v2\/product_tag?post=20264"}],"curies":[{"name":"wp","href":"https:\/\/api.w.org\/{rel}","templated":true}]}}