{"id":20263,"date":"2025-08-07T12:56:25","date_gmt":"2025-08-07T09:56:25","guid":{"rendered":"https:\/\/skaitytaknyga.lt\/?post_type=product&#038;p=20263"},"modified":"2026-03-18T10:53:40","modified_gmt":"2026-03-18T08:53:40","slug":"niekada-daugiau","status":"publish","type":"product","link":"https:\/\/skaitytaknyga.lt\/en\/produktas\/niekada-daugiau\/","title":{"rendered":"Niekada daugiau"},"content":{"rendered":"<p>Permainingas gyvenimas atved\u0117 Tiz\u0119 \u012f Roven Mer\u0105 \u2013 paslapting\u0105, klaid\u0173 dvar\u0105 provincijos gl\u016bdumoje. Ji labai nori susipa\u017einti su dvaro savininku lordu Rupertu ir jo dukra Greta. Tiz\u0117 tikisi, kad Greta taps jos drauge, kuri\u0105 taip trok\u0161ta tur\u0117ti. Bet dvaras atrodo kaip muziejus, ir niekas ne\u017eino, kada lordas Rupertas su Greta gr\u012f\u0161 namo.<\/p>\n<p>Ap\u017ei\u016brin\u0117dama nam\u0105 ir klaid\u017eiodama jo koridoriais Tiz\u0117 atskleid\u017eia stulbinam\u0105 ties\u0105, kod\u0117l ji pateko \u012f Roven Mer\u0105&#8230;<\/p>\n<p>Apie autor\u0119<\/p>\n<p>Linda Newbery \u2013 daugiau kaip trisde\u0161imties puikiai \u012fvertint\u0173 knyg\u0173, skirt\u0173 \u012fvairaus am\u017eiaus skaitytojams, autor\u0117. 2006 m. jos romanas \u201eSusting\u0119s akmenyje\u201c peln\u0117 vien\u0105 presti\u017ei\u0161kiausi\u0173 ir svarbiausi\u0173 Jungtin\u0117s karalyst\u0117s literat\u016bros premij\u0173 Costa Books knyg\u0173 vaikams kategorijoje. Linda svajojo tapti ra\u0161ytoja nuo a\u0161tuoneri\u0173 met\u0173. Dabar ji yra gro\u017ein\u0117s literat\u016bros ra\u0161ytoja, ra\u0161o savo namuose Nortampton\u0161yre. Ji da\u017enai kvie\u010diama \u012f susitikimus mokyklose ir bibliotekose, taip pat dalyvauja \u012fvairiose \u0161vent\u0117se ir konferencijose.<\/p>\n","protected":false},"excerpt":{"rendered":"<p>Permainingas gyvenimas atved\u0117 Tiz\u0119 \u012f Roven Mer\u0105 \u2013 paslapting\u0105, klaid\u0173 dvar\u0105 provincijos gl\u016bdumoje. Ji labai nori susipa\u017einti su dvaro savininku lordu Rupertu ir jo dukra Greta. Tiz\u0117 tikisi, kad Greta taps jos drauge, kuri\u0105 taip trok\u0161ta tur\u0117ti. Bet dvaras atrodo kaip muziejus, ir niekas ne\u017eino, kada lordas Rupertas su Greta gr\u012f\u0161 namo. Ap\u017ei\u016brin\u0117dama nam\u0105 ir klaid\u017eiodama jo koridoriais Tiz\u0117 atskleid\u017eia stulbinam\u0105 ties\u0105, kod\u0117l ji pateko \u012f Roven Mer\u0105&#8230; Apie autor\u0119 Linda Newbery \u2013 daugiau kaip trisde\u0161imties puikiai \u012fvertint\u0173 knyg\u0173, skirt\u0173 \u012fvairaus am\u017eiaus skaitytojams, autor\u0117. 2006 m. jos romanas \u201eSusting\u0119s akmenyje\u201c peln\u0117 vien\u0105 presti\u017ei\u0161kiausi\u0173 ir svarbiausi\u0173 Jungtin\u0117s karalyst\u0117s literat\u016bros premij\u0173 Costa Books knyg\u0173 vaikams kategorijoje. Linda svajojo tapti ra\u0161ytoja nuo a\u0161tuoneri\u0173 met\u0173. Dabar ji yra gro\u017ein\u0117s literat\u016bros ra\u0161ytoja, ra\u0161o savo namuose Nortampton\u0161yre. Ji da\u017enai kvie\u010diama \u012f susitikimus mokyklose ir bibliotekose, taip pat dalyvauja \u012fvairiose \u0161vent\u0117se ir konferencijose.<\/p>\n","protected":false},"featured_media":20268,"comment_status":"open","ping_status":"closed","template":"","meta":{"_acf_changed":false,"site-sidebar-layout":"default","site-content-layout":"","ast-site-content-layout":"default","site-content-style":"default","site-sidebar-style":"default","ast-global-header-display":"","ast-banner-title-visibility":"","ast-main-header-display":"","ast-hfb-above-header-display":"","ast-hfb-below-header-display":"","ast-hfb-mobile-header-display":"","site-post-title":"","ast-breadcrumbs-content":"","ast-featured-img":"","footer-sml-layout":"","ast-disable-related-posts":"","theme-transparent-header-meta":"","adv-header-id-meta":"","stick-header-meta":"","header-above-stick-meta":"","header-main-stick-meta":"","header-below-stick-meta":"","astra-migrate-meta-layouts":"default","ast-page-background-enabled":"default","ast-page-background-meta":{"desktop":{"background-color":"","background-image":"","background-repeat":"repeat","background-position":"center center","background-size":"auto","background-attachment":"scroll","background-type":"","background-media":"","overlay-type":"","overlay-color":"","overlay-opacity":"","overlay-gradient":""},"tablet":{"background-color":"","background-image":"","background-repeat":"repeat","background-position":"center center","background-size":"auto","background-attachment":"scroll","background-type":"","background-media":"","overlay-type":"","overlay-color":"","overlay-opacity":"","overlay-gradient":""},"mobile":{"background-color":"","background-image":"","background-repeat":"repeat","background-position":"center center","background-size":"auto","background-attachment":"scroll","background-type":"","background-media":"","overlay-type":"","overlay-color":"","overlay-opacity":"","overlay-gradient":""}},"ast-content-background-meta":{"desktop":{"background-color":"var(--ast-global-color-4)","background-image":"","background-repeat":"repeat","background-position":"center center","background-size":"auto","background-attachment":"scroll","background-type":"","background-media":"","overlay-type":"","overlay-color":"","overlay-opacity":"","overlay-gradient":""},"tablet":{"background-color":"var(--ast-global-color-4)","background-image":"","background-repeat":"repeat","background-position":"center center","background-size":"auto","background-attachment":"scroll","background-type":"","background-media":"","overlay-type":"","overlay-color":"","overlay-opacity":"","overlay-gradient":""},"mobile":{"background-color":"var(--ast-global-color-4)","background-image":"","background-repeat":"repeat","background-position":"center center","background-size":"auto","background-attachment":"scroll","background-type":"","background-media":"","overlay-type":"","overlay-color":"","overlay-opacity":"","overlay-gradient":""}}},"product_brand":[],"product_cat":[9734,9693],"product_tag":[],"class_list":{"0":"post-20263","1":"product","2":"type-product","3":"status-publish","4":"has-post-thumbnail","6":"product_cat-romanai","7":"product_cat-visos-prekes","8":"desktop-align-left","9":"tablet-align-left","10":"mobile-align-left","12":"first","13":"instock","14":"shipping-taxable","15":"purchasable","16":"product-type-simple"},"acf":[],"yoast_head":"<!-- This site is optimized with the Yoast SEO plugin v27.0 - https:\/\/yoast.com\/product\/yoast-seo-wordpress\/ -->\n<title>Niekada daugiau<\/title>\n<meta name=\"description\" content=\"Permainingas gyvenimas atved\u0117 Tiz\u0119 \u012f Roven Mer\u0105 \u2013 paslapting\u0105, klaid\u0173 dvar\u0105 provincijos gl\u016bdumoje. Ji labai nori susipa\u017einti su dvaro savininku lordu\" \/>\n<meta name=\"robots\" content=\"index, follow, max-snippet:-1, max-image-preview:large, max-video-preview:-1\" \/>\n<link rel=\"canonical\" href=\"https:\/\/skaitytaknyga.lt\/en\/produktas\/niekada-daugiau\/\" \/>\n<meta property=\"og:locale\" content=\"en_GB\" \/>\n<meta property=\"og:locale:alternate\" content=\"lt_LT\" \/>\n<meta property=\"og:type\" content=\"article\" \/>\n<meta property=\"og:title\" content=\"Niekada daugiau\" \/>\n<meta property=\"og:description\" content=\"Permainingas gyvenimas atved\u0117 Tiz\u0119 \u012f Roven Mer\u0105 \u2013 paslapting\u0105, klaid\u0173 dvar\u0105 provincijos gl\u016bdumoje. Ji labai nori susipa\u017einti su dvaro savininku lordu\" \/>\n<meta property=\"og:url\" content=\"https:\/\/skaitytaknyga.lt\/en\/produktas\/niekada-daugiau\/\" \/>\n<meta property=\"og:site_name\" content=\"Skaitytaknyga\" \/>\n<meta property=\"article:publisher\" content=\"https:\/\/www.facebook.com\/skaitytaknyga\/\" \/>\n<meta property=\"article:modified_time\" content=\"2026-03-18T08:53:40+00:00\" \/>\n<meta property=\"og:image\" content=\"https:\/\/skaitytaknyga.lt\/wp-content\/uploads\/2025\/08\/Niekada-daugiau-1.webp\" \/>\n\t<meta property=\"og:image:width\" content=\"380\" \/>\n\t<meta property=\"og:image:height\" content=\"600\" \/>\n\t<meta property=\"og:image:type\" content=\"image\/webp\" \/>\n<meta name=\"twitter:card\" content=\"summary_large_image\" \/>\n<meta name=\"twitter:label1\" content=\"Estimated reading time\" \/>\n\t<meta name=\"twitter:data1\" content=\"1 minute\" \/>\n<script type=\"application\/ld+json\" class=\"yoast-schema-graph\">{\"@context\":\"https:\/\/schema.org\",\"@graph\":[{\"@type\":\"WebPage\",\"@id\":\"https:\/\/skaitytaknyga.lt\/produktas\/niekada-daugiau\/\",\"url\":\"https:\/\/skaitytaknyga.lt\/produktas\/niekada-daugiau\/\",\"name\":\"Niekada daugiau\",\"isPartOf\":{\"@id\":\"https:\/\/skaitytaknyga.lt\/#website\"},\"primaryImageOfPage\":{\"@id\":\"https:\/\/skaitytaknyga.lt\/produktas\/niekada-daugiau\/#primaryimage\"},\"image\":{\"@id\":\"https:\/\/skaitytaknyga.lt\/produktas\/niekada-daugiau\/#primaryimage\"},\"thumbnailUrl\":\"https:\/\/skaitytaknyga.lt\/wp-content\/uploads\/2025\/08\/Niekada-daugiau-1.webp\",\"datePublished\":\"2025-08-07T09:56:25+00:00\",\"dateModified\":\"2026-03-18T08:53:40+00:00\",\"description\":\"Permainingas gyvenimas atved\u0117 Tiz\u0119 \u012f Roven Mer\u0105 \u2013 paslapting\u0105, klaid\u0173 dvar\u0105 provincijos gl\u016bdumoje. Ji labai nori susipa\u017einti su dvaro savininku lordu\",\"breadcrumb\":{\"@id\":\"https:\/\/skaitytaknyga.lt\/produktas\/niekada-daugiau\/#breadcrumb\"},\"inLanguage\":\"en-GB\",\"potentialAction\":[{\"@type\":\"ReadAction\",\"target\":[\"https:\/\/skaitytaknyga.lt\/produktas\/niekada-daugiau\/\"]}]},{\"@type\":\"ImageObject\",\"inLanguage\":\"en-GB\",\"@id\":\"https:\/\/skaitytaknyga.lt\/produktas\/niekada-daugiau\/#primaryimage\",\"url\":\"https:\/\/skaitytaknyga.lt\/wp-content\/uploads\/2025\/08\/Niekada-daugiau-1.webp\",\"contentUrl\":\"https:\/\/skaitytaknyga.lt\/wp-content\/uploads\/2025\/08\/Niekada-daugiau-1.webp\",\"width\":380,\"height\":600,\"caption\":\"Niekada daugiau\"},{\"@type\":\"BreadcrumbList\",\"@id\":\"https:\/\/skaitytaknyga.lt\/produktas\/niekada-daugiau\/#breadcrumb\",\"itemListElement\":[{\"@type\":\"ListItem\",\"position\":1,\"name\":\"Home\",\"item\":\"https:\/\/skaitytaknyga.lt\/\"},{\"@type\":\"ListItem\",\"position\":2,\"name\":\"Parduotuv\u0117\",\"item\":\"https:\/\/skaitytaknyga.lt\/knygu-parduotuve\/\"},{\"@type\":\"ListItem\",\"position\":3,\"name\":\"Niekada daugiau\"}]},{\"@type\":\"WebSite\",\"@id\":\"https:\/\/skaitytaknyga.lt\/#website\",\"url\":\"https:\/\/skaitytaknyga.lt\/\",\"name\":\"skaitytaknyga.lt\",\"description\":\"Skaitytaknyga.lt \u2013 tai ma\u017eas \u0161eimos verslas, kuris prasid\u0117jo nuo meil\u0117s knygoms ir siekio i\u0161gelb\u0117ti knygas nuo likimo prie konteinerio. Kas vienam nereikalingas daiktas \u2013 kitam lobis, o mes esame tarpininkai, kurie padeda abiems tapti laimingesniems ???? \u017dinome kaip nelengva i\u0161gyventi ma\u017eiems verslams, tad nuo \u0161iol, \u010dia rasite ir kit\u0173, ma\u017e\u0173 \u0161eim\u0173 versl\u0173, rank\u0173 darbo, dovan\u0173 sau ir artimiesiems.\",\"publisher\":{\"@id\":\"https:\/\/skaitytaknyga.lt\/#organization\"},\"potentialAction\":[{\"@type\":\"SearchAction\",\"target\":{\"@type\":\"EntryPoint\",\"urlTemplate\":\"https:\/\/skaitytaknyga.lt\/?s={search_term_string}\"},\"query-input\":{\"@type\":\"PropertyValueSpecification\",\"valueRequired\":true,\"valueName\":\"search_term_string\"}}],\"inLanguage\":\"en-GB\"},{\"@type\":\"Organization\",\"@id\":\"https:\/\/skaitytaknyga.lt\/#organization\",\"name\":\"skaitytaknyga.lt\",\"url\":\"https:\/\/skaitytaknyga.lt\/\",\"logo\":{\"@type\":\"ImageObject\",\"inLanguage\":\"en-GB\",\"@id\":\"https:\/\/skaitytaknyga.lt\/#\/schema\/logo\/image\/\",\"url\":\"https:\/\/skaitytaknyga.lt\/wp-content\/uploads\/2024\/05\/cropped-cropped-cropped-02_00843_jt3bggkj1j3HLc7SyY6rEUpg.jpeg\",\"contentUrl\":\"https:\/\/skaitytaknyga.lt\/wp-content\/uploads\/2024\/05\/cropped-cropped-cropped-02_00843_jt3bggkj1j3HLc7SyY6rEUpg.jpeg\",\"width\":1600,\"height\":1600,\"caption\":\"skaitytaknyga.lt\"},\"image\":{\"@id\":\"https:\/\/skaitytaknyga.lt\/#\/schema\/logo\/image\/\"},\"sameAs\":[\"https:\/\/www.facebook.com\/skaitytaknyga\/\"]}]}<\/script>\n<!-- \/ Yoast SEO plugin. -->","yoast_head_json":{"title":"Niekada daugiau","description":"Permainingas gyvenimas atved\u0117 Tiz\u0119 \u012f Roven Mer\u0105 \u2013 paslapting\u0105, klaid\u0173 dvar\u0105 provincijos gl\u016bdumoje. Ji labai nori susipa\u017einti su dvaro savininku lordu","robots":{"index":"index","follow":"follow","max-snippet":"max-snippet:-1","max-image-preview":"max-image-preview:large","max-video-preview":"max-video-preview:-1"},"canonical":"https:\/\/skaitytaknyga.lt\/en\/produktas\/niekada-daugiau\/","og_locale":"en_GB","og_type":"article","og_title":"[:lt]Niekada daugiau[:] - Skaitytaknyga","og_description":"Permainingas gyvenimas atved\u0117 Tiz\u0119 \u012f Roven Mer\u0105 \u2013 paslapting\u0105, klaid\u0173 dvar\u0105 provincijos gl\u016bdumoje. Ji labai nori susipa\u017einti su dvaro savininku lordu","og_url":"https:\/\/skaitytaknyga.lt\/en\/produktas\/niekada-daugiau\/","og_site_name":"Skaitytaknyga","article_publisher":"https:\/\/www.facebook.com\/skaitytaknyga\/","article_modified_time":"2026-03-18T08:53:40+00:00","og_image":[{"width":380,"height":600,"url":"https:\/\/skaitytaknyga.lt\/wp-content\/uploads\/2025\/08\/Niekada-daugiau-1.webp","type":"image\/webp"}],"twitter_card":"summary_large_image","twitter_misc":{"Estimated reading time":"1 minute"},"schema":{"@context":"https:\/\/schema.org","@graph":[{"@type":"WebPage","@id":"https:\/\/skaitytaknyga.lt\/produktas\/niekada-daugiau\/","url":"https:\/\/skaitytaknyga.lt\/produktas\/niekada-daugiau\/","name":"Niekada daugiau","isPartOf":{"@id":"https:\/\/skaitytaknyga.lt\/#website"},"primaryImageOfPage":{"@id":"https:\/\/skaitytaknyga.lt\/produktas\/niekada-daugiau\/#primaryimage"},"image":{"@id":"https:\/\/skaitytaknyga.lt\/produktas\/niekada-daugiau\/#primaryimage"},"thumbnailUrl":"https:\/\/skaitytaknyga.lt\/wp-content\/uploads\/2025\/08\/Niekada-daugiau-1.webp","datePublished":"2025-08-07T09:56:25+00:00","dateModified":"2026-03-18T08:53:40+00:00","description":"Permainingas gyvenimas atved\u0117 Tiz\u0119 \u012f Roven Mer\u0105 \u2013 paslapting\u0105, klaid\u0173 dvar\u0105 provincijos gl\u016bdumoje. Ji labai nori susipa\u017einti su dvaro savininku lordu","breadcrumb":{"@id":"https:\/\/skaitytaknyga.lt\/produktas\/niekada-daugiau\/#breadcrumb"},"inLanguage":"en-GB","potentialAction":[{"@type":"ReadAction","target":["https:\/\/skaitytaknyga.lt\/produktas\/niekada-daugiau\/"]}]},{"@type":"ImageObject","inLanguage":"en-GB","@id":"https:\/\/skaitytaknyga.lt\/produktas\/niekada-daugiau\/#primaryimage","url":"https:\/\/skaitytaknyga.lt\/wp-content\/uploads\/2025\/08\/Niekada-daugiau-1.webp","contentUrl":"https:\/\/skaitytaknyga.lt\/wp-content\/uploads\/2025\/08\/Niekada-daugiau-1.webp","width":380,"height":600,"caption":"Niekada daugiau"},{"@type":"BreadcrumbList","@id":"https:\/\/skaitytaknyga.lt\/produktas\/niekada-daugiau\/#breadcrumb","itemListElement":[{"@type":"ListItem","position":1,"name":"Home","item":"https:\/\/skaitytaknyga.lt\/"},{"@type":"ListItem","position":2,"name":"Parduotuv\u0117","item":"https:\/\/skaitytaknyga.lt\/knygu-parduotuve\/"},{"@type":"ListItem","position":3,"name":"Niekada daugiau"}]},{"@type":"WebSite","@id":"https:\/\/skaitytaknyga.lt\/#website","url":"https:\/\/skaitytaknyga.lt\/","name":"skaitytaknyga.lt","description":"Skaitytaknyga.lt \u2013 tai ma\u017eas \u0161eimos verslas, kuris prasid\u0117jo nuo meil\u0117s knygoms ir siekio i\u0161gelb\u0117ti knygas nuo likimo prie konteinerio. Kas vienam nereikalingas daiktas \u2013 kitam lobis, o mes esame tarpininkai, kurie padeda abiems tapti laimingesniems ???? \u017dinome kaip nelengva i\u0161gyventi ma\u017eiems verslams, tad nuo \u0161iol, \u010dia rasite ir kit\u0173, ma\u017e\u0173 \u0161eim\u0173 versl\u0173, rank\u0173 darbo, dovan\u0173 sau ir artimiesiems.","publisher":{"@id":"https:\/\/skaitytaknyga.lt\/#organization"},"potentialAction":[{"@type":"SearchAction","target":{"@type":"EntryPoint","urlTemplate":"https:\/\/skaitytaknyga.lt\/?s={search_term_string}"},"query-input":{"@type":"PropertyValueSpecification","valueRequired":true,"valueName":"search_term_string"}}],"inLanguage":"en-GB"},{"@type":"Organization","@id":"https:\/\/skaitytaknyga.lt\/#organization","name":"skaitytaknyga.lt","url":"https:\/\/skaitytaknyga.lt\/","logo":{"@type":"ImageObject","inLanguage":"en-GB","@id":"https:\/\/skaitytaknyga.lt\/#\/schema\/logo\/image\/","url":"https:\/\/skaitytaknyga.lt\/wp-content\/uploads\/2024\/05\/cropped-cropped-cropped-02_00843_jt3bggkj1j3HLc7SyY6rEUpg.jpeg","contentUrl":"https:\/\/skaitytaknyga.lt\/wp-content\/uploads\/2024\/05\/cropped-cropped-cropped-02_00843_jt3bggkj1j3HLc7SyY6rEUpg.jpeg","width":1600,"height":1600,"caption":"skaitytaknyga.lt"},"image":{"@id":"https:\/\/skaitytaknyga.lt\/#\/schema\/logo\/image\/"},"sameAs":["https:\/\/www.facebook.com\/skaitytaknyga\/"]}]}},"_links":{"self":[{"href":"https:\/\/skaitytaknyga.lt\/en\/wp-json\/wp\/v2\/product\/20263","targetHints":{"allow":["GET"]}}],"collection":[{"href":"https:\/\/skaitytaknyga.lt\/en\/wp-json\/wp\/v2\/product"}],"about":[{"href":"https:\/\/skaitytaknyga.lt\/en\/wp-json\/wp\/v2\/types\/product"}],"replies":[{"embeddable":true,"href":"https:\/\/skaitytaknyga.lt\/en\/wp-json\/wp\/v2\/comments?post=20263"}],"wp:featuredmedia":[{"embeddable":true,"href":"https:\/\/skaitytaknyga.lt\/en\/wp-json\/wp\/v2\/media\/20268"}],"wp:attachment":[{"href":"https:\/\/skaitytaknyga.lt\/en\/wp-json\/wp\/v2\/media?parent=20263"}],"wp:term":[{"taxonomy":"product_brand","embeddable":true,"href":"https:\/\/skaitytaknyga.lt\/en\/wp-json\/wp\/v2\/product_brand?post=20263"},{"taxonomy":"product_cat","embeddable":true,"href":"https:\/\/skaitytaknyga.lt\/en\/wp-json\/wp\/v2\/product_cat?post=20263"},{"taxonomy":"product_tag","embeddable":true,"href":"https:\/\/skaitytaknyga.lt\/en\/wp-json\/wp\/v2\/product_tag?post=20263"}],"curies":[{"name":"wp","href":"https:\/\/api.w.org\/{rel}","templated":true}]}}