{"id":20253,"date":"2025-08-06T14:10:09","date_gmt":"2025-08-06T11:10:09","guid":{"rendered":"https:\/\/skaitytaknyga.lt\/?post_type=product&#038;p=20253"},"modified":"2025-08-06T14:22:39","modified_gmt":"2025-08-06T11:22:39","slug":"palaidotas-cezaris","status":"publish","type":"product","link":"https:\/\/skaitytaknyga.lt\/en\/produktas\/palaidotas-cezaris\/","title":{"rendered":"Palaidotas Cezaris"},"content":{"rendered":"<p>Subtili ironija, \u012ftempta intriga, kibirk\u0161\u010diuojantys s\u0105mojai, spindinti Nero Volfo i\u0161mintis neleid\u017eia atsitraukti nuo knygos iki paskutinio puslapio.<br \/>\n\u017davusis Nero Volfas tiria bylas&#8230; namuose, nes i\u0161 nam\u0173 i\u0161va\u017eiuoja tik pas sen\u0105 draug\u0105 ar pas ger\u0105 vir\u0117j\u0105, yra gurmanas, turi mil\u017eini\u0161k\u0105 orchid\u0117j\u0173 kolekcij\u0105. Jo orchidarium\u0105 puo\u0161ia daugiau kaip de\u0161imt t\u016bkstan\u010di\u0173 augal\u0173, tad visus pinigus, gautus u\u017e atskleistus nusikaltimus, i\u0161leid\u017eia elitin\u0117ms orchid\u0117j\u0173 r\u016b\u0161ims \u012fsigyti. Kai paai\u0161k\u0117ja, jog atsirado \u017emogus, sumok\u0117j\u0119s u\u017e Cezar\u012f gerokai daugiau, nei jis vertas, ir \u012f pagalb\u0105 pasi\u0161aukiamas pats Nero Volfas, \u0161\u012f reikal\u0105 apgaubia tikrai imperatori\u0161kos paslapties \u0161ydas&#8230;<br \/>\nRomanai apie Nero Volf\u0105 net vadinami vadov\u0117liais pradedantiesiems sodininkams. Pats autorius, Reksas Stautas, niekada orchid\u0117jomis neu\u017esiimin\u0117jo, o jo aistra buvo bra\u0161k\u0117s (daugelis jo i\u0161vest\u0173 veisli\u0173 apdovanotos parodose).<\/p>\n<p>Romanas \u201ePalaidotas Cezaris\u201c yra vienas i\u0161 \u201e\u0160imto geriausi\u0173 XX a. detektyv\u0173\u201c, kur\u012f sudar\u0117 brit\u0173 literat\u016bros kritikai.<\/p>\n","protected":false},"excerpt":{"rendered":"<p>Subtili ironija, \u012ftempta intriga, kibirk\u0161\u010diuojantys s\u0105mojai, spindinti Nero Volfo i\u0161mintis neleid\u017eia atsitraukti nuo knygos iki paskutinio puslapio. \u017davusis Nero Volfas tiria bylas&#8230; namuose, nes i\u0161 nam\u0173 i\u0161va\u017eiuoja tik pas sen\u0105 draug\u0105 ar pas ger\u0105 vir\u0117j\u0105, yra gurmanas, turi mil\u017eini\u0161k\u0105 orchid\u0117j\u0173 kolekcij\u0105. Jo orchidarium\u0105 puo\u0161ia daugiau kaip de\u0161imt t\u016bkstan\u010di\u0173 augal\u0173, tad visus pinigus, gautus u\u017e atskleistus nusikaltimus, i\u0161leid\u017eia elitin\u0117ms orchid\u0117j\u0173 r\u016b\u0161ims \u012fsigyti. Kai paai\u0161k\u0117ja, jog atsirado \u017emogus, sumok\u0117j\u0119s u\u017e Cezar\u012f gerokai daugiau, nei jis vertas, ir \u012f pagalb\u0105 pasi\u0161aukiamas pats Nero Volfas, \u0161\u012f reikal\u0105 apgaubia tikrai imperatori\u0161kos paslapties \u0161ydas&#8230; Romanai apie Nero Volf\u0105 net vadinami vadov\u0117liais pradedantiesiems sodininkams. Pats autorius, Reksas Stautas, niekada orchid\u0117jomis neu\u017esiimin\u0117jo, o jo aistra buvo bra\u0161k\u0117s (daugelis jo i\u0161vest\u0173 veisli\u0173 apdovanotos parodose). Romanas \u201ePalaidotas Cezaris\u201c yra vienas i\u0161 \u201e\u0160imto geriausi\u0173 XX a. detektyv\u0173\u201c, kur\u012f sudar\u0117 brit\u0173 literat\u016bros kritikai.<\/p>\n","protected":false},"featured_media":20258,"comment_status":"open","ping_status":"closed","template":"","meta":{"_acf_changed":false,"site-sidebar-layout":"default","site-content-layout":"","ast-site-content-layout":"default","site-content-style":"default","site-sidebar-style":"default","ast-global-header-display":"","ast-banner-title-visibility":"","ast-main-header-display":"","ast-hfb-above-header-display":"","ast-hfb-below-header-display":"","ast-hfb-mobile-header-display":"","site-post-title":"","ast-breadcrumbs-content":"","ast-featured-img":"","footer-sml-layout":"","ast-disable-related-posts":"","theme-transparent-header-meta":"","adv-header-id-meta":"","stick-header-meta":"","header-above-stick-meta":"","header-main-stick-meta":"","header-below-stick-meta":"","astra-migrate-meta-layouts":"default","ast-page-background-enabled":"default","ast-page-background-meta":{"desktop":{"background-color":"","background-image":"","background-repeat":"repeat","background-position":"center center","background-size":"auto","background-attachment":"scroll","background-type":"","background-media":"","overlay-type":"","overlay-color":"","overlay-opacity":"","overlay-gradient":""},"tablet":{"background-color":"","background-image":"","background-repeat":"repeat","background-position":"center center","background-size":"auto","background-attachment":"scroll","background-type":"","background-media":"","overlay-type":"","overlay-color":"","overlay-opacity":"","overlay-gradient":""},"mobile":{"background-color":"","background-image":"","background-repeat":"repeat","background-position":"center center","background-size":"auto","background-attachment":"scroll","background-type":"","background-media":"","overlay-type":"","overlay-color":"","overlay-opacity":"","overlay-gradient":""}},"ast-content-background-meta":{"desktop":{"background-color":"var(--ast-global-color-4)","background-image":"","background-repeat":"repeat","background-position":"center center","background-size":"auto","background-attachment":"scroll","background-type":"","background-media":"","overlay-type":"","overlay-color":"","overlay-opacity":"","overlay-gradient":""},"tablet":{"background-color":"var(--ast-global-color-4)","background-image":"","background-repeat":"repeat","background-position":"center center","background-size":"auto","background-attachment":"scroll","background-type":"","background-media":"","overlay-type":"","overlay-color":"","overlay-opacity":"","overlay-gradient":""},"mobile":{"background-color":"var(--ast-global-color-4)","background-image":"","background-repeat":"repeat","background-position":"center center","background-size":"auto","background-attachment":"scroll","background-type":"","background-media":"","overlay-type":"","overlay-color":"","overlay-opacity":"","overlay-gradient":""}}},"product_brand":[],"product_cat":[31],"product_tag":[1476,7419,7420,7421],"class_list":{"0":"post-20253","1":"product","2":"type-product","3":"status-publish","4":"has-post-thumbnail","6":"product_cat-grozine-literatura","7":"product_tag-detektyvas","8":"product_tag-klasikinis-detektyvas","9":"product_tag-nero-volfas","10":"product_tag-rex-stout","11":"desktop-align-left","12":"tablet-align-left","13":"mobile-align-left","15":"first","16":"instock","17":"shipping-taxable","18":"purchasable","19":"product-type-simple"},"acf":[],"yoast_head":"<!-- This site is optimized with the Yoast SEO plugin v27.0 - https:\/\/yoast.com\/product\/yoast-seo-wordpress\/ -->\n<title>Palaidotas Cezaris<\/title>\n<meta name=\"description\" content=\"Subtili ironija, \u012ftempta intriga, kibirk\u0161\u010diuojantys s\u0105mojai, spindinti Nero Volfo i\u0161mintis neleid\u017eia atsitraukti nuo knygos iki paskutinio puslapio.\" \/>\n<meta name=\"robots\" content=\"index, follow, max-snippet:-1, max-image-preview:large, max-video-preview:-1\" \/>\n<link rel=\"canonical\" href=\"https:\/\/skaitytaknyga.lt\/en\/produktas\/palaidotas-cezaris\/\" \/>\n<meta property=\"og:locale\" content=\"en_GB\" \/>\n<meta property=\"og:locale:alternate\" content=\"lt_LT\" \/>\n<meta property=\"og:type\" content=\"article\" \/>\n<meta property=\"og:title\" content=\"Palaidotas Cezaris\" \/>\n<meta property=\"og:description\" content=\"Subtili ironija, \u012ftempta intriga, kibirk\u0161\u010diuojantys s\u0105mojai, spindinti Nero Volfo i\u0161mintis neleid\u017eia atsitraukti nuo knygos iki paskutinio puslapio.\" \/>\n<meta property=\"og:url\" content=\"https:\/\/skaitytaknyga.lt\/en\/produktas\/palaidotas-cezaris\/\" \/>\n<meta property=\"og:site_name\" content=\"Skaitytaknyga\" \/>\n<meta property=\"article:publisher\" content=\"https:\/\/www.facebook.com\/skaitytaknyga\/\" \/>\n<meta property=\"article:modified_time\" content=\"2025-08-06T11:22:39+00:00\" \/>\n<meta property=\"og:image\" content=\"https:\/\/skaitytaknyga.lt\/wp-content\/uploads\/2025\/08\/Palaidotas-Cezaris.webp\" \/>\n\t<meta property=\"og:image:width\" content=\"189\" \/>\n\t<meta property=\"og:image:height\" content=\"308\" \/>\n\t<meta property=\"og:image:type\" content=\"image\/webp\" \/>\n<meta name=\"twitter:card\" content=\"summary_large_image\" \/>\n<meta name=\"twitter:label1\" content=\"Estimated reading time\" \/>\n\t<meta name=\"twitter:data1\" content=\"1 minute\" \/>\n<script type=\"application\/ld+json\" class=\"yoast-schema-graph\">{\"@context\":\"https:\/\/schema.org\",\"@graph\":[{\"@type\":\"WebPage\",\"@id\":\"https:\/\/skaitytaknyga.lt\/produktas\/palaidotas-cezaris\/\",\"url\":\"https:\/\/skaitytaknyga.lt\/produktas\/palaidotas-cezaris\/\",\"name\":\"Palaidotas Cezaris\",\"isPartOf\":{\"@id\":\"https:\/\/skaitytaknyga.lt\/#website\"},\"primaryImageOfPage\":{\"@id\":\"https:\/\/skaitytaknyga.lt\/produktas\/palaidotas-cezaris\/#primaryimage\"},\"image\":{\"@id\":\"https:\/\/skaitytaknyga.lt\/produktas\/palaidotas-cezaris\/#primaryimage\"},\"thumbnailUrl\":\"https:\/\/skaitytaknyga.lt\/wp-content\/uploads\/2025\/08\/Palaidotas-Cezaris.webp\",\"datePublished\":\"2025-08-06T11:10:09+00:00\",\"dateModified\":\"2025-08-06T11:22:39+00:00\",\"description\":\"Subtili ironija, \u012ftempta intriga, kibirk\u0161\u010diuojantys s\u0105mojai, spindinti Nero Volfo i\u0161mintis neleid\u017eia atsitraukti nuo knygos iki paskutinio puslapio.\",\"breadcrumb\":{\"@id\":\"https:\/\/skaitytaknyga.lt\/produktas\/palaidotas-cezaris\/#breadcrumb\"},\"inLanguage\":\"en-GB\",\"potentialAction\":[{\"@type\":\"ReadAction\",\"target\":[\"https:\/\/skaitytaknyga.lt\/produktas\/palaidotas-cezaris\/\"]}]},{\"@type\":\"ImageObject\",\"inLanguage\":\"en-GB\",\"@id\":\"https:\/\/skaitytaknyga.lt\/produktas\/palaidotas-cezaris\/#primaryimage\",\"url\":\"https:\/\/skaitytaknyga.lt\/wp-content\/uploads\/2025\/08\/Palaidotas-Cezaris.webp\",\"contentUrl\":\"https:\/\/skaitytaknyga.lt\/wp-content\/uploads\/2025\/08\/Palaidotas-Cezaris.webp\",\"width\":189,\"height\":308,\"caption\":\"Palaidotas Cezaris\"},{\"@type\":\"BreadcrumbList\",\"@id\":\"https:\/\/skaitytaknyga.lt\/produktas\/palaidotas-cezaris\/#breadcrumb\",\"itemListElement\":[{\"@type\":\"ListItem\",\"position\":1,\"name\":\"Home\",\"item\":\"https:\/\/skaitytaknyga.lt\/\"},{\"@type\":\"ListItem\",\"position\":2,\"name\":\"Parduotuv\u0117\",\"item\":\"https:\/\/skaitytaknyga.lt\/knygu-parduotuve\/\"},{\"@type\":\"ListItem\",\"position\":3,\"name\":\"Palaidotas Cezaris\"}]},{\"@type\":\"WebSite\",\"@id\":\"https:\/\/skaitytaknyga.lt\/#website\",\"url\":\"https:\/\/skaitytaknyga.lt\/\",\"name\":\"skaitytaknyga.lt\",\"description\":\"Skaitytaknyga.lt \u2013 tai ma\u017eas \u0161eimos verslas, kuris prasid\u0117jo nuo meil\u0117s knygoms ir siekio i\u0161gelb\u0117ti knygas nuo likimo prie konteinerio. Kas vienam nereikalingas daiktas \u2013 kitam lobis, o mes esame tarpininkai, kurie padeda abiems tapti laimingesniems ???? \u017dinome kaip nelengva i\u0161gyventi ma\u017eiems verslams, tad nuo \u0161iol, \u010dia rasite ir kit\u0173, ma\u017e\u0173 \u0161eim\u0173 versl\u0173, rank\u0173 darbo, dovan\u0173 sau ir artimiesiems.\",\"publisher\":{\"@id\":\"https:\/\/skaitytaknyga.lt\/#organization\"},\"potentialAction\":[{\"@type\":\"SearchAction\",\"target\":{\"@type\":\"EntryPoint\",\"urlTemplate\":\"https:\/\/skaitytaknyga.lt\/?s={search_term_string}\"},\"query-input\":{\"@type\":\"PropertyValueSpecification\",\"valueRequired\":true,\"valueName\":\"search_term_string\"}}],\"inLanguage\":\"en-GB\"},{\"@type\":\"Organization\",\"@id\":\"https:\/\/skaitytaknyga.lt\/#organization\",\"name\":\"skaitytaknyga.lt\",\"url\":\"https:\/\/skaitytaknyga.lt\/\",\"logo\":{\"@type\":\"ImageObject\",\"inLanguage\":\"en-GB\",\"@id\":\"https:\/\/skaitytaknyga.lt\/#\/schema\/logo\/image\/\",\"url\":\"https:\/\/skaitytaknyga.lt\/wp-content\/uploads\/2024\/05\/cropped-cropped-cropped-02_00843_jt3bggkj1j3HLc7SyY6rEUpg.jpeg\",\"contentUrl\":\"https:\/\/skaitytaknyga.lt\/wp-content\/uploads\/2024\/05\/cropped-cropped-cropped-02_00843_jt3bggkj1j3HLc7SyY6rEUpg.jpeg\",\"width\":1600,\"height\":1600,\"caption\":\"skaitytaknyga.lt\"},\"image\":{\"@id\":\"https:\/\/skaitytaknyga.lt\/#\/schema\/logo\/image\/\"},\"sameAs\":[\"https:\/\/www.facebook.com\/skaitytaknyga\/\"]}]}<\/script>\n<!-- \/ Yoast SEO plugin. -->","yoast_head_json":{"title":"Palaidotas Cezaris","description":"Subtili ironija, \u012ftempta intriga, kibirk\u0161\u010diuojantys s\u0105mojai, spindinti Nero Volfo i\u0161mintis neleid\u017eia atsitraukti nuo knygos iki paskutinio puslapio.","robots":{"index":"index","follow":"follow","max-snippet":"max-snippet:-1","max-image-preview":"max-image-preview:large","max-video-preview":"max-video-preview:-1"},"canonical":"https:\/\/skaitytaknyga.lt\/en\/produktas\/palaidotas-cezaris\/","og_locale":"en_GB","og_type":"article","og_title":"[:lt]Palaidotas Cezaris[:] - Skaitytaknyga","og_description":"Subtili ironija, \u012ftempta intriga, kibirk\u0161\u010diuojantys s\u0105mojai, spindinti Nero Volfo i\u0161mintis neleid\u017eia atsitraukti nuo knygos iki paskutinio puslapio.","og_url":"https:\/\/skaitytaknyga.lt\/en\/produktas\/palaidotas-cezaris\/","og_site_name":"Skaitytaknyga","article_publisher":"https:\/\/www.facebook.com\/skaitytaknyga\/","article_modified_time":"2025-08-06T11:22:39+00:00","og_image":[{"width":189,"height":308,"url":"https:\/\/skaitytaknyga.lt\/wp-content\/uploads\/2025\/08\/Palaidotas-Cezaris.webp","type":"image\/webp"}],"twitter_card":"summary_large_image","twitter_misc":{"Estimated reading time":"1 minute"},"schema":{"@context":"https:\/\/schema.org","@graph":[{"@type":"WebPage","@id":"https:\/\/skaitytaknyga.lt\/produktas\/palaidotas-cezaris\/","url":"https:\/\/skaitytaknyga.lt\/produktas\/palaidotas-cezaris\/","name":"Palaidotas Cezaris","isPartOf":{"@id":"https:\/\/skaitytaknyga.lt\/#website"},"primaryImageOfPage":{"@id":"https:\/\/skaitytaknyga.lt\/produktas\/palaidotas-cezaris\/#primaryimage"},"image":{"@id":"https:\/\/skaitytaknyga.lt\/produktas\/palaidotas-cezaris\/#primaryimage"},"thumbnailUrl":"https:\/\/skaitytaknyga.lt\/wp-content\/uploads\/2025\/08\/Palaidotas-Cezaris.webp","datePublished":"2025-08-06T11:10:09+00:00","dateModified":"2025-08-06T11:22:39+00:00","description":"Subtili ironija, \u012ftempta intriga, kibirk\u0161\u010diuojantys s\u0105mojai, spindinti Nero Volfo i\u0161mintis neleid\u017eia atsitraukti nuo knygos iki paskutinio puslapio.","breadcrumb":{"@id":"https:\/\/skaitytaknyga.lt\/produktas\/palaidotas-cezaris\/#breadcrumb"},"inLanguage":"en-GB","potentialAction":[{"@type":"ReadAction","target":["https:\/\/skaitytaknyga.lt\/produktas\/palaidotas-cezaris\/"]}]},{"@type":"ImageObject","inLanguage":"en-GB","@id":"https:\/\/skaitytaknyga.lt\/produktas\/palaidotas-cezaris\/#primaryimage","url":"https:\/\/skaitytaknyga.lt\/wp-content\/uploads\/2025\/08\/Palaidotas-Cezaris.webp","contentUrl":"https:\/\/skaitytaknyga.lt\/wp-content\/uploads\/2025\/08\/Palaidotas-Cezaris.webp","width":189,"height":308,"caption":"Palaidotas Cezaris"},{"@type":"BreadcrumbList","@id":"https:\/\/skaitytaknyga.lt\/produktas\/palaidotas-cezaris\/#breadcrumb","itemListElement":[{"@type":"ListItem","position":1,"name":"Home","item":"https:\/\/skaitytaknyga.lt\/"},{"@type":"ListItem","position":2,"name":"Parduotuv\u0117","item":"https:\/\/skaitytaknyga.lt\/knygu-parduotuve\/"},{"@type":"ListItem","position":3,"name":"Palaidotas Cezaris"}]},{"@type":"WebSite","@id":"https:\/\/skaitytaknyga.lt\/#website","url":"https:\/\/skaitytaknyga.lt\/","name":"skaitytaknyga.lt","description":"Skaitytaknyga.lt \u2013 tai ma\u017eas \u0161eimos verslas, kuris prasid\u0117jo nuo meil\u0117s knygoms ir siekio i\u0161gelb\u0117ti knygas nuo likimo prie konteinerio. Kas vienam nereikalingas daiktas \u2013 kitam lobis, o mes esame tarpininkai, kurie padeda abiems tapti laimingesniems ???? \u017dinome kaip nelengva i\u0161gyventi ma\u017eiems verslams, tad nuo \u0161iol, \u010dia rasite ir kit\u0173, ma\u017e\u0173 \u0161eim\u0173 versl\u0173, rank\u0173 darbo, dovan\u0173 sau ir artimiesiems.","publisher":{"@id":"https:\/\/skaitytaknyga.lt\/#organization"},"potentialAction":[{"@type":"SearchAction","target":{"@type":"EntryPoint","urlTemplate":"https:\/\/skaitytaknyga.lt\/?s={search_term_string}"},"query-input":{"@type":"PropertyValueSpecification","valueRequired":true,"valueName":"search_term_string"}}],"inLanguage":"en-GB"},{"@type":"Organization","@id":"https:\/\/skaitytaknyga.lt\/#organization","name":"skaitytaknyga.lt","url":"https:\/\/skaitytaknyga.lt\/","logo":{"@type":"ImageObject","inLanguage":"en-GB","@id":"https:\/\/skaitytaknyga.lt\/#\/schema\/logo\/image\/","url":"https:\/\/skaitytaknyga.lt\/wp-content\/uploads\/2024\/05\/cropped-cropped-cropped-02_00843_jt3bggkj1j3HLc7SyY6rEUpg.jpeg","contentUrl":"https:\/\/skaitytaknyga.lt\/wp-content\/uploads\/2024\/05\/cropped-cropped-cropped-02_00843_jt3bggkj1j3HLc7SyY6rEUpg.jpeg","width":1600,"height":1600,"caption":"skaitytaknyga.lt"},"image":{"@id":"https:\/\/skaitytaknyga.lt\/#\/schema\/logo\/image\/"},"sameAs":["https:\/\/www.facebook.com\/skaitytaknyga\/"]}]}},"_links":{"self":[{"href":"https:\/\/skaitytaknyga.lt\/en\/wp-json\/wp\/v2\/product\/20253","targetHints":{"allow":["GET"]}}],"collection":[{"href":"https:\/\/skaitytaknyga.lt\/en\/wp-json\/wp\/v2\/product"}],"about":[{"href":"https:\/\/skaitytaknyga.lt\/en\/wp-json\/wp\/v2\/types\/product"}],"replies":[{"embeddable":true,"href":"https:\/\/skaitytaknyga.lt\/en\/wp-json\/wp\/v2\/comments?post=20253"}],"wp:featuredmedia":[{"embeddable":true,"href":"https:\/\/skaitytaknyga.lt\/en\/wp-json\/wp\/v2\/media\/20258"}],"wp:attachment":[{"href":"https:\/\/skaitytaknyga.lt\/en\/wp-json\/wp\/v2\/media?parent=20253"}],"wp:term":[{"taxonomy":"product_brand","embeddable":true,"href":"https:\/\/skaitytaknyga.lt\/en\/wp-json\/wp\/v2\/product_brand?post=20253"},{"taxonomy":"product_cat","embeddable":true,"href":"https:\/\/skaitytaknyga.lt\/en\/wp-json\/wp\/v2\/product_cat?post=20253"},{"taxonomy":"product_tag","embeddable":true,"href":"https:\/\/skaitytaknyga.lt\/en\/wp-json\/wp\/v2\/product_tag?post=20253"}],"curies":[{"name":"wp","href":"https:\/\/api.w.org\/{rel}","templated":true}]}}