{"id":20251,"date":"2025-08-06T14:10:09","date_gmt":"2025-08-06T11:10:09","guid":{"rendered":"https:\/\/skaitytaknyga.lt\/?post_type=product&#038;p=20251"},"modified":"2025-08-06T14:22:39","modified_gmt":"2025-08-06T11:22:39","slug":"grupinis-portretas-su-dama","status":"publish","type":"product","link":"https:\/\/skaitytaknyga.lt\/en\/produktas\/grupinis-portretas-su-dama\/","title":{"rendered":"Grupinis portretas su dama"},"content":{"rendered":"<p>Studentas Vilius, ie\u0161kodamas vienumos ir susikaupimo, va\u017eiuoja \u012f Kur\u0161i\u0173 nerij\u0105 ir ten ra\u0161o dienora\u0161t\u012f apie save buvus\u012f. Klaid\u017eiodamas po savo &#8220;dvasios provincijas&#8221;, stengiasi susivokti savyje ir pasaulyje, atpa\u017einti, kas am\u017eina, pajusti savo gyvenimo prasm\u0119, kad sutvirt\u0117j\u0119s gal\u0117t\u0173 gr\u012f\u017eti pas \u017emones. Tai knyga apie \u0161viesos tro\u0161kul\u012f, tikrumos ilges\u012f, mus palaikan\u010dias vertybes ir j\u0173 skaud\u0173 nykim\u0105, &#8211; apie tai, kas padeda \u017emogui i\u0161likti savimi ir j\u012f augina.<\/p>\n","protected":false},"excerpt":{"rendered":"<p>Studentas Vilius, ie\u0161kodamas vienumos ir susikaupimo, va\u017eiuoja \u012f Kur\u0161i\u0173 nerij\u0105 ir ten ra\u0161o dienora\u0161t\u012f apie save buvus\u012f. Klaid\u017eiodamas po savo &#8220;dvasios provincijas&#8221;, stengiasi susivokti savyje ir pasaulyje, atpa\u017einti, kas am\u017eina, pajusti savo gyvenimo prasm\u0119, kad sutvirt\u0117j\u0119s gal\u0117t\u0173 gr\u012f\u017eti pas \u017emones. Tai knyga apie \u0161viesos tro\u0161kul\u012f, tikrumos ilges\u012f, mus palaikan\u010dias vertybes ir j\u0173 skaud\u0173 nykim\u0105, &#8211; apie tai, kas padeda \u017emogui i\u0161likti savimi ir j\u012f augina.<\/p>\n","protected":false},"featured_media":20256,"comment_status":"open","ping_status":"closed","template":"","meta":{"_acf_changed":false,"site-sidebar-layout":"default","site-content-layout":"","ast-site-content-layout":"default","site-content-style":"default","site-sidebar-style":"default","ast-global-header-display":"","ast-banner-title-visibility":"","ast-main-header-display":"","ast-hfb-above-header-display":"","ast-hfb-below-header-display":"","ast-hfb-mobile-header-display":"","site-post-title":"","ast-breadcrumbs-content":"","ast-featured-img":"","footer-sml-layout":"","ast-disable-related-posts":"","theme-transparent-header-meta":"","adv-header-id-meta":"","stick-header-meta":"","header-above-stick-meta":"","header-main-stick-meta":"","header-below-stick-meta":"","astra-migrate-meta-layouts":"default","ast-page-background-enabled":"default","ast-page-background-meta":{"desktop":{"background-color":"","background-image":"","background-repeat":"repeat","background-position":"center center","background-size":"auto","background-attachment":"scroll","background-type":"","background-media":"","overlay-type":"","overlay-color":"","overlay-opacity":"","overlay-gradient":""},"tablet":{"background-color":"","background-image":"","background-repeat":"repeat","background-position":"center center","background-size":"auto","background-attachment":"scroll","background-type":"","background-media":"","overlay-type":"","overlay-color":"","overlay-opacity":"","overlay-gradient":""},"mobile":{"background-color":"","background-image":"","background-repeat":"repeat","background-position":"center center","background-size":"auto","background-attachment":"scroll","background-type":"","background-media":"","overlay-type":"","overlay-color":"","overlay-opacity":"","overlay-gradient":""}},"ast-content-background-meta":{"desktop":{"background-color":"var(--ast-global-color-4)","background-image":"","background-repeat":"repeat","background-position":"center center","background-size":"auto","background-attachment":"scroll","background-type":"","background-media":"","overlay-type":"","overlay-color":"","overlay-opacity":"","overlay-gradient":""},"tablet":{"background-color":"var(--ast-global-color-4)","background-image":"","background-repeat":"repeat","background-position":"center center","background-size":"auto","background-attachment":"scroll","background-type":"","background-media":"","overlay-type":"","overlay-color":"","overlay-opacity":"","overlay-gradient":""},"mobile":{"background-color":"var(--ast-global-color-4)","background-image":"","background-repeat":"repeat","background-position":"center center","background-size":"auto","background-attachment":"scroll","background-type":"","background-media":"","overlay-type":"","overlay-color":"","overlay-opacity":"","overlay-gradient":""}}},"product_brand":[],"product_cat":[31],"product_tag":[2819,7416,7414,7415],"class_list":{"0":"post-20251","1":"product","2":"type-product","3":"status-publish","4":"has-post-thumbnail","6":"product_cat-grozine-literatura","7":"product_tag-egzistencializmas","8":"product_tag-heinrich-boll","9":"product_tag-literatura-apie-moteris","10":"product_tag-vokietijos-istorija","11":"desktop-align-left","12":"tablet-align-left","13":"mobile-align-left","15":"first","16":"instock","17":"shipping-taxable","18":"purchasable","19":"product-type-simple"},"acf":[],"yoast_head":"<!-- This site is optimized with the Yoast SEO plugin v27.0 - https:\/\/yoast.com\/product\/yoast-seo-wordpress\/ -->\n<title>Grupinis portretas su dama<\/title>\n<meta name=\"description\" content=\"Studentas Vilius, ie\u0161kodamas vienumos ir susikaupimo, va\u017eiuoja \u012f Kur\u0161i\u0173 nerij\u0105 ir ten ra\u0161o dienora\u0161t\u012f apie save buvus\u012f. Klaid\u017eiodamas po savo &quot;dvasios\" \/>\n<meta name=\"robots\" content=\"index, follow, max-snippet:-1, max-image-preview:large, max-video-preview:-1\" \/>\n<link rel=\"canonical\" href=\"https:\/\/skaitytaknyga.lt\/en\/produktas\/grupinis-portretas-su-dama\/\" \/>\n<meta property=\"og:locale\" content=\"en_GB\" \/>\n<meta property=\"og:locale:alternate\" content=\"lt_LT\" \/>\n<meta property=\"og:type\" content=\"article\" \/>\n<meta property=\"og:title\" content=\"Grupinis portretas su dama\" \/>\n<meta property=\"og:description\" content=\"Studentas Vilius, ie\u0161kodamas vienumos ir susikaupimo, va\u017eiuoja \u012f Kur\u0161i\u0173 nerij\u0105 ir ten ra\u0161o dienora\u0161t\u012f apie save buvus\u012f. Klaid\u017eiodamas po savo &quot;dvasios\" \/>\n<meta property=\"og:url\" content=\"https:\/\/skaitytaknyga.lt\/en\/produktas\/grupinis-portretas-su-dama\/\" \/>\n<meta property=\"og:site_name\" content=\"Skaitytaknyga\" \/>\n<meta property=\"article:publisher\" content=\"https:\/\/www.facebook.com\/skaitytaknyga\/\" \/>\n<meta property=\"article:modified_time\" content=\"2025-08-06T11:22:39+00:00\" \/>\n<meta property=\"og:image\" content=\"https:\/\/skaitytaknyga.lt\/wp-content\/uploads\/2025\/08\/Grupinis-portretas-su-dama-1.webp\" \/>\n\t<meta property=\"og:image:width\" content=\"497\" \/>\n\t<meta property=\"og:image:height\" content=\"801\" \/>\n\t<meta property=\"og:image:type\" content=\"image\/webp\" \/>\n<meta name=\"twitter:card\" content=\"summary_large_image\" \/>\n<script type=\"application\/ld+json\" class=\"yoast-schema-graph\">{\"@context\":\"https:\/\/schema.org\",\"@graph\":[{\"@type\":\"WebPage\",\"@id\":\"https:\/\/skaitytaknyga.lt\/produktas\/grupinis-portretas-su-dama\/\",\"url\":\"https:\/\/skaitytaknyga.lt\/produktas\/grupinis-portretas-su-dama\/\",\"name\":\"Grupinis portretas su dama\",\"isPartOf\":{\"@id\":\"https:\/\/skaitytaknyga.lt\/#website\"},\"primaryImageOfPage\":{\"@id\":\"https:\/\/skaitytaknyga.lt\/produktas\/grupinis-portretas-su-dama\/#primaryimage\"},\"image\":{\"@id\":\"https:\/\/skaitytaknyga.lt\/produktas\/grupinis-portretas-su-dama\/#primaryimage\"},\"thumbnailUrl\":\"https:\/\/skaitytaknyga.lt\/wp-content\/uploads\/2025\/08\/Grupinis-portretas-su-dama-1.webp\",\"datePublished\":\"2025-08-06T11:10:09+00:00\",\"dateModified\":\"2025-08-06T11:22:39+00:00\",\"description\":\"Studentas Vilius, ie\u0161kodamas vienumos ir susikaupimo, va\u017eiuoja \u012f Kur\u0161i\u0173 nerij\u0105 ir ten ra\u0161o dienora\u0161t\u012f apie save buvus\u012f. Klaid\u017eiodamas po savo \\\"dvasios\",\"breadcrumb\":{\"@id\":\"https:\/\/skaitytaknyga.lt\/produktas\/grupinis-portretas-su-dama\/#breadcrumb\"},\"inLanguage\":\"en-GB\",\"potentialAction\":[{\"@type\":\"ReadAction\",\"target\":[\"https:\/\/skaitytaknyga.lt\/produktas\/grupinis-portretas-su-dama\/\"]}]},{\"@type\":\"ImageObject\",\"inLanguage\":\"en-GB\",\"@id\":\"https:\/\/skaitytaknyga.lt\/produktas\/grupinis-portretas-su-dama\/#primaryimage\",\"url\":\"https:\/\/skaitytaknyga.lt\/wp-content\/uploads\/2025\/08\/Grupinis-portretas-su-dama-1.webp\",\"contentUrl\":\"https:\/\/skaitytaknyga.lt\/wp-content\/uploads\/2025\/08\/Grupinis-portretas-su-dama-1.webp\",\"width\":497,\"height\":801,\"caption\":\"Grupinis portretas su dama\"},{\"@type\":\"BreadcrumbList\",\"@id\":\"https:\/\/skaitytaknyga.lt\/produktas\/grupinis-portretas-su-dama\/#breadcrumb\",\"itemListElement\":[{\"@type\":\"ListItem\",\"position\":1,\"name\":\"Home\",\"item\":\"https:\/\/skaitytaknyga.lt\/\"},{\"@type\":\"ListItem\",\"position\":2,\"name\":\"Parduotuv\u0117\",\"item\":\"https:\/\/skaitytaknyga.lt\/knygu-parduotuve\/\"},{\"@type\":\"ListItem\",\"position\":3,\"name\":\"Grupinis portretas su dama\"}]},{\"@type\":\"WebSite\",\"@id\":\"https:\/\/skaitytaknyga.lt\/#website\",\"url\":\"https:\/\/skaitytaknyga.lt\/\",\"name\":\"skaitytaknyga.lt\",\"description\":\"Skaitytaknyga.lt \u2013 tai ma\u017eas \u0161eimos verslas, kuris prasid\u0117jo nuo meil\u0117s knygoms ir siekio i\u0161gelb\u0117ti knygas nuo likimo prie konteinerio. Kas vienam nereikalingas daiktas \u2013 kitam lobis, o mes esame tarpininkai, kurie padeda abiems tapti laimingesniems ???? \u017dinome kaip nelengva i\u0161gyventi ma\u017eiems verslams, tad nuo \u0161iol, \u010dia rasite ir kit\u0173, ma\u017e\u0173 \u0161eim\u0173 versl\u0173, rank\u0173 darbo, dovan\u0173 sau ir artimiesiems.\",\"publisher\":{\"@id\":\"https:\/\/skaitytaknyga.lt\/#organization\"},\"potentialAction\":[{\"@type\":\"SearchAction\",\"target\":{\"@type\":\"EntryPoint\",\"urlTemplate\":\"https:\/\/skaitytaknyga.lt\/?s={search_term_string}\"},\"query-input\":{\"@type\":\"PropertyValueSpecification\",\"valueRequired\":true,\"valueName\":\"search_term_string\"}}],\"inLanguage\":\"en-GB\"},{\"@type\":\"Organization\",\"@id\":\"https:\/\/skaitytaknyga.lt\/#organization\",\"name\":\"skaitytaknyga.lt\",\"url\":\"https:\/\/skaitytaknyga.lt\/\",\"logo\":{\"@type\":\"ImageObject\",\"inLanguage\":\"en-GB\",\"@id\":\"https:\/\/skaitytaknyga.lt\/#\/schema\/logo\/image\/\",\"url\":\"https:\/\/skaitytaknyga.lt\/wp-content\/uploads\/2024\/05\/cropped-cropped-cropped-02_00843_jt3bggkj1j3HLc7SyY6rEUpg.jpeg\",\"contentUrl\":\"https:\/\/skaitytaknyga.lt\/wp-content\/uploads\/2024\/05\/cropped-cropped-cropped-02_00843_jt3bggkj1j3HLc7SyY6rEUpg.jpeg\",\"width\":1600,\"height\":1600,\"caption\":\"skaitytaknyga.lt\"},\"image\":{\"@id\":\"https:\/\/skaitytaknyga.lt\/#\/schema\/logo\/image\/\"},\"sameAs\":[\"https:\/\/www.facebook.com\/skaitytaknyga\/\"]}]}<\/script>\n<!-- \/ Yoast SEO plugin. -->","yoast_head_json":{"title":"Grupinis portretas su dama","description":"Studentas Vilius, ie\u0161kodamas vienumos ir susikaupimo, va\u017eiuoja \u012f Kur\u0161i\u0173 nerij\u0105 ir ten ra\u0161o dienora\u0161t\u012f apie save buvus\u012f. Klaid\u017eiodamas po savo \"dvasios","robots":{"index":"index","follow":"follow","max-snippet":"max-snippet:-1","max-image-preview":"max-image-preview:large","max-video-preview":"max-video-preview:-1"},"canonical":"https:\/\/skaitytaknyga.lt\/en\/produktas\/grupinis-portretas-su-dama\/","og_locale":"en_GB","og_type":"article","og_title":"[:lt]Grupinis portretas su dama[:] - Skaitytaknyga","og_description":"Studentas Vilius, ie\u0161kodamas vienumos ir susikaupimo, va\u017eiuoja \u012f Kur\u0161i\u0173 nerij\u0105 ir ten ra\u0161o dienora\u0161t\u012f apie save buvus\u012f. Klaid\u017eiodamas po savo \"dvasios","og_url":"https:\/\/skaitytaknyga.lt\/en\/produktas\/grupinis-portretas-su-dama\/","og_site_name":"Skaitytaknyga","article_publisher":"https:\/\/www.facebook.com\/skaitytaknyga\/","article_modified_time":"2025-08-06T11:22:39+00:00","og_image":[{"width":497,"height":801,"url":"https:\/\/skaitytaknyga.lt\/wp-content\/uploads\/2025\/08\/Grupinis-portretas-su-dama-1.webp","type":"image\/webp"}],"twitter_card":"summary_large_image","schema":{"@context":"https:\/\/schema.org","@graph":[{"@type":"WebPage","@id":"https:\/\/skaitytaknyga.lt\/produktas\/grupinis-portretas-su-dama\/","url":"https:\/\/skaitytaknyga.lt\/produktas\/grupinis-portretas-su-dama\/","name":"Grupinis portretas su dama","isPartOf":{"@id":"https:\/\/skaitytaknyga.lt\/#website"},"primaryImageOfPage":{"@id":"https:\/\/skaitytaknyga.lt\/produktas\/grupinis-portretas-su-dama\/#primaryimage"},"image":{"@id":"https:\/\/skaitytaknyga.lt\/produktas\/grupinis-portretas-su-dama\/#primaryimage"},"thumbnailUrl":"https:\/\/skaitytaknyga.lt\/wp-content\/uploads\/2025\/08\/Grupinis-portretas-su-dama-1.webp","datePublished":"2025-08-06T11:10:09+00:00","dateModified":"2025-08-06T11:22:39+00:00","description":"Studentas Vilius, ie\u0161kodamas vienumos ir susikaupimo, va\u017eiuoja \u012f Kur\u0161i\u0173 nerij\u0105 ir ten ra\u0161o dienora\u0161t\u012f apie save buvus\u012f. Klaid\u017eiodamas po savo \"dvasios","breadcrumb":{"@id":"https:\/\/skaitytaknyga.lt\/produktas\/grupinis-portretas-su-dama\/#breadcrumb"},"inLanguage":"en-GB","potentialAction":[{"@type":"ReadAction","target":["https:\/\/skaitytaknyga.lt\/produktas\/grupinis-portretas-su-dama\/"]}]},{"@type":"ImageObject","inLanguage":"en-GB","@id":"https:\/\/skaitytaknyga.lt\/produktas\/grupinis-portretas-su-dama\/#primaryimage","url":"https:\/\/skaitytaknyga.lt\/wp-content\/uploads\/2025\/08\/Grupinis-portretas-su-dama-1.webp","contentUrl":"https:\/\/skaitytaknyga.lt\/wp-content\/uploads\/2025\/08\/Grupinis-portretas-su-dama-1.webp","width":497,"height":801,"caption":"Grupinis portretas su dama"},{"@type":"BreadcrumbList","@id":"https:\/\/skaitytaknyga.lt\/produktas\/grupinis-portretas-su-dama\/#breadcrumb","itemListElement":[{"@type":"ListItem","position":1,"name":"Home","item":"https:\/\/skaitytaknyga.lt\/"},{"@type":"ListItem","position":2,"name":"Parduotuv\u0117","item":"https:\/\/skaitytaknyga.lt\/knygu-parduotuve\/"},{"@type":"ListItem","position":3,"name":"Grupinis portretas su dama"}]},{"@type":"WebSite","@id":"https:\/\/skaitytaknyga.lt\/#website","url":"https:\/\/skaitytaknyga.lt\/","name":"skaitytaknyga.lt","description":"Skaitytaknyga.lt \u2013 tai ma\u017eas \u0161eimos verslas, kuris prasid\u0117jo nuo meil\u0117s knygoms ir siekio i\u0161gelb\u0117ti knygas nuo likimo prie konteinerio. Kas vienam nereikalingas daiktas \u2013 kitam lobis, o mes esame tarpininkai, kurie padeda abiems tapti laimingesniems ???? \u017dinome kaip nelengva i\u0161gyventi ma\u017eiems verslams, tad nuo \u0161iol, \u010dia rasite ir kit\u0173, ma\u017e\u0173 \u0161eim\u0173 versl\u0173, rank\u0173 darbo, dovan\u0173 sau ir artimiesiems.","publisher":{"@id":"https:\/\/skaitytaknyga.lt\/#organization"},"potentialAction":[{"@type":"SearchAction","target":{"@type":"EntryPoint","urlTemplate":"https:\/\/skaitytaknyga.lt\/?s={search_term_string}"},"query-input":{"@type":"PropertyValueSpecification","valueRequired":true,"valueName":"search_term_string"}}],"inLanguage":"en-GB"},{"@type":"Organization","@id":"https:\/\/skaitytaknyga.lt\/#organization","name":"skaitytaknyga.lt","url":"https:\/\/skaitytaknyga.lt\/","logo":{"@type":"ImageObject","inLanguage":"en-GB","@id":"https:\/\/skaitytaknyga.lt\/#\/schema\/logo\/image\/","url":"https:\/\/skaitytaknyga.lt\/wp-content\/uploads\/2024\/05\/cropped-cropped-cropped-02_00843_jt3bggkj1j3HLc7SyY6rEUpg.jpeg","contentUrl":"https:\/\/skaitytaknyga.lt\/wp-content\/uploads\/2024\/05\/cropped-cropped-cropped-02_00843_jt3bggkj1j3HLc7SyY6rEUpg.jpeg","width":1600,"height":1600,"caption":"skaitytaknyga.lt"},"image":{"@id":"https:\/\/skaitytaknyga.lt\/#\/schema\/logo\/image\/"},"sameAs":["https:\/\/www.facebook.com\/skaitytaknyga\/"]}]}},"_links":{"self":[{"href":"https:\/\/skaitytaknyga.lt\/en\/wp-json\/wp\/v2\/product\/20251","targetHints":{"allow":["GET"]}}],"collection":[{"href":"https:\/\/skaitytaknyga.lt\/en\/wp-json\/wp\/v2\/product"}],"about":[{"href":"https:\/\/skaitytaknyga.lt\/en\/wp-json\/wp\/v2\/types\/product"}],"replies":[{"embeddable":true,"href":"https:\/\/skaitytaknyga.lt\/en\/wp-json\/wp\/v2\/comments?post=20251"}],"wp:featuredmedia":[{"embeddable":true,"href":"https:\/\/skaitytaknyga.lt\/en\/wp-json\/wp\/v2\/media\/20256"}],"wp:attachment":[{"href":"https:\/\/skaitytaknyga.lt\/en\/wp-json\/wp\/v2\/media?parent=20251"}],"wp:term":[{"taxonomy":"product_brand","embeddable":true,"href":"https:\/\/skaitytaknyga.lt\/en\/wp-json\/wp\/v2\/product_brand?post=20251"},{"taxonomy":"product_cat","embeddable":true,"href":"https:\/\/skaitytaknyga.lt\/en\/wp-json\/wp\/v2\/product_cat?post=20251"},{"taxonomy":"product_tag","embeddable":true,"href":"https:\/\/skaitytaknyga.lt\/en\/wp-json\/wp\/v2\/product_tag?post=20251"}],"curies":[{"name":"wp","href":"https:\/\/api.w.org\/{rel}","templated":true}]}}