{"id":20239,"date":"2025-08-06T13:51:48","date_gmt":"2025-08-06T10:51:48","guid":{"rendered":"https:\/\/skaitytaknyga.lt\/?post_type=product&#038;p=20239"},"modified":"2025-08-06T14:22:31","modified_gmt":"2025-08-06T11:22:31","slug":"kaip-pradeti-tiketi-nauji-didieji-mazuju-klausimai-i-kuriuos-atsake-kun-antanas-saulaitis","status":"publish","type":"product","link":"https:\/\/skaitytaknyga.lt\/en\/produktas\/kaip-pradeti-tiketi-nauji-didieji-mazuju-klausimai-i-kuriuos-atsake-kun-antanas-saulaitis\/","title":{"rendered":"Kaip prad\u0117ti tik\u0117ti? Nauji didieji ma\u017e\u0173j\u0173 klausimai, \u012f kuriuos atsak\u0117 kun. Antanas Saulaitis"},"content":{"rendered":"<p>Kada T. Antanas Saulaitis, SJ prad\u0117jo atsakin\u0117ti \u012f vaik\u0173 klausimus \u017eurnale \u201eBitut\u0117\u201c, jau turb\u016bt niekas neprisimena.Ta\u010diau \u017einoma tiek, kad prie\u0161 de\u0161imt met\u0173 atsakym\u0173 jau buvo susikaup\u0119 pakankamai knygelei i\u0161leisti. Knygel\u0117 vadinosi Kaip atrodo dvasios? (Tyto alba, 2009), buvo \u0161iltai ir smagiai iliustruota ir labai m\u0117gstama bei vertinama ir dideli\u0173, ir ma\u017e\u0173 skaitytoj\u0173.<\/p>\n<p>Pra\u0117jus de\u0161im\u010diai met\u0173, skaitytojai \u0117m\u0117 sk\u0173stis, kad senosios knygel\u0117s nebe\u012fmanoma gauti, u\u017eaugo kr\u016bva nauj\u0173 vaik\u0173, kuri\u0173 anks\u010diau nebuvo, ir tod\u0117l jie senosios knygel\u0117s neskait\u0117, o kadangi t. Antanas toliau atsakin\u0117jo \u012f vaik\u0173 klausimus \u201eBitut\u0117je&#8221;, atsakym\u0173 v\u0117l susikaup\u0117 tiek, kad neliko kitos i\u0161eities, kaip tik leisti dar vien\u0105 knygel\u0119. Visi labai d\u017eiaugiam\u0117s, kad susirinko visa senoji komanda \u2013 iliustrator\u0117, maketuotoja, sudarytoja ir, \u017einoma, t. Antanas.<\/p>\n<p>Knygel\u0117s \u201eKaip prad\u0117ti tik\u0117ti? Nauji didieji ma\u017e\u0173j\u0173 klausimai, \u012f kuriuos atsak\u0117 kun. Antanas Saulaitis, SJ&#8221; turinys padiktuotas vaik\u0173. J\u0173 klausimai suskirstyti \u012f temas \u2013 apie Diev\u0105, Ba\u017eny\u010di\u0105, pasaul\u012f ir kitus jiems r\u016bpimus dalykus. Kartais net \u012f labai pana\u0161ius klausimus atsakymai i\u0161eina skirtingi, lyg nuda\u017eyti kita spalva, ta\u010diau jie visada alsuoja meil\u0117s Dievui, \u017emon\u0117ms ir pasauliui dvasia. Tod\u0117l jie visada skelbia t\u0105 pat\u012f ir moko to paties: Dievas yra geras ir mylintis; pasaulis yra gra\u017eus ir \u012fdomus; \u017emon\u0117s yra brang\u016bs ir verti meil\u0117s; visada ver\u010diau rinktis tik\u0117ti g\u0117riu ir jo siekti, o ne bijoti blogio.<\/p>\n<p>T. Antanas Saulaitis, SJ (g. 1939) \u2013 mylimas kunigas j\u0117zuitas, skautas, vaik\u0173 ir jaunimo sielovadininkas, o taip pat knyg\u0173 autorius, universiteto d\u0117stytojas, stovykl\u0173 kapelionas, \u017emoni\u0173 myl\u0117tojas. U\u017eaug\u0119s JAV lietuvi\u0173 karo pab\u0117g\u0117li\u0173 \u0161eimoje, jaunyst\u0117je jis pamilo ir Piet\u0173 Amerik\u0105 bei misionieriaus gyvenim\u0105. Be to, studijavo chemij\u0105, filosofij\u0105 ir teologij\u0105, vis\u0105 gyvenim\u0105 kasdien perskaito po knyg\u0105. Kitaip sakant, t. Antanas turi tiek \u017eini\u0173 ir patirties, kad neabejotinai gali atsakyti \u012f bet kok\u012f klausim\u0105, ir tiek meil\u0117s, kad maloniai sutinka atsakyti kiekvienam vaikui ar suaugusiajam.<\/p>\n","protected":false},"excerpt":{"rendered":"<p>Kada T. Antanas Saulaitis, SJ prad\u0117jo atsakin\u0117ti \u012f vaik\u0173 klausimus \u017eurnale \u201eBitut\u0117\u201c, jau turb\u016bt niekas neprisimena.Ta\u010diau \u017einoma tiek, kad prie\u0161 de\u0161imt met\u0173 atsakym\u0173 jau buvo susikaup\u0119 pakankamai knygelei i\u0161leisti. Knygel\u0117 vadinosi Kaip atrodo dvasios? (Tyto alba, 2009), buvo \u0161iltai ir smagiai iliustruota ir labai m\u0117gstama bei vertinama ir dideli\u0173, ir ma\u017e\u0173 skaitytoj\u0173. Pra\u0117jus de\u0161im\u010diai met\u0173, skaitytojai \u0117m\u0117 sk\u0173stis, kad senosios knygel\u0117s nebe\u012fmanoma gauti, u\u017eaugo kr\u016bva nauj\u0173 vaik\u0173, kuri\u0173 anks\u010diau nebuvo, ir tod\u0117l jie senosios knygel\u0117s neskait\u0117, o kadangi t. Antanas toliau atsakin\u0117jo \u012f vaik\u0173 klausimus \u201eBitut\u0117je&#8221;, atsakym\u0173 v\u0117l susikaup\u0117 tiek, kad neliko kitos i\u0161eities, kaip tik leisti dar vien\u0105 knygel\u0119. Visi labai d\u017eiaugiam\u0117s, kad susirinko visa senoji komanda \u2013 iliustrator\u0117, maketuotoja, sudarytoja ir, \u017einoma, t. Antanas. Knygel\u0117s \u201eKaip prad\u0117ti tik\u0117ti? Nauji didieji ma\u017e\u0173j\u0173 klausimai, \u012f kuriuos atsak\u0117 kun. Antanas Saulaitis, SJ&#8221; turinys padiktuotas vaik\u0173. J\u0173 klausimai suskirstyti \u012f temas \u2013 apie Diev\u0105, Ba\u017eny\u010di\u0105, pasaul\u012f ir kitus jiems r\u016bpimus dalykus. Kartais net \u012f labai pana\u0161ius klausimus atsakymai i\u0161eina skirtingi, lyg nuda\u017eyti kita spalva, ta\u010diau jie visada alsuoja meil\u0117s Dievui, \u017emon\u0117ms ir pasauliui dvasia. Tod\u0117l jie visada skelbia t\u0105 pat\u012f ir moko to paties: Dievas yra geras ir mylintis; pasaulis yra gra\u017eus ir \u012fdomus; \u017emon\u0117s yra brang\u016bs ir verti meil\u0117s; visada ver\u010diau rinktis tik\u0117ti g\u0117riu ir jo siekti, o ne bijoti blogio. T. Antanas Saulaitis, SJ (g. 1939) \u2013 mylimas kunigas j\u0117zuitas, skautas, vaik\u0173 ir jaunimo sielovadininkas, o taip pat knyg\u0173 autorius, universiteto d\u0117stytojas, stovykl\u0173 kapelionas, \u017emoni\u0173 myl\u0117tojas. U\u017eaug\u0119s JAV lietuvi\u0173 karo pab\u0117g\u0117li\u0173 \u0161eimoje, jaunyst\u0117je jis pamilo ir Piet\u0173 Amerik\u0105 bei misionieriaus gyvenim\u0105. Be to, studijavo chemij\u0105, filosofij\u0105 ir teologij\u0105, vis\u0105 gyvenim\u0105 kasdien perskaito po knyg\u0105. Kitaip sakant, t. Antanas turi tiek \u017eini\u0173 ir patirties, kad neabejotinai gali atsakyti \u012f bet kok\u012f klausim\u0105, ir tiek meil\u0117s, kad maloniai sutinka atsakyti kiekvienam vaikui ar suaugusiajam.<\/p>\n","protected":false},"featured_media":20243,"comment_status":"open","ping_status":"closed","template":"","meta":{"_acf_changed":false,"site-sidebar-layout":"default","site-content-layout":"","ast-site-content-layout":"default","site-content-style":"default","site-sidebar-style":"default","ast-global-header-display":"","ast-banner-title-visibility":"","ast-main-header-display":"","ast-hfb-above-header-display":"","ast-hfb-below-header-display":"","ast-hfb-mobile-header-display":"","site-post-title":"","ast-breadcrumbs-content":"","ast-featured-img":"","footer-sml-layout":"","ast-disable-related-posts":"","theme-transparent-header-meta":"","adv-header-id-meta":"","stick-header-meta":"","header-above-stick-meta":"","header-main-stick-meta":"","header-below-stick-meta":"","astra-migrate-meta-layouts":"default","ast-page-background-enabled":"default","ast-page-background-meta":{"desktop":{"background-color":"","background-image":"","background-repeat":"repeat","background-position":"center center","background-size":"auto","background-attachment":"scroll","background-type":"","background-media":"","overlay-type":"","overlay-color":"","overlay-opacity":"","overlay-gradient":""},"tablet":{"background-color":"","background-image":"","background-repeat":"repeat","background-position":"center center","background-size":"auto","background-attachment":"scroll","background-type":"","background-media":"","overlay-type":"","overlay-color":"","overlay-opacity":"","overlay-gradient":""},"mobile":{"background-color":"","background-image":"","background-repeat":"repeat","background-position":"center center","background-size":"auto","background-attachment":"scroll","background-type":"","background-media":"","overlay-type":"","overlay-color":"","overlay-opacity":"","overlay-gradient":""}},"ast-content-background-meta":{"desktop":{"background-color":"var(--ast-global-color-4)","background-image":"","background-repeat":"repeat","background-position":"center center","background-size":"auto","background-attachment":"scroll","background-type":"","background-media":"","overlay-type":"","overlay-color":"","overlay-opacity":"","overlay-gradient":""},"tablet":{"background-color":"var(--ast-global-color-4)","background-image":"","background-repeat":"repeat","background-position":"center center","background-size":"auto","background-attachment":"scroll","background-type":"","background-media":"","overlay-type":"","overlay-color":"","overlay-opacity":"","overlay-gradient":""},"mobile":{"background-color":"var(--ast-global-color-4)","background-image":"","background-repeat":"repeat","background-position":"center center","background-size":"auto","background-attachment":"scroll","background-type":"","background-media":"","overlay-type":"","overlay-color":"","overlay-opacity":"","overlay-gradient":""}}},"product_brand":[],"product_cat":[15],"product_tag":[7409,5307,2277,7408],"class_list":{"0":"post-20239","1":"product","2":"type-product","3":"status-publish","4":"has-post-thumbnail","6":"product_cat-uncategorized","7":"product_tag-antanas-saulaitis","8":"product_tag-klausimai-ir-atsakymai","9":"product_tag-religija","10":"product_tag-tikejimas-vaikams","11":"desktop-align-left","12":"tablet-align-left","13":"mobile-align-left","15":"first","16":"instock","17":"shipping-taxable","18":"purchasable","19":"product-type-simple"},"acf":[],"yoast_head":"<!-- This site is optimized with the Yoast SEO plugin v27.0 - https:\/\/yoast.com\/product\/yoast-seo-wordpress\/ -->\n<title>Kaip prad\u0117ti tik\u0117ti? Nauji didieji ma\u017e\u0173j\u0173 klausimai, \u012f kuriuos atsak\u0117 kun. Antanas Saulaitis<\/title>\n<meta name=\"description\" content=\"Kada T. Antanas Saulaitis, SJ prad\u0117jo atsakin\u0117ti \u012f vaik\u0173 klausimus \u017eurnale \u201eBitut\u0117\u201c, jau turb\u016bt niekas neprisimena.Ta\u010diau \u017einoma tiek, kad prie\u0161 de\u0161imt\" \/>\n<meta name=\"robots\" content=\"index, follow, max-snippet:-1, max-image-preview:large, max-video-preview:-1\" \/>\n<link rel=\"canonical\" href=\"https:\/\/skaitytaknyga.lt\/en\/produktas\/kaip-pradeti-tiketi-nauji-didieji-mazuju-klausimai-i-kuriuos-atsake-kun-antanas-saulaitis\/\" \/>\n<meta property=\"og:locale\" content=\"en_GB\" \/>\n<meta property=\"og:locale:alternate\" content=\"lt_LT\" \/>\n<meta property=\"og:type\" content=\"article\" \/>\n<meta property=\"og:title\" content=\"Kaip prad\u0117ti tik\u0117ti? Nauji didieji ma\u017e\u0173j\u0173 klausimai, \u012f kuriuos atsak\u0117 kun. Antanas Saulaitis\" \/>\n<meta property=\"og:description\" content=\"Kada T. Antanas Saulaitis, SJ prad\u0117jo atsakin\u0117ti \u012f vaik\u0173 klausimus \u017eurnale \u201eBitut\u0117\u201c, jau turb\u016bt niekas neprisimena.Ta\u010diau \u017einoma tiek, kad prie\u0161 de\u0161imt\" \/>\n<meta property=\"og:url\" content=\"https:\/\/skaitytaknyga.lt\/en\/produktas\/kaip-pradeti-tiketi-nauji-didieji-mazuju-klausimai-i-kuriuos-atsake-kun-antanas-saulaitis\/\" \/>\n<meta property=\"og:site_name\" content=\"Skaitytaknyga\" \/>\n<meta property=\"article:publisher\" content=\"https:\/\/www.facebook.com\/skaitytaknyga\/\" \/>\n<meta property=\"article:modified_time\" content=\"2025-08-06T11:22:31+00:00\" \/>\n<meta property=\"og:image\" content=\"https:\/\/skaitytaknyga.lt\/wp-content\/uploads\/2025\/08\/Kaip-pradeti-tiketi-Nauji-didieji-mazuju-klausimai-i-kuriuos-atsake-kun.-Antanas-Saulaitis-1.webp\" \/>\n\t<meta property=\"og:image:width\" content=\"600\" \/>\n\t<meta property=\"og:image:height\" content=\"683\" \/>\n\t<meta property=\"og:image:type\" content=\"image\/webp\" \/>\n<meta name=\"twitter:card\" content=\"summary_large_image\" \/>\n<meta name=\"twitter:label1\" content=\"Estimated reading time\" \/>\n\t<meta name=\"twitter:data1\" content=\"2 minutes\" \/>\n<script type=\"application\/ld+json\" class=\"yoast-schema-graph\">{\"@context\":\"https:\/\/schema.org\",\"@graph\":[{\"@type\":\"WebPage\",\"@id\":\"https:\/\/skaitytaknyga.lt\/produktas\/kaip-pradeti-tiketi-nauji-didieji-mazuju-klausimai-i-kuriuos-atsake-kun-antanas-saulaitis\/\",\"url\":\"https:\/\/skaitytaknyga.lt\/produktas\/kaip-pradeti-tiketi-nauji-didieji-mazuju-klausimai-i-kuriuos-atsake-kun-antanas-saulaitis\/\",\"name\":\"Kaip prad\u0117ti tik\u0117ti? Nauji didieji ma\u017e\u0173j\u0173 klausimai, \u012f kuriuos atsak\u0117 kun. Antanas Saulaitis\",\"isPartOf\":{\"@id\":\"https:\/\/skaitytaknyga.lt\/#website\"},\"primaryImageOfPage\":{\"@id\":\"https:\/\/skaitytaknyga.lt\/produktas\/kaip-pradeti-tiketi-nauji-didieji-mazuju-klausimai-i-kuriuos-atsake-kun-antanas-saulaitis\/#primaryimage\"},\"image\":{\"@id\":\"https:\/\/skaitytaknyga.lt\/produktas\/kaip-pradeti-tiketi-nauji-didieji-mazuju-klausimai-i-kuriuos-atsake-kun-antanas-saulaitis\/#primaryimage\"},\"thumbnailUrl\":\"https:\/\/skaitytaknyga.lt\/wp-content\/uploads\/2025\/08\/Kaip-pradeti-tiketi-Nauji-didieji-mazuju-klausimai-i-kuriuos-atsake-kun.-Antanas-Saulaitis-1.webp\",\"datePublished\":\"2025-08-06T10:51:48+00:00\",\"dateModified\":\"2025-08-06T11:22:31+00:00\",\"description\":\"Kada T. Antanas Saulaitis, SJ prad\u0117jo atsakin\u0117ti \u012f vaik\u0173 klausimus \u017eurnale \u201eBitut\u0117\u201c, jau turb\u016bt niekas neprisimena.Ta\u010diau \u017einoma tiek, kad prie\u0161 de\u0161imt\",\"breadcrumb\":{\"@id\":\"https:\/\/skaitytaknyga.lt\/produktas\/kaip-pradeti-tiketi-nauji-didieji-mazuju-klausimai-i-kuriuos-atsake-kun-antanas-saulaitis\/#breadcrumb\"},\"inLanguage\":\"en-GB\",\"potentialAction\":[{\"@type\":\"ReadAction\",\"target\":[\"https:\/\/skaitytaknyga.lt\/produktas\/kaip-pradeti-tiketi-nauji-didieji-mazuju-klausimai-i-kuriuos-atsake-kun-antanas-saulaitis\/\"]}]},{\"@type\":\"ImageObject\",\"inLanguage\":\"en-GB\",\"@id\":\"https:\/\/skaitytaknyga.lt\/produktas\/kaip-pradeti-tiketi-nauji-didieji-mazuju-klausimai-i-kuriuos-atsake-kun-antanas-saulaitis\/#primaryimage\",\"url\":\"https:\/\/skaitytaknyga.lt\/wp-content\/uploads\/2025\/08\/Kaip-pradeti-tiketi-Nauji-didieji-mazuju-klausimai-i-kuriuos-atsake-kun.-Antanas-Saulaitis-1.webp\",\"contentUrl\":\"https:\/\/skaitytaknyga.lt\/wp-content\/uploads\/2025\/08\/Kaip-pradeti-tiketi-Nauji-didieji-mazuju-klausimai-i-kuriuos-atsake-kun.-Antanas-Saulaitis-1.webp\",\"width\":600,\"height\":683,\"caption\":\"Kaip prad\u0117ti tik\u0117ti? Nauji didieji ma\u017e\u0173j\u0173 klausimai, \u012f kuriuos atsak\u0117 kun. Antanas Saulaitis\"},{\"@type\":\"BreadcrumbList\",\"@id\":\"https:\/\/skaitytaknyga.lt\/produktas\/kaip-pradeti-tiketi-nauji-didieji-mazuju-klausimai-i-kuriuos-atsake-kun-antanas-saulaitis\/#breadcrumb\",\"itemListElement\":[{\"@type\":\"ListItem\",\"position\":1,\"name\":\"Home\",\"item\":\"https:\/\/skaitytaknyga.lt\/\"},{\"@type\":\"ListItem\",\"position\":2,\"name\":\"Parduotuv\u0117\",\"item\":\"https:\/\/skaitytaknyga.lt\/knygu-parduotuve\/\"},{\"@type\":\"ListItem\",\"position\":3,\"name\":\"Kaip prad\u0117ti tik\u0117ti? Nauji didieji ma\u017e\u0173j\u0173 klausimai, \u012f kuriuos atsak\u0117 kun. Antanas Saulaitis\"}]},{\"@type\":\"WebSite\",\"@id\":\"https:\/\/skaitytaknyga.lt\/#website\",\"url\":\"https:\/\/skaitytaknyga.lt\/\",\"name\":\"skaitytaknyga.lt\",\"description\":\"Skaitytaknyga.lt \u2013 tai ma\u017eas \u0161eimos verslas, kuris prasid\u0117jo nuo meil\u0117s knygoms ir siekio i\u0161gelb\u0117ti knygas nuo likimo prie konteinerio. Kas vienam nereikalingas daiktas \u2013 kitam lobis, o mes esame tarpininkai, kurie padeda abiems tapti laimingesniems ???? \u017dinome kaip nelengva i\u0161gyventi ma\u017eiems verslams, tad nuo \u0161iol, \u010dia rasite ir kit\u0173, ma\u017e\u0173 \u0161eim\u0173 versl\u0173, rank\u0173 darbo, dovan\u0173 sau ir artimiesiems.\",\"publisher\":{\"@id\":\"https:\/\/skaitytaknyga.lt\/#organization\"},\"potentialAction\":[{\"@type\":\"SearchAction\",\"target\":{\"@type\":\"EntryPoint\",\"urlTemplate\":\"https:\/\/skaitytaknyga.lt\/?s={search_term_string}\"},\"query-input\":{\"@type\":\"PropertyValueSpecification\",\"valueRequired\":true,\"valueName\":\"search_term_string\"}}],\"inLanguage\":\"en-GB\"},{\"@type\":\"Organization\",\"@id\":\"https:\/\/skaitytaknyga.lt\/#organization\",\"name\":\"skaitytaknyga.lt\",\"url\":\"https:\/\/skaitytaknyga.lt\/\",\"logo\":{\"@type\":\"ImageObject\",\"inLanguage\":\"en-GB\",\"@id\":\"https:\/\/skaitytaknyga.lt\/#\/schema\/logo\/image\/\",\"url\":\"https:\/\/skaitytaknyga.lt\/wp-content\/uploads\/2024\/05\/cropped-cropped-cropped-02_00843_jt3bggkj1j3HLc7SyY6rEUpg.jpeg\",\"contentUrl\":\"https:\/\/skaitytaknyga.lt\/wp-content\/uploads\/2024\/05\/cropped-cropped-cropped-02_00843_jt3bggkj1j3HLc7SyY6rEUpg.jpeg\",\"width\":1600,\"height\":1600,\"caption\":\"skaitytaknyga.lt\"},\"image\":{\"@id\":\"https:\/\/skaitytaknyga.lt\/#\/schema\/logo\/image\/\"},\"sameAs\":[\"https:\/\/www.facebook.com\/skaitytaknyga\/\"]}]}<\/script>\n<!-- \/ Yoast SEO plugin. -->","yoast_head_json":{"title":"Kaip prad\u0117ti tik\u0117ti? Nauji didieji ma\u017e\u0173j\u0173 klausimai, \u012f kuriuos atsak\u0117 kun. Antanas Saulaitis","description":"Kada T. Antanas Saulaitis, SJ prad\u0117jo atsakin\u0117ti \u012f vaik\u0173 klausimus \u017eurnale \u201eBitut\u0117\u201c, jau turb\u016bt niekas neprisimena.Ta\u010diau \u017einoma tiek, kad prie\u0161 de\u0161imt","robots":{"index":"index","follow":"follow","max-snippet":"max-snippet:-1","max-image-preview":"max-image-preview:large","max-video-preview":"max-video-preview:-1"},"canonical":"https:\/\/skaitytaknyga.lt\/en\/produktas\/kaip-pradeti-tiketi-nauji-didieji-mazuju-klausimai-i-kuriuos-atsake-kun-antanas-saulaitis\/","og_locale":"en_GB","og_type":"article","og_title":"[:lt]Kaip prad\u0117ti tik\u0117ti? Nauji didieji ma\u017e\u0173j\u0173 klausimai, \u012f kuriuos atsak\u0117 kun. Antanas Saulaitis[:] - Skaitytaknyga","og_description":"Kada T. Antanas Saulaitis, SJ prad\u0117jo atsakin\u0117ti \u012f vaik\u0173 klausimus \u017eurnale \u201eBitut\u0117\u201c, jau turb\u016bt niekas neprisimena.Ta\u010diau \u017einoma tiek, kad prie\u0161 de\u0161imt","og_url":"https:\/\/skaitytaknyga.lt\/en\/produktas\/kaip-pradeti-tiketi-nauji-didieji-mazuju-klausimai-i-kuriuos-atsake-kun-antanas-saulaitis\/","og_site_name":"Skaitytaknyga","article_publisher":"https:\/\/www.facebook.com\/skaitytaknyga\/","article_modified_time":"2025-08-06T11:22:31+00:00","og_image":[{"width":600,"height":683,"url":"https:\/\/skaitytaknyga.lt\/wp-content\/uploads\/2025\/08\/Kaip-pradeti-tiketi-Nauji-didieji-mazuju-klausimai-i-kuriuos-atsake-kun.-Antanas-Saulaitis-1.webp","type":"image\/webp"}],"twitter_card":"summary_large_image","twitter_misc":{"Estimated reading time":"2 minutes"},"schema":{"@context":"https:\/\/schema.org","@graph":[{"@type":"WebPage","@id":"https:\/\/skaitytaknyga.lt\/produktas\/kaip-pradeti-tiketi-nauji-didieji-mazuju-klausimai-i-kuriuos-atsake-kun-antanas-saulaitis\/","url":"https:\/\/skaitytaknyga.lt\/produktas\/kaip-pradeti-tiketi-nauji-didieji-mazuju-klausimai-i-kuriuos-atsake-kun-antanas-saulaitis\/","name":"Kaip prad\u0117ti tik\u0117ti? Nauji didieji ma\u017e\u0173j\u0173 klausimai, \u012f kuriuos atsak\u0117 kun. Antanas Saulaitis","isPartOf":{"@id":"https:\/\/skaitytaknyga.lt\/#website"},"primaryImageOfPage":{"@id":"https:\/\/skaitytaknyga.lt\/produktas\/kaip-pradeti-tiketi-nauji-didieji-mazuju-klausimai-i-kuriuos-atsake-kun-antanas-saulaitis\/#primaryimage"},"image":{"@id":"https:\/\/skaitytaknyga.lt\/produktas\/kaip-pradeti-tiketi-nauji-didieji-mazuju-klausimai-i-kuriuos-atsake-kun-antanas-saulaitis\/#primaryimage"},"thumbnailUrl":"https:\/\/skaitytaknyga.lt\/wp-content\/uploads\/2025\/08\/Kaip-pradeti-tiketi-Nauji-didieji-mazuju-klausimai-i-kuriuos-atsake-kun.-Antanas-Saulaitis-1.webp","datePublished":"2025-08-06T10:51:48+00:00","dateModified":"2025-08-06T11:22:31+00:00","description":"Kada T. Antanas Saulaitis, SJ prad\u0117jo atsakin\u0117ti \u012f vaik\u0173 klausimus \u017eurnale \u201eBitut\u0117\u201c, jau turb\u016bt niekas neprisimena.Ta\u010diau \u017einoma tiek, kad prie\u0161 de\u0161imt","breadcrumb":{"@id":"https:\/\/skaitytaknyga.lt\/produktas\/kaip-pradeti-tiketi-nauji-didieji-mazuju-klausimai-i-kuriuos-atsake-kun-antanas-saulaitis\/#breadcrumb"},"inLanguage":"en-GB","potentialAction":[{"@type":"ReadAction","target":["https:\/\/skaitytaknyga.lt\/produktas\/kaip-pradeti-tiketi-nauji-didieji-mazuju-klausimai-i-kuriuos-atsake-kun-antanas-saulaitis\/"]}]},{"@type":"ImageObject","inLanguage":"en-GB","@id":"https:\/\/skaitytaknyga.lt\/produktas\/kaip-pradeti-tiketi-nauji-didieji-mazuju-klausimai-i-kuriuos-atsake-kun-antanas-saulaitis\/#primaryimage","url":"https:\/\/skaitytaknyga.lt\/wp-content\/uploads\/2025\/08\/Kaip-pradeti-tiketi-Nauji-didieji-mazuju-klausimai-i-kuriuos-atsake-kun.-Antanas-Saulaitis-1.webp","contentUrl":"https:\/\/skaitytaknyga.lt\/wp-content\/uploads\/2025\/08\/Kaip-pradeti-tiketi-Nauji-didieji-mazuju-klausimai-i-kuriuos-atsake-kun.-Antanas-Saulaitis-1.webp","width":600,"height":683,"caption":"Kaip prad\u0117ti tik\u0117ti? Nauji didieji ma\u017e\u0173j\u0173 klausimai, \u012f kuriuos atsak\u0117 kun. Antanas Saulaitis"},{"@type":"BreadcrumbList","@id":"https:\/\/skaitytaknyga.lt\/produktas\/kaip-pradeti-tiketi-nauji-didieji-mazuju-klausimai-i-kuriuos-atsake-kun-antanas-saulaitis\/#breadcrumb","itemListElement":[{"@type":"ListItem","position":1,"name":"Home","item":"https:\/\/skaitytaknyga.lt\/"},{"@type":"ListItem","position":2,"name":"Parduotuv\u0117","item":"https:\/\/skaitytaknyga.lt\/knygu-parduotuve\/"},{"@type":"ListItem","position":3,"name":"Kaip prad\u0117ti tik\u0117ti? Nauji didieji ma\u017e\u0173j\u0173 klausimai, \u012f kuriuos atsak\u0117 kun. Antanas Saulaitis"}]},{"@type":"WebSite","@id":"https:\/\/skaitytaknyga.lt\/#website","url":"https:\/\/skaitytaknyga.lt\/","name":"skaitytaknyga.lt","description":"Skaitytaknyga.lt \u2013 tai ma\u017eas \u0161eimos verslas, kuris prasid\u0117jo nuo meil\u0117s knygoms ir siekio i\u0161gelb\u0117ti knygas nuo likimo prie konteinerio. Kas vienam nereikalingas daiktas \u2013 kitam lobis, o mes esame tarpininkai, kurie padeda abiems tapti laimingesniems ???? \u017dinome kaip nelengva i\u0161gyventi ma\u017eiems verslams, tad nuo \u0161iol, \u010dia rasite ir kit\u0173, ma\u017e\u0173 \u0161eim\u0173 versl\u0173, rank\u0173 darbo, dovan\u0173 sau ir artimiesiems.","publisher":{"@id":"https:\/\/skaitytaknyga.lt\/#organization"},"potentialAction":[{"@type":"SearchAction","target":{"@type":"EntryPoint","urlTemplate":"https:\/\/skaitytaknyga.lt\/?s={search_term_string}"},"query-input":{"@type":"PropertyValueSpecification","valueRequired":true,"valueName":"search_term_string"}}],"inLanguage":"en-GB"},{"@type":"Organization","@id":"https:\/\/skaitytaknyga.lt\/#organization","name":"skaitytaknyga.lt","url":"https:\/\/skaitytaknyga.lt\/","logo":{"@type":"ImageObject","inLanguage":"en-GB","@id":"https:\/\/skaitytaknyga.lt\/#\/schema\/logo\/image\/","url":"https:\/\/skaitytaknyga.lt\/wp-content\/uploads\/2024\/05\/cropped-cropped-cropped-02_00843_jt3bggkj1j3HLc7SyY6rEUpg.jpeg","contentUrl":"https:\/\/skaitytaknyga.lt\/wp-content\/uploads\/2024\/05\/cropped-cropped-cropped-02_00843_jt3bggkj1j3HLc7SyY6rEUpg.jpeg","width":1600,"height":1600,"caption":"skaitytaknyga.lt"},"image":{"@id":"https:\/\/skaitytaknyga.lt\/#\/schema\/logo\/image\/"},"sameAs":["https:\/\/www.facebook.com\/skaitytaknyga\/"]}]}},"_links":{"self":[{"href":"https:\/\/skaitytaknyga.lt\/en\/wp-json\/wp\/v2\/product\/20239","targetHints":{"allow":["GET"]}}],"collection":[{"href":"https:\/\/skaitytaknyga.lt\/en\/wp-json\/wp\/v2\/product"}],"about":[{"href":"https:\/\/skaitytaknyga.lt\/en\/wp-json\/wp\/v2\/types\/product"}],"replies":[{"embeddable":true,"href":"https:\/\/skaitytaknyga.lt\/en\/wp-json\/wp\/v2\/comments?post=20239"}],"wp:featuredmedia":[{"embeddable":true,"href":"https:\/\/skaitytaknyga.lt\/en\/wp-json\/wp\/v2\/media\/20243"}],"wp:attachment":[{"href":"https:\/\/skaitytaknyga.lt\/en\/wp-json\/wp\/v2\/media?parent=20239"}],"wp:term":[{"taxonomy":"product_brand","embeddable":true,"href":"https:\/\/skaitytaknyga.lt\/en\/wp-json\/wp\/v2\/product_brand?post=20239"},{"taxonomy":"product_cat","embeddable":true,"href":"https:\/\/skaitytaknyga.lt\/en\/wp-json\/wp\/v2\/product_cat?post=20239"},{"taxonomy":"product_tag","embeddable":true,"href":"https:\/\/skaitytaknyga.lt\/en\/wp-json\/wp\/v2\/product_tag?post=20239"}],"curies":[{"name":"wp","href":"https:\/\/api.w.org\/{rel}","templated":true}]}}