{"id":20209,"date":"2025-08-06T09:48:47","date_gmt":"2025-08-06T06:48:47","guid":{"rendered":"https:\/\/skaitytaknyga.lt\/?post_type=product&#038;p=20209"},"modified":"2026-03-18T12:58:16","modified_gmt":"2026-03-18T10:58:16","slug":"lietuvos-misku-plesrieji-pauksciai-ir-peledos","status":"publish","type":"product","link":"https:\/\/skaitytaknyga.lt\/en\/produktas\/lietuvos-misku-plesrieji-pauksciai-ir-peledos\/","title":{"rendered":"Lietuvos mi\u0161k\u0173 pl\u0117\u0161rieji pauk\u0161\u010diai ir pel\u0117dos"},"content":{"rendered":"<p>Knygos &#8220;Lietuvos mi\u0161k\u0173 pl\u0117\u0161rieji pauk\u0161\u010diai ir pel\u0117dos&#8221; apra\u0161ymas<br \/>\nKnygoje populiariai pasakojama apie vis\u0173 Lietuvoje gyvenan\u010di\u0173 pl\u0117\u0161ri\u0173j\u0173 pauk\u0161\u010di\u0173 ir pel\u0117d\u0173 r\u016b\u0161i\u0173 sparnuo\u010dius. Supa\u017eindinama su j\u0173 gyvenam\u0105ja aplinka \u2013 apra\u0161omos \u012fvairios nat\u016bralios gamtos buvein\u0117s (\u012fvairi\u0173 tip\u0173 mi\u0161kai, pelk\u0117s, nat\u016bralios pievos), pateikiama unikali\u0173 Lietuvos kra\u0161tovaizd\u017eio fotografij\u0173, supa\u017eindinama su pauk\u0161\u010di\u0173 elgsenos ypatumais, kiekvienos apra\u0161omos r\u016b\u0161ies savitumais, aptariamos j\u0173 egzistavimui kylan\u010dios gr\u0117sm\u0117s ir apsaugos priemon\u0117s. Albumas \u2013 vertingas leidinys, supa\u017eindinantis m\u016bs\u0173 ir kit\u0173 \u0161ali\u0173 skaitytojus su Lietuvos gamtos biologine \u012fvairove. Jis gal\u0117t\u0173 tapti ir mokom\u0105ja priemone moksleiviams, studentams gamtininkams, mi\u0161kininkams, saugom\u0173 teritorij\u0173 darbuotojams.<br \/>\nKnygoje populiariai pasakojama apie vis\u0173 Lietuvoje gyvenan\u010di\u0173 pl\u0117\u0161ri\u0173j\u0173 pauk\u0161\u010di\u0173 ir pel\u0117d\u0173 r\u016b\u0161i\u0173 sparnuo\u010dius. Supa\u017eindinama su j\u0173 gyvenam\u0105ja aplinka \u2013 apra\u0161omos \u012fvairios nat\u016bralios gamtos buvein\u0117s (\u012fvairi\u0173 tip\u0173 mi\u0161kai, pelk\u0117s, nat\u016bralios pievos), pateikiama unikali\u0173 Lietuvos kra\u0161tovaizd\u017eio fotografij\u0173, supa\u017eindinama su pauk\u0161\u010di\u0173 elgsenos ypatumais, kiekvienos apra\u0161omos r\u016b\u0161ies savitumais, aptariamos j\u0173 egzistavimui kylan\u010dios gr\u0117sm\u0117s ir apsaugos priemon\u0117s. Albumas \u2013 vertingas leidinys, supa\u017eindinantis m\u016bs\u0173 ir kit\u0173 \u0161ali\u0173 skaitytojus su Lietuvos gamtos biologine \u012fvairove. Jis gal\u0117t\u0173 tapti ir mokom\u0105ja priemone moksleiviams, studentams gamtininkams, mi\u0161kininkams, saugom\u0173 teritorij\u0173 darbuotojams.<\/p>\n","protected":false},"excerpt":{"rendered":"<p>Knygos &#8220;Lietuvos mi\u0161k\u0173 pl\u0117\u0161rieji pauk\u0161\u010diai ir pel\u0117dos&#8221; apra\u0161ymas Knygoje populiariai pasakojama apie vis\u0173 Lietuvoje gyvenan\u010di\u0173 pl\u0117\u0161ri\u0173j\u0173 pauk\u0161\u010di\u0173 ir pel\u0117d\u0173 r\u016b\u0161i\u0173 sparnuo\u010dius. Supa\u017eindinama su j\u0173 gyvenam\u0105ja aplinka \u2013 apra\u0161omos \u012fvairios nat\u016bralios gamtos buvein\u0117s (\u012fvairi\u0173 tip\u0173 mi\u0161kai, pelk\u0117s, nat\u016bralios pievos), pateikiama unikali\u0173 Lietuvos kra\u0161tovaizd\u017eio fotografij\u0173, supa\u017eindinama su pauk\u0161\u010di\u0173 elgsenos ypatumais, kiekvienos apra\u0161omos r\u016b\u0161ies savitumais, aptariamos j\u0173 egzistavimui kylan\u010dios gr\u0117sm\u0117s ir apsaugos priemon\u0117s. Albumas \u2013 vertingas leidinys, supa\u017eindinantis m\u016bs\u0173 ir kit\u0173 \u0161ali\u0173 skaitytojus su Lietuvos gamtos biologine \u012fvairove. Jis gal\u0117t\u0173 tapti ir mokom\u0105ja priemone moksleiviams, studentams gamtininkams, mi\u0161kininkams, saugom\u0173 teritorij\u0173 darbuotojams. Knygoje populiariai pasakojama apie vis\u0173 Lietuvoje gyvenan\u010di\u0173 pl\u0117\u0161ri\u0173j\u0173 pauk\u0161\u010di\u0173 ir pel\u0117d\u0173 r\u016b\u0161i\u0173 sparnuo\u010dius. Supa\u017eindinama su j\u0173 gyvenam\u0105ja aplinka \u2013 apra\u0161omos \u012fvairios nat\u016bralios gamtos buvein\u0117s (\u012fvairi\u0173 tip\u0173 mi\u0161kai, pelk\u0117s, nat\u016bralios pievos), pateikiama unikali\u0173 Lietuvos kra\u0161tovaizd\u017eio fotografij\u0173, supa\u017eindinama su pauk\u0161\u010di\u0173 elgsenos ypatumais, kiekvienos apra\u0161omos r\u016b\u0161ies savitumais, aptariamos j\u0173 egzistavimui kylan\u010dios gr\u0117sm\u0117s ir apsaugos priemon\u0117s. Albumas \u2013 vertingas leidinys, supa\u017eindinantis m\u016bs\u0173 ir kit\u0173 \u0161ali\u0173 skaitytojus su Lietuvos gamtos biologine \u012fvairove. Jis gal\u0117t\u0173 tapti ir mokom\u0105ja priemone moksleiviams, studentams gamtininkams, mi\u0161kininkams, saugom\u0173 teritorij\u0173 darbuotojams.<\/p>\n","protected":false},"featured_media":20214,"comment_status":"open","ping_status":"closed","template":"","meta":{"_acf_changed":false,"site-sidebar-layout":"default","site-content-layout":"","ast-site-content-layout":"default","site-content-style":"default","site-sidebar-style":"default","ast-global-header-display":"","ast-banner-title-visibility":"","ast-main-header-display":"","ast-hfb-above-header-display":"","ast-hfb-below-header-display":"","ast-hfb-mobile-header-display":"","site-post-title":"","ast-breadcrumbs-content":"","ast-featured-img":"","footer-sml-layout":"","ast-disable-related-posts":"","theme-transparent-header-meta":"","adv-header-id-meta":"","stick-header-meta":"","header-above-stick-meta":"","header-main-stick-meta":"","header-below-stick-meta":"","astra-migrate-meta-layouts":"default","ast-page-background-enabled":"default","ast-page-background-meta":{"desktop":{"background-color":"","background-image":"","background-repeat":"repeat","background-position":"center center","background-size":"auto","background-attachment":"scroll","background-type":"","background-media":"","overlay-type":"","overlay-color":"","overlay-opacity":"","overlay-gradient":""},"tablet":{"background-color":"","background-image":"","background-repeat":"repeat","background-position":"center center","background-size":"auto","background-attachment":"scroll","background-type":"","background-media":"","overlay-type":"","overlay-color":"","overlay-opacity":"","overlay-gradient":""},"mobile":{"background-color":"","background-image":"","background-repeat":"repeat","background-position":"center center","background-size":"auto","background-attachment":"scroll","background-type":"","background-media":"","overlay-type":"","overlay-color":"","overlay-opacity":"","overlay-gradient":""}},"ast-content-background-meta":{"desktop":{"background-color":"var(--ast-global-color-4)","background-image":"","background-repeat":"repeat","background-position":"center center","background-size":"auto","background-attachment":"scroll","background-type":"","background-media":"","overlay-type":"","overlay-color":"","overlay-opacity":"","overlay-gradient":""},"tablet":{"background-color":"var(--ast-global-color-4)","background-image":"","background-repeat":"repeat","background-position":"center center","background-size":"auto","background-attachment":"scroll","background-type":"","background-media":"","overlay-type":"","overlay-color":"","overlay-opacity":"","overlay-gradient":""},"mobile":{"background-color":"var(--ast-global-color-4)","background-image":"","background-repeat":"repeat","background-position":"center center","background-size":"auto","background-attachment":"scroll","background-type":"","background-media":"","overlay-type":"","overlay-color":"","overlay-opacity":"","overlay-gradient":""}}},"product_brand":[],"product_cat":[9849],"product_tag":[7384,1802,2625,7383,5318,7385],"class_list":{"0":"post-20209","1":"product","2":"type-product","3":"status-publish","4":"has-post-thumbnail","6":"product_cat-gyvunai","7":"product_tag-e-drobelis","8":"product_tag-gamta","9":"product_tag-lietuva","10":"product_tag-ornitologija","11":"product_tag-pauksciai","12":"product_tag-v-knyva","13":"desktop-align-left","14":"tablet-align-left","15":"mobile-align-left","17":"first","18":"outofstock","19":"shipping-taxable","20":"purchasable","21":"product-type-simple"},"acf":[],"yoast_head":"<!-- This site is optimized with the Yoast SEO plugin v27.0 - https:\/\/yoast.com\/product\/yoast-seo-wordpress\/ -->\n<title>Lietuvos mi\u0161k\u0173 pl\u0117\u0161rieji pauk\u0161\u010diai ir pel\u0117dos<\/title>\n<meta name=\"description\" content=\"Knygos &quot;Lietuvos mi\u0161k\u0173 pl\u0117\u0161rieji pauk\u0161\u010diai ir pel\u0117dos&quot; apra\u0161ymas Knygoje populiariai pasakojama apie vis\u0173 Lietuvoje gyvenan\u010di\u0173 pl\u0117\u0161ri\u0173j\u0173 pauk\u0161\u010di\u0173 ir\" \/>\n<meta name=\"robots\" content=\"index, follow, max-snippet:-1, max-image-preview:large, max-video-preview:-1\" \/>\n<link rel=\"canonical\" href=\"https:\/\/skaitytaknyga.lt\/en\/produktas\/lietuvos-misku-plesrieji-pauksciai-ir-peledos\/\" \/>\n<meta property=\"og:locale\" content=\"en_GB\" \/>\n<meta property=\"og:locale:alternate\" content=\"lt_LT\" \/>\n<meta property=\"og:type\" content=\"article\" \/>\n<meta property=\"og:title\" content=\"Lietuvos mi\u0161k\u0173 pl\u0117\u0161rieji pauk\u0161\u010diai ir pel\u0117dos\" \/>\n<meta property=\"og:description\" content=\"Knygos &quot;Lietuvos mi\u0161k\u0173 pl\u0117\u0161rieji pauk\u0161\u010diai ir pel\u0117dos&quot; apra\u0161ymas Knygoje populiariai pasakojama apie vis\u0173 Lietuvoje gyvenan\u010di\u0173 pl\u0117\u0161ri\u0173j\u0173 pauk\u0161\u010di\u0173 ir\" \/>\n<meta property=\"og:url\" content=\"https:\/\/skaitytaknyga.lt\/en\/produktas\/lietuvos-misku-plesrieji-pauksciai-ir-peledos\/\" \/>\n<meta property=\"og:site_name\" content=\"Skaitytaknyga\" \/>\n<meta property=\"article:publisher\" content=\"https:\/\/www.facebook.com\/skaitytaknyga\/\" \/>\n<meta property=\"article:modified_time\" content=\"2026-03-18T10:58:16+00:00\" \/>\n<meta property=\"og:image\" content=\"https:\/\/skaitytaknyga.lt\/wp-content\/uploads\/2025\/08\/Lietuvos-misku-plesrieji-pauksciai-ir-peledos-1-e1754463730406.webp\" \/>\n\t<meta property=\"og:image:width\" content=\"360\" \/>\n\t<meta property=\"og:image:height\" content=\"438\" \/>\n\t<meta property=\"og:image:type\" content=\"image\/webp\" \/>\n<meta name=\"twitter:card\" content=\"summary_large_image\" \/>\n<meta name=\"twitter:label1\" content=\"Estimated reading time\" \/>\n\t<meta name=\"twitter:data1\" content=\"1 minute\" \/>\n<script type=\"application\/ld+json\" class=\"yoast-schema-graph\">{\"@context\":\"https:\/\/schema.org\",\"@graph\":[{\"@type\":\"WebPage\",\"@id\":\"https:\/\/skaitytaknyga.lt\/produktas\/lietuvos-misku-plesrieji-pauksciai-ir-peledos\/\",\"url\":\"https:\/\/skaitytaknyga.lt\/produktas\/lietuvos-misku-plesrieji-pauksciai-ir-peledos\/\",\"name\":\"Lietuvos mi\u0161k\u0173 pl\u0117\u0161rieji pauk\u0161\u010diai ir pel\u0117dos\",\"isPartOf\":{\"@id\":\"https:\/\/skaitytaknyga.lt\/#website\"},\"primaryImageOfPage\":{\"@id\":\"https:\/\/skaitytaknyga.lt\/produktas\/lietuvos-misku-plesrieji-pauksciai-ir-peledos\/#primaryimage\"},\"image\":{\"@id\":\"https:\/\/skaitytaknyga.lt\/produktas\/lietuvos-misku-plesrieji-pauksciai-ir-peledos\/#primaryimage\"},\"thumbnailUrl\":\"https:\/\/skaitytaknyga.lt\/wp-content\/uploads\/2025\/08\/Lietuvos-misku-plesrieji-pauksciai-ir-peledos-1-e1754463730406.webp\",\"datePublished\":\"2025-08-06T06:48:47+00:00\",\"dateModified\":\"2026-03-18T10:58:16+00:00\",\"description\":\"Knygos \\\"Lietuvos mi\u0161k\u0173 pl\u0117\u0161rieji pauk\u0161\u010diai ir pel\u0117dos\\\" apra\u0161ymas Knygoje populiariai pasakojama apie vis\u0173 Lietuvoje gyvenan\u010di\u0173 pl\u0117\u0161ri\u0173j\u0173 pauk\u0161\u010di\u0173 ir\",\"breadcrumb\":{\"@id\":\"https:\/\/skaitytaknyga.lt\/produktas\/lietuvos-misku-plesrieji-pauksciai-ir-peledos\/#breadcrumb\"},\"inLanguage\":\"en-GB\",\"potentialAction\":[{\"@type\":\"ReadAction\",\"target\":[\"https:\/\/skaitytaknyga.lt\/produktas\/lietuvos-misku-plesrieji-pauksciai-ir-peledos\/\"]}]},{\"@type\":\"ImageObject\",\"inLanguage\":\"en-GB\",\"@id\":\"https:\/\/skaitytaknyga.lt\/produktas\/lietuvos-misku-plesrieji-pauksciai-ir-peledos\/#primaryimage\",\"url\":\"https:\/\/skaitytaknyga.lt\/wp-content\/uploads\/2025\/08\/Lietuvos-misku-plesrieji-pauksciai-ir-peledos-1-e1754463730406.webp\",\"contentUrl\":\"https:\/\/skaitytaknyga.lt\/wp-content\/uploads\/2025\/08\/Lietuvos-misku-plesrieji-pauksciai-ir-peledos-1-e1754463730406.webp\",\"width\":360,\"height\":438},{\"@type\":\"BreadcrumbList\",\"@id\":\"https:\/\/skaitytaknyga.lt\/produktas\/lietuvos-misku-plesrieji-pauksciai-ir-peledos\/#breadcrumb\",\"itemListElement\":[{\"@type\":\"ListItem\",\"position\":1,\"name\":\"Home\",\"item\":\"https:\/\/skaitytaknyga.lt\/\"},{\"@type\":\"ListItem\",\"position\":2,\"name\":\"Parduotuv\u0117\",\"item\":\"https:\/\/skaitytaknyga.lt\/knygu-parduotuve\/\"},{\"@type\":\"ListItem\",\"position\":3,\"name\":\"Lietuvos mi\u0161k\u0173 pl\u0117\u0161rieji pauk\u0161\u010diai ir pel\u0117dos\"}]},{\"@type\":\"WebSite\",\"@id\":\"https:\/\/skaitytaknyga.lt\/#website\",\"url\":\"https:\/\/skaitytaknyga.lt\/\",\"name\":\"skaitytaknyga.lt\",\"description\":\"Skaitytaknyga.lt \u2013 tai ma\u017eas \u0161eimos verslas, kuris prasid\u0117jo nuo meil\u0117s knygoms ir siekio i\u0161gelb\u0117ti knygas nuo likimo prie konteinerio. Kas vienam nereikalingas daiktas \u2013 kitam lobis, o mes esame tarpininkai, kurie padeda abiems tapti laimingesniems ???? \u017dinome kaip nelengva i\u0161gyventi ma\u017eiems verslams, tad nuo \u0161iol, \u010dia rasite ir kit\u0173, ma\u017e\u0173 \u0161eim\u0173 versl\u0173, rank\u0173 darbo, dovan\u0173 sau ir artimiesiems.\",\"publisher\":{\"@id\":\"https:\/\/skaitytaknyga.lt\/#organization\"},\"potentialAction\":[{\"@type\":\"SearchAction\",\"target\":{\"@type\":\"EntryPoint\",\"urlTemplate\":\"https:\/\/skaitytaknyga.lt\/?s={search_term_string}\"},\"query-input\":{\"@type\":\"PropertyValueSpecification\",\"valueRequired\":true,\"valueName\":\"search_term_string\"}}],\"inLanguage\":\"en-GB\"},{\"@type\":\"Organization\",\"@id\":\"https:\/\/skaitytaknyga.lt\/#organization\",\"name\":\"skaitytaknyga.lt\",\"url\":\"https:\/\/skaitytaknyga.lt\/\",\"logo\":{\"@type\":\"ImageObject\",\"inLanguage\":\"en-GB\",\"@id\":\"https:\/\/skaitytaknyga.lt\/#\/schema\/logo\/image\/\",\"url\":\"https:\/\/skaitytaknyga.lt\/wp-content\/uploads\/2024\/05\/cropped-cropped-cropped-02_00843_jt3bggkj1j3HLc7SyY6rEUpg.jpeg\",\"contentUrl\":\"https:\/\/skaitytaknyga.lt\/wp-content\/uploads\/2024\/05\/cropped-cropped-cropped-02_00843_jt3bggkj1j3HLc7SyY6rEUpg.jpeg\",\"width\":1600,\"height\":1600,\"caption\":\"skaitytaknyga.lt\"},\"image\":{\"@id\":\"https:\/\/skaitytaknyga.lt\/#\/schema\/logo\/image\/\"},\"sameAs\":[\"https:\/\/www.facebook.com\/skaitytaknyga\/\"]}]}<\/script>\n<!-- \/ Yoast SEO plugin. -->","yoast_head_json":{"title":"Lietuvos mi\u0161k\u0173 pl\u0117\u0161rieji pauk\u0161\u010diai ir pel\u0117dos","description":"Knygos \"Lietuvos mi\u0161k\u0173 pl\u0117\u0161rieji pauk\u0161\u010diai ir pel\u0117dos\" apra\u0161ymas Knygoje populiariai pasakojama apie vis\u0173 Lietuvoje gyvenan\u010di\u0173 pl\u0117\u0161ri\u0173j\u0173 pauk\u0161\u010di\u0173 ir","robots":{"index":"index","follow":"follow","max-snippet":"max-snippet:-1","max-image-preview":"max-image-preview:large","max-video-preview":"max-video-preview:-1"},"canonical":"https:\/\/skaitytaknyga.lt\/en\/produktas\/lietuvos-misku-plesrieji-pauksciai-ir-peledos\/","og_locale":"en_GB","og_type":"article","og_title":"[:lt]Lietuvos mi\u0161k\u0173 pl\u0117\u0161rieji pauk\u0161\u010diai ir pel\u0117dos[:] - Skaitytaknyga","og_description":"Knygos \"Lietuvos mi\u0161k\u0173 pl\u0117\u0161rieji pauk\u0161\u010diai ir pel\u0117dos\" apra\u0161ymas Knygoje populiariai pasakojama apie vis\u0173 Lietuvoje gyvenan\u010di\u0173 pl\u0117\u0161ri\u0173j\u0173 pauk\u0161\u010di\u0173 ir","og_url":"https:\/\/skaitytaknyga.lt\/en\/produktas\/lietuvos-misku-plesrieji-pauksciai-ir-peledos\/","og_site_name":"Skaitytaknyga","article_publisher":"https:\/\/www.facebook.com\/skaitytaknyga\/","article_modified_time":"2026-03-18T10:58:16+00:00","og_image":[{"width":360,"height":438,"url":"https:\/\/skaitytaknyga.lt\/wp-content\/uploads\/2025\/08\/Lietuvos-misku-plesrieji-pauksciai-ir-peledos-1-e1754463730406.webp","type":"image\/webp"}],"twitter_card":"summary_large_image","twitter_misc":{"Estimated reading time":"1 minute"},"schema":{"@context":"https:\/\/schema.org","@graph":[{"@type":"WebPage","@id":"https:\/\/skaitytaknyga.lt\/produktas\/lietuvos-misku-plesrieji-pauksciai-ir-peledos\/","url":"https:\/\/skaitytaknyga.lt\/produktas\/lietuvos-misku-plesrieji-pauksciai-ir-peledos\/","name":"Lietuvos mi\u0161k\u0173 pl\u0117\u0161rieji pauk\u0161\u010diai ir pel\u0117dos","isPartOf":{"@id":"https:\/\/skaitytaknyga.lt\/#website"},"primaryImageOfPage":{"@id":"https:\/\/skaitytaknyga.lt\/produktas\/lietuvos-misku-plesrieji-pauksciai-ir-peledos\/#primaryimage"},"image":{"@id":"https:\/\/skaitytaknyga.lt\/produktas\/lietuvos-misku-plesrieji-pauksciai-ir-peledos\/#primaryimage"},"thumbnailUrl":"https:\/\/skaitytaknyga.lt\/wp-content\/uploads\/2025\/08\/Lietuvos-misku-plesrieji-pauksciai-ir-peledos-1-e1754463730406.webp","datePublished":"2025-08-06T06:48:47+00:00","dateModified":"2026-03-18T10:58:16+00:00","description":"Knygos \"Lietuvos mi\u0161k\u0173 pl\u0117\u0161rieji pauk\u0161\u010diai ir pel\u0117dos\" apra\u0161ymas Knygoje populiariai pasakojama apie vis\u0173 Lietuvoje gyvenan\u010di\u0173 pl\u0117\u0161ri\u0173j\u0173 pauk\u0161\u010di\u0173 ir","breadcrumb":{"@id":"https:\/\/skaitytaknyga.lt\/produktas\/lietuvos-misku-plesrieji-pauksciai-ir-peledos\/#breadcrumb"},"inLanguage":"en-GB","potentialAction":[{"@type":"ReadAction","target":["https:\/\/skaitytaknyga.lt\/produktas\/lietuvos-misku-plesrieji-pauksciai-ir-peledos\/"]}]},{"@type":"ImageObject","inLanguage":"en-GB","@id":"https:\/\/skaitytaknyga.lt\/produktas\/lietuvos-misku-plesrieji-pauksciai-ir-peledos\/#primaryimage","url":"https:\/\/skaitytaknyga.lt\/wp-content\/uploads\/2025\/08\/Lietuvos-misku-plesrieji-pauksciai-ir-peledos-1-e1754463730406.webp","contentUrl":"https:\/\/skaitytaknyga.lt\/wp-content\/uploads\/2025\/08\/Lietuvos-misku-plesrieji-pauksciai-ir-peledos-1-e1754463730406.webp","width":360,"height":438},{"@type":"BreadcrumbList","@id":"https:\/\/skaitytaknyga.lt\/produktas\/lietuvos-misku-plesrieji-pauksciai-ir-peledos\/#breadcrumb","itemListElement":[{"@type":"ListItem","position":1,"name":"Home","item":"https:\/\/skaitytaknyga.lt\/"},{"@type":"ListItem","position":2,"name":"Parduotuv\u0117","item":"https:\/\/skaitytaknyga.lt\/knygu-parduotuve\/"},{"@type":"ListItem","position":3,"name":"Lietuvos mi\u0161k\u0173 pl\u0117\u0161rieji pauk\u0161\u010diai ir pel\u0117dos"}]},{"@type":"WebSite","@id":"https:\/\/skaitytaknyga.lt\/#website","url":"https:\/\/skaitytaknyga.lt\/","name":"skaitytaknyga.lt","description":"Skaitytaknyga.lt \u2013 tai ma\u017eas \u0161eimos verslas, kuris prasid\u0117jo nuo meil\u0117s knygoms ir siekio i\u0161gelb\u0117ti knygas nuo likimo prie konteinerio. Kas vienam nereikalingas daiktas \u2013 kitam lobis, o mes esame tarpininkai, kurie padeda abiems tapti laimingesniems ???? \u017dinome kaip nelengva i\u0161gyventi ma\u017eiems verslams, tad nuo \u0161iol, \u010dia rasite ir kit\u0173, ma\u017e\u0173 \u0161eim\u0173 versl\u0173, rank\u0173 darbo, dovan\u0173 sau ir artimiesiems.","publisher":{"@id":"https:\/\/skaitytaknyga.lt\/#organization"},"potentialAction":[{"@type":"SearchAction","target":{"@type":"EntryPoint","urlTemplate":"https:\/\/skaitytaknyga.lt\/?s={search_term_string}"},"query-input":{"@type":"PropertyValueSpecification","valueRequired":true,"valueName":"search_term_string"}}],"inLanguage":"en-GB"},{"@type":"Organization","@id":"https:\/\/skaitytaknyga.lt\/#organization","name":"skaitytaknyga.lt","url":"https:\/\/skaitytaknyga.lt\/","logo":{"@type":"ImageObject","inLanguage":"en-GB","@id":"https:\/\/skaitytaknyga.lt\/#\/schema\/logo\/image\/","url":"https:\/\/skaitytaknyga.lt\/wp-content\/uploads\/2024\/05\/cropped-cropped-cropped-02_00843_jt3bggkj1j3HLc7SyY6rEUpg.jpeg","contentUrl":"https:\/\/skaitytaknyga.lt\/wp-content\/uploads\/2024\/05\/cropped-cropped-cropped-02_00843_jt3bggkj1j3HLc7SyY6rEUpg.jpeg","width":1600,"height":1600,"caption":"skaitytaknyga.lt"},"image":{"@id":"https:\/\/skaitytaknyga.lt\/#\/schema\/logo\/image\/"},"sameAs":["https:\/\/www.facebook.com\/skaitytaknyga\/"]}]}},"_links":{"self":[{"href":"https:\/\/skaitytaknyga.lt\/en\/wp-json\/wp\/v2\/product\/20209","targetHints":{"allow":["GET"]}}],"collection":[{"href":"https:\/\/skaitytaknyga.lt\/en\/wp-json\/wp\/v2\/product"}],"about":[{"href":"https:\/\/skaitytaknyga.lt\/en\/wp-json\/wp\/v2\/types\/product"}],"replies":[{"embeddable":true,"href":"https:\/\/skaitytaknyga.lt\/en\/wp-json\/wp\/v2\/comments?post=20209"}],"wp:featuredmedia":[{"embeddable":true,"href":"https:\/\/skaitytaknyga.lt\/en\/wp-json\/wp\/v2\/media\/20214"}],"wp:attachment":[{"href":"https:\/\/skaitytaknyga.lt\/en\/wp-json\/wp\/v2\/media?parent=20209"}],"wp:term":[{"taxonomy":"product_brand","embeddable":true,"href":"https:\/\/skaitytaknyga.lt\/en\/wp-json\/wp\/v2\/product_brand?post=20209"},{"taxonomy":"product_cat","embeddable":true,"href":"https:\/\/skaitytaknyga.lt\/en\/wp-json\/wp\/v2\/product_cat?post=20209"},{"taxonomy":"product_tag","embeddable":true,"href":"https:\/\/skaitytaknyga.lt\/en\/wp-json\/wp\/v2\/product_tag?post=20209"}],"curies":[{"name":"wp","href":"https:\/\/api.w.org\/{rel}","templated":true}]}}