{"id":20203,"date":"2025-08-06T09:09:39","date_gmt":"2025-08-06T06:09:39","guid":{"rendered":"https:\/\/skaitytaknyga.lt\/?post_type=product&#038;p=20203"},"modified":"2026-02-20T11:46:41","modified_gmt":"2026-02-20T09:46:41","slug":"tevas-gorijo","status":"publish","type":"product","link":"https:\/\/skaitytaknyga.lt\/en\/produktas\/tevas-gorijo\/","title":{"rendered":"T\u0117vas Gorijo"},"content":{"rendered":"<p>\u201eMes visi esame T\u0117vo Gorijo vaikai\u201c \u2013  Felicien Marceau<\/p>\n<p>Ponios Vok\u0117 pensione keistai susipina trij\u0173 \u017emoni\u0173 gyvenimai. Prie vieno stalo atsiduria perspektyvus jaunuolis, trok\u0161tantis atsidurti auk\u0161tuosiuose visuomen\u0117s sluoksniuose, Eugenijus Rastinjakas, besislapstantis nusikalt\u0117lis, juodosios Pary\u017eiaus pus\u0117s \u017einovas Votrenas ir bankrutav\u0119s makaron\u0173 fabriko savininkas Gorijo.<\/p>\n<p>Kai moterys, kurioms Gorijo siun\u010dia paskutinius prabangos liku\u010dius, pasirodo esan\u010dios visai ne kek\u0161\u0117s, o u\u017e kilming\u0173 ir turting\u0173 vyr\u0173 i\u0161tek\u0117jusios Gorijo dukterys, Rastinjakas imasi ie\u0161koti teisyb\u0117s. Kod\u0117l dukros nelanko mir\u0161tan\u010dio t\u0117vo, kod\u0117l u\u017etrenk\u0117 jam duris? Kod\u0117l pinigai \u2013 dar ne viskas, jei neturi jokio titulo? Votreno padedamas Rastinjakas greitai su\u017eino, kokia i\u0161kilimo visuomen\u0117je kaina, ir pats neju\u010dia padeda ant svarstykli\u0173 s\u0105\u017ein\u0119 ir nor\u0105 bet kokia kaina i\u0161kilti&#8230;<\/p>\n","protected":false},"excerpt":{"rendered":"<p>\u201eMes visi esame T\u0117vo Gorijo vaikai\u201c \u2013 Felicien Marceau Ponios Vok\u0117 pensione keistai susipina trij\u0173 \u017emoni\u0173 gyvenimai. Prie vieno stalo atsiduria perspektyvus jaunuolis, trok\u0161tantis atsidurti auk\u0161tuosiuose visuomen\u0117s sluoksniuose, Eugenijus Rastinjakas, besislapstantis nusikalt\u0117lis, juodosios Pary\u017eiaus pus\u0117s \u017einovas Votrenas ir bankrutav\u0119s makaron\u0173 fabriko savininkas Gorijo. Kai moterys, kurioms Gorijo siun\u010dia paskutinius prabangos liku\u010dius, pasirodo esan\u010dios visai ne kek\u0161\u0117s, o u\u017e kilming\u0173 ir turting\u0173 vyr\u0173 i\u0161tek\u0117jusios Gorijo dukterys, Rastinjakas imasi ie\u0161koti teisyb\u0117s. Kod\u0117l dukros nelanko mir\u0161tan\u010dio t\u0117vo, kod\u0117l u\u017etrenk\u0117 jam duris? Kod\u0117l pinigai \u2013 dar ne viskas, jei neturi jokio titulo? Votreno padedamas Rastinjakas greitai su\u017eino, kokia i\u0161kilimo visuomen\u0117je kaina, ir pats neju\u010dia padeda ant svarstykli\u0173 s\u0105\u017ein\u0119 ir nor\u0105 bet kokia kaina i\u0161kilti&#8230;<\/p>\n","protected":false},"featured_media":20204,"comment_status":"open","ping_status":"closed","template":"","meta":{"_acf_changed":false,"site-sidebar-layout":"default","site-content-layout":"","ast-site-content-layout":"default","site-content-style":"default","site-sidebar-style":"default","ast-global-header-display":"","ast-banner-title-visibility":"","ast-main-header-display":"","ast-hfb-above-header-display":"","ast-hfb-below-header-display":"","ast-hfb-mobile-header-display":"","site-post-title":"","ast-breadcrumbs-content":"","ast-featured-img":"","footer-sml-layout":"","ast-disable-related-posts":"","theme-transparent-header-meta":"","adv-header-id-meta":"","stick-header-meta":"","header-above-stick-meta":"","header-main-stick-meta":"","header-below-stick-meta":"","astra-migrate-meta-layouts":"default","ast-page-background-enabled":"default","ast-page-background-meta":{"desktop":{"background-color":"","background-image":"","background-repeat":"repeat","background-position":"center center","background-size":"auto","background-attachment":"scroll","background-type":"","background-media":"","overlay-type":"","overlay-color":"","overlay-opacity":"","overlay-gradient":""},"tablet":{"background-color":"","background-image":"","background-repeat":"repeat","background-position":"center center","background-size":"auto","background-attachment":"scroll","background-type":"","background-media":"","overlay-type":"","overlay-color":"","overlay-opacity":"","overlay-gradient":""},"mobile":{"background-color":"","background-image":"","background-repeat":"repeat","background-position":"center center","background-size":"auto","background-attachment":"scroll","background-type":"","background-media":"","overlay-type":"","overlay-color":"","overlay-opacity":"","overlay-gradient":""}},"ast-content-background-meta":{"desktop":{"background-color":"var(--ast-global-color-4)","background-image":"","background-repeat":"repeat","background-position":"center center","background-size":"auto","background-attachment":"scroll","background-type":"","background-media":"","overlay-type":"","overlay-color":"","overlay-opacity":"","overlay-gradient":""},"tablet":{"background-color":"var(--ast-global-color-4)","background-image":"","background-repeat":"repeat","background-position":"center center","background-size":"auto","background-attachment":"scroll","background-type":"","background-media":"","overlay-type":"","overlay-color":"","overlay-opacity":"","overlay-gradient":""},"mobile":{"background-color":"var(--ast-global-color-4)","background-image":"","background-repeat":"repeat","background-position":"center center","background-size":"auto","background-attachment":"scroll","background-type":"","background-media":"","overlay-type":"","overlay-color":"","overlay-opacity":"","overlay-gradient":""}}},"product_brand":[],"product_cat":[28],"product_tag":[7378,1442,2831,1533],"class_list":{"0":"post-20203","1":"product","2":"type-product","3":"status-publish","4":"has-post-thumbnail","6":"product_cat-klasika","7":"product_tag-balzac","8":"product_tag-klasikine-literatura","9":"product_tag-prancuzija","10":"product_tag-visuomene","11":"desktop-align-left","12":"tablet-align-left","13":"mobile-align-left","15":"first","16":"instock","17":"shipping-taxable","18":"purchasable","19":"product-type-simple"},"acf":[],"yoast_head":"<!-- This site is optimized with the Yoast SEO plugin v27.0 - https:\/\/yoast.com\/product\/yoast-seo-wordpress\/ -->\n<title>T\u0117vas Gorijo<\/title>\n<meta name=\"description\" content=\"\u201eMes visi esame T\u0117vo Gorijo vaikai\u201c \u2013 Felicien Marceau Ponios Vok\u0117 pensione keistai susipina trij\u0173 \u017emoni\u0173 gyvenimai. Prie vieno stalo atsiduria\" \/>\n<meta name=\"robots\" content=\"index, follow, max-snippet:-1, max-image-preview:large, max-video-preview:-1\" \/>\n<link rel=\"canonical\" href=\"https:\/\/skaitytaknyga.lt\/en\/produktas\/tevas-gorijo\/\" \/>\n<meta property=\"og:locale\" content=\"en_GB\" \/>\n<meta property=\"og:locale:alternate\" content=\"lt_LT\" \/>\n<meta property=\"og:type\" content=\"article\" \/>\n<meta property=\"og:title\" content=\"T\u0117vas Gorijo\" \/>\n<meta property=\"og:description\" content=\"\u201eMes visi esame T\u0117vo Gorijo vaikai\u201c \u2013 Felicien Marceau Ponios Vok\u0117 pensione keistai susipina trij\u0173 \u017emoni\u0173 gyvenimai. Prie vieno stalo atsiduria\" \/>\n<meta property=\"og:url\" content=\"https:\/\/skaitytaknyga.lt\/en\/produktas\/tevas-gorijo\/\" \/>\n<meta property=\"og:site_name\" content=\"Skaitytaknyga\" \/>\n<meta property=\"article:publisher\" content=\"https:\/\/www.facebook.com\/skaitytaknyga\/\" \/>\n<meta property=\"article:modified_time\" content=\"2026-02-20T09:46:41+00:00\" \/>\n<meta property=\"og:image\" content=\"https:\/\/skaitytaknyga.lt\/wp-content\/uploads\/2025\/08\/Tevas-Gorijo-1.webp\" \/>\n\t<meta property=\"og:image:width\" content=\"548\" \/>\n\t<meta property=\"og:image:height\" content=\"801\" \/>\n\t<meta property=\"og:image:type\" content=\"image\/webp\" \/>\n<meta name=\"twitter:card\" content=\"summary_large_image\" \/>\n<meta name=\"twitter:label1\" content=\"Estimated reading time\" \/>\n\t<meta name=\"twitter:data1\" content=\"1 minute\" \/>\n<script type=\"application\/ld+json\" class=\"yoast-schema-graph\">{\"@context\":\"https:\/\/schema.org\",\"@graph\":[{\"@type\":\"WebPage\",\"@id\":\"https:\/\/skaitytaknyga.lt\/produktas\/tevas-gorijo\/\",\"url\":\"https:\/\/skaitytaknyga.lt\/produktas\/tevas-gorijo\/\",\"name\":\"T\u0117vas Gorijo\",\"isPartOf\":{\"@id\":\"https:\/\/skaitytaknyga.lt\/#website\"},\"primaryImageOfPage\":{\"@id\":\"https:\/\/skaitytaknyga.lt\/produktas\/tevas-gorijo\/#primaryimage\"},\"image\":{\"@id\":\"https:\/\/skaitytaknyga.lt\/produktas\/tevas-gorijo\/#primaryimage\"},\"thumbnailUrl\":\"https:\/\/skaitytaknyga.lt\/wp-content\/uploads\/2025\/08\/Tevas-Gorijo-1.webp\",\"datePublished\":\"2025-08-06T06:09:39+00:00\",\"dateModified\":\"2026-02-20T09:46:41+00:00\",\"description\":\"\u201eMes visi esame T\u0117vo Gorijo vaikai\u201c \u2013 Felicien Marceau Ponios Vok\u0117 pensione keistai susipina trij\u0173 \u017emoni\u0173 gyvenimai. Prie vieno stalo atsiduria\",\"breadcrumb\":{\"@id\":\"https:\/\/skaitytaknyga.lt\/produktas\/tevas-gorijo\/#breadcrumb\"},\"inLanguage\":\"en-GB\",\"potentialAction\":[{\"@type\":\"ReadAction\",\"target\":[\"https:\/\/skaitytaknyga.lt\/produktas\/tevas-gorijo\/\"]}]},{\"@type\":\"ImageObject\",\"inLanguage\":\"en-GB\",\"@id\":\"https:\/\/skaitytaknyga.lt\/produktas\/tevas-gorijo\/#primaryimage\",\"url\":\"https:\/\/skaitytaknyga.lt\/wp-content\/uploads\/2025\/08\/Tevas-Gorijo-1.webp\",\"contentUrl\":\"https:\/\/skaitytaknyga.lt\/wp-content\/uploads\/2025\/08\/Tevas-Gorijo-1.webp\",\"width\":548,\"height\":801},{\"@type\":\"BreadcrumbList\",\"@id\":\"https:\/\/skaitytaknyga.lt\/produktas\/tevas-gorijo\/#breadcrumb\",\"itemListElement\":[{\"@type\":\"ListItem\",\"position\":1,\"name\":\"Home\",\"item\":\"https:\/\/skaitytaknyga.lt\/\"},{\"@type\":\"ListItem\",\"position\":2,\"name\":\"Parduotuv\u0117\",\"item\":\"https:\/\/skaitytaknyga.lt\/knygu-parduotuve\/\"},{\"@type\":\"ListItem\",\"position\":3,\"name\":\"T\u0117vas Gorijo\"}]},{\"@type\":\"WebSite\",\"@id\":\"https:\/\/skaitytaknyga.lt\/#website\",\"url\":\"https:\/\/skaitytaknyga.lt\/\",\"name\":\"skaitytaknyga.lt\",\"description\":\"Skaitytaknyga.lt \u2013 tai ma\u017eas \u0161eimos verslas, kuris prasid\u0117jo nuo meil\u0117s knygoms ir siekio i\u0161gelb\u0117ti knygas nuo likimo prie konteinerio. Kas vienam nereikalingas daiktas \u2013 kitam lobis, o mes esame tarpininkai, kurie padeda abiems tapti laimingesniems ???? \u017dinome kaip nelengva i\u0161gyventi ma\u017eiems verslams, tad nuo \u0161iol, \u010dia rasite ir kit\u0173, ma\u017e\u0173 \u0161eim\u0173 versl\u0173, rank\u0173 darbo, dovan\u0173 sau ir artimiesiems.\",\"publisher\":{\"@id\":\"https:\/\/skaitytaknyga.lt\/#organization\"},\"potentialAction\":[{\"@type\":\"SearchAction\",\"target\":{\"@type\":\"EntryPoint\",\"urlTemplate\":\"https:\/\/skaitytaknyga.lt\/?s={search_term_string}\"},\"query-input\":{\"@type\":\"PropertyValueSpecification\",\"valueRequired\":true,\"valueName\":\"search_term_string\"}}],\"inLanguage\":\"en-GB\"},{\"@type\":\"Organization\",\"@id\":\"https:\/\/skaitytaknyga.lt\/#organization\",\"name\":\"skaitytaknyga.lt\",\"url\":\"https:\/\/skaitytaknyga.lt\/\",\"logo\":{\"@type\":\"ImageObject\",\"inLanguage\":\"en-GB\",\"@id\":\"https:\/\/skaitytaknyga.lt\/#\/schema\/logo\/image\/\",\"url\":\"https:\/\/skaitytaknyga.lt\/wp-content\/uploads\/2024\/05\/cropped-cropped-cropped-02_00843_jt3bggkj1j3HLc7SyY6rEUpg.jpeg\",\"contentUrl\":\"https:\/\/skaitytaknyga.lt\/wp-content\/uploads\/2024\/05\/cropped-cropped-cropped-02_00843_jt3bggkj1j3HLc7SyY6rEUpg.jpeg\",\"width\":1600,\"height\":1600,\"caption\":\"skaitytaknyga.lt\"},\"image\":{\"@id\":\"https:\/\/skaitytaknyga.lt\/#\/schema\/logo\/image\/\"},\"sameAs\":[\"https:\/\/www.facebook.com\/skaitytaknyga\/\"]}]}<\/script>\n<!-- \/ Yoast SEO plugin. -->","yoast_head_json":{"title":"T\u0117vas Gorijo","description":"\u201eMes visi esame T\u0117vo Gorijo vaikai\u201c \u2013 Felicien Marceau Ponios Vok\u0117 pensione keistai susipina trij\u0173 \u017emoni\u0173 gyvenimai. Prie vieno stalo atsiduria","robots":{"index":"index","follow":"follow","max-snippet":"max-snippet:-1","max-image-preview":"max-image-preview:large","max-video-preview":"max-video-preview:-1"},"canonical":"https:\/\/skaitytaknyga.lt\/en\/produktas\/tevas-gorijo\/","og_locale":"en_GB","og_type":"article","og_title":"[:lt]T\u0117vas Gorijo[:] - Skaitytaknyga","og_description":"\u201eMes visi esame T\u0117vo Gorijo vaikai\u201c \u2013 Felicien Marceau Ponios Vok\u0117 pensione keistai susipina trij\u0173 \u017emoni\u0173 gyvenimai. Prie vieno stalo atsiduria","og_url":"https:\/\/skaitytaknyga.lt\/en\/produktas\/tevas-gorijo\/","og_site_name":"Skaitytaknyga","article_publisher":"https:\/\/www.facebook.com\/skaitytaknyga\/","article_modified_time":"2026-02-20T09:46:41+00:00","og_image":[{"width":548,"height":801,"url":"https:\/\/skaitytaknyga.lt\/wp-content\/uploads\/2025\/08\/Tevas-Gorijo-1.webp","type":"image\/webp"}],"twitter_card":"summary_large_image","twitter_misc":{"Estimated reading time":"1 minute"},"schema":{"@context":"https:\/\/schema.org","@graph":[{"@type":"WebPage","@id":"https:\/\/skaitytaknyga.lt\/produktas\/tevas-gorijo\/","url":"https:\/\/skaitytaknyga.lt\/produktas\/tevas-gorijo\/","name":"T\u0117vas Gorijo","isPartOf":{"@id":"https:\/\/skaitytaknyga.lt\/#website"},"primaryImageOfPage":{"@id":"https:\/\/skaitytaknyga.lt\/produktas\/tevas-gorijo\/#primaryimage"},"image":{"@id":"https:\/\/skaitytaknyga.lt\/produktas\/tevas-gorijo\/#primaryimage"},"thumbnailUrl":"https:\/\/skaitytaknyga.lt\/wp-content\/uploads\/2025\/08\/Tevas-Gorijo-1.webp","datePublished":"2025-08-06T06:09:39+00:00","dateModified":"2026-02-20T09:46:41+00:00","description":"\u201eMes visi esame T\u0117vo Gorijo vaikai\u201c \u2013 Felicien Marceau Ponios Vok\u0117 pensione keistai susipina trij\u0173 \u017emoni\u0173 gyvenimai. Prie vieno stalo atsiduria","breadcrumb":{"@id":"https:\/\/skaitytaknyga.lt\/produktas\/tevas-gorijo\/#breadcrumb"},"inLanguage":"en-GB","potentialAction":[{"@type":"ReadAction","target":["https:\/\/skaitytaknyga.lt\/produktas\/tevas-gorijo\/"]}]},{"@type":"ImageObject","inLanguage":"en-GB","@id":"https:\/\/skaitytaknyga.lt\/produktas\/tevas-gorijo\/#primaryimage","url":"https:\/\/skaitytaknyga.lt\/wp-content\/uploads\/2025\/08\/Tevas-Gorijo-1.webp","contentUrl":"https:\/\/skaitytaknyga.lt\/wp-content\/uploads\/2025\/08\/Tevas-Gorijo-1.webp","width":548,"height":801},{"@type":"BreadcrumbList","@id":"https:\/\/skaitytaknyga.lt\/produktas\/tevas-gorijo\/#breadcrumb","itemListElement":[{"@type":"ListItem","position":1,"name":"Home","item":"https:\/\/skaitytaknyga.lt\/"},{"@type":"ListItem","position":2,"name":"Parduotuv\u0117","item":"https:\/\/skaitytaknyga.lt\/knygu-parduotuve\/"},{"@type":"ListItem","position":3,"name":"T\u0117vas Gorijo"}]},{"@type":"WebSite","@id":"https:\/\/skaitytaknyga.lt\/#website","url":"https:\/\/skaitytaknyga.lt\/","name":"skaitytaknyga.lt","description":"Skaitytaknyga.lt \u2013 tai ma\u017eas \u0161eimos verslas, kuris prasid\u0117jo nuo meil\u0117s knygoms ir siekio i\u0161gelb\u0117ti knygas nuo likimo prie konteinerio. Kas vienam nereikalingas daiktas \u2013 kitam lobis, o mes esame tarpininkai, kurie padeda abiems tapti laimingesniems ???? \u017dinome kaip nelengva i\u0161gyventi ma\u017eiems verslams, tad nuo \u0161iol, \u010dia rasite ir kit\u0173, ma\u017e\u0173 \u0161eim\u0173 versl\u0173, rank\u0173 darbo, dovan\u0173 sau ir artimiesiems.","publisher":{"@id":"https:\/\/skaitytaknyga.lt\/#organization"},"potentialAction":[{"@type":"SearchAction","target":{"@type":"EntryPoint","urlTemplate":"https:\/\/skaitytaknyga.lt\/?s={search_term_string}"},"query-input":{"@type":"PropertyValueSpecification","valueRequired":true,"valueName":"search_term_string"}}],"inLanguage":"en-GB"},{"@type":"Organization","@id":"https:\/\/skaitytaknyga.lt\/#organization","name":"skaitytaknyga.lt","url":"https:\/\/skaitytaknyga.lt\/","logo":{"@type":"ImageObject","inLanguage":"en-GB","@id":"https:\/\/skaitytaknyga.lt\/#\/schema\/logo\/image\/","url":"https:\/\/skaitytaknyga.lt\/wp-content\/uploads\/2024\/05\/cropped-cropped-cropped-02_00843_jt3bggkj1j3HLc7SyY6rEUpg.jpeg","contentUrl":"https:\/\/skaitytaknyga.lt\/wp-content\/uploads\/2024\/05\/cropped-cropped-cropped-02_00843_jt3bggkj1j3HLc7SyY6rEUpg.jpeg","width":1600,"height":1600,"caption":"skaitytaknyga.lt"},"image":{"@id":"https:\/\/skaitytaknyga.lt\/#\/schema\/logo\/image\/"},"sameAs":["https:\/\/www.facebook.com\/skaitytaknyga\/"]}]}},"_links":{"self":[{"href":"https:\/\/skaitytaknyga.lt\/en\/wp-json\/wp\/v2\/product\/20203","targetHints":{"allow":["GET"]}}],"collection":[{"href":"https:\/\/skaitytaknyga.lt\/en\/wp-json\/wp\/v2\/product"}],"about":[{"href":"https:\/\/skaitytaknyga.lt\/en\/wp-json\/wp\/v2\/types\/product"}],"replies":[{"embeddable":true,"href":"https:\/\/skaitytaknyga.lt\/en\/wp-json\/wp\/v2\/comments?post=20203"}],"wp:featuredmedia":[{"embeddable":true,"href":"https:\/\/skaitytaknyga.lt\/en\/wp-json\/wp\/v2\/media\/20204"}],"wp:attachment":[{"href":"https:\/\/skaitytaknyga.lt\/en\/wp-json\/wp\/v2\/media?parent=20203"}],"wp:term":[{"taxonomy":"product_brand","embeddable":true,"href":"https:\/\/skaitytaknyga.lt\/en\/wp-json\/wp\/v2\/product_brand?post=20203"},{"taxonomy":"product_cat","embeddable":true,"href":"https:\/\/skaitytaknyga.lt\/en\/wp-json\/wp\/v2\/product_cat?post=20203"},{"taxonomy":"product_tag","embeddable":true,"href":"https:\/\/skaitytaknyga.lt\/en\/wp-json\/wp\/v2\/product_tag?post=20203"}],"curies":[{"name":"wp","href":"https:\/\/api.w.org\/{rel}","templated":true}]}}