{"id":20196,"date":"2025-08-06T08:55:24","date_gmt":"2025-08-06T05:55:24","guid":{"rendered":"https:\/\/skaitytaknyga.lt\/?post_type=product&#038;p=20196"},"modified":"2026-03-23T19:53:52","modified_gmt":"2026-03-23T17:53:52","slug":"teisines-kredito-rizikos-mazinimo-priemones","status":"publish","type":"product","link":"https:\/\/skaitytaknyga.lt\/en\/produktas\/teisines-kredito-rizikos-mazinimo-priemones\/","title":{"rendered":"Teisin\u0117s kredito rizikos ma\u017einimo priemon\u0117s"},"content":{"rendered":"<p>\u0160iame leidinyje daugiausia d\u0117mesio skiriama civilin\u0117s (komercin\u0117s) teis\u0117s teorijos ir galiojan\u010di\u0173 Lietuvos Respublikos \u012fstatym\u0173 nuostat\u0173 analizei ir j\u0173 ai\u0161kinimui, lyginant su analogi\u0161k\u0173 santyki\u0173 teisiniu reguliavimu u\u017esienyje. Taip pat analizuojama teism\u0173 praktika, \u0161ios srities tarptautiniai teis\u0117s \u0161altiniai. Kadangi verslui did\u017eiausi\u0105 praktin\u0119 reik\u0161m\u0119 ma\u017einant kredito rizik\u0105 turi Lietvos Respublikos Civiliniame kodekse \u012ftvirtinti prievoli\u0173 \u012fvykdymo u\u017etvirtinimo b\u016bdai (netesybos, hipoteka, \u012fkeitimas, laidavimas, garantija, rankpinigiai), daug d\u0117mesio skiriama b\u016btent j\u0173 analizei. Be j\u0173, analizuojami tokie kredito rizik\u0105 ma\u017einantys teisiniai b\u016bdai kaip daikto sulaikymas, akredityvas, inkaso, \u010dekiai ir vekseliai. Pamin\u0117tina ir svarbi kredito rizikos ma\u017einimo priemon\u0117 &#8211; kredit\u0173 draudimas. Kaip netiesiogin\u0117 kredito rizikos ma\u017einimo priemon\u0117 nagrin\u0117jamas ir susitarimas d\u0117l taikytinos teis\u0117s bei arbitra\u017ein\u0117 i\u0161lyga.<\/p>\n","protected":false},"excerpt":{"rendered":"<p>\u0160iame leidinyje daugiausia d\u0117mesio skiriama civilin\u0117s (komercin\u0117s) teis\u0117s teorijos ir galiojan\u010di\u0173 Lietuvos Respublikos \u012fstatym\u0173 nuostat\u0173 analizei ir j\u0173 ai\u0161kinimui, lyginant su analogi\u0161k\u0173 santyki\u0173 teisiniu reguliavimu u\u017esienyje. Taip pat analizuojama teism\u0173 praktika, \u0161ios srities tarptautiniai teis\u0117s \u0161altiniai. Kadangi verslui did\u017eiausi\u0105 praktin\u0119 reik\u0161m\u0119 ma\u017einant kredito rizik\u0105 turi Lietvos Respublikos Civiliniame kodekse \u012ftvirtinti prievoli\u0173 \u012fvykdymo u\u017etvirtinimo b\u016bdai (netesybos, hipoteka, \u012fkeitimas, laidavimas, garantija, rankpinigiai), daug d\u0117mesio skiriama b\u016btent j\u0173 analizei. Be j\u0173, analizuojami tokie kredito rizik\u0105 ma\u017einantys teisiniai b\u016bdai kaip daikto sulaikymas, akredityvas, inkaso, \u010dekiai ir vekseliai. Pamin\u0117tina ir svarbi kredito rizikos ma\u017einimo priemon\u0117 &#8211; kredit\u0173 draudimas. Kaip netiesiogin\u0117 kredito rizikos ma\u017einimo priemon\u0117 nagrin\u0117jamas ir susitarimas d\u0117l taikytinos teis\u0117s bei arbitra\u017ein\u0117 i\u0161lyga.<\/p>\n","protected":false},"featured_media":20201,"comment_status":"open","ping_status":"closed","template":"","meta":{"_acf_changed":false,"site-sidebar-layout":"default","site-content-layout":"","ast-site-content-layout":"default","site-content-style":"default","site-sidebar-style":"default","ast-global-header-display":"","ast-banner-title-visibility":"","ast-main-header-display":"","ast-hfb-above-header-display":"","ast-hfb-below-header-display":"","ast-hfb-mobile-header-display":"","site-post-title":"","ast-breadcrumbs-content":"","ast-featured-img":"","footer-sml-layout":"","ast-disable-related-posts":"","theme-transparent-header-meta":"","adv-header-id-meta":"","stick-header-meta":"","header-above-stick-meta":"","header-main-stick-meta":"","header-below-stick-meta":"","astra-migrate-meta-layouts":"default","ast-page-background-enabled":"default","ast-page-background-meta":{"desktop":{"background-color":"","background-image":"","background-repeat":"repeat","background-position":"center center","background-size":"auto","background-attachment":"scroll","background-type":"","background-media":"","overlay-type":"","overlay-color":"","overlay-opacity":"","overlay-gradient":""},"tablet":{"background-color":"","background-image":"","background-repeat":"repeat","background-position":"center center","background-size":"auto","background-attachment":"scroll","background-type":"","background-media":"","overlay-type":"","overlay-color":"","overlay-opacity":"","overlay-gradient":""},"mobile":{"background-color":"","background-image":"","background-repeat":"repeat","background-position":"center center","background-size":"auto","background-attachment":"scroll","background-type":"","background-media":"","overlay-type":"","overlay-color":"","overlay-opacity":"","overlay-gradient":""}},"ast-content-background-meta":{"desktop":{"background-color":"var(--ast-global-color-4)","background-image":"","background-repeat":"repeat","background-position":"center center","background-size":"auto","background-attachment":"scroll","background-type":"","background-media":"","overlay-type":"","overlay-color":"","overlay-opacity":"","overlay-gradient":""},"tablet":{"background-color":"var(--ast-global-color-4)","background-image":"","background-repeat":"repeat","background-position":"center center","background-size":"auto","background-attachment":"scroll","background-type":"","background-media":"","overlay-type":"","overlay-color":"","overlay-opacity":"","overlay-gradient":""},"mobile":{"background-color":"var(--ast-global-color-4)","background-image":"","background-repeat":"repeat","background-position":"center center","background-size":"auto","background-attachment":"scroll","background-type":"","background-media":"","overlay-type":"","overlay-color":"","overlay-opacity":"","overlay-gradient":""}}},"product_brand":[],"product_cat":[436,26],"product_tag":[7484,2367,7481,7478,7476,7480,7482,2370,7477,7485,2096,7483,7475,7479],"class_list":{"0":"post-20196","1":"product","2":"type-product","3":"status-publish","4":"has-post-thumbnail","6":"product_cat-teise","7":"product_cat-verslas-vadyba-ir-finansai","8":"product_tag-arbitrazas","9":"product_tag-civiline-teise","10":"product_tag-ikeitimas","11":"product_tag-komercine-teise","12":"product_tag-kredito-rizikos-mazinimas","13":"product_tag-kreditu-draudimas","14":"product_tag-laidavimas","15":"product_tag-lietuvos-teise","16":"product_tag-prievoliu-uztikrinimas","17":"product_tag-teise-be-autoriaus","18":"product_tag-teise","19":"product_tag-teises-taikymas","20":"product_tag-teisine-rizika","21":"product_tag-teismu-praktika","22":"desktop-align-left","23":"tablet-align-left","24":"mobile-align-left","26":"first","27":"outofstock","28":"shipping-taxable","29":"purchasable","30":"product-type-simple"},"acf":[],"yoast_head":"<!-- This site is optimized with the Yoast SEO plugin v27.0 - https:\/\/yoast.com\/product\/yoast-seo-wordpress\/ -->\n<title>Teisin\u0117s kredito rizikos ma\u017einimo priemon\u0117s<\/title>\n<meta name=\"description\" content=\"\u0160iame leidinyje daugiausia d\u0117mesio skiriama civilin\u0117s (komercin\u0117s) teis\u0117s teorijos ir galiojan\u010di\u0173 Lietuvos Respublikos \u012fstatym\u0173 nuostat\u0173 analizei ir j\u0173\" \/>\n<meta name=\"robots\" content=\"index, follow, max-snippet:-1, max-image-preview:large, max-video-preview:-1\" \/>\n<link rel=\"canonical\" href=\"https:\/\/skaitytaknyga.lt\/en\/produktas\/teisines-kredito-rizikos-mazinimo-priemones\/\" \/>\n<meta property=\"og:locale\" content=\"en_GB\" \/>\n<meta property=\"og:locale:alternate\" content=\"lt_LT\" \/>\n<meta property=\"og:type\" content=\"article\" \/>\n<meta property=\"og:title\" content=\"Teisin\u0117s kredito rizikos ma\u017einimo priemon\u0117s\" \/>\n<meta property=\"og:description\" content=\"\u0160iame leidinyje daugiausia d\u0117mesio skiriama civilin\u0117s (komercin\u0117s) teis\u0117s teorijos ir galiojan\u010di\u0173 Lietuvos Respublikos \u012fstatym\u0173 nuostat\u0173 analizei ir j\u0173\" \/>\n<meta property=\"og:url\" content=\"https:\/\/skaitytaknyga.lt\/en\/produktas\/teisines-kredito-rizikos-mazinimo-priemones\/\" \/>\n<meta property=\"og:site_name\" content=\"Skaitytaknyga\" \/>\n<meta property=\"article:publisher\" content=\"https:\/\/www.facebook.com\/skaitytaknyga\/\" \/>\n<meta property=\"article:modified_time\" content=\"2026-03-23T17:53:52+00:00\" \/>\n<meta property=\"og:image\" content=\"https:\/\/skaitytaknyga.lt\/wp-content\/uploads\/2025\/08\/Teisines-kredito-rizikos-mazinimo-priemones.jpg\" \/>\n\t<meta property=\"og:image:width\" content=\"431\" \/>\n\t<meta property=\"og:image:height\" content=\"575\" \/>\n\t<meta property=\"og:image:type\" content=\"image\/jpeg\" \/>\n<meta name=\"twitter:card\" content=\"summary_large_image\" \/>\n<meta name=\"twitter:label1\" content=\"Estimated reading time\" \/>\n\t<meta name=\"twitter:data1\" content=\"1 minute\" \/>\n<script type=\"application\/ld+json\" class=\"yoast-schema-graph\">{\"@context\":\"https:\/\/schema.org\",\"@graph\":[{\"@type\":\"WebPage\",\"@id\":\"https:\/\/skaitytaknyga.lt\/produktas\/teisines-kredito-rizikos-mazinimo-priemones\/\",\"url\":\"https:\/\/skaitytaknyga.lt\/produktas\/teisines-kredito-rizikos-mazinimo-priemones\/\",\"name\":\"Teisin\u0117s kredito rizikos ma\u017einimo priemon\u0117s\",\"isPartOf\":{\"@id\":\"https:\/\/skaitytaknyga.lt\/#website\"},\"primaryImageOfPage\":{\"@id\":\"https:\/\/skaitytaknyga.lt\/produktas\/teisines-kredito-rizikos-mazinimo-priemones\/#primaryimage\"},\"image\":{\"@id\":\"https:\/\/skaitytaknyga.lt\/produktas\/teisines-kredito-rizikos-mazinimo-priemones\/#primaryimage\"},\"thumbnailUrl\":\"https:\/\/skaitytaknyga.lt\/wp-content\/uploads\/2025\/08\/Teisines-kredito-rizikos-mazinimo-priemones.jpg\",\"datePublished\":\"2025-08-06T05:55:24+00:00\",\"dateModified\":\"2026-03-23T17:53:52+00:00\",\"description\":\"\u0160iame leidinyje daugiausia d\u0117mesio skiriama civilin\u0117s (komercin\u0117s) teis\u0117s teorijos ir galiojan\u010di\u0173 Lietuvos Respublikos \u012fstatym\u0173 nuostat\u0173 analizei ir j\u0173\",\"breadcrumb\":{\"@id\":\"https:\/\/skaitytaknyga.lt\/produktas\/teisines-kredito-rizikos-mazinimo-priemones\/#breadcrumb\"},\"inLanguage\":\"en-GB\",\"potentialAction\":[{\"@type\":\"ReadAction\",\"target\":[\"https:\/\/skaitytaknyga.lt\/produktas\/teisines-kredito-rizikos-mazinimo-priemones\/\"]}]},{\"@type\":\"ImageObject\",\"inLanguage\":\"en-GB\",\"@id\":\"https:\/\/skaitytaknyga.lt\/produktas\/teisines-kredito-rizikos-mazinimo-priemones\/#primaryimage\",\"url\":\"https:\/\/skaitytaknyga.lt\/wp-content\/uploads\/2025\/08\/Teisines-kredito-rizikos-mazinimo-priemones.jpg\",\"contentUrl\":\"https:\/\/skaitytaknyga.lt\/wp-content\/uploads\/2025\/08\/Teisines-kredito-rizikos-mazinimo-priemones.jpg\",\"width\":431,\"height\":575,\"caption\":\"Teisin\u0117s kredito rizikos ma\u017einimo priemon\u0117s\"},{\"@type\":\"BreadcrumbList\",\"@id\":\"https:\/\/skaitytaknyga.lt\/produktas\/teisines-kredito-rizikos-mazinimo-priemones\/#breadcrumb\",\"itemListElement\":[{\"@type\":\"ListItem\",\"position\":1,\"name\":\"Home\",\"item\":\"https:\/\/skaitytaknyga.lt\/\"},{\"@type\":\"ListItem\",\"position\":2,\"name\":\"Parduotuv\u0117\",\"item\":\"https:\/\/skaitytaknyga.lt\/knygu-parduotuve\/\"},{\"@type\":\"ListItem\",\"position\":3,\"name\":\"Teisin\u0117s kredito rizikos ma\u017einimo priemon\u0117s\"}]},{\"@type\":\"WebSite\",\"@id\":\"https:\/\/skaitytaknyga.lt\/#website\",\"url\":\"https:\/\/skaitytaknyga.lt\/\",\"name\":\"skaitytaknyga.lt\",\"description\":\"Skaitytaknyga.lt \u2013 tai ma\u017eas \u0161eimos verslas, kuris prasid\u0117jo nuo meil\u0117s knygoms ir siekio i\u0161gelb\u0117ti knygas nuo likimo prie konteinerio. Kas vienam nereikalingas daiktas \u2013 kitam lobis, o mes esame tarpininkai, kurie padeda abiems tapti laimingesniems ???? \u017dinome kaip nelengva i\u0161gyventi ma\u017eiems verslams, tad nuo \u0161iol, \u010dia rasite ir kit\u0173, ma\u017e\u0173 \u0161eim\u0173 versl\u0173, rank\u0173 darbo, dovan\u0173 sau ir artimiesiems.\",\"publisher\":{\"@id\":\"https:\/\/skaitytaknyga.lt\/#organization\"},\"potentialAction\":[{\"@type\":\"SearchAction\",\"target\":{\"@type\":\"EntryPoint\",\"urlTemplate\":\"https:\/\/skaitytaknyga.lt\/?s={search_term_string}\"},\"query-input\":{\"@type\":\"PropertyValueSpecification\",\"valueRequired\":true,\"valueName\":\"search_term_string\"}}],\"inLanguage\":\"en-GB\"},{\"@type\":\"Organization\",\"@id\":\"https:\/\/skaitytaknyga.lt\/#organization\",\"name\":\"skaitytaknyga.lt\",\"url\":\"https:\/\/skaitytaknyga.lt\/\",\"logo\":{\"@type\":\"ImageObject\",\"inLanguage\":\"en-GB\",\"@id\":\"https:\/\/skaitytaknyga.lt\/#\/schema\/logo\/image\/\",\"url\":\"https:\/\/skaitytaknyga.lt\/wp-content\/uploads\/2024\/05\/cropped-cropped-cropped-02_00843_jt3bggkj1j3HLc7SyY6rEUpg.jpeg\",\"contentUrl\":\"https:\/\/skaitytaknyga.lt\/wp-content\/uploads\/2024\/05\/cropped-cropped-cropped-02_00843_jt3bggkj1j3HLc7SyY6rEUpg.jpeg\",\"width\":1600,\"height\":1600,\"caption\":\"skaitytaknyga.lt\"},\"image\":{\"@id\":\"https:\/\/skaitytaknyga.lt\/#\/schema\/logo\/image\/\"},\"sameAs\":[\"https:\/\/www.facebook.com\/skaitytaknyga\/\"]}]}<\/script>\n<!-- \/ Yoast SEO plugin. -->","yoast_head_json":{"title":"Teisin\u0117s kredito rizikos ma\u017einimo priemon\u0117s","description":"\u0160iame leidinyje daugiausia d\u0117mesio skiriama civilin\u0117s (komercin\u0117s) teis\u0117s teorijos ir galiojan\u010di\u0173 Lietuvos Respublikos \u012fstatym\u0173 nuostat\u0173 analizei ir j\u0173","robots":{"index":"index","follow":"follow","max-snippet":"max-snippet:-1","max-image-preview":"max-image-preview:large","max-video-preview":"max-video-preview:-1"},"canonical":"https:\/\/skaitytaknyga.lt\/en\/produktas\/teisines-kredito-rizikos-mazinimo-priemones\/","og_locale":"en_GB","og_type":"article","og_title":"[:lt]Teisin\u0117s kredito rizikos ma\u017einimo priemon\u0117s[:] - Skaitytaknyga","og_description":"\u0160iame leidinyje daugiausia d\u0117mesio skiriama civilin\u0117s (komercin\u0117s) teis\u0117s teorijos ir galiojan\u010di\u0173 Lietuvos Respublikos \u012fstatym\u0173 nuostat\u0173 analizei ir j\u0173","og_url":"https:\/\/skaitytaknyga.lt\/en\/produktas\/teisines-kredito-rizikos-mazinimo-priemones\/","og_site_name":"Skaitytaknyga","article_publisher":"https:\/\/www.facebook.com\/skaitytaknyga\/","article_modified_time":"2026-03-23T17:53:52+00:00","og_image":[{"width":431,"height":575,"url":"https:\/\/skaitytaknyga.lt\/wp-content\/uploads\/2025\/08\/Teisines-kredito-rizikos-mazinimo-priemones.jpg","type":"image\/jpeg"}],"twitter_card":"summary_large_image","twitter_misc":{"Estimated reading time":"1 minute"},"schema":{"@context":"https:\/\/schema.org","@graph":[{"@type":"WebPage","@id":"https:\/\/skaitytaknyga.lt\/produktas\/teisines-kredito-rizikos-mazinimo-priemones\/","url":"https:\/\/skaitytaknyga.lt\/produktas\/teisines-kredito-rizikos-mazinimo-priemones\/","name":"Teisin\u0117s kredito rizikos ma\u017einimo priemon\u0117s","isPartOf":{"@id":"https:\/\/skaitytaknyga.lt\/#website"},"primaryImageOfPage":{"@id":"https:\/\/skaitytaknyga.lt\/produktas\/teisines-kredito-rizikos-mazinimo-priemones\/#primaryimage"},"image":{"@id":"https:\/\/skaitytaknyga.lt\/produktas\/teisines-kredito-rizikos-mazinimo-priemones\/#primaryimage"},"thumbnailUrl":"https:\/\/skaitytaknyga.lt\/wp-content\/uploads\/2025\/08\/Teisines-kredito-rizikos-mazinimo-priemones.jpg","datePublished":"2025-08-06T05:55:24+00:00","dateModified":"2026-03-23T17:53:52+00:00","description":"\u0160iame leidinyje daugiausia d\u0117mesio skiriama civilin\u0117s (komercin\u0117s) teis\u0117s teorijos ir galiojan\u010di\u0173 Lietuvos Respublikos \u012fstatym\u0173 nuostat\u0173 analizei ir j\u0173","breadcrumb":{"@id":"https:\/\/skaitytaknyga.lt\/produktas\/teisines-kredito-rizikos-mazinimo-priemones\/#breadcrumb"},"inLanguage":"en-GB","potentialAction":[{"@type":"ReadAction","target":["https:\/\/skaitytaknyga.lt\/produktas\/teisines-kredito-rizikos-mazinimo-priemones\/"]}]},{"@type":"ImageObject","inLanguage":"en-GB","@id":"https:\/\/skaitytaknyga.lt\/produktas\/teisines-kredito-rizikos-mazinimo-priemones\/#primaryimage","url":"https:\/\/skaitytaknyga.lt\/wp-content\/uploads\/2025\/08\/Teisines-kredito-rizikos-mazinimo-priemones.jpg","contentUrl":"https:\/\/skaitytaknyga.lt\/wp-content\/uploads\/2025\/08\/Teisines-kredito-rizikos-mazinimo-priemones.jpg","width":431,"height":575,"caption":"Teisin\u0117s kredito rizikos ma\u017einimo priemon\u0117s"},{"@type":"BreadcrumbList","@id":"https:\/\/skaitytaknyga.lt\/produktas\/teisines-kredito-rizikos-mazinimo-priemones\/#breadcrumb","itemListElement":[{"@type":"ListItem","position":1,"name":"Home","item":"https:\/\/skaitytaknyga.lt\/"},{"@type":"ListItem","position":2,"name":"Parduotuv\u0117","item":"https:\/\/skaitytaknyga.lt\/knygu-parduotuve\/"},{"@type":"ListItem","position":3,"name":"Teisin\u0117s kredito rizikos ma\u017einimo priemon\u0117s"}]},{"@type":"WebSite","@id":"https:\/\/skaitytaknyga.lt\/#website","url":"https:\/\/skaitytaknyga.lt\/","name":"skaitytaknyga.lt","description":"Skaitytaknyga.lt \u2013 tai ma\u017eas \u0161eimos verslas, kuris prasid\u0117jo nuo meil\u0117s knygoms ir siekio i\u0161gelb\u0117ti knygas nuo likimo prie konteinerio. Kas vienam nereikalingas daiktas \u2013 kitam lobis, o mes esame tarpininkai, kurie padeda abiems tapti laimingesniems ???? \u017dinome kaip nelengva i\u0161gyventi ma\u017eiems verslams, tad nuo \u0161iol, \u010dia rasite ir kit\u0173, ma\u017e\u0173 \u0161eim\u0173 versl\u0173, rank\u0173 darbo, dovan\u0173 sau ir artimiesiems.","publisher":{"@id":"https:\/\/skaitytaknyga.lt\/#organization"},"potentialAction":[{"@type":"SearchAction","target":{"@type":"EntryPoint","urlTemplate":"https:\/\/skaitytaknyga.lt\/?s={search_term_string}"},"query-input":{"@type":"PropertyValueSpecification","valueRequired":true,"valueName":"search_term_string"}}],"inLanguage":"en-GB"},{"@type":"Organization","@id":"https:\/\/skaitytaknyga.lt\/#organization","name":"skaitytaknyga.lt","url":"https:\/\/skaitytaknyga.lt\/","logo":{"@type":"ImageObject","inLanguage":"en-GB","@id":"https:\/\/skaitytaknyga.lt\/#\/schema\/logo\/image\/","url":"https:\/\/skaitytaknyga.lt\/wp-content\/uploads\/2024\/05\/cropped-cropped-cropped-02_00843_jt3bggkj1j3HLc7SyY6rEUpg.jpeg","contentUrl":"https:\/\/skaitytaknyga.lt\/wp-content\/uploads\/2024\/05\/cropped-cropped-cropped-02_00843_jt3bggkj1j3HLc7SyY6rEUpg.jpeg","width":1600,"height":1600,"caption":"skaitytaknyga.lt"},"image":{"@id":"https:\/\/skaitytaknyga.lt\/#\/schema\/logo\/image\/"},"sameAs":["https:\/\/www.facebook.com\/skaitytaknyga\/"]}]}},"_links":{"self":[{"href":"https:\/\/skaitytaknyga.lt\/en\/wp-json\/wp\/v2\/product\/20196","targetHints":{"allow":["GET"]}}],"collection":[{"href":"https:\/\/skaitytaknyga.lt\/en\/wp-json\/wp\/v2\/product"}],"about":[{"href":"https:\/\/skaitytaknyga.lt\/en\/wp-json\/wp\/v2\/types\/product"}],"replies":[{"embeddable":true,"href":"https:\/\/skaitytaknyga.lt\/en\/wp-json\/wp\/v2\/comments?post=20196"}],"wp:featuredmedia":[{"embeddable":true,"href":"https:\/\/skaitytaknyga.lt\/en\/wp-json\/wp\/v2\/media\/20201"}],"wp:attachment":[{"href":"https:\/\/skaitytaknyga.lt\/en\/wp-json\/wp\/v2\/media?parent=20196"}],"wp:term":[{"taxonomy":"product_brand","embeddable":true,"href":"https:\/\/skaitytaknyga.lt\/en\/wp-json\/wp\/v2\/product_brand?post=20196"},{"taxonomy":"product_cat","embeddable":true,"href":"https:\/\/skaitytaknyga.lt\/en\/wp-json\/wp\/v2\/product_cat?post=20196"},{"taxonomy":"product_tag","embeddable":true,"href":"https:\/\/skaitytaknyga.lt\/en\/wp-json\/wp\/v2\/product_tag?post=20196"}],"curies":[{"name":"wp","href":"https:\/\/api.w.org\/{rel}","templated":true}]}}