{"id":20195,"date":"2025-08-06T08:55:23","date_gmt":"2025-08-06T05:55:23","guid":{"rendered":"https:\/\/skaitytaknyga.lt\/?post_type=product&#038;p=20195"},"modified":"2026-02-26T10:00:00","modified_gmt":"2026-02-26T08:00:00","slug":"unprecedented-canadas-top-ceos-on-leadership-during-covid-19","status":"publish","type":"product","link":"https:\/\/skaitytaknyga.lt\/en\/produktas\/unprecedented-canadas-top-ceos-on-leadership-during-covid-19\/","title":{"rendered":"Unprecedented: Canada&#8217;s Top CEOs on Leadership During Covid-19"},"content":{"rendered":"<p>Unprecedented is an extraordinary business book for extraordinary times: a collection of exclusive, first-person stories on leadership during the COVID-19 pandemic from twenty-nine chief executives at Canada\u2019s most iconic and largest companies. These are unforgettable accounts from senior leaders at companies on the front lines during the pandemic\u2014nursing homes, grocery stores, airlines, hotels, pharmacies, shopping malls\u2014along with valuable lessons on crisis management.<\/p>\n<p>The insights in Unprecedented are remarkable. Readers get a seat at the table when the CEO of Tim Hortons visits the White House to discuss financial relief initiatives for business. Canada Goose\u2019s CEO tells of retooling the parka maker to turn out surgical gowns. The head of one of Canada\u2019s largest paper producers reveals what happened when the country almost ran out of toilet paper.<\/p>\n<p>COVID-19 is a shared challenge, a crisis that touches everyone. Unprecedented captures that shared experience with personal essays that mix struggle and achievement, fear, humour, and compassion. At their heart, these are stories about overcoming adversity, a theme that resonates with managers, professionals, entrepreneurs, and students of business.<\/p>\n<p>Unprecedented gives us rare insight into how leaders navigated the pandemic and the social unrest and technological changes that marked this era\u2014what was gained, what was lost, and what was learned that can help serve companies, employees, and customers better in an uncertain future.<\/p>\n<p>The authors\u2019 net proceeds from the sales of Unprecedented are being donated to United Way Centraide Canada for COVID recovery across Canada.<\/p>\n","protected":false},"excerpt":{"rendered":"<p>Unprecedented is an extraordinary business book for extraordinary times: a collection of exclusive, first-person stories on leadership during the COVID-19 pandemic from twenty-nine chief executives at Canada\u2019s most iconic and largest companies. These are unforgettable accounts from senior leaders at companies on the front lines during the pandemic\u2014nursing homes, grocery stores, airlines, hotels, pharmacies, shopping malls\u2014along with valuable lessons on crisis management. The insights in Unprecedented are remarkable. Readers get a seat at the table when the CEO of Tim Hortons visits the White House to discuss financial relief initiatives for business. Canada Goose\u2019s CEO tells of retooling the parka maker to turn out surgical gowns. The head of one of Canada\u2019s largest paper producers reveals what happened when the country almost ran out of toilet paper. COVID-19 is a shared challenge, a crisis that touches everyone. Unprecedented captures that shared experience with personal essays that mix struggle and achievement, fear, humour, and compassion. At their heart, these are stories about overcoming adversity, a theme that resonates with managers, professionals, entrepreneurs, and students of business. Unprecedented gives us rare insight into how leaders navigated the pandemic and the social unrest and technological changes that marked this era\u2014what was gained, what was lost, and what was learned that can help serve companies, employees, and customers better in an uncertain future. The authors\u2019 net proceeds from the sales of Unprecedented are being donated to United Way Centraide Canada for COVID recovery across Canada.<\/p>\n","protected":false},"featured_media":20200,"comment_status":"open","ping_status":"closed","template":"","meta":{"_acf_changed":false,"site-sidebar-layout":"default","site-content-layout":"","ast-site-content-layout":"default","site-content-style":"default","site-sidebar-style":"default","ast-global-header-display":"","ast-banner-title-visibility":"","ast-main-header-display":"","ast-hfb-above-header-display":"","ast-hfb-below-header-display":"","ast-hfb-mobile-header-display":"","site-post-title":"","ast-breadcrumbs-content":"","ast-featured-img":"","footer-sml-layout":"","ast-disable-related-posts":"","theme-transparent-header-meta":"","adv-header-id-meta":"","stick-header-meta":"","header-above-stick-meta":"","header-main-stick-meta":"","header-below-stick-meta":"","astra-migrate-meta-layouts":"default","ast-page-background-enabled":"default","ast-page-background-meta":{"desktop":{"background-color":"","background-image":"","background-repeat":"repeat","background-position":"center center","background-size":"auto","background-attachment":"scroll","background-type":"","background-media":"","overlay-type":"","overlay-color":"","overlay-opacity":"","overlay-gradient":""},"tablet":{"background-color":"","background-image":"","background-repeat":"repeat","background-position":"center center","background-size":"auto","background-attachment":"scroll","background-type":"","background-media":"","overlay-type":"","overlay-color":"","overlay-opacity":"","overlay-gradient":""},"mobile":{"background-color":"","background-image":"","background-repeat":"repeat","background-position":"center center","background-size":"auto","background-attachment":"scroll","background-type":"","background-media":"","overlay-type":"","overlay-color":"","overlay-opacity":"","overlay-gradient":""}},"ast-content-background-meta":{"desktop":{"background-color":"var(--ast-global-color-4)","background-image":"","background-repeat":"repeat","background-position":"center center","background-size":"auto","background-attachment":"scroll","background-type":"","background-media":"","overlay-type":"","overlay-color":"","overlay-opacity":"","overlay-gradient":""},"tablet":{"background-color":"var(--ast-global-color-4)","background-image":"","background-repeat":"repeat","background-position":"center center","background-size":"auto","background-attachment":"scroll","background-type":"","background-media":"","overlay-type":"","overlay-color":"","overlay-opacity":"","overlay-gradient":""},"mobile":{"background-color":"var(--ast-global-color-4)","background-image":"","background-repeat":"repeat","background-position":"center center","background-size":"auto","background-attachment":"scroll","background-type":"","background-media":"","overlay-type":"","overlay-color":"","overlay-opacity":"","overlay-gradient":""}}},"product_brand":[],"product_cat":[34,26],"product_tag":[7469,7471,7468,5725,7472,2404,7474,7470,7473,7455],"class_list":{"0":"post-20195","1":"product","2":"type-product","3":"status-publish","4":"has-post-thumbnail","6":"product_cat-knygos-anglu-kalba","7":"product_cat-verslas-vadyba-ir-finansai","8":"product_tag-covid-19","9":"product_tag-kanados-imones","10":"product_tag-krizes-valdymas","11":"product_tag-pandemija","12":"product_tag-vadovai","13":"product_tag-vadovavimas","14":"product_tag-verslas-kolektyviniai-autoriai","15":"product_tag-verslo-lyderyste","16":"product_tag-verslo-strategijos","17":"product_tag-zmogiskieji-istekliai","18":"desktop-align-left","19":"tablet-align-left","20":"mobile-align-left","22":"first","23":"instock","24":"shipping-taxable","25":"purchasable","26":"product-type-simple"},"acf":[],"yoast_head":"<!-- This site is optimized with the Yoast SEO plugin v27.0 - https:\/\/yoast.com\/product\/yoast-seo-wordpress\/ -->\n<title>Unprecedented: Canada&#039;s Top CEOs on Leadership During Covid-19<\/title>\n<meta name=\"description\" content=\"Unprecedented is an extraordinary business book for extraordinary times: a collection of exclusive, first-person stories on leadership during the COVID-19\" \/>\n<meta name=\"robots\" content=\"index, follow, max-snippet:-1, max-image-preview:large, max-video-preview:-1\" \/>\n<link rel=\"canonical\" href=\"https:\/\/skaitytaknyga.lt\/en\/produktas\/unprecedented-canadas-top-ceos-on-leadership-during-covid-19\/\" \/>\n<meta property=\"og:locale\" content=\"en_GB\" \/>\n<meta property=\"og:locale:alternate\" content=\"lt_LT\" \/>\n<meta property=\"og:type\" content=\"article\" \/>\n<meta property=\"og:title\" content=\"Unprecedented: Canada&#039;s Top CEOs on Leadership During Covid-19\" \/>\n<meta property=\"og:description\" content=\"Unprecedented is an extraordinary business book for extraordinary times: a collection of exclusive, first-person stories on leadership during the COVID-19\" \/>\n<meta property=\"og:url\" content=\"https:\/\/skaitytaknyga.lt\/en\/produktas\/unprecedented-canadas-top-ceos-on-leadership-during-covid-19\/\" \/>\n<meta property=\"og:site_name\" content=\"Skaitytaknyga\" \/>\n<meta property=\"article:publisher\" content=\"https:\/\/www.facebook.com\/skaitytaknyga\/\" \/>\n<meta property=\"article:modified_time\" content=\"2026-02-26T08:00:00+00:00\" \/>\n<meta property=\"og:image\" content=\"https:\/\/skaitytaknyga.lt\/wp-content\/uploads\/2025\/08\/Unprecedented-Canadas-Top-CEOs-on-Leadership-During-Covid-19.webp\" \/>\n\t<meta property=\"og:image:width\" content=\"1000\" \/>\n\t<meta property=\"og:image:height\" content=\"1500\" \/>\n\t<meta property=\"og:image:type\" content=\"image\/webp\" \/>\n<meta name=\"twitter:card\" content=\"summary_large_image\" \/>\n<meta name=\"twitter:label1\" content=\"Estimated reading time\" \/>\n\t<meta name=\"twitter:data1\" content=\"1 minute\" \/>\n<script type=\"application\/ld+json\" class=\"yoast-schema-graph\">{\"@context\":\"https:\/\/schema.org\",\"@graph\":[{\"@type\":\"WebPage\",\"@id\":\"https:\/\/skaitytaknyga.lt\/produktas\/unprecedented-canadas-top-ceos-on-leadership-during-covid-19\/\",\"url\":\"https:\/\/skaitytaknyga.lt\/produktas\/unprecedented-canadas-top-ceos-on-leadership-during-covid-19\/\",\"name\":\"Unprecedented: Canada's Top CEOs on Leadership During Covid-19\",\"isPartOf\":{\"@id\":\"https:\/\/skaitytaknyga.lt\/#website\"},\"primaryImageOfPage\":{\"@id\":\"https:\/\/skaitytaknyga.lt\/produktas\/unprecedented-canadas-top-ceos-on-leadership-during-covid-19\/#primaryimage\"},\"image\":{\"@id\":\"https:\/\/skaitytaknyga.lt\/produktas\/unprecedented-canadas-top-ceos-on-leadership-during-covid-19\/#primaryimage\"},\"thumbnailUrl\":\"https:\/\/skaitytaknyga.lt\/wp-content\/uploads\/2025\/08\/Unprecedented-Canadas-Top-CEOs-on-Leadership-During-Covid-19.webp\",\"datePublished\":\"2025-08-06T05:55:23+00:00\",\"dateModified\":\"2026-02-26T08:00:00+00:00\",\"description\":\"Unprecedented is an extraordinary business book for extraordinary times: a collection of exclusive, first-person stories on leadership during the COVID-19\",\"breadcrumb\":{\"@id\":\"https:\/\/skaitytaknyga.lt\/produktas\/unprecedented-canadas-top-ceos-on-leadership-during-covid-19\/#breadcrumb\"},\"inLanguage\":\"en-GB\",\"potentialAction\":[{\"@type\":\"ReadAction\",\"target\":[\"https:\/\/skaitytaknyga.lt\/produktas\/unprecedented-canadas-top-ceos-on-leadership-during-covid-19\/\"]}]},{\"@type\":\"ImageObject\",\"inLanguage\":\"en-GB\",\"@id\":\"https:\/\/skaitytaknyga.lt\/produktas\/unprecedented-canadas-top-ceos-on-leadership-during-covid-19\/#primaryimage\",\"url\":\"https:\/\/skaitytaknyga.lt\/wp-content\/uploads\/2025\/08\/Unprecedented-Canadas-Top-CEOs-on-Leadership-During-Covid-19.webp\",\"contentUrl\":\"https:\/\/skaitytaknyga.lt\/wp-content\/uploads\/2025\/08\/Unprecedented-Canadas-Top-CEOs-on-Leadership-During-Covid-19.webp\",\"width\":1000,\"height\":1500,\"caption\":\"Unprecedented: Canada's Top CEOs on Leadership During Covid-19\"},{\"@type\":\"BreadcrumbList\",\"@id\":\"https:\/\/skaitytaknyga.lt\/produktas\/unprecedented-canadas-top-ceos-on-leadership-during-covid-19\/#breadcrumb\",\"itemListElement\":[{\"@type\":\"ListItem\",\"position\":1,\"name\":\"Home\",\"item\":\"https:\/\/skaitytaknyga.lt\/\"},{\"@type\":\"ListItem\",\"position\":2,\"name\":\"Parduotuv\u0117\",\"item\":\"https:\/\/skaitytaknyga.lt\/knygu-parduotuve\/\"},{\"@type\":\"ListItem\",\"position\":3,\"name\":\"Unprecedented: Canada&#8217;s Top CEOs on Leadership During Covid-19\"}]},{\"@type\":\"WebSite\",\"@id\":\"https:\/\/skaitytaknyga.lt\/#website\",\"url\":\"https:\/\/skaitytaknyga.lt\/\",\"name\":\"skaitytaknyga.lt\",\"description\":\"Skaitytaknyga.lt \u2013 tai ma\u017eas \u0161eimos verslas, kuris prasid\u0117jo nuo meil\u0117s knygoms ir siekio i\u0161gelb\u0117ti knygas nuo likimo prie konteinerio. Kas vienam nereikalingas daiktas \u2013 kitam lobis, o mes esame tarpininkai, kurie padeda abiems tapti laimingesniems ???? \u017dinome kaip nelengva i\u0161gyventi ma\u017eiems verslams, tad nuo \u0161iol, \u010dia rasite ir kit\u0173, ma\u017e\u0173 \u0161eim\u0173 versl\u0173, rank\u0173 darbo, dovan\u0173 sau ir artimiesiems.\",\"publisher\":{\"@id\":\"https:\/\/skaitytaknyga.lt\/#organization\"},\"potentialAction\":[{\"@type\":\"SearchAction\",\"target\":{\"@type\":\"EntryPoint\",\"urlTemplate\":\"https:\/\/skaitytaknyga.lt\/?s={search_term_string}\"},\"query-input\":{\"@type\":\"PropertyValueSpecification\",\"valueRequired\":true,\"valueName\":\"search_term_string\"}}],\"inLanguage\":\"en-GB\"},{\"@type\":\"Organization\",\"@id\":\"https:\/\/skaitytaknyga.lt\/#organization\",\"name\":\"skaitytaknyga.lt\",\"url\":\"https:\/\/skaitytaknyga.lt\/\",\"logo\":{\"@type\":\"ImageObject\",\"inLanguage\":\"en-GB\",\"@id\":\"https:\/\/skaitytaknyga.lt\/#\/schema\/logo\/image\/\",\"url\":\"https:\/\/skaitytaknyga.lt\/wp-content\/uploads\/2024\/05\/cropped-cropped-cropped-02_00843_jt3bggkj1j3HLc7SyY6rEUpg.jpeg\",\"contentUrl\":\"https:\/\/skaitytaknyga.lt\/wp-content\/uploads\/2024\/05\/cropped-cropped-cropped-02_00843_jt3bggkj1j3HLc7SyY6rEUpg.jpeg\",\"width\":1600,\"height\":1600,\"caption\":\"skaitytaknyga.lt\"},\"image\":{\"@id\":\"https:\/\/skaitytaknyga.lt\/#\/schema\/logo\/image\/\"},\"sameAs\":[\"https:\/\/www.facebook.com\/skaitytaknyga\/\"]}]}<\/script>\n<!-- \/ Yoast SEO plugin. -->","yoast_head_json":{"title":"Unprecedented: Canada's Top CEOs on Leadership During Covid-19","description":"Unprecedented is an extraordinary business book for extraordinary times: a collection of exclusive, first-person stories on leadership during the COVID-19","robots":{"index":"index","follow":"follow","max-snippet":"max-snippet:-1","max-image-preview":"max-image-preview:large","max-video-preview":"max-video-preview:-1"},"canonical":"https:\/\/skaitytaknyga.lt\/en\/produktas\/unprecedented-canadas-top-ceos-on-leadership-during-covid-19\/","og_locale":"en_GB","og_type":"article","og_title":"[:lt]Unprecedented: Canada's Top CEOs on Leadership During Covid-19[:] - Skaitytaknyga","og_description":"Unprecedented is an extraordinary business book for extraordinary times: a collection of exclusive, first-person stories on leadership during the COVID-19","og_url":"https:\/\/skaitytaknyga.lt\/en\/produktas\/unprecedented-canadas-top-ceos-on-leadership-during-covid-19\/","og_site_name":"Skaitytaknyga","article_publisher":"https:\/\/www.facebook.com\/skaitytaknyga\/","article_modified_time":"2026-02-26T08:00:00+00:00","og_image":[{"width":1000,"height":1500,"url":"https:\/\/skaitytaknyga.lt\/wp-content\/uploads\/2025\/08\/Unprecedented-Canadas-Top-CEOs-on-Leadership-During-Covid-19.webp","type":"image\/webp"}],"twitter_card":"summary_large_image","twitter_misc":{"Estimated reading time":"1 minute"},"schema":{"@context":"https:\/\/schema.org","@graph":[{"@type":"WebPage","@id":"https:\/\/skaitytaknyga.lt\/produktas\/unprecedented-canadas-top-ceos-on-leadership-during-covid-19\/","url":"https:\/\/skaitytaknyga.lt\/produktas\/unprecedented-canadas-top-ceos-on-leadership-during-covid-19\/","name":"Unprecedented: Canada's Top CEOs on Leadership During Covid-19","isPartOf":{"@id":"https:\/\/skaitytaknyga.lt\/#website"},"primaryImageOfPage":{"@id":"https:\/\/skaitytaknyga.lt\/produktas\/unprecedented-canadas-top-ceos-on-leadership-during-covid-19\/#primaryimage"},"image":{"@id":"https:\/\/skaitytaknyga.lt\/produktas\/unprecedented-canadas-top-ceos-on-leadership-during-covid-19\/#primaryimage"},"thumbnailUrl":"https:\/\/skaitytaknyga.lt\/wp-content\/uploads\/2025\/08\/Unprecedented-Canadas-Top-CEOs-on-Leadership-During-Covid-19.webp","datePublished":"2025-08-06T05:55:23+00:00","dateModified":"2026-02-26T08:00:00+00:00","description":"Unprecedented is an extraordinary business book for extraordinary times: a collection of exclusive, first-person stories on leadership during the COVID-19","breadcrumb":{"@id":"https:\/\/skaitytaknyga.lt\/produktas\/unprecedented-canadas-top-ceos-on-leadership-during-covid-19\/#breadcrumb"},"inLanguage":"en-GB","potentialAction":[{"@type":"ReadAction","target":["https:\/\/skaitytaknyga.lt\/produktas\/unprecedented-canadas-top-ceos-on-leadership-during-covid-19\/"]}]},{"@type":"ImageObject","inLanguage":"en-GB","@id":"https:\/\/skaitytaknyga.lt\/produktas\/unprecedented-canadas-top-ceos-on-leadership-during-covid-19\/#primaryimage","url":"https:\/\/skaitytaknyga.lt\/wp-content\/uploads\/2025\/08\/Unprecedented-Canadas-Top-CEOs-on-Leadership-During-Covid-19.webp","contentUrl":"https:\/\/skaitytaknyga.lt\/wp-content\/uploads\/2025\/08\/Unprecedented-Canadas-Top-CEOs-on-Leadership-During-Covid-19.webp","width":1000,"height":1500,"caption":"Unprecedented: Canada's Top CEOs on Leadership During Covid-19"},{"@type":"BreadcrumbList","@id":"https:\/\/skaitytaknyga.lt\/produktas\/unprecedented-canadas-top-ceos-on-leadership-during-covid-19\/#breadcrumb","itemListElement":[{"@type":"ListItem","position":1,"name":"Home","item":"https:\/\/skaitytaknyga.lt\/"},{"@type":"ListItem","position":2,"name":"Parduotuv\u0117","item":"https:\/\/skaitytaknyga.lt\/knygu-parduotuve\/"},{"@type":"ListItem","position":3,"name":"Unprecedented: Canada&#8217;s Top CEOs on Leadership During Covid-19"}]},{"@type":"WebSite","@id":"https:\/\/skaitytaknyga.lt\/#website","url":"https:\/\/skaitytaknyga.lt\/","name":"skaitytaknyga.lt","description":"Skaitytaknyga.lt \u2013 tai ma\u017eas \u0161eimos verslas, kuris prasid\u0117jo nuo meil\u0117s knygoms ir siekio i\u0161gelb\u0117ti knygas nuo likimo prie konteinerio. Kas vienam nereikalingas daiktas \u2013 kitam lobis, o mes esame tarpininkai, kurie padeda abiems tapti laimingesniems ???? \u017dinome kaip nelengva i\u0161gyventi ma\u017eiems verslams, tad nuo \u0161iol, \u010dia rasite ir kit\u0173, ma\u017e\u0173 \u0161eim\u0173 versl\u0173, rank\u0173 darbo, dovan\u0173 sau ir artimiesiems.","publisher":{"@id":"https:\/\/skaitytaknyga.lt\/#organization"},"potentialAction":[{"@type":"SearchAction","target":{"@type":"EntryPoint","urlTemplate":"https:\/\/skaitytaknyga.lt\/?s={search_term_string}"},"query-input":{"@type":"PropertyValueSpecification","valueRequired":true,"valueName":"search_term_string"}}],"inLanguage":"en-GB"},{"@type":"Organization","@id":"https:\/\/skaitytaknyga.lt\/#organization","name":"skaitytaknyga.lt","url":"https:\/\/skaitytaknyga.lt\/","logo":{"@type":"ImageObject","inLanguage":"en-GB","@id":"https:\/\/skaitytaknyga.lt\/#\/schema\/logo\/image\/","url":"https:\/\/skaitytaknyga.lt\/wp-content\/uploads\/2024\/05\/cropped-cropped-cropped-02_00843_jt3bggkj1j3HLc7SyY6rEUpg.jpeg","contentUrl":"https:\/\/skaitytaknyga.lt\/wp-content\/uploads\/2024\/05\/cropped-cropped-cropped-02_00843_jt3bggkj1j3HLc7SyY6rEUpg.jpeg","width":1600,"height":1600,"caption":"skaitytaknyga.lt"},"image":{"@id":"https:\/\/skaitytaknyga.lt\/#\/schema\/logo\/image\/"},"sameAs":["https:\/\/www.facebook.com\/skaitytaknyga\/"]}]}},"_links":{"self":[{"href":"https:\/\/skaitytaknyga.lt\/en\/wp-json\/wp\/v2\/product\/20195","targetHints":{"allow":["GET"]}}],"collection":[{"href":"https:\/\/skaitytaknyga.lt\/en\/wp-json\/wp\/v2\/product"}],"about":[{"href":"https:\/\/skaitytaknyga.lt\/en\/wp-json\/wp\/v2\/types\/product"}],"replies":[{"embeddable":true,"href":"https:\/\/skaitytaknyga.lt\/en\/wp-json\/wp\/v2\/comments?post=20195"}],"wp:featuredmedia":[{"embeddable":true,"href":"https:\/\/skaitytaknyga.lt\/en\/wp-json\/wp\/v2\/media\/20200"}],"wp:attachment":[{"href":"https:\/\/skaitytaknyga.lt\/en\/wp-json\/wp\/v2\/media?parent=20195"}],"wp:term":[{"taxonomy":"product_brand","embeddable":true,"href":"https:\/\/skaitytaknyga.lt\/en\/wp-json\/wp\/v2\/product_brand?post=20195"},{"taxonomy":"product_cat","embeddable":true,"href":"https:\/\/skaitytaknyga.lt\/en\/wp-json\/wp\/v2\/product_cat?post=20195"},{"taxonomy":"product_tag","embeddable":true,"href":"https:\/\/skaitytaknyga.lt\/en\/wp-json\/wp\/v2\/product_tag?post=20195"}],"curies":[{"name":"wp","href":"https:\/\/api.w.org\/{rel}","templated":true}]}}