{"id":20187,"date":"2025-08-06T08:10:50","date_gmt":"2025-08-06T05:10:50","guid":{"rendered":"https:\/\/skaitytaknyga.lt\/?post_type=product&#038;p=20187"},"modified":"2026-02-26T10:00:01","modified_gmt":"2026-02-26T08:00:01","slug":"the-executive-protection-professionals-manual","status":"publish","type":"product","link":"https:\/\/skaitytaknyga.lt\/en\/produktas\/the-executive-protection-professionals-manual\/","title":{"rendered":"The Executive Protection Professional&#8217;s Manual"},"content":{"rendered":"<p>There is a big difference between an &#8220;Executive Protection Professional&#8221; and a &#8220;Bodyguard.&#8221; This book separates truth from myth. Two authors, both experts in their respective fields, give you the facts and critical knowledge about the field of executive protection. Together they provide a wealth of knowledge about this unique and exciting field.<\/p>\n<p>This book not only explains what it takes to be an executive protection specialist but gives other valuable information as well. This includes, tips on defensive tactics, bomb search, searching for bugging devices, firearms training tips, defensive and evasive driving, and advance reconnaissance. This unique book also covers how to select the area of executive protection that you would like to work in, what you should make, the interview, and stories from real life experiences of an executive protection professional.<\/p>\n<p>Philip Holder is the creator of the Six Zone Safeguard System of Self Defense (Sometimes called the Sidewinder System after his &#8220;Sidewinder Executive Protection Consultants&#8221;). He is also the chief Instructor and Grandmaster of the North American Wing Chun Association and its Ying Gi Ga method of Wing Chun Kung Fu. His many years as an executive protection professional (EPP), his work as an executive protection consultant, and as a personal trainer, along with his 35 years in the martial arts and his experience in full contact fighting all come together to provide a true sense of realism in his classes and seminars.<\/p>\n<p>Donna Lea Hawley is a retired lawyer who has written a number of books and articles on law, firearms, hunter education, and self defense. She teaches seminars on sports liability, shooting, carrying concealed weapons, the law of self defense and use of deadly force, and self defense for the past fifteen years. She is a firearms instructor who has taught over a thousand people shooting skills and firearms safety. She holds six NRA Instructor Certifications.<\/p>\n<p>Describes the attributes, principles, and practices of the qualified protection professional<br \/>\nIntroduction to those considering entering the field<br \/>\nValuable source of continuing education for current practitioners<\/p>\n","protected":false},"excerpt":{"rendered":"<p>There is a big difference between an &#8220;Executive Protection Professional&#8221; and a &#8220;Bodyguard.&#8221; This book separates truth from myth. Two authors, both experts in their respective fields, give you the facts and critical knowledge about the field of executive protection. Together they provide a wealth of knowledge about this unique and exciting field. This book not only explains what it takes to be an executive protection specialist but gives other valuable information as well. This includes, tips on defensive tactics, bomb search, searching for bugging devices, firearms training tips, defensive and evasive driving, and advance reconnaissance. This unique book also covers how to select the area of executive protection that you would like to work in, what you should make, the interview, and stories from real life experiences of an executive protection professional. Philip Holder is the creator of the Six Zone Safeguard System of Self Defense (Sometimes called the Sidewinder System after his &#8220;Sidewinder Executive Protection Consultants&#8221;). He is also the chief Instructor and Grandmaster of the North American Wing Chun Association and its Ying Gi Ga method of Wing Chun Kung Fu. His many years as an executive protection professional (EPP), his work as an executive protection consultant, and as a personal trainer, along with his 35 years in the martial arts and his experience in full contact fighting all come together to provide a true sense of realism in his classes and seminars. Donna Lea Hawley is a retired lawyer who has written a number of books and articles on law, firearms, hunter education, and self defense. She teaches seminars on sports liability, shooting, carrying concealed weapons, the law of self defense and use of deadly force, and self defense for the past fifteen years. She is a firearms instructor who has taught over a thousand people shooting skills and firearms safety. She holds six NRA Instructor Certifications. Describes the attributes, principles, and practices of the qualified protection professional Introduction to those considering entering the field Valuable source of continuing education for current practitioners<\/p>\n","protected":false},"featured_media":20192,"comment_status":"open","ping_status":"closed","template":"","meta":{"_acf_changed":false,"site-sidebar-layout":"default","site-content-layout":"","ast-site-content-layout":"default","site-content-style":"default","site-sidebar-style":"default","ast-global-header-display":"","ast-banner-title-visibility":"","ast-main-header-display":"","ast-hfb-above-header-display":"","ast-hfb-below-header-display":"","ast-hfb-mobile-header-display":"","site-post-title":"","ast-breadcrumbs-content":"","ast-featured-img":"","footer-sml-layout":"","ast-disable-related-posts":"","theme-transparent-header-meta":"","adv-header-id-meta":"","stick-header-meta":"","header-above-stick-meta":"","header-main-stick-meta":"","header-below-stick-meta":"","astra-migrate-meta-layouts":"default","ast-page-background-enabled":"default","ast-page-background-meta":{"desktop":{"background-color":"","background-image":"","background-repeat":"repeat","background-position":"center center","background-size":"auto","background-attachment":"scroll","background-type":"","background-media":"","overlay-type":"","overlay-color":"","overlay-opacity":"","overlay-gradient":""},"tablet":{"background-color":"","background-image":"","background-repeat":"repeat","background-position":"center center","background-size":"auto","background-attachment":"scroll","background-type":"","background-media":"","overlay-type":"","overlay-color":"","overlay-opacity":"","overlay-gradient":""},"mobile":{"background-color":"","background-image":"","background-repeat":"repeat","background-position":"center center","background-size":"auto","background-attachment":"scroll","background-type":"","background-media":"","overlay-type":"","overlay-color":"","overlay-opacity":"","overlay-gradient":""}},"ast-content-background-meta":{"desktop":{"background-color":"var(--ast-global-color-4)","background-image":"","background-repeat":"repeat","background-position":"center center","background-size":"auto","background-attachment":"scroll","background-type":"","background-media":"","overlay-type":"","overlay-color":"","overlay-opacity":"","overlay-gradient":""},"tablet":{"background-color":"var(--ast-global-color-4)","background-image":"","background-repeat":"repeat","background-position":"center center","background-size":"auto","background-attachment":"scroll","background-type":"","background-media":"","overlay-type":"","overlay-color":"","overlay-opacity":"","overlay-gradient":""},"mobile":{"background-color":"var(--ast-global-color-4)","background-image":"","background-repeat":"repeat","background-position":"center center","background-size":"auto","background-attachment":"scroll","background-type":"","background-media":"","overlay-type":"","overlay-color":"","overlay-opacity":"","overlay-gradient":""}}},"product_brand":[],"product_cat":[34,26],"product_tag":[7453,7446,7452,7451,7447,7450,7454,7449,7223,7448],"class_list":{"0":"post-20187","1":"product","2":"type-product","3":"status-publish","4":"has-post-thumbnail","6":"product_cat-knygos-anglu-kalba","7":"product_cat-verslas-vadyba-ir-finansai","8":"product_tag-apsaugos-specialistai-donna-lea-hawley","9":"product_tag-asmens-apsauga","10":"product_tag-fizinis-pasirengimas","11":"product_tag-ginklu-teise","12":"product_tag-ginkluotas-saugumas","13":"product_tag-kuno-sargyba","14":"product_tag-philip-holder","15":"product_tag-profesinis-saugumas","16":"product_tag-saugumas","17":"product_tag-savigyna","18":"desktop-align-left","19":"tablet-align-left","20":"mobile-align-left","22":"first","23":"instock","24":"shipping-taxable","25":"purchasable","26":"product-type-simple"},"acf":[],"yoast_head":"<!-- This site is optimized with the Yoast SEO plugin v27.0 - https:\/\/yoast.com\/product\/yoast-seo-wordpress\/ -->\n<title>The Executive Protection Professional&#039;s Manual<\/title>\n<meta name=\"description\" content=\"There is a big difference between an &quot;Executive Protection Professional&quot; and a &quot;Bodyguard.&quot; This book separates truth from myth. Two authors, both experts\" \/>\n<meta name=\"robots\" content=\"index, follow, max-snippet:-1, max-image-preview:large, max-video-preview:-1\" \/>\n<link rel=\"canonical\" href=\"https:\/\/skaitytaknyga.lt\/en\/produktas\/the-executive-protection-professionals-manual\/\" \/>\n<meta property=\"og:locale\" content=\"en_GB\" \/>\n<meta property=\"og:locale:alternate\" content=\"lt_LT\" \/>\n<meta property=\"og:type\" content=\"article\" \/>\n<meta property=\"og:title\" content=\"The Executive Protection Professional&#039;s Manual\" \/>\n<meta property=\"og:description\" content=\"There is a big difference between an &quot;Executive Protection Professional&quot; and a &quot;Bodyguard.&quot; This book separates truth from myth. Two authors, both experts\" \/>\n<meta property=\"og:url\" content=\"https:\/\/skaitytaknyga.lt\/en\/produktas\/the-executive-protection-professionals-manual\/\" \/>\n<meta property=\"og:site_name\" content=\"Skaitytaknyga\" \/>\n<meta property=\"article:publisher\" content=\"https:\/\/www.facebook.com\/skaitytaknyga\/\" \/>\n<meta property=\"article:modified_time\" content=\"2026-02-26T08:00:01+00:00\" \/>\n<meta property=\"og:image\" content=\"https:\/\/skaitytaknyga.lt\/wp-content\/uploads\/2025\/08\/The-Executive-Protection-Professionals-Manual.jpg\" \/>\n\t<meta property=\"og:image:width\" content=\"280\" \/>\n\t<meta property=\"og:image:height\" content=\"445\" \/>\n\t<meta property=\"og:image:type\" content=\"image\/jpeg\" \/>\n<meta name=\"twitter:card\" content=\"summary_large_image\" \/>\n<meta name=\"twitter:label1\" content=\"Estimated reading time\" \/>\n\t<meta name=\"twitter:data1\" content=\"2 minutes\" \/>\n<script type=\"application\/ld+json\" class=\"yoast-schema-graph\">{\"@context\":\"https:\/\/schema.org\",\"@graph\":[{\"@type\":\"WebPage\",\"@id\":\"https:\/\/skaitytaknyga.lt\/produktas\/the-executive-protection-professionals-manual\/\",\"url\":\"https:\/\/skaitytaknyga.lt\/produktas\/the-executive-protection-professionals-manual\/\",\"name\":\"The Executive Protection Professional's Manual\",\"isPartOf\":{\"@id\":\"https:\/\/skaitytaknyga.lt\/#website\"},\"primaryImageOfPage\":{\"@id\":\"https:\/\/skaitytaknyga.lt\/produktas\/the-executive-protection-professionals-manual\/#primaryimage\"},\"image\":{\"@id\":\"https:\/\/skaitytaknyga.lt\/produktas\/the-executive-protection-professionals-manual\/#primaryimage\"},\"thumbnailUrl\":\"https:\/\/skaitytaknyga.lt\/wp-content\/uploads\/2025\/08\/The-Executive-Protection-Professionals-Manual.jpg\",\"datePublished\":\"2025-08-06T05:10:50+00:00\",\"dateModified\":\"2026-02-26T08:00:01+00:00\",\"description\":\"There is a big difference between an \\\"Executive Protection Professional\\\" and a \\\"Bodyguard.\\\" This book separates truth from myth. Two authors, both experts\",\"breadcrumb\":{\"@id\":\"https:\/\/skaitytaknyga.lt\/produktas\/the-executive-protection-professionals-manual\/#breadcrumb\"},\"inLanguage\":\"en-GB\",\"potentialAction\":[{\"@type\":\"ReadAction\",\"target\":[\"https:\/\/skaitytaknyga.lt\/produktas\/the-executive-protection-professionals-manual\/\"]}]},{\"@type\":\"ImageObject\",\"inLanguage\":\"en-GB\",\"@id\":\"https:\/\/skaitytaknyga.lt\/produktas\/the-executive-protection-professionals-manual\/#primaryimage\",\"url\":\"https:\/\/skaitytaknyga.lt\/wp-content\/uploads\/2025\/08\/The-Executive-Protection-Professionals-Manual.jpg\",\"contentUrl\":\"https:\/\/skaitytaknyga.lt\/wp-content\/uploads\/2025\/08\/The-Executive-Protection-Professionals-Manual.jpg\",\"width\":280,\"height\":445,\"caption\":\"The Executive Protection Professional's Manual\"},{\"@type\":\"BreadcrumbList\",\"@id\":\"https:\/\/skaitytaknyga.lt\/produktas\/the-executive-protection-professionals-manual\/#breadcrumb\",\"itemListElement\":[{\"@type\":\"ListItem\",\"position\":1,\"name\":\"Home\",\"item\":\"https:\/\/skaitytaknyga.lt\/\"},{\"@type\":\"ListItem\",\"position\":2,\"name\":\"Parduotuv\u0117\",\"item\":\"https:\/\/skaitytaknyga.lt\/knygu-parduotuve\/\"},{\"@type\":\"ListItem\",\"position\":3,\"name\":\"The Executive Protection Professional&#8217;s Manual\"}]},{\"@type\":\"WebSite\",\"@id\":\"https:\/\/skaitytaknyga.lt\/#website\",\"url\":\"https:\/\/skaitytaknyga.lt\/\",\"name\":\"skaitytaknyga.lt\",\"description\":\"Skaitytaknyga.lt \u2013 tai ma\u017eas \u0161eimos verslas, kuris prasid\u0117jo nuo meil\u0117s knygoms ir siekio i\u0161gelb\u0117ti knygas nuo likimo prie konteinerio. Kas vienam nereikalingas daiktas \u2013 kitam lobis, o mes esame tarpininkai, kurie padeda abiems tapti laimingesniems ???? \u017dinome kaip nelengva i\u0161gyventi ma\u017eiems verslams, tad nuo \u0161iol, \u010dia rasite ir kit\u0173, ma\u017e\u0173 \u0161eim\u0173 versl\u0173, rank\u0173 darbo, dovan\u0173 sau ir artimiesiems.\",\"publisher\":{\"@id\":\"https:\/\/skaitytaknyga.lt\/#organization\"},\"potentialAction\":[{\"@type\":\"SearchAction\",\"target\":{\"@type\":\"EntryPoint\",\"urlTemplate\":\"https:\/\/skaitytaknyga.lt\/?s={search_term_string}\"},\"query-input\":{\"@type\":\"PropertyValueSpecification\",\"valueRequired\":true,\"valueName\":\"search_term_string\"}}],\"inLanguage\":\"en-GB\"},{\"@type\":\"Organization\",\"@id\":\"https:\/\/skaitytaknyga.lt\/#organization\",\"name\":\"skaitytaknyga.lt\",\"url\":\"https:\/\/skaitytaknyga.lt\/\",\"logo\":{\"@type\":\"ImageObject\",\"inLanguage\":\"en-GB\",\"@id\":\"https:\/\/skaitytaknyga.lt\/#\/schema\/logo\/image\/\",\"url\":\"https:\/\/skaitytaknyga.lt\/wp-content\/uploads\/2024\/05\/cropped-cropped-cropped-02_00843_jt3bggkj1j3HLc7SyY6rEUpg.jpeg\",\"contentUrl\":\"https:\/\/skaitytaknyga.lt\/wp-content\/uploads\/2024\/05\/cropped-cropped-cropped-02_00843_jt3bggkj1j3HLc7SyY6rEUpg.jpeg\",\"width\":1600,\"height\":1600,\"caption\":\"skaitytaknyga.lt\"},\"image\":{\"@id\":\"https:\/\/skaitytaknyga.lt\/#\/schema\/logo\/image\/\"},\"sameAs\":[\"https:\/\/www.facebook.com\/skaitytaknyga\/\"]}]}<\/script>\n<!-- \/ Yoast SEO plugin. -->","yoast_head_json":{"title":"The Executive Protection Professional's Manual","description":"There is a big difference between an \"Executive Protection Professional\" and a \"Bodyguard.\" This book separates truth from myth. Two authors, both experts","robots":{"index":"index","follow":"follow","max-snippet":"max-snippet:-1","max-image-preview":"max-image-preview:large","max-video-preview":"max-video-preview:-1"},"canonical":"https:\/\/skaitytaknyga.lt\/en\/produktas\/the-executive-protection-professionals-manual\/","og_locale":"en_GB","og_type":"article","og_title":"[:lt]The Executive Protection Professional's Manual[:] - Skaitytaknyga","og_description":"There is a big difference between an \"Executive Protection Professional\" and a \"Bodyguard.\" This book separates truth from myth. Two authors, both experts","og_url":"https:\/\/skaitytaknyga.lt\/en\/produktas\/the-executive-protection-professionals-manual\/","og_site_name":"Skaitytaknyga","article_publisher":"https:\/\/www.facebook.com\/skaitytaknyga\/","article_modified_time":"2026-02-26T08:00:01+00:00","og_image":[{"width":280,"height":445,"url":"https:\/\/skaitytaknyga.lt\/wp-content\/uploads\/2025\/08\/The-Executive-Protection-Professionals-Manual.jpg","type":"image\/jpeg"}],"twitter_card":"summary_large_image","twitter_misc":{"Estimated reading time":"2 minutes"},"schema":{"@context":"https:\/\/schema.org","@graph":[{"@type":"WebPage","@id":"https:\/\/skaitytaknyga.lt\/produktas\/the-executive-protection-professionals-manual\/","url":"https:\/\/skaitytaknyga.lt\/produktas\/the-executive-protection-professionals-manual\/","name":"The Executive Protection Professional's Manual","isPartOf":{"@id":"https:\/\/skaitytaknyga.lt\/#website"},"primaryImageOfPage":{"@id":"https:\/\/skaitytaknyga.lt\/produktas\/the-executive-protection-professionals-manual\/#primaryimage"},"image":{"@id":"https:\/\/skaitytaknyga.lt\/produktas\/the-executive-protection-professionals-manual\/#primaryimage"},"thumbnailUrl":"https:\/\/skaitytaknyga.lt\/wp-content\/uploads\/2025\/08\/The-Executive-Protection-Professionals-Manual.jpg","datePublished":"2025-08-06T05:10:50+00:00","dateModified":"2026-02-26T08:00:01+00:00","description":"There is a big difference between an \"Executive Protection Professional\" and a \"Bodyguard.\" This book separates truth from myth. Two authors, both experts","breadcrumb":{"@id":"https:\/\/skaitytaknyga.lt\/produktas\/the-executive-protection-professionals-manual\/#breadcrumb"},"inLanguage":"en-GB","potentialAction":[{"@type":"ReadAction","target":["https:\/\/skaitytaknyga.lt\/produktas\/the-executive-protection-professionals-manual\/"]}]},{"@type":"ImageObject","inLanguage":"en-GB","@id":"https:\/\/skaitytaknyga.lt\/produktas\/the-executive-protection-professionals-manual\/#primaryimage","url":"https:\/\/skaitytaknyga.lt\/wp-content\/uploads\/2025\/08\/The-Executive-Protection-Professionals-Manual.jpg","contentUrl":"https:\/\/skaitytaknyga.lt\/wp-content\/uploads\/2025\/08\/The-Executive-Protection-Professionals-Manual.jpg","width":280,"height":445,"caption":"The Executive Protection Professional's Manual"},{"@type":"BreadcrumbList","@id":"https:\/\/skaitytaknyga.lt\/produktas\/the-executive-protection-professionals-manual\/#breadcrumb","itemListElement":[{"@type":"ListItem","position":1,"name":"Home","item":"https:\/\/skaitytaknyga.lt\/"},{"@type":"ListItem","position":2,"name":"Parduotuv\u0117","item":"https:\/\/skaitytaknyga.lt\/knygu-parduotuve\/"},{"@type":"ListItem","position":3,"name":"The Executive Protection Professional&#8217;s Manual"}]},{"@type":"WebSite","@id":"https:\/\/skaitytaknyga.lt\/#website","url":"https:\/\/skaitytaknyga.lt\/","name":"skaitytaknyga.lt","description":"Skaitytaknyga.lt \u2013 tai ma\u017eas \u0161eimos verslas, kuris prasid\u0117jo nuo meil\u0117s knygoms ir siekio i\u0161gelb\u0117ti knygas nuo likimo prie konteinerio. Kas vienam nereikalingas daiktas \u2013 kitam lobis, o mes esame tarpininkai, kurie padeda abiems tapti laimingesniems ???? \u017dinome kaip nelengva i\u0161gyventi ma\u017eiems verslams, tad nuo \u0161iol, \u010dia rasite ir kit\u0173, ma\u017e\u0173 \u0161eim\u0173 versl\u0173, rank\u0173 darbo, dovan\u0173 sau ir artimiesiems.","publisher":{"@id":"https:\/\/skaitytaknyga.lt\/#organization"},"potentialAction":[{"@type":"SearchAction","target":{"@type":"EntryPoint","urlTemplate":"https:\/\/skaitytaknyga.lt\/?s={search_term_string}"},"query-input":{"@type":"PropertyValueSpecification","valueRequired":true,"valueName":"search_term_string"}}],"inLanguage":"en-GB"},{"@type":"Organization","@id":"https:\/\/skaitytaknyga.lt\/#organization","name":"skaitytaknyga.lt","url":"https:\/\/skaitytaknyga.lt\/","logo":{"@type":"ImageObject","inLanguage":"en-GB","@id":"https:\/\/skaitytaknyga.lt\/#\/schema\/logo\/image\/","url":"https:\/\/skaitytaknyga.lt\/wp-content\/uploads\/2024\/05\/cropped-cropped-cropped-02_00843_jt3bggkj1j3HLc7SyY6rEUpg.jpeg","contentUrl":"https:\/\/skaitytaknyga.lt\/wp-content\/uploads\/2024\/05\/cropped-cropped-cropped-02_00843_jt3bggkj1j3HLc7SyY6rEUpg.jpeg","width":1600,"height":1600,"caption":"skaitytaknyga.lt"},"image":{"@id":"https:\/\/skaitytaknyga.lt\/#\/schema\/logo\/image\/"},"sameAs":["https:\/\/www.facebook.com\/skaitytaknyga\/"]}]}},"_links":{"self":[{"href":"https:\/\/skaitytaknyga.lt\/en\/wp-json\/wp\/v2\/product\/20187","targetHints":{"allow":["GET"]}}],"collection":[{"href":"https:\/\/skaitytaknyga.lt\/en\/wp-json\/wp\/v2\/product"}],"about":[{"href":"https:\/\/skaitytaknyga.lt\/en\/wp-json\/wp\/v2\/types\/product"}],"replies":[{"embeddable":true,"href":"https:\/\/skaitytaknyga.lt\/en\/wp-json\/wp\/v2\/comments?post=20187"}],"wp:featuredmedia":[{"embeddable":true,"href":"https:\/\/skaitytaknyga.lt\/en\/wp-json\/wp\/v2\/media\/20192"}],"wp:attachment":[{"href":"https:\/\/skaitytaknyga.lt\/en\/wp-json\/wp\/v2\/media?parent=20187"}],"wp:term":[{"taxonomy":"product_brand","embeddable":true,"href":"https:\/\/skaitytaknyga.lt\/en\/wp-json\/wp\/v2\/product_brand?post=20187"},{"taxonomy":"product_cat","embeddable":true,"href":"https:\/\/skaitytaknyga.lt\/en\/wp-json\/wp\/v2\/product_cat?post=20187"},{"taxonomy":"product_tag","embeddable":true,"href":"https:\/\/skaitytaknyga.lt\/en\/wp-json\/wp\/v2\/product_tag?post=20187"}],"curies":[{"name":"wp","href":"https:\/\/api.w.org\/{rel}","templated":true}]}}