{"id":20183,"date":"2025-08-06T08:10:49","date_gmt":"2025-08-06T05:10:49","guid":{"rendered":"https:\/\/skaitytaknyga.lt\/?post_type=product&#038;p=20183"},"modified":"2025-08-06T17:11:04","modified_gmt":"2025-08-06T14:11:04","slug":"paryziaus-apgavyste","status":"publish","type":"product","link":"https:\/\/skaitytaknyga.lt\/en\/produktas\/paryziaus-apgavyste\/","title":{"rendered":"Pary\u017eiaus apgavyst\u0117"},"content":{"rendered":"<p>Dvi nepaprastos moterys, kupinos ry\u017eto savo gyvyb\u0117s kaina gelb\u0117ti pagrobtus meno \u0161edevrus Pary\u017eiuje.<\/p>\n<p>Sofija Diks, pab\u0117gusi i\u0161 gimtojo miesto Vokietijoje \u012f pamilt\u0105 Pary\u017ei\u0173, nenoriai sutinka eiti paveiksl\u0173 restauratoriaus pareigas \u201eJeu de Paume\u201c muziejuje.<\/p>\n<p>Fabjen Brant buvo kylanti Pary\u017eiaus bohemos \u017evaig\u017ed\u0117, kol naciai u\u017edraud\u0117 modern\u0173j\u012f men\u0105 neva kaip i\u0161sigimus\u012f. Ji stengiasi visais \u012fmanomais b\u016bdais i\u0161gyventi okupacijos s\u0105lygomis&#8230; kol jos svain\u0117 Sofija kart\u0105 netik\u0117tai i\u0161dygsta ant jos butuko slenks\u010dio su pagrobtu paveikslu.<\/p>\n<p>Netrukus dvi jaunos moterys imasi \u012fgyvendinti paveiksl\u0173 gelb\u0117jimo plan\u0105: garbiausi\u0173 vokie\u010di\u0173 meno ekspert\u0173 panos\u0117je kei\u010dia \u012f \u201eJeu de Paume\u201c muziej\u0173 atgabentus originalus meistri\u0161komis klastot\u0117mis. Bet kiek ilgai Sofijai ir Fabjen seksis sumaniai visus mulkinti?<\/p>\n","protected":false},"excerpt":{"rendered":"<p>Dvi nepaprastos moterys, kupinos ry\u017eto savo gyvyb\u0117s kaina gelb\u0117ti pagrobtus meno \u0161edevrus Pary\u017eiuje. Sofija Diks, pab\u0117gusi i\u0161 gimtojo miesto Vokietijoje \u012f pamilt\u0105 Pary\u017ei\u0173, nenoriai sutinka eiti paveiksl\u0173 restauratoriaus pareigas \u201eJeu de Paume\u201c muziejuje. Fabjen Brant buvo kylanti Pary\u017eiaus bohemos \u017evaig\u017ed\u0117, kol naciai u\u017edraud\u0117 modern\u0173j\u012f men\u0105 neva kaip i\u0161sigimus\u012f. Ji stengiasi visais \u012fmanomais b\u016bdais i\u0161gyventi okupacijos s\u0105lygomis&#8230; kol jos svain\u0117 Sofija kart\u0105 netik\u0117tai i\u0161dygsta ant jos butuko slenks\u010dio su pagrobtu paveikslu. Netrukus dvi jaunos moterys imasi \u012fgyvendinti paveiksl\u0173 gelb\u0117jimo plan\u0105: garbiausi\u0173 vokie\u010di\u0173 meno ekspert\u0173 panos\u0117je kei\u010dia \u012f \u201eJeu de Paume\u201c muziej\u0173 atgabentus originalus meistri\u0161komis klastot\u0117mis. Bet kiek ilgai Sofijai ir Fabjen seksis sumaniai visus mulkinti?<\/p>\n","protected":false},"featured_media":20188,"comment_status":"open","ping_status":"closed","template":"","meta":{"_acf_changed":false,"site-sidebar-layout":"default","site-content-layout":"","ast-site-content-layout":"default","site-content-style":"default","site-sidebar-style":"default","ast-global-header-display":"","ast-banner-title-visibility":"","ast-main-header-display":"","ast-hfb-above-header-display":"","ast-hfb-below-header-display":"","ast-hfb-mobile-header-display":"","site-post-title":"","ast-breadcrumbs-content":"","ast-featured-img":"","footer-sml-layout":"","ast-disable-related-posts":"","theme-transparent-header-meta":"","adv-header-id-meta":"","stick-header-meta":"","header-above-stick-meta":"","header-main-stick-meta":"","header-below-stick-meta":"","astra-migrate-meta-layouts":"default","ast-page-background-enabled":"default","ast-page-background-meta":{"desktop":{"background-color":"","background-image":"","background-repeat":"repeat","background-position":"center center","background-size":"auto","background-attachment":"scroll","background-type":"","background-media":"","overlay-type":"","overlay-color":"","overlay-opacity":"","overlay-gradient":""},"tablet":{"background-color":"","background-image":"","background-repeat":"repeat","background-position":"center center","background-size":"auto","background-attachment":"scroll","background-type":"","background-media":"","overlay-type":"","overlay-color":"","overlay-opacity":"","overlay-gradient":""},"mobile":{"background-color":"","background-image":"","background-repeat":"repeat","background-position":"center center","background-size":"auto","background-attachment":"scroll","background-type":"","background-media":"","overlay-type":"","overlay-color":"","overlay-opacity":"","overlay-gradient":""}},"ast-content-background-meta":{"desktop":{"background-color":"var(--ast-global-color-4)","background-image":"","background-repeat":"repeat","background-position":"center center","background-size":"auto","background-attachment":"scroll","background-type":"","background-media":"","overlay-type":"","overlay-color":"","overlay-opacity":"","overlay-gradient":""},"tablet":{"background-color":"var(--ast-global-color-4)","background-image":"","background-repeat":"repeat","background-position":"center center","background-size":"auto","background-attachment":"scroll","background-type":"","background-media":"","overlay-type":"","overlay-color":"","overlay-opacity":"","overlay-gradient":""},"mobile":{"background-color":"var(--ast-global-color-4)","background-image":"","background-repeat":"repeat","background-position":"center center","background-size":"auto","background-attachment":"scroll","background-type":"","background-media":"","overlay-type":"","overlay-color":"","overlay-opacity":"","overlay-gradient":""}}},"product_brand":[],"product_cat":[31],"product_tag":[7429,2069,3052,2582],"class_list":{"0":"post-20183","1":"product","2":"type-product","3":"status-publish","4":"has-post-thumbnail","6":"product_cat-grozine-literatura","7":"product_tag-antrojo-pasaulinio-karo-laikotar","8":"product_tag-istorinis-romanas","9":"product_tag-menas","10":"product_tag-moterys","11":"desktop-align-left","12":"tablet-align-left","13":"mobile-align-left","15":"first","16":"instock","17":"shipping-taxable","18":"purchasable","19":"product-type-simple"},"acf":[],"yoast_head":"<!-- This site is optimized with the Yoast SEO plugin v27.4 - https:\/\/yoast.com\/product\/yoast-seo-wordpress\/ -->\n<title>Pary\u017eiaus apgavyst\u0117<\/title>\n<meta name=\"description\" content=\"Dvi nepaprastos moterys, kupinos ry\u017eto savo gyvyb\u0117s kaina gelb\u0117ti pagrobtus meno \u0161edevrus Pary\u017eiuje. Sofija Diks, pab\u0117gusi i\u0161 gimtojo miesto Vokietijoje \u012f\" \/>\n<meta name=\"robots\" content=\"index, follow, max-snippet:-1, max-image-preview:large, max-video-preview:-1\" \/>\n<link rel=\"canonical\" href=\"https:\/\/skaitytaknyga.lt\/en\/produktas\/paryziaus-apgavyste\/\" \/>\n<meta property=\"og:locale\" content=\"en_GB\" \/>\n<meta property=\"og:locale:alternate\" content=\"lt_LT\" \/>\n<meta property=\"og:type\" content=\"article\" \/>\n<meta property=\"og:title\" content=\"Pary\u017eiaus apgavyst\u0117\" \/>\n<meta property=\"og:description\" content=\"Dvi nepaprastos moterys, kupinos ry\u017eto savo gyvyb\u0117s kaina gelb\u0117ti pagrobtus meno \u0161edevrus Pary\u017eiuje. Sofija Diks, pab\u0117gusi i\u0161 gimtojo miesto Vokietijoje \u012f\" \/>\n<meta property=\"og:url\" content=\"https:\/\/skaitytaknyga.lt\/en\/produktas\/paryziaus-apgavyste\/\" \/>\n<meta property=\"og:site_name\" content=\"Skaitytaknyga\" \/>\n<meta property=\"article:publisher\" content=\"https:\/\/www.facebook.com\/skaitytaknyga\/\" \/>\n<meta property=\"article:modified_time\" content=\"2025-08-06T14:11:04+00:00\" \/>\n<meta property=\"og:image\" content=\"https:\/\/skaitytaknyga.lt\/wp-content\/uploads\/2025\/08\/Paryziaus-apgavyste-1.webp\" \/>\n\t<meta property=\"og:image:width\" content=\"517\" \/>\n\t<meta property=\"og:image:height\" content=\"800\" \/>\n\t<meta property=\"og:image:type\" content=\"image\/webp\" \/>\n<meta name=\"twitter:card\" content=\"summary_large_image\" \/>\n<meta name=\"twitter:label1\" content=\"Estimated reading time\" \/>\n\t<meta name=\"twitter:data1\" content=\"1 minute\" \/>\n<script type=\"application\/ld+json\" class=\"yoast-schema-graph\">{\"@context\":\"https:\\\/\\\/schema.org\",\"@graph\":[{\"@type\":\"WebPage\",\"@id\":\"https:\\\/\\\/skaitytaknyga.lt\\\/produktas\\\/paryziaus-apgavyste\\\/\",\"url\":\"https:\\\/\\\/skaitytaknyga.lt\\\/produktas\\\/paryziaus-apgavyste\\\/\",\"name\":\"Pary\u017eiaus apgavyst\u0117\",\"isPartOf\":{\"@id\":\"https:\\\/\\\/skaitytaknyga.lt\\\/#website\"},\"primaryImageOfPage\":{\"@id\":\"https:\\\/\\\/skaitytaknyga.lt\\\/produktas\\\/paryziaus-apgavyste\\\/#primaryimage\"},\"image\":{\"@id\":\"https:\\\/\\\/skaitytaknyga.lt\\\/produktas\\\/paryziaus-apgavyste\\\/#primaryimage\"},\"thumbnailUrl\":\"https:\\\/\\\/skaitytaknyga.lt\\\/wp-content\\\/uploads\\\/2025\\\/08\\\/Paryziaus-apgavyste-1.webp\",\"datePublished\":\"2025-08-06T05:10:49+00:00\",\"dateModified\":\"2025-08-06T14:11:04+00:00\",\"description\":\"Dvi nepaprastos moterys, kupinos ry\u017eto savo gyvyb\u0117s kaina gelb\u0117ti pagrobtus meno \u0161edevrus Pary\u017eiuje. Sofija Diks, pab\u0117gusi i\u0161 gimtojo miesto Vokietijoje \u012f\",\"breadcrumb\":{\"@id\":\"https:\\\/\\\/skaitytaknyga.lt\\\/produktas\\\/paryziaus-apgavyste\\\/#breadcrumb\"},\"inLanguage\":\"en-GB\",\"potentialAction\":[{\"@type\":\"ReadAction\",\"target\":[\"https:\\\/\\\/skaitytaknyga.lt\\\/produktas\\\/paryziaus-apgavyste\\\/\"]}]},{\"@type\":\"ImageObject\",\"inLanguage\":\"en-GB\",\"@id\":\"https:\\\/\\\/skaitytaknyga.lt\\\/produktas\\\/paryziaus-apgavyste\\\/#primaryimage\",\"url\":\"https:\\\/\\\/skaitytaknyga.lt\\\/wp-content\\\/uploads\\\/2025\\\/08\\\/Paryziaus-apgavyste-1.webp\",\"contentUrl\":\"https:\\\/\\\/skaitytaknyga.lt\\\/wp-content\\\/uploads\\\/2025\\\/08\\\/Paryziaus-apgavyste-1.webp\",\"width\":517,\"height\":800,\"caption\":\"Pary\u017eiaus apgavyst\u0117\"},{\"@type\":\"BreadcrumbList\",\"@id\":\"https:\\\/\\\/skaitytaknyga.lt\\\/produktas\\\/paryziaus-apgavyste\\\/#breadcrumb\",\"itemListElement\":[{\"@type\":\"ListItem\",\"position\":1,\"name\":\"Home\",\"item\":\"https:\\\/\\\/skaitytaknyga.lt\\\/\"},{\"@type\":\"ListItem\",\"position\":2,\"name\":\"Parduotuv\u0117\",\"item\":\"https:\\\/\\\/skaitytaknyga.lt\\\/knygu-parduotuve\\\/\"},{\"@type\":\"ListItem\",\"position\":3,\"name\":\"Pary\u017eiaus apgavyst\u0117\"}]},{\"@type\":\"WebSite\",\"@id\":\"https:\\\/\\\/skaitytaknyga.lt\\\/#website\",\"url\":\"https:\\\/\\\/skaitytaknyga.lt\\\/\",\"name\":\"skaitytaknyga.lt\",\"description\":\"Skaitytaknyga.lt \u2013 tai ma\u017eas \u0161eimos verslas, kuris prasid\u0117jo nuo meil\u0117s knygoms ir siekio i\u0161gelb\u0117ti knygas nuo likimo prie konteinerio. Kas vienam nereikalingas daiktas \u2013 kitam lobis, o mes esame tarpininkai, kurie padeda abiems tapti laimingesniems ???? \u017dinome kaip nelengva i\u0161gyventi ma\u017eiems verslams, tad nuo \u0161iol, \u010dia rasite ir kit\u0173, ma\u017e\u0173 \u0161eim\u0173 versl\u0173, rank\u0173 darbo, dovan\u0173 sau ir artimiesiems.\",\"publisher\":{\"@id\":\"https:\\\/\\\/skaitytaknyga.lt\\\/#organization\"},\"potentialAction\":[{\"@type\":\"SearchAction\",\"target\":{\"@type\":\"EntryPoint\",\"urlTemplate\":\"https:\\\/\\\/skaitytaknyga.lt\\\/?s={search_term_string}\"},\"query-input\":{\"@type\":\"PropertyValueSpecification\",\"valueRequired\":true,\"valueName\":\"search_term_string\"}}],\"inLanguage\":\"en-GB\"},{\"@type\":\"Organization\",\"@id\":\"https:\\\/\\\/skaitytaknyga.lt\\\/#organization\",\"name\":\"skaitytaknyga.lt\",\"url\":\"https:\\\/\\\/skaitytaknyga.lt\\\/\",\"logo\":{\"@type\":\"ImageObject\",\"inLanguage\":\"en-GB\",\"@id\":\"https:\\\/\\\/skaitytaknyga.lt\\\/#\\\/schema\\\/logo\\\/image\\\/\",\"url\":\"https:\\\/\\\/skaitytaknyga.lt\\\/wp-content\\\/uploads\\\/2024\\\/05\\\/cropped-cropped-cropped-02_00843_jt3bggkj1j3HLc7SyY6rEUpg.jpeg\",\"contentUrl\":\"https:\\\/\\\/skaitytaknyga.lt\\\/wp-content\\\/uploads\\\/2024\\\/05\\\/cropped-cropped-cropped-02_00843_jt3bggkj1j3HLc7SyY6rEUpg.jpeg\",\"width\":1600,\"height\":1600,\"caption\":\"skaitytaknyga.lt\"},\"image\":{\"@id\":\"https:\\\/\\\/skaitytaknyga.lt\\\/#\\\/schema\\\/logo\\\/image\\\/\"},\"sameAs\":[\"https:\\\/\\\/www.facebook.com\\\/skaitytaknyga\\\/\"]}]}<\/script>\n<!-- \/ Yoast SEO plugin. -->","yoast_head_json":{"title":"Pary\u017eiaus apgavyst\u0117","description":"Dvi nepaprastos moterys, kupinos ry\u017eto savo gyvyb\u0117s kaina gelb\u0117ti pagrobtus meno \u0161edevrus Pary\u017eiuje. Sofija Diks, pab\u0117gusi i\u0161 gimtojo miesto Vokietijoje \u012f","robots":{"index":"index","follow":"follow","max-snippet":"max-snippet:-1","max-image-preview":"max-image-preview:large","max-video-preview":"max-video-preview:-1"},"canonical":"https:\/\/skaitytaknyga.lt\/en\/produktas\/paryziaus-apgavyste\/","og_locale":"en_GB","og_type":"article","og_title":"[:lt]Pary\u017eiaus apgavyst\u0117[:] - Skaitytaknyga","og_description":"Dvi nepaprastos moterys, kupinos ry\u017eto savo gyvyb\u0117s kaina gelb\u0117ti pagrobtus meno \u0161edevrus Pary\u017eiuje. Sofija Diks, pab\u0117gusi i\u0161 gimtojo miesto Vokietijoje \u012f","og_url":"https:\/\/skaitytaknyga.lt\/en\/produktas\/paryziaus-apgavyste\/","og_site_name":"Skaitytaknyga","article_publisher":"https:\/\/www.facebook.com\/skaitytaknyga\/","article_modified_time":"2025-08-06T14:11:04+00:00","og_image":[{"width":517,"height":800,"url":"https:\/\/skaitytaknyga.lt\/wp-content\/uploads\/2025\/08\/Paryziaus-apgavyste-1.webp","type":"image\/webp"}],"twitter_card":"summary_large_image","twitter_misc":{"Estimated reading time":"1 minute"},"schema":{"@context":"https:\/\/schema.org","@graph":[{"@type":"WebPage","@id":"https:\/\/skaitytaknyga.lt\/produktas\/paryziaus-apgavyste\/","url":"https:\/\/skaitytaknyga.lt\/produktas\/paryziaus-apgavyste\/","name":"Pary\u017eiaus apgavyst\u0117","isPartOf":{"@id":"https:\/\/skaitytaknyga.lt\/#website"},"primaryImageOfPage":{"@id":"https:\/\/skaitytaknyga.lt\/produktas\/paryziaus-apgavyste\/#primaryimage"},"image":{"@id":"https:\/\/skaitytaknyga.lt\/produktas\/paryziaus-apgavyste\/#primaryimage"},"thumbnailUrl":"https:\/\/skaitytaknyga.lt\/wp-content\/uploads\/2025\/08\/Paryziaus-apgavyste-1.webp","datePublished":"2025-08-06T05:10:49+00:00","dateModified":"2025-08-06T14:11:04+00:00","description":"Dvi nepaprastos moterys, kupinos ry\u017eto savo gyvyb\u0117s kaina gelb\u0117ti pagrobtus meno \u0161edevrus Pary\u017eiuje. Sofija Diks, pab\u0117gusi i\u0161 gimtojo miesto Vokietijoje \u012f","breadcrumb":{"@id":"https:\/\/skaitytaknyga.lt\/produktas\/paryziaus-apgavyste\/#breadcrumb"},"inLanguage":"en-GB","potentialAction":[{"@type":"ReadAction","target":["https:\/\/skaitytaknyga.lt\/produktas\/paryziaus-apgavyste\/"]}]},{"@type":"ImageObject","inLanguage":"en-GB","@id":"https:\/\/skaitytaknyga.lt\/produktas\/paryziaus-apgavyste\/#primaryimage","url":"https:\/\/skaitytaknyga.lt\/wp-content\/uploads\/2025\/08\/Paryziaus-apgavyste-1.webp","contentUrl":"https:\/\/skaitytaknyga.lt\/wp-content\/uploads\/2025\/08\/Paryziaus-apgavyste-1.webp","width":517,"height":800,"caption":"Pary\u017eiaus apgavyst\u0117"},{"@type":"BreadcrumbList","@id":"https:\/\/skaitytaknyga.lt\/produktas\/paryziaus-apgavyste\/#breadcrumb","itemListElement":[{"@type":"ListItem","position":1,"name":"Home","item":"https:\/\/skaitytaknyga.lt\/"},{"@type":"ListItem","position":2,"name":"Parduotuv\u0117","item":"https:\/\/skaitytaknyga.lt\/knygu-parduotuve\/"},{"@type":"ListItem","position":3,"name":"Pary\u017eiaus apgavyst\u0117"}]},{"@type":"WebSite","@id":"https:\/\/skaitytaknyga.lt\/#website","url":"https:\/\/skaitytaknyga.lt\/","name":"skaitytaknyga.lt","description":"Skaitytaknyga.lt \u2013 tai ma\u017eas \u0161eimos verslas, kuris prasid\u0117jo nuo meil\u0117s knygoms ir siekio i\u0161gelb\u0117ti knygas nuo likimo prie konteinerio. Kas vienam nereikalingas daiktas \u2013 kitam lobis, o mes esame tarpininkai, kurie padeda abiems tapti laimingesniems ???? \u017dinome kaip nelengva i\u0161gyventi ma\u017eiems verslams, tad nuo \u0161iol, \u010dia rasite ir kit\u0173, ma\u017e\u0173 \u0161eim\u0173 versl\u0173, rank\u0173 darbo, dovan\u0173 sau ir artimiesiems.","publisher":{"@id":"https:\/\/skaitytaknyga.lt\/#organization"},"potentialAction":[{"@type":"SearchAction","target":{"@type":"EntryPoint","urlTemplate":"https:\/\/skaitytaknyga.lt\/?s={search_term_string}"},"query-input":{"@type":"PropertyValueSpecification","valueRequired":true,"valueName":"search_term_string"}}],"inLanguage":"en-GB"},{"@type":"Organization","@id":"https:\/\/skaitytaknyga.lt\/#organization","name":"skaitytaknyga.lt","url":"https:\/\/skaitytaknyga.lt\/","logo":{"@type":"ImageObject","inLanguage":"en-GB","@id":"https:\/\/skaitytaknyga.lt\/#\/schema\/logo\/image\/","url":"https:\/\/skaitytaknyga.lt\/wp-content\/uploads\/2024\/05\/cropped-cropped-cropped-02_00843_jt3bggkj1j3HLc7SyY6rEUpg.jpeg","contentUrl":"https:\/\/skaitytaknyga.lt\/wp-content\/uploads\/2024\/05\/cropped-cropped-cropped-02_00843_jt3bggkj1j3HLc7SyY6rEUpg.jpeg","width":1600,"height":1600,"caption":"skaitytaknyga.lt"},"image":{"@id":"https:\/\/skaitytaknyga.lt\/#\/schema\/logo\/image\/"},"sameAs":["https:\/\/www.facebook.com\/skaitytaknyga\/"]}]}},"_links":{"self":[{"href":"https:\/\/skaitytaknyga.lt\/en\/wp-json\/wp\/v2\/product\/20183","targetHints":{"allow":["GET"]}}],"collection":[{"href":"https:\/\/skaitytaknyga.lt\/en\/wp-json\/wp\/v2\/product"}],"about":[{"href":"https:\/\/skaitytaknyga.lt\/en\/wp-json\/wp\/v2\/types\/product"}],"replies":[{"embeddable":true,"href":"https:\/\/skaitytaknyga.lt\/en\/wp-json\/wp\/v2\/comments?post=20183"}],"wp:featuredmedia":[{"embeddable":true,"href":"https:\/\/skaitytaknyga.lt\/en\/wp-json\/wp\/v2\/media\/20188"}],"wp:attachment":[{"href":"https:\/\/skaitytaknyga.lt\/en\/wp-json\/wp\/v2\/media?parent=20183"}],"wp:term":[{"taxonomy":"product_brand","embeddable":true,"href":"https:\/\/skaitytaknyga.lt\/en\/wp-json\/wp\/v2\/product_brand?post=20183"},{"taxonomy":"product_cat","embeddable":true,"href":"https:\/\/skaitytaknyga.lt\/en\/wp-json\/wp\/v2\/product_cat?post=20183"},{"taxonomy":"product_tag","embeddable":true,"href":"https:\/\/skaitytaknyga.lt\/en\/wp-json\/wp\/v2\/product_tag?post=20183"}],"curies":[{"name":"wp","href":"https:\/\/api.w.org\/{rel}","templated":true}]}}