{"id":20176,"date":"2025-08-06T07:55:07","date_gmt":"2025-08-06T04:55:07","guid":{"rendered":"https:\/\/skaitytaknyga.lt\/?post_type=product&#038;p=20176"},"modified":"2025-10-06T13:27:36","modified_gmt":"2025-10-06T10:27:36","slug":"finansine-ismintis","status":"publish","type":"product","link":"https:\/\/skaitytaknyga.lt\/en\/produktas\/finansine-ismintis\/","title":{"rendered":"Finansin\u0117 i\u0161mintis"},"content":{"rendered":"<p>Knyga vadovams apie tai, k\u0105 i\u0161 tikr\u0173j\u0173 rei\u0161kia skai\u010diai. Kaip suprasti finansus ir kas gl\u016bdi u\u017e j\u0173.<\/p>\n<p>Knygoje \u201eFinansin\u0117 i\u0161mintis\u201c autoriai pateikia finans\u0173 ir apskaitos pradmenis. Trumpuose, lengvai skaitomuose knygos skyriuose finans\u0173 pagrindai i\u0161d\u0117styti taip, kad kiekvienas skaitytojas gali juos suprasti ir i\u0161kart pritaikyti savo darbe. Autoriai taip pat parodo, kaip gaunami tie skai\u010diai.<\/p>\n<p>KIEKVIENOJE \u012eMON\u0116JE tikimasi, kad VADOVAI mok\u0117s naudotis finansiniais duomenimis ir jais remdamiesi priims sprendimus, paskirstys i\u0161teklius ir planuos i\u0161laidas. Deja, dar daug vadov\u0173 jau\u010diasi nejaukiai, savo kasdieniame darbe bandydami taikyti papras\u010diausias finansines priemones. Net ir tie, kurie save laiko finansi\u0161kai sumaniais, ne visada supranta, kas sudaro finansin\u0119 atskaitomyb\u0119, tod\u0117l su skai\u010diais elgiasi taip, lyg tai b\u016bt\u0173 i\u0161trauka i\u0161 Biblijos, u\u017euot kriti\u0161kai juos vertin\u0119 ir k\u0117l\u0119 reikiamus klausimus. <\/p>\n<p>Knygoje \u201eFinansin\u0117 i\u0161mintis\u201c Karen Berman ir Joe Knight pateikia finans\u0173 ir apskaitos pradmenis, numatydami ir papildom\u0105 informacij\u0105. Trumpuose, lengvai skaitomuose knygos skyriuose finans\u0173 pagrindai i\u0161d\u0117styti taip, kad kiekvienas skaitytojas gali juos suprasti ir i\u0161kart pritaikyti darbe. Autoriai taip pat nukelia skaitytoj\u0105 \u012f \u201eu\u017ekulisius\u201c ir parodo, kaip gaunami tie skai\u010diai.<\/p>\n<p>Mat, visko kiekybi\u0161kai \u012fvertinti ne\u012fmanoma, tod\u0117l buhalteriai ir finans\u0173 specialistai visada remiasi apytikriais vertinimais, prielaidomis ir subjektyvia nuomone, o tai gali i\u0161kreipti skai\u010dius. \u0160i knyga pad\u0117s atpa\u017einti ir suprasti tuos nuokrypius, jais abejoti ir prireikus pakoreguoti bei panaudoti \u0161i\u0105 informacij\u0105 sprend\u017eiant kasdienius vadybos klausimus.<\/p>\n<p>Remdamiesi savo patirtimi, sukaupta mokant de\u0161imtis t\u016bkstan\u010di\u0173 pirmaujan\u010dias pozicijas u\u017eiman\u010di\u0173 \u012fmoni\u0173 vadov\u0173 ir darbuotoj\u0173, K. Berman ir J. Knight \u0161ios knygos skaitytojams suteikia galimyb\u0119 giliau suprasti:<\/p>\n<p>finansinio vertinimo pagrindus &#8211; i\u0161mokti suprasti pelno (nuostolio) ataskaitas, balansus, pinig\u0173 sraut\u0173 ataskaitas ir pan.;<br \/>\nfinans\u0173 men\u0105 &#8211; tikslius duomenis atskirti nuo prielaid\u0173 ir apytikri\u0173 vertinim\u0173;<br \/>\nanaliz\u0117s principus &#8211; apskai\u010diuoti veiklos rodiklius, investicij\u0173 gr\u0105\u017e\u0105 ir apyvartin\u012f kapital\u0105;<br \/>\npinigus ir peln\u0105 &#8211; \u017einoti, kuo jie skiriasi ir kod\u0117l pinigai tapo pagrindiniu rodikliu, \u012f kur\u012f nuolat atsi\u017evelgia \u012fmoni\u0173 valdyb\u0173 nariai ir Volstrito specialistai;<br \/>\nfinansinio ra\u0161tingumo ir skaidrumo pagrindus ir suvokti, kaip jie gali pagerinti veiklos rezultatus.<br \/>\nLengvai suprantama, neapkrauta sud\u0117tinga terminologija, pa\u012fvairinta gyvais \u012fmoni\u0173 veiklos pavyzd\u017eiais, \u201eFinansin\u0117 i\u0161mintis\u201c pad\u0117s vadovams, kurie n\u0117ra finans\u0173 specialistai, valdyti \u012fmon\u0117s ir savo pa\u010di\u0173 s\u0117km\u0119. Jeigu kada nors svajojote, kad vien\u0105 gra\u017ei\u0105 dien\u0105 gal\u0117site su kolegomis, kaip lygus su lygiu, aptarti \u012fmon\u0117s finansinius rezultatus, \u0161i knyga kaip tik jums.<\/p>\n","protected":false},"excerpt":{"rendered":"<p>Knyga vadovams apie tai, k\u0105 i\u0161 tikr\u0173j\u0173 rei\u0161kia skai\u010diai. Kaip suprasti finansus ir kas gl\u016bdi u\u017e j\u0173. Knygoje \u201eFinansin\u0117 i\u0161mintis\u201c autoriai pateikia finans\u0173 ir apskaitos pradmenis. Trumpuose, lengvai skaitomuose knygos skyriuose finans\u0173 pagrindai i\u0161d\u0117styti taip, kad kiekvienas skaitytojas gali juos suprasti ir i\u0161kart pritaikyti savo darbe. Autoriai taip pat parodo, kaip gaunami tie skai\u010diai. KIEKVIENOJE \u012eMON\u0116JE tikimasi, kad VADOVAI mok\u0117s naudotis finansiniais duomenimis ir jais remdamiesi priims sprendimus, paskirstys i\u0161teklius ir planuos i\u0161laidas. Deja, dar daug vadov\u0173 jau\u010diasi nejaukiai, savo kasdieniame darbe bandydami taikyti papras\u010diausias finansines priemones. Net ir tie, kurie save laiko finansi\u0161kai sumaniais, ne visada supranta, kas sudaro finansin\u0119 atskaitomyb\u0119, tod\u0117l su skai\u010diais elgiasi taip, lyg tai b\u016bt\u0173 i\u0161trauka i\u0161 Biblijos, u\u017euot kriti\u0161kai juos vertin\u0119 ir k\u0117l\u0119 reikiamus klausimus. Knygoje \u201eFinansin\u0117 i\u0161mintis\u201c Karen Berman ir Joe Knight pateikia finans\u0173 ir apskaitos pradmenis, numatydami ir papildom\u0105 informacij\u0105. Trumpuose, lengvai skaitomuose knygos skyriuose finans\u0173 pagrindai i\u0161d\u0117styti taip, kad kiekvienas skaitytojas gali juos suprasti ir i\u0161kart pritaikyti darbe. Autoriai taip pat nukelia skaitytoj\u0105 \u012f \u201eu\u017ekulisius\u201c ir parodo, kaip gaunami tie skai\u010diai. Mat, visko kiekybi\u0161kai \u012fvertinti ne\u012fmanoma, tod\u0117l buhalteriai ir finans\u0173 specialistai visada remiasi apytikriais vertinimais, prielaidomis ir subjektyvia nuomone, o tai gali i\u0161kreipti skai\u010dius. \u0160i knyga pad\u0117s atpa\u017einti ir suprasti tuos nuokrypius, jais abejoti ir prireikus pakoreguoti bei panaudoti \u0161i\u0105 informacij\u0105 sprend\u017eiant kasdienius vadybos klausimus. Remdamiesi savo patirtimi, sukaupta mokant de\u0161imtis t\u016bkstan\u010di\u0173 pirmaujan\u010dias pozicijas u\u017eiman\u010di\u0173 \u012fmoni\u0173 vadov\u0173 ir darbuotoj\u0173, K. Berman ir J. Knight \u0161ios knygos skaitytojams suteikia galimyb\u0119 giliau suprasti: finansinio vertinimo pagrindus &#8211; i\u0161mokti suprasti pelno (nuostolio) ataskaitas, balansus, pinig\u0173 sraut\u0173 ataskaitas ir pan.; finans\u0173 men\u0105 &#8211; tikslius duomenis atskirti nuo prielaid\u0173 ir apytikri\u0173 vertinim\u0173; analiz\u0117s principus &#8211; apskai\u010diuoti veiklos rodiklius, investicij\u0173 gr\u0105\u017e\u0105 ir apyvartin\u012f kapital\u0105; pinigus ir peln\u0105 &#8211; \u017einoti, kuo jie skiriasi ir kod\u0117l pinigai tapo pagrindiniu rodikliu, \u012f kur\u012f nuolat atsi\u017evelgia \u012fmoni\u0173 valdyb\u0173 nariai ir Volstrito specialistai; finansinio ra\u0161tingumo ir skaidrumo pagrindus ir suvokti, kaip jie gali pagerinti veiklos rezultatus. Lengvai suprantama, neapkrauta sud\u0117tinga terminologija, pa\u012fvairinta gyvais \u012fmoni\u0173 veiklos pavyzd\u017eiais, \u201eFinansin\u0117 i\u0161mintis\u201c pad\u0117s vadovams, kurie n\u0117ra finans\u0173 specialistai, valdyti \u012fmon\u0117s ir savo pa\u010di\u0173 s\u0117km\u0119. Jeigu kada nors svajojote, kad vien\u0105 gra\u017ei\u0105 dien\u0105 gal\u0117site su kolegomis, kaip lygus su lygiu, aptarti \u012fmon\u0117s finansinius rezultatus, \u0161i knyga kaip tik jums.<\/p>\n","protected":false},"featured_media":20182,"comment_status":"open","ping_status":"closed","template":"","meta":{"_acf_changed":false,"site-sidebar-layout":"default","site-content-layout":"","ast-site-content-layout":"default","site-content-style":"default","site-sidebar-style":"default","ast-global-header-display":"","ast-banner-title-visibility":"","ast-main-header-display":"","ast-hfb-above-header-display":"","ast-hfb-below-header-display":"","ast-hfb-mobile-header-display":"","site-post-title":"","ast-breadcrumbs-content":"","ast-featured-img":"","footer-sml-layout":"","ast-disable-related-posts":"","theme-transparent-header-meta":"","adv-header-id-meta":"","stick-header-meta":"","header-above-stick-meta":"","header-main-stick-meta":"","header-below-stick-meta":"","astra-migrate-meta-layouts":"default","ast-page-background-enabled":"default","ast-page-background-meta":{"desktop":{"background-color":"","background-image":"","background-repeat":"repeat","background-position":"center center","background-size":"auto","background-attachment":"scroll","background-type":"","background-media":"","overlay-type":"","overlay-color":"","overlay-opacity":"","overlay-gradient":""},"tablet":{"background-color":"","background-image":"","background-repeat":"repeat","background-position":"center center","background-size":"auto","background-attachment":"scroll","background-type":"","background-media":"","overlay-type":"","overlay-color":"","overlay-opacity":"","overlay-gradient":""},"mobile":{"background-color":"","background-image":"","background-repeat":"repeat","background-position":"center center","background-size":"auto","background-attachment":"scroll","background-type":"","background-media":"","overlay-type":"","overlay-color":"","overlay-opacity":"","overlay-gradient":""}},"ast-content-background-meta":{"desktop":{"background-color":"var(--ast-global-color-4)","background-image":"","background-repeat":"repeat","background-position":"center center","background-size":"auto","background-attachment":"scroll","background-type":"","background-media":"","overlay-type":"","overlay-color":"","overlay-opacity":"","overlay-gradient":""},"tablet":{"background-color":"var(--ast-global-color-4)","background-image":"","background-repeat":"repeat","background-position":"center center","background-size":"auto","background-attachment":"scroll","background-type":"","background-media":"","overlay-type":"","overlay-color":"","overlay-opacity":"","overlay-gradient":""},"mobile":{"background-color":"var(--ast-global-color-4)","background-image":"","background-repeat":"repeat","background-position":"center center","background-size":"auto","background-attachment":"scroll","background-type":"","background-media":"","overlay-type":"","overlay-color":"","overlay-opacity":"","overlay-gradient":""}}},"product_brand":[],"product_cat":[26],"product_tag":[],"class_list":{"0":"post-20176","1":"product","2":"type-product","3":"status-publish","4":"has-post-thumbnail","6":"product_cat-verslas-vadyba-ir-finansai","7":"desktop-align-left","8":"tablet-align-left","9":"mobile-align-left","11":"first","12":"instock","13":"shipping-taxable","14":"purchasable","15":"product-type-simple"},"acf":[],"yoast_head":"<!-- This site is optimized with the Yoast SEO plugin v27.0 - https:\/\/yoast.com\/product\/yoast-seo-wordpress\/ -->\n<title>Finansin\u0117 i\u0161mintis<\/title>\n<meta name=\"description\" content=\"Knyga vadovams apie tai, k\u0105 i\u0161 tikr\u0173j\u0173 rei\u0161kia skai\u010diai. Kaip suprasti finansus ir kas gl\u016bdi u\u017e j\u0173. Knygoje \u201eFinansin\u0117 i\u0161mintis\u201c autoriai pateikia finans\u0173\" \/>\n<meta name=\"robots\" content=\"index, follow, max-snippet:-1, max-image-preview:large, max-video-preview:-1\" \/>\n<link rel=\"canonical\" href=\"https:\/\/skaitytaknyga.lt\/en\/produktas\/finansine-ismintis\/\" \/>\n<meta property=\"og:locale\" content=\"en_GB\" \/>\n<meta property=\"og:locale:alternate\" content=\"lt_LT\" \/>\n<meta property=\"og:type\" content=\"article\" \/>\n<meta property=\"og:title\" content=\"Finansin\u0117 i\u0161mintis\" \/>\n<meta property=\"og:description\" content=\"Knyga vadovams apie tai, k\u0105 i\u0161 tikr\u0173j\u0173 rei\u0161kia skai\u010diai. Kaip suprasti finansus ir kas gl\u016bdi u\u017e j\u0173. Knygoje \u201eFinansin\u0117 i\u0161mintis\u201c autoriai pateikia finans\u0173\" \/>\n<meta property=\"og:url\" content=\"https:\/\/skaitytaknyga.lt\/en\/produktas\/finansine-ismintis\/\" \/>\n<meta property=\"og:site_name\" content=\"Skaitytaknyga\" \/>\n<meta property=\"article:publisher\" content=\"https:\/\/www.facebook.com\/skaitytaknyga\/\" \/>\n<meta property=\"article:modified_time\" content=\"2025-10-06T10:27:36+00:00\" \/>\n<meta property=\"og:image\" content=\"https:\/\/skaitytaknyga.lt\/wp-content\/uploads\/2025\/08\/Finansine-ismintis-1.webp\" \/>\n\t<meta property=\"og:image:width\" content=\"533\" \/>\n\t<meta property=\"og:image:height\" content=\"801\" \/>\n\t<meta property=\"og:image:type\" content=\"image\/webp\" \/>\n<meta name=\"twitter:card\" content=\"summary_large_image\" \/>\n<meta name=\"twitter:label1\" content=\"Estimated reading time\" \/>\n\t<meta name=\"twitter:data1\" content=\"2 minutes\" \/>\n<script type=\"application\/ld+json\" class=\"yoast-schema-graph\">{\"@context\":\"https:\/\/schema.org\",\"@graph\":[{\"@type\":\"WebPage\",\"@id\":\"https:\/\/skaitytaknyga.lt\/produktas\/finansine-ismintis\/\",\"url\":\"https:\/\/skaitytaknyga.lt\/produktas\/finansine-ismintis\/\",\"name\":\"Finansin\u0117 i\u0161mintis\",\"isPartOf\":{\"@id\":\"https:\/\/skaitytaknyga.lt\/#website\"},\"primaryImageOfPage\":{\"@id\":\"https:\/\/skaitytaknyga.lt\/produktas\/finansine-ismintis\/#primaryimage\"},\"image\":{\"@id\":\"https:\/\/skaitytaknyga.lt\/produktas\/finansine-ismintis\/#primaryimage\"},\"thumbnailUrl\":\"https:\/\/skaitytaknyga.lt\/wp-content\/uploads\/2025\/08\/Finansine-ismintis-1.webp\",\"datePublished\":\"2025-08-06T04:55:07+00:00\",\"dateModified\":\"2025-10-06T10:27:36+00:00\",\"description\":\"Knyga vadovams apie tai, k\u0105 i\u0161 tikr\u0173j\u0173 rei\u0161kia skai\u010diai. Kaip suprasti finansus ir kas gl\u016bdi u\u017e j\u0173. Knygoje \u201eFinansin\u0117 i\u0161mintis\u201c autoriai pateikia finans\u0173\",\"breadcrumb\":{\"@id\":\"https:\/\/skaitytaknyga.lt\/produktas\/finansine-ismintis\/#breadcrumb\"},\"inLanguage\":\"en-GB\",\"potentialAction\":[{\"@type\":\"ReadAction\",\"target\":[\"https:\/\/skaitytaknyga.lt\/produktas\/finansine-ismintis\/\"]}]},{\"@type\":\"ImageObject\",\"inLanguage\":\"en-GB\",\"@id\":\"https:\/\/skaitytaknyga.lt\/produktas\/finansine-ismintis\/#primaryimage\",\"url\":\"https:\/\/skaitytaknyga.lt\/wp-content\/uploads\/2025\/08\/Finansine-ismintis-1.webp\",\"contentUrl\":\"https:\/\/skaitytaknyga.lt\/wp-content\/uploads\/2025\/08\/Finansine-ismintis-1.webp\",\"width\":533,\"height\":801,\"caption\":\"Finansin\u0117 i\u0161mintis\"},{\"@type\":\"BreadcrumbList\",\"@id\":\"https:\/\/skaitytaknyga.lt\/produktas\/finansine-ismintis\/#breadcrumb\",\"itemListElement\":[{\"@type\":\"ListItem\",\"position\":1,\"name\":\"Home\",\"item\":\"https:\/\/skaitytaknyga.lt\/\"},{\"@type\":\"ListItem\",\"position\":2,\"name\":\"Parduotuv\u0117\",\"item\":\"https:\/\/skaitytaknyga.lt\/knygu-parduotuve\/\"},{\"@type\":\"ListItem\",\"position\":3,\"name\":\"Finansin\u0117 i\u0161mintis\"}]},{\"@type\":\"WebSite\",\"@id\":\"https:\/\/skaitytaknyga.lt\/#website\",\"url\":\"https:\/\/skaitytaknyga.lt\/\",\"name\":\"skaitytaknyga.lt\",\"description\":\"Skaitytaknyga.lt \u2013 tai ma\u017eas \u0161eimos verslas, kuris prasid\u0117jo nuo meil\u0117s knygoms ir siekio i\u0161gelb\u0117ti knygas nuo likimo prie konteinerio. Kas vienam nereikalingas daiktas \u2013 kitam lobis, o mes esame tarpininkai, kurie padeda abiems tapti laimingesniems ???? \u017dinome kaip nelengva i\u0161gyventi ma\u017eiems verslams, tad nuo \u0161iol, \u010dia rasite ir kit\u0173, ma\u017e\u0173 \u0161eim\u0173 versl\u0173, rank\u0173 darbo, dovan\u0173 sau ir artimiesiems.\",\"publisher\":{\"@id\":\"https:\/\/skaitytaknyga.lt\/#organization\"},\"potentialAction\":[{\"@type\":\"SearchAction\",\"target\":{\"@type\":\"EntryPoint\",\"urlTemplate\":\"https:\/\/skaitytaknyga.lt\/?s={search_term_string}\"},\"query-input\":{\"@type\":\"PropertyValueSpecification\",\"valueRequired\":true,\"valueName\":\"search_term_string\"}}],\"inLanguage\":\"en-GB\"},{\"@type\":\"Organization\",\"@id\":\"https:\/\/skaitytaknyga.lt\/#organization\",\"name\":\"skaitytaknyga.lt\",\"url\":\"https:\/\/skaitytaknyga.lt\/\",\"logo\":{\"@type\":\"ImageObject\",\"inLanguage\":\"en-GB\",\"@id\":\"https:\/\/skaitytaknyga.lt\/#\/schema\/logo\/image\/\",\"url\":\"https:\/\/skaitytaknyga.lt\/wp-content\/uploads\/2024\/05\/cropped-cropped-cropped-02_00843_jt3bggkj1j3HLc7SyY6rEUpg.jpeg\",\"contentUrl\":\"https:\/\/skaitytaknyga.lt\/wp-content\/uploads\/2024\/05\/cropped-cropped-cropped-02_00843_jt3bggkj1j3HLc7SyY6rEUpg.jpeg\",\"width\":1600,\"height\":1600,\"caption\":\"skaitytaknyga.lt\"},\"image\":{\"@id\":\"https:\/\/skaitytaknyga.lt\/#\/schema\/logo\/image\/\"},\"sameAs\":[\"https:\/\/www.facebook.com\/skaitytaknyga\/\"]}]}<\/script>\n<!-- \/ Yoast SEO plugin. -->","yoast_head_json":{"title":"Finansin\u0117 i\u0161mintis","description":"Knyga vadovams apie tai, k\u0105 i\u0161 tikr\u0173j\u0173 rei\u0161kia skai\u010diai. Kaip suprasti finansus ir kas gl\u016bdi u\u017e j\u0173. Knygoje \u201eFinansin\u0117 i\u0161mintis\u201c autoriai pateikia finans\u0173","robots":{"index":"index","follow":"follow","max-snippet":"max-snippet:-1","max-image-preview":"max-image-preview:large","max-video-preview":"max-video-preview:-1"},"canonical":"https:\/\/skaitytaknyga.lt\/en\/produktas\/finansine-ismintis\/","og_locale":"en_GB","og_type":"article","og_title":"[:lt]Finansin\u0117 i\u0161mintis[:] - Skaitytaknyga","og_description":"Knyga vadovams apie tai, k\u0105 i\u0161 tikr\u0173j\u0173 rei\u0161kia skai\u010diai. Kaip suprasti finansus ir kas gl\u016bdi u\u017e j\u0173. Knygoje \u201eFinansin\u0117 i\u0161mintis\u201c autoriai pateikia finans\u0173","og_url":"https:\/\/skaitytaknyga.lt\/en\/produktas\/finansine-ismintis\/","og_site_name":"Skaitytaknyga","article_publisher":"https:\/\/www.facebook.com\/skaitytaknyga\/","article_modified_time":"2025-10-06T10:27:36+00:00","og_image":[{"width":533,"height":801,"url":"https:\/\/skaitytaknyga.lt\/wp-content\/uploads\/2025\/08\/Finansine-ismintis-1.webp","type":"image\/webp"}],"twitter_card":"summary_large_image","twitter_misc":{"Estimated reading time":"2 minutes"},"schema":{"@context":"https:\/\/schema.org","@graph":[{"@type":"WebPage","@id":"https:\/\/skaitytaknyga.lt\/produktas\/finansine-ismintis\/","url":"https:\/\/skaitytaknyga.lt\/produktas\/finansine-ismintis\/","name":"Finansin\u0117 i\u0161mintis","isPartOf":{"@id":"https:\/\/skaitytaknyga.lt\/#website"},"primaryImageOfPage":{"@id":"https:\/\/skaitytaknyga.lt\/produktas\/finansine-ismintis\/#primaryimage"},"image":{"@id":"https:\/\/skaitytaknyga.lt\/produktas\/finansine-ismintis\/#primaryimage"},"thumbnailUrl":"https:\/\/skaitytaknyga.lt\/wp-content\/uploads\/2025\/08\/Finansine-ismintis-1.webp","datePublished":"2025-08-06T04:55:07+00:00","dateModified":"2025-10-06T10:27:36+00:00","description":"Knyga vadovams apie tai, k\u0105 i\u0161 tikr\u0173j\u0173 rei\u0161kia skai\u010diai. Kaip suprasti finansus ir kas gl\u016bdi u\u017e j\u0173. Knygoje \u201eFinansin\u0117 i\u0161mintis\u201c autoriai pateikia finans\u0173","breadcrumb":{"@id":"https:\/\/skaitytaknyga.lt\/produktas\/finansine-ismintis\/#breadcrumb"},"inLanguage":"en-GB","potentialAction":[{"@type":"ReadAction","target":["https:\/\/skaitytaknyga.lt\/produktas\/finansine-ismintis\/"]}]},{"@type":"ImageObject","inLanguage":"en-GB","@id":"https:\/\/skaitytaknyga.lt\/produktas\/finansine-ismintis\/#primaryimage","url":"https:\/\/skaitytaknyga.lt\/wp-content\/uploads\/2025\/08\/Finansine-ismintis-1.webp","contentUrl":"https:\/\/skaitytaknyga.lt\/wp-content\/uploads\/2025\/08\/Finansine-ismintis-1.webp","width":533,"height":801,"caption":"Finansin\u0117 i\u0161mintis"},{"@type":"BreadcrumbList","@id":"https:\/\/skaitytaknyga.lt\/produktas\/finansine-ismintis\/#breadcrumb","itemListElement":[{"@type":"ListItem","position":1,"name":"Home","item":"https:\/\/skaitytaknyga.lt\/"},{"@type":"ListItem","position":2,"name":"Parduotuv\u0117","item":"https:\/\/skaitytaknyga.lt\/knygu-parduotuve\/"},{"@type":"ListItem","position":3,"name":"Finansin\u0117 i\u0161mintis"}]},{"@type":"WebSite","@id":"https:\/\/skaitytaknyga.lt\/#website","url":"https:\/\/skaitytaknyga.lt\/","name":"skaitytaknyga.lt","description":"Skaitytaknyga.lt \u2013 tai ma\u017eas \u0161eimos verslas, kuris prasid\u0117jo nuo meil\u0117s knygoms ir siekio i\u0161gelb\u0117ti knygas nuo likimo prie konteinerio. Kas vienam nereikalingas daiktas \u2013 kitam lobis, o mes esame tarpininkai, kurie padeda abiems tapti laimingesniems ???? \u017dinome kaip nelengva i\u0161gyventi ma\u017eiems verslams, tad nuo \u0161iol, \u010dia rasite ir kit\u0173, ma\u017e\u0173 \u0161eim\u0173 versl\u0173, rank\u0173 darbo, dovan\u0173 sau ir artimiesiems.","publisher":{"@id":"https:\/\/skaitytaknyga.lt\/#organization"},"potentialAction":[{"@type":"SearchAction","target":{"@type":"EntryPoint","urlTemplate":"https:\/\/skaitytaknyga.lt\/?s={search_term_string}"},"query-input":{"@type":"PropertyValueSpecification","valueRequired":true,"valueName":"search_term_string"}}],"inLanguage":"en-GB"},{"@type":"Organization","@id":"https:\/\/skaitytaknyga.lt\/#organization","name":"skaitytaknyga.lt","url":"https:\/\/skaitytaknyga.lt\/","logo":{"@type":"ImageObject","inLanguage":"en-GB","@id":"https:\/\/skaitytaknyga.lt\/#\/schema\/logo\/image\/","url":"https:\/\/skaitytaknyga.lt\/wp-content\/uploads\/2024\/05\/cropped-cropped-cropped-02_00843_jt3bggkj1j3HLc7SyY6rEUpg.jpeg","contentUrl":"https:\/\/skaitytaknyga.lt\/wp-content\/uploads\/2024\/05\/cropped-cropped-cropped-02_00843_jt3bggkj1j3HLc7SyY6rEUpg.jpeg","width":1600,"height":1600,"caption":"skaitytaknyga.lt"},"image":{"@id":"https:\/\/skaitytaknyga.lt\/#\/schema\/logo\/image\/"},"sameAs":["https:\/\/www.facebook.com\/skaitytaknyga\/"]}]}},"_links":{"self":[{"href":"https:\/\/skaitytaknyga.lt\/en\/wp-json\/wp\/v2\/product\/20176","targetHints":{"allow":["GET"]}}],"collection":[{"href":"https:\/\/skaitytaknyga.lt\/en\/wp-json\/wp\/v2\/product"}],"about":[{"href":"https:\/\/skaitytaknyga.lt\/en\/wp-json\/wp\/v2\/types\/product"}],"replies":[{"embeddable":true,"href":"https:\/\/skaitytaknyga.lt\/en\/wp-json\/wp\/v2\/comments?post=20176"}],"wp:featuredmedia":[{"embeddable":true,"href":"https:\/\/skaitytaknyga.lt\/en\/wp-json\/wp\/v2\/media\/20182"}],"wp:attachment":[{"href":"https:\/\/skaitytaknyga.lt\/en\/wp-json\/wp\/v2\/media?parent=20176"}],"wp:term":[{"taxonomy":"product_brand","embeddable":true,"href":"https:\/\/skaitytaknyga.lt\/en\/wp-json\/wp\/v2\/product_brand?post=20176"},{"taxonomy":"product_cat","embeddable":true,"href":"https:\/\/skaitytaknyga.lt\/en\/wp-json\/wp\/v2\/product_cat?post=20176"},{"taxonomy":"product_tag","embeddable":true,"href":"https:\/\/skaitytaknyga.lt\/en\/wp-json\/wp\/v2\/product_tag?post=20176"}],"curies":[{"name":"wp","href":"https:\/\/api.w.org\/{rel}","templated":true}]}}