{"id":20172,"date":"2025-08-06T07:55:06","date_gmt":"2025-08-06T04:55:06","guid":{"rendered":"https:\/\/skaitytaknyga.lt\/?post_type=product&#038;p=20172"},"modified":"2025-09-27T18:59:37","modified_gmt":"2025-09-27T15:59:37","slug":"likimo-sroves","status":"publish","type":"product","link":"https:\/\/skaitytaknyga.lt\/en\/produktas\/likimo-sroves\/","title":{"rendered":"Likimo srov\u0117s"},"content":{"rendered":"<p>Profesorius habil. dr. Leonas A\u0161mantas, Pirmosios Vyriausyb\u0117s energetikos ministras, atskleid\u017eia sud\u0117ting\u0105 ir pain\u0173 problem\u0173 ir \u017emogi\u0161k\u0173 santyki\u0173 raizgin\u012f: 1990-1993 met\u0173 Vyriausybi\u0173 darbo u\u017ekulisius, politini\u0173 grupi\u0173 interesus, visuomen\u0117s susiskaldym\u0105. Skaitytojas, pajusdamas to meto politikuotoj\u0173 intrig\u0173 atmosfer\u0105, giliau supras ir \u0161iandienini\u0173 \u012fvyki\u0173 prasm\u0119 ir varom\u0105sias j\u0117gas.<br \/>\nTuo \u0161i knyga aktuali ypa\u010d \u0161iandien, kai sprend\u017eiamos Visagino AE statybos problemos, kai \u017emogi\u0161k\u0173j\u0173 santyki\u0173 \u012ftaka tur\u0117t\u0173 tik pad\u0117ti spr\u0119sti \u0161alies energetin\u0117s ir ekonomin\u0117s nepriklausomyb\u0117s u\u017edavinius.<\/p>\n","protected":false},"excerpt":{"rendered":"<p>Profesorius habil. dr. Leonas A\u0161mantas, Pirmosios Vyriausyb\u0117s energetikos ministras, atskleid\u017eia sud\u0117ting\u0105 ir pain\u0173 problem\u0173 ir \u017emogi\u0161k\u0173 santyki\u0173 raizgin\u012f: 1990-1993 met\u0173 Vyriausybi\u0173 darbo u\u017ekulisius, politini\u0173 grupi\u0173 interesus, visuomen\u0117s susiskaldym\u0105. Skaitytojas, pajusdamas to meto politikuotoj\u0173 intrig\u0173 atmosfer\u0105, giliau supras ir \u0161iandienini\u0173 \u012fvyki\u0173 prasm\u0119 ir varom\u0105sias j\u0117gas. Tuo \u0161i knyga aktuali ypa\u010d \u0161iandien, kai sprend\u017eiamos Visagino AE statybos problemos, kai \u017emogi\u0161k\u0173j\u0173 santyki\u0173 \u012ftaka tur\u0117t\u0173 tik pad\u0117ti spr\u0119sti \u0161alies energetin\u0117s ir ekonomin\u0117s nepriklausomyb\u0117s u\u017edavinius.<\/p>\n","protected":false},"featured_media":20177,"comment_status":"open","ping_status":"closed","template":"","meta":{"_acf_changed":false,"site-sidebar-layout":"default","site-content-layout":"","ast-site-content-layout":"default","site-content-style":"default","site-sidebar-style":"default","ast-global-header-display":"","ast-banner-title-visibility":"","ast-main-header-display":"","ast-hfb-above-header-display":"","ast-hfb-below-header-display":"","ast-hfb-mobile-header-display":"","site-post-title":"","ast-breadcrumbs-content":"","ast-featured-img":"","footer-sml-layout":"","ast-disable-related-posts":"","theme-transparent-header-meta":"","adv-header-id-meta":"","stick-header-meta":"","header-above-stick-meta":"","header-main-stick-meta":"","header-below-stick-meta":"","astra-migrate-meta-layouts":"default","ast-page-background-enabled":"default","ast-page-background-meta":{"desktop":{"background-color":"","background-image":"","background-repeat":"repeat","background-position":"center center","background-size":"auto","background-attachment":"scroll","background-type":"","background-media":"","overlay-type":"","overlay-color":"","overlay-opacity":"","overlay-gradient":""},"tablet":{"background-color":"","background-image":"","background-repeat":"repeat","background-position":"center center","background-size":"auto","background-attachment":"scroll","background-type":"","background-media":"","overlay-type":"","overlay-color":"","overlay-opacity":"","overlay-gradient":""},"mobile":{"background-color":"","background-image":"","background-repeat":"repeat","background-position":"center center","background-size":"auto","background-attachment":"scroll","background-type":"","background-media":"","overlay-type":"","overlay-color":"","overlay-opacity":"","overlay-gradient":""}},"ast-content-background-meta":{"desktop":{"background-color":"var(--ast-global-color-4)","background-image":"","background-repeat":"repeat","background-position":"center center","background-size":"auto","background-attachment":"scroll","background-type":"","background-media":"","overlay-type":"","overlay-color":"","overlay-opacity":"","overlay-gradient":""},"tablet":{"background-color":"var(--ast-global-color-4)","background-image":"","background-repeat":"repeat","background-position":"center center","background-size":"auto","background-attachment":"scroll","background-type":"","background-media":"","overlay-type":"","overlay-color":"","overlay-opacity":"","overlay-gradient":""},"mobile":{"background-color":"var(--ast-global-color-4)","background-image":"","background-repeat":"repeat","background-position":"center center","background-size":"auto","background-attachment":"scroll","background-type":"","background-media":"","overlay-type":"","overlay-color":"","overlay-opacity":"","overlay-gradient":""}}},"product_brand":[],"product_cat":[174],"product_tag":[],"class_list":{"0":"post-20172","1":"product","2":"type-product","3":"status-publish","4":"has-post-thumbnail","6":"product_cat-istorija-ir-politologija","7":"desktop-align-left","8":"tablet-align-left","9":"mobile-align-left","11":"first","12":"instock","13":"shipping-taxable","14":"purchasable","15":"product-type-simple"},"acf":[],"yoast_head":"<!-- This site is optimized with the Yoast SEO plugin v27.0 - https:\/\/yoast.com\/product\/yoast-seo-wordpress\/ -->\n<title>Likimo srov\u0117s<\/title>\n<meta name=\"description\" content=\"Profesorius habil. dr. Leonas A\u0161mantas, Pirmosios Vyriausyb\u0117s energetikos ministras, atskleid\u017eia sud\u0117ting\u0105 ir pain\u0173 problem\u0173 ir \u017emogi\u0161k\u0173 santyki\u0173\" \/>\n<meta name=\"robots\" content=\"index, follow, max-snippet:-1, max-image-preview:large, max-video-preview:-1\" \/>\n<link rel=\"canonical\" href=\"https:\/\/skaitytaknyga.lt\/en\/produktas\/likimo-sroves\/\" \/>\n<meta property=\"og:locale\" content=\"en_GB\" \/>\n<meta property=\"og:locale:alternate\" content=\"lt_LT\" \/>\n<meta property=\"og:type\" content=\"article\" \/>\n<meta property=\"og:title\" content=\"Likimo srov\u0117s\" \/>\n<meta property=\"og:description\" content=\"Profesorius habil. dr. Leonas A\u0161mantas, Pirmosios Vyriausyb\u0117s energetikos ministras, atskleid\u017eia sud\u0117ting\u0105 ir pain\u0173 problem\u0173 ir \u017emogi\u0161k\u0173 santyki\u0173\" \/>\n<meta property=\"og:url\" content=\"https:\/\/skaitytaknyga.lt\/en\/produktas\/likimo-sroves\/\" \/>\n<meta property=\"og:site_name\" content=\"Skaitytaknyga\" \/>\n<meta property=\"article:publisher\" content=\"https:\/\/www.facebook.com\/skaitytaknyga\/\" \/>\n<meta property=\"article:modified_time\" content=\"2025-09-27T15:59:37+00:00\" \/>\n<meta property=\"og:image\" content=\"https:\/\/skaitytaknyga.lt\/wp-content\/uploads\/2025\/08\/Likimo-sroves-1-e1754456323270.webp\" \/>\n\t<meta property=\"og:image:width\" content=\"476\" \/>\n\t<meta property=\"og:image:height\" content=\"722\" \/>\n\t<meta property=\"og:image:type\" content=\"image\/webp\" \/>\n<meta name=\"twitter:card\" content=\"summary_large_image\" \/>\n<script type=\"application\/ld+json\" class=\"yoast-schema-graph\">{\"@context\":\"https:\/\/schema.org\",\"@graph\":[{\"@type\":\"WebPage\",\"@id\":\"https:\/\/skaitytaknyga.lt\/produktas\/likimo-sroves\/\",\"url\":\"https:\/\/skaitytaknyga.lt\/produktas\/likimo-sroves\/\",\"name\":\"Likimo srov\u0117s\",\"isPartOf\":{\"@id\":\"https:\/\/skaitytaknyga.lt\/#website\"},\"primaryImageOfPage\":{\"@id\":\"https:\/\/skaitytaknyga.lt\/produktas\/likimo-sroves\/#primaryimage\"},\"image\":{\"@id\":\"https:\/\/skaitytaknyga.lt\/produktas\/likimo-sroves\/#primaryimage\"},\"thumbnailUrl\":\"https:\/\/skaitytaknyga.lt\/wp-content\/uploads\/2025\/08\/Likimo-sroves-1-e1754456323270.webp\",\"datePublished\":\"2025-08-06T04:55:06+00:00\",\"dateModified\":\"2025-09-27T15:59:37+00:00\",\"description\":\"Profesorius habil. dr. Leonas A\u0161mantas, Pirmosios Vyriausyb\u0117s energetikos ministras, atskleid\u017eia sud\u0117ting\u0105 ir pain\u0173 problem\u0173 ir \u017emogi\u0161k\u0173 santyki\u0173\",\"breadcrumb\":{\"@id\":\"https:\/\/skaitytaknyga.lt\/produktas\/likimo-sroves\/#breadcrumb\"},\"inLanguage\":\"en-GB\",\"potentialAction\":[{\"@type\":\"ReadAction\",\"target\":[\"https:\/\/skaitytaknyga.lt\/produktas\/likimo-sroves\/\"]}]},{\"@type\":\"ImageObject\",\"inLanguage\":\"en-GB\",\"@id\":\"https:\/\/skaitytaknyga.lt\/produktas\/likimo-sroves\/#primaryimage\",\"url\":\"https:\/\/skaitytaknyga.lt\/wp-content\/uploads\/2025\/08\/Likimo-sroves-1-e1754456323270.webp\",\"contentUrl\":\"https:\/\/skaitytaknyga.lt\/wp-content\/uploads\/2025\/08\/Likimo-sroves-1-e1754456323270.webp\",\"width\":476,\"height\":722,\"caption\":\"Likimo srov\u0117s\"},{\"@type\":\"BreadcrumbList\",\"@id\":\"https:\/\/skaitytaknyga.lt\/produktas\/likimo-sroves\/#breadcrumb\",\"itemListElement\":[{\"@type\":\"ListItem\",\"position\":1,\"name\":\"Home\",\"item\":\"https:\/\/skaitytaknyga.lt\/\"},{\"@type\":\"ListItem\",\"position\":2,\"name\":\"Parduotuv\u0117\",\"item\":\"https:\/\/skaitytaknyga.lt\/knygu-parduotuve\/\"},{\"@type\":\"ListItem\",\"position\":3,\"name\":\"Likimo srov\u0117s\"}]},{\"@type\":\"WebSite\",\"@id\":\"https:\/\/skaitytaknyga.lt\/#website\",\"url\":\"https:\/\/skaitytaknyga.lt\/\",\"name\":\"skaitytaknyga.lt\",\"description\":\"Skaitytaknyga.lt \u2013 tai ma\u017eas \u0161eimos verslas, kuris prasid\u0117jo nuo meil\u0117s knygoms ir siekio i\u0161gelb\u0117ti knygas nuo likimo prie konteinerio. Kas vienam nereikalingas daiktas \u2013 kitam lobis, o mes esame tarpininkai, kurie padeda abiems tapti laimingesniems ???? \u017dinome kaip nelengva i\u0161gyventi ma\u017eiems verslams, tad nuo \u0161iol, \u010dia rasite ir kit\u0173, ma\u017e\u0173 \u0161eim\u0173 versl\u0173, rank\u0173 darbo, dovan\u0173 sau ir artimiesiems.\",\"publisher\":{\"@id\":\"https:\/\/skaitytaknyga.lt\/#organization\"},\"potentialAction\":[{\"@type\":\"SearchAction\",\"target\":{\"@type\":\"EntryPoint\",\"urlTemplate\":\"https:\/\/skaitytaknyga.lt\/?s={search_term_string}\"},\"query-input\":{\"@type\":\"PropertyValueSpecification\",\"valueRequired\":true,\"valueName\":\"search_term_string\"}}],\"inLanguage\":\"en-GB\"},{\"@type\":\"Organization\",\"@id\":\"https:\/\/skaitytaknyga.lt\/#organization\",\"name\":\"skaitytaknyga.lt\",\"url\":\"https:\/\/skaitytaknyga.lt\/\",\"logo\":{\"@type\":\"ImageObject\",\"inLanguage\":\"en-GB\",\"@id\":\"https:\/\/skaitytaknyga.lt\/#\/schema\/logo\/image\/\",\"url\":\"https:\/\/skaitytaknyga.lt\/wp-content\/uploads\/2024\/05\/cropped-cropped-cropped-02_00843_jt3bggkj1j3HLc7SyY6rEUpg.jpeg\",\"contentUrl\":\"https:\/\/skaitytaknyga.lt\/wp-content\/uploads\/2024\/05\/cropped-cropped-cropped-02_00843_jt3bggkj1j3HLc7SyY6rEUpg.jpeg\",\"width\":1600,\"height\":1600,\"caption\":\"skaitytaknyga.lt\"},\"image\":{\"@id\":\"https:\/\/skaitytaknyga.lt\/#\/schema\/logo\/image\/\"},\"sameAs\":[\"https:\/\/www.facebook.com\/skaitytaknyga\/\"]}]}<\/script>\n<!-- \/ Yoast SEO plugin. -->","yoast_head_json":{"title":"Likimo srov\u0117s","description":"Profesorius habil. dr. Leonas A\u0161mantas, Pirmosios Vyriausyb\u0117s energetikos ministras, atskleid\u017eia sud\u0117ting\u0105 ir pain\u0173 problem\u0173 ir \u017emogi\u0161k\u0173 santyki\u0173","robots":{"index":"index","follow":"follow","max-snippet":"max-snippet:-1","max-image-preview":"max-image-preview:large","max-video-preview":"max-video-preview:-1"},"canonical":"https:\/\/skaitytaknyga.lt\/en\/produktas\/likimo-sroves\/","og_locale":"en_GB","og_type":"article","og_title":"[:lt]Likimo srov\u0117s[:] - Skaitytaknyga","og_description":"Profesorius habil. dr. Leonas A\u0161mantas, Pirmosios Vyriausyb\u0117s energetikos ministras, atskleid\u017eia sud\u0117ting\u0105 ir pain\u0173 problem\u0173 ir \u017emogi\u0161k\u0173 santyki\u0173","og_url":"https:\/\/skaitytaknyga.lt\/en\/produktas\/likimo-sroves\/","og_site_name":"Skaitytaknyga","article_publisher":"https:\/\/www.facebook.com\/skaitytaknyga\/","article_modified_time":"2025-09-27T15:59:37+00:00","og_image":[{"width":476,"height":722,"url":"https:\/\/skaitytaknyga.lt\/wp-content\/uploads\/2025\/08\/Likimo-sroves-1-e1754456323270.webp","type":"image\/webp"}],"twitter_card":"summary_large_image","schema":{"@context":"https:\/\/schema.org","@graph":[{"@type":"WebPage","@id":"https:\/\/skaitytaknyga.lt\/produktas\/likimo-sroves\/","url":"https:\/\/skaitytaknyga.lt\/produktas\/likimo-sroves\/","name":"Likimo srov\u0117s","isPartOf":{"@id":"https:\/\/skaitytaknyga.lt\/#website"},"primaryImageOfPage":{"@id":"https:\/\/skaitytaknyga.lt\/produktas\/likimo-sroves\/#primaryimage"},"image":{"@id":"https:\/\/skaitytaknyga.lt\/produktas\/likimo-sroves\/#primaryimage"},"thumbnailUrl":"https:\/\/skaitytaknyga.lt\/wp-content\/uploads\/2025\/08\/Likimo-sroves-1-e1754456323270.webp","datePublished":"2025-08-06T04:55:06+00:00","dateModified":"2025-09-27T15:59:37+00:00","description":"Profesorius habil. dr. Leonas A\u0161mantas, Pirmosios Vyriausyb\u0117s energetikos ministras, atskleid\u017eia sud\u0117ting\u0105 ir pain\u0173 problem\u0173 ir \u017emogi\u0161k\u0173 santyki\u0173","breadcrumb":{"@id":"https:\/\/skaitytaknyga.lt\/produktas\/likimo-sroves\/#breadcrumb"},"inLanguage":"en-GB","potentialAction":[{"@type":"ReadAction","target":["https:\/\/skaitytaknyga.lt\/produktas\/likimo-sroves\/"]}]},{"@type":"ImageObject","inLanguage":"en-GB","@id":"https:\/\/skaitytaknyga.lt\/produktas\/likimo-sroves\/#primaryimage","url":"https:\/\/skaitytaknyga.lt\/wp-content\/uploads\/2025\/08\/Likimo-sroves-1-e1754456323270.webp","contentUrl":"https:\/\/skaitytaknyga.lt\/wp-content\/uploads\/2025\/08\/Likimo-sroves-1-e1754456323270.webp","width":476,"height":722,"caption":"Likimo srov\u0117s"},{"@type":"BreadcrumbList","@id":"https:\/\/skaitytaknyga.lt\/produktas\/likimo-sroves\/#breadcrumb","itemListElement":[{"@type":"ListItem","position":1,"name":"Home","item":"https:\/\/skaitytaknyga.lt\/"},{"@type":"ListItem","position":2,"name":"Parduotuv\u0117","item":"https:\/\/skaitytaknyga.lt\/knygu-parduotuve\/"},{"@type":"ListItem","position":3,"name":"Likimo srov\u0117s"}]},{"@type":"WebSite","@id":"https:\/\/skaitytaknyga.lt\/#website","url":"https:\/\/skaitytaknyga.lt\/","name":"skaitytaknyga.lt","description":"Skaitytaknyga.lt \u2013 tai ma\u017eas \u0161eimos verslas, kuris prasid\u0117jo nuo meil\u0117s knygoms ir siekio i\u0161gelb\u0117ti knygas nuo likimo prie konteinerio. Kas vienam nereikalingas daiktas \u2013 kitam lobis, o mes esame tarpininkai, kurie padeda abiems tapti laimingesniems ???? \u017dinome kaip nelengva i\u0161gyventi ma\u017eiems verslams, tad nuo \u0161iol, \u010dia rasite ir kit\u0173, ma\u017e\u0173 \u0161eim\u0173 versl\u0173, rank\u0173 darbo, dovan\u0173 sau ir artimiesiems.","publisher":{"@id":"https:\/\/skaitytaknyga.lt\/#organization"},"potentialAction":[{"@type":"SearchAction","target":{"@type":"EntryPoint","urlTemplate":"https:\/\/skaitytaknyga.lt\/?s={search_term_string}"},"query-input":{"@type":"PropertyValueSpecification","valueRequired":true,"valueName":"search_term_string"}}],"inLanguage":"en-GB"},{"@type":"Organization","@id":"https:\/\/skaitytaknyga.lt\/#organization","name":"skaitytaknyga.lt","url":"https:\/\/skaitytaknyga.lt\/","logo":{"@type":"ImageObject","inLanguage":"en-GB","@id":"https:\/\/skaitytaknyga.lt\/#\/schema\/logo\/image\/","url":"https:\/\/skaitytaknyga.lt\/wp-content\/uploads\/2024\/05\/cropped-cropped-cropped-02_00843_jt3bggkj1j3HLc7SyY6rEUpg.jpeg","contentUrl":"https:\/\/skaitytaknyga.lt\/wp-content\/uploads\/2024\/05\/cropped-cropped-cropped-02_00843_jt3bggkj1j3HLc7SyY6rEUpg.jpeg","width":1600,"height":1600,"caption":"skaitytaknyga.lt"},"image":{"@id":"https:\/\/skaitytaknyga.lt\/#\/schema\/logo\/image\/"},"sameAs":["https:\/\/www.facebook.com\/skaitytaknyga\/"]}]}},"_links":{"self":[{"href":"https:\/\/skaitytaknyga.lt\/en\/wp-json\/wp\/v2\/product\/20172","targetHints":{"allow":["GET"]}}],"collection":[{"href":"https:\/\/skaitytaknyga.lt\/en\/wp-json\/wp\/v2\/product"}],"about":[{"href":"https:\/\/skaitytaknyga.lt\/en\/wp-json\/wp\/v2\/types\/product"}],"replies":[{"embeddable":true,"href":"https:\/\/skaitytaknyga.lt\/en\/wp-json\/wp\/v2\/comments?post=20172"}],"wp:featuredmedia":[{"embeddable":true,"href":"https:\/\/skaitytaknyga.lt\/en\/wp-json\/wp\/v2\/media\/20177"}],"wp:attachment":[{"href":"https:\/\/skaitytaknyga.lt\/en\/wp-json\/wp\/v2\/media?parent=20172"}],"wp:term":[{"taxonomy":"product_brand","embeddable":true,"href":"https:\/\/skaitytaknyga.lt\/en\/wp-json\/wp\/v2\/product_brand?post=20172"},{"taxonomy":"product_cat","embeddable":true,"href":"https:\/\/skaitytaknyga.lt\/en\/wp-json\/wp\/v2\/product_cat?post=20172"},{"taxonomy":"product_tag","embeddable":true,"href":"https:\/\/skaitytaknyga.lt\/en\/wp-json\/wp\/v2\/product_tag?post=20172"}],"curies":[{"name":"wp","href":"https:\/\/api.w.org\/{rel}","templated":true}]}}