{"id":20162,"date":"2025-08-01T13:16:04","date_gmt":"2025-08-01T10:16:04","guid":{"rendered":"https:\/\/skaitytaknyga.lt\/?post_type=product&#038;p=20162"},"modified":"2025-09-27T18:56:14","modified_gmt":"2025-09-27T15:56:14","slug":"paikas-funius-2","status":"publish","type":"product","link":"https:\/\/skaitytaknyga.lt\/en\/produktas\/paikas-funius-2\/","title":{"rendered":"Paikas funius"},"content":{"rendered":"<p>\u2013 Pa\u017evelk \u012f j\u012f, \u2013 Nuobodulys parod\u0117 \u012f po antklode gulint\u012f berniuk\u0105.<br \/>\n\u2013 Matau. Jam baisiai nuobodu.<br \/>\n\u2013 Taigi. Atmink: sergantiems vaikams visada, i\u0161imtinai visada labai nuobodu. Tada jiems padedu, \u2013 Gai\u0161lys Nuobodulys d\u017eiugiai patryn\u0117 rankas ir \u0117m\u0117 dar smarkiau varyti nuobodul\u012f. Jis labai m\u0117go pad\u0117ti.<br \/>\nAr \u017einojai, kad \u0161alia gyvena paslaptingi ma\u017ei padar\u0117liai, kurie labai nori tau pad\u0117ti? Jie nuolat r\u016bpinasi, kad sumu\u0161tiniai krist\u0173 sviestu \u012f apa\u010di\u0105, u\u017ekliudytos vazos sudu\u017et\u0173, o m\u0117gstami \u017eaislai kartais sugest\u0173. Juk \u017emon\u0117ms reikia duoti b\u016btent tai, ko jie tikisi!<br \/>\nPaikas Funius \u2013 kaip tik toks padar\u0117lis. Jis irgi labai trok\u0161ta b\u016bti naudingas. Tik niekaip nesugalvoja, k\u0105 gal\u0117t\u0173 nuveikti.<br \/>\nKiekvienuose namuose gyvena daugyb\u0117 keist\u0173 padar\u0117li\u0173, kurie nuolat stengiasi visaip pagelb\u0117ti \u017emon\u0117ms. Vieni pradangina kojines, kiti padeda atrasti pamestas sagas, dar kiti vaiko pauk\u0161\u010dius ar sergantiems vaikams \u012fnirtingai varo nuobodul\u012f. Tik vienas Funius dar nerado savo pa\u0161aukimo. Nuotaikingoje istorijoje jaunesnio mokyklinio am\u017eiaus vaikams pasakojama, kaip ma\u017easis Funius ie\u0161kojo, kuo gal\u0117t\u0173 b\u016bti naudingas \u017emon\u0117ms.<br \/>\nLenk\u0173 ra\u0161ytojas ir \u017eurnalistas Jerzy A. Wlaz\u0142o myli kates ir v\u0117\u017elius, m\u0117gsta klausytis muzikos, gerti gr\u016bd\u0173 kav\u0105 su kardamonu ir lankytis muziejuose. Knyg\u0105 spalvotomis iliustracijomis papuo\u0161\u0117 lenk\u0173 dailinink\u0117 Gra\u017cyna Rigall. Kai netapo, ji gamina l\u0117les ir taip pat labai myli kates.<\/p>\n","protected":false},"excerpt":{"rendered":"<p>\u2013 Pa\u017evelk \u012f j\u012f, \u2013 Nuobodulys parod\u0117 \u012f po antklode gulint\u012f berniuk\u0105. \u2013 Matau. Jam baisiai nuobodu. \u2013 Taigi. Atmink: sergantiems vaikams visada, i\u0161imtinai visada labai nuobodu. Tada jiems padedu, \u2013 Gai\u0161lys Nuobodulys d\u017eiugiai patryn\u0117 rankas ir \u0117m\u0117 dar smarkiau varyti nuobodul\u012f. Jis labai m\u0117go pad\u0117ti. Ar \u017einojai, kad \u0161alia gyvena paslaptingi ma\u017ei padar\u0117liai, kurie labai nori tau pad\u0117ti? Jie nuolat r\u016bpinasi, kad sumu\u0161tiniai krist\u0173 sviestu \u012f apa\u010di\u0105, u\u017ekliudytos vazos sudu\u017et\u0173, o m\u0117gstami \u017eaislai kartais sugest\u0173. Juk \u017emon\u0117ms reikia duoti b\u016btent tai, ko jie tikisi! Paikas Funius \u2013 kaip tik toks padar\u0117lis. Jis irgi labai trok\u0161ta b\u016bti naudingas. Tik niekaip nesugalvoja, k\u0105 gal\u0117t\u0173 nuveikti. Kiekvienuose namuose gyvena daugyb\u0117 keist\u0173 padar\u0117li\u0173, kurie nuolat stengiasi visaip pagelb\u0117ti \u017emon\u0117ms. Vieni pradangina kojines, kiti padeda atrasti pamestas sagas, dar kiti vaiko pauk\u0161\u010dius ar sergantiems vaikams \u012fnirtingai varo nuobodul\u012f. Tik vienas Funius dar nerado savo pa\u0161aukimo. Nuotaikingoje istorijoje jaunesnio mokyklinio am\u017eiaus vaikams pasakojama, kaip ma\u017easis Funius ie\u0161kojo, kuo gal\u0117t\u0173 b\u016bti naudingas \u017emon\u0117ms. Lenk\u0173 ra\u0161ytojas ir \u017eurnalistas Jerzy A. Wlaz\u0142o myli kates ir v\u0117\u017elius, m\u0117gsta klausytis muzikos, gerti gr\u016bd\u0173 kav\u0105 su kardamonu ir lankytis muziejuose. Knyg\u0105 spalvotomis iliustracijomis papuo\u0161\u0117 lenk\u0173 dailinink\u0117 Gra\u017cyna Rigall. Kai netapo, ji gamina l\u0117les ir taip pat labai myli kates.<\/p>\n","protected":false},"featured_media":20163,"comment_status":"open","ping_status":"closed","template":"","meta":{"_acf_changed":false,"site-sidebar-layout":"default","site-content-layout":"","ast-site-content-layout":"default","site-content-style":"default","site-sidebar-style":"default","ast-global-header-display":"","ast-banner-title-visibility":"","ast-main-header-display":"","ast-hfb-above-header-display":"","ast-hfb-below-header-display":"","ast-hfb-mobile-header-display":"","site-post-title":"","ast-breadcrumbs-content":"","ast-featured-img":"","footer-sml-layout":"","ast-disable-related-posts":"","theme-transparent-header-meta":"","adv-header-id-meta":"","stick-header-meta":"","header-above-stick-meta":"","header-main-stick-meta":"","header-below-stick-meta":"","astra-migrate-meta-layouts":"default","ast-page-background-enabled":"default","ast-page-background-meta":{"desktop":{"background-color":"","background-image":"","background-repeat":"repeat","background-position":"center center","background-size":"auto","background-attachment":"scroll","background-type":"","background-media":"","overlay-type":"","overlay-color":"","overlay-opacity":"","overlay-gradient":""},"tablet":{"background-color":"","background-image":"","background-repeat":"repeat","background-position":"center center","background-size":"auto","background-attachment":"scroll","background-type":"","background-media":"","overlay-type":"","overlay-color":"","overlay-opacity":"","overlay-gradient":""},"mobile":{"background-color":"","background-image":"","background-repeat":"repeat","background-position":"center center","background-size":"auto","background-attachment":"scroll","background-type":"","background-media":"","overlay-type":"","overlay-color":"","overlay-opacity":"","overlay-gradient":""}},"ast-content-background-meta":{"desktop":{"background-color":"var(--ast-global-color-4)","background-image":"","background-repeat":"repeat","background-position":"center center","background-size":"auto","background-attachment":"scroll","background-type":"","background-media":"","overlay-type":"","overlay-color":"","overlay-opacity":"","overlay-gradient":""},"tablet":{"background-color":"var(--ast-global-color-4)","background-image":"","background-repeat":"repeat","background-position":"center center","background-size":"auto","background-attachment":"scroll","background-type":"","background-media":"","overlay-type":"","overlay-color":"","overlay-opacity":"","overlay-gradient":""},"mobile":{"background-color":"var(--ast-global-color-4)","background-image":"","background-repeat":"repeat","background-position":"center center","background-size":"auto","background-attachment":"scroll","background-type":"","background-media":"","overlay-type":"","overlay-color":"","overlay-opacity":"","overlay-gradient":""}}},"product_brand":[],"product_cat":[35],"product_tag":[],"class_list":{"0":"post-20162","1":"product","2":"type-product","3":"status-publish","4":"has-post-thumbnail","6":"product_cat-vaikams-ir-paaugliams","7":"desktop-align-left","8":"tablet-align-left","9":"mobile-align-left","11":"first","12":"instock","13":"shipping-taxable","14":"purchasable","15":"product-type-simple"},"acf":[],"yoast_head":"<!-- This site is optimized with the Yoast SEO plugin v27.0 - https:\/\/yoast.com\/product\/yoast-seo-wordpress\/ -->\n<title>Paikas funius<\/title>\n<meta name=\"description\" content=\"\u2013 Pa\u017evelk \u012f j\u012f, \u2013 Nuobodulys parod\u0117 \u012f po antklode gulint\u012f berniuk\u0105. \u2013 Matau. Jam baisiai nuobodu. \u2013 Taigi. Atmink: sergantiems vaikams visada, i\u0161imtinai\" \/>\n<meta name=\"robots\" content=\"index, follow, max-snippet:-1, max-image-preview:large, max-video-preview:-1\" \/>\n<link rel=\"canonical\" href=\"https:\/\/skaitytaknyga.lt\/en\/produktas\/paikas-funius-2\/\" \/>\n<meta property=\"og:locale\" content=\"en_GB\" \/>\n<meta property=\"og:locale:alternate\" content=\"lt_LT\" \/>\n<meta property=\"og:type\" content=\"article\" \/>\n<meta property=\"og:title\" content=\"Paikas funius\" \/>\n<meta property=\"og:description\" content=\"\u2013 Pa\u017evelk \u012f j\u012f, \u2013 Nuobodulys parod\u0117 \u012f po antklode gulint\u012f berniuk\u0105. \u2013 Matau. Jam baisiai nuobodu. \u2013 Taigi. Atmink: sergantiems vaikams visada, i\u0161imtinai\" \/>\n<meta property=\"og:url\" content=\"https:\/\/skaitytaknyga.lt\/en\/produktas\/paikas-funius-2\/\" \/>\n<meta property=\"og:site_name\" content=\"Skaitytaknyga\" \/>\n<meta property=\"article:publisher\" content=\"https:\/\/www.facebook.com\/skaitytaknyga\/\" \/>\n<meta property=\"article:modified_time\" content=\"2025-09-27T15:56:14+00:00\" \/>\n<meta property=\"og:image\" content=\"https:\/\/skaitytaknyga.lt\/wp-content\/uploads\/2025\/08\/paikas-funius.jpg\" \/>\n\t<meta property=\"og:image:width\" content=\"252\" \/>\n\t<meta property=\"og:image:height\" content=\"332\" \/>\n\t<meta property=\"og:image:type\" content=\"image\/jpeg\" \/>\n<meta name=\"twitter:card\" content=\"summary_large_image\" \/>\n<meta name=\"twitter:label1\" content=\"Estimated reading time\" \/>\n\t<meta name=\"twitter:data1\" content=\"1 minute\" \/>\n<script type=\"application\/ld+json\" class=\"yoast-schema-graph\">{\"@context\":\"https:\/\/schema.org\",\"@graph\":[{\"@type\":\"WebPage\",\"@id\":\"https:\/\/skaitytaknyga.lt\/produktas\/paikas-funius-2\/\",\"url\":\"https:\/\/skaitytaknyga.lt\/produktas\/paikas-funius-2\/\",\"name\":\"Paikas funius\",\"isPartOf\":{\"@id\":\"https:\/\/skaitytaknyga.lt\/#website\"},\"primaryImageOfPage\":{\"@id\":\"https:\/\/skaitytaknyga.lt\/produktas\/paikas-funius-2\/#primaryimage\"},\"image\":{\"@id\":\"https:\/\/skaitytaknyga.lt\/produktas\/paikas-funius-2\/#primaryimage\"},\"thumbnailUrl\":\"https:\/\/skaitytaknyga.lt\/wp-content\/uploads\/2025\/08\/paikas-funius.jpg\",\"datePublished\":\"2025-08-01T10:16:04+00:00\",\"dateModified\":\"2025-09-27T15:56:14+00:00\",\"description\":\"\u2013 Pa\u017evelk \u012f j\u012f, \u2013 Nuobodulys parod\u0117 \u012f po antklode gulint\u012f berniuk\u0105. \u2013 Matau. Jam baisiai nuobodu. \u2013 Taigi. Atmink: sergantiems vaikams visada, i\u0161imtinai\",\"breadcrumb\":{\"@id\":\"https:\/\/skaitytaknyga.lt\/produktas\/paikas-funius-2\/#breadcrumb\"},\"inLanguage\":\"en-GB\",\"potentialAction\":[{\"@type\":\"ReadAction\",\"target\":[\"https:\/\/skaitytaknyga.lt\/produktas\/paikas-funius-2\/\"]}]},{\"@type\":\"ImageObject\",\"inLanguage\":\"en-GB\",\"@id\":\"https:\/\/skaitytaknyga.lt\/produktas\/paikas-funius-2\/#primaryimage\",\"url\":\"https:\/\/skaitytaknyga.lt\/wp-content\/uploads\/2025\/08\/paikas-funius.jpg\",\"contentUrl\":\"https:\/\/skaitytaknyga.lt\/wp-content\/uploads\/2025\/08\/paikas-funius.jpg\",\"width\":252,\"height\":332},{\"@type\":\"BreadcrumbList\",\"@id\":\"https:\/\/skaitytaknyga.lt\/produktas\/paikas-funius-2\/#breadcrumb\",\"itemListElement\":[{\"@type\":\"ListItem\",\"position\":1,\"name\":\"Home\",\"item\":\"https:\/\/skaitytaknyga.lt\/\"},{\"@type\":\"ListItem\",\"position\":2,\"name\":\"Parduotuv\u0117\",\"item\":\"https:\/\/skaitytaknyga.lt\/knygu-parduotuve\/\"},{\"@type\":\"ListItem\",\"position\":3,\"name\":\"Paikas funius\"}]},{\"@type\":\"WebSite\",\"@id\":\"https:\/\/skaitytaknyga.lt\/#website\",\"url\":\"https:\/\/skaitytaknyga.lt\/\",\"name\":\"skaitytaknyga.lt\",\"description\":\"Skaitytaknyga.lt \u2013 tai ma\u017eas \u0161eimos verslas, kuris prasid\u0117jo nuo meil\u0117s knygoms ir siekio i\u0161gelb\u0117ti knygas nuo likimo prie konteinerio. Kas vienam nereikalingas daiktas \u2013 kitam lobis, o mes esame tarpininkai, kurie padeda abiems tapti laimingesniems ???? \u017dinome kaip nelengva i\u0161gyventi ma\u017eiems verslams, tad nuo \u0161iol, \u010dia rasite ir kit\u0173, ma\u017e\u0173 \u0161eim\u0173 versl\u0173, rank\u0173 darbo, dovan\u0173 sau ir artimiesiems.\",\"publisher\":{\"@id\":\"https:\/\/skaitytaknyga.lt\/#organization\"},\"potentialAction\":[{\"@type\":\"SearchAction\",\"target\":{\"@type\":\"EntryPoint\",\"urlTemplate\":\"https:\/\/skaitytaknyga.lt\/?s={search_term_string}\"},\"query-input\":{\"@type\":\"PropertyValueSpecification\",\"valueRequired\":true,\"valueName\":\"search_term_string\"}}],\"inLanguage\":\"en-GB\"},{\"@type\":\"Organization\",\"@id\":\"https:\/\/skaitytaknyga.lt\/#organization\",\"name\":\"skaitytaknyga.lt\",\"url\":\"https:\/\/skaitytaknyga.lt\/\",\"logo\":{\"@type\":\"ImageObject\",\"inLanguage\":\"en-GB\",\"@id\":\"https:\/\/skaitytaknyga.lt\/#\/schema\/logo\/image\/\",\"url\":\"https:\/\/skaitytaknyga.lt\/wp-content\/uploads\/2024\/05\/cropped-cropped-cropped-02_00843_jt3bggkj1j3HLc7SyY6rEUpg.jpeg\",\"contentUrl\":\"https:\/\/skaitytaknyga.lt\/wp-content\/uploads\/2024\/05\/cropped-cropped-cropped-02_00843_jt3bggkj1j3HLc7SyY6rEUpg.jpeg\",\"width\":1600,\"height\":1600,\"caption\":\"skaitytaknyga.lt\"},\"image\":{\"@id\":\"https:\/\/skaitytaknyga.lt\/#\/schema\/logo\/image\/\"},\"sameAs\":[\"https:\/\/www.facebook.com\/skaitytaknyga\/\"]}]}<\/script>\n<!-- \/ Yoast SEO plugin. -->","yoast_head_json":{"title":"Paikas funius","description":"\u2013 Pa\u017evelk \u012f j\u012f, \u2013 Nuobodulys parod\u0117 \u012f po antklode gulint\u012f berniuk\u0105. \u2013 Matau. Jam baisiai nuobodu. \u2013 Taigi. Atmink: sergantiems vaikams visada, i\u0161imtinai","robots":{"index":"index","follow":"follow","max-snippet":"max-snippet:-1","max-image-preview":"max-image-preview:large","max-video-preview":"max-video-preview:-1"},"canonical":"https:\/\/skaitytaknyga.lt\/en\/produktas\/paikas-funius-2\/","og_locale":"en_GB","og_type":"article","og_title":"[:lt]Paikas funius[:] - Skaitytaknyga","og_description":"\u2013 Pa\u017evelk \u012f j\u012f, \u2013 Nuobodulys parod\u0117 \u012f po antklode gulint\u012f berniuk\u0105. \u2013 Matau. Jam baisiai nuobodu. \u2013 Taigi. Atmink: sergantiems vaikams visada, i\u0161imtinai","og_url":"https:\/\/skaitytaknyga.lt\/en\/produktas\/paikas-funius-2\/","og_site_name":"Skaitytaknyga","article_publisher":"https:\/\/www.facebook.com\/skaitytaknyga\/","article_modified_time":"2025-09-27T15:56:14+00:00","og_image":[{"width":252,"height":332,"url":"https:\/\/skaitytaknyga.lt\/wp-content\/uploads\/2025\/08\/paikas-funius.jpg","type":"image\/jpeg"}],"twitter_card":"summary_large_image","twitter_misc":{"Estimated reading time":"1 minute"},"schema":{"@context":"https:\/\/schema.org","@graph":[{"@type":"WebPage","@id":"https:\/\/skaitytaknyga.lt\/produktas\/paikas-funius-2\/","url":"https:\/\/skaitytaknyga.lt\/produktas\/paikas-funius-2\/","name":"Paikas funius","isPartOf":{"@id":"https:\/\/skaitytaknyga.lt\/#website"},"primaryImageOfPage":{"@id":"https:\/\/skaitytaknyga.lt\/produktas\/paikas-funius-2\/#primaryimage"},"image":{"@id":"https:\/\/skaitytaknyga.lt\/produktas\/paikas-funius-2\/#primaryimage"},"thumbnailUrl":"https:\/\/skaitytaknyga.lt\/wp-content\/uploads\/2025\/08\/paikas-funius.jpg","datePublished":"2025-08-01T10:16:04+00:00","dateModified":"2025-09-27T15:56:14+00:00","description":"\u2013 Pa\u017evelk \u012f j\u012f, \u2013 Nuobodulys parod\u0117 \u012f po antklode gulint\u012f berniuk\u0105. \u2013 Matau. Jam baisiai nuobodu. \u2013 Taigi. Atmink: sergantiems vaikams visada, i\u0161imtinai","breadcrumb":{"@id":"https:\/\/skaitytaknyga.lt\/produktas\/paikas-funius-2\/#breadcrumb"},"inLanguage":"en-GB","potentialAction":[{"@type":"ReadAction","target":["https:\/\/skaitytaknyga.lt\/produktas\/paikas-funius-2\/"]}]},{"@type":"ImageObject","inLanguage":"en-GB","@id":"https:\/\/skaitytaknyga.lt\/produktas\/paikas-funius-2\/#primaryimage","url":"https:\/\/skaitytaknyga.lt\/wp-content\/uploads\/2025\/08\/paikas-funius.jpg","contentUrl":"https:\/\/skaitytaknyga.lt\/wp-content\/uploads\/2025\/08\/paikas-funius.jpg","width":252,"height":332},{"@type":"BreadcrumbList","@id":"https:\/\/skaitytaknyga.lt\/produktas\/paikas-funius-2\/#breadcrumb","itemListElement":[{"@type":"ListItem","position":1,"name":"Home","item":"https:\/\/skaitytaknyga.lt\/"},{"@type":"ListItem","position":2,"name":"Parduotuv\u0117","item":"https:\/\/skaitytaknyga.lt\/knygu-parduotuve\/"},{"@type":"ListItem","position":3,"name":"Paikas funius"}]},{"@type":"WebSite","@id":"https:\/\/skaitytaknyga.lt\/#website","url":"https:\/\/skaitytaknyga.lt\/","name":"skaitytaknyga.lt","description":"Skaitytaknyga.lt \u2013 tai ma\u017eas \u0161eimos verslas, kuris prasid\u0117jo nuo meil\u0117s knygoms ir siekio i\u0161gelb\u0117ti knygas nuo likimo prie konteinerio. Kas vienam nereikalingas daiktas \u2013 kitam lobis, o mes esame tarpininkai, kurie padeda abiems tapti laimingesniems ???? \u017dinome kaip nelengva i\u0161gyventi ma\u017eiems verslams, tad nuo \u0161iol, \u010dia rasite ir kit\u0173, ma\u017e\u0173 \u0161eim\u0173 versl\u0173, rank\u0173 darbo, dovan\u0173 sau ir artimiesiems.","publisher":{"@id":"https:\/\/skaitytaknyga.lt\/#organization"},"potentialAction":[{"@type":"SearchAction","target":{"@type":"EntryPoint","urlTemplate":"https:\/\/skaitytaknyga.lt\/?s={search_term_string}"},"query-input":{"@type":"PropertyValueSpecification","valueRequired":true,"valueName":"search_term_string"}}],"inLanguage":"en-GB"},{"@type":"Organization","@id":"https:\/\/skaitytaknyga.lt\/#organization","name":"skaitytaknyga.lt","url":"https:\/\/skaitytaknyga.lt\/","logo":{"@type":"ImageObject","inLanguage":"en-GB","@id":"https:\/\/skaitytaknyga.lt\/#\/schema\/logo\/image\/","url":"https:\/\/skaitytaknyga.lt\/wp-content\/uploads\/2024\/05\/cropped-cropped-cropped-02_00843_jt3bggkj1j3HLc7SyY6rEUpg.jpeg","contentUrl":"https:\/\/skaitytaknyga.lt\/wp-content\/uploads\/2024\/05\/cropped-cropped-cropped-02_00843_jt3bggkj1j3HLc7SyY6rEUpg.jpeg","width":1600,"height":1600,"caption":"skaitytaknyga.lt"},"image":{"@id":"https:\/\/skaitytaknyga.lt\/#\/schema\/logo\/image\/"},"sameAs":["https:\/\/www.facebook.com\/skaitytaknyga\/"]}]}},"_links":{"self":[{"href":"https:\/\/skaitytaknyga.lt\/en\/wp-json\/wp\/v2\/product\/20162","targetHints":{"allow":["GET"]}}],"collection":[{"href":"https:\/\/skaitytaknyga.lt\/en\/wp-json\/wp\/v2\/product"}],"about":[{"href":"https:\/\/skaitytaknyga.lt\/en\/wp-json\/wp\/v2\/types\/product"}],"replies":[{"embeddable":true,"href":"https:\/\/skaitytaknyga.lt\/en\/wp-json\/wp\/v2\/comments?post=20162"}],"wp:featuredmedia":[{"embeddable":true,"href":"https:\/\/skaitytaknyga.lt\/en\/wp-json\/wp\/v2\/media\/20163"}],"wp:attachment":[{"href":"https:\/\/skaitytaknyga.lt\/en\/wp-json\/wp\/v2\/media?parent=20162"}],"wp:term":[{"taxonomy":"product_brand","embeddable":true,"href":"https:\/\/skaitytaknyga.lt\/en\/wp-json\/wp\/v2\/product_brand?post=20162"},{"taxonomy":"product_cat","embeddable":true,"href":"https:\/\/skaitytaknyga.lt\/en\/wp-json\/wp\/v2\/product_cat?post=20162"},{"taxonomy":"product_tag","embeddable":true,"href":"https:\/\/skaitytaknyga.lt\/en\/wp-json\/wp\/v2\/product_tag?post=20162"}],"curies":[{"name":"wp","href":"https:\/\/api.w.org\/{rel}","templated":true}]}}