{"id":20155,"date":"2025-08-01T13:09:02","date_gmt":"2025-08-01T10:09:02","guid":{"rendered":"https:\/\/skaitytaknyga.lt\/?post_type=product&#038;p=20155"},"modified":"2026-03-10T15:41:33","modified_gmt":"2026-03-10T13:41:33","slug":"gomora","status":"publish","type":"product","link":"https:\/\/skaitytaknyga.lt\/en\/produktas\/gomora\/","title":{"rendered":"Gomora"},"content":{"rendered":"<p>Tai knyga, d\u0117l kurios Roberto Saviano persekioja mirties bausm\u0117. Dr\u0105sioje, d\u0117mes\u012f prikaustan\u010dioje, \u0161okiruojan\u010dius faktus atskleid\u017eian\u010dioje studijoje jaunasis ra\u0161ytojas rekonstravo \u0161iurp\u0173 kamoros verslo ir nusikaltim\u0173 pasaul\u012f, ekonomines finansines strategijas ir ugningas fantazijas, kurios gele\u017einei verslo logikai suteikia viduram\u017ei\u0173 Japonijos samuraj\u0173 fatalizmo atspalv\u012f. Kamoros arba Sistemos \u0161aknys i\u0161siraizgiusios po vis\u0105 planet\u0105, o jos veiksmus dengia pilkas \u0161ydas. Kamora \u2013 tai giliomis tradicijomis pasi\u017eymintis fenomenas, kuriam mil\u017eini\u0161k\u0105 \u012ftak\u0105 padar\u0117 mass media kult\u016bra.<\/p>\n<p>I\u0161 autoriaus surinkt\u0173 fakt\u0173, vaizd\u0173, pokalbi\u0173 nuotrup\u0173 ir betarpi\u0161kos patirties tampa ai\u0161ku, kad gyventi Neapolyje \u2013 tai pasmerkti save bandymui i\u0161likti, taikantis prie mafijos diktuojam\u0173 taisykli\u0173. Simbolin\u0117 aliuzija \u012f biblin\u012f miest\u0105 tampa tikrove \u2013 ji priblo\u0161kia, atima \u017ead\u0105, sutraukia raumenis.<\/p>\n<p>Toje pa\u010dioje \u017eem\u0117je, kurios laukuose i\u0161ver\u010diami \u017emoni\u0173 skeletai, chemijos pramon\u0117s atliekos ir toksin\u0117s nuos\u0117dos, i\u0161kyla kamoros bos\u0173 \u201eda\u010dios\u201c, holivudi\u0161kos vilos, marmurin\u0117s ir cementin\u0117s katedros. Toks yra galios, persipynusios su kliedesiais, mesianistin\u0117mis svajon\u0117mis ir apokaliptin\u0117mis nuotaikomis, \u012frodymas.<\/p>\n","protected":false},"excerpt":{"rendered":"<p>Tai knyga, d\u0117l kurios Roberto Saviano persekioja mirties bausm\u0117. Dr\u0105sioje, d\u0117mes\u012f prikaustan\u010dioje, \u0161okiruojan\u010dius faktus atskleid\u017eian\u010dioje studijoje jaunasis ra\u0161ytojas rekonstravo \u0161iurp\u0173 kamoros verslo ir nusikaltim\u0173 pasaul\u012f, ekonomines finansines strategijas ir ugningas fantazijas, kurios gele\u017einei verslo logikai suteikia viduram\u017ei\u0173 Japonijos samuraj\u0173 fatalizmo atspalv\u012f. Kamoros arba Sistemos \u0161aknys i\u0161siraizgiusios po vis\u0105 planet\u0105, o jos veiksmus dengia pilkas \u0161ydas. Kamora \u2013 tai giliomis tradicijomis pasi\u017eymintis fenomenas, kuriam mil\u017eini\u0161k\u0105 \u012ftak\u0105 padar\u0117 mass media kult\u016bra. I\u0161 autoriaus surinkt\u0173 fakt\u0173, vaizd\u0173, pokalbi\u0173 nuotrup\u0173 ir betarpi\u0161kos patirties tampa ai\u0161ku, kad gyventi Neapolyje \u2013 tai pasmerkti save bandymui i\u0161likti, taikantis prie mafijos diktuojam\u0173 taisykli\u0173. Simbolin\u0117 aliuzija \u012f biblin\u012f miest\u0105 tampa tikrove \u2013 ji priblo\u0161kia, atima \u017ead\u0105, sutraukia raumenis. Toje pa\u010dioje \u017eem\u0117je, kurios laukuose i\u0161ver\u010diami \u017emoni\u0173 skeletai, chemijos pramon\u0117s atliekos ir toksin\u0117s nuos\u0117dos, i\u0161kyla kamoros bos\u0173 \u201eda\u010dios\u201c, holivudi\u0161kos vilos, marmurin\u0117s ir cementin\u0117s katedros. Toks yra galios, persipynusios su kliedesiais, mesianistin\u0117mis svajon\u0117mis ir apokaliptin\u0117mis nuotaikomis, \u012frodymas.<\/p>\n","protected":false},"featured_media":20159,"comment_status":"open","ping_status":"closed","template":"","meta":{"_acf_changed":false,"site-sidebar-layout":"default","site-content-layout":"","ast-site-content-layout":"default","site-content-style":"default","site-sidebar-style":"default","ast-global-header-display":"","ast-banner-title-visibility":"","ast-main-header-display":"","ast-hfb-above-header-display":"","ast-hfb-below-header-display":"","ast-hfb-mobile-header-display":"","site-post-title":"","ast-breadcrumbs-content":"","ast-featured-img":"","footer-sml-layout":"","ast-disable-related-posts":"","theme-transparent-header-meta":"","adv-header-id-meta":"","stick-header-meta":"","header-above-stick-meta":"","header-main-stick-meta":"","header-below-stick-meta":"","astra-migrate-meta-layouts":"default","ast-page-background-enabled":"default","ast-page-background-meta":{"desktop":{"background-color":"","background-image":"","background-repeat":"repeat","background-position":"center center","background-size":"auto","background-attachment":"scroll","background-type":"","background-media":"","overlay-type":"","overlay-color":"","overlay-opacity":"","overlay-gradient":""},"tablet":{"background-color":"","background-image":"","background-repeat":"repeat","background-position":"center center","background-size":"auto","background-attachment":"scroll","background-type":"","background-media":"","overlay-type":"","overlay-color":"","overlay-opacity":"","overlay-gradient":""},"mobile":{"background-color":"","background-image":"","background-repeat":"repeat","background-position":"center center","background-size":"auto","background-attachment":"scroll","background-type":"","background-media":"","overlay-type":"","overlay-color":"","overlay-opacity":"","overlay-gradient":""}},"ast-content-background-meta":{"desktop":{"background-color":"var(--ast-global-color-4)","background-image":"","background-repeat":"repeat","background-position":"center center","background-size":"auto","background-attachment":"scroll","background-type":"","background-media":"","overlay-type":"","overlay-color":"","overlay-opacity":"","overlay-gradient":""},"tablet":{"background-color":"var(--ast-global-color-4)","background-image":"","background-repeat":"repeat","background-position":"center center","background-size":"auto","background-attachment":"scroll","background-type":"","background-media":"","overlay-type":"","overlay-color":"","overlay-opacity":"","overlay-gradient":""},"mobile":{"background-color":"var(--ast-global-color-4)","background-image":"","background-repeat":"repeat","background-position":"center center","background-size":"auto","background-attachment":"scroll","background-type":"","background-media":"","overlay-type":"","overlay-color":"","overlay-opacity":"","overlay-gradient":""}}},"product_brand":[],"product_cat":[15],"product_tag":[],"class_list":{"0":"post-20155","1":"product","2":"type-product","3":"status-publish","4":"has-post-thumbnail","6":"product_cat-uncategorized","7":"desktop-align-left","8":"tablet-align-left","9":"mobile-align-left","11":"first","12":"instock","13":"shipping-taxable","14":"purchasable","15":"product-type-simple"},"acf":[],"yoast_head":"<!-- This site is optimized with the Yoast SEO plugin v27.0 - https:\/\/yoast.com\/product\/yoast-seo-wordpress\/ -->\n<title>Gomora<\/title>\n<meta name=\"description\" content=\"Tai knyga, d\u0117l kurios Roberto Saviano persekioja mirties bausm\u0117. Dr\u0105sioje, d\u0117mes\u012f prikaustan\u010dioje, \u0161okiruojan\u010dius faktus atskleid\u017eian\u010dioje studijoje\" \/>\n<meta name=\"robots\" content=\"index, follow, max-snippet:-1, max-image-preview:large, max-video-preview:-1\" \/>\n<link rel=\"canonical\" href=\"https:\/\/skaitytaknyga.lt\/en\/produktas\/gomora\/\" \/>\n<meta property=\"og:locale\" content=\"en_GB\" \/>\n<meta property=\"og:locale:alternate\" content=\"lt_LT\" \/>\n<meta property=\"og:type\" content=\"article\" \/>\n<meta property=\"og:title\" content=\"Gomora\" \/>\n<meta property=\"og:description\" content=\"Tai knyga, d\u0117l kurios Roberto Saviano persekioja mirties bausm\u0117. Dr\u0105sioje, d\u0117mes\u012f prikaustan\u010dioje, \u0161okiruojan\u010dius faktus atskleid\u017eian\u010dioje studijoje\" \/>\n<meta property=\"og:url\" content=\"https:\/\/skaitytaknyga.lt\/en\/produktas\/gomora\/\" \/>\n<meta property=\"og:site_name\" content=\"Skaitytaknyga\" \/>\n<meta property=\"article:publisher\" content=\"https:\/\/www.facebook.com\/skaitytaknyga\/\" \/>\n<meta property=\"article:modified_time\" content=\"2026-03-10T13:41:33+00:00\" \/>\n<meta property=\"og:image\" content=\"https:\/\/skaitytaknyga.lt\/wp-content\/uploads\/2025\/08\/Gomora-1.webp\" \/>\n\t<meta property=\"og:image:width\" content=\"520\" \/>\n\t<meta property=\"og:image:height\" content=\"800\" \/>\n\t<meta property=\"og:image:type\" content=\"image\/webp\" \/>\n<meta name=\"twitter:card\" content=\"summary_large_image\" \/>\n<meta name=\"twitter:label1\" content=\"Estimated reading time\" \/>\n\t<meta name=\"twitter:data1\" content=\"1 minute\" \/>\n<script type=\"application\/ld+json\" class=\"yoast-schema-graph\">{\"@context\":\"https:\/\/schema.org\",\"@graph\":[{\"@type\":\"WebPage\",\"@id\":\"https:\/\/skaitytaknyga.lt\/produktas\/gomora\/\",\"url\":\"https:\/\/skaitytaknyga.lt\/produktas\/gomora\/\",\"name\":\"Gomora\",\"isPartOf\":{\"@id\":\"https:\/\/skaitytaknyga.lt\/#website\"},\"primaryImageOfPage\":{\"@id\":\"https:\/\/skaitytaknyga.lt\/produktas\/gomora\/#primaryimage\"},\"image\":{\"@id\":\"https:\/\/skaitytaknyga.lt\/produktas\/gomora\/#primaryimage\"},\"thumbnailUrl\":\"https:\/\/skaitytaknyga.lt\/wp-content\/uploads\/2025\/08\/Gomora-1.webp\",\"datePublished\":\"2025-08-01T10:09:02+00:00\",\"dateModified\":\"2026-03-10T13:41:33+00:00\",\"description\":\"Tai knyga, d\u0117l kurios Roberto Saviano persekioja mirties bausm\u0117. Dr\u0105sioje, d\u0117mes\u012f prikaustan\u010dioje, \u0161okiruojan\u010dius faktus atskleid\u017eian\u010dioje studijoje\",\"breadcrumb\":{\"@id\":\"https:\/\/skaitytaknyga.lt\/produktas\/gomora\/#breadcrumb\"},\"inLanguage\":\"en-GB\",\"potentialAction\":[{\"@type\":\"ReadAction\",\"target\":[\"https:\/\/skaitytaknyga.lt\/produktas\/gomora\/\"]}]},{\"@type\":\"ImageObject\",\"inLanguage\":\"en-GB\",\"@id\":\"https:\/\/skaitytaknyga.lt\/produktas\/gomora\/#primaryimage\",\"url\":\"https:\/\/skaitytaknyga.lt\/wp-content\/uploads\/2025\/08\/Gomora-1.webp\",\"contentUrl\":\"https:\/\/skaitytaknyga.lt\/wp-content\/uploads\/2025\/08\/Gomora-1.webp\",\"width\":520,\"height\":800,\"caption\":\"Gomora\"},{\"@type\":\"BreadcrumbList\",\"@id\":\"https:\/\/skaitytaknyga.lt\/produktas\/gomora\/#breadcrumb\",\"itemListElement\":[{\"@type\":\"ListItem\",\"position\":1,\"name\":\"Home\",\"item\":\"https:\/\/skaitytaknyga.lt\/\"},{\"@type\":\"ListItem\",\"position\":2,\"name\":\"Parduotuv\u0117\",\"item\":\"https:\/\/skaitytaknyga.lt\/knygu-parduotuve\/\"},{\"@type\":\"ListItem\",\"position\":3,\"name\":\"Gomora\"}]},{\"@type\":\"WebSite\",\"@id\":\"https:\/\/skaitytaknyga.lt\/#website\",\"url\":\"https:\/\/skaitytaknyga.lt\/\",\"name\":\"skaitytaknyga.lt\",\"description\":\"Skaitytaknyga.lt \u2013 tai ma\u017eas \u0161eimos verslas, kuris prasid\u0117jo nuo meil\u0117s knygoms ir siekio i\u0161gelb\u0117ti knygas nuo likimo prie konteinerio. Kas vienam nereikalingas daiktas \u2013 kitam lobis, o mes esame tarpininkai, kurie padeda abiems tapti laimingesniems ???? \u017dinome kaip nelengva i\u0161gyventi ma\u017eiems verslams, tad nuo \u0161iol, \u010dia rasite ir kit\u0173, ma\u017e\u0173 \u0161eim\u0173 versl\u0173, rank\u0173 darbo, dovan\u0173 sau ir artimiesiems.\",\"publisher\":{\"@id\":\"https:\/\/skaitytaknyga.lt\/#organization\"},\"potentialAction\":[{\"@type\":\"SearchAction\",\"target\":{\"@type\":\"EntryPoint\",\"urlTemplate\":\"https:\/\/skaitytaknyga.lt\/?s={search_term_string}\"},\"query-input\":{\"@type\":\"PropertyValueSpecification\",\"valueRequired\":true,\"valueName\":\"search_term_string\"}}],\"inLanguage\":\"en-GB\"},{\"@type\":\"Organization\",\"@id\":\"https:\/\/skaitytaknyga.lt\/#organization\",\"name\":\"skaitytaknyga.lt\",\"url\":\"https:\/\/skaitytaknyga.lt\/\",\"logo\":{\"@type\":\"ImageObject\",\"inLanguage\":\"en-GB\",\"@id\":\"https:\/\/skaitytaknyga.lt\/#\/schema\/logo\/image\/\",\"url\":\"https:\/\/skaitytaknyga.lt\/wp-content\/uploads\/2024\/05\/cropped-cropped-cropped-02_00843_jt3bggkj1j3HLc7SyY6rEUpg.jpeg\",\"contentUrl\":\"https:\/\/skaitytaknyga.lt\/wp-content\/uploads\/2024\/05\/cropped-cropped-cropped-02_00843_jt3bggkj1j3HLc7SyY6rEUpg.jpeg\",\"width\":1600,\"height\":1600,\"caption\":\"skaitytaknyga.lt\"},\"image\":{\"@id\":\"https:\/\/skaitytaknyga.lt\/#\/schema\/logo\/image\/\"},\"sameAs\":[\"https:\/\/www.facebook.com\/skaitytaknyga\/\"]}]}<\/script>\n<!-- \/ Yoast SEO plugin. -->","yoast_head_json":{"title":"Gomora","description":"Tai knyga, d\u0117l kurios Roberto Saviano persekioja mirties bausm\u0117. Dr\u0105sioje, d\u0117mes\u012f prikaustan\u010dioje, \u0161okiruojan\u010dius faktus atskleid\u017eian\u010dioje studijoje","robots":{"index":"index","follow":"follow","max-snippet":"max-snippet:-1","max-image-preview":"max-image-preview:large","max-video-preview":"max-video-preview:-1"},"canonical":"https:\/\/skaitytaknyga.lt\/en\/produktas\/gomora\/","og_locale":"en_GB","og_type":"article","og_title":"[:lt]Gomora[:] - Skaitytaknyga","og_description":"Tai knyga, d\u0117l kurios Roberto Saviano persekioja mirties bausm\u0117. Dr\u0105sioje, d\u0117mes\u012f prikaustan\u010dioje, \u0161okiruojan\u010dius faktus atskleid\u017eian\u010dioje studijoje","og_url":"https:\/\/skaitytaknyga.lt\/en\/produktas\/gomora\/","og_site_name":"Skaitytaknyga","article_publisher":"https:\/\/www.facebook.com\/skaitytaknyga\/","article_modified_time":"2026-03-10T13:41:33+00:00","og_image":[{"width":520,"height":800,"url":"https:\/\/skaitytaknyga.lt\/wp-content\/uploads\/2025\/08\/Gomora-1.webp","type":"image\/webp"}],"twitter_card":"summary_large_image","twitter_misc":{"Estimated reading time":"1 minute"},"schema":{"@context":"https:\/\/schema.org","@graph":[{"@type":"WebPage","@id":"https:\/\/skaitytaknyga.lt\/produktas\/gomora\/","url":"https:\/\/skaitytaknyga.lt\/produktas\/gomora\/","name":"Gomora","isPartOf":{"@id":"https:\/\/skaitytaknyga.lt\/#website"},"primaryImageOfPage":{"@id":"https:\/\/skaitytaknyga.lt\/produktas\/gomora\/#primaryimage"},"image":{"@id":"https:\/\/skaitytaknyga.lt\/produktas\/gomora\/#primaryimage"},"thumbnailUrl":"https:\/\/skaitytaknyga.lt\/wp-content\/uploads\/2025\/08\/Gomora-1.webp","datePublished":"2025-08-01T10:09:02+00:00","dateModified":"2026-03-10T13:41:33+00:00","description":"Tai knyga, d\u0117l kurios Roberto Saviano persekioja mirties bausm\u0117. Dr\u0105sioje, d\u0117mes\u012f prikaustan\u010dioje, \u0161okiruojan\u010dius faktus atskleid\u017eian\u010dioje studijoje","breadcrumb":{"@id":"https:\/\/skaitytaknyga.lt\/produktas\/gomora\/#breadcrumb"},"inLanguage":"en-GB","potentialAction":[{"@type":"ReadAction","target":["https:\/\/skaitytaknyga.lt\/produktas\/gomora\/"]}]},{"@type":"ImageObject","inLanguage":"en-GB","@id":"https:\/\/skaitytaknyga.lt\/produktas\/gomora\/#primaryimage","url":"https:\/\/skaitytaknyga.lt\/wp-content\/uploads\/2025\/08\/Gomora-1.webp","contentUrl":"https:\/\/skaitytaknyga.lt\/wp-content\/uploads\/2025\/08\/Gomora-1.webp","width":520,"height":800,"caption":"Gomora"},{"@type":"BreadcrumbList","@id":"https:\/\/skaitytaknyga.lt\/produktas\/gomora\/#breadcrumb","itemListElement":[{"@type":"ListItem","position":1,"name":"Home","item":"https:\/\/skaitytaknyga.lt\/"},{"@type":"ListItem","position":2,"name":"Parduotuv\u0117","item":"https:\/\/skaitytaknyga.lt\/knygu-parduotuve\/"},{"@type":"ListItem","position":3,"name":"Gomora"}]},{"@type":"WebSite","@id":"https:\/\/skaitytaknyga.lt\/#website","url":"https:\/\/skaitytaknyga.lt\/","name":"skaitytaknyga.lt","description":"Skaitytaknyga.lt \u2013 tai ma\u017eas \u0161eimos verslas, kuris prasid\u0117jo nuo meil\u0117s knygoms ir siekio i\u0161gelb\u0117ti knygas nuo likimo prie konteinerio. Kas vienam nereikalingas daiktas \u2013 kitam lobis, o mes esame tarpininkai, kurie padeda abiems tapti laimingesniems ???? \u017dinome kaip nelengva i\u0161gyventi ma\u017eiems verslams, tad nuo \u0161iol, \u010dia rasite ir kit\u0173, ma\u017e\u0173 \u0161eim\u0173 versl\u0173, rank\u0173 darbo, dovan\u0173 sau ir artimiesiems.","publisher":{"@id":"https:\/\/skaitytaknyga.lt\/#organization"},"potentialAction":[{"@type":"SearchAction","target":{"@type":"EntryPoint","urlTemplate":"https:\/\/skaitytaknyga.lt\/?s={search_term_string}"},"query-input":{"@type":"PropertyValueSpecification","valueRequired":true,"valueName":"search_term_string"}}],"inLanguage":"en-GB"},{"@type":"Organization","@id":"https:\/\/skaitytaknyga.lt\/#organization","name":"skaitytaknyga.lt","url":"https:\/\/skaitytaknyga.lt\/","logo":{"@type":"ImageObject","inLanguage":"en-GB","@id":"https:\/\/skaitytaknyga.lt\/#\/schema\/logo\/image\/","url":"https:\/\/skaitytaknyga.lt\/wp-content\/uploads\/2024\/05\/cropped-cropped-cropped-02_00843_jt3bggkj1j3HLc7SyY6rEUpg.jpeg","contentUrl":"https:\/\/skaitytaknyga.lt\/wp-content\/uploads\/2024\/05\/cropped-cropped-cropped-02_00843_jt3bggkj1j3HLc7SyY6rEUpg.jpeg","width":1600,"height":1600,"caption":"skaitytaknyga.lt"},"image":{"@id":"https:\/\/skaitytaknyga.lt\/#\/schema\/logo\/image\/"},"sameAs":["https:\/\/www.facebook.com\/skaitytaknyga\/"]}]}},"_links":{"self":[{"href":"https:\/\/skaitytaknyga.lt\/en\/wp-json\/wp\/v2\/product\/20155","targetHints":{"allow":["GET"]}}],"collection":[{"href":"https:\/\/skaitytaknyga.lt\/en\/wp-json\/wp\/v2\/product"}],"about":[{"href":"https:\/\/skaitytaknyga.lt\/en\/wp-json\/wp\/v2\/types\/product"}],"replies":[{"embeddable":true,"href":"https:\/\/skaitytaknyga.lt\/en\/wp-json\/wp\/v2\/comments?post=20155"}],"wp:featuredmedia":[{"embeddable":true,"href":"https:\/\/skaitytaknyga.lt\/en\/wp-json\/wp\/v2\/media\/20159"}],"wp:attachment":[{"href":"https:\/\/skaitytaknyga.lt\/en\/wp-json\/wp\/v2\/media?parent=20155"}],"wp:term":[{"taxonomy":"product_brand","embeddable":true,"href":"https:\/\/skaitytaknyga.lt\/en\/wp-json\/wp\/v2\/product_brand?post=20155"},{"taxonomy":"product_cat","embeddable":true,"href":"https:\/\/skaitytaknyga.lt\/en\/wp-json\/wp\/v2\/product_cat?post=20155"},{"taxonomy":"product_tag","embeddable":true,"href":"https:\/\/skaitytaknyga.lt\/en\/wp-json\/wp\/v2\/product_tag?post=20155"}],"curies":[{"name":"wp","href":"https:\/\/api.w.org\/{rel}","templated":true}]}}