{"id":20154,"date":"2025-08-01T13:09:02","date_gmt":"2025-08-01T10:09:02","guid":{"rendered":"https:\/\/skaitytaknyga.lt\/?post_type=product&#038;p=20154"},"modified":"2025-08-06T08:16:36","modified_gmt":"2025-08-06T05:16:36","slug":"daktaras-oksas","status":"publish","type":"product","link":"https:\/\/skaitytaknyga.lt\/en\/produktas\/daktaras-oksas\/","title":{"rendered":"Daktaras Oksas"},"content":{"rendered":"<p>\u0160iame tome skaitytojas susitiks su dviej\u0173 labai skirting\u0173 \u0161ali\u0173 \u2013 Flandrijos ir Kinijos atstovais, kuriuos \u017d. Vernas tapo humoristin\u0117mis spalvomis.<\/p>\n<p>Apysakoje \u201eDaktaras Oksas\u201c \u017d. Vernas i\u0161juokia anuo metu i\u0161populiar\u0117jusius fiziologus, kurie man\u0117 galintys pakeisti \u017emogaus temperament\u0105 ir jausmus. Kaip tikras humoro meistras jis pie\u0161ia be galo l\u0117t\u0105 Flandrijos miestelio gyvenim\u0105, kur\u012f trumpam pakei\u010dia Okso eksperimentas.<\/p>\n<p>Romano \u201eVieno kino vargai Kinijoje\u201c herojus Kin Fo negali patirti nat\u016brali\u0173 \u017emogi\u0161k\u0173 jausm\u0173, nes nestokoja nei turt\u0173, nei s\u0117km\u0117s, nei pagarbos. Tod\u0117l autorius j\u012f svied\u017eia \u012f i\u0161m\u0117ginim\u0173 sraut\u0105 \u2013 klajones po vis\u0105 Kinij\u0105 gelbstint savo gyvyb\u0119.<\/p>\n<p>\u0160ie k\u016briniai atskleid\u017eia ne\u012fprast\u0105 \u017d. Verno talento pus\u0119.<\/p>\n","protected":false},"excerpt":{"rendered":"<p>\u0160iame tome skaitytojas susitiks su dviej\u0173 labai skirting\u0173 \u0161ali\u0173 \u2013 Flandrijos ir Kinijos atstovais, kuriuos \u017d. Vernas tapo humoristin\u0117mis spalvomis. Apysakoje \u201eDaktaras Oksas\u201c \u017d. Vernas i\u0161juokia anuo metu i\u0161populiar\u0117jusius fiziologus, kurie man\u0117 galintys pakeisti \u017emogaus temperament\u0105 ir jausmus. Kaip tikras humoro meistras jis pie\u0161ia be galo l\u0117t\u0105 Flandrijos miestelio gyvenim\u0105, kur\u012f trumpam pakei\u010dia Okso eksperimentas. Romano \u201eVieno kino vargai Kinijoje\u201c herojus Kin Fo negali patirti nat\u016brali\u0173 \u017emogi\u0161k\u0173 jausm\u0173, nes nestokoja nei turt\u0173, nei s\u0117km\u0117s, nei pagarbos. Tod\u0117l autorius j\u012f svied\u017eia \u012f i\u0161m\u0117ginim\u0173 sraut\u0105 \u2013 klajones po vis\u0105 Kinij\u0105 gelbstint savo gyvyb\u0119. \u0160ie k\u016briniai atskleid\u017eia ne\u012fprast\u0105 \u017d. Verno talento pus\u0119.<\/p>\n","protected":false},"featured_media":20158,"comment_status":"open","ping_status":"closed","template":"","meta":{"_acf_changed":false,"site-sidebar-layout":"default","site-content-layout":"","ast-site-content-layout":"default","site-content-style":"default","site-sidebar-style":"default","ast-global-header-display":"","ast-banner-title-visibility":"","ast-main-header-display":"","ast-hfb-above-header-display":"","ast-hfb-below-header-display":"","ast-hfb-mobile-header-display":"","site-post-title":"","ast-breadcrumbs-content":"","ast-featured-img":"","footer-sml-layout":"","ast-disable-related-posts":"","theme-transparent-header-meta":"","adv-header-id-meta":"","stick-header-meta":"","header-above-stick-meta":"","header-main-stick-meta":"","header-below-stick-meta":"","astra-migrate-meta-layouts":"default","ast-page-background-enabled":"default","ast-page-background-meta":{"desktop":{"background-color":"","background-image":"","background-repeat":"repeat","background-position":"center center","background-size":"auto","background-attachment":"scroll","background-type":"","background-media":"","overlay-type":"","overlay-color":"","overlay-opacity":"","overlay-gradient":""},"tablet":{"background-color":"","background-image":"","background-repeat":"repeat","background-position":"center center","background-size":"auto","background-attachment":"scroll","background-type":"","background-media":"","overlay-type":"","overlay-color":"","overlay-opacity":"","overlay-gradient":""},"mobile":{"background-color":"","background-image":"","background-repeat":"repeat","background-position":"center center","background-size":"auto","background-attachment":"scroll","background-type":"","background-media":"","overlay-type":"","overlay-color":"","overlay-opacity":"","overlay-gradient":""}},"ast-content-background-meta":{"desktop":{"background-color":"var(--ast-global-color-4)","background-image":"","background-repeat":"repeat","background-position":"center center","background-size":"auto","background-attachment":"scroll","background-type":"","background-media":"","overlay-type":"","overlay-color":"","overlay-opacity":"","overlay-gradient":""},"tablet":{"background-color":"var(--ast-global-color-4)","background-image":"","background-repeat":"repeat","background-position":"center center","background-size":"auto","background-attachment":"scroll","background-type":"","background-media":"","overlay-type":"","overlay-color":"","overlay-opacity":"","overlay-gradient":""},"mobile":{"background-color":"var(--ast-global-color-4)","background-image":"","background-repeat":"repeat","background-position":"center center","background-size":"auto","background-attachment":"scroll","background-type":"","background-media":"","overlay-type":"","overlay-color":"","overlay-opacity":"","overlay-gradient":""}}},"product_brand":[],"product_cat":[15],"product_tag":[],"class_list":{"0":"post-20154","1":"product","2":"type-product","3":"status-publish","4":"has-post-thumbnail","6":"product_cat-uncategorized","7":"desktop-align-left","8":"tablet-align-left","9":"mobile-align-left","11":"first","12":"instock","13":"shipping-taxable","14":"purchasable","15":"product-type-simple"},"acf":[],"yoast_head":"<!-- This site is optimized with the Yoast SEO plugin v27.0 - https:\/\/yoast.com\/product\/yoast-seo-wordpress\/ -->\n<title>Daktaras Oksas<\/title>\n<meta name=\"description\" content=\"\u0160iame tome skaitytojas susitiks su dviej\u0173 labai skirting\u0173 \u0161ali\u0173 \u2013 Flandrijos ir Kinijos atstovais, kuriuos \u017d. Vernas tapo humoristin\u0117mis spalvomis.\" \/>\n<meta name=\"robots\" content=\"index, follow, max-snippet:-1, max-image-preview:large, max-video-preview:-1\" \/>\n<link rel=\"canonical\" href=\"https:\/\/skaitytaknyga.lt\/en\/produktas\/daktaras-oksas\/\" \/>\n<meta property=\"og:locale\" content=\"en_GB\" \/>\n<meta property=\"og:locale:alternate\" content=\"lt_LT\" \/>\n<meta property=\"og:type\" content=\"article\" \/>\n<meta property=\"og:title\" content=\"Daktaras Oksas\" \/>\n<meta property=\"og:description\" content=\"\u0160iame tome skaitytojas susitiks su dviej\u0173 labai skirting\u0173 \u0161ali\u0173 \u2013 Flandrijos ir Kinijos atstovais, kuriuos \u017d. Vernas tapo humoristin\u0117mis spalvomis.\" \/>\n<meta property=\"og:url\" content=\"https:\/\/skaitytaknyga.lt\/en\/produktas\/daktaras-oksas\/\" \/>\n<meta property=\"og:site_name\" content=\"Skaitytaknyga\" \/>\n<meta property=\"article:publisher\" content=\"https:\/\/www.facebook.com\/skaitytaknyga\/\" \/>\n<meta property=\"article:modified_time\" content=\"2025-08-06T05:16:36+00:00\" \/>\n<meta property=\"og:image\" content=\"https:\/\/skaitytaknyga.lt\/wp-content\/uploads\/2025\/08\/Daktaras-Oksas-1.webp\" \/>\n\t<meta property=\"og:image:width\" content=\"498\" \/>\n\t<meta property=\"og:image:height\" content=\"801\" \/>\n\t<meta property=\"og:image:type\" content=\"image\/webp\" \/>\n<meta name=\"twitter:card\" content=\"summary_large_image\" \/>\n<meta name=\"twitter:label1\" content=\"Estimated reading time\" \/>\n\t<meta name=\"twitter:data1\" content=\"1 minute\" \/>\n<script type=\"application\/ld+json\" class=\"yoast-schema-graph\">{\"@context\":\"https:\/\/schema.org\",\"@graph\":[{\"@type\":\"WebPage\",\"@id\":\"https:\/\/skaitytaknyga.lt\/produktas\/daktaras-oksas\/\",\"url\":\"https:\/\/skaitytaknyga.lt\/produktas\/daktaras-oksas\/\",\"name\":\"Daktaras Oksas\",\"isPartOf\":{\"@id\":\"https:\/\/skaitytaknyga.lt\/#website\"},\"primaryImageOfPage\":{\"@id\":\"https:\/\/skaitytaknyga.lt\/produktas\/daktaras-oksas\/#primaryimage\"},\"image\":{\"@id\":\"https:\/\/skaitytaknyga.lt\/produktas\/daktaras-oksas\/#primaryimage\"},\"thumbnailUrl\":\"https:\/\/skaitytaknyga.lt\/wp-content\/uploads\/2025\/08\/Daktaras-Oksas-1.webp\",\"datePublished\":\"2025-08-01T10:09:02+00:00\",\"dateModified\":\"2025-08-06T05:16:36+00:00\",\"description\":\"\u0160iame tome skaitytojas susitiks su dviej\u0173 labai skirting\u0173 \u0161ali\u0173 \u2013 Flandrijos ir Kinijos atstovais, kuriuos \u017d. Vernas tapo humoristin\u0117mis spalvomis.\",\"breadcrumb\":{\"@id\":\"https:\/\/skaitytaknyga.lt\/produktas\/daktaras-oksas\/#breadcrumb\"},\"inLanguage\":\"en-GB\",\"potentialAction\":[{\"@type\":\"ReadAction\",\"target\":[\"https:\/\/skaitytaknyga.lt\/produktas\/daktaras-oksas\/\"]}]},{\"@type\":\"ImageObject\",\"inLanguage\":\"en-GB\",\"@id\":\"https:\/\/skaitytaknyga.lt\/produktas\/daktaras-oksas\/#primaryimage\",\"url\":\"https:\/\/skaitytaknyga.lt\/wp-content\/uploads\/2025\/08\/Daktaras-Oksas-1.webp\",\"contentUrl\":\"https:\/\/skaitytaknyga.lt\/wp-content\/uploads\/2025\/08\/Daktaras-Oksas-1.webp\",\"width\":498,\"height\":801,\"caption\":\"Daktaras Oksas\"},{\"@type\":\"BreadcrumbList\",\"@id\":\"https:\/\/skaitytaknyga.lt\/produktas\/daktaras-oksas\/#breadcrumb\",\"itemListElement\":[{\"@type\":\"ListItem\",\"position\":1,\"name\":\"Home\",\"item\":\"https:\/\/skaitytaknyga.lt\/\"},{\"@type\":\"ListItem\",\"position\":2,\"name\":\"Parduotuv\u0117\",\"item\":\"https:\/\/skaitytaknyga.lt\/knygu-parduotuve\/\"},{\"@type\":\"ListItem\",\"position\":3,\"name\":\"Daktaras Oksas\"}]},{\"@type\":\"WebSite\",\"@id\":\"https:\/\/skaitytaknyga.lt\/#website\",\"url\":\"https:\/\/skaitytaknyga.lt\/\",\"name\":\"skaitytaknyga.lt\",\"description\":\"Skaitytaknyga.lt \u2013 tai ma\u017eas \u0161eimos verslas, kuris prasid\u0117jo nuo meil\u0117s knygoms ir siekio i\u0161gelb\u0117ti knygas nuo likimo prie konteinerio. Kas vienam nereikalingas daiktas \u2013 kitam lobis, o mes esame tarpininkai, kurie padeda abiems tapti laimingesniems ???? \u017dinome kaip nelengva i\u0161gyventi ma\u017eiems verslams, tad nuo \u0161iol, \u010dia rasite ir kit\u0173, ma\u017e\u0173 \u0161eim\u0173 versl\u0173, rank\u0173 darbo, dovan\u0173 sau ir artimiesiems.\",\"publisher\":{\"@id\":\"https:\/\/skaitytaknyga.lt\/#organization\"},\"potentialAction\":[{\"@type\":\"SearchAction\",\"target\":{\"@type\":\"EntryPoint\",\"urlTemplate\":\"https:\/\/skaitytaknyga.lt\/?s={search_term_string}\"},\"query-input\":{\"@type\":\"PropertyValueSpecification\",\"valueRequired\":true,\"valueName\":\"search_term_string\"}}],\"inLanguage\":\"en-GB\"},{\"@type\":\"Organization\",\"@id\":\"https:\/\/skaitytaknyga.lt\/#organization\",\"name\":\"skaitytaknyga.lt\",\"url\":\"https:\/\/skaitytaknyga.lt\/\",\"logo\":{\"@type\":\"ImageObject\",\"inLanguage\":\"en-GB\",\"@id\":\"https:\/\/skaitytaknyga.lt\/#\/schema\/logo\/image\/\",\"url\":\"https:\/\/skaitytaknyga.lt\/wp-content\/uploads\/2024\/05\/cropped-cropped-cropped-02_00843_jt3bggkj1j3HLc7SyY6rEUpg.jpeg\",\"contentUrl\":\"https:\/\/skaitytaknyga.lt\/wp-content\/uploads\/2024\/05\/cropped-cropped-cropped-02_00843_jt3bggkj1j3HLc7SyY6rEUpg.jpeg\",\"width\":1600,\"height\":1600,\"caption\":\"skaitytaknyga.lt\"},\"image\":{\"@id\":\"https:\/\/skaitytaknyga.lt\/#\/schema\/logo\/image\/\"},\"sameAs\":[\"https:\/\/www.facebook.com\/skaitytaknyga\/\"]}]}<\/script>\n<!-- \/ Yoast SEO plugin. -->","yoast_head_json":{"title":"Daktaras Oksas","description":"\u0160iame tome skaitytojas susitiks su dviej\u0173 labai skirting\u0173 \u0161ali\u0173 \u2013 Flandrijos ir Kinijos atstovais, kuriuos \u017d. Vernas tapo humoristin\u0117mis spalvomis.","robots":{"index":"index","follow":"follow","max-snippet":"max-snippet:-1","max-image-preview":"max-image-preview:large","max-video-preview":"max-video-preview:-1"},"canonical":"https:\/\/skaitytaknyga.lt\/en\/produktas\/daktaras-oksas\/","og_locale":"en_GB","og_type":"article","og_title":"[:lt]Daktaras Oksas[:] - Skaitytaknyga","og_description":"\u0160iame tome skaitytojas susitiks su dviej\u0173 labai skirting\u0173 \u0161ali\u0173 \u2013 Flandrijos ir Kinijos atstovais, kuriuos \u017d. Vernas tapo humoristin\u0117mis spalvomis.","og_url":"https:\/\/skaitytaknyga.lt\/en\/produktas\/daktaras-oksas\/","og_site_name":"Skaitytaknyga","article_publisher":"https:\/\/www.facebook.com\/skaitytaknyga\/","article_modified_time":"2025-08-06T05:16:36+00:00","og_image":[{"width":498,"height":801,"url":"https:\/\/skaitytaknyga.lt\/wp-content\/uploads\/2025\/08\/Daktaras-Oksas-1.webp","type":"image\/webp"}],"twitter_card":"summary_large_image","twitter_misc":{"Estimated reading time":"1 minute"},"schema":{"@context":"https:\/\/schema.org","@graph":[{"@type":"WebPage","@id":"https:\/\/skaitytaknyga.lt\/produktas\/daktaras-oksas\/","url":"https:\/\/skaitytaknyga.lt\/produktas\/daktaras-oksas\/","name":"Daktaras Oksas","isPartOf":{"@id":"https:\/\/skaitytaknyga.lt\/#website"},"primaryImageOfPage":{"@id":"https:\/\/skaitytaknyga.lt\/produktas\/daktaras-oksas\/#primaryimage"},"image":{"@id":"https:\/\/skaitytaknyga.lt\/produktas\/daktaras-oksas\/#primaryimage"},"thumbnailUrl":"https:\/\/skaitytaknyga.lt\/wp-content\/uploads\/2025\/08\/Daktaras-Oksas-1.webp","datePublished":"2025-08-01T10:09:02+00:00","dateModified":"2025-08-06T05:16:36+00:00","description":"\u0160iame tome skaitytojas susitiks su dviej\u0173 labai skirting\u0173 \u0161ali\u0173 \u2013 Flandrijos ir Kinijos atstovais, kuriuos \u017d. Vernas tapo humoristin\u0117mis spalvomis.","breadcrumb":{"@id":"https:\/\/skaitytaknyga.lt\/produktas\/daktaras-oksas\/#breadcrumb"},"inLanguage":"en-GB","potentialAction":[{"@type":"ReadAction","target":["https:\/\/skaitytaknyga.lt\/produktas\/daktaras-oksas\/"]}]},{"@type":"ImageObject","inLanguage":"en-GB","@id":"https:\/\/skaitytaknyga.lt\/produktas\/daktaras-oksas\/#primaryimage","url":"https:\/\/skaitytaknyga.lt\/wp-content\/uploads\/2025\/08\/Daktaras-Oksas-1.webp","contentUrl":"https:\/\/skaitytaknyga.lt\/wp-content\/uploads\/2025\/08\/Daktaras-Oksas-1.webp","width":498,"height":801,"caption":"Daktaras Oksas"},{"@type":"BreadcrumbList","@id":"https:\/\/skaitytaknyga.lt\/produktas\/daktaras-oksas\/#breadcrumb","itemListElement":[{"@type":"ListItem","position":1,"name":"Home","item":"https:\/\/skaitytaknyga.lt\/"},{"@type":"ListItem","position":2,"name":"Parduotuv\u0117","item":"https:\/\/skaitytaknyga.lt\/knygu-parduotuve\/"},{"@type":"ListItem","position":3,"name":"Daktaras Oksas"}]},{"@type":"WebSite","@id":"https:\/\/skaitytaknyga.lt\/#website","url":"https:\/\/skaitytaknyga.lt\/","name":"skaitytaknyga.lt","description":"Skaitytaknyga.lt \u2013 tai ma\u017eas \u0161eimos verslas, kuris prasid\u0117jo nuo meil\u0117s knygoms ir siekio i\u0161gelb\u0117ti knygas nuo likimo prie konteinerio. Kas vienam nereikalingas daiktas \u2013 kitam lobis, o mes esame tarpininkai, kurie padeda abiems tapti laimingesniems ???? \u017dinome kaip nelengva i\u0161gyventi ma\u017eiems verslams, tad nuo \u0161iol, \u010dia rasite ir kit\u0173, ma\u017e\u0173 \u0161eim\u0173 versl\u0173, rank\u0173 darbo, dovan\u0173 sau ir artimiesiems.","publisher":{"@id":"https:\/\/skaitytaknyga.lt\/#organization"},"potentialAction":[{"@type":"SearchAction","target":{"@type":"EntryPoint","urlTemplate":"https:\/\/skaitytaknyga.lt\/?s={search_term_string}"},"query-input":{"@type":"PropertyValueSpecification","valueRequired":true,"valueName":"search_term_string"}}],"inLanguage":"en-GB"},{"@type":"Organization","@id":"https:\/\/skaitytaknyga.lt\/#organization","name":"skaitytaknyga.lt","url":"https:\/\/skaitytaknyga.lt\/","logo":{"@type":"ImageObject","inLanguage":"en-GB","@id":"https:\/\/skaitytaknyga.lt\/#\/schema\/logo\/image\/","url":"https:\/\/skaitytaknyga.lt\/wp-content\/uploads\/2024\/05\/cropped-cropped-cropped-02_00843_jt3bggkj1j3HLc7SyY6rEUpg.jpeg","contentUrl":"https:\/\/skaitytaknyga.lt\/wp-content\/uploads\/2024\/05\/cropped-cropped-cropped-02_00843_jt3bggkj1j3HLc7SyY6rEUpg.jpeg","width":1600,"height":1600,"caption":"skaitytaknyga.lt"},"image":{"@id":"https:\/\/skaitytaknyga.lt\/#\/schema\/logo\/image\/"},"sameAs":["https:\/\/www.facebook.com\/skaitytaknyga\/"]}]}},"_links":{"self":[{"href":"https:\/\/skaitytaknyga.lt\/en\/wp-json\/wp\/v2\/product\/20154","targetHints":{"allow":["GET"]}}],"collection":[{"href":"https:\/\/skaitytaknyga.lt\/en\/wp-json\/wp\/v2\/product"}],"about":[{"href":"https:\/\/skaitytaknyga.lt\/en\/wp-json\/wp\/v2\/types\/product"}],"replies":[{"embeddable":true,"href":"https:\/\/skaitytaknyga.lt\/en\/wp-json\/wp\/v2\/comments?post=20154"}],"wp:featuredmedia":[{"embeddable":true,"href":"https:\/\/skaitytaknyga.lt\/en\/wp-json\/wp\/v2\/media\/20158"}],"wp:attachment":[{"href":"https:\/\/skaitytaknyga.lt\/en\/wp-json\/wp\/v2\/media?parent=20154"}],"wp:term":[{"taxonomy":"product_brand","embeddable":true,"href":"https:\/\/skaitytaknyga.lt\/en\/wp-json\/wp\/v2\/product_brand?post=20154"},{"taxonomy":"product_cat","embeddable":true,"href":"https:\/\/skaitytaknyga.lt\/en\/wp-json\/wp\/v2\/product_cat?post=20154"},{"taxonomy":"product_tag","embeddable":true,"href":"https:\/\/skaitytaknyga.lt\/en\/wp-json\/wp\/v2\/product_tag?post=20154"}],"curies":[{"name":"wp","href":"https:\/\/api.w.org\/{rel}","templated":true}]}}