{"id":20147,"date":"2025-08-01T12:57:45","date_gmt":"2025-08-01T09:57:45","guid":{"rendered":"https:\/\/skaitytaknyga.lt\/?post_type=product&#038;p=20147"},"modified":"2025-09-02T20:30:26","modified_gmt":"2025-09-02T17:30:26","slug":"miestai-zmonems","status":"publish","type":"product","link":"https:\/\/skaitytaknyga.lt\/en\/produktas\/miestai-zmonems\/","title":{"rendered":"Miestai \u017emon\u0117ms"},"content":{"rendered":"<p>Kokiame mieste gera \u017emogui? Iki Jano Gehlo toks klausimas urbanistikoje nebuvo keliamas. Vyravusi modernistin\u0117 planavimo ideologija ir jai atstovaujantys architektai man\u0117, kad miestas turi b\u016bti racionalus ir patogus greitai prava\u017eiuoti automobiliu, o \u017emogui tereikia elektros, vandentiekio ir \u0161varios erdv\u0117s. Ta\u010diau akademijos suformuot\u0105 Jano Gehlo m\u0105stym\u0105 pakeit\u0117 jo \u017emona, psicholog\u0117 Ingrid, nuolat klausdama: kod\u0117l j\u016bs, architektai, nesidomite \u017emogumi? Kaip \u017emogus jau\u010diasi erdv\u0117je? Kaip \u017emogus jau\u010diasi mieste?<\/p>\n<p>Jan Gehl yra urbanizmo ikona, o jo \u201eMiestai \u017emon\u0117ms\u201c tapo \u0161io am\u017eiaus urbanistiniu manifestu, kuris mums primena, kad miestai gali ir net privalo b\u016bti gyvi, saug\u016bs, tvar\u016bs ir sveiki. Gatv\u0117mis turi b\u016bti gera vaik\u0161\u010dioti, patogu va\u017eiuoti dvira\u010diu, jauku b\u016bti, paprasta susitikti. Tiesiog gera gyventi.<\/p>\n<p>Tyrin\u0117damas senuosius ikiindustrinius miestus architektas i\u0161vyst\u0117 savo \u017emogi\u0161ko miesto filosofij\u0105, kuri buvo pla\u010diai pritaikyta praktikoje visame pasaulyje \u2013 nuo Niujorko, Mianmaro iki Melburno ir net Vilniaus.<\/p>\n<p>\u201eTik architekt\u016bra, kuri atsi\u017evelgia \u012f \u017emogi\u0161k\u0105 mastel\u012f ir tarpusavio santykius, yra s\u0117kminga architekt\u016bra.\u201c \u2013 Jan Gehl<\/p>\n<p>\u201e\u0160i knyga leis pamatyti J\u016bs\u0173 miest\u0105 kitoje \u0161viesoje \u2013 kaip sav\u0105 erdv\u0119, kuri\u0105 galima kurti, keisti, koreguoti. Tikiuosi, ji \u012fkv\u0117ps Jus pilnaverti\u0161kai ir \u0161eimininki\u0161kai naudotis gatve ne tik per automobilio ar autobuso lang\u0105, kur esame tik gyvenimo steb\u0117tojai, o ne aktyv\u016bs naudotojai.\u201c \u2013 Architekt\u0117 Gilma Teodora Gylyt\u0117<\/p>\n","protected":false},"excerpt":{"rendered":"<p>Kokiame mieste gera \u017emogui? Iki Jano Gehlo toks klausimas urbanistikoje nebuvo keliamas. Vyravusi modernistin\u0117 planavimo ideologija ir jai atstovaujantys architektai man\u0117, kad miestas turi b\u016bti racionalus ir patogus greitai prava\u017eiuoti automobiliu, o \u017emogui tereikia elektros, vandentiekio ir \u0161varios erdv\u0117s. Ta\u010diau akademijos suformuot\u0105 Jano Gehlo m\u0105stym\u0105 pakeit\u0117 jo \u017emona, psicholog\u0117 Ingrid, nuolat klausdama: kod\u0117l j\u016bs, architektai, nesidomite \u017emogumi? Kaip \u017emogus jau\u010diasi erdv\u0117je? Kaip \u017emogus jau\u010diasi mieste? Jan Gehl yra urbanizmo ikona, o jo \u201eMiestai \u017emon\u0117ms\u201c tapo \u0161io am\u017eiaus urbanistiniu manifestu, kuris mums primena, kad miestai gali ir net privalo b\u016bti gyvi, saug\u016bs, tvar\u016bs ir sveiki. Gatv\u0117mis turi b\u016bti gera vaik\u0161\u010dioti, patogu va\u017eiuoti dvira\u010diu, jauku b\u016bti, paprasta susitikti. Tiesiog gera gyventi. Tyrin\u0117damas senuosius ikiindustrinius miestus architektas i\u0161vyst\u0117 savo \u017emogi\u0161ko miesto filosofij\u0105, kuri buvo pla\u010diai pritaikyta praktikoje visame pasaulyje \u2013 nuo Niujorko, Mianmaro iki Melburno ir net Vilniaus. \u201eTik architekt\u016bra, kuri atsi\u017evelgia \u012f \u017emogi\u0161k\u0105 mastel\u012f ir tarpusavio santykius, yra s\u0117kminga architekt\u016bra.\u201c \u2013 Jan Gehl \u201e\u0160i knyga leis pamatyti J\u016bs\u0173 miest\u0105 kitoje \u0161viesoje \u2013 kaip sav\u0105 erdv\u0119, kuri\u0105 galima kurti, keisti, koreguoti. Tikiuosi, ji \u012fkv\u0117ps Jus pilnaverti\u0161kai ir \u0161eimininki\u0161kai naudotis gatve ne tik per automobilio ar autobuso lang\u0105, kur esame tik gyvenimo steb\u0117tojai, o ne aktyv\u016bs naudotojai.\u201c \u2013 Architekt\u0117 Gilma Teodora Gylyt\u0117<\/p>\n","protected":false},"featured_media":20151,"comment_status":"open","ping_status":"closed","template":"","meta":{"_acf_changed":false,"site-sidebar-layout":"default","site-content-layout":"","ast-site-content-layout":"default","site-content-style":"default","site-sidebar-style":"default","ast-global-header-display":"","ast-banner-title-visibility":"","ast-main-header-display":"","ast-hfb-above-header-display":"","ast-hfb-below-header-display":"","ast-hfb-mobile-header-display":"","site-post-title":"","ast-breadcrumbs-content":"","ast-featured-img":"","footer-sml-layout":"","ast-disable-related-posts":"","theme-transparent-header-meta":"","adv-header-id-meta":"","stick-header-meta":"","header-above-stick-meta":"","header-main-stick-meta":"","header-below-stick-meta":"","astra-migrate-meta-layouts":"default","ast-page-background-enabled":"default","ast-page-background-meta":{"desktop":{"background-color":"","background-image":"","background-repeat":"repeat","background-position":"center center","background-size":"auto","background-attachment":"scroll","background-type":"","background-media":"","overlay-type":"","overlay-color":"","overlay-opacity":"","overlay-gradient":""},"tablet":{"background-color":"","background-image":"","background-repeat":"repeat","background-position":"center center","background-size":"auto","background-attachment":"scroll","background-type":"","background-media":"","overlay-type":"","overlay-color":"","overlay-opacity":"","overlay-gradient":""},"mobile":{"background-color":"","background-image":"","background-repeat":"repeat","background-position":"center center","background-size":"auto","background-attachment":"scroll","background-type":"","background-media":"","overlay-type":"","overlay-color":"","overlay-opacity":"","overlay-gradient":""}},"ast-content-background-meta":{"desktop":{"background-color":"var(--ast-global-color-4)","background-image":"","background-repeat":"repeat","background-position":"center center","background-size":"auto","background-attachment":"scroll","background-type":"","background-media":"","overlay-type":"","overlay-color":"","overlay-opacity":"","overlay-gradient":""},"tablet":{"background-color":"var(--ast-global-color-4)","background-image":"","background-repeat":"repeat","background-position":"center center","background-size":"auto","background-attachment":"scroll","background-type":"","background-media":"","overlay-type":"","overlay-color":"","overlay-opacity":"","overlay-gradient":""},"mobile":{"background-color":"var(--ast-global-color-4)","background-image":"","background-repeat":"repeat","background-position":"center center","background-size":"auto","background-attachment":"scroll","background-type":"","background-media":"","overlay-type":"","overlay-color":"","overlay-opacity":"","overlay-gradient":""}}},"product_brand":[],"product_cat":[15],"product_tag":[],"class_list":{"0":"post-20147","1":"product","2":"type-product","3":"status-publish","4":"has-post-thumbnail","6":"product_cat-uncategorized","7":"desktop-align-left","8":"tablet-align-left","9":"mobile-align-left","11":"first","12":"outofstock","13":"shipping-taxable","14":"purchasable","15":"product-type-simple"},"acf":[],"yoast_head":"<!-- This site is optimized with the Yoast SEO plugin v27.0 - https:\/\/yoast.com\/product\/yoast-seo-wordpress\/ -->\n<title>Miestai \u017emon\u0117ms<\/title>\n<meta name=\"description\" content=\"Kokiame mieste gera \u017emogui? Iki Jano Gehlo toks klausimas urbanistikoje nebuvo keliamas. Vyravusi modernistin\u0117 planavimo ideologija ir jai atstovaujantys\" \/>\n<meta name=\"robots\" content=\"index, follow, max-snippet:-1, max-image-preview:large, max-video-preview:-1\" \/>\n<link rel=\"canonical\" href=\"https:\/\/skaitytaknyga.lt\/en\/produktas\/miestai-zmonems\/\" \/>\n<meta property=\"og:locale\" content=\"en_GB\" \/>\n<meta property=\"og:locale:alternate\" content=\"lt_LT\" \/>\n<meta property=\"og:type\" content=\"article\" \/>\n<meta property=\"og:title\" content=\"Miestai \u017emon\u0117ms\" \/>\n<meta property=\"og:description\" content=\"Kokiame mieste gera \u017emogui? Iki Jano Gehlo toks klausimas urbanistikoje nebuvo keliamas. Vyravusi modernistin\u0117 planavimo ideologija ir jai atstovaujantys\" \/>\n<meta property=\"og:url\" content=\"https:\/\/skaitytaknyga.lt\/en\/produktas\/miestai-zmonems\/\" \/>\n<meta property=\"og:site_name\" content=\"Skaitytaknyga\" \/>\n<meta property=\"article:publisher\" content=\"https:\/\/www.facebook.com\/skaitytaknyga\/\" \/>\n<meta property=\"article:modified_time\" content=\"2025-09-02T17:30:26+00:00\" \/>\n<meta property=\"og:image\" content=\"https:\/\/skaitytaknyga.lt\/wp-content\/uploads\/2025\/08\/Miestai-zmonems.jpg\" \/>\n\t<meta property=\"og:image:width\" content=\"582\" \/>\n\t<meta property=\"og:image:height\" content=\"722\" \/>\n\t<meta property=\"og:image:type\" content=\"image\/jpeg\" \/>\n<meta name=\"twitter:card\" content=\"summary_large_image\" \/>\n<meta name=\"twitter:label1\" content=\"Estimated reading time\" \/>\n\t<meta name=\"twitter:data1\" content=\"1 minute\" \/>\n<script type=\"application\/ld+json\" class=\"yoast-schema-graph\">{\"@context\":\"https:\/\/schema.org\",\"@graph\":[{\"@type\":\"WebPage\",\"@id\":\"https:\/\/skaitytaknyga.lt\/produktas\/miestai-zmonems\/\",\"url\":\"https:\/\/skaitytaknyga.lt\/produktas\/miestai-zmonems\/\",\"name\":\"Miestai \u017emon\u0117ms\",\"isPartOf\":{\"@id\":\"https:\/\/skaitytaknyga.lt\/#website\"},\"primaryImageOfPage\":{\"@id\":\"https:\/\/skaitytaknyga.lt\/produktas\/miestai-zmonems\/#primaryimage\"},\"image\":{\"@id\":\"https:\/\/skaitytaknyga.lt\/produktas\/miestai-zmonems\/#primaryimage\"},\"thumbnailUrl\":\"https:\/\/skaitytaknyga.lt\/wp-content\/uploads\/2025\/08\/Miestai-zmonems.jpg\",\"datePublished\":\"2025-08-01T09:57:45+00:00\",\"dateModified\":\"2025-09-02T17:30:26+00:00\",\"description\":\"Kokiame mieste gera \u017emogui? Iki Jano Gehlo toks klausimas urbanistikoje nebuvo keliamas. Vyravusi modernistin\u0117 planavimo ideologija ir jai atstovaujantys\",\"breadcrumb\":{\"@id\":\"https:\/\/skaitytaknyga.lt\/produktas\/miestai-zmonems\/#breadcrumb\"},\"inLanguage\":\"en-GB\",\"potentialAction\":[{\"@type\":\"ReadAction\",\"target\":[\"https:\/\/skaitytaknyga.lt\/produktas\/miestai-zmonems\/\"]}]},{\"@type\":\"ImageObject\",\"inLanguage\":\"en-GB\",\"@id\":\"https:\/\/skaitytaknyga.lt\/produktas\/miestai-zmonems\/#primaryimage\",\"url\":\"https:\/\/skaitytaknyga.lt\/wp-content\/uploads\/2025\/08\/Miestai-zmonems.jpg\",\"contentUrl\":\"https:\/\/skaitytaknyga.lt\/wp-content\/uploads\/2025\/08\/Miestai-zmonems.jpg\",\"width\":582,\"height\":722},{\"@type\":\"BreadcrumbList\",\"@id\":\"https:\/\/skaitytaknyga.lt\/produktas\/miestai-zmonems\/#breadcrumb\",\"itemListElement\":[{\"@type\":\"ListItem\",\"position\":1,\"name\":\"Home\",\"item\":\"https:\/\/skaitytaknyga.lt\/\"},{\"@type\":\"ListItem\",\"position\":2,\"name\":\"Parduotuv\u0117\",\"item\":\"https:\/\/skaitytaknyga.lt\/knygu-parduotuve\/\"},{\"@type\":\"ListItem\",\"position\":3,\"name\":\"Miestai \u017emon\u0117ms\"}]},{\"@type\":\"WebSite\",\"@id\":\"https:\/\/skaitytaknyga.lt\/#website\",\"url\":\"https:\/\/skaitytaknyga.lt\/\",\"name\":\"skaitytaknyga.lt\",\"description\":\"Skaitytaknyga.lt \u2013 tai ma\u017eas \u0161eimos verslas, kuris prasid\u0117jo nuo meil\u0117s knygoms ir siekio i\u0161gelb\u0117ti knygas nuo likimo prie konteinerio. Kas vienam nereikalingas daiktas \u2013 kitam lobis, o mes esame tarpininkai, kurie padeda abiems tapti laimingesniems ???? \u017dinome kaip nelengva i\u0161gyventi ma\u017eiems verslams, tad nuo \u0161iol, \u010dia rasite ir kit\u0173, ma\u017e\u0173 \u0161eim\u0173 versl\u0173, rank\u0173 darbo, dovan\u0173 sau ir artimiesiems.\",\"publisher\":{\"@id\":\"https:\/\/skaitytaknyga.lt\/#organization\"},\"potentialAction\":[{\"@type\":\"SearchAction\",\"target\":{\"@type\":\"EntryPoint\",\"urlTemplate\":\"https:\/\/skaitytaknyga.lt\/?s={search_term_string}\"},\"query-input\":{\"@type\":\"PropertyValueSpecification\",\"valueRequired\":true,\"valueName\":\"search_term_string\"}}],\"inLanguage\":\"en-GB\"},{\"@type\":\"Organization\",\"@id\":\"https:\/\/skaitytaknyga.lt\/#organization\",\"name\":\"skaitytaknyga.lt\",\"url\":\"https:\/\/skaitytaknyga.lt\/\",\"logo\":{\"@type\":\"ImageObject\",\"inLanguage\":\"en-GB\",\"@id\":\"https:\/\/skaitytaknyga.lt\/#\/schema\/logo\/image\/\",\"url\":\"https:\/\/skaitytaknyga.lt\/wp-content\/uploads\/2024\/05\/cropped-cropped-cropped-02_00843_jt3bggkj1j3HLc7SyY6rEUpg.jpeg\",\"contentUrl\":\"https:\/\/skaitytaknyga.lt\/wp-content\/uploads\/2024\/05\/cropped-cropped-cropped-02_00843_jt3bggkj1j3HLc7SyY6rEUpg.jpeg\",\"width\":1600,\"height\":1600,\"caption\":\"skaitytaknyga.lt\"},\"image\":{\"@id\":\"https:\/\/skaitytaknyga.lt\/#\/schema\/logo\/image\/\"},\"sameAs\":[\"https:\/\/www.facebook.com\/skaitytaknyga\/\"]}]}<\/script>\n<!-- \/ Yoast SEO plugin. -->","yoast_head_json":{"title":"Miestai \u017emon\u0117ms","description":"Kokiame mieste gera \u017emogui? Iki Jano Gehlo toks klausimas urbanistikoje nebuvo keliamas. Vyravusi modernistin\u0117 planavimo ideologija ir jai atstovaujantys","robots":{"index":"index","follow":"follow","max-snippet":"max-snippet:-1","max-image-preview":"max-image-preview:large","max-video-preview":"max-video-preview:-1"},"canonical":"https:\/\/skaitytaknyga.lt\/en\/produktas\/miestai-zmonems\/","og_locale":"en_GB","og_type":"article","og_title":"[:lt]Miestai \u017emon\u0117ms[:] - Skaitytaknyga","og_description":"Kokiame mieste gera \u017emogui? Iki Jano Gehlo toks klausimas urbanistikoje nebuvo keliamas. Vyravusi modernistin\u0117 planavimo ideologija ir jai atstovaujantys","og_url":"https:\/\/skaitytaknyga.lt\/en\/produktas\/miestai-zmonems\/","og_site_name":"Skaitytaknyga","article_publisher":"https:\/\/www.facebook.com\/skaitytaknyga\/","article_modified_time":"2025-09-02T17:30:26+00:00","og_image":[{"width":582,"height":722,"url":"https:\/\/skaitytaknyga.lt\/wp-content\/uploads\/2025\/08\/Miestai-zmonems.jpg","type":"image\/jpeg"}],"twitter_card":"summary_large_image","twitter_misc":{"Estimated reading time":"1 minute"},"schema":{"@context":"https:\/\/schema.org","@graph":[{"@type":"WebPage","@id":"https:\/\/skaitytaknyga.lt\/produktas\/miestai-zmonems\/","url":"https:\/\/skaitytaknyga.lt\/produktas\/miestai-zmonems\/","name":"Miestai \u017emon\u0117ms","isPartOf":{"@id":"https:\/\/skaitytaknyga.lt\/#website"},"primaryImageOfPage":{"@id":"https:\/\/skaitytaknyga.lt\/produktas\/miestai-zmonems\/#primaryimage"},"image":{"@id":"https:\/\/skaitytaknyga.lt\/produktas\/miestai-zmonems\/#primaryimage"},"thumbnailUrl":"https:\/\/skaitytaknyga.lt\/wp-content\/uploads\/2025\/08\/Miestai-zmonems.jpg","datePublished":"2025-08-01T09:57:45+00:00","dateModified":"2025-09-02T17:30:26+00:00","description":"Kokiame mieste gera \u017emogui? Iki Jano Gehlo toks klausimas urbanistikoje nebuvo keliamas. Vyravusi modernistin\u0117 planavimo ideologija ir jai atstovaujantys","breadcrumb":{"@id":"https:\/\/skaitytaknyga.lt\/produktas\/miestai-zmonems\/#breadcrumb"},"inLanguage":"en-GB","potentialAction":[{"@type":"ReadAction","target":["https:\/\/skaitytaknyga.lt\/produktas\/miestai-zmonems\/"]}]},{"@type":"ImageObject","inLanguage":"en-GB","@id":"https:\/\/skaitytaknyga.lt\/produktas\/miestai-zmonems\/#primaryimage","url":"https:\/\/skaitytaknyga.lt\/wp-content\/uploads\/2025\/08\/Miestai-zmonems.jpg","contentUrl":"https:\/\/skaitytaknyga.lt\/wp-content\/uploads\/2025\/08\/Miestai-zmonems.jpg","width":582,"height":722},{"@type":"BreadcrumbList","@id":"https:\/\/skaitytaknyga.lt\/produktas\/miestai-zmonems\/#breadcrumb","itemListElement":[{"@type":"ListItem","position":1,"name":"Home","item":"https:\/\/skaitytaknyga.lt\/"},{"@type":"ListItem","position":2,"name":"Parduotuv\u0117","item":"https:\/\/skaitytaknyga.lt\/knygu-parduotuve\/"},{"@type":"ListItem","position":3,"name":"Miestai \u017emon\u0117ms"}]},{"@type":"WebSite","@id":"https:\/\/skaitytaknyga.lt\/#website","url":"https:\/\/skaitytaknyga.lt\/","name":"skaitytaknyga.lt","description":"Skaitytaknyga.lt \u2013 tai ma\u017eas \u0161eimos verslas, kuris prasid\u0117jo nuo meil\u0117s knygoms ir siekio i\u0161gelb\u0117ti knygas nuo likimo prie konteinerio. Kas vienam nereikalingas daiktas \u2013 kitam lobis, o mes esame tarpininkai, kurie padeda abiems tapti laimingesniems ???? \u017dinome kaip nelengva i\u0161gyventi ma\u017eiems verslams, tad nuo \u0161iol, \u010dia rasite ir kit\u0173, ma\u017e\u0173 \u0161eim\u0173 versl\u0173, rank\u0173 darbo, dovan\u0173 sau ir artimiesiems.","publisher":{"@id":"https:\/\/skaitytaknyga.lt\/#organization"},"potentialAction":[{"@type":"SearchAction","target":{"@type":"EntryPoint","urlTemplate":"https:\/\/skaitytaknyga.lt\/?s={search_term_string}"},"query-input":{"@type":"PropertyValueSpecification","valueRequired":true,"valueName":"search_term_string"}}],"inLanguage":"en-GB"},{"@type":"Organization","@id":"https:\/\/skaitytaknyga.lt\/#organization","name":"skaitytaknyga.lt","url":"https:\/\/skaitytaknyga.lt\/","logo":{"@type":"ImageObject","inLanguage":"en-GB","@id":"https:\/\/skaitytaknyga.lt\/#\/schema\/logo\/image\/","url":"https:\/\/skaitytaknyga.lt\/wp-content\/uploads\/2024\/05\/cropped-cropped-cropped-02_00843_jt3bggkj1j3HLc7SyY6rEUpg.jpeg","contentUrl":"https:\/\/skaitytaknyga.lt\/wp-content\/uploads\/2024\/05\/cropped-cropped-cropped-02_00843_jt3bggkj1j3HLc7SyY6rEUpg.jpeg","width":1600,"height":1600,"caption":"skaitytaknyga.lt"},"image":{"@id":"https:\/\/skaitytaknyga.lt\/#\/schema\/logo\/image\/"},"sameAs":["https:\/\/www.facebook.com\/skaitytaknyga\/"]}]}},"_links":{"self":[{"href":"https:\/\/skaitytaknyga.lt\/en\/wp-json\/wp\/v2\/product\/20147","targetHints":{"allow":["GET"]}}],"collection":[{"href":"https:\/\/skaitytaknyga.lt\/en\/wp-json\/wp\/v2\/product"}],"about":[{"href":"https:\/\/skaitytaknyga.lt\/en\/wp-json\/wp\/v2\/types\/product"}],"replies":[{"embeddable":true,"href":"https:\/\/skaitytaknyga.lt\/en\/wp-json\/wp\/v2\/comments?post=20147"}],"wp:featuredmedia":[{"embeddable":true,"href":"https:\/\/skaitytaknyga.lt\/en\/wp-json\/wp\/v2\/media\/20151"}],"wp:attachment":[{"href":"https:\/\/skaitytaknyga.lt\/en\/wp-json\/wp\/v2\/media?parent=20147"}],"wp:term":[{"taxonomy":"product_brand","embeddable":true,"href":"https:\/\/skaitytaknyga.lt\/en\/wp-json\/wp\/v2\/product_brand?post=20147"},{"taxonomy":"product_cat","embeddable":true,"href":"https:\/\/skaitytaknyga.lt\/en\/wp-json\/wp\/v2\/product_cat?post=20147"},{"taxonomy":"product_tag","embeddable":true,"href":"https:\/\/skaitytaknyga.lt\/en\/wp-json\/wp\/v2\/product_tag?post=20147"}],"curies":[{"name":"wp","href":"https:\/\/api.w.org\/{rel}","templated":true}]}}