{"id":20146,"date":"2025-08-01T12:57:45","date_gmt":"2025-08-01T09:57:45","guid":{"rendered":"https:\/\/skaitytaknyga.lt\/?post_type=product&#038;p=20146"},"modified":"2026-02-15T20:55:09","modified_gmt":"2026-02-15T18:55:09","slug":"toyota-kata","status":"publish","type":"product","link":"https:\/\/skaitytaknyga.lt\/en\/produktas\/toyota-kata\/","title":{"rendered":"Toyota Kata"},"content":{"rendered":"<p>\u201eToyota Kata\u201c \u2013 knyga apie tai, kaip vadovauti \u017emon\u0117ms, kad jie tobul\u0117t\u0173, adaptuot\u0173si ir pasiekt\u0173 puiki\u0173 rezultat\u0173.<\/p>\n<p>\u0160i knyga leid\u017eia pa\u017evelgti \u012f \u201eToyota\u201c u\u017ekulisius, kad naujai suvoktum\u0117te legendin\u0117s automobili\u0173 kompanijos valdym\u0105. Joje pateiktos praktin\u0117s gair\u0117s, kaip vadovauti ir ugdyti darbuotojus, panaudojant \u017emogaus proto galimybes. J\u0105 perskait\u0119 su\u017einosite: kaip tobulinim\u0105 ir adaptacij\u0105 paversti kasdienybe; kaip ugdyti ir panaudoti kiekvieno darbuotojo geb\u0117jimus, kad pasiektum\u0117te nauj\u0173 veiklos auk\u0161tum\u0173; kaip \u012fveikti nenusp\u0117jamas situacijas ir patenkinti vartotoj\u0173 poriekius.<\/p>\n<p>Knyga \u201eToyota Kata\u201c para\u0161yta vadovaujantis \u0161e\u0161eri\u0173 met\u0173 patirtimi tiriant \u201eToyota\u201c vadovyb\u0117s ir pavaldini\u0173 elgesio rutinas \u2013 vadinam\u0105sias kata. Joje atskleista, kaip taikant tobulinimo ir ugdymo kata tobulinti vyraujant\u012f valdymo metod\u0105, kad pasiektum\u0117te nepaprast\u0173 rezultat\u0173 ir i\u0161laikytum\u0117te konkurencin\u012f prana\u0161um\u0105.<\/p>\n","protected":false},"excerpt":{"rendered":"<p>\u201eToyota Kata\u201c \u2013 knyga apie tai, kaip vadovauti \u017emon\u0117ms, kad jie tobul\u0117t\u0173, adaptuot\u0173si ir pasiekt\u0173 puiki\u0173 rezultat\u0173. \u0160i knyga leid\u017eia pa\u017evelgti \u012f \u201eToyota\u201c u\u017ekulisius, kad naujai suvoktum\u0117te legendin\u0117s automobili\u0173 kompanijos valdym\u0105. Joje pateiktos praktin\u0117s gair\u0117s, kaip vadovauti ir ugdyti darbuotojus, panaudojant \u017emogaus proto galimybes. J\u0105 perskait\u0119 su\u017einosite: kaip tobulinim\u0105 ir adaptacij\u0105 paversti kasdienybe; kaip ugdyti ir panaudoti kiekvieno darbuotojo geb\u0117jimus, kad pasiektum\u0117te nauj\u0173 veiklos auk\u0161tum\u0173; kaip \u012fveikti nenusp\u0117jamas situacijas ir patenkinti vartotoj\u0173 poriekius. Knyga \u201eToyota Kata\u201c para\u0161yta vadovaujantis \u0161e\u0161eri\u0173 met\u0173 patirtimi tiriant \u201eToyota\u201c vadovyb\u0117s ir pavaldini\u0173 elgesio rutinas \u2013 vadinam\u0105sias kata. Joje atskleista, kaip taikant tobulinimo ir ugdymo kata tobulinti vyraujant\u012f valdymo metod\u0105, kad pasiektum\u0117te nepaprast\u0173 rezultat\u0173 ir i\u0161laikytum\u0117te konkurencin\u012f prana\u0161um\u0105.<\/p>\n","protected":false},"featured_media":20150,"comment_status":"open","ping_status":"closed","template":"","meta":{"_acf_changed":false,"site-sidebar-layout":"default","site-content-layout":"","ast-site-content-layout":"default","site-content-style":"default","site-sidebar-style":"default","ast-global-header-display":"","ast-banner-title-visibility":"","ast-main-header-display":"","ast-hfb-above-header-display":"","ast-hfb-below-header-display":"","ast-hfb-mobile-header-display":"","site-post-title":"","ast-breadcrumbs-content":"","ast-featured-img":"","footer-sml-layout":"","ast-disable-related-posts":"","theme-transparent-header-meta":"","adv-header-id-meta":"","stick-header-meta":"","header-above-stick-meta":"","header-main-stick-meta":"","header-below-stick-meta":"","astra-migrate-meta-layouts":"default","ast-page-background-enabled":"default","ast-page-background-meta":{"desktop":{"background-color":"","background-image":"","background-repeat":"repeat","background-position":"center center","background-size":"auto","background-attachment":"scroll","background-type":"","background-media":"","overlay-type":"","overlay-color":"","overlay-opacity":"","overlay-gradient":""},"tablet":{"background-color":"","background-image":"","background-repeat":"repeat","background-position":"center center","background-size":"auto","background-attachment":"scroll","background-type":"","background-media":"","overlay-type":"","overlay-color":"","overlay-opacity":"","overlay-gradient":""},"mobile":{"background-color":"","background-image":"","background-repeat":"repeat","background-position":"center center","background-size":"auto","background-attachment":"scroll","background-type":"","background-media":"","overlay-type":"","overlay-color":"","overlay-opacity":"","overlay-gradient":""}},"ast-content-background-meta":{"desktop":{"background-color":"var(--ast-global-color-4)","background-image":"","background-repeat":"repeat","background-position":"center center","background-size":"auto","background-attachment":"scroll","background-type":"","background-media":"","overlay-type":"","overlay-color":"","overlay-opacity":"","overlay-gradient":""},"tablet":{"background-color":"var(--ast-global-color-4)","background-image":"","background-repeat":"repeat","background-position":"center center","background-size":"auto","background-attachment":"scroll","background-type":"","background-media":"","overlay-type":"","overlay-color":"","overlay-opacity":"","overlay-gradient":""},"mobile":{"background-color":"var(--ast-global-color-4)","background-image":"","background-repeat":"repeat","background-position":"center center","background-size":"auto","background-attachment":"scroll","background-type":"","background-media":"","overlay-type":"","overlay-color":"","overlay-opacity":"","overlay-gradient":""}}},"product_brand":[],"product_cat":[26],"product_tag":[],"class_list":{"0":"post-20146","1":"product","2":"type-product","3":"status-publish","4":"has-post-thumbnail","6":"product_cat-verslas-vadyba-ir-finansai","7":"desktop-align-left","8":"tablet-align-left","9":"mobile-align-left","11":"first","12":"outofstock","13":"shipping-taxable","14":"purchasable","15":"product-type-simple"},"acf":[],"yoast_head":"<!-- This site is optimized with the Yoast SEO plugin v27.0 - https:\/\/yoast.com\/product\/yoast-seo-wordpress\/ -->\n<title>Toyota Kata<\/title>\n<meta name=\"description\" content=\"\u201eToyota Kata\u201c \u2013 knyga apie tai, kaip vadovauti \u017emon\u0117ms, kad jie tobul\u0117t\u0173, adaptuot\u0173si ir pasiekt\u0173 puiki\u0173 rezultat\u0173. \u0160i knyga leid\u017eia pa\u017evelgti \u012f \u201eToyota\u201c\" \/>\n<meta name=\"robots\" content=\"index, follow, max-snippet:-1, max-image-preview:large, max-video-preview:-1\" \/>\n<link rel=\"canonical\" href=\"https:\/\/skaitytaknyga.lt\/en\/produktas\/toyota-kata\/\" \/>\n<meta property=\"og:locale\" content=\"en_GB\" \/>\n<meta property=\"og:locale:alternate\" content=\"lt_LT\" \/>\n<meta property=\"og:type\" content=\"article\" \/>\n<meta property=\"og:title\" content=\"Toyota Kata\" \/>\n<meta property=\"og:description\" content=\"\u201eToyota Kata\u201c \u2013 knyga apie tai, kaip vadovauti \u017emon\u0117ms, kad jie tobul\u0117t\u0173, adaptuot\u0173si ir pasiekt\u0173 puiki\u0173 rezultat\u0173. \u0160i knyga leid\u017eia pa\u017evelgti \u012f \u201eToyota\u201c\" \/>\n<meta property=\"og:url\" content=\"https:\/\/skaitytaknyga.lt\/en\/produktas\/toyota-kata\/\" \/>\n<meta property=\"og:site_name\" content=\"Skaitytaknyga\" \/>\n<meta property=\"article:publisher\" content=\"https:\/\/www.facebook.com\/skaitytaknyga\/\" \/>\n<meta property=\"article:modified_time\" content=\"2026-02-15T18:55:09+00:00\" \/>\n<meta property=\"og:image\" content=\"https:\/\/skaitytaknyga.lt\/wp-content\/uploads\/2025\/08\/Toyota-Kata.webp\" \/>\n\t<meta property=\"og:image:width\" content=\"209\" \/>\n\t<meta property=\"og:image:height\" content=\"308\" \/>\n\t<meta property=\"og:image:type\" content=\"image\/webp\" \/>\n<meta name=\"twitter:card\" content=\"summary_large_image\" \/>\n<meta name=\"twitter:label1\" content=\"Estimated reading time\" \/>\n\t<meta name=\"twitter:data1\" content=\"1 minute\" \/>\n<script type=\"application\/ld+json\" class=\"yoast-schema-graph\">{\"@context\":\"https:\/\/schema.org\",\"@graph\":[{\"@type\":\"WebPage\",\"@id\":\"https:\/\/skaitytaknyga.lt\/produktas\/toyota-kata\/\",\"url\":\"https:\/\/skaitytaknyga.lt\/produktas\/toyota-kata\/\",\"name\":\"Toyota Kata\",\"isPartOf\":{\"@id\":\"https:\/\/skaitytaknyga.lt\/#website\"},\"primaryImageOfPage\":{\"@id\":\"https:\/\/skaitytaknyga.lt\/produktas\/toyota-kata\/#primaryimage\"},\"image\":{\"@id\":\"https:\/\/skaitytaknyga.lt\/produktas\/toyota-kata\/#primaryimage\"},\"thumbnailUrl\":\"https:\/\/skaitytaknyga.lt\/wp-content\/uploads\/2025\/08\/Toyota-Kata.webp\",\"datePublished\":\"2025-08-01T09:57:45+00:00\",\"dateModified\":\"2026-02-15T18:55:09+00:00\",\"description\":\"\u201eToyota Kata\u201c \u2013 knyga apie tai, kaip vadovauti \u017emon\u0117ms, kad jie tobul\u0117t\u0173, adaptuot\u0173si ir pasiekt\u0173 puiki\u0173 rezultat\u0173. \u0160i knyga leid\u017eia pa\u017evelgti \u012f \u201eToyota\u201c\",\"breadcrumb\":{\"@id\":\"https:\/\/skaitytaknyga.lt\/produktas\/toyota-kata\/#breadcrumb\"},\"inLanguage\":\"en-GB\",\"potentialAction\":[{\"@type\":\"ReadAction\",\"target\":[\"https:\/\/skaitytaknyga.lt\/produktas\/toyota-kata\/\"]}]},{\"@type\":\"ImageObject\",\"inLanguage\":\"en-GB\",\"@id\":\"https:\/\/skaitytaknyga.lt\/produktas\/toyota-kata\/#primaryimage\",\"url\":\"https:\/\/skaitytaknyga.lt\/wp-content\/uploads\/2025\/08\/Toyota-Kata.webp\",\"contentUrl\":\"https:\/\/skaitytaknyga.lt\/wp-content\/uploads\/2025\/08\/Toyota-Kata.webp\",\"width\":209,\"height\":308,\"caption\":\"Toyota Kata\"},{\"@type\":\"BreadcrumbList\",\"@id\":\"https:\/\/skaitytaknyga.lt\/produktas\/toyota-kata\/#breadcrumb\",\"itemListElement\":[{\"@type\":\"ListItem\",\"position\":1,\"name\":\"Home\",\"item\":\"https:\/\/skaitytaknyga.lt\/\"},{\"@type\":\"ListItem\",\"position\":2,\"name\":\"Parduotuv\u0117\",\"item\":\"https:\/\/skaitytaknyga.lt\/knygu-parduotuve\/\"},{\"@type\":\"ListItem\",\"position\":3,\"name\":\"Toyota Kata\"}]},{\"@type\":\"WebSite\",\"@id\":\"https:\/\/skaitytaknyga.lt\/#website\",\"url\":\"https:\/\/skaitytaknyga.lt\/\",\"name\":\"skaitytaknyga.lt\",\"description\":\"Skaitytaknyga.lt \u2013 tai ma\u017eas \u0161eimos verslas, kuris prasid\u0117jo nuo meil\u0117s knygoms ir siekio i\u0161gelb\u0117ti knygas nuo likimo prie konteinerio. Kas vienam nereikalingas daiktas \u2013 kitam lobis, o mes esame tarpininkai, kurie padeda abiems tapti laimingesniems ???? \u017dinome kaip nelengva i\u0161gyventi ma\u017eiems verslams, tad nuo \u0161iol, \u010dia rasite ir kit\u0173, ma\u017e\u0173 \u0161eim\u0173 versl\u0173, rank\u0173 darbo, dovan\u0173 sau ir artimiesiems.\",\"publisher\":{\"@id\":\"https:\/\/skaitytaknyga.lt\/#organization\"},\"potentialAction\":[{\"@type\":\"SearchAction\",\"target\":{\"@type\":\"EntryPoint\",\"urlTemplate\":\"https:\/\/skaitytaknyga.lt\/?s={search_term_string}\"},\"query-input\":{\"@type\":\"PropertyValueSpecification\",\"valueRequired\":true,\"valueName\":\"search_term_string\"}}],\"inLanguage\":\"en-GB\"},{\"@type\":\"Organization\",\"@id\":\"https:\/\/skaitytaknyga.lt\/#organization\",\"name\":\"skaitytaknyga.lt\",\"url\":\"https:\/\/skaitytaknyga.lt\/\",\"logo\":{\"@type\":\"ImageObject\",\"inLanguage\":\"en-GB\",\"@id\":\"https:\/\/skaitytaknyga.lt\/#\/schema\/logo\/image\/\",\"url\":\"https:\/\/skaitytaknyga.lt\/wp-content\/uploads\/2024\/05\/cropped-cropped-cropped-02_00843_jt3bggkj1j3HLc7SyY6rEUpg.jpeg\",\"contentUrl\":\"https:\/\/skaitytaknyga.lt\/wp-content\/uploads\/2024\/05\/cropped-cropped-cropped-02_00843_jt3bggkj1j3HLc7SyY6rEUpg.jpeg\",\"width\":1600,\"height\":1600,\"caption\":\"skaitytaknyga.lt\"},\"image\":{\"@id\":\"https:\/\/skaitytaknyga.lt\/#\/schema\/logo\/image\/\"},\"sameAs\":[\"https:\/\/www.facebook.com\/skaitytaknyga\/\"]}]}<\/script>\n<!-- \/ Yoast SEO plugin. -->","yoast_head_json":{"title":"Toyota Kata","description":"\u201eToyota Kata\u201c \u2013 knyga apie tai, kaip vadovauti \u017emon\u0117ms, kad jie tobul\u0117t\u0173, adaptuot\u0173si ir pasiekt\u0173 puiki\u0173 rezultat\u0173. \u0160i knyga leid\u017eia pa\u017evelgti \u012f \u201eToyota\u201c","robots":{"index":"index","follow":"follow","max-snippet":"max-snippet:-1","max-image-preview":"max-image-preview:large","max-video-preview":"max-video-preview:-1"},"canonical":"https:\/\/skaitytaknyga.lt\/en\/produktas\/toyota-kata\/","og_locale":"en_GB","og_type":"article","og_title":"[:lt]Toyota Kata[:] - Skaitytaknyga","og_description":"\u201eToyota Kata\u201c \u2013 knyga apie tai, kaip vadovauti \u017emon\u0117ms, kad jie tobul\u0117t\u0173, adaptuot\u0173si ir pasiekt\u0173 puiki\u0173 rezultat\u0173. \u0160i knyga leid\u017eia pa\u017evelgti \u012f \u201eToyota\u201c","og_url":"https:\/\/skaitytaknyga.lt\/en\/produktas\/toyota-kata\/","og_site_name":"Skaitytaknyga","article_publisher":"https:\/\/www.facebook.com\/skaitytaknyga\/","article_modified_time":"2026-02-15T18:55:09+00:00","og_image":[{"width":209,"height":308,"url":"https:\/\/skaitytaknyga.lt\/wp-content\/uploads\/2025\/08\/Toyota-Kata.webp","type":"image\/webp"}],"twitter_card":"summary_large_image","twitter_misc":{"Estimated reading time":"1 minute"},"schema":{"@context":"https:\/\/schema.org","@graph":[{"@type":"WebPage","@id":"https:\/\/skaitytaknyga.lt\/produktas\/toyota-kata\/","url":"https:\/\/skaitytaknyga.lt\/produktas\/toyota-kata\/","name":"Toyota Kata","isPartOf":{"@id":"https:\/\/skaitytaknyga.lt\/#website"},"primaryImageOfPage":{"@id":"https:\/\/skaitytaknyga.lt\/produktas\/toyota-kata\/#primaryimage"},"image":{"@id":"https:\/\/skaitytaknyga.lt\/produktas\/toyota-kata\/#primaryimage"},"thumbnailUrl":"https:\/\/skaitytaknyga.lt\/wp-content\/uploads\/2025\/08\/Toyota-Kata.webp","datePublished":"2025-08-01T09:57:45+00:00","dateModified":"2026-02-15T18:55:09+00:00","description":"\u201eToyota Kata\u201c \u2013 knyga apie tai, kaip vadovauti \u017emon\u0117ms, kad jie tobul\u0117t\u0173, adaptuot\u0173si ir pasiekt\u0173 puiki\u0173 rezultat\u0173. \u0160i knyga leid\u017eia pa\u017evelgti \u012f \u201eToyota\u201c","breadcrumb":{"@id":"https:\/\/skaitytaknyga.lt\/produktas\/toyota-kata\/#breadcrumb"},"inLanguage":"en-GB","potentialAction":[{"@type":"ReadAction","target":["https:\/\/skaitytaknyga.lt\/produktas\/toyota-kata\/"]}]},{"@type":"ImageObject","inLanguage":"en-GB","@id":"https:\/\/skaitytaknyga.lt\/produktas\/toyota-kata\/#primaryimage","url":"https:\/\/skaitytaknyga.lt\/wp-content\/uploads\/2025\/08\/Toyota-Kata.webp","contentUrl":"https:\/\/skaitytaknyga.lt\/wp-content\/uploads\/2025\/08\/Toyota-Kata.webp","width":209,"height":308,"caption":"Toyota Kata"},{"@type":"BreadcrumbList","@id":"https:\/\/skaitytaknyga.lt\/produktas\/toyota-kata\/#breadcrumb","itemListElement":[{"@type":"ListItem","position":1,"name":"Home","item":"https:\/\/skaitytaknyga.lt\/"},{"@type":"ListItem","position":2,"name":"Parduotuv\u0117","item":"https:\/\/skaitytaknyga.lt\/knygu-parduotuve\/"},{"@type":"ListItem","position":3,"name":"Toyota Kata"}]},{"@type":"WebSite","@id":"https:\/\/skaitytaknyga.lt\/#website","url":"https:\/\/skaitytaknyga.lt\/","name":"skaitytaknyga.lt","description":"Skaitytaknyga.lt \u2013 tai ma\u017eas \u0161eimos verslas, kuris prasid\u0117jo nuo meil\u0117s knygoms ir siekio i\u0161gelb\u0117ti knygas nuo likimo prie konteinerio. Kas vienam nereikalingas daiktas \u2013 kitam lobis, o mes esame tarpininkai, kurie padeda abiems tapti laimingesniems ???? \u017dinome kaip nelengva i\u0161gyventi ma\u017eiems verslams, tad nuo \u0161iol, \u010dia rasite ir kit\u0173, ma\u017e\u0173 \u0161eim\u0173 versl\u0173, rank\u0173 darbo, dovan\u0173 sau ir artimiesiems.","publisher":{"@id":"https:\/\/skaitytaknyga.lt\/#organization"},"potentialAction":[{"@type":"SearchAction","target":{"@type":"EntryPoint","urlTemplate":"https:\/\/skaitytaknyga.lt\/?s={search_term_string}"},"query-input":{"@type":"PropertyValueSpecification","valueRequired":true,"valueName":"search_term_string"}}],"inLanguage":"en-GB"},{"@type":"Organization","@id":"https:\/\/skaitytaknyga.lt\/#organization","name":"skaitytaknyga.lt","url":"https:\/\/skaitytaknyga.lt\/","logo":{"@type":"ImageObject","inLanguage":"en-GB","@id":"https:\/\/skaitytaknyga.lt\/#\/schema\/logo\/image\/","url":"https:\/\/skaitytaknyga.lt\/wp-content\/uploads\/2024\/05\/cropped-cropped-cropped-02_00843_jt3bggkj1j3HLc7SyY6rEUpg.jpeg","contentUrl":"https:\/\/skaitytaknyga.lt\/wp-content\/uploads\/2024\/05\/cropped-cropped-cropped-02_00843_jt3bggkj1j3HLc7SyY6rEUpg.jpeg","width":1600,"height":1600,"caption":"skaitytaknyga.lt"},"image":{"@id":"https:\/\/skaitytaknyga.lt\/#\/schema\/logo\/image\/"},"sameAs":["https:\/\/www.facebook.com\/skaitytaknyga\/"]}]}},"_links":{"self":[{"href":"https:\/\/skaitytaknyga.lt\/en\/wp-json\/wp\/v2\/product\/20146","targetHints":{"allow":["GET"]}}],"collection":[{"href":"https:\/\/skaitytaknyga.lt\/en\/wp-json\/wp\/v2\/product"}],"about":[{"href":"https:\/\/skaitytaknyga.lt\/en\/wp-json\/wp\/v2\/types\/product"}],"replies":[{"embeddable":true,"href":"https:\/\/skaitytaknyga.lt\/en\/wp-json\/wp\/v2\/comments?post=20146"}],"wp:featuredmedia":[{"embeddable":true,"href":"https:\/\/skaitytaknyga.lt\/en\/wp-json\/wp\/v2\/media\/20150"}],"wp:attachment":[{"href":"https:\/\/skaitytaknyga.lt\/en\/wp-json\/wp\/v2\/media?parent=20146"}],"wp:term":[{"taxonomy":"product_brand","embeddable":true,"href":"https:\/\/skaitytaknyga.lt\/en\/wp-json\/wp\/v2\/product_brand?post=20146"},{"taxonomy":"product_cat","embeddable":true,"href":"https:\/\/skaitytaknyga.lt\/en\/wp-json\/wp\/v2\/product_cat?post=20146"},{"taxonomy":"product_tag","embeddable":true,"href":"https:\/\/skaitytaknyga.lt\/en\/wp-json\/wp\/v2\/product_tag?post=20146"}],"curies":[{"name":"wp","href":"https:\/\/api.w.org\/{rel}","templated":true}]}}