{"id":20136,"date":"2025-08-01T11:15:02","date_gmt":"2025-08-01T08:15:02","guid":{"rendered":"https:\/\/skaitytaknyga.lt\/?post_type=product&#038;p=20136"},"modified":"2025-08-06T08:16:21","modified_gmt":"2025-08-06T05:16:21","slug":"darzoviu-patiekalai","status":"publish","type":"product","link":"https:\/\/skaitytaknyga.lt\/en\/produktas\/darzoviu-patiekalai\/","title":{"rendered":"Dar\u017eovi\u0173 patiekalai"},"content":{"rendered":"<p>Pasak mitybos specialist\u0173, per dien\u0105 reikia suvalgyti 400 gram\u0173 dar\u017eovi\u0173 \u2013 apie 2\u20133 l\u0117k\u0161tes. Sakoma, kad keisti valgymo \u012fpro\u010dius labai sud\u0117tinga. M\u016bs\u0173 patarimas \u2013 rinktis J\u016bs\u0173 m\u0117gstamus patiekalus. Tada gali paai\u0161k\u0117ti, kad \u012fpro\u010dius keisti lengva, nes skanu ir sveika \u2013 suderinama. Pasisemti kulinarini\u0173 id\u0117j\u0173 Jums pad\u0117s knyga \u201eDar\u017eovi\u0173 patiekalai\u201c.<\/p>\n<p>Pagal autori\u0173 parinktus receptus gal\u0117site pasigaminti patiekal\u0173 i\u0161 \u012fvairiausi\u0173 dar\u017eovi\u0173: nuo seno lietuvi\u0173 pam\u0117gt\u0173 dar\u017eo g\u0117rybi\u0173 ir ma\u017eiau populiari\u0173, kuri\u0173 dar ne\u012fpratome vartoti kasdien\u0117je virtuv\u0117je.<\/p>\n<p>Nepamir\u0161kite: nuo J\u016bs\u0173 piet\u0173 priklauso ne tik kaip atrodote, bet ir kaip jau\u010diat\u0117s.<\/p>\n","protected":false},"excerpt":{"rendered":"<p>Pasak mitybos specialist\u0173, per dien\u0105 reikia suvalgyti 400 gram\u0173 dar\u017eovi\u0173 \u2013 apie 2\u20133 l\u0117k\u0161tes. Sakoma, kad keisti valgymo \u012fpro\u010dius labai sud\u0117tinga. M\u016bs\u0173 patarimas \u2013 rinktis J\u016bs\u0173 m\u0117gstamus patiekalus. Tada gali paai\u0161k\u0117ti, kad \u012fpro\u010dius keisti lengva, nes skanu ir sveika \u2013 suderinama. Pasisemti kulinarini\u0173 id\u0117j\u0173 Jums pad\u0117s knyga \u201eDar\u017eovi\u0173 patiekalai\u201c. Pagal autori\u0173 parinktus receptus gal\u0117site pasigaminti patiekal\u0173 i\u0161 \u012fvairiausi\u0173 dar\u017eovi\u0173: nuo seno lietuvi\u0173 pam\u0117gt\u0173 dar\u017eo g\u0117rybi\u0173 ir ma\u017eiau populiari\u0173, kuri\u0173 dar ne\u012fpratome vartoti kasdien\u0117je virtuv\u0117je. Nepamir\u0161kite: nuo J\u016bs\u0173 piet\u0173 priklauso ne tik kaip atrodote, bet ir kaip jau\u010diat\u0117s.<\/p>\n","protected":false},"featured_media":20140,"comment_status":"open","ping_status":"closed","template":"","meta":{"_acf_changed":false,"site-sidebar-layout":"default","site-content-layout":"","ast-site-content-layout":"default","site-content-style":"default","site-sidebar-style":"default","ast-global-header-display":"","ast-banner-title-visibility":"","ast-main-header-display":"","ast-hfb-above-header-display":"","ast-hfb-below-header-display":"","ast-hfb-mobile-header-display":"","site-post-title":"","ast-breadcrumbs-content":"","ast-featured-img":"","footer-sml-layout":"","ast-disable-related-posts":"","theme-transparent-header-meta":"","adv-header-id-meta":"","stick-header-meta":"","header-above-stick-meta":"","header-main-stick-meta":"","header-below-stick-meta":"","astra-migrate-meta-layouts":"default","ast-page-background-enabled":"default","ast-page-background-meta":{"desktop":{"background-color":"","background-image":"","background-repeat":"repeat","background-position":"center center","background-size":"auto","background-attachment":"scroll","background-type":"","background-media":"","overlay-type":"","overlay-color":"","overlay-opacity":"","overlay-gradient":""},"tablet":{"background-color":"","background-image":"","background-repeat":"repeat","background-position":"center center","background-size":"auto","background-attachment":"scroll","background-type":"","background-media":"","overlay-type":"","overlay-color":"","overlay-opacity":"","overlay-gradient":""},"mobile":{"background-color":"","background-image":"","background-repeat":"repeat","background-position":"center center","background-size":"auto","background-attachment":"scroll","background-type":"","background-media":"","overlay-type":"","overlay-color":"","overlay-opacity":"","overlay-gradient":""}},"ast-content-background-meta":{"desktop":{"background-color":"var(--ast-global-color-4)","background-image":"","background-repeat":"repeat","background-position":"center center","background-size":"auto","background-attachment":"scroll","background-type":"","background-media":"","overlay-type":"","overlay-color":"","overlay-opacity":"","overlay-gradient":""},"tablet":{"background-color":"var(--ast-global-color-4)","background-image":"","background-repeat":"repeat","background-position":"center center","background-size":"auto","background-attachment":"scroll","background-type":"","background-media":"","overlay-type":"","overlay-color":"","overlay-opacity":"","overlay-gradient":""},"mobile":{"background-color":"var(--ast-global-color-4)","background-image":"","background-repeat":"repeat","background-position":"center center","background-size":"auto","background-attachment":"scroll","background-type":"","background-media":"","overlay-type":"","overlay-color":"","overlay-opacity":"","overlay-gradient":""}}},"product_brand":[],"product_cat":[15],"product_tag":[],"class_list":{"0":"post-20136","1":"product","2":"type-product","3":"status-publish","4":"has-post-thumbnail","6":"product_cat-uncategorized","7":"desktop-align-left","8":"tablet-align-left","9":"mobile-align-left","11":"first","12":"instock","13":"shipping-taxable","14":"purchasable","15":"product-type-simple"},"acf":[],"yoast_head":"<!-- This site is optimized with the Yoast SEO plugin v27.0 - https:\/\/yoast.com\/product\/yoast-seo-wordpress\/ -->\n<title>Dar\u017eovi\u0173 patiekalai<\/title>\n<meta name=\"description\" content=\"Pasak mitybos specialist\u0173, per dien\u0105 reikia suvalgyti 400 gram\u0173 dar\u017eovi\u0173 \u2013 apie 2\u20133 l\u0117k\u0161tes. Sakoma, kad keisti valgymo \u012fpro\u010dius labai sud\u0117tinga. M\u016bs\u0173\" \/>\n<meta name=\"robots\" content=\"index, follow, max-snippet:-1, max-image-preview:large, max-video-preview:-1\" \/>\n<link rel=\"canonical\" href=\"https:\/\/skaitytaknyga.lt\/en\/produktas\/darzoviu-patiekalai\/\" \/>\n<meta property=\"og:locale\" content=\"en_GB\" \/>\n<meta property=\"og:locale:alternate\" content=\"lt_LT\" \/>\n<meta property=\"og:type\" content=\"article\" \/>\n<meta property=\"og:title\" content=\"Dar\u017eovi\u0173 patiekalai\" \/>\n<meta property=\"og:description\" content=\"Pasak mitybos specialist\u0173, per dien\u0105 reikia suvalgyti 400 gram\u0173 dar\u017eovi\u0173 \u2013 apie 2\u20133 l\u0117k\u0161tes. Sakoma, kad keisti valgymo \u012fpro\u010dius labai sud\u0117tinga. M\u016bs\u0173\" \/>\n<meta property=\"og:url\" content=\"https:\/\/skaitytaknyga.lt\/en\/produktas\/darzoviu-patiekalai\/\" \/>\n<meta property=\"og:site_name\" content=\"Skaitytaknyga\" \/>\n<meta property=\"article:publisher\" content=\"https:\/\/www.facebook.com\/skaitytaknyga\/\" \/>\n<meta property=\"article:modified_time\" content=\"2025-08-06T05:16:21+00:00\" \/>\n<meta property=\"og:image\" content=\"https:\/\/skaitytaknyga.lt\/wp-content\/uploads\/2025\/08\/darzoviu-patiekalai-1.webp\" \/>\n\t<meta property=\"og:image:width\" content=\"578\" \/>\n\t<meta property=\"og:image:height\" content=\"800\" \/>\n\t<meta property=\"og:image:type\" content=\"image\/webp\" \/>\n<meta name=\"twitter:card\" content=\"summary_large_image\" \/>\n<meta name=\"twitter:label1\" content=\"Estimated reading time\" \/>\n\t<meta name=\"twitter:data1\" content=\"1 minute\" \/>\n<script type=\"application\/ld+json\" class=\"yoast-schema-graph\">{\"@context\":\"https:\/\/schema.org\",\"@graph\":[{\"@type\":\"WebPage\",\"@id\":\"https:\/\/skaitytaknyga.lt\/produktas\/darzoviu-patiekalai\/\",\"url\":\"https:\/\/skaitytaknyga.lt\/produktas\/darzoviu-patiekalai\/\",\"name\":\"Dar\u017eovi\u0173 patiekalai\",\"isPartOf\":{\"@id\":\"https:\/\/skaitytaknyga.lt\/#website\"},\"primaryImageOfPage\":{\"@id\":\"https:\/\/skaitytaknyga.lt\/produktas\/darzoviu-patiekalai\/#primaryimage\"},\"image\":{\"@id\":\"https:\/\/skaitytaknyga.lt\/produktas\/darzoviu-patiekalai\/#primaryimage\"},\"thumbnailUrl\":\"https:\/\/skaitytaknyga.lt\/wp-content\/uploads\/2025\/08\/darzoviu-patiekalai-1.webp\",\"datePublished\":\"2025-08-01T08:15:02+00:00\",\"dateModified\":\"2025-08-06T05:16:21+00:00\",\"description\":\"Pasak mitybos specialist\u0173, per dien\u0105 reikia suvalgyti 400 gram\u0173 dar\u017eovi\u0173 \u2013 apie 2\u20133 l\u0117k\u0161tes. Sakoma, kad keisti valgymo \u012fpro\u010dius labai sud\u0117tinga. M\u016bs\u0173\",\"breadcrumb\":{\"@id\":\"https:\/\/skaitytaknyga.lt\/produktas\/darzoviu-patiekalai\/#breadcrumb\"},\"inLanguage\":\"en-GB\",\"potentialAction\":[{\"@type\":\"ReadAction\",\"target\":[\"https:\/\/skaitytaknyga.lt\/produktas\/darzoviu-patiekalai\/\"]}]},{\"@type\":\"ImageObject\",\"inLanguage\":\"en-GB\",\"@id\":\"https:\/\/skaitytaknyga.lt\/produktas\/darzoviu-patiekalai\/#primaryimage\",\"url\":\"https:\/\/skaitytaknyga.lt\/wp-content\/uploads\/2025\/08\/darzoviu-patiekalai-1.webp\",\"contentUrl\":\"https:\/\/skaitytaknyga.lt\/wp-content\/uploads\/2025\/08\/darzoviu-patiekalai-1.webp\",\"width\":578,\"height\":800,\"caption\":\"dar\u017eovi\u0173 patiekalai\"},{\"@type\":\"BreadcrumbList\",\"@id\":\"https:\/\/skaitytaknyga.lt\/produktas\/darzoviu-patiekalai\/#breadcrumb\",\"itemListElement\":[{\"@type\":\"ListItem\",\"position\":1,\"name\":\"Home\",\"item\":\"https:\/\/skaitytaknyga.lt\/\"},{\"@type\":\"ListItem\",\"position\":2,\"name\":\"Parduotuv\u0117\",\"item\":\"https:\/\/skaitytaknyga.lt\/knygu-parduotuve\/\"},{\"@type\":\"ListItem\",\"position\":3,\"name\":\"Dar\u017eovi\u0173 patiekalai\"}]},{\"@type\":\"WebSite\",\"@id\":\"https:\/\/skaitytaknyga.lt\/#website\",\"url\":\"https:\/\/skaitytaknyga.lt\/\",\"name\":\"skaitytaknyga.lt\",\"description\":\"Skaitytaknyga.lt \u2013 tai ma\u017eas \u0161eimos verslas, kuris prasid\u0117jo nuo meil\u0117s knygoms ir siekio i\u0161gelb\u0117ti knygas nuo likimo prie konteinerio. Kas vienam nereikalingas daiktas \u2013 kitam lobis, o mes esame tarpininkai, kurie padeda abiems tapti laimingesniems ???? \u017dinome kaip nelengva i\u0161gyventi ma\u017eiems verslams, tad nuo \u0161iol, \u010dia rasite ir kit\u0173, ma\u017e\u0173 \u0161eim\u0173 versl\u0173, rank\u0173 darbo, dovan\u0173 sau ir artimiesiems.\",\"publisher\":{\"@id\":\"https:\/\/skaitytaknyga.lt\/#organization\"},\"potentialAction\":[{\"@type\":\"SearchAction\",\"target\":{\"@type\":\"EntryPoint\",\"urlTemplate\":\"https:\/\/skaitytaknyga.lt\/?s={search_term_string}\"},\"query-input\":{\"@type\":\"PropertyValueSpecification\",\"valueRequired\":true,\"valueName\":\"search_term_string\"}}],\"inLanguage\":\"en-GB\"},{\"@type\":\"Organization\",\"@id\":\"https:\/\/skaitytaknyga.lt\/#organization\",\"name\":\"skaitytaknyga.lt\",\"url\":\"https:\/\/skaitytaknyga.lt\/\",\"logo\":{\"@type\":\"ImageObject\",\"inLanguage\":\"en-GB\",\"@id\":\"https:\/\/skaitytaknyga.lt\/#\/schema\/logo\/image\/\",\"url\":\"https:\/\/skaitytaknyga.lt\/wp-content\/uploads\/2024\/05\/cropped-cropped-cropped-02_00843_jt3bggkj1j3HLc7SyY6rEUpg.jpeg\",\"contentUrl\":\"https:\/\/skaitytaknyga.lt\/wp-content\/uploads\/2024\/05\/cropped-cropped-cropped-02_00843_jt3bggkj1j3HLc7SyY6rEUpg.jpeg\",\"width\":1600,\"height\":1600,\"caption\":\"skaitytaknyga.lt\"},\"image\":{\"@id\":\"https:\/\/skaitytaknyga.lt\/#\/schema\/logo\/image\/\"},\"sameAs\":[\"https:\/\/www.facebook.com\/skaitytaknyga\/\"]}]}<\/script>\n<!-- \/ Yoast SEO plugin. -->","yoast_head_json":{"title":"Dar\u017eovi\u0173 patiekalai","description":"Pasak mitybos specialist\u0173, per dien\u0105 reikia suvalgyti 400 gram\u0173 dar\u017eovi\u0173 \u2013 apie 2\u20133 l\u0117k\u0161tes. Sakoma, kad keisti valgymo \u012fpro\u010dius labai sud\u0117tinga. M\u016bs\u0173","robots":{"index":"index","follow":"follow","max-snippet":"max-snippet:-1","max-image-preview":"max-image-preview:large","max-video-preview":"max-video-preview:-1"},"canonical":"https:\/\/skaitytaknyga.lt\/en\/produktas\/darzoviu-patiekalai\/","og_locale":"en_GB","og_type":"article","og_title":"[:lt]Dar\u017eovi\u0173 patiekalai[:] - Skaitytaknyga","og_description":"Pasak mitybos specialist\u0173, per dien\u0105 reikia suvalgyti 400 gram\u0173 dar\u017eovi\u0173 \u2013 apie 2\u20133 l\u0117k\u0161tes. Sakoma, kad keisti valgymo \u012fpro\u010dius labai sud\u0117tinga. M\u016bs\u0173","og_url":"https:\/\/skaitytaknyga.lt\/en\/produktas\/darzoviu-patiekalai\/","og_site_name":"Skaitytaknyga","article_publisher":"https:\/\/www.facebook.com\/skaitytaknyga\/","article_modified_time":"2025-08-06T05:16:21+00:00","og_image":[{"width":578,"height":800,"url":"https:\/\/skaitytaknyga.lt\/wp-content\/uploads\/2025\/08\/darzoviu-patiekalai-1.webp","type":"image\/webp"}],"twitter_card":"summary_large_image","twitter_misc":{"Estimated reading time":"1 minute"},"schema":{"@context":"https:\/\/schema.org","@graph":[{"@type":"WebPage","@id":"https:\/\/skaitytaknyga.lt\/produktas\/darzoviu-patiekalai\/","url":"https:\/\/skaitytaknyga.lt\/produktas\/darzoviu-patiekalai\/","name":"Dar\u017eovi\u0173 patiekalai","isPartOf":{"@id":"https:\/\/skaitytaknyga.lt\/#website"},"primaryImageOfPage":{"@id":"https:\/\/skaitytaknyga.lt\/produktas\/darzoviu-patiekalai\/#primaryimage"},"image":{"@id":"https:\/\/skaitytaknyga.lt\/produktas\/darzoviu-patiekalai\/#primaryimage"},"thumbnailUrl":"https:\/\/skaitytaknyga.lt\/wp-content\/uploads\/2025\/08\/darzoviu-patiekalai-1.webp","datePublished":"2025-08-01T08:15:02+00:00","dateModified":"2025-08-06T05:16:21+00:00","description":"Pasak mitybos specialist\u0173, per dien\u0105 reikia suvalgyti 400 gram\u0173 dar\u017eovi\u0173 \u2013 apie 2\u20133 l\u0117k\u0161tes. Sakoma, kad keisti valgymo \u012fpro\u010dius labai sud\u0117tinga. M\u016bs\u0173","breadcrumb":{"@id":"https:\/\/skaitytaknyga.lt\/produktas\/darzoviu-patiekalai\/#breadcrumb"},"inLanguage":"en-GB","potentialAction":[{"@type":"ReadAction","target":["https:\/\/skaitytaknyga.lt\/produktas\/darzoviu-patiekalai\/"]}]},{"@type":"ImageObject","inLanguage":"en-GB","@id":"https:\/\/skaitytaknyga.lt\/produktas\/darzoviu-patiekalai\/#primaryimage","url":"https:\/\/skaitytaknyga.lt\/wp-content\/uploads\/2025\/08\/darzoviu-patiekalai-1.webp","contentUrl":"https:\/\/skaitytaknyga.lt\/wp-content\/uploads\/2025\/08\/darzoviu-patiekalai-1.webp","width":578,"height":800,"caption":"dar\u017eovi\u0173 patiekalai"},{"@type":"BreadcrumbList","@id":"https:\/\/skaitytaknyga.lt\/produktas\/darzoviu-patiekalai\/#breadcrumb","itemListElement":[{"@type":"ListItem","position":1,"name":"Home","item":"https:\/\/skaitytaknyga.lt\/"},{"@type":"ListItem","position":2,"name":"Parduotuv\u0117","item":"https:\/\/skaitytaknyga.lt\/knygu-parduotuve\/"},{"@type":"ListItem","position":3,"name":"Dar\u017eovi\u0173 patiekalai"}]},{"@type":"WebSite","@id":"https:\/\/skaitytaknyga.lt\/#website","url":"https:\/\/skaitytaknyga.lt\/","name":"skaitytaknyga.lt","description":"Skaitytaknyga.lt \u2013 tai ma\u017eas \u0161eimos verslas, kuris prasid\u0117jo nuo meil\u0117s knygoms ir siekio i\u0161gelb\u0117ti knygas nuo likimo prie konteinerio. Kas vienam nereikalingas daiktas \u2013 kitam lobis, o mes esame tarpininkai, kurie padeda abiems tapti laimingesniems ???? \u017dinome kaip nelengva i\u0161gyventi ma\u017eiems verslams, tad nuo \u0161iol, \u010dia rasite ir kit\u0173, ma\u017e\u0173 \u0161eim\u0173 versl\u0173, rank\u0173 darbo, dovan\u0173 sau ir artimiesiems.","publisher":{"@id":"https:\/\/skaitytaknyga.lt\/#organization"},"potentialAction":[{"@type":"SearchAction","target":{"@type":"EntryPoint","urlTemplate":"https:\/\/skaitytaknyga.lt\/?s={search_term_string}"},"query-input":{"@type":"PropertyValueSpecification","valueRequired":true,"valueName":"search_term_string"}}],"inLanguage":"en-GB"},{"@type":"Organization","@id":"https:\/\/skaitytaknyga.lt\/#organization","name":"skaitytaknyga.lt","url":"https:\/\/skaitytaknyga.lt\/","logo":{"@type":"ImageObject","inLanguage":"en-GB","@id":"https:\/\/skaitytaknyga.lt\/#\/schema\/logo\/image\/","url":"https:\/\/skaitytaknyga.lt\/wp-content\/uploads\/2024\/05\/cropped-cropped-cropped-02_00843_jt3bggkj1j3HLc7SyY6rEUpg.jpeg","contentUrl":"https:\/\/skaitytaknyga.lt\/wp-content\/uploads\/2024\/05\/cropped-cropped-cropped-02_00843_jt3bggkj1j3HLc7SyY6rEUpg.jpeg","width":1600,"height":1600,"caption":"skaitytaknyga.lt"},"image":{"@id":"https:\/\/skaitytaknyga.lt\/#\/schema\/logo\/image\/"},"sameAs":["https:\/\/www.facebook.com\/skaitytaknyga\/"]}]}},"_links":{"self":[{"href":"https:\/\/skaitytaknyga.lt\/en\/wp-json\/wp\/v2\/product\/20136","targetHints":{"allow":["GET"]}}],"collection":[{"href":"https:\/\/skaitytaknyga.lt\/en\/wp-json\/wp\/v2\/product"}],"about":[{"href":"https:\/\/skaitytaknyga.lt\/en\/wp-json\/wp\/v2\/types\/product"}],"replies":[{"embeddable":true,"href":"https:\/\/skaitytaknyga.lt\/en\/wp-json\/wp\/v2\/comments?post=20136"}],"wp:featuredmedia":[{"embeddable":true,"href":"https:\/\/skaitytaknyga.lt\/en\/wp-json\/wp\/v2\/media\/20140"}],"wp:attachment":[{"href":"https:\/\/skaitytaknyga.lt\/en\/wp-json\/wp\/v2\/media?parent=20136"}],"wp:term":[{"taxonomy":"product_brand","embeddable":true,"href":"https:\/\/skaitytaknyga.lt\/en\/wp-json\/wp\/v2\/product_brand?post=20136"},{"taxonomy":"product_cat","embeddable":true,"href":"https:\/\/skaitytaknyga.lt\/en\/wp-json\/wp\/v2\/product_cat?post=20136"},{"taxonomy":"product_tag","embeddable":true,"href":"https:\/\/skaitytaknyga.lt\/en\/wp-json\/wp\/v2\/product_tag?post=20136"}],"curies":[{"name":"wp","href":"https:\/\/api.w.org\/{rel}","templated":true}]}}