{"id":20132,"date":"2025-08-01T11:09:45","date_gmt":"2025-08-01T08:09:45","guid":{"rendered":"https:\/\/skaitytaknyga.lt\/?post_type=product&#038;p=20132"},"modified":"2026-03-18T12:41:26","modified_gmt":"2026-03-18T10:41:26","slug":"izraelis-jordanija-informacija-keliautoju-patirtis-patarimai","status":"publish","type":"product","link":"https:\/\/skaitytaknyga.lt\/en\/produktas\/izraelis-jordanija-informacija-keliautoju-patirtis-patarimai\/","title":{"rendered":"Izraelis. Jordanija: informacija, keliautoj\u0173 patirtis, patarimai"},"content":{"rendered":"<p>Leidinys \u201eIzraelis. Jordanija: informacija, keliautoj\u0173 patirtis, patarimai\u201c, kaip ir kiti \u017eurnalo \u201eKelion\u0117s ir pramogos&#8221; kelioni\u0173 gidai pateikia informacij\u0105 apie \u0161al\u012f, jos istorij\u0105, kult\u016br\u0105 ir dalijasi lietuvi\u0173 keliautoj\u0173 patirtimi, kur ir kaip keliauti, koki\u0173 klaid\u0173 vengti, kokias kryptis ir kok\u012f keliavimo b\u016bd\u0105 pasirinkti, kad kelion\u0117 atitikt\u0173 j\u016bs\u0173 l\u016bkes\u010dius.<\/p>\n<p>Izraelis ir Jordanija abi \u0161alys yra turtingos biblijini\u0173 \u0161vent\u0173 viet\u0173, vis\u0105 informacij\u0105 apie jas rasite \u0161iame leidinyje. Ko dar galite rasti \u0161iose \u0161alyse ir patirti pa\u010dius puikiausius \u012fsp\u016bd\u017eius ir \u012fsp\u016bdingiausius nuotykius skrendant pigiais skryd\u017eiais i\u0161 Lietuvos, vis informacij\u0105 ir patarimus rasite \u0161iame leidinyje, kuris iliustruotas puikiomis fotografijomis.<\/p>\n","protected":false},"excerpt":{"rendered":"<p>Leidinys \u201eIzraelis. Jordanija: informacija, keliautoj\u0173 patirtis, patarimai\u201c, kaip ir kiti \u017eurnalo \u201eKelion\u0117s ir pramogos&#8221; kelioni\u0173 gidai pateikia informacij\u0105 apie \u0161al\u012f, jos istorij\u0105, kult\u016br\u0105 ir dalijasi lietuvi\u0173 keliautoj\u0173 patirtimi, kur ir kaip keliauti, koki\u0173 klaid\u0173 vengti, kokias kryptis ir kok\u012f keliavimo b\u016bd\u0105 pasirinkti, kad kelion\u0117 atitikt\u0173 j\u016bs\u0173 l\u016bkes\u010dius. Izraelis ir Jordanija abi \u0161alys yra turtingos biblijini\u0173 \u0161vent\u0173 viet\u0173, vis\u0105 informacij\u0105 apie jas rasite \u0161iame leidinyje. Ko dar galite rasti \u0161iose \u0161alyse ir patirti pa\u010dius puikiausius \u012fsp\u016bd\u017eius ir \u012fsp\u016bdingiausius nuotykius skrendant pigiais skryd\u017eiais i\u0161 Lietuvos, vis informacij\u0105 ir patarimus rasite \u0161iame leidinyje, kuris iliustruotas puikiomis fotografijomis.<\/p>\n","protected":false},"featured_media":20141,"comment_status":"open","ping_status":"closed","template":"","meta":{"_acf_changed":false,"site-sidebar-layout":"default","site-content-layout":"","ast-site-content-layout":"default","site-content-style":"default","site-sidebar-style":"default","ast-global-header-display":"","ast-banner-title-visibility":"","ast-main-header-display":"","ast-hfb-above-header-display":"","ast-hfb-below-header-display":"","ast-hfb-mobile-header-display":"","site-post-title":"","ast-breadcrumbs-content":"","ast-featured-img":"","footer-sml-layout":"","ast-disable-related-posts":"","theme-transparent-header-meta":"","adv-header-id-meta":"","stick-header-meta":"","header-above-stick-meta":"","header-main-stick-meta":"","header-below-stick-meta":"","astra-migrate-meta-layouts":"default","ast-page-background-enabled":"default","ast-page-background-meta":{"desktop":{"background-color":"","background-image":"","background-repeat":"repeat","background-position":"center center","background-size":"auto","background-attachment":"scroll","background-type":"","background-media":"","overlay-type":"","overlay-color":"","overlay-opacity":"","overlay-gradient":""},"tablet":{"background-color":"","background-image":"","background-repeat":"repeat","background-position":"center center","background-size":"auto","background-attachment":"scroll","background-type":"","background-media":"","overlay-type":"","overlay-color":"","overlay-opacity":"","overlay-gradient":""},"mobile":{"background-color":"","background-image":"","background-repeat":"repeat","background-position":"center center","background-size":"auto","background-attachment":"scroll","background-type":"","background-media":"","overlay-type":"","overlay-color":"","overlay-opacity":"","overlay-gradient":""}},"ast-content-background-meta":{"desktop":{"background-color":"var(--ast-global-color-4)","background-image":"","background-repeat":"repeat","background-position":"center center","background-size":"auto","background-attachment":"scroll","background-type":"","background-media":"","overlay-type":"","overlay-color":"","overlay-opacity":"","overlay-gradient":""},"tablet":{"background-color":"var(--ast-global-color-4)","background-image":"","background-repeat":"repeat","background-position":"center center","background-size":"auto","background-attachment":"scroll","background-type":"","background-media":"","overlay-type":"","overlay-color":"","overlay-opacity":"","overlay-gradient":""},"mobile":{"background-color":"var(--ast-global-color-4)","background-image":"","background-repeat":"repeat","background-position":"center center","background-size":"auto","background-attachment":"scroll","background-type":"","background-media":"","overlay-type":"","overlay-color":"","overlay-opacity":"","overlay-gradient":""}}},"product_brand":[],"product_cat":[448],"product_tag":[],"class_list":{"0":"post-20132","1":"product","2":"type-product","3":"status-publish","4":"has-post-thumbnail","6":"product_cat-keliones","7":"desktop-align-left","8":"tablet-align-left","9":"mobile-align-left","11":"first","12":"outofstock","13":"shipping-taxable","14":"purchasable","15":"product-type-simple"},"acf":[],"yoast_head":"<!-- This site is optimized with the Yoast SEO plugin v27.0 - https:\/\/yoast.com\/product\/yoast-seo-wordpress\/ -->\n<title>Izraelis. Jordanija: informacija, keliautoj\u0173 patirtis, patarimai<\/title>\n<meta name=\"description\" content=\"Leidinys \u201eIzraelis. Jordanija: informacija, keliautoj\u0173 patirtis, patarimai\u201c, kaip ir kiti \u017eurnalo \u201eKelion\u0117s ir pramogos&quot; kelioni\u0173 gidai pateikia\" \/>\n<meta name=\"robots\" content=\"index, follow, max-snippet:-1, max-image-preview:large, max-video-preview:-1\" \/>\n<link rel=\"canonical\" href=\"https:\/\/skaitytaknyga.lt\/en\/produktas\/izraelis-jordanija-informacija-keliautoju-patirtis-patarimai\/\" \/>\n<meta property=\"og:locale\" content=\"en_GB\" \/>\n<meta property=\"og:locale:alternate\" content=\"lt_LT\" \/>\n<meta property=\"og:type\" content=\"article\" \/>\n<meta property=\"og:title\" content=\"Izraelis. Jordanija: informacija, keliautoj\u0173 patirtis, patarimai\" \/>\n<meta property=\"og:description\" content=\"Leidinys \u201eIzraelis. Jordanija: informacija, keliautoj\u0173 patirtis, patarimai\u201c, kaip ir kiti \u017eurnalo \u201eKelion\u0117s ir pramogos&quot; kelioni\u0173 gidai pateikia\" \/>\n<meta property=\"og:url\" content=\"https:\/\/skaitytaknyga.lt\/en\/produktas\/izraelis-jordanija-informacija-keliautoju-patirtis-patarimai\/\" \/>\n<meta property=\"og:site_name\" content=\"Skaitytaknyga\" \/>\n<meta property=\"article:publisher\" content=\"https:\/\/www.facebook.com\/skaitytaknyga\/\" \/>\n<meta property=\"article:modified_time\" content=\"2026-03-18T10:41:26+00:00\" \/>\n<meta property=\"og:image\" content=\"https:\/\/skaitytaknyga.lt\/wp-content\/uploads\/2025\/08\/Izraelis.-Jordanija-informacija-keliautoju-patirtis-patarimai-1.webp\" \/>\n\t<meta property=\"og:image:width\" content=\"564\" \/>\n\t<meta property=\"og:image:height\" content=\"801\" \/>\n\t<meta property=\"og:image:type\" content=\"image\/webp\" \/>\n<meta name=\"twitter:card\" content=\"summary_large_image\" \/>\n<meta name=\"twitter:label1\" content=\"Estimated reading time\" \/>\n\t<meta name=\"twitter:data1\" content=\"1 minute\" \/>\n<script type=\"application\/ld+json\" class=\"yoast-schema-graph\">{\"@context\":\"https:\/\/schema.org\",\"@graph\":[{\"@type\":\"WebPage\",\"@id\":\"https:\/\/skaitytaknyga.lt\/produktas\/izraelis-jordanija-informacija-keliautoju-patirtis-patarimai\/\",\"url\":\"https:\/\/skaitytaknyga.lt\/produktas\/izraelis-jordanija-informacija-keliautoju-patirtis-patarimai\/\",\"name\":\"Izraelis. Jordanija: informacija, keliautoj\u0173 patirtis, patarimai\",\"isPartOf\":{\"@id\":\"https:\/\/skaitytaknyga.lt\/#website\"},\"primaryImageOfPage\":{\"@id\":\"https:\/\/skaitytaknyga.lt\/produktas\/izraelis-jordanija-informacija-keliautoju-patirtis-patarimai\/#primaryimage\"},\"image\":{\"@id\":\"https:\/\/skaitytaknyga.lt\/produktas\/izraelis-jordanija-informacija-keliautoju-patirtis-patarimai\/#primaryimage\"},\"thumbnailUrl\":\"https:\/\/skaitytaknyga.lt\/wp-content\/uploads\/2025\/08\/Izraelis.-Jordanija-informacija-keliautoju-patirtis-patarimai-1.webp\",\"datePublished\":\"2025-08-01T08:09:45+00:00\",\"dateModified\":\"2026-03-18T10:41:26+00:00\",\"description\":\"Leidinys \u201eIzraelis. Jordanija: informacija, keliautoj\u0173 patirtis, patarimai\u201c, kaip ir kiti \u017eurnalo \u201eKelion\u0117s ir pramogos\\\" kelioni\u0173 gidai pateikia\",\"breadcrumb\":{\"@id\":\"https:\/\/skaitytaknyga.lt\/produktas\/izraelis-jordanija-informacija-keliautoju-patirtis-patarimai\/#breadcrumb\"},\"inLanguage\":\"en-GB\",\"potentialAction\":[{\"@type\":\"ReadAction\",\"target\":[\"https:\/\/skaitytaknyga.lt\/produktas\/izraelis-jordanija-informacija-keliautoju-patirtis-patarimai\/\"]}]},{\"@type\":\"ImageObject\",\"inLanguage\":\"en-GB\",\"@id\":\"https:\/\/skaitytaknyga.lt\/produktas\/izraelis-jordanija-informacija-keliautoju-patirtis-patarimai\/#primaryimage\",\"url\":\"https:\/\/skaitytaknyga.lt\/wp-content\/uploads\/2025\/08\/Izraelis.-Jordanija-informacija-keliautoju-patirtis-patarimai-1.webp\",\"contentUrl\":\"https:\/\/skaitytaknyga.lt\/wp-content\/uploads\/2025\/08\/Izraelis.-Jordanija-informacija-keliautoju-patirtis-patarimai-1.webp\",\"width\":564,\"height\":801,\"caption\":\"Izraelis. Jordanija: informacija, keliautoj\u0173 patirtis, patarimai\"},{\"@type\":\"BreadcrumbList\",\"@id\":\"https:\/\/skaitytaknyga.lt\/produktas\/izraelis-jordanija-informacija-keliautoju-patirtis-patarimai\/#breadcrumb\",\"itemListElement\":[{\"@type\":\"ListItem\",\"position\":1,\"name\":\"Home\",\"item\":\"https:\/\/skaitytaknyga.lt\/\"},{\"@type\":\"ListItem\",\"position\":2,\"name\":\"Parduotuv\u0117\",\"item\":\"https:\/\/skaitytaknyga.lt\/knygu-parduotuve\/\"},{\"@type\":\"ListItem\",\"position\":3,\"name\":\"Izraelis. Jordanija: informacija, keliautoj\u0173 patirtis, patarimai\"}]},{\"@type\":\"WebSite\",\"@id\":\"https:\/\/skaitytaknyga.lt\/#website\",\"url\":\"https:\/\/skaitytaknyga.lt\/\",\"name\":\"skaitytaknyga.lt\",\"description\":\"Skaitytaknyga.lt \u2013 tai ma\u017eas \u0161eimos verslas, kuris prasid\u0117jo nuo meil\u0117s knygoms ir siekio i\u0161gelb\u0117ti knygas nuo likimo prie konteinerio. Kas vienam nereikalingas daiktas \u2013 kitam lobis, o mes esame tarpininkai, kurie padeda abiems tapti laimingesniems ???? \u017dinome kaip nelengva i\u0161gyventi ma\u017eiems verslams, tad nuo \u0161iol, \u010dia rasite ir kit\u0173, ma\u017e\u0173 \u0161eim\u0173 versl\u0173, rank\u0173 darbo, dovan\u0173 sau ir artimiesiems.\",\"publisher\":{\"@id\":\"https:\/\/skaitytaknyga.lt\/#organization\"},\"potentialAction\":[{\"@type\":\"SearchAction\",\"target\":{\"@type\":\"EntryPoint\",\"urlTemplate\":\"https:\/\/skaitytaknyga.lt\/?s={search_term_string}\"},\"query-input\":{\"@type\":\"PropertyValueSpecification\",\"valueRequired\":true,\"valueName\":\"search_term_string\"}}],\"inLanguage\":\"en-GB\"},{\"@type\":\"Organization\",\"@id\":\"https:\/\/skaitytaknyga.lt\/#organization\",\"name\":\"skaitytaknyga.lt\",\"url\":\"https:\/\/skaitytaknyga.lt\/\",\"logo\":{\"@type\":\"ImageObject\",\"inLanguage\":\"en-GB\",\"@id\":\"https:\/\/skaitytaknyga.lt\/#\/schema\/logo\/image\/\",\"url\":\"https:\/\/skaitytaknyga.lt\/wp-content\/uploads\/2024\/05\/cropped-cropped-cropped-02_00843_jt3bggkj1j3HLc7SyY6rEUpg.jpeg\",\"contentUrl\":\"https:\/\/skaitytaknyga.lt\/wp-content\/uploads\/2024\/05\/cropped-cropped-cropped-02_00843_jt3bggkj1j3HLc7SyY6rEUpg.jpeg\",\"width\":1600,\"height\":1600,\"caption\":\"skaitytaknyga.lt\"},\"image\":{\"@id\":\"https:\/\/skaitytaknyga.lt\/#\/schema\/logo\/image\/\"},\"sameAs\":[\"https:\/\/www.facebook.com\/skaitytaknyga\/\"]}]}<\/script>\n<!-- \/ Yoast SEO plugin. -->","yoast_head_json":{"title":"Izraelis. Jordanija: informacija, keliautoj\u0173 patirtis, patarimai","description":"Leidinys \u201eIzraelis. Jordanija: informacija, keliautoj\u0173 patirtis, patarimai\u201c, kaip ir kiti \u017eurnalo \u201eKelion\u0117s ir pramogos\" kelioni\u0173 gidai pateikia","robots":{"index":"index","follow":"follow","max-snippet":"max-snippet:-1","max-image-preview":"max-image-preview:large","max-video-preview":"max-video-preview:-1"},"canonical":"https:\/\/skaitytaknyga.lt\/en\/produktas\/izraelis-jordanija-informacija-keliautoju-patirtis-patarimai\/","og_locale":"en_GB","og_type":"article","og_title":"[:lt]Izraelis. Jordanija: informacija, keliautoj\u0173 patirtis, patarimai[:] - Skaitytaknyga","og_description":"Leidinys \u201eIzraelis. Jordanija: informacija, keliautoj\u0173 patirtis, patarimai\u201c, kaip ir kiti \u017eurnalo \u201eKelion\u0117s ir pramogos\" kelioni\u0173 gidai pateikia","og_url":"https:\/\/skaitytaknyga.lt\/en\/produktas\/izraelis-jordanija-informacija-keliautoju-patirtis-patarimai\/","og_site_name":"Skaitytaknyga","article_publisher":"https:\/\/www.facebook.com\/skaitytaknyga\/","article_modified_time":"2026-03-18T10:41:26+00:00","og_image":[{"width":564,"height":801,"url":"https:\/\/skaitytaknyga.lt\/wp-content\/uploads\/2025\/08\/Izraelis.-Jordanija-informacija-keliautoju-patirtis-patarimai-1.webp","type":"image\/webp"}],"twitter_card":"summary_large_image","twitter_misc":{"Estimated reading time":"1 minute"},"schema":{"@context":"https:\/\/schema.org","@graph":[{"@type":"WebPage","@id":"https:\/\/skaitytaknyga.lt\/produktas\/izraelis-jordanija-informacija-keliautoju-patirtis-patarimai\/","url":"https:\/\/skaitytaknyga.lt\/produktas\/izraelis-jordanija-informacija-keliautoju-patirtis-patarimai\/","name":"Izraelis. Jordanija: informacija, keliautoj\u0173 patirtis, patarimai","isPartOf":{"@id":"https:\/\/skaitytaknyga.lt\/#website"},"primaryImageOfPage":{"@id":"https:\/\/skaitytaknyga.lt\/produktas\/izraelis-jordanija-informacija-keliautoju-patirtis-patarimai\/#primaryimage"},"image":{"@id":"https:\/\/skaitytaknyga.lt\/produktas\/izraelis-jordanija-informacija-keliautoju-patirtis-patarimai\/#primaryimage"},"thumbnailUrl":"https:\/\/skaitytaknyga.lt\/wp-content\/uploads\/2025\/08\/Izraelis.-Jordanija-informacija-keliautoju-patirtis-patarimai-1.webp","datePublished":"2025-08-01T08:09:45+00:00","dateModified":"2026-03-18T10:41:26+00:00","description":"Leidinys \u201eIzraelis. Jordanija: informacija, keliautoj\u0173 patirtis, patarimai\u201c, kaip ir kiti \u017eurnalo \u201eKelion\u0117s ir pramogos\" kelioni\u0173 gidai pateikia","breadcrumb":{"@id":"https:\/\/skaitytaknyga.lt\/produktas\/izraelis-jordanija-informacija-keliautoju-patirtis-patarimai\/#breadcrumb"},"inLanguage":"en-GB","potentialAction":[{"@type":"ReadAction","target":["https:\/\/skaitytaknyga.lt\/produktas\/izraelis-jordanija-informacija-keliautoju-patirtis-patarimai\/"]}]},{"@type":"ImageObject","inLanguage":"en-GB","@id":"https:\/\/skaitytaknyga.lt\/produktas\/izraelis-jordanija-informacija-keliautoju-patirtis-patarimai\/#primaryimage","url":"https:\/\/skaitytaknyga.lt\/wp-content\/uploads\/2025\/08\/Izraelis.-Jordanija-informacija-keliautoju-patirtis-patarimai-1.webp","contentUrl":"https:\/\/skaitytaknyga.lt\/wp-content\/uploads\/2025\/08\/Izraelis.-Jordanija-informacija-keliautoju-patirtis-patarimai-1.webp","width":564,"height":801,"caption":"Izraelis. Jordanija: informacija, keliautoj\u0173 patirtis, patarimai"},{"@type":"BreadcrumbList","@id":"https:\/\/skaitytaknyga.lt\/produktas\/izraelis-jordanija-informacija-keliautoju-patirtis-patarimai\/#breadcrumb","itemListElement":[{"@type":"ListItem","position":1,"name":"Home","item":"https:\/\/skaitytaknyga.lt\/"},{"@type":"ListItem","position":2,"name":"Parduotuv\u0117","item":"https:\/\/skaitytaknyga.lt\/knygu-parduotuve\/"},{"@type":"ListItem","position":3,"name":"Izraelis. Jordanija: informacija, keliautoj\u0173 patirtis, patarimai"}]},{"@type":"WebSite","@id":"https:\/\/skaitytaknyga.lt\/#website","url":"https:\/\/skaitytaknyga.lt\/","name":"skaitytaknyga.lt","description":"Skaitytaknyga.lt \u2013 tai ma\u017eas \u0161eimos verslas, kuris prasid\u0117jo nuo meil\u0117s knygoms ir siekio i\u0161gelb\u0117ti knygas nuo likimo prie konteinerio. Kas vienam nereikalingas daiktas \u2013 kitam lobis, o mes esame tarpininkai, kurie padeda abiems tapti laimingesniems ???? \u017dinome kaip nelengva i\u0161gyventi ma\u017eiems verslams, tad nuo \u0161iol, \u010dia rasite ir kit\u0173, ma\u017e\u0173 \u0161eim\u0173 versl\u0173, rank\u0173 darbo, dovan\u0173 sau ir artimiesiems.","publisher":{"@id":"https:\/\/skaitytaknyga.lt\/#organization"},"potentialAction":[{"@type":"SearchAction","target":{"@type":"EntryPoint","urlTemplate":"https:\/\/skaitytaknyga.lt\/?s={search_term_string}"},"query-input":{"@type":"PropertyValueSpecification","valueRequired":true,"valueName":"search_term_string"}}],"inLanguage":"en-GB"},{"@type":"Organization","@id":"https:\/\/skaitytaknyga.lt\/#organization","name":"skaitytaknyga.lt","url":"https:\/\/skaitytaknyga.lt\/","logo":{"@type":"ImageObject","inLanguage":"en-GB","@id":"https:\/\/skaitytaknyga.lt\/#\/schema\/logo\/image\/","url":"https:\/\/skaitytaknyga.lt\/wp-content\/uploads\/2024\/05\/cropped-cropped-cropped-02_00843_jt3bggkj1j3HLc7SyY6rEUpg.jpeg","contentUrl":"https:\/\/skaitytaknyga.lt\/wp-content\/uploads\/2024\/05\/cropped-cropped-cropped-02_00843_jt3bggkj1j3HLc7SyY6rEUpg.jpeg","width":1600,"height":1600,"caption":"skaitytaknyga.lt"},"image":{"@id":"https:\/\/skaitytaknyga.lt\/#\/schema\/logo\/image\/"},"sameAs":["https:\/\/www.facebook.com\/skaitytaknyga\/"]}]}},"_links":{"self":[{"href":"https:\/\/skaitytaknyga.lt\/en\/wp-json\/wp\/v2\/product\/20132","targetHints":{"allow":["GET"]}}],"collection":[{"href":"https:\/\/skaitytaknyga.lt\/en\/wp-json\/wp\/v2\/product"}],"about":[{"href":"https:\/\/skaitytaknyga.lt\/en\/wp-json\/wp\/v2\/types\/product"}],"replies":[{"embeddable":true,"href":"https:\/\/skaitytaknyga.lt\/en\/wp-json\/wp\/v2\/comments?post=20132"}],"wp:featuredmedia":[{"embeddable":true,"href":"https:\/\/skaitytaknyga.lt\/en\/wp-json\/wp\/v2\/media\/20141"}],"wp:attachment":[{"href":"https:\/\/skaitytaknyga.lt\/en\/wp-json\/wp\/v2\/media?parent=20132"}],"wp:term":[{"taxonomy":"product_brand","embeddable":true,"href":"https:\/\/skaitytaknyga.lt\/en\/wp-json\/wp\/v2\/product_brand?post=20132"},{"taxonomy":"product_cat","embeddable":true,"href":"https:\/\/skaitytaknyga.lt\/en\/wp-json\/wp\/v2\/product_cat?post=20132"},{"taxonomy":"product_tag","embeddable":true,"href":"https:\/\/skaitytaknyga.lt\/en\/wp-json\/wp\/v2\/product_tag?post=20132"}],"curies":[{"name":"wp","href":"https:\/\/api.w.org\/{rel}","templated":true}]}}