{"id":20131,"date":"2025-08-01T11:09:45","date_gmt":"2025-08-01T08:09:45","guid":{"rendered":"https:\/\/skaitytaknyga.lt\/?post_type=product&#038;p=20131"},"modified":"2025-08-06T08:16:21","modified_gmt":"2025-08-06T05:16:21","slug":"europa-turisto-zinynas","status":"publish","type":"product","link":"https:\/\/skaitytaknyga.lt\/en\/produktas\/europa-turisto-zinynas\/","title":{"rendered":"Europa: turisto \u017einynas"},"content":{"rendered":"<p>Knygoje \u201eEuropa. Turisto \u017einynas&#8221; apra\u0161omos 35-ios Europos \u0161alys ir j\u0173 sostin\u0117s. I\u0161skiriami lankomiausi j\u0173 objektai, pridedamas \u017eem\u0117lapis su objekt\u0173 i\u0161sid\u0117stymu \u0161alyje. Pateikiama bendra informacija apie valstyb\u0119, jos gamt\u0105, klimat\u0105, patogiausius b\u016bdus, kaip j\u0105 pasiekti. Gausiai iliustruotoje knygoje pateikiama net 430 objekt\u0173, o informacija pa\u012fvairinama rubrikomis \u201eJus gali nuvilti&#8221;, \u201eJus gali nustebinti&#8221; ir kitomis. \u0160is turisto \u017einynas \u2013 puikus pagalbininkas kiekvienam keliaujan\u010diam ar susiruo\u0161usiam keliauti: i\u0161sirinkti \u0161al\u012f, kelion\u0117s krypt\u012f ir tam tinkamiausi\u0105 laik\u0105.<br \/>\nKnygoje patarimus dalina kelioni\u0173 ekspertas Makalius (Rimvydas \u0160irvinskas).<\/p>\n<p>Knyg\u0105 \u201eEuropa. Turisto \u017einynas&#8221; pareng\u0117 Lietuvos gidaiprofesionalai, kelioni\u0173 organizatoriai, keliautojai ir apra\u0161omose \u0161alyse \u012fsik\u016br\u0119 lietuviai. \u0160is \u017einynas skirtas keliaujantiems irsvajojantiems keliauti: atraskite 35-ias Europos \u0161alis, pasigro\u017e\u0117kite j\u0173 lankomiausiais miestais, kurortais, UNESCO paveldu, \u017eymiais objektais, susipa\u017einkite su \u0161ali\u0173 geografija, gamta ir i\u0161skirtiniais vaizdais. Gausiai iliustruotoje knygoje \u2013 net 430 objekt\u0173, kuri\u0173 apra\u0161ymai papildomi informacija apie tai, kas gali nuvilti, nustebinti ar sugai\u0161inti. Profesional\u0173 parengtasnacionalinis leidinys skirtas kiekvienam, norin\u010diam keliauti ir pa\u017einti. Svarbiausia \u2013 atrasti kelion\u0119, skirt\u0105 sau!<\/p>\n","protected":false},"excerpt":{"rendered":"<p>Knygoje \u201eEuropa. Turisto \u017einynas&#8221; apra\u0161omos 35-ios Europos \u0161alys ir j\u0173 sostin\u0117s. I\u0161skiriami lankomiausi j\u0173 objektai, pridedamas \u017eem\u0117lapis su objekt\u0173 i\u0161sid\u0117stymu \u0161alyje. Pateikiama bendra informacija apie valstyb\u0119, jos gamt\u0105, klimat\u0105, patogiausius b\u016bdus, kaip j\u0105 pasiekti. Gausiai iliustruotoje knygoje pateikiama net 430 objekt\u0173, o informacija pa\u012fvairinama rubrikomis \u201eJus gali nuvilti&#8221;, \u201eJus gali nustebinti&#8221; ir kitomis. \u0160is turisto \u017einynas \u2013 puikus pagalbininkas kiekvienam keliaujan\u010diam ar susiruo\u0161usiam keliauti: i\u0161sirinkti \u0161al\u012f, kelion\u0117s krypt\u012f ir tam tinkamiausi\u0105 laik\u0105. Knygoje patarimus dalina kelioni\u0173 ekspertas Makalius (Rimvydas \u0160irvinskas). Knyg\u0105 \u201eEuropa. Turisto \u017einynas&#8221; pareng\u0117 Lietuvos gidaiprofesionalai, kelioni\u0173 organizatoriai, keliautojai ir apra\u0161omose \u0161alyse \u012fsik\u016br\u0119 lietuviai. \u0160is \u017einynas skirtas keliaujantiems irsvajojantiems keliauti: atraskite 35-ias Europos \u0161alis, pasigro\u017e\u0117kite j\u0173 lankomiausiais miestais, kurortais, UNESCO paveldu, \u017eymiais objektais, susipa\u017einkite su \u0161ali\u0173 geografija, gamta ir i\u0161skirtiniais vaizdais. Gausiai iliustruotoje knygoje \u2013 net 430 objekt\u0173, kuri\u0173 apra\u0161ymai papildomi informacija apie tai, kas gali nuvilti, nustebinti ar sugai\u0161inti. Profesional\u0173 parengtasnacionalinis leidinys skirtas kiekvienam, norin\u010diam keliauti ir pa\u017einti. Svarbiausia \u2013 atrasti kelion\u0119, skirt\u0105 sau!<\/p>\n","protected":false},"featured_media":20135,"comment_status":"open","ping_status":"closed","template":"","meta":{"_acf_changed":false,"site-sidebar-layout":"default","site-content-layout":"","ast-site-content-layout":"default","site-content-style":"default","site-sidebar-style":"default","ast-global-header-display":"","ast-banner-title-visibility":"","ast-main-header-display":"","ast-hfb-above-header-display":"","ast-hfb-below-header-display":"","ast-hfb-mobile-header-display":"","site-post-title":"","ast-breadcrumbs-content":"","ast-featured-img":"","footer-sml-layout":"","ast-disable-related-posts":"","theme-transparent-header-meta":"","adv-header-id-meta":"","stick-header-meta":"","header-above-stick-meta":"","header-main-stick-meta":"","header-below-stick-meta":"","astra-migrate-meta-layouts":"default","ast-page-background-enabled":"default","ast-page-background-meta":{"desktop":{"background-color":"","background-image":"","background-repeat":"repeat","background-position":"center center","background-size":"auto","background-attachment":"scroll","background-type":"","background-media":"","overlay-type":"","overlay-color":"","overlay-opacity":"","overlay-gradient":""},"tablet":{"background-color":"","background-image":"","background-repeat":"repeat","background-position":"center center","background-size":"auto","background-attachment":"scroll","background-type":"","background-media":"","overlay-type":"","overlay-color":"","overlay-opacity":"","overlay-gradient":""},"mobile":{"background-color":"","background-image":"","background-repeat":"repeat","background-position":"center center","background-size":"auto","background-attachment":"scroll","background-type":"","background-media":"","overlay-type":"","overlay-color":"","overlay-opacity":"","overlay-gradient":""}},"ast-content-background-meta":{"desktop":{"background-color":"var(--ast-global-color-4)","background-image":"","background-repeat":"repeat","background-position":"center center","background-size":"auto","background-attachment":"scroll","background-type":"","background-media":"","overlay-type":"","overlay-color":"","overlay-opacity":"","overlay-gradient":""},"tablet":{"background-color":"var(--ast-global-color-4)","background-image":"","background-repeat":"repeat","background-position":"center center","background-size":"auto","background-attachment":"scroll","background-type":"","background-media":"","overlay-type":"","overlay-color":"","overlay-opacity":"","overlay-gradient":""},"mobile":{"background-color":"var(--ast-global-color-4)","background-image":"","background-repeat":"repeat","background-position":"center center","background-size":"auto","background-attachment":"scroll","background-type":"","background-media":"","overlay-type":"","overlay-color":"","overlay-opacity":"","overlay-gradient":""}}},"product_brand":[],"product_cat":[15],"product_tag":[],"class_list":{"0":"post-20131","1":"product","2":"type-product","3":"status-publish","4":"has-post-thumbnail","6":"product_cat-uncategorized","7":"desktop-align-left","8":"tablet-align-left","9":"mobile-align-left","11":"first","12":"instock","13":"shipping-taxable","14":"purchasable","15":"product-type-simple"},"acf":[],"yoast_head":"<!-- This site is optimized with the Yoast SEO plugin v27.0 - https:\/\/yoast.com\/product\/yoast-seo-wordpress\/ -->\n<title>Europa: turisto \u017einynas<\/title>\n<meta name=\"description\" content=\"Knygoje \u201eEuropa. Turisto \u017einynas&quot; apra\u0161omos 35-ios Europos \u0161alys ir j\u0173 sostin\u0117s. I\u0161skiriami lankomiausi j\u0173 objektai, pridedamas \u017eem\u0117lapis su objekt\u0173\" \/>\n<meta name=\"robots\" content=\"index, follow, max-snippet:-1, max-image-preview:large, max-video-preview:-1\" \/>\n<link rel=\"canonical\" href=\"https:\/\/skaitytaknyga.lt\/en\/produktas\/europa-turisto-zinynas\/\" \/>\n<meta property=\"og:locale\" content=\"en_GB\" \/>\n<meta property=\"og:locale:alternate\" content=\"lt_LT\" \/>\n<meta property=\"og:type\" content=\"article\" \/>\n<meta property=\"og:title\" content=\"Europa: turisto \u017einynas\" \/>\n<meta property=\"og:description\" content=\"Knygoje \u201eEuropa. Turisto \u017einynas&quot; apra\u0161omos 35-ios Europos \u0161alys ir j\u0173 sostin\u0117s. I\u0161skiriami lankomiausi j\u0173 objektai, pridedamas \u017eem\u0117lapis su objekt\u0173\" \/>\n<meta property=\"og:url\" content=\"https:\/\/skaitytaknyga.lt\/en\/produktas\/europa-turisto-zinynas\/\" \/>\n<meta property=\"og:site_name\" content=\"Skaitytaknyga\" \/>\n<meta property=\"article:publisher\" content=\"https:\/\/www.facebook.com\/skaitytaknyga\/\" \/>\n<meta property=\"article:modified_time\" content=\"2025-08-06T05:16:21+00:00\" \/>\n<meta property=\"og:image\" content=\"https:\/\/skaitytaknyga.lt\/wp-content\/uploads\/2025\/08\/Europa-turisto-zinynas-1.webp\" \/>\n\t<meta property=\"og:image:width\" content=\"554\" \/>\n\t<meta property=\"og:image:height\" content=\"731\" \/>\n\t<meta property=\"og:image:type\" content=\"image\/webp\" \/>\n<meta name=\"twitter:card\" content=\"summary_large_image\" \/>\n<meta name=\"twitter:label1\" content=\"Estimated reading time\" \/>\n\t<meta name=\"twitter:data1\" content=\"1 minute\" \/>\n<script type=\"application\/ld+json\" class=\"yoast-schema-graph\">{\"@context\":\"https:\/\/schema.org\",\"@graph\":[{\"@type\":\"WebPage\",\"@id\":\"https:\/\/skaitytaknyga.lt\/produktas\/europa-turisto-zinynas\/\",\"url\":\"https:\/\/skaitytaknyga.lt\/produktas\/europa-turisto-zinynas\/\",\"name\":\"Europa: turisto \u017einynas\",\"isPartOf\":{\"@id\":\"https:\/\/skaitytaknyga.lt\/#website\"},\"primaryImageOfPage\":{\"@id\":\"https:\/\/skaitytaknyga.lt\/produktas\/europa-turisto-zinynas\/#primaryimage\"},\"image\":{\"@id\":\"https:\/\/skaitytaknyga.lt\/produktas\/europa-turisto-zinynas\/#primaryimage\"},\"thumbnailUrl\":\"https:\/\/skaitytaknyga.lt\/wp-content\/uploads\/2025\/08\/Europa-turisto-zinynas-1.webp\",\"datePublished\":\"2025-08-01T08:09:45+00:00\",\"dateModified\":\"2025-08-06T05:16:21+00:00\",\"description\":\"Knygoje \u201eEuropa. Turisto \u017einynas\\\" apra\u0161omos 35-ios Europos \u0161alys ir j\u0173 sostin\u0117s. I\u0161skiriami lankomiausi j\u0173 objektai, pridedamas \u017eem\u0117lapis su objekt\u0173\",\"breadcrumb\":{\"@id\":\"https:\/\/skaitytaknyga.lt\/produktas\/europa-turisto-zinynas\/#breadcrumb\"},\"inLanguage\":\"en-GB\",\"potentialAction\":[{\"@type\":\"ReadAction\",\"target\":[\"https:\/\/skaitytaknyga.lt\/produktas\/europa-turisto-zinynas\/\"]}]},{\"@type\":\"ImageObject\",\"inLanguage\":\"en-GB\",\"@id\":\"https:\/\/skaitytaknyga.lt\/produktas\/europa-turisto-zinynas\/#primaryimage\",\"url\":\"https:\/\/skaitytaknyga.lt\/wp-content\/uploads\/2025\/08\/Europa-turisto-zinynas-1.webp\",\"contentUrl\":\"https:\/\/skaitytaknyga.lt\/wp-content\/uploads\/2025\/08\/Europa-turisto-zinynas-1.webp\",\"width\":554,\"height\":731},{\"@type\":\"BreadcrumbList\",\"@id\":\"https:\/\/skaitytaknyga.lt\/produktas\/europa-turisto-zinynas\/#breadcrumb\",\"itemListElement\":[{\"@type\":\"ListItem\",\"position\":1,\"name\":\"Home\",\"item\":\"https:\/\/skaitytaknyga.lt\/\"},{\"@type\":\"ListItem\",\"position\":2,\"name\":\"Parduotuv\u0117\",\"item\":\"https:\/\/skaitytaknyga.lt\/knygu-parduotuve\/\"},{\"@type\":\"ListItem\",\"position\":3,\"name\":\"Europa: turisto \u017einynas\"}]},{\"@type\":\"WebSite\",\"@id\":\"https:\/\/skaitytaknyga.lt\/#website\",\"url\":\"https:\/\/skaitytaknyga.lt\/\",\"name\":\"skaitytaknyga.lt\",\"description\":\"Skaitytaknyga.lt \u2013 tai ma\u017eas \u0161eimos verslas, kuris prasid\u0117jo nuo meil\u0117s knygoms ir siekio i\u0161gelb\u0117ti knygas nuo likimo prie konteinerio. Kas vienam nereikalingas daiktas \u2013 kitam lobis, o mes esame tarpininkai, kurie padeda abiems tapti laimingesniems ???? \u017dinome kaip nelengva i\u0161gyventi ma\u017eiems verslams, tad nuo \u0161iol, \u010dia rasite ir kit\u0173, ma\u017e\u0173 \u0161eim\u0173 versl\u0173, rank\u0173 darbo, dovan\u0173 sau ir artimiesiems.\",\"publisher\":{\"@id\":\"https:\/\/skaitytaknyga.lt\/#organization\"},\"potentialAction\":[{\"@type\":\"SearchAction\",\"target\":{\"@type\":\"EntryPoint\",\"urlTemplate\":\"https:\/\/skaitytaknyga.lt\/?s={search_term_string}\"},\"query-input\":{\"@type\":\"PropertyValueSpecification\",\"valueRequired\":true,\"valueName\":\"search_term_string\"}}],\"inLanguage\":\"en-GB\"},{\"@type\":\"Organization\",\"@id\":\"https:\/\/skaitytaknyga.lt\/#organization\",\"name\":\"skaitytaknyga.lt\",\"url\":\"https:\/\/skaitytaknyga.lt\/\",\"logo\":{\"@type\":\"ImageObject\",\"inLanguage\":\"en-GB\",\"@id\":\"https:\/\/skaitytaknyga.lt\/#\/schema\/logo\/image\/\",\"url\":\"https:\/\/skaitytaknyga.lt\/wp-content\/uploads\/2024\/05\/cropped-cropped-cropped-02_00843_jt3bggkj1j3HLc7SyY6rEUpg.jpeg\",\"contentUrl\":\"https:\/\/skaitytaknyga.lt\/wp-content\/uploads\/2024\/05\/cropped-cropped-cropped-02_00843_jt3bggkj1j3HLc7SyY6rEUpg.jpeg\",\"width\":1600,\"height\":1600,\"caption\":\"skaitytaknyga.lt\"},\"image\":{\"@id\":\"https:\/\/skaitytaknyga.lt\/#\/schema\/logo\/image\/\"},\"sameAs\":[\"https:\/\/www.facebook.com\/skaitytaknyga\/\"]}]}<\/script>\n<!-- \/ Yoast SEO plugin. -->","yoast_head_json":{"title":"Europa: turisto \u017einynas","description":"Knygoje \u201eEuropa. Turisto \u017einynas\" apra\u0161omos 35-ios Europos \u0161alys ir j\u0173 sostin\u0117s. I\u0161skiriami lankomiausi j\u0173 objektai, pridedamas \u017eem\u0117lapis su objekt\u0173","robots":{"index":"index","follow":"follow","max-snippet":"max-snippet:-1","max-image-preview":"max-image-preview:large","max-video-preview":"max-video-preview:-1"},"canonical":"https:\/\/skaitytaknyga.lt\/en\/produktas\/europa-turisto-zinynas\/","og_locale":"en_GB","og_type":"article","og_title":"[:lt]Europa: turisto \u017einynas[:] - Skaitytaknyga","og_description":"Knygoje \u201eEuropa. Turisto \u017einynas\" apra\u0161omos 35-ios Europos \u0161alys ir j\u0173 sostin\u0117s. I\u0161skiriami lankomiausi j\u0173 objektai, pridedamas \u017eem\u0117lapis su objekt\u0173","og_url":"https:\/\/skaitytaknyga.lt\/en\/produktas\/europa-turisto-zinynas\/","og_site_name":"Skaitytaknyga","article_publisher":"https:\/\/www.facebook.com\/skaitytaknyga\/","article_modified_time":"2025-08-06T05:16:21+00:00","og_image":[{"width":554,"height":731,"url":"https:\/\/skaitytaknyga.lt\/wp-content\/uploads\/2025\/08\/Europa-turisto-zinynas-1.webp","type":"image\/webp"}],"twitter_card":"summary_large_image","twitter_misc":{"Estimated reading time":"1 minute"},"schema":{"@context":"https:\/\/schema.org","@graph":[{"@type":"WebPage","@id":"https:\/\/skaitytaknyga.lt\/produktas\/europa-turisto-zinynas\/","url":"https:\/\/skaitytaknyga.lt\/produktas\/europa-turisto-zinynas\/","name":"Europa: turisto \u017einynas","isPartOf":{"@id":"https:\/\/skaitytaknyga.lt\/#website"},"primaryImageOfPage":{"@id":"https:\/\/skaitytaknyga.lt\/produktas\/europa-turisto-zinynas\/#primaryimage"},"image":{"@id":"https:\/\/skaitytaknyga.lt\/produktas\/europa-turisto-zinynas\/#primaryimage"},"thumbnailUrl":"https:\/\/skaitytaknyga.lt\/wp-content\/uploads\/2025\/08\/Europa-turisto-zinynas-1.webp","datePublished":"2025-08-01T08:09:45+00:00","dateModified":"2025-08-06T05:16:21+00:00","description":"Knygoje \u201eEuropa. Turisto \u017einynas\" apra\u0161omos 35-ios Europos \u0161alys ir j\u0173 sostin\u0117s. I\u0161skiriami lankomiausi j\u0173 objektai, pridedamas \u017eem\u0117lapis su objekt\u0173","breadcrumb":{"@id":"https:\/\/skaitytaknyga.lt\/produktas\/europa-turisto-zinynas\/#breadcrumb"},"inLanguage":"en-GB","potentialAction":[{"@type":"ReadAction","target":["https:\/\/skaitytaknyga.lt\/produktas\/europa-turisto-zinynas\/"]}]},{"@type":"ImageObject","inLanguage":"en-GB","@id":"https:\/\/skaitytaknyga.lt\/produktas\/europa-turisto-zinynas\/#primaryimage","url":"https:\/\/skaitytaknyga.lt\/wp-content\/uploads\/2025\/08\/Europa-turisto-zinynas-1.webp","contentUrl":"https:\/\/skaitytaknyga.lt\/wp-content\/uploads\/2025\/08\/Europa-turisto-zinynas-1.webp","width":554,"height":731},{"@type":"BreadcrumbList","@id":"https:\/\/skaitytaknyga.lt\/produktas\/europa-turisto-zinynas\/#breadcrumb","itemListElement":[{"@type":"ListItem","position":1,"name":"Home","item":"https:\/\/skaitytaknyga.lt\/"},{"@type":"ListItem","position":2,"name":"Parduotuv\u0117","item":"https:\/\/skaitytaknyga.lt\/knygu-parduotuve\/"},{"@type":"ListItem","position":3,"name":"Europa: turisto \u017einynas"}]},{"@type":"WebSite","@id":"https:\/\/skaitytaknyga.lt\/#website","url":"https:\/\/skaitytaknyga.lt\/","name":"skaitytaknyga.lt","description":"Skaitytaknyga.lt \u2013 tai ma\u017eas \u0161eimos verslas, kuris prasid\u0117jo nuo meil\u0117s knygoms ir siekio i\u0161gelb\u0117ti knygas nuo likimo prie konteinerio. Kas vienam nereikalingas daiktas \u2013 kitam lobis, o mes esame tarpininkai, kurie padeda abiems tapti laimingesniems ???? \u017dinome kaip nelengva i\u0161gyventi ma\u017eiems verslams, tad nuo \u0161iol, \u010dia rasite ir kit\u0173, ma\u017e\u0173 \u0161eim\u0173 versl\u0173, rank\u0173 darbo, dovan\u0173 sau ir artimiesiems.","publisher":{"@id":"https:\/\/skaitytaknyga.lt\/#organization"},"potentialAction":[{"@type":"SearchAction","target":{"@type":"EntryPoint","urlTemplate":"https:\/\/skaitytaknyga.lt\/?s={search_term_string}"},"query-input":{"@type":"PropertyValueSpecification","valueRequired":true,"valueName":"search_term_string"}}],"inLanguage":"en-GB"},{"@type":"Organization","@id":"https:\/\/skaitytaknyga.lt\/#organization","name":"skaitytaknyga.lt","url":"https:\/\/skaitytaknyga.lt\/","logo":{"@type":"ImageObject","inLanguage":"en-GB","@id":"https:\/\/skaitytaknyga.lt\/#\/schema\/logo\/image\/","url":"https:\/\/skaitytaknyga.lt\/wp-content\/uploads\/2024\/05\/cropped-cropped-cropped-02_00843_jt3bggkj1j3HLc7SyY6rEUpg.jpeg","contentUrl":"https:\/\/skaitytaknyga.lt\/wp-content\/uploads\/2024\/05\/cropped-cropped-cropped-02_00843_jt3bggkj1j3HLc7SyY6rEUpg.jpeg","width":1600,"height":1600,"caption":"skaitytaknyga.lt"},"image":{"@id":"https:\/\/skaitytaknyga.lt\/#\/schema\/logo\/image\/"},"sameAs":["https:\/\/www.facebook.com\/skaitytaknyga\/"]}]}},"_links":{"self":[{"href":"https:\/\/skaitytaknyga.lt\/en\/wp-json\/wp\/v2\/product\/20131","targetHints":{"allow":["GET"]}}],"collection":[{"href":"https:\/\/skaitytaknyga.lt\/en\/wp-json\/wp\/v2\/product"}],"about":[{"href":"https:\/\/skaitytaknyga.lt\/en\/wp-json\/wp\/v2\/types\/product"}],"replies":[{"embeddable":true,"href":"https:\/\/skaitytaknyga.lt\/en\/wp-json\/wp\/v2\/comments?post=20131"}],"wp:featuredmedia":[{"embeddable":true,"href":"https:\/\/skaitytaknyga.lt\/en\/wp-json\/wp\/v2\/media\/20135"}],"wp:attachment":[{"href":"https:\/\/skaitytaknyga.lt\/en\/wp-json\/wp\/v2\/media?parent=20131"}],"wp:term":[{"taxonomy":"product_brand","embeddable":true,"href":"https:\/\/skaitytaknyga.lt\/en\/wp-json\/wp\/v2\/product_brand?post=20131"},{"taxonomy":"product_cat","embeddable":true,"href":"https:\/\/skaitytaknyga.lt\/en\/wp-json\/wp\/v2\/product_cat?post=20131"},{"taxonomy":"product_tag","embeddable":true,"href":"https:\/\/skaitytaknyga.lt\/en\/wp-json\/wp\/v2\/product_tag?post=20131"}],"curies":[{"name":"wp","href":"https:\/\/api.w.org\/{rel}","templated":true}]}}