{"id":20130,"date":"2025-08-01T11:09:45","date_gmt":"2025-08-01T08:09:45","guid":{"rendered":"https:\/\/skaitytaknyga.lt\/?post_type=product&#038;p=20130"},"modified":"2025-11-30T21:41:40","modified_gmt":"2025-11-30T19:41:40","slug":"dangus-tikrai-yra","status":"publish","type":"product","link":"https:\/\/skaitytaknyga.lt\/en\/produktas\/dangus-tikrai-yra\/","title":{"rendered":"Dangus tikrai yra"},"content":{"rendered":"<p>Tikra ma\u017eo berniuko istorija!<\/p>\n<p>Nuostabiai apra\u0161ytas \u017evilgsnis \u012f roj\u0173 padr\u0105sins abejojan\u010diuosius ir sujaudins tikin\u010diuosius.<\/p>\n<p>Kai Koltonas Berpas i\u0161tv\u0117r\u0117 skubi\u0105 apendikso operacij\u0105, jo \u0161eima nesitv\u0117r\u0117 d\u017eiaugsmu, kad vaikas stebuklingai i\u0161gyveno. Bet jie nesitik\u0117jo i\u0161girsti nuostabios ir nepaprastos istorijos apie tai, kaip j\u0173 s\u016bnus nukeliavo \u012f roj\u0173 ir gr\u012f\u017eo. Dar n\u0117 ketveri\u0173 netur\u0117j\u0119s Koltonas papasakojo t\u0117vams, kad buvo palik\u0119s savo k\u016bn\u0105 per operacij\u0105.<\/p>\n<p>Jis tiksliai \u017einojo, k\u0105 jo t\u0117vai veik\u0117 ligonin\u0117je, kol jis buvo operuojamas. Vaikas kalb\u0117jo apie apsilankym\u0105 rojuje ir persak\u0117 ten sutikt\u0173 \u017emoni\u0173, kuri\u0173 niekada nebuvo mat\u0119s, istorijas, pasak\u0117 net tai, kas vyko prie\u0161 jam gimstant. Jis nustebino t\u0117vus apib\u016bdindamas roj\u0173 taip, kaip para\u0161yta Biblijoje, nors vaikas dar nemok\u0117jo skaityti.<\/p>\n<p>Koltonas dr\u0105siai, atvirai pasakoja sutik\u0119s seniai i\u0161\u0117jusius \u0161eimos narius. Jis apib\u016bdina J\u0117z\u0173, angelus, koks yra Dievas ir kaip stipriai Jis mus myli.<\/p>\n","protected":false},"excerpt":{"rendered":"<p>Tikra ma\u017eo berniuko istorija! Nuostabiai apra\u0161ytas \u017evilgsnis \u012f roj\u0173 padr\u0105sins abejojan\u010diuosius ir sujaudins tikin\u010diuosius. Kai Koltonas Berpas i\u0161tv\u0117r\u0117 skubi\u0105 apendikso operacij\u0105, jo \u0161eima nesitv\u0117r\u0117 d\u017eiaugsmu, kad vaikas stebuklingai i\u0161gyveno. Bet jie nesitik\u0117jo i\u0161girsti nuostabios ir nepaprastos istorijos apie tai, kaip j\u0173 s\u016bnus nukeliavo \u012f roj\u0173 ir gr\u012f\u017eo. Dar n\u0117 ketveri\u0173 netur\u0117j\u0119s Koltonas papasakojo t\u0117vams, kad buvo palik\u0119s savo k\u016bn\u0105 per operacij\u0105. Jis tiksliai \u017einojo, k\u0105 jo t\u0117vai veik\u0117 ligonin\u0117je, kol jis buvo operuojamas. Vaikas kalb\u0117jo apie apsilankym\u0105 rojuje ir persak\u0117 ten sutikt\u0173 \u017emoni\u0173, kuri\u0173 niekada nebuvo mat\u0119s, istorijas, pasak\u0117 net tai, kas vyko prie\u0161 jam gimstant. Jis nustebino t\u0117vus apib\u016bdindamas roj\u0173 taip, kaip para\u0161yta Biblijoje, nors vaikas dar nemok\u0117jo skaityti. Koltonas dr\u0105siai, atvirai pasakoja sutik\u0119s seniai i\u0161\u0117jusius \u0161eimos narius. Jis apib\u016bdina J\u0117z\u0173, angelus, koks yra Dievas ir kaip stipriai Jis mus myli.<\/p>\n","protected":false},"featured_media":20134,"comment_status":"open","ping_status":"closed","template":"","meta":{"_acf_changed":false,"site-sidebar-layout":"default","site-content-layout":"","ast-site-content-layout":"default","site-content-style":"default","site-sidebar-style":"default","ast-global-header-display":"","ast-banner-title-visibility":"","ast-main-header-display":"","ast-hfb-above-header-display":"","ast-hfb-below-header-display":"","ast-hfb-mobile-header-display":"","site-post-title":"","ast-breadcrumbs-content":"","ast-featured-img":"","footer-sml-layout":"","ast-disable-related-posts":"","theme-transparent-header-meta":"","adv-header-id-meta":"","stick-header-meta":"","header-above-stick-meta":"","header-main-stick-meta":"","header-below-stick-meta":"","astra-migrate-meta-layouts":"default","ast-page-background-enabled":"default","ast-page-background-meta":{"desktop":{"background-color":"","background-image":"","background-repeat":"repeat","background-position":"center center","background-size":"auto","background-attachment":"scroll","background-type":"","background-media":"","overlay-type":"","overlay-color":"","overlay-opacity":"","overlay-gradient":""},"tablet":{"background-color":"","background-image":"","background-repeat":"repeat","background-position":"center center","background-size":"auto","background-attachment":"scroll","background-type":"","background-media":"","overlay-type":"","overlay-color":"","overlay-opacity":"","overlay-gradient":""},"mobile":{"background-color":"","background-image":"","background-repeat":"repeat","background-position":"center center","background-size":"auto","background-attachment":"scroll","background-type":"","background-media":"","overlay-type":"","overlay-color":"","overlay-opacity":"","overlay-gradient":""}},"ast-content-background-meta":{"desktop":{"background-color":"var(--ast-global-color-4)","background-image":"","background-repeat":"repeat","background-position":"center center","background-size":"auto","background-attachment":"scroll","background-type":"","background-media":"","overlay-type":"","overlay-color":"","overlay-opacity":"","overlay-gradient":""},"tablet":{"background-color":"var(--ast-global-color-4)","background-image":"","background-repeat":"repeat","background-position":"center center","background-size":"auto","background-attachment":"scroll","background-type":"","background-media":"","overlay-type":"","overlay-color":"","overlay-opacity":"","overlay-gradient":""},"mobile":{"background-color":"var(--ast-global-color-4)","background-image":"","background-repeat":"repeat","background-position":"center center","background-size":"auto","background-attachment":"scroll","background-type":"","background-media":"","overlay-type":"","overlay-color":"","overlay-opacity":"","overlay-gradient":""}}},"product_brand":[],"product_cat":[31,15],"product_tag":[],"class_list":{"0":"post-20130","1":"product","2":"type-product","3":"status-publish","4":"has-post-thumbnail","6":"product_cat-grozine-literatura","7":"product_cat-uncategorized","8":"desktop-align-left","9":"tablet-align-left","10":"mobile-align-left","12":"first","13":"outofstock","14":"shipping-taxable","15":"purchasable","16":"product-type-simple"},"acf":[],"yoast_head":"<!-- This site is optimized with the Yoast SEO plugin v27.0 - https:\/\/yoast.com\/product\/yoast-seo-wordpress\/ -->\n<title>Dangus tikrai yra<\/title>\n<meta name=\"description\" content=\"Tikra ma\u017eo berniuko istorija! Nuostabiai apra\u0161ytas \u017evilgsnis \u012f roj\u0173 padr\u0105sins abejojan\u010diuosius ir sujaudins tikin\u010diuosius. Kai Koltonas Berpas i\u0161tv\u0117r\u0117\" \/>\n<meta name=\"robots\" content=\"index, follow, max-snippet:-1, max-image-preview:large, max-video-preview:-1\" \/>\n<link rel=\"canonical\" href=\"https:\/\/skaitytaknyga.lt\/en\/produktas\/dangus-tikrai-yra\/\" \/>\n<meta property=\"og:locale\" content=\"en_GB\" \/>\n<meta property=\"og:locale:alternate\" content=\"lt_LT\" \/>\n<meta property=\"og:type\" content=\"article\" \/>\n<meta property=\"og:title\" content=\"Dangus tikrai yra\" \/>\n<meta property=\"og:description\" content=\"Tikra ma\u017eo berniuko istorija! Nuostabiai apra\u0161ytas \u017evilgsnis \u012f roj\u0173 padr\u0105sins abejojan\u010diuosius ir sujaudins tikin\u010diuosius. Kai Koltonas Berpas i\u0161tv\u0117r\u0117\" \/>\n<meta property=\"og:url\" content=\"https:\/\/skaitytaknyga.lt\/en\/produktas\/dangus-tikrai-yra\/\" \/>\n<meta property=\"og:site_name\" content=\"Skaitytaknyga\" \/>\n<meta property=\"article:publisher\" content=\"https:\/\/www.facebook.com\/skaitytaknyga\/\" \/>\n<meta property=\"article:modified_time\" content=\"2025-11-30T19:41:40+00:00\" \/>\n<meta property=\"og:image\" content=\"https:\/\/skaitytaknyga.lt\/wp-content\/uploads\/2025\/08\/Dangus-tikrai-yra-1.webp\" \/>\n\t<meta property=\"og:image:width\" content=\"478\" \/>\n\t<meta property=\"og:image:height\" content=\"800\" \/>\n\t<meta property=\"og:image:type\" content=\"image\/webp\" \/>\n<meta name=\"twitter:card\" content=\"summary_large_image\" \/>\n<meta name=\"twitter:label1\" content=\"Estimated reading time\" \/>\n\t<meta name=\"twitter:data1\" content=\"1 minute\" \/>\n<script type=\"application\/ld+json\" class=\"yoast-schema-graph\">{\"@context\":\"https:\/\/schema.org\",\"@graph\":[{\"@type\":\"WebPage\",\"@id\":\"https:\/\/skaitytaknyga.lt\/produktas\/dangus-tikrai-yra\/\",\"url\":\"https:\/\/skaitytaknyga.lt\/produktas\/dangus-tikrai-yra\/\",\"name\":\"Dangus tikrai yra\",\"isPartOf\":{\"@id\":\"https:\/\/skaitytaknyga.lt\/#website\"},\"primaryImageOfPage\":{\"@id\":\"https:\/\/skaitytaknyga.lt\/produktas\/dangus-tikrai-yra\/#primaryimage\"},\"image\":{\"@id\":\"https:\/\/skaitytaknyga.lt\/produktas\/dangus-tikrai-yra\/#primaryimage\"},\"thumbnailUrl\":\"https:\/\/skaitytaknyga.lt\/wp-content\/uploads\/2025\/08\/Dangus-tikrai-yra-1.webp\",\"datePublished\":\"2025-08-01T08:09:45+00:00\",\"dateModified\":\"2025-11-30T19:41:40+00:00\",\"description\":\"Tikra ma\u017eo berniuko istorija! Nuostabiai apra\u0161ytas \u017evilgsnis \u012f roj\u0173 padr\u0105sins abejojan\u010diuosius ir sujaudins tikin\u010diuosius. Kai Koltonas Berpas i\u0161tv\u0117r\u0117\",\"breadcrumb\":{\"@id\":\"https:\/\/skaitytaknyga.lt\/produktas\/dangus-tikrai-yra\/#breadcrumb\"},\"inLanguage\":\"en-GB\",\"potentialAction\":[{\"@type\":\"ReadAction\",\"target\":[\"https:\/\/skaitytaknyga.lt\/produktas\/dangus-tikrai-yra\/\"]}]},{\"@type\":\"ImageObject\",\"inLanguage\":\"en-GB\",\"@id\":\"https:\/\/skaitytaknyga.lt\/produktas\/dangus-tikrai-yra\/#primaryimage\",\"url\":\"https:\/\/skaitytaknyga.lt\/wp-content\/uploads\/2025\/08\/Dangus-tikrai-yra-1.webp\",\"contentUrl\":\"https:\/\/skaitytaknyga.lt\/wp-content\/uploads\/2025\/08\/Dangus-tikrai-yra-1.webp\",\"width\":478,\"height\":800},{\"@type\":\"BreadcrumbList\",\"@id\":\"https:\/\/skaitytaknyga.lt\/produktas\/dangus-tikrai-yra\/#breadcrumb\",\"itemListElement\":[{\"@type\":\"ListItem\",\"position\":1,\"name\":\"Home\",\"item\":\"https:\/\/skaitytaknyga.lt\/\"},{\"@type\":\"ListItem\",\"position\":2,\"name\":\"Parduotuv\u0117\",\"item\":\"https:\/\/skaitytaknyga.lt\/knygu-parduotuve\/\"},{\"@type\":\"ListItem\",\"position\":3,\"name\":\"Dangus tikrai yra\"}]},{\"@type\":\"WebSite\",\"@id\":\"https:\/\/skaitytaknyga.lt\/#website\",\"url\":\"https:\/\/skaitytaknyga.lt\/\",\"name\":\"skaitytaknyga.lt\",\"description\":\"Skaitytaknyga.lt \u2013 tai ma\u017eas \u0161eimos verslas, kuris prasid\u0117jo nuo meil\u0117s knygoms ir siekio i\u0161gelb\u0117ti knygas nuo likimo prie konteinerio. Kas vienam nereikalingas daiktas \u2013 kitam lobis, o mes esame tarpininkai, kurie padeda abiems tapti laimingesniems ???? \u017dinome kaip nelengva i\u0161gyventi ma\u017eiems verslams, tad nuo \u0161iol, \u010dia rasite ir kit\u0173, ma\u017e\u0173 \u0161eim\u0173 versl\u0173, rank\u0173 darbo, dovan\u0173 sau ir artimiesiems.\",\"publisher\":{\"@id\":\"https:\/\/skaitytaknyga.lt\/#organization\"},\"potentialAction\":[{\"@type\":\"SearchAction\",\"target\":{\"@type\":\"EntryPoint\",\"urlTemplate\":\"https:\/\/skaitytaknyga.lt\/?s={search_term_string}\"},\"query-input\":{\"@type\":\"PropertyValueSpecification\",\"valueRequired\":true,\"valueName\":\"search_term_string\"}}],\"inLanguage\":\"en-GB\"},{\"@type\":\"Organization\",\"@id\":\"https:\/\/skaitytaknyga.lt\/#organization\",\"name\":\"skaitytaknyga.lt\",\"url\":\"https:\/\/skaitytaknyga.lt\/\",\"logo\":{\"@type\":\"ImageObject\",\"inLanguage\":\"en-GB\",\"@id\":\"https:\/\/skaitytaknyga.lt\/#\/schema\/logo\/image\/\",\"url\":\"https:\/\/skaitytaknyga.lt\/wp-content\/uploads\/2024\/05\/cropped-cropped-cropped-02_00843_jt3bggkj1j3HLc7SyY6rEUpg.jpeg\",\"contentUrl\":\"https:\/\/skaitytaknyga.lt\/wp-content\/uploads\/2024\/05\/cropped-cropped-cropped-02_00843_jt3bggkj1j3HLc7SyY6rEUpg.jpeg\",\"width\":1600,\"height\":1600,\"caption\":\"skaitytaknyga.lt\"},\"image\":{\"@id\":\"https:\/\/skaitytaknyga.lt\/#\/schema\/logo\/image\/\"},\"sameAs\":[\"https:\/\/www.facebook.com\/skaitytaknyga\/\"]}]}<\/script>\n<!-- \/ Yoast SEO plugin. -->","yoast_head_json":{"title":"Dangus tikrai yra","description":"Tikra ma\u017eo berniuko istorija! Nuostabiai apra\u0161ytas \u017evilgsnis \u012f roj\u0173 padr\u0105sins abejojan\u010diuosius ir sujaudins tikin\u010diuosius. Kai Koltonas Berpas i\u0161tv\u0117r\u0117","robots":{"index":"index","follow":"follow","max-snippet":"max-snippet:-1","max-image-preview":"max-image-preview:large","max-video-preview":"max-video-preview:-1"},"canonical":"https:\/\/skaitytaknyga.lt\/en\/produktas\/dangus-tikrai-yra\/","og_locale":"en_GB","og_type":"article","og_title":"[:lt]Dangus tikrai yra[:] - Skaitytaknyga","og_description":"Tikra ma\u017eo berniuko istorija! Nuostabiai apra\u0161ytas \u017evilgsnis \u012f roj\u0173 padr\u0105sins abejojan\u010diuosius ir sujaudins tikin\u010diuosius. Kai Koltonas Berpas i\u0161tv\u0117r\u0117","og_url":"https:\/\/skaitytaknyga.lt\/en\/produktas\/dangus-tikrai-yra\/","og_site_name":"Skaitytaknyga","article_publisher":"https:\/\/www.facebook.com\/skaitytaknyga\/","article_modified_time":"2025-11-30T19:41:40+00:00","og_image":[{"width":478,"height":800,"url":"https:\/\/skaitytaknyga.lt\/wp-content\/uploads\/2025\/08\/Dangus-tikrai-yra-1.webp","type":"image\/webp"}],"twitter_card":"summary_large_image","twitter_misc":{"Estimated reading time":"1 minute"},"schema":{"@context":"https:\/\/schema.org","@graph":[{"@type":"WebPage","@id":"https:\/\/skaitytaknyga.lt\/produktas\/dangus-tikrai-yra\/","url":"https:\/\/skaitytaknyga.lt\/produktas\/dangus-tikrai-yra\/","name":"Dangus tikrai yra","isPartOf":{"@id":"https:\/\/skaitytaknyga.lt\/#website"},"primaryImageOfPage":{"@id":"https:\/\/skaitytaknyga.lt\/produktas\/dangus-tikrai-yra\/#primaryimage"},"image":{"@id":"https:\/\/skaitytaknyga.lt\/produktas\/dangus-tikrai-yra\/#primaryimage"},"thumbnailUrl":"https:\/\/skaitytaknyga.lt\/wp-content\/uploads\/2025\/08\/Dangus-tikrai-yra-1.webp","datePublished":"2025-08-01T08:09:45+00:00","dateModified":"2025-11-30T19:41:40+00:00","description":"Tikra ma\u017eo berniuko istorija! Nuostabiai apra\u0161ytas \u017evilgsnis \u012f roj\u0173 padr\u0105sins abejojan\u010diuosius ir sujaudins tikin\u010diuosius. Kai Koltonas Berpas i\u0161tv\u0117r\u0117","breadcrumb":{"@id":"https:\/\/skaitytaknyga.lt\/produktas\/dangus-tikrai-yra\/#breadcrumb"},"inLanguage":"en-GB","potentialAction":[{"@type":"ReadAction","target":["https:\/\/skaitytaknyga.lt\/produktas\/dangus-tikrai-yra\/"]}]},{"@type":"ImageObject","inLanguage":"en-GB","@id":"https:\/\/skaitytaknyga.lt\/produktas\/dangus-tikrai-yra\/#primaryimage","url":"https:\/\/skaitytaknyga.lt\/wp-content\/uploads\/2025\/08\/Dangus-tikrai-yra-1.webp","contentUrl":"https:\/\/skaitytaknyga.lt\/wp-content\/uploads\/2025\/08\/Dangus-tikrai-yra-1.webp","width":478,"height":800},{"@type":"BreadcrumbList","@id":"https:\/\/skaitytaknyga.lt\/produktas\/dangus-tikrai-yra\/#breadcrumb","itemListElement":[{"@type":"ListItem","position":1,"name":"Home","item":"https:\/\/skaitytaknyga.lt\/"},{"@type":"ListItem","position":2,"name":"Parduotuv\u0117","item":"https:\/\/skaitytaknyga.lt\/knygu-parduotuve\/"},{"@type":"ListItem","position":3,"name":"Dangus tikrai yra"}]},{"@type":"WebSite","@id":"https:\/\/skaitytaknyga.lt\/#website","url":"https:\/\/skaitytaknyga.lt\/","name":"skaitytaknyga.lt","description":"Skaitytaknyga.lt \u2013 tai ma\u017eas \u0161eimos verslas, kuris prasid\u0117jo nuo meil\u0117s knygoms ir siekio i\u0161gelb\u0117ti knygas nuo likimo prie konteinerio. Kas vienam nereikalingas daiktas \u2013 kitam lobis, o mes esame tarpininkai, kurie padeda abiems tapti laimingesniems ???? \u017dinome kaip nelengva i\u0161gyventi ma\u017eiems verslams, tad nuo \u0161iol, \u010dia rasite ir kit\u0173, ma\u017e\u0173 \u0161eim\u0173 versl\u0173, rank\u0173 darbo, dovan\u0173 sau ir artimiesiems.","publisher":{"@id":"https:\/\/skaitytaknyga.lt\/#organization"},"potentialAction":[{"@type":"SearchAction","target":{"@type":"EntryPoint","urlTemplate":"https:\/\/skaitytaknyga.lt\/?s={search_term_string}"},"query-input":{"@type":"PropertyValueSpecification","valueRequired":true,"valueName":"search_term_string"}}],"inLanguage":"en-GB"},{"@type":"Organization","@id":"https:\/\/skaitytaknyga.lt\/#organization","name":"skaitytaknyga.lt","url":"https:\/\/skaitytaknyga.lt\/","logo":{"@type":"ImageObject","inLanguage":"en-GB","@id":"https:\/\/skaitytaknyga.lt\/#\/schema\/logo\/image\/","url":"https:\/\/skaitytaknyga.lt\/wp-content\/uploads\/2024\/05\/cropped-cropped-cropped-02_00843_jt3bggkj1j3HLc7SyY6rEUpg.jpeg","contentUrl":"https:\/\/skaitytaknyga.lt\/wp-content\/uploads\/2024\/05\/cropped-cropped-cropped-02_00843_jt3bggkj1j3HLc7SyY6rEUpg.jpeg","width":1600,"height":1600,"caption":"skaitytaknyga.lt"},"image":{"@id":"https:\/\/skaitytaknyga.lt\/#\/schema\/logo\/image\/"},"sameAs":["https:\/\/www.facebook.com\/skaitytaknyga\/"]}]}},"_links":{"self":[{"href":"https:\/\/skaitytaknyga.lt\/en\/wp-json\/wp\/v2\/product\/20130","targetHints":{"allow":["GET"]}}],"collection":[{"href":"https:\/\/skaitytaknyga.lt\/en\/wp-json\/wp\/v2\/product"}],"about":[{"href":"https:\/\/skaitytaknyga.lt\/en\/wp-json\/wp\/v2\/types\/product"}],"replies":[{"embeddable":true,"href":"https:\/\/skaitytaknyga.lt\/en\/wp-json\/wp\/v2\/comments?post=20130"}],"wp:featuredmedia":[{"embeddable":true,"href":"https:\/\/skaitytaknyga.lt\/en\/wp-json\/wp\/v2\/media\/20134"}],"wp:attachment":[{"href":"https:\/\/skaitytaknyga.lt\/en\/wp-json\/wp\/v2\/media?parent=20130"}],"wp:term":[{"taxonomy":"product_brand","embeddable":true,"href":"https:\/\/skaitytaknyga.lt\/en\/wp-json\/wp\/v2\/product_brand?post=20130"},{"taxonomy":"product_cat","embeddable":true,"href":"https:\/\/skaitytaknyga.lt\/en\/wp-json\/wp\/v2\/product_cat?post=20130"},{"taxonomy":"product_tag","embeddable":true,"href":"https:\/\/skaitytaknyga.lt\/en\/wp-json\/wp\/v2\/product_tag?post=20130"}],"curies":[{"name":"wp","href":"https:\/\/api.w.org\/{rel}","templated":true}]}}