{"id":20122,"date":"2025-08-01T10:30:45","date_gmt":"2025-08-01T07:30:45","guid":{"rendered":"https:\/\/skaitytaknyga.lt\/?post_type=product&#038;p=20122"},"modified":"2025-08-01T10:45:03","modified_gmt":"2025-08-01T07:45:03","slug":"mano-vaikas-busimasis-milijonierius","status":"publish","type":"product","link":"https:\/\/skaitytaknyga.lt\/en\/produktas\/mano-vaikas-busimasis-milijonierius\/","title":{"rendered":"Mano vaikas &#8211; b\u016bsimasis milijonierius"},"content":{"rendered":"<p>Gal kai kam toks knygos pavadinimas pasirodys pernelyg dr\u0105sus, ta\u010diau neskub\u0117kite daryti i\u0161vad\u0173. K\u0105 rei\u0161kia milijonierius? Tai rei\u0161kia, kad j\u016bs\u0173 vaikas turi neribot\u0173 galimybi\u0173, o t\u0117v\u0173 u\u017eduotis \u2013 jas atskleisti. Tod\u0117l garsiausia Rusijoje feng shui specialist\u0117, pozityvios s\u0105mon\u0117s transformavimo meistr\u0117, daugelio bestseleri\u0173 autor\u0117 Natalija Pravdina kreipiasi \u012f t\u0117vus, \u012ftvirtina j\u0173 s\u0105mon\u0117je tiesas apie teising\u0105 m\u0105stym\u0105, kurios asmenybei yra labai svarbios. Juk \u017ei\u016brint \u012f vaikus galima spr\u0119sti apie j\u0173 t\u0117vus ir atvirk\u0161\u010diai, obuolys nuo obels netoli rieda.<\/p>\n<p>\u0160ioje didel\u0117je knygoje yra ir ma\u017eesn\u0117 knygel\u0117, skirta milijono neribot\u0173 galimybi\u0173 tur\u0117tojams \u2013 vaikams. J\u0105 galite skaityti kartu, kartoti pozityvius teiginius, dalyvauti linksmose jaun\u0173j\u0173 burtinink\u0173 mokykl\u0117l\u0117s pamokose, pad\u0117dami at\u017ealoms atverti geriausias j\u0173 charakterio savybes ir parodydami galimybes, o svarbiausia \u2013 pad\u0117dami vaikams patik\u0117ti svajon\u0117mis!<\/p>\n<p>&#8211; Kaip sukurti nauj\u0105 laiming\u0105, harmoning\u0105 turtingos \u0161eimos pasaul\u0117\u017ei\u016br\u0105?<\/p>\n<p>&#8211; Kod\u0117l auginant vaik\u0105 reikia augti pa\u010diam?<\/p>\n<p>&#8211; Kaip save ir artimuosius padaryti laimingus?<\/p>\n<p>&#8211; Kaip paversti savo gyvenim\u0105 nesibaigian\u010dia \u0161vente?<\/p>\n<p>&#8211; Kaip be vargo ir pastang\u0173 i\u0161mokti \u012f savo gyvenim\u0105 pritraukti pinigus?<\/p>\n<p>&#8211; K\u0105 daryti, kad i\u0161sipildyt\u0173 norai?<\/p>\n<p>&#8211; Kaip i\u0161 gyvenimo gauti tai, ko mums reikia?<\/p>\n<p>&#8211; Kod\u0117l Natalij\u0105 Pravdin\u0105 gerb\u0117jai vadina ger\u0105ja f\u0117ja?<\/p>\n","protected":false},"excerpt":{"rendered":"<p>Gal kai kam toks knygos pavadinimas pasirodys pernelyg dr\u0105sus, ta\u010diau neskub\u0117kite daryti i\u0161vad\u0173. K\u0105 rei\u0161kia milijonierius? Tai rei\u0161kia, kad j\u016bs\u0173 vaikas turi neribot\u0173 galimybi\u0173, o t\u0117v\u0173 u\u017eduotis \u2013 jas atskleisti. Tod\u0117l garsiausia Rusijoje feng shui specialist\u0117, pozityvios s\u0105mon\u0117s transformavimo meistr\u0117, daugelio bestseleri\u0173 autor\u0117 Natalija Pravdina kreipiasi \u012f t\u0117vus, \u012ftvirtina j\u0173 s\u0105mon\u0117je tiesas apie teising\u0105 m\u0105stym\u0105, kurios asmenybei yra labai svarbios. Juk \u017ei\u016brint \u012f vaikus galima spr\u0119sti apie j\u0173 t\u0117vus ir atvirk\u0161\u010diai, obuolys nuo obels netoli rieda. \u0160ioje didel\u0117je knygoje yra ir ma\u017eesn\u0117 knygel\u0117, skirta milijono neribot\u0173 galimybi\u0173 tur\u0117tojams \u2013 vaikams. J\u0105 galite skaityti kartu, kartoti pozityvius teiginius, dalyvauti linksmose jaun\u0173j\u0173 burtinink\u0173 mokykl\u0117l\u0117s pamokose, pad\u0117dami at\u017ealoms atverti geriausias j\u0173 charakterio savybes ir parodydami galimybes, o svarbiausia \u2013 pad\u0117dami vaikams patik\u0117ti svajon\u0117mis! &#8211; Kaip sukurti nauj\u0105 laiming\u0105, harmoning\u0105 turtingos \u0161eimos pasaul\u0117\u017ei\u016br\u0105? &#8211; Kod\u0117l auginant vaik\u0105 reikia augti pa\u010diam? &#8211; Kaip save ir artimuosius padaryti laimingus? &#8211; Kaip paversti savo gyvenim\u0105 nesibaigian\u010dia \u0161vente? &#8211; Kaip be vargo ir pastang\u0173 i\u0161mokti \u012f savo gyvenim\u0105 pritraukti pinigus? &#8211; K\u0105 daryti, kad i\u0161sipildyt\u0173 norai? &#8211; Kaip i\u0161 gyvenimo gauti tai, ko mums reikia? &#8211; Kod\u0117l Natalij\u0105 Pravdin\u0105 gerb\u0117jai vadina ger\u0105ja f\u0117ja?<\/p>\n","protected":false},"featured_media":20126,"comment_status":"open","ping_status":"closed","template":"","meta":{"_acf_changed":false,"site-sidebar-layout":"default","site-content-layout":"","ast-site-content-layout":"default","site-content-style":"default","site-sidebar-style":"default","ast-global-header-display":"","ast-banner-title-visibility":"","ast-main-header-display":"","ast-hfb-above-header-display":"","ast-hfb-below-header-display":"","ast-hfb-mobile-header-display":"","site-post-title":"","ast-breadcrumbs-content":"","ast-featured-img":"","footer-sml-layout":"","ast-disable-related-posts":"","theme-transparent-header-meta":"","adv-header-id-meta":"","stick-header-meta":"","header-above-stick-meta":"","header-main-stick-meta":"","header-below-stick-meta":"","astra-migrate-meta-layouts":"default","ast-page-background-enabled":"default","ast-page-background-meta":{"desktop":{"background-color":"","background-image":"","background-repeat":"repeat","background-position":"center center","background-size":"auto","background-attachment":"scroll","background-type":"","background-media":"","overlay-type":"","overlay-color":"","overlay-opacity":"","overlay-gradient":""},"tablet":{"background-color":"","background-image":"","background-repeat":"repeat","background-position":"center center","background-size":"auto","background-attachment":"scroll","background-type":"","background-media":"","overlay-type":"","overlay-color":"","overlay-opacity":"","overlay-gradient":""},"mobile":{"background-color":"","background-image":"","background-repeat":"repeat","background-position":"center center","background-size":"auto","background-attachment":"scroll","background-type":"","background-media":"","overlay-type":"","overlay-color":"","overlay-opacity":"","overlay-gradient":""}},"ast-content-background-meta":{"desktop":{"background-color":"var(--ast-global-color-4)","background-image":"","background-repeat":"repeat","background-position":"center center","background-size":"auto","background-attachment":"scroll","background-type":"","background-media":"","overlay-type":"","overlay-color":"","overlay-opacity":"","overlay-gradient":""},"tablet":{"background-color":"var(--ast-global-color-4)","background-image":"","background-repeat":"repeat","background-position":"center center","background-size":"auto","background-attachment":"scroll","background-type":"","background-media":"","overlay-type":"","overlay-color":"","overlay-opacity":"","overlay-gradient":""},"mobile":{"background-color":"var(--ast-global-color-4)","background-image":"","background-repeat":"repeat","background-position":"center center","background-size":"auto","background-attachment":"scroll","background-type":"","background-media":"","overlay-type":"","overlay-color":"","overlay-opacity":"","overlay-gradient":""}}},"product_brand":[],"product_cat":[15],"product_tag":[7298,7299,2026,1968,7297],"class_list":{"0":"post-20122","1":"product","2":"type-product","3":"status-publish","4":"has-post-thumbnail","6":"product_cat-uncategorized","7":"product_tag-finansine-sekme","8":"product_tag-natalija-pravdina","9":"product_tag-pozityvus-mastymas","10":"product_tag-samoningumas","11":"product_tag-vaiku-ugdymas","12":"desktop-align-left","13":"tablet-align-left","14":"mobile-align-left","16":"first","17":"instock","18":"shipping-taxable","19":"purchasable","20":"product-type-simple"},"acf":[],"yoast_head":"<!-- This site is optimized with the Yoast SEO plugin v27.0 - https:\/\/yoast.com\/product\/yoast-seo-wordpress\/ -->\n<title>Mano vaikas - b\u016bsimasis milijonierius<\/title>\n<meta name=\"description\" content=\"Gal kai kam toks knygos pavadinimas pasirodys pernelyg dr\u0105sus, ta\u010diau neskub\u0117kite daryti i\u0161vad\u0173. K\u0105 rei\u0161kia milijonierius? Tai rei\u0161kia, kad j\u016bs\u0173 vaikas\" \/>\n<meta name=\"robots\" content=\"index, follow, max-snippet:-1, max-image-preview:large, max-video-preview:-1\" \/>\n<link rel=\"canonical\" href=\"https:\/\/skaitytaknyga.lt\/en\/produktas\/mano-vaikas-busimasis-milijonierius\/\" \/>\n<meta property=\"og:locale\" content=\"en_GB\" \/>\n<meta property=\"og:locale:alternate\" content=\"lt_LT\" \/>\n<meta property=\"og:type\" content=\"article\" \/>\n<meta property=\"og:title\" content=\"Mano vaikas - b\u016bsimasis milijonierius\" \/>\n<meta property=\"og:description\" content=\"Gal kai kam toks knygos pavadinimas pasirodys pernelyg dr\u0105sus, ta\u010diau neskub\u0117kite daryti i\u0161vad\u0173. K\u0105 rei\u0161kia milijonierius? Tai rei\u0161kia, kad j\u016bs\u0173 vaikas\" \/>\n<meta property=\"og:url\" content=\"https:\/\/skaitytaknyga.lt\/en\/produktas\/mano-vaikas-busimasis-milijonierius\/\" \/>\n<meta property=\"og:site_name\" content=\"Skaitytaknyga\" \/>\n<meta property=\"article:publisher\" content=\"https:\/\/www.facebook.com\/skaitytaknyga\/\" \/>\n<meta property=\"article:modified_time\" content=\"2025-08-01T07:45:03+00:00\" \/>\n<meta property=\"og:image\" content=\"https:\/\/skaitytaknyga.lt\/wp-content\/uploads\/2025\/08\/Mano-vaikas-busimasis-milijonierius-e1754033590314.webp\" \/>\n\t<meta property=\"og:image:width\" content=\"285\" \/>\n\t<meta property=\"og:image:height\" content=\"462\" \/>\n\t<meta property=\"og:image:type\" content=\"image\/webp\" \/>\n<meta name=\"twitter:card\" content=\"summary_large_image\" \/>\n<meta name=\"twitter:label1\" content=\"Estimated reading time\" \/>\n\t<meta name=\"twitter:data1\" content=\"1 minute\" \/>\n<script type=\"application\/ld+json\" class=\"yoast-schema-graph\">{\"@context\":\"https:\/\/schema.org\",\"@graph\":[{\"@type\":\"WebPage\",\"@id\":\"https:\/\/skaitytaknyga.lt\/produktas\/mano-vaikas-busimasis-milijonierius\/\",\"url\":\"https:\/\/skaitytaknyga.lt\/produktas\/mano-vaikas-busimasis-milijonierius\/\",\"name\":\"Mano vaikas - b\u016bsimasis milijonierius\",\"isPartOf\":{\"@id\":\"https:\/\/skaitytaknyga.lt\/#website\"},\"primaryImageOfPage\":{\"@id\":\"https:\/\/skaitytaknyga.lt\/produktas\/mano-vaikas-busimasis-milijonierius\/#primaryimage\"},\"image\":{\"@id\":\"https:\/\/skaitytaknyga.lt\/produktas\/mano-vaikas-busimasis-milijonierius\/#primaryimage\"},\"thumbnailUrl\":\"https:\/\/skaitytaknyga.lt\/wp-content\/uploads\/2025\/08\/Mano-vaikas-busimasis-milijonierius-e1754033590314.webp\",\"datePublished\":\"2025-08-01T07:30:45+00:00\",\"dateModified\":\"2025-08-01T07:45:03+00:00\",\"description\":\"Gal kai kam toks knygos pavadinimas pasirodys pernelyg dr\u0105sus, ta\u010diau neskub\u0117kite daryti i\u0161vad\u0173. K\u0105 rei\u0161kia milijonierius? Tai rei\u0161kia, kad j\u016bs\u0173 vaikas\",\"breadcrumb\":{\"@id\":\"https:\/\/skaitytaknyga.lt\/produktas\/mano-vaikas-busimasis-milijonierius\/#breadcrumb\"},\"inLanguage\":\"en-GB\",\"potentialAction\":[{\"@type\":\"ReadAction\",\"target\":[\"https:\/\/skaitytaknyga.lt\/produktas\/mano-vaikas-busimasis-milijonierius\/\"]}]},{\"@type\":\"ImageObject\",\"inLanguage\":\"en-GB\",\"@id\":\"https:\/\/skaitytaknyga.lt\/produktas\/mano-vaikas-busimasis-milijonierius\/#primaryimage\",\"url\":\"https:\/\/skaitytaknyga.lt\/wp-content\/uploads\/2025\/08\/Mano-vaikas-busimasis-milijonierius-e1754033590314.webp\",\"contentUrl\":\"https:\/\/skaitytaknyga.lt\/wp-content\/uploads\/2025\/08\/Mano-vaikas-busimasis-milijonierius-e1754033590314.webp\",\"width\":285,\"height\":462,\"caption\":\"Mano vaikas - b\u016bsimasis milijonierius\"},{\"@type\":\"BreadcrumbList\",\"@id\":\"https:\/\/skaitytaknyga.lt\/produktas\/mano-vaikas-busimasis-milijonierius\/#breadcrumb\",\"itemListElement\":[{\"@type\":\"ListItem\",\"position\":1,\"name\":\"Home\",\"item\":\"https:\/\/skaitytaknyga.lt\/\"},{\"@type\":\"ListItem\",\"position\":2,\"name\":\"Parduotuv\u0117\",\"item\":\"https:\/\/skaitytaknyga.lt\/knygu-parduotuve\/\"},{\"@type\":\"ListItem\",\"position\":3,\"name\":\"Mano vaikas &#8211; b\u016bsimasis milijonierius\"}]},{\"@type\":\"WebSite\",\"@id\":\"https:\/\/skaitytaknyga.lt\/#website\",\"url\":\"https:\/\/skaitytaknyga.lt\/\",\"name\":\"skaitytaknyga.lt\",\"description\":\"Skaitytaknyga.lt \u2013 tai ma\u017eas \u0161eimos verslas, kuris prasid\u0117jo nuo meil\u0117s knygoms ir siekio i\u0161gelb\u0117ti knygas nuo likimo prie konteinerio. Kas vienam nereikalingas daiktas \u2013 kitam lobis, o mes esame tarpininkai, kurie padeda abiems tapti laimingesniems ???? \u017dinome kaip nelengva i\u0161gyventi ma\u017eiems verslams, tad nuo \u0161iol, \u010dia rasite ir kit\u0173, ma\u017e\u0173 \u0161eim\u0173 versl\u0173, rank\u0173 darbo, dovan\u0173 sau ir artimiesiems.\",\"publisher\":{\"@id\":\"https:\/\/skaitytaknyga.lt\/#organization\"},\"potentialAction\":[{\"@type\":\"SearchAction\",\"target\":{\"@type\":\"EntryPoint\",\"urlTemplate\":\"https:\/\/skaitytaknyga.lt\/?s={search_term_string}\"},\"query-input\":{\"@type\":\"PropertyValueSpecification\",\"valueRequired\":true,\"valueName\":\"search_term_string\"}}],\"inLanguage\":\"en-GB\"},{\"@type\":\"Organization\",\"@id\":\"https:\/\/skaitytaknyga.lt\/#organization\",\"name\":\"skaitytaknyga.lt\",\"url\":\"https:\/\/skaitytaknyga.lt\/\",\"logo\":{\"@type\":\"ImageObject\",\"inLanguage\":\"en-GB\",\"@id\":\"https:\/\/skaitytaknyga.lt\/#\/schema\/logo\/image\/\",\"url\":\"https:\/\/skaitytaknyga.lt\/wp-content\/uploads\/2024\/05\/cropped-cropped-cropped-02_00843_jt3bggkj1j3HLc7SyY6rEUpg.jpeg\",\"contentUrl\":\"https:\/\/skaitytaknyga.lt\/wp-content\/uploads\/2024\/05\/cropped-cropped-cropped-02_00843_jt3bggkj1j3HLc7SyY6rEUpg.jpeg\",\"width\":1600,\"height\":1600,\"caption\":\"skaitytaknyga.lt\"},\"image\":{\"@id\":\"https:\/\/skaitytaknyga.lt\/#\/schema\/logo\/image\/\"},\"sameAs\":[\"https:\/\/www.facebook.com\/skaitytaknyga\/\"]}]}<\/script>\n<!-- \/ Yoast SEO plugin. -->","yoast_head_json":{"title":"Mano vaikas - b\u016bsimasis milijonierius","description":"Gal kai kam toks knygos pavadinimas pasirodys pernelyg dr\u0105sus, ta\u010diau neskub\u0117kite daryti i\u0161vad\u0173. K\u0105 rei\u0161kia milijonierius? Tai rei\u0161kia, kad j\u016bs\u0173 vaikas","robots":{"index":"index","follow":"follow","max-snippet":"max-snippet:-1","max-image-preview":"max-image-preview:large","max-video-preview":"max-video-preview:-1"},"canonical":"https:\/\/skaitytaknyga.lt\/en\/produktas\/mano-vaikas-busimasis-milijonierius\/","og_locale":"en_GB","og_type":"article","og_title":"[:lt]Mano vaikas - b\u016bsimasis milijonierius[:] - Skaitytaknyga","og_description":"Gal kai kam toks knygos pavadinimas pasirodys pernelyg dr\u0105sus, ta\u010diau neskub\u0117kite daryti i\u0161vad\u0173. K\u0105 rei\u0161kia milijonierius? Tai rei\u0161kia, kad j\u016bs\u0173 vaikas","og_url":"https:\/\/skaitytaknyga.lt\/en\/produktas\/mano-vaikas-busimasis-milijonierius\/","og_site_name":"Skaitytaknyga","article_publisher":"https:\/\/www.facebook.com\/skaitytaknyga\/","article_modified_time":"2025-08-01T07:45:03+00:00","og_image":[{"width":285,"height":462,"url":"https:\/\/skaitytaknyga.lt\/wp-content\/uploads\/2025\/08\/Mano-vaikas-busimasis-milijonierius-e1754033590314.webp","type":"image\/webp"}],"twitter_card":"summary_large_image","twitter_misc":{"Estimated reading time":"1 minute"},"schema":{"@context":"https:\/\/schema.org","@graph":[{"@type":"WebPage","@id":"https:\/\/skaitytaknyga.lt\/produktas\/mano-vaikas-busimasis-milijonierius\/","url":"https:\/\/skaitytaknyga.lt\/produktas\/mano-vaikas-busimasis-milijonierius\/","name":"Mano vaikas - b\u016bsimasis milijonierius","isPartOf":{"@id":"https:\/\/skaitytaknyga.lt\/#website"},"primaryImageOfPage":{"@id":"https:\/\/skaitytaknyga.lt\/produktas\/mano-vaikas-busimasis-milijonierius\/#primaryimage"},"image":{"@id":"https:\/\/skaitytaknyga.lt\/produktas\/mano-vaikas-busimasis-milijonierius\/#primaryimage"},"thumbnailUrl":"https:\/\/skaitytaknyga.lt\/wp-content\/uploads\/2025\/08\/Mano-vaikas-busimasis-milijonierius-e1754033590314.webp","datePublished":"2025-08-01T07:30:45+00:00","dateModified":"2025-08-01T07:45:03+00:00","description":"Gal kai kam toks knygos pavadinimas pasirodys pernelyg dr\u0105sus, ta\u010diau neskub\u0117kite daryti i\u0161vad\u0173. K\u0105 rei\u0161kia milijonierius? Tai rei\u0161kia, kad j\u016bs\u0173 vaikas","breadcrumb":{"@id":"https:\/\/skaitytaknyga.lt\/produktas\/mano-vaikas-busimasis-milijonierius\/#breadcrumb"},"inLanguage":"en-GB","potentialAction":[{"@type":"ReadAction","target":["https:\/\/skaitytaknyga.lt\/produktas\/mano-vaikas-busimasis-milijonierius\/"]}]},{"@type":"ImageObject","inLanguage":"en-GB","@id":"https:\/\/skaitytaknyga.lt\/produktas\/mano-vaikas-busimasis-milijonierius\/#primaryimage","url":"https:\/\/skaitytaknyga.lt\/wp-content\/uploads\/2025\/08\/Mano-vaikas-busimasis-milijonierius-e1754033590314.webp","contentUrl":"https:\/\/skaitytaknyga.lt\/wp-content\/uploads\/2025\/08\/Mano-vaikas-busimasis-milijonierius-e1754033590314.webp","width":285,"height":462,"caption":"Mano vaikas - b\u016bsimasis milijonierius"},{"@type":"BreadcrumbList","@id":"https:\/\/skaitytaknyga.lt\/produktas\/mano-vaikas-busimasis-milijonierius\/#breadcrumb","itemListElement":[{"@type":"ListItem","position":1,"name":"Home","item":"https:\/\/skaitytaknyga.lt\/"},{"@type":"ListItem","position":2,"name":"Parduotuv\u0117","item":"https:\/\/skaitytaknyga.lt\/knygu-parduotuve\/"},{"@type":"ListItem","position":3,"name":"Mano vaikas &#8211; b\u016bsimasis milijonierius"}]},{"@type":"WebSite","@id":"https:\/\/skaitytaknyga.lt\/#website","url":"https:\/\/skaitytaknyga.lt\/","name":"skaitytaknyga.lt","description":"Skaitytaknyga.lt \u2013 tai ma\u017eas \u0161eimos verslas, kuris prasid\u0117jo nuo meil\u0117s knygoms ir siekio i\u0161gelb\u0117ti knygas nuo likimo prie konteinerio. Kas vienam nereikalingas daiktas \u2013 kitam lobis, o mes esame tarpininkai, kurie padeda abiems tapti laimingesniems ???? \u017dinome kaip nelengva i\u0161gyventi ma\u017eiems verslams, tad nuo \u0161iol, \u010dia rasite ir kit\u0173, ma\u017e\u0173 \u0161eim\u0173 versl\u0173, rank\u0173 darbo, dovan\u0173 sau ir artimiesiems.","publisher":{"@id":"https:\/\/skaitytaknyga.lt\/#organization"},"potentialAction":[{"@type":"SearchAction","target":{"@type":"EntryPoint","urlTemplate":"https:\/\/skaitytaknyga.lt\/?s={search_term_string}"},"query-input":{"@type":"PropertyValueSpecification","valueRequired":true,"valueName":"search_term_string"}}],"inLanguage":"en-GB"},{"@type":"Organization","@id":"https:\/\/skaitytaknyga.lt\/#organization","name":"skaitytaknyga.lt","url":"https:\/\/skaitytaknyga.lt\/","logo":{"@type":"ImageObject","inLanguage":"en-GB","@id":"https:\/\/skaitytaknyga.lt\/#\/schema\/logo\/image\/","url":"https:\/\/skaitytaknyga.lt\/wp-content\/uploads\/2024\/05\/cropped-cropped-cropped-02_00843_jt3bggkj1j3HLc7SyY6rEUpg.jpeg","contentUrl":"https:\/\/skaitytaknyga.lt\/wp-content\/uploads\/2024\/05\/cropped-cropped-cropped-02_00843_jt3bggkj1j3HLc7SyY6rEUpg.jpeg","width":1600,"height":1600,"caption":"skaitytaknyga.lt"},"image":{"@id":"https:\/\/skaitytaknyga.lt\/#\/schema\/logo\/image\/"},"sameAs":["https:\/\/www.facebook.com\/skaitytaknyga\/"]}]}},"_links":{"self":[{"href":"https:\/\/skaitytaknyga.lt\/en\/wp-json\/wp\/v2\/product\/20122","targetHints":{"allow":["GET"]}}],"collection":[{"href":"https:\/\/skaitytaknyga.lt\/en\/wp-json\/wp\/v2\/product"}],"about":[{"href":"https:\/\/skaitytaknyga.lt\/en\/wp-json\/wp\/v2\/types\/product"}],"replies":[{"embeddable":true,"href":"https:\/\/skaitytaknyga.lt\/en\/wp-json\/wp\/v2\/comments?post=20122"}],"wp:featuredmedia":[{"embeddable":true,"href":"https:\/\/skaitytaknyga.lt\/en\/wp-json\/wp\/v2\/media\/20126"}],"wp:attachment":[{"href":"https:\/\/skaitytaknyga.lt\/en\/wp-json\/wp\/v2\/media?parent=20122"}],"wp:term":[{"taxonomy":"product_brand","embeddable":true,"href":"https:\/\/skaitytaknyga.lt\/en\/wp-json\/wp\/v2\/product_brand?post=20122"},{"taxonomy":"product_cat","embeddable":true,"href":"https:\/\/skaitytaknyga.lt\/en\/wp-json\/wp\/v2\/product_cat?post=20122"},{"taxonomy":"product_tag","embeddable":true,"href":"https:\/\/skaitytaknyga.lt\/en\/wp-json\/wp\/v2\/product_tag?post=20122"}],"curies":[{"name":"wp","href":"https:\/\/api.w.org\/{rel}","templated":true}]}}