{"id":20116,"date":"2025-08-01T10:15:19","date_gmt":"2025-08-01T07:15:19","guid":{"rendered":"https:\/\/skaitytaknyga.lt\/?post_type=product&#038;p=20116"},"modified":"2025-09-27T18:56:15","modified_gmt":"2025-09-27T15:56:15","slug":"ka-veikti-per-atostogas","status":"publish","type":"product","link":"https:\/\/skaitytaknyga.lt\/en\/produktas\/ka-veikti-per-atostogas\/","title":{"rendered":"K\u0105 veikti per atostogas?"},"content":{"rendered":"<p>\u0160ioje patrauklioje knygel\u0117je apstu netik\u0117t\u0173 k\u016brybini\u0173 pasi\u016blym\u0173 vaikams. K\u0105 veikti per atostogas, kad jos b\u016bt\u0173 smagios ir nenuobod\u017eios? Vien\u0105 dien\u0105 vaikams si\u016bloma pie\u0161ti, kit\u0105 \u2013 gaminti skan\u0117stus, tre\u010di\u0105 \u2013 tapyti, ketvirt\u0105 \u2013 sodinti augalus, penkt\u0105 \u2013 gaminti rankdarbius, o kai viskas bus i\u0161bandyta, tuomet pirmyn siausti ir persirengin\u0117ti! I\u0161samios ir ai\u0161kios darbeli\u0173 instrukcijos bei spalvotos iliustracijos pad\u0117s atsipalaiduoti ir kurti, o taip leid\u017eiamos atostogos tikrai neprailgs.<\/p>\n","protected":false},"excerpt":{"rendered":"<p>\u0160ioje patrauklioje knygel\u0117je apstu netik\u0117t\u0173 k\u016brybini\u0173 pasi\u016blym\u0173 vaikams. K\u0105 veikti per atostogas, kad jos b\u016bt\u0173 smagios ir nenuobod\u017eios? Vien\u0105 dien\u0105 vaikams si\u016bloma pie\u0161ti, kit\u0105 \u2013 gaminti skan\u0117stus, tre\u010di\u0105 \u2013 tapyti, ketvirt\u0105 \u2013 sodinti augalus, penkt\u0105 \u2013 gaminti rankdarbius, o kai viskas bus i\u0161bandyta, tuomet pirmyn siausti ir persirengin\u0117ti! I\u0161samios ir ai\u0161kios darbeli\u0173 instrukcijos bei spalvotos iliustracijos pad\u0117s atsipalaiduoti ir kurti, o taip leid\u017eiamos atostogos tikrai neprailgs.<\/p>\n","protected":false},"featured_media":20120,"comment_status":"open","ping_status":"closed","template":"","meta":{"_acf_changed":false,"site-sidebar-layout":"default","site-content-layout":"","ast-site-content-layout":"default","site-content-style":"default","site-sidebar-style":"default","ast-global-header-display":"","ast-banner-title-visibility":"","ast-main-header-display":"","ast-hfb-above-header-display":"","ast-hfb-below-header-display":"","ast-hfb-mobile-header-display":"","site-post-title":"","ast-breadcrumbs-content":"","ast-featured-img":"","footer-sml-layout":"","ast-disable-related-posts":"","theme-transparent-header-meta":"","adv-header-id-meta":"","stick-header-meta":"","header-above-stick-meta":"","header-main-stick-meta":"","header-below-stick-meta":"","astra-migrate-meta-layouts":"default","ast-page-background-enabled":"default","ast-page-background-meta":{"desktop":{"background-color":"","background-image":"","background-repeat":"repeat","background-position":"center center","background-size":"auto","background-attachment":"scroll","background-type":"","background-media":"","overlay-type":"","overlay-color":"","overlay-opacity":"","overlay-gradient":""},"tablet":{"background-color":"","background-image":"","background-repeat":"repeat","background-position":"center center","background-size":"auto","background-attachment":"scroll","background-type":"","background-media":"","overlay-type":"","overlay-color":"","overlay-opacity":"","overlay-gradient":""},"mobile":{"background-color":"","background-image":"","background-repeat":"repeat","background-position":"center center","background-size":"auto","background-attachment":"scroll","background-type":"","background-media":"","overlay-type":"","overlay-color":"","overlay-opacity":"","overlay-gradient":""}},"ast-content-background-meta":{"desktop":{"background-color":"var(--ast-global-color-4)","background-image":"","background-repeat":"repeat","background-position":"center center","background-size":"auto","background-attachment":"scroll","background-type":"","background-media":"","overlay-type":"","overlay-color":"","overlay-opacity":"","overlay-gradient":""},"tablet":{"background-color":"var(--ast-global-color-4)","background-image":"","background-repeat":"repeat","background-position":"center center","background-size":"auto","background-attachment":"scroll","background-type":"","background-media":"","overlay-type":"","overlay-color":"","overlay-opacity":"","overlay-gradient":""},"mobile":{"background-color":"var(--ast-global-color-4)","background-image":"","background-repeat":"repeat","background-position":"center center","background-size":"auto","background-attachment":"scroll","background-type":"","background-media":"","overlay-type":"","overlay-color":"","overlay-opacity":"","overlay-gradient":""}}},"product_brand":[],"product_cat":[35],"product_tag":[4803,3007,1918,7292,1785,7291],"class_list":{"0":"post-20116","1":"product","2":"type-product","3":"status-publish","4":"has-post-thumbnail","6":"product_cat-vaikams-ir-paaugliams","7":"product_tag-atostogos","8":"product_tag-kuryba","9":"product_tag-rankdarbiai","10":"product_tag-ray-gibson","11":"product_tag-vaikams","12":"product_tag-veiklos-idejos","13":"desktop-align-left","14":"tablet-align-left","15":"mobile-align-left","17":"first","18":"instock","19":"shipping-taxable","20":"purchasable","21":"product-type-simple"},"acf":[],"yoast_head":"<!-- This site is optimized with the Yoast SEO plugin v27.0 - https:\/\/yoast.com\/product\/yoast-seo-wordpress\/ -->\n<title>K\u0105 veikti per atostogas?<\/title>\n<meta name=\"description\" content=\"\u0160ioje patrauklioje knygel\u0117je apstu netik\u0117t\u0173 k\u016brybini\u0173 pasi\u016blym\u0173 vaikams. K\u0105 veikti per atostogas, kad jos b\u016bt\u0173 smagios ir nenuobod\u017eios? Vien\u0105 dien\u0105\" \/>\n<meta name=\"robots\" content=\"index, follow, max-snippet:-1, max-image-preview:large, max-video-preview:-1\" \/>\n<link rel=\"canonical\" href=\"https:\/\/skaitytaknyga.lt\/en\/produktas\/ka-veikti-per-atostogas\/\" \/>\n<meta property=\"og:locale\" content=\"en_GB\" \/>\n<meta property=\"og:locale:alternate\" content=\"lt_LT\" \/>\n<meta property=\"og:type\" content=\"article\" \/>\n<meta property=\"og:title\" content=\"K\u0105 veikti per atostogas?\" \/>\n<meta property=\"og:description\" content=\"\u0160ioje patrauklioje knygel\u0117je apstu netik\u0117t\u0173 k\u016brybini\u0173 pasi\u016blym\u0173 vaikams. K\u0105 veikti per atostogas, kad jos b\u016bt\u0173 smagios ir nenuobod\u017eios? Vien\u0105 dien\u0105\" \/>\n<meta property=\"og:url\" content=\"https:\/\/skaitytaknyga.lt\/en\/produktas\/ka-veikti-per-atostogas\/\" \/>\n<meta property=\"og:site_name\" content=\"Skaitytaknyga\" \/>\n<meta property=\"article:publisher\" content=\"https:\/\/www.facebook.com\/skaitytaknyga\/\" \/>\n<meta property=\"article:modified_time\" content=\"2025-09-27T15:56:15+00:00\" \/>\n<meta property=\"og:image\" content=\"https:\/\/skaitytaknyga.lt\/wp-content\/uploads\/2025\/08\/Ka-veikti-per-atostogas-1.webp\" \/>\n\t<meta property=\"og:image:width\" content=\"285\" \/>\n\t<meta property=\"og:image:height\" content=\"366\" \/>\n\t<meta property=\"og:image:type\" content=\"image\/webp\" \/>\n<meta name=\"twitter:card\" content=\"summary_large_image\" \/>\n<script type=\"application\/ld+json\" class=\"yoast-schema-graph\">{\"@context\":\"https:\/\/schema.org\",\"@graph\":[{\"@type\":\"WebPage\",\"@id\":\"https:\/\/skaitytaknyga.lt\/produktas\/ka-veikti-per-atostogas\/\",\"url\":\"https:\/\/skaitytaknyga.lt\/produktas\/ka-veikti-per-atostogas\/\",\"name\":\"K\u0105 veikti per atostogas?\",\"isPartOf\":{\"@id\":\"https:\/\/skaitytaknyga.lt\/#website\"},\"primaryImageOfPage\":{\"@id\":\"https:\/\/skaitytaknyga.lt\/produktas\/ka-veikti-per-atostogas\/#primaryimage\"},\"image\":{\"@id\":\"https:\/\/skaitytaknyga.lt\/produktas\/ka-veikti-per-atostogas\/#primaryimage\"},\"thumbnailUrl\":\"https:\/\/skaitytaknyga.lt\/wp-content\/uploads\/2025\/08\/Ka-veikti-per-atostogas-1.webp\",\"datePublished\":\"2025-08-01T07:15:19+00:00\",\"dateModified\":\"2025-09-27T15:56:15+00:00\",\"description\":\"\u0160ioje patrauklioje knygel\u0117je apstu netik\u0117t\u0173 k\u016brybini\u0173 pasi\u016blym\u0173 vaikams. K\u0105 veikti per atostogas, kad jos b\u016bt\u0173 smagios ir nenuobod\u017eios? Vien\u0105 dien\u0105\",\"breadcrumb\":{\"@id\":\"https:\/\/skaitytaknyga.lt\/produktas\/ka-veikti-per-atostogas\/#breadcrumb\"},\"inLanguage\":\"en-GB\",\"potentialAction\":[{\"@type\":\"ReadAction\",\"target\":[\"https:\/\/skaitytaknyga.lt\/produktas\/ka-veikti-per-atostogas\/\"]}]},{\"@type\":\"ImageObject\",\"inLanguage\":\"en-GB\",\"@id\":\"https:\/\/skaitytaknyga.lt\/produktas\/ka-veikti-per-atostogas\/#primaryimage\",\"url\":\"https:\/\/skaitytaknyga.lt\/wp-content\/uploads\/2025\/08\/Ka-veikti-per-atostogas-1.webp\",\"contentUrl\":\"https:\/\/skaitytaknyga.lt\/wp-content\/uploads\/2025\/08\/Ka-veikti-per-atostogas-1.webp\",\"width\":285,\"height\":366},{\"@type\":\"BreadcrumbList\",\"@id\":\"https:\/\/skaitytaknyga.lt\/produktas\/ka-veikti-per-atostogas\/#breadcrumb\",\"itemListElement\":[{\"@type\":\"ListItem\",\"position\":1,\"name\":\"Home\",\"item\":\"https:\/\/skaitytaknyga.lt\/\"},{\"@type\":\"ListItem\",\"position\":2,\"name\":\"Parduotuv\u0117\",\"item\":\"https:\/\/skaitytaknyga.lt\/knygu-parduotuve\/\"},{\"@type\":\"ListItem\",\"position\":3,\"name\":\"K\u0105 veikti per atostogas?\"}]},{\"@type\":\"WebSite\",\"@id\":\"https:\/\/skaitytaknyga.lt\/#website\",\"url\":\"https:\/\/skaitytaknyga.lt\/\",\"name\":\"skaitytaknyga.lt\",\"description\":\"Skaitytaknyga.lt \u2013 tai ma\u017eas \u0161eimos verslas, kuris prasid\u0117jo nuo meil\u0117s knygoms ir siekio i\u0161gelb\u0117ti knygas nuo likimo prie konteinerio. Kas vienam nereikalingas daiktas \u2013 kitam lobis, o mes esame tarpininkai, kurie padeda abiems tapti laimingesniems ???? \u017dinome kaip nelengva i\u0161gyventi ma\u017eiems verslams, tad nuo \u0161iol, \u010dia rasite ir kit\u0173, ma\u017e\u0173 \u0161eim\u0173 versl\u0173, rank\u0173 darbo, dovan\u0173 sau ir artimiesiems.\",\"publisher\":{\"@id\":\"https:\/\/skaitytaknyga.lt\/#organization\"},\"potentialAction\":[{\"@type\":\"SearchAction\",\"target\":{\"@type\":\"EntryPoint\",\"urlTemplate\":\"https:\/\/skaitytaknyga.lt\/?s={search_term_string}\"},\"query-input\":{\"@type\":\"PropertyValueSpecification\",\"valueRequired\":true,\"valueName\":\"search_term_string\"}}],\"inLanguage\":\"en-GB\"},{\"@type\":\"Organization\",\"@id\":\"https:\/\/skaitytaknyga.lt\/#organization\",\"name\":\"skaitytaknyga.lt\",\"url\":\"https:\/\/skaitytaknyga.lt\/\",\"logo\":{\"@type\":\"ImageObject\",\"inLanguage\":\"en-GB\",\"@id\":\"https:\/\/skaitytaknyga.lt\/#\/schema\/logo\/image\/\",\"url\":\"https:\/\/skaitytaknyga.lt\/wp-content\/uploads\/2024\/05\/cropped-cropped-cropped-02_00843_jt3bggkj1j3HLc7SyY6rEUpg.jpeg\",\"contentUrl\":\"https:\/\/skaitytaknyga.lt\/wp-content\/uploads\/2024\/05\/cropped-cropped-cropped-02_00843_jt3bggkj1j3HLc7SyY6rEUpg.jpeg\",\"width\":1600,\"height\":1600,\"caption\":\"skaitytaknyga.lt\"},\"image\":{\"@id\":\"https:\/\/skaitytaknyga.lt\/#\/schema\/logo\/image\/\"},\"sameAs\":[\"https:\/\/www.facebook.com\/skaitytaknyga\/\"]}]}<\/script>\n<!-- \/ Yoast SEO plugin. -->","yoast_head_json":{"title":"K\u0105 veikti per atostogas?","description":"\u0160ioje patrauklioje knygel\u0117je apstu netik\u0117t\u0173 k\u016brybini\u0173 pasi\u016blym\u0173 vaikams. K\u0105 veikti per atostogas, kad jos b\u016bt\u0173 smagios ir nenuobod\u017eios? Vien\u0105 dien\u0105","robots":{"index":"index","follow":"follow","max-snippet":"max-snippet:-1","max-image-preview":"max-image-preview:large","max-video-preview":"max-video-preview:-1"},"canonical":"https:\/\/skaitytaknyga.lt\/en\/produktas\/ka-veikti-per-atostogas\/","og_locale":"en_GB","og_type":"article","og_title":"[:lt]K\u0105 veikti per atostogas?[:] - Skaitytaknyga","og_description":"\u0160ioje patrauklioje knygel\u0117je apstu netik\u0117t\u0173 k\u016brybini\u0173 pasi\u016blym\u0173 vaikams. K\u0105 veikti per atostogas, kad jos b\u016bt\u0173 smagios ir nenuobod\u017eios? Vien\u0105 dien\u0105","og_url":"https:\/\/skaitytaknyga.lt\/en\/produktas\/ka-veikti-per-atostogas\/","og_site_name":"Skaitytaknyga","article_publisher":"https:\/\/www.facebook.com\/skaitytaknyga\/","article_modified_time":"2025-09-27T15:56:15+00:00","og_image":[{"width":285,"height":366,"url":"https:\/\/skaitytaknyga.lt\/wp-content\/uploads\/2025\/08\/Ka-veikti-per-atostogas-1.webp","type":"image\/webp"}],"twitter_card":"summary_large_image","schema":{"@context":"https:\/\/schema.org","@graph":[{"@type":"WebPage","@id":"https:\/\/skaitytaknyga.lt\/produktas\/ka-veikti-per-atostogas\/","url":"https:\/\/skaitytaknyga.lt\/produktas\/ka-veikti-per-atostogas\/","name":"K\u0105 veikti per atostogas?","isPartOf":{"@id":"https:\/\/skaitytaknyga.lt\/#website"},"primaryImageOfPage":{"@id":"https:\/\/skaitytaknyga.lt\/produktas\/ka-veikti-per-atostogas\/#primaryimage"},"image":{"@id":"https:\/\/skaitytaknyga.lt\/produktas\/ka-veikti-per-atostogas\/#primaryimage"},"thumbnailUrl":"https:\/\/skaitytaknyga.lt\/wp-content\/uploads\/2025\/08\/Ka-veikti-per-atostogas-1.webp","datePublished":"2025-08-01T07:15:19+00:00","dateModified":"2025-09-27T15:56:15+00:00","description":"\u0160ioje patrauklioje knygel\u0117je apstu netik\u0117t\u0173 k\u016brybini\u0173 pasi\u016blym\u0173 vaikams. K\u0105 veikti per atostogas, kad jos b\u016bt\u0173 smagios ir nenuobod\u017eios? Vien\u0105 dien\u0105","breadcrumb":{"@id":"https:\/\/skaitytaknyga.lt\/produktas\/ka-veikti-per-atostogas\/#breadcrumb"},"inLanguage":"en-GB","potentialAction":[{"@type":"ReadAction","target":["https:\/\/skaitytaknyga.lt\/produktas\/ka-veikti-per-atostogas\/"]}]},{"@type":"ImageObject","inLanguage":"en-GB","@id":"https:\/\/skaitytaknyga.lt\/produktas\/ka-veikti-per-atostogas\/#primaryimage","url":"https:\/\/skaitytaknyga.lt\/wp-content\/uploads\/2025\/08\/Ka-veikti-per-atostogas-1.webp","contentUrl":"https:\/\/skaitytaknyga.lt\/wp-content\/uploads\/2025\/08\/Ka-veikti-per-atostogas-1.webp","width":285,"height":366},{"@type":"BreadcrumbList","@id":"https:\/\/skaitytaknyga.lt\/produktas\/ka-veikti-per-atostogas\/#breadcrumb","itemListElement":[{"@type":"ListItem","position":1,"name":"Home","item":"https:\/\/skaitytaknyga.lt\/"},{"@type":"ListItem","position":2,"name":"Parduotuv\u0117","item":"https:\/\/skaitytaknyga.lt\/knygu-parduotuve\/"},{"@type":"ListItem","position":3,"name":"K\u0105 veikti per atostogas?"}]},{"@type":"WebSite","@id":"https:\/\/skaitytaknyga.lt\/#website","url":"https:\/\/skaitytaknyga.lt\/","name":"skaitytaknyga.lt","description":"Skaitytaknyga.lt \u2013 tai ma\u017eas \u0161eimos verslas, kuris prasid\u0117jo nuo meil\u0117s knygoms ir siekio i\u0161gelb\u0117ti knygas nuo likimo prie konteinerio. Kas vienam nereikalingas daiktas \u2013 kitam lobis, o mes esame tarpininkai, kurie padeda abiems tapti laimingesniems ???? \u017dinome kaip nelengva i\u0161gyventi ma\u017eiems verslams, tad nuo \u0161iol, \u010dia rasite ir kit\u0173, ma\u017e\u0173 \u0161eim\u0173 versl\u0173, rank\u0173 darbo, dovan\u0173 sau ir artimiesiems.","publisher":{"@id":"https:\/\/skaitytaknyga.lt\/#organization"},"potentialAction":[{"@type":"SearchAction","target":{"@type":"EntryPoint","urlTemplate":"https:\/\/skaitytaknyga.lt\/?s={search_term_string}"},"query-input":{"@type":"PropertyValueSpecification","valueRequired":true,"valueName":"search_term_string"}}],"inLanguage":"en-GB"},{"@type":"Organization","@id":"https:\/\/skaitytaknyga.lt\/#organization","name":"skaitytaknyga.lt","url":"https:\/\/skaitytaknyga.lt\/","logo":{"@type":"ImageObject","inLanguage":"en-GB","@id":"https:\/\/skaitytaknyga.lt\/#\/schema\/logo\/image\/","url":"https:\/\/skaitytaknyga.lt\/wp-content\/uploads\/2024\/05\/cropped-cropped-cropped-02_00843_jt3bggkj1j3HLc7SyY6rEUpg.jpeg","contentUrl":"https:\/\/skaitytaknyga.lt\/wp-content\/uploads\/2024\/05\/cropped-cropped-cropped-02_00843_jt3bggkj1j3HLc7SyY6rEUpg.jpeg","width":1600,"height":1600,"caption":"skaitytaknyga.lt"},"image":{"@id":"https:\/\/skaitytaknyga.lt\/#\/schema\/logo\/image\/"},"sameAs":["https:\/\/www.facebook.com\/skaitytaknyga\/"]}]}},"_links":{"self":[{"href":"https:\/\/skaitytaknyga.lt\/en\/wp-json\/wp\/v2\/product\/20116","targetHints":{"allow":["GET"]}}],"collection":[{"href":"https:\/\/skaitytaknyga.lt\/en\/wp-json\/wp\/v2\/product"}],"about":[{"href":"https:\/\/skaitytaknyga.lt\/en\/wp-json\/wp\/v2\/types\/product"}],"replies":[{"embeddable":true,"href":"https:\/\/skaitytaknyga.lt\/en\/wp-json\/wp\/v2\/comments?post=20116"}],"wp:featuredmedia":[{"embeddable":true,"href":"https:\/\/skaitytaknyga.lt\/en\/wp-json\/wp\/v2\/media\/20120"}],"wp:attachment":[{"href":"https:\/\/skaitytaknyga.lt\/en\/wp-json\/wp\/v2\/media?parent=20116"}],"wp:term":[{"taxonomy":"product_brand","embeddable":true,"href":"https:\/\/skaitytaknyga.lt\/en\/wp-json\/wp\/v2\/product_brand?post=20116"},{"taxonomy":"product_cat","embeddable":true,"href":"https:\/\/skaitytaknyga.lt\/en\/wp-json\/wp\/v2\/product_cat?post=20116"},{"taxonomy":"product_tag","embeddable":true,"href":"https:\/\/skaitytaknyga.lt\/en\/wp-json\/wp\/v2\/product_tag?post=20116"}],"curies":[{"name":"wp","href":"https:\/\/api.w.org\/{rel}","templated":true}]}}