{"id":20115,"date":"2025-08-01T10:15:19","date_gmt":"2025-08-01T07:15:19","guid":{"rendered":"https:\/\/skaitytaknyga.lt\/?post_type=product&#038;p=20115"},"modified":"2025-09-27T18:56:15","modified_gmt":"2025-09-27T15:56:15","slug":"idomioji-isradimu-istorija","status":"publish","type":"product","link":"https:\/\/skaitytaknyga.lt\/en\/produktas\/idomioji-isradimu-istorija\/","title":{"rendered":"\u012edomioji i\u0161radim\u0173 istorija"},"content":{"rendered":"<p>Ar \u017einai, kada buvo i\u0161rastas ratas? Ir kas buvo tie proto bok\u0161tai, suk\u016br\u0119 elektros lemput\u0119? O gal atsp\u0117tum, kas sieja arbatinuk\u0105 ir greituosius traukinius?<\/p>\n<p>Su\u017einok visk\u0105 apie svarbiausius i\u0161radimus, kurie neatpa\u017e\u012fstamai pakeit\u0117 pasaul\u012f ir paskatino padaryti dar \u012fsp\u016bdingesnius i\u0161radimus.<\/p>\n<p>\u0160auni knyga apie nepaprastas id\u0117jas!<\/p>\n","protected":false},"excerpt":{"rendered":"<p>Ar \u017einai, kada buvo i\u0161rastas ratas? Ir kas buvo tie proto bok\u0161tai, suk\u016br\u0119 elektros lemput\u0119? O gal atsp\u0117tum, kas sieja arbatinuk\u0105 ir greituosius traukinius? Su\u017einok visk\u0105 apie svarbiausius i\u0161radimus, kurie neatpa\u017e\u012fstamai pakeit\u0117 pasaul\u012f ir paskatino padaryti dar \u012fsp\u016bdingesnius i\u0161radimus. \u0160auni knyga apie nepaprastas id\u0117jas!<\/p>\n","protected":false},"featured_media":20119,"comment_status":"open","ping_status":"closed","template":"","meta":{"_acf_changed":false,"site-sidebar-layout":"default","site-content-layout":"","ast-site-content-layout":"default","site-content-style":"default","site-sidebar-style":"default","ast-global-header-display":"","ast-banner-title-visibility":"","ast-main-header-display":"","ast-hfb-above-header-display":"","ast-hfb-below-header-display":"","ast-hfb-mobile-header-display":"","site-post-title":"","ast-breadcrumbs-content":"","ast-featured-img":"","footer-sml-layout":"","ast-disable-related-posts":"","theme-transparent-header-meta":"","adv-header-id-meta":"","stick-header-meta":"","header-above-stick-meta":"","header-main-stick-meta":"","header-below-stick-meta":"","astra-migrate-meta-layouts":"default","ast-page-background-enabled":"default","ast-page-background-meta":{"desktop":{"background-color":"","background-image":"","background-repeat":"repeat","background-position":"center center","background-size":"auto","background-attachment":"scroll","background-type":"","background-media":"","overlay-type":"","overlay-color":"","overlay-opacity":"","overlay-gradient":""},"tablet":{"background-color":"","background-image":"","background-repeat":"repeat","background-position":"center center","background-size":"auto","background-attachment":"scroll","background-type":"","background-media":"","overlay-type":"","overlay-color":"","overlay-opacity":"","overlay-gradient":""},"mobile":{"background-color":"","background-image":"","background-repeat":"repeat","background-position":"center center","background-size":"auto","background-attachment":"scroll","background-type":"","background-media":"","overlay-type":"","overlay-color":"","overlay-opacity":"","overlay-gradient":""}},"ast-content-background-meta":{"desktop":{"background-color":"var(--ast-global-color-4)","background-image":"","background-repeat":"repeat","background-position":"center center","background-size":"auto","background-attachment":"scroll","background-type":"","background-media":"","overlay-type":"","overlay-color":"","overlay-opacity":"","overlay-gradient":""},"tablet":{"background-color":"var(--ast-global-color-4)","background-image":"","background-repeat":"repeat","background-position":"center center","background-size":"auto","background-attachment":"scroll","background-type":"","background-media":"","overlay-type":"","overlay-color":"","overlay-opacity":"","overlay-gradient":""},"mobile":{"background-color":"var(--ast-global-color-4)","background-image":"","background-repeat":"repeat","background-position":"center center","background-size":"auto","background-attachment":"scroll","background-type":"","background-media":"","overlay-type":"","overlay-color":"","overlay-opacity":"","overlay-gradient":""}}},"product_brand":[],"product_cat":[35],"product_tag":[7230,2224,4427,3598,1785],"class_list":{"0":"post-20115","1":"product","2":"type-product","3":"status-publish","4":"has-post-thumbnail","6":"product_cat-vaikams-ir-paaugliams","7":"product_tag-isradimai","8":"product_tag-istorija","9":"product_tag-pazinimas","10":"product_tag-technologijos","11":"product_tag-vaikams","12":"desktop-align-left","13":"tablet-align-left","14":"mobile-align-left","16":"first","17":"instock","18":"shipping-taxable","19":"purchasable","20":"product-type-simple"},"acf":[],"yoast_head":"<!-- This site is optimized with the Yoast SEO plugin v27.0 - https:\/\/yoast.com\/product\/yoast-seo-wordpress\/ -->\n<title>\u012edomioji i\u0161radim\u0173 istorija<\/title>\n<meta name=\"description\" content=\"Ar \u017einai, kada buvo i\u0161rastas ratas? Ir kas buvo tie proto bok\u0161tai, suk\u016br\u0119 elektros lemput\u0119? O gal atsp\u0117tum, kas sieja arbatinuk\u0105 ir greituosius\" \/>\n<meta name=\"robots\" content=\"index, follow, max-snippet:-1, max-image-preview:large, max-video-preview:-1\" \/>\n<link rel=\"canonical\" href=\"https:\/\/skaitytaknyga.lt\/en\/produktas\/idomioji-isradimu-istorija\/\" \/>\n<meta property=\"og:locale\" content=\"en_GB\" \/>\n<meta property=\"og:locale:alternate\" content=\"lt_LT\" \/>\n<meta property=\"og:type\" content=\"article\" \/>\n<meta property=\"og:title\" content=\"\u012edomioji i\u0161radim\u0173 istorija\" \/>\n<meta property=\"og:description\" content=\"Ar \u017einai, kada buvo i\u0161rastas ratas? Ir kas buvo tie proto bok\u0161tai, suk\u016br\u0119 elektros lemput\u0119? O gal atsp\u0117tum, kas sieja arbatinuk\u0105 ir greituosius\" \/>\n<meta property=\"og:url\" content=\"https:\/\/skaitytaknyga.lt\/en\/produktas\/idomioji-isradimu-istorija\/\" \/>\n<meta property=\"og:site_name\" content=\"Skaitytaknyga\" \/>\n<meta property=\"article:publisher\" content=\"https:\/\/www.facebook.com\/skaitytaknyga\/\" \/>\n<meta property=\"article:modified_time\" content=\"2025-09-27T15:56:15+00:00\" \/>\n<meta property=\"og:image\" content=\"https:\/\/skaitytaknyga.lt\/wp-content\/uploads\/2025\/08\/Idomioji-isradimu-istorija-1.webp\" \/>\n\t<meta property=\"og:image:width\" content=\"588\" \/>\n\t<meta property=\"og:image:height\" content=\"801\" \/>\n\t<meta property=\"og:image:type\" content=\"image\/webp\" \/>\n<meta name=\"twitter:card\" content=\"summary_large_image\" \/>\n<script type=\"application\/ld+json\" class=\"yoast-schema-graph\">{\"@context\":\"https:\/\/schema.org\",\"@graph\":[{\"@type\":\"WebPage\",\"@id\":\"https:\/\/skaitytaknyga.lt\/produktas\/idomioji-isradimu-istorija\/\",\"url\":\"https:\/\/skaitytaknyga.lt\/produktas\/idomioji-isradimu-istorija\/\",\"name\":\"\u012edomioji i\u0161radim\u0173 istorija\",\"isPartOf\":{\"@id\":\"https:\/\/skaitytaknyga.lt\/#website\"},\"primaryImageOfPage\":{\"@id\":\"https:\/\/skaitytaknyga.lt\/produktas\/idomioji-isradimu-istorija\/#primaryimage\"},\"image\":{\"@id\":\"https:\/\/skaitytaknyga.lt\/produktas\/idomioji-isradimu-istorija\/#primaryimage\"},\"thumbnailUrl\":\"https:\/\/skaitytaknyga.lt\/wp-content\/uploads\/2025\/08\/Idomioji-isradimu-istorija-1.webp\",\"datePublished\":\"2025-08-01T07:15:19+00:00\",\"dateModified\":\"2025-09-27T15:56:15+00:00\",\"description\":\"Ar \u017einai, kada buvo i\u0161rastas ratas? Ir kas buvo tie proto bok\u0161tai, suk\u016br\u0119 elektros lemput\u0119? O gal atsp\u0117tum, kas sieja arbatinuk\u0105 ir greituosius\",\"breadcrumb\":{\"@id\":\"https:\/\/skaitytaknyga.lt\/produktas\/idomioji-isradimu-istorija\/#breadcrumb\"},\"inLanguage\":\"en-GB\",\"potentialAction\":[{\"@type\":\"ReadAction\",\"target\":[\"https:\/\/skaitytaknyga.lt\/produktas\/idomioji-isradimu-istorija\/\"]}]},{\"@type\":\"ImageObject\",\"inLanguage\":\"en-GB\",\"@id\":\"https:\/\/skaitytaknyga.lt\/produktas\/idomioji-isradimu-istorija\/#primaryimage\",\"url\":\"https:\/\/skaitytaknyga.lt\/wp-content\/uploads\/2025\/08\/Idomioji-isradimu-istorija-1.webp\",\"contentUrl\":\"https:\/\/skaitytaknyga.lt\/wp-content\/uploads\/2025\/08\/Idomioji-isradimu-istorija-1.webp\",\"width\":588,\"height\":801,\"caption\":\"\u012edomioji i\u0161radim\u0173 istorija\"},{\"@type\":\"BreadcrumbList\",\"@id\":\"https:\/\/skaitytaknyga.lt\/produktas\/idomioji-isradimu-istorija\/#breadcrumb\",\"itemListElement\":[{\"@type\":\"ListItem\",\"position\":1,\"name\":\"Home\",\"item\":\"https:\/\/skaitytaknyga.lt\/\"},{\"@type\":\"ListItem\",\"position\":2,\"name\":\"Parduotuv\u0117\",\"item\":\"https:\/\/skaitytaknyga.lt\/knygu-parduotuve\/\"},{\"@type\":\"ListItem\",\"position\":3,\"name\":\"\u012edomioji i\u0161radim\u0173 istorija\"}]},{\"@type\":\"WebSite\",\"@id\":\"https:\/\/skaitytaknyga.lt\/#website\",\"url\":\"https:\/\/skaitytaknyga.lt\/\",\"name\":\"skaitytaknyga.lt\",\"description\":\"Skaitytaknyga.lt \u2013 tai ma\u017eas \u0161eimos verslas, kuris prasid\u0117jo nuo meil\u0117s knygoms ir siekio i\u0161gelb\u0117ti knygas nuo likimo prie konteinerio. Kas vienam nereikalingas daiktas \u2013 kitam lobis, o mes esame tarpininkai, kurie padeda abiems tapti laimingesniems ???? \u017dinome kaip nelengva i\u0161gyventi ma\u017eiems verslams, tad nuo \u0161iol, \u010dia rasite ir kit\u0173, ma\u017e\u0173 \u0161eim\u0173 versl\u0173, rank\u0173 darbo, dovan\u0173 sau ir artimiesiems.\",\"publisher\":{\"@id\":\"https:\/\/skaitytaknyga.lt\/#organization\"},\"potentialAction\":[{\"@type\":\"SearchAction\",\"target\":{\"@type\":\"EntryPoint\",\"urlTemplate\":\"https:\/\/skaitytaknyga.lt\/?s={search_term_string}\"},\"query-input\":{\"@type\":\"PropertyValueSpecification\",\"valueRequired\":true,\"valueName\":\"search_term_string\"}}],\"inLanguage\":\"en-GB\"},{\"@type\":\"Organization\",\"@id\":\"https:\/\/skaitytaknyga.lt\/#organization\",\"name\":\"skaitytaknyga.lt\",\"url\":\"https:\/\/skaitytaknyga.lt\/\",\"logo\":{\"@type\":\"ImageObject\",\"inLanguage\":\"en-GB\",\"@id\":\"https:\/\/skaitytaknyga.lt\/#\/schema\/logo\/image\/\",\"url\":\"https:\/\/skaitytaknyga.lt\/wp-content\/uploads\/2024\/05\/cropped-cropped-cropped-02_00843_jt3bggkj1j3HLc7SyY6rEUpg.jpeg\",\"contentUrl\":\"https:\/\/skaitytaknyga.lt\/wp-content\/uploads\/2024\/05\/cropped-cropped-cropped-02_00843_jt3bggkj1j3HLc7SyY6rEUpg.jpeg\",\"width\":1600,\"height\":1600,\"caption\":\"skaitytaknyga.lt\"},\"image\":{\"@id\":\"https:\/\/skaitytaknyga.lt\/#\/schema\/logo\/image\/\"},\"sameAs\":[\"https:\/\/www.facebook.com\/skaitytaknyga\/\"]}]}<\/script>\n<!-- \/ Yoast SEO plugin. -->","yoast_head_json":{"title":"\u012edomioji i\u0161radim\u0173 istorija","description":"Ar \u017einai, kada buvo i\u0161rastas ratas? Ir kas buvo tie proto bok\u0161tai, suk\u016br\u0119 elektros lemput\u0119? O gal atsp\u0117tum, kas sieja arbatinuk\u0105 ir greituosius","robots":{"index":"index","follow":"follow","max-snippet":"max-snippet:-1","max-image-preview":"max-image-preview:large","max-video-preview":"max-video-preview:-1"},"canonical":"https:\/\/skaitytaknyga.lt\/en\/produktas\/idomioji-isradimu-istorija\/","og_locale":"en_GB","og_type":"article","og_title":"[:lt]\u012edomioji i\u0161radim\u0173 istorija[:] - Skaitytaknyga","og_description":"Ar \u017einai, kada buvo i\u0161rastas ratas? Ir kas buvo tie proto bok\u0161tai, suk\u016br\u0119 elektros lemput\u0119? O gal atsp\u0117tum, kas sieja arbatinuk\u0105 ir greituosius","og_url":"https:\/\/skaitytaknyga.lt\/en\/produktas\/idomioji-isradimu-istorija\/","og_site_name":"Skaitytaknyga","article_publisher":"https:\/\/www.facebook.com\/skaitytaknyga\/","article_modified_time":"2025-09-27T15:56:15+00:00","og_image":[{"width":588,"height":801,"url":"https:\/\/skaitytaknyga.lt\/wp-content\/uploads\/2025\/08\/Idomioji-isradimu-istorija-1.webp","type":"image\/webp"}],"twitter_card":"summary_large_image","schema":{"@context":"https:\/\/schema.org","@graph":[{"@type":"WebPage","@id":"https:\/\/skaitytaknyga.lt\/produktas\/idomioji-isradimu-istorija\/","url":"https:\/\/skaitytaknyga.lt\/produktas\/idomioji-isradimu-istorija\/","name":"\u012edomioji i\u0161radim\u0173 istorija","isPartOf":{"@id":"https:\/\/skaitytaknyga.lt\/#website"},"primaryImageOfPage":{"@id":"https:\/\/skaitytaknyga.lt\/produktas\/idomioji-isradimu-istorija\/#primaryimage"},"image":{"@id":"https:\/\/skaitytaknyga.lt\/produktas\/idomioji-isradimu-istorija\/#primaryimage"},"thumbnailUrl":"https:\/\/skaitytaknyga.lt\/wp-content\/uploads\/2025\/08\/Idomioji-isradimu-istorija-1.webp","datePublished":"2025-08-01T07:15:19+00:00","dateModified":"2025-09-27T15:56:15+00:00","description":"Ar \u017einai, kada buvo i\u0161rastas ratas? Ir kas buvo tie proto bok\u0161tai, suk\u016br\u0119 elektros lemput\u0119? O gal atsp\u0117tum, kas sieja arbatinuk\u0105 ir greituosius","breadcrumb":{"@id":"https:\/\/skaitytaknyga.lt\/produktas\/idomioji-isradimu-istorija\/#breadcrumb"},"inLanguage":"en-GB","potentialAction":[{"@type":"ReadAction","target":["https:\/\/skaitytaknyga.lt\/produktas\/idomioji-isradimu-istorija\/"]}]},{"@type":"ImageObject","inLanguage":"en-GB","@id":"https:\/\/skaitytaknyga.lt\/produktas\/idomioji-isradimu-istorija\/#primaryimage","url":"https:\/\/skaitytaknyga.lt\/wp-content\/uploads\/2025\/08\/Idomioji-isradimu-istorija-1.webp","contentUrl":"https:\/\/skaitytaknyga.lt\/wp-content\/uploads\/2025\/08\/Idomioji-isradimu-istorija-1.webp","width":588,"height":801,"caption":"\u012edomioji i\u0161radim\u0173 istorija"},{"@type":"BreadcrumbList","@id":"https:\/\/skaitytaknyga.lt\/produktas\/idomioji-isradimu-istorija\/#breadcrumb","itemListElement":[{"@type":"ListItem","position":1,"name":"Home","item":"https:\/\/skaitytaknyga.lt\/"},{"@type":"ListItem","position":2,"name":"Parduotuv\u0117","item":"https:\/\/skaitytaknyga.lt\/knygu-parduotuve\/"},{"@type":"ListItem","position":3,"name":"\u012edomioji i\u0161radim\u0173 istorija"}]},{"@type":"WebSite","@id":"https:\/\/skaitytaknyga.lt\/#website","url":"https:\/\/skaitytaknyga.lt\/","name":"skaitytaknyga.lt","description":"Skaitytaknyga.lt \u2013 tai ma\u017eas \u0161eimos verslas, kuris prasid\u0117jo nuo meil\u0117s knygoms ir siekio i\u0161gelb\u0117ti knygas nuo likimo prie konteinerio. Kas vienam nereikalingas daiktas \u2013 kitam lobis, o mes esame tarpininkai, kurie padeda abiems tapti laimingesniems ???? \u017dinome kaip nelengva i\u0161gyventi ma\u017eiems verslams, tad nuo \u0161iol, \u010dia rasite ir kit\u0173, ma\u017e\u0173 \u0161eim\u0173 versl\u0173, rank\u0173 darbo, dovan\u0173 sau ir artimiesiems.","publisher":{"@id":"https:\/\/skaitytaknyga.lt\/#organization"},"potentialAction":[{"@type":"SearchAction","target":{"@type":"EntryPoint","urlTemplate":"https:\/\/skaitytaknyga.lt\/?s={search_term_string}"},"query-input":{"@type":"PropertyValueSpecification","valueRequired":true,"valueName":"search_term_string"}}],"inLanguage":"en-GB"},{"@type":"Organization","@id":"https:\/\/skaitytaknyga.lt\/#organization","name":"skaitytaknyga.lt","url":"https:\/\/skaitytaknyga.lt\/","logo":{"@type":"ImageObject","inLanguage":"en-GB","@id":"https:\/\/skaitytaknyga.lt\/#\/schema\/logo\/image\/","url":"https:\/\/skaitytaknyga.lt\/wp-content\/uploads\/2024\/05\/cropped-cropped-cropped-02_00843_jt3bggkj1j3HLc7SyY6rEUpg.jpeg","contentUrl":"https:\/\/skaitytaknyga.lt\/wp-content\/uploads\/2024\/05\/cropped-cropped-cropped-02_00843_jt3bggkj1j3HLc7SyY6rEUpg.jpeg","width":1600,"height":1600,"caption":"skaitytaknyga.lt"},"image":{"@id":"https:\/\/skaitytaknyga.lt\/#\/schema\/logo\/image\/"},"sameAs":["https:\/\/www.facebook.com\/skaitytaknyga\/"]}]}},"_links":{"self":[{"href":"https:\/\/skaitytaknyga.lt\/en\/wp-json\/wp\/v2\/product\/20115","targetHints":{"allow":["GET"]}}],"collection":[{"href":"https:\/\/skaitytaknyga.lt\/en\/wp-json\/wp\/v2\/product"}],"about":[{"href":"https:\/\/skaitytaknyga.lt\/en\/wp-json\/wp\/v2\/types\/product"}],"replies":[{"embeddable":true,"href":"https:\/\/skaitytaknyga.lt\/en\/wp-json\/wp\/v2\/comments?post=20115"}],"wp:featuredmedia":[{"embeddable":true,"href":"https:\/\/skaitytaknyga.lt\/en\/wp-json\/wp\/v2\/media\/20119"}],"wp:attachment":[{"href":"https:\/\/skaitytaknyga.lt\/en\/wp-json\/wp\/v2\/media?parent=20115"}],"wp:term":[{"taxonomy":"product_brand","embeddable":true,"href":"https:\/\/skaitytaknyga.lt\/en\/wp-json\/wp\/v2\/product_brand?post=20115"},{"taxonomy":"product_cat","embeddable":true,"href":"https:\/\/skaitytaknyga.lt\/en\/wp-json\/wp\/v2\/product_cat?post=20115"},{"taxonomy":"product_tag","embeddable":true,"href":"https:\/\/skaitytaknyga.lt\/en\/wp-json\/wp\/v2\/product_tag?post=20115"}],"curies":[{"name":"wp","href":"https:\/\/api.w.org\/{rel}","templated":true}]}}