{"id":20114,"date":"2025-08-01T10:15:19","date_gmt":"2025-08-01T07:15:19","guid":{"rendered":"https:\/\/skaitytaknyga.lt\/?post_type=product&#038;p=20114"},"modified":"2026-02-20T08:18:37","modified_gmt":"2026-02-20T06:18:37","slug":"puiki-knyga-giedrai-dienai-zaidziame-lauke","status":"publish","type":"product","link":"https:\/\/skaitytaknyga.lt\/en\/produktas\/puiki-knyga-giedrai-dienai-zaidziame-lauke\/","title":{"rendered":"Puiki knyga giedrai dienai: \u017eaid\u017eiame lauke"},"content":{"rendered":"<p>\u0160ioje knygoje daugiau nei 50 puiki\u0173 pasi\u016blym\u0173, k\u0105 veikti lauke \u2013 nuobodu nebus n\u0117 vienu met\u0173 laiku. Drauge steb\u0117sime gamt\u0105, seksime p\u0117domis, u\u017eauginsime mil\u017eini\u0161k\u0105 saul\u0117gr\u0105\u017e\u0105, valg\u012f gaminsime ant lau\u017eo ir pasidarysime \u017eaisliuk\u0173.<\/p>\n","protected":false},"excerpt":{"rendered":"<p>\u0160ioje knygoje daugiau nei 50 puiki\u0173 pasi\u016blym\u0173, k\u0105 veikti lauke \u2013 nuobodu nebus n\u0117 vienu met\u0173 laiku. Drauge steb\u0117sime gamt\u0105, seksime p\u0117domis, u\u017eauginsime mil\u017eini\u0161k\u0105 saul\u0117gr\u0105\u017e\u0105, valg\u012f gaminsime ant lau\u017eo ir pasidarysime \u017eaisliuk\u0173.<\/p>\n","protected":false},"featured_media":20118,"comment_status":"open","ping_status":"closed","template":"","meta":{"_acf_changed":false,"site-sidebar-layout":"default","site-content-layout":"","ast-site-content-layout":"default","site-content-style":"default","site-sidebar-style":"default","ast-global-header-display":"","ast-banner-title-visibility":"","ast-main-header-display":"","ast-hfb-above-header-display":"","ast-hfb-below-header-display":"","ast-hfb-mobile-header-display":"","site-post-title":"","ast-breadcrumbs-content":"","ast-featured-img":"","footer-sml-layout":"","ast-disable-related-posts":"","theme-transparent-header-meta":"","adv-header-id-meta":"","stick-header-meta":"","header-above-stick-meta":"","header-main-stick-meta":"","header-below-stick-meta":"","astra-migrate-meta-layouts":"default","ast-page-background-enabled":"default","ast-page-background-meta":{"desktop":{"background-color":"","background-image":"","background-repeat":"repeat","background-position":"center center","background-size":"auto","background-attachment":"scroll","background-type":"","background-media":"","overlay-type":"","overlay-color":"","overlay-opacity":"","overlay-gradient":""},"tablet":{"background-color":"","background-image":"","background-repeat":"repeat","background-position":"center center","background-size":"auto","background-attachment":"scroll","background-type":"","background-media":"","overlay-type":"","overlay-color":"","overlay-opacity":"","overlay-gradient":""},"mobile":{"background-color":"","background-image":"","background-repeat":"repeat","background-position":"center center","background-size":"auto","background-attachment":"scroll","background-type":"","background-media":"","overlay-type":"","overlay-color":"","overlay-opacity":"","overlay-gradient":""}},"ast-content-background-meta":{"desktop":{"background-color":"var(--ast-global-color-4)","background-image":"","background-repeat":"repeat","background-position":"center center","background-size":"auto","background-attachment":"scroll","background-type":"","background-media":"","overlay-type":"","overlay-color":"","overlay-opacity":"","overlay-gradient":""},"tablet":{"background-color":"var(--ast-global-color-4)","background-image":"","background-repeat":"repeat","background-position":"center center","background-size":"auto","background-attachment":"scroll","background-type":"","background-media":"","overlay-type":"","overlay-color":"","overlay-opacity":"","overlay-gradient":""},"mobile":{"background-color":"var(--ast-global-color-4)","background-image":"","background-repeat":"repeat","background-position":"center center","background-size":"auto","background-attachment":"scroll","background-type":"","background-media":"","overlay-type":"","overlay-color":"","overlay-opacity":"","overlay-gradient":""}}},"product_brand":[],"product_cat":[35],"product_tag":[7290,1802,5519,1785,7289],"class_list":{"0":"post-20114","1":"product","2":"type-product","3":"status-publish","4":"has-post-thumbnail","6":"product_cat-vaikams-ir-paaugliams","7":"product_tag-angela-wilkes","8":"product_tag-gamta","9":"product_tag-metu-laikai","10":"product_tag-vaikams","11":"product_tag-veiklos-lauke","12":"desktop-align-left","13":"tablet-align-left","14":"mobile-align-left","16":"first","17":"outofstock","18":"shipping-taxable","19":"purchasable","20":"product-type-simple"},"acf":[],"yoast_head":"<!-- This site is optimized with the Yoast SEO plugin v27.0 - https:\/\/yoast.com\/product\/yoast-seo-wordpress\/ -->\n<title>Puiki knyga giedrai dienai: \u017eaid\u017eiame lauke<\/title>\n<meta name=\"description\" content=\"\u0160ioje knygoje daugiau nei 50 puiki\u0173 pasi\u016blym\u0173, k\u0105 veikti lauke \u2013 nuobodu nebus n\u0117 vienu met\u0173 laiku. Drauge steb\u0117sime gamt\u0105, seksime p\u0117domis, u\u017eauginsime\" \/>\n<meta name=\"robots\" content=\"index, follow, max-snippet:-1, max-image-preview:large, max-video-preview:-1\" \/>\n<link rel=\"canonical\" href=\"https:\/\/skaitytaknyga.lt\/en\/produktas\/puiki-knyga-giedrai-dienai-zaidziame-lauke\/\" \/>\n<meta property=\"og:locale\" content=\"en_GB\" \/>\n<meta property=\"og:locale:alternate\" content=\"lt_LT\" \/>\n<meta property=\"og:type\" content=\"article\" \/>\n<meta property=\"og:title\" content=\"Puiki knyga giedrai dienai: \u017eaid\u017eiame lauke\" \/>\n<meta property=\"og:description\" content=\"\u0160ioje knygoje daugiau nei 50 puiki\u0173 pasi\u016blym\u0173, k\u0105 veikti lauke \u2013 nuobodu nebus n\u0117 vienu met\u0173 laiku. Drauge steb\u0117sime gamt\u0105, seksime p\u0117domis, u\u017eauginsime\" \/>\n<meta property=\"og:url\" content=\"https:\/\/skaitytaknyga.lt\/en\/produktas\/puiki-knyga-giedrai-dienai-zaidziame-lauke\/\" \/>\n<meta property=\"og:site_name\" content=\"Skaitytaknyga\" \/>\n<meta property=\"article:publisher\" content=\"https:\/\/www.facebook.com\/skaitytaknyga\/\" \/>\n<meta property=\"article:modified_time\" content=\"2026-02-20T06:18:37+00:00\" \/>\n<meta property=\"og:image\" content=\"https:\/\/skaitytaknyga.lt\/wp-content\/uploads\/2025\/08\/Puiki-knyga-giedrai-dienai-zaidziame-lauke-1.webp\" \/>\n\t<meta property=\"og:image:width\" content=\"572\" \/>\n\t<meta property=\"og:image:height\" content=\"801\" \/>\n\t<meta property=\"og:image:type\" content=\"image\/webp\" \/>\n<meta name=\"twitter:card\" content=\"summary_large_image\" \/>\n<script type=\"application\/ld+json\" class=\"yoast-schema-graph\">{\"@context\":\"https:\/\/schema.org\",\"@graph\":[{\"@type\":\"WebPage\",\"@id\":\"https:\/\/skaitytaknyga.lt\/produktas\/puiki-knyga-giedrai-dienai-zaidziame-lauke\/\",\"url\":\"https:\/\/skaitytaknyga.lt\/produktas\/puiki-knyga-giedrai-dienai-zaidziame-lauke\/\",\"name\":\"Puiki knyga giedrai dienai: \u017eaid\u017eiame lauke\",\"isPartOf\":{\"@id\":\"https:\/\/skaitytaknyga.lt\/#website\"},\"primaryImageOfPage\":{\"@id\":\"https:\/\/skaitytaknyga.lt\/produktas\/puiki-knyga-giedrai-dienai-zaidziame-lauke\/#primaryimage\"},\"image\":{\"@id\":\"https:\/\/skaitytaknyga.lt\/produktas\/puiki-knyga-giedrai-dienai-zaidziame-lauke\/#primaryimage\"},\"thumbnailUrl\":\"https:\/\/skaitytaknyga.lt\/wp-content\/uploads\/2025\/08\/Puiki-knyga-giedrai-dienai-zaidziame-lauke-1.webp\",\"datePublished\":\"2025-08-01T07:15:19+00:00\",\"dateModified\":\"2026-02-20T06:18:37+00:00\",\"description\":\"\u0160ioje knygoje daugiau nei 50 puiki\u0173 pasi\u016blym\u0173, k\u0105 veikti lauke \u2013 nuobodu nebus n\u0117 vienu met\u0173 laiku. Drauge steb\u0117sime gamt\u0105, seksime p\u0117domis, u\u017eauginsime\",\"breadcrumb\":{\"@id\":\"https:\/\/skaitytaknyga.lt\/produktas\/puiki-knyga-giedrai-dienai-zaidziame-lauke\/#breadcrumb\"},\"inLanguage\":\"en-GB\",\"potentialAction\":[{\"@type\":\"ReadAction\",\"target\":[\"https:\/\/skaitytaknyga.lt\/produktas\/puiki-knyga-giedrai-dienai-zaidziame-lauke\/\"]}]},{\"@type\":\"ImageObject\",\"inLanguage\":\"en-GB\",\"@id\":\"https:\/\/skaitytaknyga.lt\/produktas\/puiki-knyga-giedrai-dienai-zaidziame-lauke\/#primaryimage\",\"url\":\"https:\/\/skaitytaknyga.lt\/wp-content\/uploads\/2025\/08\/Puiki-knyga-giedrai-dienai-zaidziame-lauke-1.webp\",\"contentUrl\":\"https:\/\/skaitytaknyga.lt\/wp-content\/uploads\/2025\/08\/Puiki-knyga-giedrai-dienai-zaidziame-lauke-1.webp\",\"width\":572,\"height\":801},{\"@type\":\"BreadcrumbList\",\"@id\":\"https:\/\/skaitytaknyga.lt\/produktas\/puiki-knyga-giedrai-dienai-zaidziame-lauke\/#breadcrumb\",\"itemListElement\":[{\"@type\":\"ListItem\",\"position\":1,\"name\":\"Home\",\"item\":\"https:\/\/skaitytaknyga.lt\/\"},{\"@type\":\"ListItem\",\"position\":2,\"name\":\"Parduotuv\u0117\",\"item\":\"https:\/\/skaitytaknyga.lt\/knygu-parduotuve\/\"},{\"@type\":\"ListItem\",\"position\":3,\"name\":\"Puiki knyga giedrai dienai: \u017eaid\u017eiame lauke\"}]},{\"@type\":\"WebSite\",\"@id\":\"https:\/\/skaitytaknyga.lt\/#website\",\"url\":\"https:\/\/skaitytaknyga.lt\/\",\"name\":\"skaitytaknyga.lt\",\"description\":\"Skaitytaknyga.lt \u2013 tai ma\u017eas \u0161eimos verslas, kuris prasid\u0117jo nuo meil\u0117s knygoms ir siekio i\u0161gelb\u0117ti knygas nuo likimo prie konteinerio. Kas vienam nereikalingas daiktas \u2013 kitam lobis, o mes esame tarpininkai, kurie padeda abiems tapti laimingesniems ???? \u017dinome kaip nelengva i\u0161gyventi ma\u017eiems verslams, tad nuo \u0161iol, \u010dia rasite ir kit\u0173, ma\u017e\u0173 \u0161eim\u0173 versl\u0173, rank\u0173 darbo, dovan\u0173 sau ir artimiesiems.\",\"publisher\":{\"@id\":\"https:\/\/skaitytaknyga.lt\/#organization\"},\"potentialAction\":[{\"@type\":\"SearchAction\",\"target\":{\"@type\":\"EntryPoint\",\"urlTemplate\":\"https:\/\/skaitytaknyga.lt\/?s={search_term_string}\"},\"query-input\":{\"@type\":\"PropertyValueSpecification\",\"valueRequired\":true,\"valueName\":\"search_term_string\"}}],\"inLanguage\":\"en-GB\"},{\"@type\":\"Organization\",\"@id\":\"https:\/\/skaitytaknyga.lt\/#organization\",\"name\":\"skaitytaknyga.lt\",\"url\":\"https:\/\/skaitytaknyga.lt\/\",\"logo\":{\"@type\":\"ImageObject\",\"inLanguage\":\"en-GB\",\"@id\":\"https:\/\/skaitytaknyga.lt\/#\/schema\/logo\/image\/\",\"url\":\"https:\/\/skaitytaknyga.lt\/wp-content\/uploads\/2024\/05\/cropped-cropped-cropped-02_00843_jt3bggkj1j3HLc7SyY6rEUpg.jpeg\",\"contentUrl\":\"https:\/\/skaitytaknyga.lt\/wp-content\/uploads\/2024\/05\/cropped-cropped-cropped-02_00843_jt3bggkj1j3HLc7SyY6rEUpg.jpeg\",\"width\":1600,\"height\":1600,\"caption\":\"skaitytaknyga.lt\"},\"image\":{\"@id\":\"https:\/\/skaitytaknyga.lt\/#\/schema\/logo\/image\/\"},\"sameAs\":[\"https:\/\/www.facebook.com\/skaitytaknyga\/\"]}]}<\/script>\n<!-- \/ Yoast SEO plugin. -->","yoast_head_json":{"title":"Puiki knyga giedrai dienai: \u017eaid\u017eiame lauke","description":"\u0160ioje knygoje daugiau nei 50 puiki\u0173 pasi\u016blym\u0173, k\u0105 veikti lauke \u2013 nuobodu nebus n\u0117 vienu met\u0173 laiku. Drauge steb\u0117sime gamt\u0105, seksime p\u0117domis, u\u017eauginsime","robots":{"index":"index","follow":"follow","max-snippet":"max-snippet:-1","max-image-preview":"max-image-preview:large","max-video-preview":"max-video-preview:-1"},"canonical":"https:\/\/skaitytaknyga.lt\/en\/produktas\/puiki-knyga-giedrai-dienai-zaidziame-lauke\/","og_locale":"en_GB","og_type":"article","og_title":"[:lt]Puiki knyga giedrai dienai: \u017eaid\u017eiame lauke[:] - Skaitytaknyga","og_description":"\u0160ioje knygoje daugiau nei 50 puiki\u0173 pasi\u016blym\u0173, k\u0105 veikti lauke \u2013 nuobodu nebus n\u0117 vienu met\u0173 laiku. Drauge steb\u0117sime gamt\u0105, seksime p\u0117domis, u\u017eauginsime","og_url":"https:\/\/skaitytaknyga.lt\/en\/produktas\/puiki-knyga-giedrai-dienai-zaidziame-lauke\/","og_site_name":"Skaitytaknyga","article_publisher":"https:\/\/www.facebook.com\/skaitytaknyga\/","article_modified_time":"2026-02-20T06:18:37+00:00","og_image":[{"width":572,"height":801,"url":"https:\/\/skaitytaknyga.lt\/wp-content\/uploads\/2025\/08\/Puiki-knyga-giedrai-dienai-zaidziame-lauke-1.webp","type":"image\/webp"}],"twitter_card":"summary_large_image","schema":{"@context":"https:\/\/schema.org","@graph":[{"@type":"WebPage","@id":"https:\/\/skaitytaknyga.lt\/produktas\/puiki-knyga-giedrai-dienai-zaidziame-lauke\/","url":"https:\/\/skaitytaknyga.lt\/produktas\/puiki-knyga-giedrai-dienai-zaidziame-lauke\/","name":"Puiki knyga giedrai dienai: \u017eaid\u017eiame lauke","isPartOf":{"@id":"https:\/\/skaitytaknyga.lt\/#website"},"primaryImageOfPage":{"@id":"https:\/\/skaitytaknyga.lt\/produktas\/puiki-knyga-giedrai-dienai-zaidziame-lauke\/#primaryimage"},"image":{"@id":"https:\/\/skaitytaknyga.lt\/produktas\/puiki-knyga-giedrai-dienai-zaidziame-lauke\/#primaryimage"},"thumbnailUrl":"https:\/\/skaitytaknyga.lt\/wp-content\/uploads\/2025\/08\/Puiki-knyga-giedrai-dienai-zaidziame-lauke-1.webp","datePublished":"2025-08-01T07:15:19+00:00","dateModified":"2026-02-20T06:18:37+00:00","description":"\u0160ioje knygoje daugiau nei 50 puiki\u0173 pasi\u016blym\u0173, k\u0105 veikti lauke \u2013 nuobodu nebus n\u0117 vienu met\u0173 laiku. Drauge steb\u0117sime gamt\u0105, seksime p\u0117domis, u\u017eauginsime","breadcrumb":{"@id":"https:\/\/skaitytaknyga.lt\/produktas\/puiki-knyga-giedrai-dienai-zaidziame-lauke\/#breadcrumb"},"inLanguage":"en-GB","potentialAction":[{"@type":"ReadAction","target":["https:\/\/skaitytaknyga.lt\/produktas\/puiki-knyga-giedrai-dienai-zaidziame-lauke\/"]}]},{"@type":"ImageObject","inLanguage":"en-GB","@id":"https:\/\/skaitytaknyga.lt\/produktas\/puiki-knyga-giedrai-dienai-zaidziame-lauke\/#primaryimage","url":"https:\/\/skaitytaknyga.lt\/wp-content\/uploads\/2025\/08\/Puiki-knyga-giedrai-dienai-zaidziame-lauke-1.webp","contentUrl":"https:\/\/skaitytaknyga.lt\/wp-content\/uploads\/2025\/08\/Puiki-knyga-giedrai-dienai-zaidziame-lauke-1.webp","width":572,"height":801},{"@type":"BreadcrumbList","@id":"https:\/\/skaitytaknyga.lt\/produktas\/puiki-knyga-giedrai-dienai-zaidziame-lauke\/#breadcrumb","itemListElement":[{"@type":"ListItem","position":1,"name":"Home","item":"https:\/\/skaitytaknyga.lt\/"},{"@type":"ListItem","position":2,"name":"Parduotuv\u0117","item":"https:\/\/skaitytaknyga.lt\/knygu-parduotuve\/"},{"@type":"ListItem","position":3,"name":"Puiki knyga giedrai dienai: \u017eaid\u017eiame lauke"}]},{"@type":"WebSite","@id":"https:\/\/skaitytaknyga.lt\/#website","url":"https:\/\/skaitytaknyga.lt\/","name":"skaitytaknyga.lt","description":"Skaitytaknyga.lt \u2013 tai ma\u017eas \u0161eimos verslas, kuris prasid\u0117jo nuo meil\u0117s knygoms ir siekio i\u0161gelb\u0117ti knygas nuo likimo prie konteinerio. Kas vienam nereikalingas daiktas \u2013 kitam lobis, o mes esame tarpininkai, kurie padeda abiems tapti laimingesniems ???? \u017dinome kaip nelengva i\u0161gyventi ma\u017eiems verslams, tad nuo \u0161iol, \u010dia rasite ir kit\u0173, ma\u017e\u0173 \u0161eim\u0173 versl\u0173, rank\u0173 darbo, dovan\u0173 sau ir artimiesiems.","publisher":{"@id":"https:\/\/skaitytaknyga.lt\/#organization"},"potentialAction":[{"@type":"SearchAction","target":{"@type":"EntryPoint","urlTemplate":"https:\/\/skaitytaknyga.lt\/?s={search_term_string}"},"query-input":{"@type":"PropertyValueSpecification","valueRequired":true,"valueName":"search_term_string"}}],"inLanguage":"en-GB"},{"@type":"Organization","@id":"https:\/\/skaitytaknyga.lt\/#organization","name":"skaitytaknyga.lt","url":"https:\/\/skaitytaknyga.lt\/","logo":{"@type":"ImageObject","inLanguage":"en-GB","@id":"https:\/\/skaitytaknyga.lt\/#\/schema\/logo\/image\/","url":"https:\/\/skaitytaknyga.lt\/wp-content\/uploads\/2024\/05\/cropped-cropped-cropped-02_00843_jt3bggkj1j3HLc7SyY6rEUpg.jpeg","contentUrl":"https:\/\/skaitytaknyga.lt\/wp-content\/uploads\/2024\/05\/cropped-cropped-cropped-02_00843_jt3bggkj1j3HLc7SyY6rEUpg.jpeg","width":1600,"height":1600,"caption":"skaitytaknyga.lt"},"image":{"@id":"https:\/\/skaitytaknyga.lt\/#\/schema\/logo\/image\/"},"sameAs":["https:\/\/www.facebook.com\/skaitytaknyga\/"]}]}},"_links":{"self":[{"href":"https:\/\/skaitytaknyga.lt\/en\/wp-json\/wp\/v2\/product\/20114","targetHints":{"allow":["GET"]}}],"collection":[{"href":"https:\/\/skaitytaknyga.lt\/en\/wp-json\/wp\/v2\/product"}],"about":[{"href":"https:\/\/skaitytaknyga.lt\/en\/wp-json\/wp\/v2\/types\/product"}],"replies":[{"embeddable":true,"href":"https:\/\/skaitytaknyga.lt\/en\/wp-json\/wp\/v2\/comments?post=20114"}],"wp:featuredmedia":[{"embeddable":true,"href":"https:\/\/skaitytaknyga.lt\/en\/wp-json\/wp\/v2\/media\/20118"}],"wp:attachment":[{"href":"https:\/\/skaitytaknyga.lt\/en\/wp-json\/wp\/v2\/media?parent=20114"}],"wp:term":[{"taxonomy":"product_brand","embeddable":true,"href":"https:\/\/skaitytaknyga.lt\/en\/wp-json\/wp\/v2\/product_brand?post=20114"},{"taxonomy":"product_cat","embeddable":true,"href":"https:\/\/skaitytaknyga.lt\/en\/wp-json\/wp\/v2\/product_cat?post=20114"},{"taxonomy":"product_tag","embeddable":true,"href":"https:\/\/skaitytaknyga.lt\/en\/wp-json\/wp\/v2\/product_tag?post=20114"}],"curies":[{"name":"wp","href":"https:\/\/api.w.org\/{rel}","templated":true}]}}