{"id":20106,"date":"2025-08-01T10:07:51","date_gmt":"2025-08-01T07:07:51","guid":{"rendered":"https:\/\/skaitytaknyga.lt\/?post_type=product&#038;p=20106"},"modified":"2025-08-01T10:54:14","modified_gmt":"2025-08-01T07:54:14","slug":"liovensioldu-ziedas-sarlota-liovensiold-ana-sverd","status":"publish","type":"product","link":"https:\/\/skaitytaknyga.lt\/en\/produktas\/liovensioldu-ziedas-sarlota-liovensiold-ana-sverd\/","title":{"rendered":"Lioven\u0161iold\u0173 \u017eiedas. \u0160arlota Lioven\u0161iold. Ana Sverd"},"content":{"rendered":"<p>Knygoje pateikiami romanai &#8211; trilogija, vaizduojanti penki\u0173 kart\u0173 gyvenim\u0105. Tai paskutinis \u017eymios \u0161ved\u0173 ra\u0161ytojos S. Lagerl\u00f6f k\u016brinys, savitas ir nesenstantis.<\/p>\n","protected":false},"excerpt":{"rendered":"<p>Knygoje pateikiami romanai &#8211; trilogija, vaizduojanti penki\u0173 kart\u0173 gyvenim\u0105. Tai paskutinis \u017eymios \u0161ved\u0173 ra\u0161ytojos S. Lagerl\u00f6f k\u016brinys, savitas ir nesenstantis.<\/p>\n","protected":false},"featured_media":20110,"comment_status":"open","ping_status":"closed","template":"","meta":{"_acf_changed":false,"site-sidebar-layout":"default","site-content-layout":"","ast-site-content-layout":"default","site-content-style":"default","site-sidebar-style":"default","ast-global-header-display":"","ast-banner-title-visibility":"","ast-main-header-display":"","ast-hfb-above-header-display":"","ast-hfb-below-header-display":"","ast-hfb-mobile-header-display":"","site-post-title":"","ast-breadcrumbs-content":"","ast-featured-img":"","footer-sml-layout":"","ast-disable-related-posts":"","theme-transparent-header-meta":"","adv-header-id-meta":"","stick-header-meta":"","header-above-stick-meta":"","header-main-stick-meta":"","header-below-stick-meta":"","astra-migrate-meta-layouts":"default","ast-page-background-enabled":"default","ast-page-background-meta":{"desktop":{"background-color":"","background-image":"","background-repeat":"repeat","background-position":"center center","background-size":"auto","background-attachment":"scroll","background-type":"","background-media":"","overlay-type":"","overlay-color":"","overlay-opacity":"","overlay-gradient":""},"tablet":{"background-color":"","background-image":"","background-repeat":"repeat","background-position":"center center","background-size":"auto","background-attachment":"scroll","background-type":"","background-media":"","overlay-type":"","overlay-color":"","overlay-opacity":"","overlay-gradient":""},"mobile":{"background-color":"","background-image":"","background-repeat":"repeat","background-position":"center center","background-size":"auto","background-attachment":"scroll","background-type":"","background-media":"","overlay-type":"","overlay-color":"","overlay-opacity":"","overlay-gradient":""}},"ast-content-background-meta":{"desktop":{"background-color":"var(--ast-global-color-4)","background-image":"","background-repeat":"repeat","background-position":"center center","background-size":"auto","background-attachment":"scroll","background-type":"","background-media":"","overlay-type":"","overlay-color":"","overlay-opacity":"","overlay-gradient":""},"tablet":{"background-color":"var(--ast-global-color-4)","background-image":"","background-repeat":"repeat","background-position":"center center","background-size":"auto","background-attachment":"scroll","background-type":"","background-media":"","overlay-type":"","overlay-color":"","overlay-opacity":"","overlay-gradient":""},"mobile":{"background-color":"var(--ast-global-color-4)","background-image":"","background-repeat":"repeat","background-position":"center center","background-size":"auto","background-attachment":"scroll","background-type":"","background-media":"","overlay-type":"","overlay-color":"","overlay-opacity":"","overlay-gradient":""}}},"product_brand":[],"product_cat":[31],"product_tag":[7281,1437,2962,5771,3133],"class_list":{"0":"post-20106","1":"product","2":"type-product","3":"status-publish","4":"has-post-thumbnail","6":"product_cat-grozine-literatura","7":"product_tag-gimines-istorija","8":"product_tag-klasika","9":"product_tag-romanai","10":"product_tag-selma-lagerlof","11":"product_tag-svedija","12":"desktop-align-left","13":"tablet-align-left","14":"mobile-align-left","16":"first","17":"instock","18":"shipping-taxable","19":"purchasable","20":"product-type-simple"},"acf":[],"yoast_head":"<!-- This site is optimized with the Yoast SEO plugin v27.0 - https:\/\/yoast.com\/product\/yoast-seo-wordpress\/ -->\n<title>Lioven\u0161iold\u0173 \u017eiedas. \u0160arlota Lioven\u0161iold. Ana Sverd<\/title>\n<meta name=\"description\" content=\"Knygoje pateikiami romanai - trilogija, vaizduojanti penki\u0173 kart\u0173 gyvenim\u0105. Tai paskutinis \u017eymios \u0161ved\u0173 ra\u0161ytojos S. Lagerl\u00f6f k\u016brinys, savitas ir\" \/>\n<meta name=\"robots\" content=\"index, follow, max-snippet:-1, max-image-preview:large, max-video-preview:-1\" \/>\n<link rel=\"canonical\" href=\"https:\/\/skaitytaknyga.lt\/en\/produktas\/liovensioldu-ziedas-sarlota-liovensiold-ana-sverd\/\" \/>\n<meta property=\"og:locale\" content=\"en_GB\" \/>\n<meta property=\"og:locale:alternate\" content=\"lt_LT\" \/>\n<meta property=\"og:type\" content=\"article\" \/>\n<meta property=\"og:title\" content=\"Lioven\u0161iold\u0173 \u017eiedas. \u0160arlota Lioven\u0161iold. Ana Sverd\" \/>\n<meta property=\"og:description\" content=\"Knygoje pateikiami romanai - trilogija, vaizduojanti penki\u0173 kart\u0173 gyvenim\u0105. Tai paskutinis \u017eymios \u0161ved\u0173 ra\u0161ytojos S. Lagerl\u00f6f k\u016brinys, savitas ir\" \/>\n<meta property=\"og:url\" content=\"https:\/\/skaitytaknyga.lt\/en\/produktas\/liovensioldu-ziedas-sarlota-liovensiold-ana-sverd\/\" \/>\n<meta property=\"og:site_name\" content=\"Skaitytaknyga\" \/>\n<meta property=\"article:publisher\" content=\"https:\/\/www.facebook.com\/skaitytaknyga\/\" \/>\n<meta property=\"article:modified_time\" content=\"2025-08-01T07:54:14+00:00\" \/>\n<meta property=\"og:image\" content=\"https:\/\/skaitytaknyga.lt\/wp-content\/uploads\/2025\/08\/Liovensioldu-ziedas.-Sarlota-Liovensiold.-Ana-Sverd-1.webp\" \/>\n\t<meta property=\"og:image:width\" content=\"496\" \/>\n\t<meta property=\"og:image:height\" content=\"800\" \/>\n\t<meta property=\"og:image:type\" content=\"image\/webp\" \/>\n<meta name=\"twitter:card\" content=\"summary_large_image\" \/>\n<script type=\"application\/ld+json\" class=\"yoast-schema-graph\">{\"@context\":\"https:\/\/schema.org\",\"@graph\":[{\"@type\":\"WebPage\",\"@id\":\"https:\/\/skaitytaknyga.lt\/produktas\/liovensioldu-ziedas-sarlota-liovensiold-ana-sverd\/\",\"url\":\"https:\/\/skaitytaknyga.lt\/produktas\/liovensioldu-ziedas-sarlota-liovensiold-ana-sverd\/\",\"name\":\"Lioven\u0161iold\u0173 \u017eiedas. \u0160arlota Lioven\u0161iold. Ana Sverd\",\"isPartOf\":{\"@id\":\"https:\/\/skaitytaknyga.lt\/#website\"},\"primaryImageOfPage\":{\"@id\":\"https:\/\/skaitytaknyga.lt\/produktas\/liovensioldu-ziedas-sarlota-liovensiold-ana-sverd\/#primaryimage\"},\"image\":{\"@id\":\"https:\/\/skaitytaknyga.lt\/produktas\/liovensioldu-ziedas-sarlota-liovensiold-ana-sverd\/#primaryimage\"},\"thumbnailUrl\":\"https:\/\/skaitytaknyga.lt\/wp-content\/uploads\/2025\/08\/Liovensioldu-ziedas.-Sarlota-Liovensiold.-Ana-Sverd-1.webp\",\"datePublished\":\"2025-08-01T07:07:51+00:00\",\"dateModified\":\"2025-08-01T07:54:14+00:00\",\"description\":\"Knygoje pateikiami romanai - trilogija, vaizduojanti penki\u0173 kart\u0173 gyvenim\u0105. Tai paskutinis \u017eymios \u0161ved\u0173 ra\u0161ytojos S. Lagerl\u00f6f k\u016brinys, savitas ir\",\"breadcrumb\":{\"@id\":\"https:\/\/skaitytaknyga.lt\/produktas\/liovensioldu-ziedas-sarlota-liovensiold-ana-sverd\/#breadcrumb\"},\"inLanguage\":\"en-GB\",\"potentialAction\":[{\"@type\":\"ReadAction\",\"target\":[\"https:\/\/skaitytaknyga.lt\/produktas\/liovensioldu-ziedas-sarlota-liovensiold-ana-sverd\/\"]}]},{\"@type\":\"ImageObject\",\"inLanguage\":\"en-GB\",\"@id\":\"https:\/\/skaitytaknyga.lt\/produktas\/liovensioldu-ziedas-sarlota-liovensiold-ana-sverd\/#primaryimage\",\"url\":\"https:\/\/skaitytaknyga.lt\/wp-content\/uploads\/2025\/08\/Liovensioldu-ziedas.-Sarlota-Liovensiold.-Ana-Sverd-1.webp\",\"contentUrl\":\"https:\/\/skaitytaknyga.lt\/wp-content\/uploads\/2025\/08\/Liovensioldu-ziedas.-Sarlota-Liovensiold.-Ana-Sverd-1.webp\",\"width\":496,\"height\":800},{\"@type\":\"BreadcrumbList\",\"@id\":\"https:\/\/skaitytaknyga.lt\/produktas\/liovensioldu-ziedas-sarlota-liovensiold-ana-sverd\/#breadcrumb\",\"itemListElement\":[{\"@type\":\"ListItem\",\"position\":1,\"name\":\"Home\",\"item\":\"https:\/\/skaitytaknyga.lt\/\"},{\"@type\":\"ListItem\",\"position\":2,\"name\":\"Parduotuv\u0117\",\"item\":\"https:\/\/skaitytaknyga.lt\/knygu-parduotuve\/\"},{\"@type\":\"ListItem\",\"position\":3,\"name\":\"Lioven\u0161iold\u0173 \u017eiedas. \u0160arlota Lioven\u0161iold. Ana Sverd\"}]},{\"@type\":\"WebSite\",\"@id\":\"https:\/\/skaitytaknyga.lt\/#website\",\"url\":\"https:\/\/skaitytaknyga.lt\/\",\"name\":\"skaitytaknyga.lt\",\"description\":\"Skaitytaknyga.lt \u2013 tai ma\u017eas \u0161eimos verslas, kuris prasid\u0117jo nuo meil\u0117s knygoms ir siekio i\u0161gelb\u0117ti knygas nuo likimo prie konteinerio. Kas vienam nereikalingas daiktas \u2013 kitam lobis, o mes esame tarpininkai, kurie padeda abiems tapti laimingesniems ???? \u017dinome kaip nelengva i\u0161gyventi ma\u017eiems verslams, tad nuo \u0161iol, \u010dia rasite ir kit\u0173, ma\u017e\u0173 \u0161eim\u0173 versl\u0173, rank\u0173 darbo, dovan\u0173 sau ir artimiesiems.\",\"publisher\":{\"@id\":\"https:\/\/skaitytaknyga.lt\/#organization\"},\"potentialAction\":[{\"@type\":\"SearchAction\",\"target\":{\"@type\":\"EntryPoint\",\"urlTemplate\":\"https:\/\/skaitytaknyga.lt\/?s={search_term_string}\"},\"query-input\":{\"@type\":\"PropertyValueSpecification\",\"valueRequired\":true,\"valueName\":\"search_term_string\"}}],\"inLanguage\":\"en-GB\"},{\"@type\":\"Organization\",\"@id\":\"https:\/\/skaitytaknyga.lt\/#organization\",\"name\":\"skaitytaknyga.lt\",\"url\":\"https:\/\/skaitytaknyga.lt\/\",\"logo\":{\"@type\":\"ImageObject\",\"inLanguage\":\"en-GB\",\"@id\":\"https:\/\/skaitytaknyga.lt\/#\/schema\/logo\/image\/\",\"url\":\"https:\/\/skaitytaknyga.lt\/wp-content\/uploads\/2024\/05\/cropped-cropped-cropped-02_00843_jt3bggkj1j3HLc7SyY6rEUpg.jpeg\",\"contentUrl\":\"https:\/\/skaitytaknyga.lt\/wp-content\/uploads\/2024\/05\/cropped-cropped-cropped-02_00843_jt3bggkj1j3HLc7SyY6rEUpg.jpeg\",\"width\":1600,\"height\":1600,\"caption\":\"skaitytaknyga.lt\"},\"image\":{\"@id\":\"https:\/\/skaitytaknyga.lt\/#\/schema\/logo\/image\/\"},\"sameAs\":[\"https:\/\/www.facebook.com\/skaitytaknyga\/\"]}]}<\/script>\n<!-- \/ Yoast SEO plugin. -->","yoast_head_json":{"title":"Lioven\u0161iold\u0173 \u017eiedas. \u0160arlota Lioven\u0161iold. Ana Sverd","description":"Knygoje pateikiami romanai - trilogija, vaizduojanti penki\u0173 kart\u0173 gyvenim\u0105. Tai paskutinis \u017eymios \u0161ved\u0173 ra\u0161ytojos S. Lagerl\u00f6f k\u016brinys, savitas ir","robots":{"index":"index","follow":"follow","max-snippet":"max-snippet:-1","max-image-preview":"max-image-preview:large","max-video-preview":"max-video-preview:-1"},"canonical":"https:\/\/skaitytaknyga.lt\/en\/produktas\/liovensioldu-ziedas-sarlota-liovensiold-ana-sverd\/","og_locale":"en_GB","og_type":"article","og_title":"[:lt]Lioven\u0161iold\u0173 \u017eiedas. \u0160arlota Lioven\u0161iold. Ana Sverd[:] - Skaitytaknyga","og_description":"Knygoje pateikiami romanai - trilogija, vaizduojanti penki\u0173 kart\u0173 gyvenim\u0105. Tai paskutinis \u017eymios \u0161ved\u0173 ra\u0161ytojos S. Lagerl\u00f6f k\u016brinys, savitas ir","og_url":"https:\/\/skaitytaknyga.lt\/en\/produktas\/liovensioldu-ziedas-sarlota-liovensiold-ana-sverd\/","og_site_name":"Skaitytaknyga","article_publisher":"https:\/\/www.facebook.com\/skaitytaknyga\/","article_modified_time":"2025-08-01T07:54:14+00:00","og_image":[{"width":496,"height":800,"url":"https:\/\/skaitytaknyga.lt\/wp-content\/uploads\/2025\/08\/Liovensioldu-ziedas.-Sarlota-Liovensiold.-Ana-Sverd-1.webp","type":"image\/webp"}],"twitter_card":"summary_large_image","schema":{"@context":"https:\/\/schema.org","@graph":[{"@type":"WebPage","@id":"https:\/\/skaitytaknyga.lt\/produktas\/liovensioldu-ziedas-sarlota-liovensiold-ana-sverd\/","url":"https:\/\/skaitytaknyga.lt\/produktas\/liovensioldu-ziedas-sarlota-liovensiold-ana-sverd\/","name":"Lioven\u0161iold\u0173 \u017eiedas. \u0160arlota Lioven\u0161iold. Ana Sverd","isPartOf":{"@id":"https:\/\/skaitytaknyga.lt\/#website"},"primaryImageOfPage":{"@id":"https:\/\/skaitytaknyga.lt\/produktas\/liovensioldu-ziedas-sarlota-liovensiold-ana-sverd\/#primaryimage"},"image":{"@id":"https:\/\/skaitytaknyga.lt\/produktas\/liovensioldu-ziedas-sarlota-liovensiold-ana-sverd\/#primaryimage"},"thumbnailUrl":"https:\/\/skaitytaknyga.lt\/wp-content\/uploads\/2025\/08\/Liovensioldu-ziedas.-Sarlota-Liovensiold.-Ana-Sverd-1.webp","datePublished":"2025-08-01T07:07:51+00:00","dateModified":"2025-08-01T07:54:14+00:00","description":"Knygoje pateikiami romanai - trilogija, vaizduojanti penki\u0173 kart\u0173 gyvenim\u0105. Tai paskutinis \u017eymios \u0161ved\u0173 ra\u0161ytojos S. Lagerl\u00f6f k\u016brinys, savitas ir","breadcrumb":{"@id":"https:\/\/skaitytaknyga.lt\/produktas\/liovensioldu-ziedas-sarlota-liovensiold-ana-sverd\/#breadcrumb"},"inLanguage":"en-GB","potentialAction":[{"@type":"ReadAction","target":["https:\/\/skaitytaknyga.lt\/produktas\/liovensioldu-ziedas-sarlota-liovensiold-ana-sverd\/"]}]},{"@type":"ImageObject","inLanguage":"en-GB","@id":"https:\/\/skaitytaknyga.lt\/produktas\/liovensioldu-ziedas-sarlota-liovensiold-ana-sverd\/#primaryimage","url":"https:\/\/skaitytaknyga.lt\/wp-content\/uploads\/2025\/08\/Liovensioldu-ziedas.-Sarlota-Liovensiold.-Ana-Sverd-1.webp","contentUrl":"https:\/\/skaitytaknyga.lt\/wp-content\/uploads\/2025\/08\/Liovensioldu-ziedas.-Sarlota-Liovensiold.-Ana-Sverd-1.webp","width":496,"height":800},{"@type":"BreadcrumbList","@id":"https:\/\/skaitytaknyga.lt\/produktas\/liovensioldu-ziedas-sarlota-liovensiold-ana-sverd\/#breadcrumb","itemListElement":[{"@type":"ListItem","position":1,"name":"Home","item":"https:\/\/skaitytaknyga.lt\/"},{"@type":"ListItem","position":2,"name":"Parduotuv\u0117","item":"https:\/\/skaitytaknyga.lt\/knygu-parduotuve\/"},{"@type":"ListItem","position":3,"name":"Lioven\u0161iold\u0173 \u017eiedas. \u0160arlota Lioven\u0161iold. Ana Sverd"}]},{"@type":"WebSite","@id":"https:\/\/skaitytaknyga.lt\/#website","url":"https:\/\/skaitytaknyga.lt\/","name":"skaitytaknyga.lt","description":"Skaitytaknyga.lt \u2013 tai ma\u017eas \u0161eimos verslas, kuris prasid\u0117jo nuo meil\u0117s knygoms ir siekio i\u0161gelb\u0117ti knygas nuo likimo prie konteinerio. Kas vienam nereikalingas daiktas \u2013 kitam lobis, o mes esame tarpininkai, kurie padeda abiems tapti laimingesniems ???? \u017dinome kaip nelengva i\u0161gyventi ma\u017eiems verslams, tad nuo \u0161iol, \u010dia rasite ir kit\u0173, ma\u017e\u0173 \u0161eim\u0173 versl\u0173, rank\u0173 darbo, dovan\u0173 sau ir artimiesiems.","publisher":{"@id":"https:\/\/skaitytaknyga.lt\/#organization"},"potentialAction":[{"@type":"SearchAction","target":{"@type":"EntryPoint","urlTemplate":"https:\/\/skaitytaknyga.lt\/?s={search_term_string}"},"query-input":{"@type":"PropertyValueSpecification","valueRequired":true,"valueName":"search_term_string"}}],"inLanguage":"en-GB"},{"@type":"Organization","@id":"https:\/\/skaitytaknyga.lt\/#organization","name":"skaitytaknyga.lt","url":"https:\/\/skaitytaknyga.lt\/","logo":{"@type":"ImageObject","inLanguage":"en-GB","@id":"https:\/\/skaitytaknyga.lt\/#\/schema\/logo\/image\/","url":"https:\/\/skaitytaknyga.lt\/wp-content\/uploads\/2024\/05\/cropped-cropped-cropped-02_00843_jt3bggkj1j3HLc7SyY6rEUpg.jpeg","contentUrl":"https:\/\/skaitytaknyga.lt\/wp-content\/uploads\/2024\/05\/cropped-cropped-cropped-02_00843_jt3bggkj1j3HLc7SyY6rEUpg.jpeg","width":1600,"height":1600,"caption":"skaitytaknyga.lt"},"image":{"@id":"https:\/\/skaitytaknyga.lt\/#\/schema\/logo\/image\/"},"sameAs":["https:\/\/www.facebook.com\/skaitytaknyga\/"]}]}},"_links":{"self":[{"href":"https:\/\/skaitytaknyga.lt\/en\/wp-json\/wp\/v2\/product\/20106","targetHints":{"allow":["GET"]}}],"collection":[{"href":"https:\/\/skaitytaknyga.lt\/en\/wp-json\/wp\/v2\/product"}],"about":[{"href":"https:\/\/skaitytaknyga.lt\/en\/wp-json\/wp\/v2\/types\/product"}],"replies":[{"embeddable":true,"href":"https:\/\/skaitytaknyga.lt\/en\/wp-json\/wp\/v2\/comments?post=20106"}],"wp:featuredmedia":[{"embeddable":true,"href":"https:\/\/skaitytaknyga.lt\/en\/wp-json\/wp\/v2\/media\/20110"}],"wp:attachment":[{"href":"https:\/\/skaitytaknyga.lt\/en\/wp-json\/wp\/v2\/media?parent=20106"}],"wp:term":[{"taxonomy":"product_brand","embeddable":true,"href":"https:\/\/skaitytaknyga.lt\/en\/wp-json\/wp\/v2\/product_brand?post=20106"},{"taxonomy":"product_cat","embeddable":true,"href":"https:\/\/skaitytaknyga.lt\/en\/wp-json\/wp\/v2\/product_cat?post=20106"},{"taxonomy":"product_tag","embeddable":true,"href":"https:\/\/skaitytaknyga.lt\/en\/wp-json\/wp\/v2\/product_tag?post=20106"}],"curies":[{"name":"wp","href":"https:\/\/api.w.org\/{rel}","templated":true}]}}