{"id":20105,"date":"2025-08-01T10:07:50","date_gmt":"2025-08-01T07:07:50","guid":{"rendered":"https:\/\/skaitytaknyga.lt\/?post_type=product&#038;p=20105"},"modified":"2025-09-27T18:59:37","modified_gmt":"2025-09-27T15:59:37","slug":"vilniaus-pilys-statyba-ir-architektura","status":"publish","type":"product","link":"https:\/\/skaitytaknyga.lt\/en\/produktas\/vilniaus-pilys-statyba-ir-architektura\/","title":{"rendered":"Vilniaus pilys: statyba ir architekt\u016bra"},"content":{"rendered":"<p>Bendradarbiaudamas su architektais-restauratoriais, K.N. Kitkauskas yra pareng\u0119s Vilniaus \u017demutin\u0117s pilies teritorijoje Istorijos ir geografijos muziejaus ir Vilniaus universiteto mokslin\u0117s bibliotekos knyg\u0173 saugyklos projektus. Jis taip pat dalyvavo rengiant Trak\u0173, Bir\u017e\u0173, Medinink\u0173, Raudon\u0117s, Raudondvario pili\u0173 liekan\u0173 konservavimo bei dalinio restauravimo projektus, 1970 \u2013 1982 m. pareng\u0117 Tolminkiemio ba\u017eny\u010dios atk\u016brimo bei K. Donelai\u010dio gyvenamojo namo \u2013 klebonijos restauravimo projekt\u0105.<\/p>\n<p>Nuo 1968 m. kartu su istorikais tyr\u0117 Vilniaus Arkikatedros po\u017eemius, architekt\u016bros raid\u0105 ir nustat\u0117 pirmosios Vilniaus katedros kont\u016brus. Tuo pat metu kaup\u0117 med\u017eiag\u0105 ir apie kit\u0173 Vilniaus \u017demutin\u0117s pilies pastat\u0173 bei gynybin\u0117s sienos liekanas, o 1989 m. i\u0161leido knyg\u0105 \u201eVilniaus pilys\u201c, u\u017e kuri\u0105 1990 m. jam buvo paskirta Nacionalin\u0117 premija.<\/p>\n","protected":false},"excerpt":{"rendered":"<p>Bendradarbiaudamas su architektais-restauratoriais, K.N. Kitkauskas yra pareng\u0119s Vilniaus \u017demutin\u0117s pilies teritorijoje Istorijos ir geografijos muziejaus ir Vilniaus universiteto mokslin\u0117s bibliotekos knyg\u0173 saugyklos projektus. Jis taip pat dalyvavo rengiant Trak\u0173, Bir\u017e\u0173, Medinink\u0173, Raudon\u0117s, Raudondvario pili\u0173 liekan\u0173 konservavimo bei dalinio restauravimo projektus, 1970 \u2013 1982 m. pareng\u0117 Tolminkiemio ba\u017eny\u010dios atk\u016brimo bei K. Donelai\u010dio gyvenamojo namo \u2013 klebonijos restauravimo projekt\u0105. Nuo 1968 m. kartu su istorikais tyr\u0117 Vilniaus Arkikatedros po\u017eemius, architekt\u016bros raid\u0105 ir nustat\u0117 pirmosios Vilniaus katedros kont\u016brus. Tuo pat metu kaup\u0117 med\u017eiag\u0105 ir apie kit\u0173 Vilniaus \u017demutin\u0117s pilies pastat\u0173 bei gynybin\u0117s sienos liekanas, o 1989 m. i\u0161leido knyg\u0105 \u201eVilniaus pilys\u201c, u\u017e kuri\u0105 1990 m. jam buvo paskirta Nacionalin\u0117 premija.<\/p>\n","protected":false},"featured_media":20109,"comment_status":"open","ping_status":"closed","template":"","meta":{"_acf_changed":false,"site-sidebar-layout":"default","site-content-layout":"","ast-site-content-layout":"default","site-content-style":"default","site-sidebar-style":"default","ast-global-header-display":"","ast-banner-title-visibility":"","ast-main-header-display":"","ast-hfb-above-header-display":"","ast-hfb-below-header-display":"","ast-hfb-mobile-header-display":"","site-post-title":"","ast-breadcrumbs-content":"","ast-featured-img":"","footer-sml-layout":"","ast-disable-related-posts":"","theme-transparent-header-meta":"","adv-header-id-meta":"","stick-header-meta":"","header-above-stick-meta":"","header-main-stick-meta":"","header-below-stick-meta":"","astra-migrate-meta-layouts":"default","ast-page-background-enabled":"default","ast-page-background-meta":{"desktop":{"background-color":"","background-image":"","background-repeat":"repeat","background-position":"center center","background-size":"auto","background-attachment":"scroll","background-type":"","background-media":"","overlay-type":"","overlay-color":"","overlay-opacity":"","overlay-gradient":""},"tablet":{"background-color":"","background-image":"","background-repeat":"repeat","background-position":"center center","background-size":"auto","background-attachment":"scroll","background-type":"","background-media":"","overlay-type":"","overlay-color":"","overlay-opacity":"","overlay-gradient":""},"mobile":{"background-color":"","background-image":"","background-repeat":"repeat","background-position":"center center","background-size":"auto","background-attachment":"scroll","background-type":"","background-media":"","overlay-type":"","overlay-color":"","overlay-opacity":"","overlay-gradient":""}},"ast-content-background-meta":{"desktop":{"background-color":"var(--ast-global-color-4)","background-image":"","background-repeat":"repeat","background-position":"center center","background-size":"auto","background-attachment":"scroll","background-type":"","background-media":"","overlay-type":"","overlay-color":"","overlay-opacity":"","overlay-gradient":""},"tablet":{"background-color":"var(--ast-global-color-4)","background-image":"","background-repeat":"repeat","background-position":"center center","background-size":"auto","background-attachment":"scroll","background-type":"","background-media":"","overlay-type":"","overlay-color":"","overlay-opacity":"","overlay-gradient":""},"mobile":{"background-color":"var(--ast-global-color-4)","background-image":"","background-repeat":"repeat","background-position":"center center","background-size":"auto","background-attachment":"scroll","background-type":"","background-media":"","overlay-type":"","overlay-color":"","overlay-opacity":"","overlay-gradient":""}}},"product_brand":[],"product_cat":[174],"product_tag":[3410,2224,7280,3781,4252,2601],"class_list":{"0":"post-20105","1":"product","2":"type-product","3":"status-publish","4":"has-post-thumbnail","6":"product_cat-istorija-ir-politologija","7":"product_tag-architektura","8":"product_tag-istorija","9":"product_tag-napoleonas-kitkauskas","10":"product_tag-paveldas","11":"product_tag-pilys","12":"product_tag-vilnius","13":"desktop-align-left","14":"tablet-align-left","15":"mobile-align-left","17":"first","18":"instock","19":"shipping-taxable","20":"purchasable","21":"product-type-simple"},"acf":[],"yoast_head":"<!-- This site is optimized with the Yoast SEO plugin v27.0 - https:\/\/yoast.com\/product\/yoast-seo-wordpress\/ -->\n<title>Vilniaus pilys: statyba ir architekt\u016bra<\/title>\n<meta name=\"description\" content=\"Bendradarbiaudamas su architektais-restauratoriais, K.N. Kitkauskas yra pareng\u0119s Vilniaus \u017demutin\u0117s pilies teritorijoje Istorijos ir geografijos muziejaus\" \/>\n<meta name=\"robots\" content=\"index, follow, max-snippet:-1, max-image-preview:large, max-video-preview:-1\" \/>\n<link rel=\"canonical\" href=\"https:\/\/skaitytaknyga.lt\/en\/produktas\/vilniaus-pilys-statyba-ir-architektura\/\" \/>\n<meta property=\"og:locale\" content=\"en_GB\" \/>\n<meta property=\"og:locale:alternate\" content=\"lt_LT\" \/>\n<meta property=\"og:type\" content=\"article\" \/>\n<meta property=\"og:title\" content=\"Vilniaus pilys: statyba ir architekt\u016bra\" \/>\n<meta property=\"og:description\" content=\"Bendradarbiaudamas su architektais-restauratoriais, K.N. Kitkauskas yra pareng\u0119s Vilniaus \u017demutin\u0117s pilies teritorijoje Istorijos ir geografijos muziejaus\" \/>\n<meta property=\"og:url\" content=\"https:\/\/skaitytaknyga.lt\/en\/produktas\/vilniaus-pilys-statyba-ir-architektura\/\" \/>\n<meta property=\"og:site_name\" content=\"Skaitytaknyga\" \/>\n<meta property=\"article:publisher\" content=\"https:\/\/www.facebook.com\/skaitytaknyga\/\" \/>\n<meta property=\"article:modified_time\" content=\"2025-09-27T15:59:37+00:00\" \/>\n<meta property=\"og:image\" content=\"https:\/\/skaitytaknyga.lt\/wp-content\/uploads\/2025\/08\/Vilniaus-pilys-ir-architektura-1.webp\" \/>\n\t<meta property=\"og:image:width\" content=\"540\" \/>\n\t<meta property=\"og:image:height\" content=\"801\" \/>\n\t<meta property=\"og:image:type\" content=\"image\/webp\" \/>\n<meta name=\"twitter:card\" content=\"summary_large_image\" \/>\n<meta name=\"twitter:label1\" content=\"Estimated reading time\" \/>\n\t<meta name=\"twitter:data1\" content=\"1 minute\" \/>\n<script type=\"application\/ld+json\" class=\"yoast-schema-graph\">{\"@context\":\"https:\/\/schema.org\",\"@graph\":[{\"@type\":\"WebPage\",\"@id\":\"https:\/\/skaitytaknyga.lt\/produktas\/vilniaus-pilys-statyba-ir-architektura\/\",\"url\":\"https:\/\/skaitytaknyga.lt\/produktas\/vilniaus-pilys-statyba-ir-architektura\/\",\"name\":\"Vilniaus pilys: statyba ir architekt\u016bra\",\"isPartOf\":{\"@id\":\"https:\/\/skaitytaknyga.lt\/#website\"},\"primaryImageOfPage\":{\"@id\":\"https:\/\/skaitytaknyga.lt\/produktas\/vilniaus-pilys-statyba-ir-architektura\/#primaryimage\"},\"image\":{\"@id\":\"https:\/\/skaitytaknyga.lt\/produktas\/vilniaus-pilys-statyba-ir-architektura\/#primaryimage\"},\"thumbnailUrl\":\"https:\/\/skaitytaknyga.lt\/wp-content\/uploads\/2025\/08\/Vilniaus-pilys-ir-architektura-1.webp\",\"datePublished\":\"2025-08-01T07:07:50+00:00\",\"dateModified\":\"2025-09-27T15:59:37+00:00\",\"description\":\"Bendradarbiaudamas su architektais-restauratoriais, K.N. Kitkauskas yra pareng\u0119s Vilniaus \u017demutin\u0117s pilies teritorijoje Istorijos ir geografijos muziejaus\",\"breadcrumb\":{\"@id\":\"https:\/\/skaitytaknyga.lt\/produktas\/vilniaus-pilys-statyba-ir-architektura\/#breadcrumb\"},\"inLanguage\":\"en-GB\",\"potentialAction\":[{\"@type\":\"ReadAction\",\"target\":[\"https:\/\/skaitytaknyga.lt\/produktas\/vilniaus-pilys-statyba-ir-architektura\/\"]}]},{\"@type\":\"ImageObject\",\"inLanguage\":\"en-GB\",\"@id\":\"https:\/\/skaitytaknyga.lt\/produktas\/vilniaus-pilys-statyba-ir-architektura\/#primaryimage\",\"url\":\"https:\/\/skaitytaknyga.lt\/wp-content\/uploads\/2025\/08\/Vilniaus-pilys-ir-architektura-1.webp\",\"contentUrl\":\"https:\/\/skaitytaknyga.lt\/wp-content\/uploads\/2025\/08\/Vilniaus-pilys-ir-architektura-1.webp\",\"width\":540,\"height\":801,\"caption\":\"Vilniaus pilys: statyba ir architekt\u016bra\"},{\"@type\":\"BreadcrumbList\",\"@id\":\"https:\/\/skaitytaknyga.lt\/produktas\/vilniaus-pilys-statyba-ir-architektura\/#breadcrumb\",\"itemListElement\":[{\"@type\":\"ListItem\",\"position\":1,\"name\":\"Home\",\"item\":\"https:\/\/skaitytaknyga.lt\/\"},{\"@type\":\"ListItem\",\"position\":2,\"name\":\"Parduotuv\u0117\",\"item\":\"https:\/\/skaitytaknyga.lt\/knygu-parduotuve\/\"},{\"@type\":\"ListItem\",\"position\":3,\"name\":\"Vilniaus pilys: statyba ir architekt\u016bra\"}]},{\"@type\":\"WebSite\",\"@id\":\"https:\/\/skaitytaknyga.lt\/#website\",\"url\":\"https:\/\/skaitytaknyga.lt\/\",\"name\":\"skaitytaknyga.lt\",\"description\":\"Skaitytaknyga.lt \u2013 tai ma\u017eas \u0161eimos verslas, kuris prasid\u0117jo nuo meil\u0117s knygoms ir siekio i\u0161gelb\u0117ti knygas nuo likimo prie konteinerio. Kas vienam nereikalingas daiktas \u2013 kitam lobis, o mes esame tarpininkai, kurie padeda abiems tapti laimingesniems ???? \u017dinome kaip nelengva i\u0161gyventi ma\u017eiems verslams, tad nuo \u0161iol, \u010dia rasite ir kit\u0173, ma\u017e\u0173 \u0161eim\u0173 versl\u0173, rank\u0173 darbo, dovan\u0173 sau ir artimiesiems.\",\"publisher\":{\"@id\":\"https:\/\/skaitytaknyga.lt\/#organization\"},\"potentialAction\":[{\"@type\":\"SearchAction\",\"target\":{\"@type\":\"EntryPoint\",\"urlTemplate\":\"https:\/\/skaitytaknyga.lt\/?s={search_term_string}\"},\"query-input\":{\"@type\":\"PropertyValueSpecification\",\"valueRequired\":true,\"valueName\":\"search_term_string\"}}],\"inLanguage\":\"en-GB\"},{\"@type\":\"Organization\",\"@id\":\"https:\/\/skaitytaknyga.lt\/#organization\",\"name\":\"skaitytaknyga.lt\",\"url\":\"https:\/\/skaitytaknyga.lt\/\",\"logo\":{\"@type\":\"ImageObject\",\"inLanguage\":\"en-GB\",\"@id\":\"https:\/\/skaitytaknyga.lt\/#\/schema\/logo\/image\/\",\"url\":\"https:\/\/skaitytaknyga.lt\/wp-content\/uploads\/2024\/05\/cropped-cropped-cropped-02_00843_jt3bggkj1j3HLc7SyY6rEUpg.jpeg\",\"contentUrl\":\"https:\/\/skaitytaknyga.lt\/wp-content\/uploads\/2024\/05\/cropped-cropped-cropped-02_00843_jt3bggkj1j3HLc7SyY6rEUpg.jpeg\",\"width\":1600,\"height\":1600,\"caption\":\"skaitytaknyga.lt\"},\"image\":{\"@id\":\"https:\/\/skaitytaknyga.lt\/#\/schema\/logo\/image\/\"},\"sameAs\":[\"https:\/\/www.facebook.com\/skaitytaknyga\/\"]}]}<\/script>\n<!-- \/ Yoast SEO plugin. -->","yoast_head_json":{"title":"Vilniaus pilys: statyba ir architekt\u016bra","description":"Bendradarbiaudamas su architektais-restauratoriais, K.N. Kitkauskas yra pareng\u0119s Vilniaus \u017demutin\u0117s pilies teritorijoje Istorijos ir geografijos muziejaus","robots":{"index":"index","follow":"follow","max-snippet":"max-snippet:-1","max-image-preview":"max-image-preview:large","max-video-preview":"max-video-preview:-1"},"canonical":"https:\/\/skaitytaknyga.lt\/en\/produktas\/vilniaus-pilys-statyba-ir-architektura\/","og_locale":"en_GB","og_type":"article","og_title":"[:lt]Vilniaus pilys: statyba ir architekt\u016bra[:] - Skaitytaknyga","og_description":"Bendradarbiaudamas su architektais-restauratoriais, K.N. Kitkauskas yra pareng\u0119s Vilniaus \u017demutin\u0117s pilies teritorijoje Istorijos ir geografijos muziejaus","og_url":"https:\/\/skaitytaknyga.lt\/en\/produktas\/vilniaus-pilys-statyba-ir-architektura\/","og_site_name":"Skaitytaknyga","article_publisher":"https:\/\/www.facebook.com\/skaitytaknyga\/","article_modified_time":"2025-09-27T15:59:37+00:00","og_image":[{"width":540,"height":801,"url":"https:\/\/skaitytaknyga.lt\/wp-content\/uploads\/2025\/08\/Vilniaus-pilys-ir-architektura-1.webp","type":"image\/webp"}],"twitter_card":"summary_large_image","twitter_misc":{"Estimated reading time":"1 minute"},"schema":{"@context":"https:\/\/schema.org","@graph":[{"@type":"WebPage","@id":"https:\/\/skaitytaknyga.lt\/produktas\/vilniaus-pilys-statyba-ir-architektura\/","url":"https:\/\/skaitytaknyga.lt\/produktas\/vilniaus-pilys-statyba-ir-architektura\/","name":"Vilniaus pilys: statyba ir architekt\u016bra","isPartOf":{"@id":"https:\/\/skaitytaknyga.lt\/#website"},"primaryImageOfPage":{"@id":"https:\/\/skaitytaknyga.lt\/produktas\/vilniaus-pilys-statyba-ir-architektura\/#primaryimage"},"image":{"@id":"https:\/\/skaitytaknyga.lt\/produktas\/vilniaus-pilys-statyba-ir-architektura\/#primaryimage"},"thumbnailUrl":"https:\/\/skaitytaknyga.lt\/wp-content\/uploads\/2025\/08\/Vilniaus-pilys-ir-architektura-1.webp","datePublished":"2025-08-01T07:07:50+00:00","dateModified":"2025-09-27T15:59:37+00:00","description":"Bendradarbiaudamas su architektais-restauratoriais, K.N. Kitkauskas yra pareng\u0119s Vilniaus \u017demutin\u0117s pilies teritorijoje Istorijos ir geografijos muziejaus","breadcrumb":{"@id":"https:\/\/skaitytaknyga.lt\/produktas\/vilniaus-pilys-statyba-ir-architektura\/#breadcrumb"},"inLanguage":"en-GB","potentialAction":[{"@type":"ReadAction","target":["https:\/\/skaitytaknyga.lt\/produktas\/vilniaus-pilys-statyba-ir-architektura\/"]}]},{"@type":"ImageObject","inLanguage":"en-GB","@id":"https:\/\/skaitytaknyga.lt\/produktas\/vilniaus-pilys-statyba-ir-architektura\/#primaryimage","url":"https:\/\/skaitytaknyga.lt\/wp-content\/uploads\/2025\/08\/Vilniaus-pilys-ir-architektura-1.webp","contentUrl":"https:\/\/skaitytaknyga.lt\/wp-content\/uploads\/2025\/08\/Vilniaus-pilys-ir-architektura-1.webp","width":540,"height":801,"caption":"Vilniaus pilys: statyba ir architekt\u016bra"},{"@type":"BreadcrumbList","@id":"https:\/\/skaitytaknyga.lt\/produktas\/vilniaus-pilys-statyba-ir-architektura\/#breadcrumb","itemListElement":[{"@type":"ListItem","position":1,"name":"Home","item":"https:\/\/skaitytaknyga.lt\/"},{"@type":"ListItem","position":2,"name":"Parduotuv\u0117","item":"https:\/\/skaitytaknyga.lt\/knygu-parduotuve\/"},{"@type":"ListItem","position":3,"name":"Vilniaus pilys: statyba ir architekt\u016bra"}]},{"@type":"WebSite","@id":"https:\/\/skaitytaknyga.lt\/#website","url":"https:\/\/skaitytaknyga.lt\/","name":"skaitytaknyga.lt","description":"Skaitytaknyga.lt \u2013 tai ma\u017eas \u0161eimos verslas, kuris prasid\u0117jo nuo meil\u0117s knygoms ir siekio i\u0161gelb\u0117ti knygas nuo likimo prie konteinerio. Kas vienam nereikalingas daiktas \u2013 kitam lobis, o mes esame tarpininkai, kurie padeda abiems tapti laimingesniems ???? \u017dinome kaip nelengva i\u0161gyventi ma\u017eiems verslams, tad nuo \u0161iol, \u010dia rasite ir kit\u0173, ma\u017e\u0173 \u0161eim\u0173 versl\u0173, rank\u0173 darbo, dovan\u0173 sau ir artimiesiems.","publisher":{"@id":"https:\/\/skaitytaknyga.lt\/#organization"},"potentialAction":[{"@type":"SearchAction","target":{"@type":"EntryPoint","urlTemplate":"https:\/\/skaitytaknyga.lt\/?s={search_term_string}"},"query-input":{"@type":"PropertyValueSpecification","valueRequired":true,"valueName":"search_term_string"}}],"inLanguage":"en-GB"},{"@type":"Organization","@id":"https:\/\/skaitytaknyga.lt\/#organization","name":"skaitytaknyga.lt","url":"https:\/\/skaitytaknyga.lt\/","logo":{"@type":"ImageObject","inLanguage":"en-GB","@id":"https:\/\/skaitytaknyga.lt\/#\/schema\/logo\/image\/","url":"https:\/\/skaitytaknyga.lt\/wp-content\/uploads\/2024\/05\/cropped-cropped-cropped-02_00843_jt3bggkj1j3HLc7SyY6rEUpg.jpeg","contentUrl":"https:\/\/skaitytaknyga.lt\/wp-content\/uploads\/2024\/05\/cropped-cropped-cropped-02_00843_jt3bggkj1j3HLc7SyY6rEUpg.jpeg","width":1600,"height":1600,"caption":"skaitytaknyga.lt"},"image":{"@id":"https:\/\/skaitytaknyga.lt\/#\/schema\/logo\/image\/"},"sameAs":["https:\/\/www.facebook.com\/skaitytaknyga\/"]}]}},"_links":{"self":[{"href":"https:\/\/skaitytaknyga.lt\/en\/wp-json\/wp\/v2\/product\/20105","targetHints":{"allow":["GET"]}}],"collection":[{"href":"https:\/\/skaitytaknyga.lt\/en\/wp-json\/wp\/v2\/product"}],"about":[{"href":"https:\/\/skaitytaknyga.lt\/en\/wp-json\/wp\/v2\/types\/product"}],"replies":[{"embeddable":true,"href":"https:\/\/skaitytaknyga.lt\/en\/wp-json\/wp\/v2\/comments?post=20105"}],"wp:featuredmedia":[{"embeddable":true,"href":"https:\/\/skaitytaknyga.lt\/en\/wp-json\/wp\/v2\/media\/20109"}],"wp:attachment":[{"href":"https:\/\/skaitytaknyga.lt\/en\/wp-json\/wp\/v2\/media?parent=20105"}],"wp:term":[{"taxonomy":"product_brand","embeddable":true,"href":"https:\/\/skaitytaknyga.lt\/en\/wp-json\/wp\/v2\/product_brand?post=20105"},{"taxonomy":"product_cat","embeddable":true,"href":"https:\/\/skaitytaknyga.lt\/en\/wp-json\/wp\/v2\/product_cat?post=20105"},{"taxonomy":"product_tag","embeddable":true,"href":"https:\/\/skaitytaknyga.lt\/en\/wp-json\/wp\/v2\/product_tag?post=20105"}],"curies":[{"name":"wp","href":"https:\/\/api.w.org\/{rel}","templated":true}]}}