{"id":20099,"date":"2025-08-01T10:00:52","date_gmt":"2025-08-01T07:00:52","guid":{"rendered":"https:\/\/skaitytaknyga.lt\/?post_type=product&#038;p=20099"},"modified":"2025-09-27T18:56:16","modified_gmt":"2025-09-27T15:56:16","slug":"gugis-giriu-kaukas-ir-zmoniu-draugas","status":"publish","type":"product","link":"https:\/\/skaitytaknyga.lt\/en\/produktas\/gugis-giriu-kaukas-ir-zmoniu-draugas\/","title":{"rendered":"Gugis &#8211; giri\u0173 kaukas ir \u017emoni\u0173 draugas"},"content":{"rendered":"<p>\u0160i visai \u0161eimai skirta knyga nukelia \u012f vaizduot\u0119 kaitinan\u010dius lietuvi\u0173 kov\u0173 su kry\u017eiuo\u010diais laikus. Nuotykis veja nuotyk\u012f, kai \u012f pagalb\u0105 \u017emon\u0117ms ateina nenuorama kauk\u0173 gimin\u0117s palikuonis Gugis kartu su kitais lietuvi\u0161k\u0173 mit\u0173 veik\u0117jais \u2013 tinginiu maumu Munamukiu, li\u016bdnuoju aitvaru Vip\u0161tu, narsi\u0105ja basiliske \u0160iu\u0161a.<\/p>\n<p>Sakysite \u2013 k\u0105 \u010dia ta senov\u0117: nei kompiuteri\u0173, nei televizijos, k\u0105 jau kalb\u0117ti apie Drakon\u0173 kov\u0105 Z! Taip, Gugio nuotyki\u0173 laikais (tai \u2013 net 1368 metai) dar nebuvo nei interneto, nei mobiliojo telefono, nei Need for Speed ar Counterstrike. Bet\u2026 Ne\u012f\u017eengiamos girios o\u0161\u0117 pilnos paslap\u010di\u0173, stebukl\u0173, jose slapst\u0117si dabar tik sakm\u0117se prisimenamos b\u016btyb\u0117s, o kruvinos \u017e\u016btb\u016btin\u0117s kovos sprend\u0117 m\u016bs\u0173 kra\u0161to likim\u0105 net \u0161imtme\u010diams. Tad ir tuo metu gyvenimas buvo ne ma\u017eiau spalvingas nei dabar.<\/p>\n<p>Justinas \u017dilinskas (g. 1974) gyvena kelis gyvenimus. Viename \u2013 knyg\u0173 \u017eiurk\u0117 (interneto svetain\u0117s skaityta.lt redaktorius), fantastas (Vilniaus fantast\u0173 klubo \u201eVFK Dorado\u201c prezidentas) ir truput\u012f ra\u0161ytojas (be \u0161ios knygos, taip pat para\u0161\u0119s mokslin\u0117s fantastikos roman\u0105 \u201eGenomas 3000\u201c (2004), apsakym\u0173 ir eil\u0117ra\u0161\u010di\u0173). Kitame \u2013 teisininkas, d\u0117stytojas, pasin\u0117r\u0119s \u012f tarptautin\u0117s teis\u0117s mokslo problemas.<\/p>\n","protected":false},"excerpt":{"rendered":"<p>\u0160i visai \u0161eimai skirta knyga nukelia \u012f vaizduot\u0119 kaitinan\u010dius lietuvi\u0173 kov\u0173 su kry\u017eiuo\u010diais laikus. Nuotykis veja nuotyk\u012f, kai \u012f pagalb\u0105 \u017emon\u0117ms ateina nenuorama kauk\u0173 gimin\u0117s palikuonis Gugis kartu su kitais lietuvi\u0161k\u0173 mit\u0173 veik\u0117jais \u2013 tinginiu maumu Munamukiu, li\u016bdnuoju aitvaru Vip\u0161tu, narsi\u0105ja basiliske \u0160iu\u0161a. Sakysite \u2013 k\u0105 \u010dia ta senov\u0117: nei kompiuteri\u0173, nei televizijos, k\u0105 jau kalb\u0117ti apie Drakon\u0173 kov\u0105 Z! Taip, Gugio nuotyki\u0173 laikais (tai \u2013 net 1368 metai) dar nebuvo nei interneto, nei mobiliojo telefono, nei Need for Speed ar Counterstrike. Bet\u2026 Ne\u012f\u017eengiamos girios o\u0161\u0117 pilnos paslap\u010di\u0173, stebukl\u0173, jose slapst\u0117si dabar tik sakm\u0117se prisimenamos b\u016btyb\u0117s, o kruvinos \u017e\u016btb\u016btin\u0117s kovos sprend\u0117 m\u016bs\u0173 kra\u0161to likim\u0105 net \u0161imtme\u010diams. Tad ir tuo metu gyvenimas buvo ne ma\u017eiau spalvingas nei dabar. Justinas \u017dilinskas (g. 1974) gyvena kelis gyvenimus. Viename \u2013 knyg\u0173 \u017eiurk\u0117 (interneto svetain\u0117s skaityta.lt redaktorius), fantastas (Vilniaus fantast\u0173 klubo \u201eVFK Dorado\u201c prezidentas) ir truput\u012f ra\u0161ytojas (be \u0161ios knygos, taip pat para\u0161\u0119s mokslin\u0117s fantastikos roman\u0105 \u201eGenomas 3000\u201c (2004), apsakym\u0173 ir eil\u0117ra\u0161\u010di\u0173). Kitame \u2013 teisininkas, d\u0117stytojas, pasin\u0117r\u0119s \u012f tarptautin\u0117s teis\u0117s mokslo problemas.<\/p>\n","protected":false},"featured_media":20103,"comment_status":"open","ping_status":"closed","template":"","meta":{"_acf_changed":false,"site-sidebar-layout":"default","site-content-layout":"","ast-site-content-layout":"default","site-content-style":"default","site-sidebar-style":"default","ast-global-header-display":"","ast-banner-title-visibility":"","ast-main-header-display":"","ast-hfb-above-header-display":"","ast-hfb-below-header-display":"","ast-hfb-mobile-header-display":"","site-post-title":"","ast-breadcrumbs-content":"","ast-featured-img":"","footer-sml-layout":"","ast-disable-related-posts":"","theme-transparent-header-meta":"","adv-header-id-meta":"","stick-header-meta":"","header-above-stick-meta":"","header-main-stick-meta":"","header-below-stick-meta":"","astra-migrate-meta-layouts":"default","ast-page-background-enabled":"default","ast-page-background-meta":{"desktop":{"background-color":"","background-image":"","background-repeat":"repeat","background-position":"center center","background-size":"auto","background-attachment":"scroll","background-type":"","background-media":"","overlay-type":"","overlay-color":"","overlay-opacity":"","overlay-gradient":""},"tablet":{"background-color":"","background-image":"","background-repeat":"repeat","background-position":"center center","background-size":"auto","background-attachment":"scroll","background-type":"","background-media":"","overlay-type":"","overlay-color":"","overlay-opacity":"","overlay-gradient":""},"mobile":{"background-color":"","background-image":"","background-repeat":"repeat","background-position":"center center","background-size":"auto","background-attachment":"scroll","background-type":"","background-media":"","overlay-type":"","overlay-color":"","overlay-opacity":"","overlay-gradient":""}},"ast-content-background-meta":{"desktop":{"background-color":"var(--ast-global-color-4)","background-image":"","background-repeat":"repeat","background-position":"center center","background-size":"auto","background-attachment":"scroll","background-type":"","background-media":"","overlay-type":"","overlay-color":"","overlay-opacity":"","overlay-gradient":""},"tablet":{"background-color":"var(--ast-global-color-4)","background-image":"","background-repeat":"repeat","background-position":"center center","background-size":"auto","background-attachment":"scroll","background-type":"","background-media":"","overlay-type":"","overlay-color":"","overlay-opacity":"","overlay-gradient":""},"mobile":{"background-color":"var(--ast-global-color-4)","background-image":"","background-repeat":"repeat","background-position":"center center","background-size":"auto","background-attachment":"scroll","background-type":"","background-media":"","overlay-type":"","overlay-color":"","overlay-opacity":"","overlay-gradient":""}}},"product_brand":[],"product_cat":[35],"product_tag":[7277,1376,7276,4833,6523,4222,1451,1785],"class_list":{"0":"post-20099","1":"product","2":"type-product","3":"status-publish","4":"has-post-thumbnail","6":"product_cat-vaikams-ir-paaugliams","7":"product_tag-aitvarai","8":"product_tag-justinas-zilinskas","9":"product_tag-kaukai","10":"product_tag-kryziuociai","11":"product_tag-lietuviu-istorija","12":"product_tag-lietuviu-mitologija","13":"product_tag-nuotykiai","14":"product_tag-vaikams","15":"desktop-align-left","16":"tablet-align-left","17":"mobile-align-left","19":"first","20":"instock","21":"shipping-taxable","22":"purchasable","23":"product-type-simple"},"acf":[],"yoast_head":"<!-- This site is optimized with the Yoast SEO plugin v27.4 - https:\/\/yoast.com\/product\/yoast-seo-wordpress\/ -->\n<title>Gugis - giri\u0173 kaukas ir \u017emoni\u0173 draugas<\/title>\n<meta name=\"description\" content=\"\u0160i visai \u0161eimai skirta knyga nukelia \u012f vaizduot\u0119 kaitinan\u010dius lietuvi\u0173 kov\u0173 su kry\u017eiuo\u010diais laikus. Nuotykis veja nuotyk\u012f, kai \u012f pagalb\u0105 \u017emon\u0117ms ateina\" \/>\n<meta name=\"robots\" content=\"index, follow, max-snippet:-1, max-image-preview:large, max-video-preview:-1\" \/>\n<link rel=\"canonical\" href=\"https:\/\/skaitytaknyga.lt\/en\/produktas\/gugis-giriu-kaukas-ir-zmoniu-draugas\/\" \/>\n<meta property=\"og:locale\" content=\"en_GB\" \/>\n<meta property=\"og:locale:alternate\" content=\"lt_LT\" \/>\n<meta property=\"og:type\" content=\"article\" \/>\n<meta property=\"og:title\" content=\"Gugis - giri\u0173 kaukas ir \u017emoni\u0173 draugas\" \/>\n<meta property=\"og:description\" content=\"\u0160i visai \u0161eimai skirta knyga nukelia \u012f vaizduot\u0119 kaitinan\u010dius lietuvi\u0173 kov\u0173 su kry\u017eiuo\u010diais laikus. Nuotykis veja nuotyk\u012f, kai \u012f pagalb\u0105 \u017emon\u0117ms ateina\" \/>\n<meta property=\"og:url\" content=\"https:\/\/skaitytaknyga.lt\/en\/produktas\/gugis-giriu-kaukas-ir-zmoniu-draugas\/\" \/>\n<meta property=\"og:site_name\" content=\"Skaitytaknyga\" \/>\n<meta property=\"article:publisher\" content=\"https:\/\/www.facebook.com\/skaitytaknyga\/\" \/>\n<meta property=\"article:modified_time\" content=\"2025-09-27T15:56:16+00:00\" \/>\n<meta property=\"og:image\" content=\"https:\/\/skaitytaknyga.lt\/wp-content\/uploads\/2025\/08\/Gugis-giriu-kaukas-ir-zmoniu-draugas-1.webp\" \/>\n\t<meta property=\"og:image:width\" content=\"713\" \/>\n\t<meta property=\"og:image:height\" content=\"1052\" \/>\n\t<meta property=\"og:image:type\" content=\"image\/webp\" \/>\n<meta name=\"twitter:card\" content=\"summary_large_image\" \/>\n<meta name=\"twitter:label1\" content=\"Estimated reading time\" \/>\n\t<meta name=\"twitter:data1\" content=\"1 minute\" \/>\n<script type=\"application\/ld+json\" class=\"yoast-schema-graph\">{\"@context\":\"https:\\\/\\\/schema.org\",\"@graph\":[{\"@type\":\"WebPage\",\"@id\":\"https:\\\/\\\/skaitytaknyga.lt\\\/produktas\\\/gugis-giriu-kaukas-ir-zmoniu-draugas\\\/\",\"url\":\"https:\\\/\\\/skaitytaknyga.lt\\\/produktas\\\/gugis-giriu-kaukas-ir-zmoniu-draugas\\\/\",\"name\":\"Gugis - giri\u0173 kaukas ir \u017emoni\u0173 draugas\",\"isPartOf\":{\"@id\":\"https:\\\/\\\/skaitytaknyga.lt\\\/#website\"},\"primaryImageOfPage\":{\"@id\":\"https:\\\/\\\/skaitytaknyga.lt\\\/produktas\\\/gugis-giriu-kaukas-ir-zmoniu-draugas\\\/#primaryimage\"},\"image\":{\"@id\":\"https:\\\/\\\/skaitytaknyga.lt\\\/produktas\\\/gugis-giriu-kaukas-ir-zmoniu-draugas\\\/#primaryimage\"},\"thumbnailUrl\":\"https:\\\/\\\/skaitytaknyga.lt\\\/wp-content\\\/uploads\\\/2025\\\/08\\\/Gugis-giriu-kaukas-ir-zmoniu-draugas-1.webp\",\"datePublished\":\"2025-08-01T07:00:52+00:00\",\"dateModified\":\"2025-09-27T15:56:16+00:00\",\"description\":\"\u0160i visai \u0161eimai skirta knyga nukelia \u012f vaizduot\u0119 kaitinan\u010dius lietuvi\u0173 kov\u0173 su kry\u017eiuo\u010diais laikus. Nuotykis veja nuotyk\u012f, kai \u012f pagalb\u0105 \u017emon\u0117ms ateina\",\"breadcrumb\":{\"@id\":\"https:\\\/\\\/skaitytaknyga.lt\\\/produktas\\\/gugis-giriu-kaukas-ir-zmoniu-draugas\\\/#breadcrumb\"},\"inLanguage\":\"en-GB\",\"potentialAction\":[{\"@type\":\"ReadAction\",\"target\":[\"https:\\\/\\\/skaitytaknyga.lt\\\/produktas\\\/gugis-giriu-kaukas-ir-zmoniu-draugas\\\/\"]}]},{\"@type\":\"ImageObject\",\"inLanguage\":\"en-GB\",\"@id\":\"https:\\\/\\\/skaitytaknyga.lt\\\/produktas\\\/gugis-giriu-kaukas-ir-zmoniu-draugas\\\/#primaryimage\",\"url\":\"https:\\\/\\\/skaitytaknyga.lt\\\/wp-content\\\/uploads\\\/2025\\\/08\\\/Gugis-giriu-kaukas-ir-zmoniu-draugas-1.webp\",\"contentUrl\":\"https:\\\/\\\/skaitytaknyga.lt\\\/wp-content\\\/uploads\\\/2025\\\/08\\\/Gugis-giriu-kaukas-ir-zmoniu-draugas-1.webp\",\"width\":713,\"height\":1052,\"caption\":\"Gugis - giri\u0173 kaukas ir \u017emoni\u0173 draugas\"},{\"@type\":\"BreadcrumbList\",\"@id\":\"https:\\\/\\\/skaitytaknyga.lt\\\/produktas\\\/gugis-giriu-kaukas-ir-zmoniu-draugas\\\/#breadcrumb\",\"itemListElement\":[{\"@type\":\"ListItem\",\"position\":1,\"name\":\"Home\",\"item\":\"https:\\\/\\\/skaitytaknyga.lt\\\/\"},{\"@type\":\"ListItem\",\"position\":2,\"name\":\"Parduotuv\u0117\",\"item\":\"https:\\\/\\\/skaitytaknyga.lt\\\/knygu-parduotuve\\\/\"},{\"@type\":\"ListItem\",\"position\":3,\"name\":\"Gugis &#8211; giri\u0173 kaukas ir \u017emoni\u0173 draugas\"}]},{\"@type\":\"WebSite\",\"@id\":\"https:\\\/\\\/skaitytaknyga.lt\\\/#website\",\"url\":\"https:\\\/\\\/skaitytaknyga.lt\\\/\",\"name\":\"skaitytaknyga.lt\",\"description\":\"Skaitytaknyga.lt \u2013 tai ma\u017eas \u0161eimos verslas, kuris prasid\u0117jo nuo meil\u0117s knygoms ir siekio i\u0161gelb\u0117ti knygas nuo likimo prie konteinerio. Kas vienam nereikalingas daiktas \u2013 kitam lobis, o mes esame tarpininkai, kurie padeda abiems tapti laimingesniems ???? \u017dinome kaip nelengva i\u0161gyventi ma\u017eiems verslams, tad nuo \u0161iol, \u010dia rasite ir kit\u0173, ma\u017e\u0173 \u0161eim\u0173 versl\u0173, rank\u0173 darbo, dovan\u0173 sau ir artimiesiems.\",\"publisher\":{\"@id\":\"https:\\\/\\\/skaitytaknyga.lt\\\/#organization\"},\"potentialAction\":[{\"@type\":\"SearchAction\",\"target\":{\"@type\":\"EntryPoint\",\"urlTemplate\":\"https:\\\/\\\/skaitytaknyga.lt\\\/?s={search_term_string}\"},\"query-input\":{\"@type\":\"PropertyValueSpecification\",\"valueRequired\":true,\"valueName\":\"search_term_string\"}}],\"inLanguage\":\"en-GB\"},{\"@type\":\"Organization\",\"@id\":\"https:\\\/\\\/skaitytaknyga.lt\\\/#organization\",\"name\":\"skaitytaknyga.lt\",\"url\":\"https:\\\/\\\/skaitytaknyga.lt\\\/\",\"logo\":{\"@type\":\"ImageObject\",\"inLanguage\":\"en-GB\",\"@id\":\"https:\\\/\\\/skaitytaknyga.lt\\\/#\\\/schema\\\/logo\\\/image\\\/\",\"url\":\"https:\\\/\\\/skaitytaknyga.lt\\\/wp-content\\\/uploads\\\/2024\\\/05\\\/cropped-cropped-cropped-02_00843_jt3bggkj1j3HLc7SyY6rEUpg.jpeg\",\"contentUrl\":\"https:\\\/\\\/skaitytaknyga.lt\\\/wp-content\\\/uploads\\\/2024\\\/05\\\/cropped-cropped-cropped-02_00843_jt3bggkj1j3HLc7SyY6rEUpg.jpeg\",\"width\":1600,\"height\":1600,\"caption\":\"skaitytaknyga.lt\"},\"image\":{\"@id\":\"https:\\\/\\\/skaitytaknyga.lt\\\/#\\\/schema\\\/logo\\\/image\\\/\"},\"sameAs\":[\"https:\\\/\\\/www.facebook.com\\\/skaitytaknyga\\\/\"]}]}<\/script>\n<!-- \/ Yoast SEO plugin. -->","yoast_head_json":{"title":"Gugis - giri\u0173 kaukas ir \u017emoni\u0173 draugas","description":"\u0160i visai \u0161eimai skirta knyga nukelia \u012f vaizduot\u0119 kaitinan\u010dius lietuvi\u0173 kov\u0173 su kry\u017eiuo\u010diais laikus. Nuotykis veja nuotyk\u012f, kai \u012f pagalb\u0105 \u017emon\u0117ms ateina","robots":{"index":"index","follow":"follow","max-snippet":"max-snippet:-1","max-image-preview":"max-image-preview:large","max-video-preview":"max-video-preview:-1"},"canonical":"https:\/\/skaitytaknyga.lt\/en\/produktas\/gugis-giriu-kaukas-ir-zmoniu-draugas\/","og_locale":"en_GB","og_type":"article","og_title":"[:lt]Gugis - giri\u0173 kaukas ir \u017emoni\u0173 draugas[:] - Skaitytaknyga","og_description":"\u0160i visai \u0161eimai skirta knyga nukelia \u012f vaizduot\u0119 kaitinan\u010dius lietuvi\u0173 kov\u0173 su kry\u017eiuo\u010diais laikus. Nuotykis veja nuotyk\u012f, kai \u012f pagalb\u0105 \u017emon\u0117ms ateina","og_url":"https:\/\/skaitytaknyga.lt\/en\/produktas\/gugis-giriu-kaukas-ir-zmoniu-draugas\/","og_site_name":"Skaitytaknyga","article_publisher":"https:\/\/www.facebook.com\/skaitytaknyga\/","article_modified_time":"2025-09-27T15:56:16+00:00","og_image":[{"width":713,"height":1052,"url":"https:\/\/skaitytaknyga.lt\/wp-content\/uploads\/2025\/08\/Gugis-giriu-kaukas-ir-zmoniu-draugas-1.webp","type":"image\/webp"}],"twitter_card":"summary_large_image","twitter_misc":{"Estimated reading time":"1 minute"},"schema":{"@context":"https:\/\/schema.org","@graph":[{"@type":"WebPage","@id":"https:\/\/skaitytaknyga.lt\/produktas\/gugis-giriu-kaukas-ir-zmoniu-draugas\/","url":"https:\/\/skaitytaknyga.lt\/produktas\/gugis-giriu-kaukas-ir-zmoniu-draugas\/","name":"Gugis - giri\u0173 kaukas ir \u017emoni\u0173 draugas","isPartOf":{"@id":"https:\/\/skaitytaknyga.lt\/#website"},"primaryImageOfPage":{"@id":"https:\/\/skaitytaknyga.lt\/produktas\/gugis-giriu-kaukas-ir-zmoniu-draugas\/#primaryimage"},"image":{"@id":"https:\/\/skaitytaknyga.lt\/produktas\/gugis-giriu-kaukas-ir-zmoniu-draugas\/#primaryimage"},"thumbnailUrl":"https:\/\/skaitytaknyga.lt\/wp-content\/uploads\/2025\/08\/Gugis-giriu-kaukas-ir-zmoniu-draugas-1.webp","datePublished":"2025-08-01T07:00:52+00:00","dateModified":"2025-09-27T15:56:16+00:00","description":"\u0160i visai \u0161eimai skirta knyga nukelia \u012f vaizduot\u0119 kaitinan\u010dius lietuvi\u0173 kov\u0173 su kry\u017eiuo\u010diais laikus. Nuotykis veja nuotyk\u012f, kai \u012f pagalb\u0105 \u017emon\u0117ms ateina","breadcrumb":{"@id":"https:\/\/skaitytaknyga.lt\/produktas\/gugis-giriu-kaukas-ir-zmoniu-draugas\/#breadcrumb"},"inLanguage":"en-GB","potentialAction":[{"@type":"ReadAction","target":["https:\/\/skaitytaknyga.lt\/produktas\/gugis-giriu-kaukas-ir-zmoniu-draugas\/"]}]},{"@type":"ImageObject","inLanguage":"en-GB","@id":"https:\/\/skaitytaknyga.lt\/produktas\/gugis-giriu-kaukas-ir-zmoniu-draugas\/#primaryimage","url":"https:\/\/skaitytaknyga.lt\/wp-content\/uploads\/2025\/08\/Gugis-giriu-kaukas-ir-zmoniu-draugas-1.webp","contentUrl":"https:\/\/skaitytaknyga.lt\/wp-content\/uploads\/2025\/08\/Gugis-giriu-kaukas-ir-zmoniu-draugas-1.webp","width":713,"height":1052,"caption":"Gugis - giri\u0173 kaukas ir \u017emoni\u0173 draugas"},{"@type":"BreadcrumbList","@id":"https:\/\/skaitytaknyga.lt\/produktas\/gugis-giriu-kaukas-ir-zmoniu-draugas\/#breadcrumb","itemListElement":[{"@type":"ListItem","position":1,"name":"Home","item":"https:\/\/skaitytaknyga.lt\/"},{"@type":"ListItem","position":2,"name":"Parduotuv\u0117","item":"https:\/\/skaitytaknyga.lt\/knygu-parduotuve\/"},{"@type":"ListItem","position":3,"name":"Gugis &#8211; giri\u0173 kaukas ir \u017emoni\u0173 draugas"}]},{"@type":"WebSite","@id":"https:\/\/skaitytaknyga.lt\/#website","url":"https:\/\/skaitytaknyga.lt\/","name":"skaitytaknyga.lt","description":"Skaitytaknyga.lt \u2013 tai ma\u017eas \u0161eimos verslas, kuris prasid\u0117jo nuo meil\u0117s knygoms ir siekio i\u0161gelb\u0117ti knygas nuo likimo prie konteinerio. Kas vienam nereikalingas daiktas \u2013 kitam lobis, o mes esame tarpininkai, kurie padeda abiems tapti laimingesniems ???? \u017dinome kaip nelengva i\u0161gyventi ma\u017eiems verslams, tad nuo \u0161iol, \u010dia rasite ir kit\u0173, ma\u017e\u0173 \u0161eim\u0173 versl\u0173, rank\u0173 darbo, dovan\u0173 sau ir artimiesiems.","publisher":{"@id":"https:\/\/skaitytaknyga.lt\/#organization"},"potentialAction":[{"@type":"SearchAction","target":{"@type":"EntryPoint","urlTemplate":"https:\/\/skaitytaknyga.lt\/?s={search_term_string}"},"query-input":{"@type":"PropertyValueSpecification","valueRequired":true,"valueName":"search_term_string"}}],"inLanguage":"en-GB"},{"@type":"Organization","@id":"https:\/\/skaitytaknyga.lt\/#organization","name":"skaitytaknyga.lt","url":"https:\/\/skaitytaknyga.lt\/","logo":{"@type":"ImageObject","inLanguage":"en-GB","@id":"https:\/\/skaitytaknyga.lt\/#\/schema\/logo\/image\/","url":"https:\/\/skaitytaknyga.lt\/wp-content\/uploads\/2024\/05\/cropped-cropped-cropped-02_00843_jt3bggkj1j3HLc7SyY6rEUpg.jpeg","contentUrl":"https:\/\/skaitytaknyga.lt\/wp-content\/uploads\/2024\/05\/cropped-cropped-cropped-02_00843_jt3bggkj1j3HLc7SyY6rEUpg.jpeg","width":1600,"height":1600,"caption":"skaitytaknyga.lt"},"image":{"@id":"https:\/\/skaitytaknyga.lt\/#\/schema\/logo\/image\/"},"sameAs":["https:\/\/www.facebook.com\/skaitytaknyga\/"]}]}},"_links":{"self":[{"href":"https:\/\/skaitytaknyga.lt\/en\/wp-json\/wp\/v2\/product\/20099","targetHints":{"allow":["GET"]}}],"collection":[{"href":"https:\/\/skaitytaknyga.lt\/en\/wp-json\/wp\/v2\/product"}],"about":[{"href":"https:\/\/skaitytaknyga.lt\/en\/wp-json\/wp\/v2\/types\/product"}],"replies":[{"embeddable":true,"href":"https:\/\/skaitytaknyga.lt\/en\/wp-json\/wp\/v2\/comments?post=20099"}],"wp:featuredmedia":[{"embeddable":true,"href":"https:\/\/skaitytaknyga.lt\/en\/wp-json\/wp\/v2\/media\/20103"}],"wp:attachment":[{"href":"https:\/\/skaitytaknyga.lt\/en\/wp-json\/wp\/v2\/media?parent=20099"}],"wp:term":[{"taxonomy":"product_brand","embeddable":true,"href":"https:\/\/skaitytaknyga.lt\/en\/wp-json\/wp\/v2\/product_brand?post=20099"},{"taxonomy":"product_cat","embeddable":true,"href":"https:\/\/skaitytaknyga.lt\/en\/wp-json\/wp\/v2\/product_cat?post=20099"},{"taxonomy":"product_tag","embeddable":true,"href":"https:\/\/skaitytaknyga.lt\/en\/wp-json\/wp\/v2\/product_tag?post=20099"}],"curies":[{"name":"wp","href":"https:\/\/api.w.org\/{rel}","templated":true}]}}