{"id":20098,"date":"2025-08-01T10:00:51","date_gmt":"2025-08-01T07:00:51","guid":{"rendered":"https:\/\/skaitytaknyga.lt\/?post_type=product&#038;p=20098"},"modified":"2025-11-20T19:59:41","modified_gmt":"2025-11-20T17:59:41","slug":"lele","status":"publish","type":"product","link":"https:\/\/skaitytaknyga.lt\/en\/produktas\/lele\/","title":{"rendered":"L\u0117l\u0117"},"content":{"rendered":"<p>Vien\u0105 dien\u0105 mano gyvenime atsirado mergait\u0117. Lyg i\u0161 niekur. Bet ne be reikalo, matyt. Dar visai ma\u017eut\u0117. Li\u016bdnok\u0173 aki\u0173, niekaip nei\u0161sirenkanti sau vardo. Tik ilgainiui supratau, kad mes susitikome ne atsitiktinai. Por\u0105 m\u0117nesi\u0173 sekiau jai \u012fkandin. Kad pamaty\u010diau, jog u\u017e kiekvieno kampo vis dar slapstosi stebuklai, ma\u017ei dalykai gali b\u016bti dideli, kaip ir ma\u017ei \u017emon\u0117s i\u0161mintingi, o daiktai kartais gyvesni ir u\u017e gyvuosius. Esu jai d\u0117kinga, kad neveng\u0117 man\u0119s ir sak\u0117 tik ties\u0105.<\/p>\n<p>Mergaitei reik\u0117jo L\u0117l\u0117s, kad jos pasaulis nu\u0161vist\u0173. O man reik\u0117jo mergait\u0117s. Gal ir tau vert\u0117t\u0173 su ja susidraugauti.<\/p>\n<p>Apie autor\u0119<\/p>\n<p>Nomeda Mar\u010d\u0117nait\u0117 \u2013 dailinink\u0117 keramik\u0117, nuo 1990 met\u0173 dalyvauja parodose Lietuvoje ir u\u017esienyje. Televizijos laid\u0173 ved\u0117ja, labdaros projekt\u0173 organizator\u0117. \u201eL\u0117l\u0117\u201c \u2013 pirmoji jos knyga vaikams. Tai istorija apie mergait\u0119, kuri mamai i\u0161vykus dirbti \u012f Airij\u0105 gyvena pas savo mo\u010diut\u0119 kaime. Geriausia jos draug\u0117 \u2013 L\u0117l\u0117. Suradusi ant auk\u0161to porcelianin\u0119 l\u0117l\u0117s galv\u0105, i\u0161 tu\u0161\u010dio drobinio mai\u0161elio padar\u0117 jai k\u016bn\u0105, ir nuo tada juodvi kartu tyrin\u0117ja aplinkin\u012f pasaul\u012f, kartu laukia gr\u012f\u017etan\u010dios mamos. Knyga iliustruota autor\u0117s.<\/p>\n","protected":false},"excerpt":{"rendered":"<p>Vien\u0105 dien\u0105 mano gyvenime atsirado mergait\u0117. Lyg i\u0161 niekur. Bet ne be reikalo, matyt. Dar visai ma\u017eut\u0117. Li\u016bdnok\u0173 aki\u0173, niekaip nei\u0161sirenkanti sau vardo. Tik ilgainiui supratau, kad mes susitikome ne atsitiktinai. Por\u0105 m\u0117nesi\u0173 sekiau jai \u012fkandin. Kad pamaty\u010diau, jog u\u017e kiekvieno kampo vis dar slapstosi stebuklai, ma\u017ei dalykai gali b\u016bti dideli, kaip ir ma\u017ei \u017emon\u0117s i\u0161mintingi, o daiktai kartais gyvesni ir u\u017e gyvuosius. Esu jai d\u0117kinga, kad neveng\u0117 man\u0119s ir sak\u0117 tik ties\u0105. Mergaitei reik\u0117jo L\u0117l\u0117s, kad jos pasaulis nu\u0161vist\u0173. O man reik\u0117jo mergait\u0117s. Gal ir tau vert\u0117t\u0173 su ja susidraugauti. Apie autor\u0119 Nomeda Mar\u010d\u0117nait\u0117 \u2013 dailinink\u0117 keramik\u0117, nuo 1990 met\u0173 dalyvauja parodose Lietuvoje ir u\u017esienyje. Televizijos laid\u0173 ved\u0117ja, labdaros projekt\u0173 organizator\u0117. \u201eL\u0117l\u0117\u201c \u2013 pirmoji jos knyga vaikams. Tai istorija apie mergait\u0119, kuri mamai i\u0161vykus dirbti \u012f Airij\u0105 gyvena pas savo mo\u010diut\u0119 kaime. Geriausia jos draug\u0117 \u2013 L\u0117l\u0117. Suradusi ant auk\u0161to porcelianin\u0119 l\u0117l\u0117s galv\u0105, i\u0161 tu\u0161\u010dio drobinio mai\u0161elio padar\u0117 jai k\u016bn\u0105, ir nuo tada juodvi kartu tyrin\u0117ja aplinkin\u012f pasaul\u012f, kartu laukia gr\u012f\u017etan\u010dios mamos. Knyga iliustruota autor\u0117s.<\/p>\n","protected":false},"featured_media":20102,"comment_status":"open","ping_status":"closed","template":"","meta":{"_acf_changed":false,"site-sidebar-layout":"default","site-content-layout":"","ast-site-content-layout":"default","site-content-style":"default","site-sidebar-style":"default","ast-global-header-display":"","ast-banner-title-visibility":"","ast-main-header-display":"","ast-hfb-above-header-display":"","ast-hfb-below-header-display":"","ast-hfb-mobile-header-display":"","site-post-title":"","ast-breadcrumbs-content":"","ast-featured-img":"","footer-sml-layout":"","ast-disable-related-posts":"","theme-transparent-header-meta":"","adv-header-id-meta":"","stick-header-meta":"","header-above-stick-meta":"","header-main-stick-meta":"","header-below-stick-meta":"","astra-migrate-meta-layouts":"default","ast-page-background-enabled":"default","ast-page-background-meta":{"desktop":{"background-color":"","background-image":"","background-repeat":"repeat","background-position":"center center","background-size":"auto","background-attachment":"scroll","background-type":"","background-media":"","overlay-type":"","overlay-color":"","overlay-opacity":"","overlay-gradient":""},"tablet":{"background-color":"","background-image":"","background-repeat":"repeat","background-position":"center center","background-size":"auto","background-attachment":"scroll","background-type":"","background-media":"","overlay-type":"","overlay-color":"","overlay-opacity":"","overlay-gradient":""},"mobile":{"background-color":"","background-image":"","background-repeat":"repeat","background-position":"center center","background-size":"auto","background-attachment":"scroll","background-type":"","background-media":"","overlay-type":"","overlay-color":"","overlay-opacity":"","overlay-gradient":""}},"ast-content-background-meta":{"desktop":{"background-color":"var(--ast-global-color-4)","background-image":"","background-repeat":"repeat","background-position":"center center","background-size":"auto","background-attachment":"scroll","background-type":"","background-media":"","overlay-type":"","overlay-color":"","overlay-opacity":"","overlay-gradient":""},"tablet":{"background-color":"var(--ast-global-color-4)","background-image":"","background-repeat":"repeat","background-position":"center center","background-size":"auto","background-attachment":"scroll","background-type":"","background-media":"","overlay-type":"","overlay-color":"","overlay-opacity":"","overlay-gradient":""},"mobile":{"background-color":"var(--ast-global-color-4)","background-image":"","background-repeat":"repeat","background-position":"center center","background-size":"auto","background-attachment":"scroll","background-type":"","background-media":"","overlay-type":"","overlay-color":"","overlay-opacity":"","overlay-gradient":""}}},"product_brand":[],"product_cat":[35],"product_tag":[1647,7274,5992,7272,5518,7273,7275,1646,3131],"class_list":{"0":"post-20098","1":"product","2":"type-product","3":"status-publish","4":"has-post-thumbnail","6":"product_cat-vaikams-ir-paaugliams","7":"product_tag-draugyste","8":"product_tag-issiskyrimas","9":"product_tag-kaimas","10":"product_tag-leles","11":"product_tag-mergaite","12":"product_tag-mociute","13":"product_tag-nomeda-marcenaite","14":"product_tag-seima","15":"product_tag-vaikyste","16":"desktop-align-left","17":"tablet-align-left","18":"mobile-align-left","20":"first","21":"outofstock","22":"shipping-taxable","23":"purchasable","24":"product-type-simple"},"acf":[],"yoast_head":"<!-- This site is optimized with the Yoast SEO plugin v27.0 - https:\/\/yoast.com\/product\/yoast-seo-wordpress\/ -->\n<title>L\u0117l\u0117<\/title>\n<meta name=\"description\" content=\"Vien\u0105 dien\u0105 mano gyvenime atsirado mergait\u0117. Lyg i\u0161 niekur. Bet ne be reikalo, matyt. Dar visai ma\u017eut\u0117. Li\u016bdnok\u0173 aki\u0173, niekaip nei\u0161sirenkanti sau vardo.\" \/>\n<meta name=\"robots\" content=\"index, follow, max-snippet:-1, max-image-preview:large, max-video-preview:-1\" \/>\n<link rel=\"canonical\" href=\"https:\/\/skaitytaknyga.lt\/en\/produktas\/lele\/\" \/>\n<meta property=\"og:locale\" content=\"en_GB\" \/>\n<meta property=\"og:locale:alternate\" content=\"lt_LT\" \/>\n<meta property=\"og:type\" content=\"article\" \/>\n<meta property=\"og:title\" content=\"L\u0117l\u0117\" \/>\n<meta property=\"og:description\" content=\"Vien\u0105 dien\u0105 mano gyvenime atsirado mergait\u0117. Lyg i\u0161 niekur. Bet ne be reikalo, matyt. Dar visai ma\u017eut\u0117. Li\u016bdnok\u0173 aki\u0173, niekaip nei\u0161sirenkanti sau vardo.\" \/>\n<meta property=\"og:url\" content=\"https:\/\/skaitytaknyga.lt\/en\/produktas\/lele\/\" \/>\n<meta property=\"og:site_name\" content=\"Skaitytaknyga\" \/>\n<meta property=\"article:publisher\" content=\"https:\/\/www.facebook.com\/skaitytaknyga\/\" \/>\n<meta property=\"article:modified_time\" content=\"2025-11-20T17:59:41+00:00\" \/>\n<meta property=\"og:image\" content=\"https:\/\/skaitytaknyga.lt\/wp-content\/uploads\/2025\/08\/Lele-1.webp\" \/>\n\t<meta property=\"og:image:width\" content=\"631\" \/>\n\t<meta property=\"og:image:height\" content=\"719\" \/>\n\t<meta property=\"og:image:type\" content=\"image\/webp\" \/>\n<meta name=\"twitter:card\" content=\"summary_large_image\" \/>\n<meta name=\"twitter:label1\" content=\"Estimated reading time\" \/>\n\t<meta name=\"twitter:data1\" content=\"1 minute\" \/>\n<script type=\"application\/ld+json\" class=\"yoast-schema-graph\">{\"@context\":\"https:\/\/schema.org\",\"@graph\":[{\"@type\":\"WebPage\",\"@id\":\"https:\/\/skaitytaknyga.lt\/produktas\/lele\/\",\"url\":\"https:\/\/skaitytaknyga.lt\/produktas\/lele\/\",\"name\":\"L\u0117l\u0117\",\"isPartOf\":{\"@id\":\"https:\/\/skaitytaknyga.lt\/#website\"},\"primaryImageOfPage\":{\"@id\":\"https:\/\/skaitytaknyga.lt\/produktas\/lele\/#primaryimage\"},\"image\":{\"@id\":\"https:\/\/skaitytaknyga.lt\/produktas\/lele\/#primaryimage\"},\"thumbnailUrl\":\"https:\/\/skaitytaknyga.lt\/wp-content\/uploads\/2025\/08\/Lele-1.webp\",\"datePublished\":\"2025-08-01T07:00:51+00:00\",\"dateModified\":\"2025-11-20T17:59:41+00:00\",\"description\":\"Vien\u0105 dien\u0105 mano gyvenime atsirado mergait\u0117. Lyg i\u0161 niekur. Bet ne be reikalo, matyt. Dar visai ma\u017eut\u0117. Li\u016bdnok\u0173 aki\u0173, niekaip nei\u0161sirenkanti sau vardo.\",\"breadcrumb\":{\"@id\":\"https:\/\/skaitytaknyga.lt\/produktas\/lele\/#breadcrumb\"},\"inLanguage\":\"en-GB\",\"potentialAction\":[{\"@type\":\"ReadAction\",\"target\":[\"https:\/\/skaitytaknyga.lt\/produktas\/lele\/\"]}]},{\"@type\":\"ImageObject\",\"inLanguage\":\"en-GB\",\"@id\":\"https:\/\/skaitytaknyga.lt\/produktas\/lele\/#primaryimage\",\"url\":\"https:\/\/skaitytaknyga.lt\/wp-content\/uploads\/2025\/08\/Lele-1.webp\",\"contentUrl\":\"https:\/\/skaitytaknyga.lt\/wp-content\/uploads\/2025\/08\/Lele-1.webp\",\"width\":631,\"height\":719,\"caption\":\"L\u0117l\u0117\"},{\"@type\":\"BreadcrumbList\",\"@id\":\"https:\/\/skaitytaknyga.lt\/produktas\/lele\/#breadcrumb\",\"itemListElement\":[{\"@type\":\"ListItem\",\"position\":1,\"name\":\"Home\",\"item\":\"https:\/\/skaitytaknyga.lt\/\"},{\"@type\":\"ListItem\",\"position\":2,\"name\":\"Parduotuv\u0117\",\"item\":\"https:\/\/skaitytaknyga.lt\/knygu-parduotuve\/\"},{\"@type\":\"ListItem\",\"position\":3,\"name\":\"L\u0117l\u0117\"}]},{\"@type\":\"WebSite\",\"@id\":\"https:\/\/skaitytaknyga.lt\/#website\",\"url\":\"https:\/\/skaitytaknyga.lt\/\",\"name\":\"skaitytaknyga.lt\",\"description\":\"Skaitytaknyga.lt \u2013 tai ma\u017eas \u0161eimos verslas, kuris prasid\u0117jo nuo meil\u0117s knygoms ir siekio i\u0161gelb\u0117ti knygas nuo likimo prie konteinerio. Kas vienam nereikalingas daiktas \u2013 kitam lobis, o mes esame tarpininkai, kurie padeda abiems tapti laimingesniems ???? \u017dinome kaip nelengva i\u0161gyventi ma\u017eiems verslams, tad nuo \u0161iol, \u010dia rasite ir kit\u0173, ma\u017e\u0173 \u0161eim\u0173 versl\u0173, rank\u0173 darbo, dovan\u0173 sau ir artimiesiems.\",\"publisher\":{\"@id\":\"https:\/\/skaitytaknyga.lt\/#organization\"},\"potentialAction\":[{\"@type\":\"SearchAction\",\"target\":{\"@type\":\"EntryPoint\",\"urlTemplate\":\"https:\/\/skaitytaknyga.lt\/?s={search_term_string}\"},\"query-input\":{\"@type\":\"PropertyValueSpecification\",\"valueRequired\":true,\"valueName\":\"search_term_string\"}}],\"inLanguage\":\"en-GB\"},{\"@type\":\"Organization\",\"@id\":\"https:\/\/skaitytaknyga.lt\/#organization\",\"name\":\"skaitytaknyga.lt\",\"url\":\"https:\/\/skaitytaknyga.lt\/\",\"logo\":{\"@type\":\"ImageObject\",\"inLanguage\":\"en-GB\",\"@id\":\"https:\/\/skaitytaknyga.lt\/#\/schema\/logo\/image\/\",\"url\":\"https:\/\/skaitytaknyga.lt\/wp-content\/uploads\/2024\/05\/cropped-cropped-cropped-02_00843_jt3bggkj1j3HLc7SyY6rEUpg.jpeg\",\"contentUrl\":\"https:\/\/skaitytaknyga.lt\/wp-content\/uploads\/2024\/05\/cropped-cropped-cropped-02_00843_jt3bggkj1j3HLc7SyY6rEUpg.jpeg\",\"width\":1600,\"height\":1600,\"caption\":\"skaitytaknyga.lt\"},\"image\":{\"@id\":\"https:\/\/skaitytaknyga.lt\/#\/schema\/logo\/image\/\"},\"sameAs\":[\"https:\/\/www.facebook.com\/skaitytaknyga\/\"]}]}<\/script>\n<!-- \/ Yoast SEO plugin. -->","yoast_head_json":{"title":"L\u0117l\u0117","description":"Vien\u0105 dien\u0105 mano gyvenime atsirado mergait\u0117. Lyg i\u0161 niekur. Bet ne be reikalo, matyt. Dar visai ma\u017eut\u0117. Li\u016bdnok\u0173 aki\u0173, niekaip nei\u0161sirenkanti sau vardo.","robots":{"index":"index","follow":"follow","max-snippet":"max-snippet:-1","max-image-preview":"max-image-preview:large","max-video-preview":"max-video-preview:-1"},"canonical":"https:\/\/skaitytaknyga.lt\/en\/produktas\/lele\/","og_locale":"en_GB","og_type":"article","og_title":"[:lt]L\u0117l\u0117[:] - Skaitytaknyga","og_description":"Vien\u0105 dien\u0105 mano gyvenime atsirado mergait\u0117. Lyg i\u0161 niekur. Bet ne be reikalo, matyt. Dar visai ma\u017eut\u0117. Li\u016bdnok\u0173 aki\u0173, niekaip nei\u0161sirenkanti sau vardo.","og_url":"https:\/\/skaitytaknyga.lt\/en\/produktas\/lele\/","og_site_name":"Skaitytaknyga","article_publisher":"https:\/\/www.facebook.com\/skaitytaknyga\/","article_modified_time":"2025-11-20T17:59:41+00:00","og_image":[{"width":631,"height":719,"url":"https:\/\/skaitytaknyga.lt\/wp-content\/uploads\/2025\/08\/Lele-1.webp","type":"image\/webp"}],"twitter_card":"summary_large_image","twitter_misc":{"Estimated reading time":"1 minute"},"schema":{"@context":"https:\/\/schema.org","@graph":[{"@type":"WebPage","@id":"https:\/\/skaitytaknyga.lt\/produktas\/lele\/","url":"https:\/\/skaitytaknyga.lt\/produktas\/lele\/","name":"L\u0117l\u0117","isPartOf":{"@id":"https:\/\/skaitytaknyga.lt\/#website"},"primaryImageOfPage":{"@id":"https:\/\/skaitytaknyga.lt\/produktas\/lele\/#primaryimage"},"image":{"@id":"https:\/\/skaitytaknyga.lt\/produktas\/lele\/#primaryimage"},"thumbnailUrl":"https:\/\/skaitytaknyga.lt\/wp-content\/uploads\/2025\/08\/Lele-1.webp","datePublished":"2025-08-01T07:00:51+00:00","dateModified":"2025-11-20T17:59:41+00:00","description":"Vien\u0105 dien\u0105 mano gyvenime atsirado mergait\u0117. Lyg i\u0161 niekur. Bet ne be reikalo, matyt. Dar visai ma\u017eut\u0117. Li\u016bdnok\u0173 aki\u0173, niekaip nei\u0161sirenkanti sau vardo.","breadcrumb":{"@id":"https:\/\/skaitytaknyga.lt\/produktas\/lele\/#breadcrumb"},"inLanguage":"en-GB","potentialAction":[{"@type":"ReadAction","target":["https:\/\/skaitytaknyga.lt\/produktas\/lele\/"]}]},{"@type":"ImageObject","inLanguage":"en-GB","@id":"https:\/\/skaitytaknyga.lt\/produktas\/lele\/#primaryimage","url":"https:\/\/skaitytaknyga.lt\/wp-content\/uploads\/2025\/08\/Lele-1.webp","contentUrl":"https:\/\/skaitytaknyga.lt\/wp-content\/uploads\/2025\/08\/Lele-1.webp","width":631,"height":719,"caption":"L\u0117l\u0117"},{"@type":"BreadcrumbList","@id":"https:\/\/skaitytaknyga.lt\/produktas\/lele\/#breadcrumb","itemListElement":[{"@type":"ListItem","position":1,"name":"Home","item":"https:\/\/skaitytaknyga.lt\/"},{"@type":"ListItem","position":2,"name":"Parduotuv\u0117","item":"https:\/\/skaitytaknyga.lt\/knygu-parduotuve\/"},{"@type":"ListItem","position":3,"name":"L\u0117l\u0117"}]},{"@type":"WebSite","@id":"https:\/\/skaitytaknyga.lt\/#website","url":"https:\/\/skaitytaknyga.lt\/","name":"skaitytaknyga.lt","description":"Skaitytaknyga.lt \u2013 tai ma\u017eas \u0161eimos verslas, kuris prasid\u0117jo nuo meil\u0117s knygoms ir siekio i\u0161gelb\u0117ti knygas nuo likimo prie konteinerio. Kas vienam nereikalingas daiktas \u2013 kitam lobis, o mes esame tarpininkai, kurie padeda abiems tapti laimingesniems ???? \u017dinome kaip nelengva i\u0161gyventi ma\u017eiems verslams, tad nuo \u0161iol, \u010dia rasite ir kit\u0173, ma\u017e\u0173 \u0161eim\u0173 versl\u0173, rank\u0173 darbo, dovan\u0173 sau ir artimiesiems.","publisher":{"@id":"https:\/\/skaitytaknyga.lt\/#organization"},"potentialAction":[{"@type":"SearchAction","target":{"@type":"EntryPoint","urlTemplate":"https:\/\/skaitytaknyga.lt\/?s={search_term_string}"},"query-input":{"@type":"PropertyValueSpecification","valueRequired":true,"valueName":"search_term_string"}}],"inLanguage":"en-GB"},{"@type":"Organization","@id":"https:\/\/skaitytaknyga.lt\/#organization","name":"skaitytaknyga.lt","url":"https:\/\/skaitytaknyga.lt\/","logo":{"@type":"ImageObject","inLanguage":"en-GB","@id":"https:\/\/skaitytaknyga.lt\/#\/schema\/logo\/image\/","url":"https:\/\/skaitytaknyga.lt\/wp-content\/uploads\/2024\/05\/cropped-cropped-cropped-02_00843_jt3bggkj1j3HLc7SyY6rEUpg.jpeg","contentUrl":"https:\/\/skaitytaknyga.lt\/wp-content\/uploads\/2024\/05\/cropped-cropped-cropped-02_00843_jt3bggkj1j3HLc7SyY6rEUpg.jpeg","width":1600,"height":1600,"caption":"skaitytaknyga.lt"},"image":{"@id":"https:\/\/skaitytaknyga.lt\/#\/schema\/logo\/image\/"},"sameAs":["https:\/\/www.facebook.com\/skaitytaknyga\/"]}]}},"_links":{"self":[{"href":"https:\/\/skaitytaknyga.lt\/en\/wp-json\/wp\/v2\/product\/20098","targetHints":{"allow":["GET"]}}],"collection":[{"href":"https:\/\/skaitytaknyga.lt\/en\/wp-json\/wp\/v2\/product"}],"about":[{"href":"https:\/\/skaitytaknyga.lt\/en\/wp-json\/wp\/v2\/types\/product"}],"replies":[{"embeddable":true,"href":"https:\/\/skaitytaknyga.lt\/en\/wp-json\/wp\/v2\/comments?post=20098"}],"wp:featuredmedia":[{"embeddable":true,"href":"https:\/\/skaitytaknyga.lt\/en\/wp-json\/wp\/v2\/media\/20102"}],"wp:attachment":[{"href":"https:\/\/skaitytaknyga.lt\/en\/wp-json\/wp\/v2\/media?parent=20098"}],"wp:term":[{"taxonomy":"product_brand","embeddable":true,"href":"https:\/\/skaitytaknyga.lt\/en\/wp-json\/wp\/v2\/product_brand?post=20098"},{"taxonomy":"product_cat","embeddable":true,"href":"https:\/\/skaitytaknyga.lt\/en\/wp-json\/wp\/v2\/product_cat?post=20098"},{"taxonomy":"product_tag","embeddable":true,"href":"https:\/\/skaitytaknyga.lt\/en\/wp-json\/wp\/v2\/product_tag?post=20098"}],"curies":[{"name":"wp","href":"https:\/\/api.w.org\/{rel}","templated":true}]}}